{"id":24184,"date":"2022-02-16T10:58:03","date_gmt":"2022-02-16T10:58:03","guid":{"rendered":"https:\/\/zamphelmets.co\/product\/zamp-ohrmuschel-mit-lautsprechern\/"},"modified":"2026-02-16T15:59:30","modified_gmt":"2026-02-16T15:59:30","slug":"zamp-ohrmuschel-mit-lautsprechern","status":"publish","type":"product","link":"https:\/\/zamphelmets.co\/de\/produkt\/zamp-ohrmuschel-mit-lautsprechern\/","title":{"rendered":"Zamp Ohrmuschel mit Lautsprechern"},"content":{"rendered":"<p><small>Mit den Ear Cups mit Lautsprechern von Zamp k\u00f6nnen Sie in Ihrem Lieblingshelm eine Einweg- oder Zweiwegkommunikation betreiben. Diese Ohrmuscheln mit Lautsprechern sind einfach zu installieren und einzurichten. Sie werden im Helm befestigt und sind leicht zu bedienen.<\/small><\/p>\n<ul>\n<li>Hochwertiger Lautsprecher mit 28mm Durchmesser<\/li>\n<li>3.5mm Stereo-Stecker f\u00fcr Einweg-Empf\u00e4nger oder Zweiweg-Kommunikationssysteme<\/li>\n<li>Klettverschluss-Taschen in den Ohrmuscheln f\u00fcr eine einfache Installation im Helm<\/li>\n<li>Geringer Platzbedarf f\u00fcr die Montage in den Ohrmuscheln<\/li>\n<\/ul>\n<p><small>Unsere Lautsprecher sind so konzipiert, dass sie mit einem Minimum an Kabeln auskommen und eine saubere und einfache Installation erm\u00f6glichen. 10 Zoll langes Kabel von Lautsprecher zu Lautsprecher<\/small><\/p>\n<p>Kompatibel mit: <strong>RZ 44CE \/ RZ 70E \/ RL 70E \/ RZ 65D \/ RZ 62<\/strong><\/p>\n<p><iframe title=\"YouTube-Video-Player\" data-src=\"https:\/\/www.youtube.com\/embed\/cknXzIY0meI\" width=\"560\" height=\"315\" frameborder=\"0\" allowfullscreen=\"allowfullscreen\" src=\"data:image\/svg+xml;base64,PHN2ZyB3aWR0aD0iMSIgaGVpZ2h0PSIxIiB4bWxucz0iaHR0cDovL3d3dy53My5vcmcvMjAwMC9zdmciPjwvc3ZnPg==\" class=\"lazyload\" data-load-mode=\"1\"><\/iframe><\/p>\n","protected":false},"excerpt":{"rendered":"<p>Mit den Ear Cups mit Lautsprechern von Zamp k\u00f6nnen Sie in Ihrem Lieblingshelm eine Einweg- oder Zweiwegkommunikation betreiben. Diese Ohrmuscheln mit Lautsprechern sind einfach zu installieren und einzurichten. Sie werden im Helm befestigt und sind leicht zu bedienen. Hochwertiger Lautsprecher mit 28mm Durchmesser 3.5mm Stereo-Stecker f\u00fcr Einweg-Empf\u00e4nger oder Zweiweg-Kommunikationssysteme Klettverschluss-Taschen in den Ohrmuscheln f\u00fcr eine [&hellip;]<\/p>\n","protected":false},"featured_media":13816,"comment_status":"open","ping_status":"closed","template":"","meta":{"_acf_changed":false,"_iconic_wsb_product_page_order_bump_ids":[],"_sku":["KITEAR003COM"],"_iconic_wsb_product_page_bump_modal_ids":[]},"product_brand":[],"product_cat":[219,124,125,126],"product_tag":[],"class_list":{"0":"post-24184","1":"product","2":"type-product","3":"status-publish","4":"has-post-thumbnail","6":"product_cat-andere-de","7":"product_cat-zamp-de","8":"product_cat-zubehor","9":"product_cat-zubehor-fur-helme","11":"first","12":"instock","13":"taxable","14":"shipping-taxable","15":"purchasable","16":"product-type-simple"},"acf":[],"yoast_head":"<!-- This site is optimized with the Yoast SEO plugin v27.0 - https:\/\/yoast.com\/product\/yoast-seo-wordpress\/ -->\n<title>Zamp Ohrmuschel mit Lautsprechern Einfache - Zamp Helmets | Helmet 28 EU<\/title>\n<meta name=\"description\" content=\"Die Zamp Ohrmuscheln mit Lautsprechern machen die Installation von 1-Wege- oder 2-Wege-Kommunikation in Ihrem bevorzugten Zamp-Helm einfach und leicht.\" \/>\n<meta name=\"robots\" content=\"index, follow, max-snippet:-1, max-image-preview:large, max-video-preview:-1\" \/>\n<link rel=\"canonical\" href=\"https:\/\/zamphelmets.co\/de\/produkt\/zamp-ohrmuschel-mit-lautsprechern\/\" \/>\n<meta property=\"og:locale\" content=\"de_DE\" \/>\n<meta property=\"og:type\" content=\"article\" \/>\n<meta property=\"og:title\" content=\"Zamp Ohrmuschel mit Lautsprechern Einfache - Zamp Helmets | Helmet 28 EU\" \/>\n<meta property=\"og:description\" content=\"Die Zamp Ohrmuscheln mit Lautsprechern machen die Installation von 1-Wege- oder 2-Wege-Kommunikation in Ihrem bevorzugten Zamp-Helm einfach und leicht.\" \/>\n<meta property=\"og:url\" content=\"https:\/\/zamphelmets.co\/de\/produkt\/zamp-ohrmuschel-mit-lautsprechern\/\" \/>\n<meta property=\"og:site_name\" content=\"Zamp Helmets | Helmet 28 EU\" \/>\n<meta property=\"article:modified_time\" content=\"2026-02-16T15:59:30+00:00\" \/>\n<meta property=\"og:image\" content=\"https:\/\/zamphelmets.co\/wp-content\/uploads\/2021\/02\/KITEAR003COM.jpg\" \/>\n\t<meta property=\"og:image:width\" content=\"1000\" \/>\n\t<meta property=\"og:image:height\" content=\"1000\" \/>\n\t<meta property=\"og:image:type\" content=\"image\/jpeg\" \/>\n<meta name=\"twitter:card\" content=\"summary_large_image\" \/>\n<meta name=\"twitter:label1\" content=\"Est. reading time\" \/>\n\t<meta name=\"twitter:data1\" content=\"1 Minute\" \/>\n<script type=\"application\/ld+json\" class=\"yoast-schema-graph\">{\"@context\":\"https:\/\/schema.org\",\"@graph\":[{\"@type\":\"WebPage\",\"@id\":\"https:\/\/zamphelmets.co\/de\/produkt\/zamp-ohrmuschel-mit-lautsprechern\/\",\"url\":\"https:\/\/zamphelmets.co\/de\/produkt\/zamp-ohrmuschel-mit-lautsprechern\/\",\"name\":\"Zamp Ohrmuschel mit Lautsprechern Einfache - Zamp Helmets | Helmet 28 EU\",\"isPartOf\":{\"@id\":\"https:\/\/zamphelmets.co\/de\/#website\"},\"primaryImageOfPage\":{\"@id\":\"https:\/\/zamphelmets.co\/de\/produkt\/zamp-ohrmuschel-mit-lautsprechern\/#primaryimage\"},\"image\":{\"@id\":\"https:\/\/zamphelmets.co\/de\/produkt\/zamp-ohrmuschel-mit-lautsprechern\/#primaryimage\"},\"thumbnailUrl\":\"https:\/\/zamphelmets.co\/wp-content\/uploads\/2021\/02\/KITEAR003COM.jpg\",\"datePublished\":\"2022-02-16T10:58:03+00:00\",\"dateModified\":\"2026-02-16T15:59:30+00:00\",\"description\":\"Die Zamp Ohrmuscheln mit Lautsprechern machen die Installation von 1-Wege- oder 2-Wege-Kommunikation in Ihrem bevorzugten Zamp-Helm einfach und leicht.\",\"breadcrumb\":{\"@id\":\"https:\/\/zamphelmets.co\/de\/produkt\/zamp-ohrmuschel-mit-lautsprechern\/#breadcrumb\"},\"inLanguage\":\"de-DE\",\"potentialAction\":[{\"@type\":\"ReadAction\",\"target\":[\"https:\/\/zamphelmets.co\/de\/produkt\/zamp-ohrmuschel-mit-lautsprechern\/\"]}]},{\"@type\":\"ImageObject\",\"inLanguage\":\"de-DE\",\"@id\":\"https:\/\/zamphelmets.co\/de\/produkt\/zamp-ohrmuschel-mit-lautsprechern\/#primaryimage\",\"url\":\"https:\/\/zamphelmets.co\/wp-content\/uploads\/2021\/02\/KITEAR003COM.jpg\",\"contentUrl\":\"https:\/\/zamphelmets.co\/wp-content\/uploads\/2021\/02\/KITEAR003COM.jpg\",\"width\":1000,\"height\":1000,\"caption\":\"Zamp Helme Ohrmuscheln mit Lautsprechern\"},{\"@type\":\"BreadcrumbList\",\"@id\":\"https:\/\/zamphelmets.co\/de\/produkt\/zamp-ohrmuschel-mit-lautsprechern\/#breadcrumb\",\"itemListElement\":[{\"@type\":\"ListItem\",\"position\":1,\"name\":\"Shop\",\"item\":\"https:\/\/zamphelmets.co\/de\/shop\/\"},{\"@type\":\"ListItem\",\"position\":2,\"name\":\"Zamp Ohrmuschel mit Lautsprechern\"}]},{\"@type\":\"WebSite\",\"@id\":\"https:\/\/zamphelmets.co\/de\/#website\",\"url\":\"https:\/\/zamphelmets.co\/de\/\",\"name\":\"Zamp Helmets | Helmet 28 EU\",\"description\":\"High Quality Motorsport Helmets\",\"potentialAction\":[{\"@type\":\"SearchAction\",\"target\":{\"@type\":\"EntryPoint\",\"urlTemplate\":\"https:\/\/zamphelmets.co\/de\/?s={search_term_string}\"},\"query-input\":{\"@type\":\"PropertyValueSpecification\",\"valueRequired\":true,\"valueName\":\"search_term_string\"}}],\"inLanguage\":\"de-DE\"}]}<\/script>\n<!-- \/ Yoast SEO plugin. -->","yoast_head_json":{"title":"Zamp Ohrmuschel mit Lautsprechern Einfache - Zamp Helmets | Helmet 28 EU","description":"Die Zamp Ohrmuscheln mit Lautsprechern machen die Installation von 1-Wege- oder 2-Wege-Kommunikation in Ihrem bevorzugten Zamp-Helm einfach und leicht.","robots":{"index":"index","follow":"follow","max-snippet":"max-snippet:-1","max-image-preview":"max-image-preview:large","max-video-preview":"max-video-preview:-1"},"canonical":"https:\/\/zamphelmets.co\/de\/produkt\/zamp-ohrmuschel-mit-lautsprechern\/","og_locale":"de_DE","og_type":"article","og_title":"Zamp Ohrmuschel mit Lautsprechern Einfache - Zamp Helmets | Helmet 28 EU","og_description":"Die Zamp Ohrmuscheln mit Lautsprechern machen die Installation von 1-Wege- oder 2-Wege-Kommunikation in Ihrem bevorzugten Zamp-Helm einfach und leicht.","og_url":"https:\/\/zamphelmets.co\/de\/produkt\/zamp-ohrmuschel-mit-lautsprechern\/","og_site_name":"Zamp Helmets | Helmet 28 EU","article_modified_time":"2026-02-16T15:59:30+00:00","og_image":[{"width":1000,"height":1000,"url":"https:\/\/zamphelmets.co\/wp-content\/uploads\/2021\/02\/KITEAR003COM.jpg","type":"image\/jpeg"}],"twitter_card":"summary_large_image","twitter_misc":{"Est. reading time":"1 Minute"},"schema":{"@context":"https:\/\/schema.org","@graph":[{"@type":"WebPage","@id":"https:\/\/zamphelmets.co\/de\/produkt\/zamp-ohrmuschel-mit-lautsprechern\/","url":"https:\/\/zamphelmets.co\/de\/produkt\/zamp-ohrmuschel-mit-lautsprechern\/","name":"Zamp Ohrmuschel mit Lautsprechern Einfache - Zamp Helmets | Helmet 28 EU","isPartOf":{"@id":"https:\/\/zamphelmets.co\/de\/#website"},"primaryImageOfPage":{"@id":"https:\/\/zamphelmets.co\/de\/produkt\/zamp-ohrmuschel-mit-lautsprechern\/#primaryimage"},"image":{"@id":"https:\/\/zamphelmets.co\/de\/produkt\/zamp-ohrmuschel-mit-lautsprechern\/#primaryimage"},"thumbnailUrl":"https:\/\/zamphelmets.co\/wp-content\/uploads\/2021\/02\/KITEAR003COM.jpg","datePublished":"2022-02-16T10:58:03+00:00","dateModified":"2026-02-16T15:59:30+00:00","description":"Die Zamp Ohrmuscheln mit Lautsprechern machen die Installation von 1-Wege- oder 2-Wege-Kommunikation in Ihrem bevorzugten Zamp-Helm einfach und leicht.","breadcrumb":{"@id":"https:\/\/zamphelmets.co\/de\/produkt\/zamp-ohrmuschel-mit-lautsprechern\/#breadcrumb"},"inLanguage":"de-DE","potentialAction":[{"@type":"ReadAction","target":["https:\/\/zamphelmets.co\/de\/produkt\/zamp-ohrmuschel-mit-lautsprechern\/"]}]},{"@type":"ImageObject","inLanguage":"de-DE","@id":"https:\/\/zamphelmets.co\/de\/produkt\/zamp-ohrmuschel-mit-lautsprechern\/#primaryimage","url":"https:\/\/zamphelmets.co\/wp-content\/uploads\/2021\/02\/KITEAR003COM.jpg","contentUrl":"https:\/\/zamphelmets.co\/wp-content\/uploads\/2021\/02\/KITEAR003COM.jpg","width":1000,"height":1000,"caption":"Zamp Helme Ohrmuscheln mit Lautsprechern"},{"@type":"BreadcrumbList","@id":"https:\/\/zamphelmets.co\/de\/produkt\/zamp-ohrmuschel-mit-lautsprechern\/#breadcrumb","itemListElement":[{"@type":"ListItem","position":1,"name":"Shop","item":"https:\/\/zamphelmets.co\/de\/shop\/"},{"@type":"ListItem","position":2,"name":"Zamp Ohrmuschel mit Lautsprechern"}]},{"@type":"WebSite","@id":"https:\/\/zamphelmets.co\/de\/#website","url":"https:\/\/zamphelmets.co\/de\/","name":"Zamp Helmets | Helmet 28 EU","description":"High Quality Motorsport Helmets","potentialAction":[{"@type":"SearchAction","target":{"@type":"EntryPoint","urlTemplate":"https:\/\/zamphelmets.co\/de\/?s={search_term_string}"},"query-input":{"@type":"PropertyValueSpecification","valueRequired":true,"valueName":"search_term_string"}}],"inLanguage":"de-DE"}]}},"_links":{"self":[{"href":"https:\/\/zamphelmets.co\/de\/wp-json\/wp\/v2\/product\/24184","targetHints":{"allow":["GET"]}}],"collection":[{"href":"https:\/\/zamphelmets.co\/de\/wp-json\/wp\/v2\/product"}],"about":[{"href":"https:\/\/zamphelmets.co\/de\/wp-json\/wp\/v2\/types\/product"}],"replies":[{"embeddable":true,"href":"https:\/\/zamphelmets.co\/de\/wp-json\/wp\/v2\/comments?post=24184"}],"wp:featuredmedia":[{"embeddable":true,"href":"https:\/\/zamphelmets.co\/de\/wp-json\/wp\/v2\/media\/13816"}],"wp:attachment":[{"href":"https:\/\/zamphelmets.co\/de\/wp-json\/wp\/v2\/media?parent=24184"}],"wp:term":[{"taxonomy":"product_brand","embeddable":true,"href":"https:\/\/zamphelmets.co\/de\/wp-json\/wp\/v2\/product_brand?post=24184"},{"taxonomy":"product_cat","embeddable":true,"href":"https:\/\/zamphelmets.co\/de\/wp-json\/wp\/v2\/product_cat?post=24184"},{"taxonomy":"product_tag","embeddable":true,"href":"https:\/\/zamphelmets.co\/de\/wp-json\/wp\/v2\/product_tag?post=24184"}],"curies":[{"name":"wp","href":"https:\/\/api.w.org\/{rel}","templated":true}]}}