{"id":24170,"date":"2020-08-07T12:00:41","date_gmt":"2020-08-07T12:00:41","guid":{"rendered":"https:\/\/zamphelmets.co\/product\/rz-65d\/"},"modified":"2026-02-16T15:09:47","modified_gmt":"2026-02-16T15:09:47","slug":"rz-65d","status":"publish","type":"product","link":"https:\/\/zamphelmets.co\/de\/produkt\/rz-65d\/","title":{"rendered":"RZ 65D"},"content":{"rendered":"<p><strong>Der RZ-65D ist ein Premium-Carbonhelm, der sich f\u00fcr eine Vielzahl von verschiedenen Renn-Setups eignet. Mit seinem attraktiven, dicken Karbongeflecht wird er auf jeder Rennstrecke der Welt auffallen. Ausgestattet mit der neuen Snell SA2020-Einstufung auf einem ultraleichten Large Carbon Fibre-Gewebe bietet der RZ 65D ultimativen Komfort und Sicherheit f\u00fcr Fahrer bei hei\u00dfem Wetter oder bei langen Eins\u00e4tzen.<\/strong><\/p>\n<p><strong>Ausstattung: Inklusive:  <\/strong><\/p>\n<ul>\n<li><strong>Gro\u00df gewebte Carbon-Mix-Schale<\/strong> f\u00fcr superleichte Schale<\/li>\n<li><strong>DUAL Kinnvorh\u00e4nge<\/strong>, die sowohl oben als auch unten am Kinnb\u00fcgel angebracht sind. <strong>Beide Vorh\u00e4nge k\u00f6nnen entfernt werden (siehe Video unten)<\/strong><\/li>\n<li><strong>Aerodynamik <\/strong>Optimiert f\u00fcr verbesserte Stabilit\u00e4t. Inklusive Heckspoiler<\/li>\n<li><strong>Top Air System <\/strong>Erm\u00f6glicht den Betrieb mit nat\u00fcrlicher Luft, forcierter Luft oder Luftsteckern<\/li>\n<li><strong>Pl\u00fcschiger feuerhemmender Performance Fit <\/strong>, herausnehmbar\/waschbar, ultraweiches Innenleben mit EPS-Kinnb\u00fcgelschaum<\/li>\n<li><strong>Z-20 Serie 3mm Clear Shield <\/strong>mit spannenden Tear Offs Pfosten bei 12,25 Mittelpfosten mit Banana Style Tear Offs<\/li>\n<li><strong>Tr\u00e4nkeloch\/\u00d6ffnung<\/strong> vorne und in der Mitte des Kinnb\u00fcgels mit einfacher Einrichtung. Entfernen Sie den Stecker, um das Hydration Kit zu installieren.<\/li>\n<li><strong>Ohrmuscheln und Ohrpolster<\/strong> f\u00fcr eine leisere Umgebung, damit Sie h\u00f6ren k\u00f6nnen, was Sie h\u00f6ren m\u00fcssen. Einfache Integration von Kommunikationsger\u00e4ten mit Wangen-EPS und Comfort Liner.<\/li>\n<li><strong>M6 Eins\u00e4tze<\/strong> f\u00fcr Kopf- und Nackenst\u00fctzen<\/li>\n<li><strong>Snell SA2020 Zugelassen<\/strong><\/li>\n<li><strong>Gewicht: ca. 1360 g +\/-20 g in Gr\u00f6\u00dfe M<\/strong><\/li>\n<\/ul>\n<p>Wie im Motorsport \u00fcblich, variieren unsere Gr\u00f6\u00dfen je nach Helmmodell. Wie Sie die Gr\u00f6\u00dfe Ihres Helms bestimmen, erfahren Sie <a href=\"https:\/\/zamphelmets.co\/de\/wie-sie-die-richtige-helmgroesse-auswaehlen\/\">hier<\/a>.<\/p>\n<p>Kinnschutz und Atemabweiser k\u00f6nnen leicht entfernt werden. Sehen Sie sich hier das Video zur Installation an, das auch eine Anleitung zum Entfernen enth\u00e4lt:<\/p>\n<p><iframe title=\"How to Install the Fabric Breath Deflector\/Chin Curtain on your Zamp Helmet\" width=\"500\" height=\"281\" data-src=\"https:\/\/www.youtube.com\/embed\/aKc17YTgtSA?start=32&#038;feature=oembed\" frameborder=\"0\" allow=\"accelerometer; autoplay; clipboard-write; encrypted-media; gyroscope; picture-in-picture; web-share\" referrerpolicy=\"strict-origin-when-cross-origin\" allowfullscreen src=\"data:image\/svg+xml;base64,PHN2ZyB3aWR0aD0iMSIgaGVpZ2h0PSIxIiB4bWxucz0iaHR0cDovL3d3dy53My5vcmcvMjAwMC9zdmciPjwvc3ZnPg==\" class=\"lazyload\" data-load-mode=\"1\"><\/iframe><\/p>\n<p><a href=\"https:\/\/zamphelmets.co\/de\/homologation-erklaert\/\"><strong>Homologation Explained<\/strong> &#8211; finden Sie heraus, welche Homologation Sie ben\u00f6tigen<\/a><\/p>\n<p><a href=\"https:\/\/zamphelmets.co\/de\/hans-posten-hans-und-fhr-geraete\/\"><strong>FHR \/ HANS-Ger\u00e4t<\/strong> &#8211; wann ist es erforderlich?<\/a><\/p>\n<p>&nbsp;<\/p>\n<p><img decoding=\"async\" class=\"alignnone wp-image-26355 size-full lazyload\" data-src=\"https:\/\/zamphelmets.co\/wp-content\/uploads\/2024\/03\/Zamp-Helmets-sizing-guide-4166-x-4166-px-1.png\" alt=\"\" width=\"500\" height=\"500\" data-srcset=\"https:\/\/zamphelmets.co\/wp-content\/uploads\/2024\/03\/Zamp-Helmets-sizing-guide-4166-x-4166-px-1.png 500w, https:\/\/zamphelmets.co\/wp-content\/uploads\/2024\/03\/Zamp-Helmets-sizing-guide-4166-x-4166-px-1-300x300.png 300w, https:\/\/zamphelmets.co\/wp-content\/uploads\/2024\/03\/Zamp-Helmets-sizing-guide-4166-x-4166-px-1-150x150.png 150w, https:\/\/zamphelmets.co\/wp-content\/uploads\/2024\/03\/Zamp-Helmets-sizing-guide-4166-x-4166-px-1-100x100.png 100w\" data-sizes=\"(max-width: 500px) 100vw, 500px\" src=\"data:image\/svg+xml;base64,PHN2ZyB3aWR0aD0iMSIgaGVpZ2h0PSIxIiB4bWxucz0iaHR0cDovL3d3dy53My5vcmcvMjAwMC9zdmciPjwvc3ZnPg==\" style=\"--smush-placeholder-width: 500px; --smush-placeholder-aspect-ratio: 500\/500;\" \/><\/p>\n<div id=\"product-10089\" class=\"product type-product post-10089 status-publish first instock product_cat-fia product_cat-snell-2020-sa2020 product_cat-zamp has-post-thumbnail taxable shipping-taxable purchasable product-type-variable\">\n<div class=\"woocommerce-tabs wc-tabs-wrapper\">\n<div id=\"tab-description\" class=\"woocommerce-Tabs-panel woocommerce-Tabs-panel--description panel entry-content wc-tab\" role=\"tabpanel\" aria-labelledby=\"tab-title-description\">\n<p><strong>Unsicher bei der Gr\u00f6\u00dfenbestimmung? <\/strong><a href=\"https:\/\/form.jotform.com\/251263198513053\">F\u00fcllen Sie unser Gr\u00f6\u00dfenformular aus<\/a> und ein Mitglied unseres Teams wird sich mit unseren Empfehlungen bei Ihnen melden.<\/p>\n<\/div>\n<\/div>\n<\/div>\n","protected":false},"excerpt":{"rendered":"<p><strong>Der RZ-65D von Zamp ist ein Premium-Carbonhelm, der sich f\u00fcr eine Vielzahl von verschiedenen Renn-Setups eignet. Mit seinem attraktiven, dicken Karbongeflecht wird er auf jeder Rennstrecke der Welt auffallen. Ausgestattet mit der neuen Snell SA2020-Einstufung auf einem ultraleichten Large Carbon Fibre-Gewebe bietet der RZ 65D ultimativen Komfort und Sicherheit f\u00fcr Fahrer bei hei\u00dfem Wetter oder bei langen Eins\u00e4tzen.  <\/strong><\/p>\n","protected":false},"featured_media":11968,"comment_status":"open","ping_status":"closed","template":"","meta":{"_acf_changed":false,"_iconic_wsb_product_page_order_bump_ids":[[]],"_sku":[],"_iconic_wsb_product_page_bump_modal_ids":[[]]},"product_brand":[],"product_cat":[199,250,202,200,124],"product_tag":[],"class_list":{"0":"post-24170","1":"product","2":"type-product","3":"status-publish","4":"has-post-thumbnail","6":"product_cat-zamp-helme","7":"product_cat-premium-de","8":"product_cat-snell-de","9":"product_cat-snell-2020-sa2020-de","10":"product_cat-zamp-de","12":"first","13":"outofstock","14":"taxable","15":"shipping-taxable","16":"product-type-variable"},"acf":[],"yoast_head":"<!-- This site is optimized with the Yoast SEO plugin v27.0 - https:\/\/yoast.com\/product\/yoast-seo-wordpress\/ -->\n<title>- Zamp Helmets | Helmet 28 EU - Attraktives dickes Kohlefasergewebe<\/title>\n<meta name=\"description\" content=\"Der RZ-65D ist ein Premium-Carbonhelm mit SA2020-Homologation. Ein unglaublich dickes Carbon-Gewebe, das auf jeder Rennstrecke der Welt auff\u00e4llt.\" \/>\n<meta name=\"robots\" content=\"index, follow, max-snippet:-1, max-image-preview:large, max-video-preview:-1\" \/>\n<link rel=\"canonical\" href=\"https:\/\/zamphelmets.co\/de\/produkt\/rz-65d\/\" \/>\n<meta property=\"og:locale\" content=\"de_DE\" \/>\n<meta property=\"og:type\" content=\"article\" \/>\n<meta property=\"og:title\" content=\"- Zamp Helmets | Helmet 28 EU - Attraktives dickes Kohlefasergewebe\" \/>\n<meta property=\"og:description\" content=\"Der RZ-65D ist ein Premium-Carbonhelm mit SA2020-Homologation. Ein unglaublich dickes Carbon-Gewebe, das auf jeder Rennstrecke der Welt auff\u00e4llt.\" \/>\n<meta property=\"og:url\" content=\"https:\/\/zamphelmets.co\/de\/produkt\/rz-65d\/\" \/>\n<meta property=\"og:site_name\" content=\"Zamp Helmets | Helmet 28 EU\" \/>\n<meta property=\"article:modified_time\" content=\"2026-02-16T15:09:47+00:00\" \/>\n<meta property=\"og:image\" content=\"https:\/\/zamphelmets.co\/wp-content\/uploads\/2020\/08\/PHVNFawhRyihuCOyCPvc_H775CA3.jpg\" \/>\n\t<meta property=\"og:image:width\" content=\"1500\" \/>\n\t<meta property=\"og:image:height\" content=\"1500\" \/>\n\t<meta property=\"og:image:type\" content=\"image\/jpeg\" \/>\n<meta name=\"twitter:card\" content=\"summary_large_image\" \/>\n<meta name=\"twitter:label1\" content=\"Est. reading time\" \/>\n\t<meta name=\"twitter:data1\" content=\"2 Minuten\" \/>\n<script type=\"application\/ld+json\" class=\"yoast-schema-graph\">{\"@context\":\"https:\/\/schema.org\",\"@graph\":[{\"@type\":\"WebPage\",\"@id\":\"https:\/\/zamphelmets.co\/de\/produkt\/rz-65d\/\",\"url\":\"https:\/\/zamphelmets.co\/de\/produkt\/rz-65d\/\",\"name\":\"- Zamp Helmets | Helmet 28 EU - Attraktives dickes Kohlefasergewebe\",\"isPartOf\":{\"@id\":\"https:\/\/zamphelmets.co\/de\/#website\"},\"primaryImageOfPage\":{\"@id\":\"https:\/\/zamphelmets.co\/de\/produkt\/rz-65d\/#primaryimage\"},\"image\":{\"@id\":\"https:\/\/zamphelmets.co\/de\/produkt\/rz-65d\/#primaryimage\"},\"thumbnailUrl\":\"https:\/\/zamphelmets.co\/wp-content\/uploads\/2020\/08\/PHVNFawhRyihuCOyCPvc_H775CA3.jpg\",\"datePublished\":\"2020-08-07T12:00:41+00:00\",\"dateModified\":\"2026-02-16T15:09:47+00:00\",\"description\":\"Der RZ-65D ist ein Premium-Carbonhelm mit SA2020-Homologation. Ein unglaublich dickes Carbon-Gewebe, das auf jeder Rennstrecke der Welt auff\u00e4llt.\",\"breadcrumb\":{\"@id\":\"https:\/\/zamphelmets.co\/de\/produkt\/rz-65d\/#breadcrumb\"},\"inLanguage\":\"de-DE\",\"potentialAction\":[{\"@type\":\"ReadAction\",\"target\":[\"https:\/\/zamphelmets.co\/de\/produkt\/rz-65d\/\"]}]},{\"@type\":\"ImageObject\",\"inLanguage\":\"de-DE\",\"@id\":\"https:\/\/zamphelmets.co\/de\/produkt\/rz-65d\/#primaryimage\",\"url\":\"https:\/\/zamphelmets.co\/wp-content\/uploads\/2020\/08\/PHVNFawhRyihuCOyCPvc_H775CA3.jpg\",\"contentUrl\":\"https:\/\/zamphelmets.co\/wp-content\/uploads\/2020\/08\/PHVNFawhRyihuCOyCPvc_H775CA3.jpg\",\"width\":1500,\"height\":1500,\"caption\":\"RZ 65D Carbon Rennhelm\"},{\"@type\":\"BreadcrumbList\",\"@id\":\"https:\/\/zamphelmets.co\/de\/produkt\/rz-65d\/#breadcrumb\",\"itemListElement\":[{\"@type\":\"ListItem\",\"position\":1,\"name\":\"Shop\",\"item\":\"https:\/\/zamphelmets.co\/de\/shop\/\"},{\"@type\":\"ListItem\",\"position\":2,\"name\":\"RZ 65D\"}]},{\"@type\":\"WebSite\",\"@id\":\"https:\/\/zamphelmets.co\/de\/#website\",\"url\":\"https:\/\/zamphelmets.co\/de\/\",\"name\":\"Zamp Helmets | Helmet 28 EU\",\"description\":\"High Quality Motorsport Helmets\",\"potentialAction\":[{\"@type\":\"SearchAction\",\"target\":{\"@type\":\"EntryPoint\",\"urlTemplate\":\"https:\/\/zamphelmets.co\/de\/?s={search_term_string}\"},\"query-input\":{\"@type\":\"PropertyValueSpecification\",\"valueRequired\":true,\"valueName\":\"search_term_string\"}}],\"inLanguage\":\"de-DE\"}]}<\/script>\n<!-- \/ Yoast SEO plugin. -->","yoast_head_json":{"title":"- Zamp Helmets | Helmet 28 EU - Attraktives dickes Kohlefasergewebe","description":"Der RZ-65D ist ein Premium-Carbonhelm mit SA2020-Homologation. Ein unglaublich dickes Carbon-Gewebe, das auf jeder Rennstrecke der Welt auff\u00e4llt.","robots":{"index":"index","follow":"follow","max-snippet":"max-snippet:-1","max-image-preview":"max-image-preview:large","max-video-preview":"max-video-preview:-1"},"canonical":"https:\/\/zamphelmets.co\/de\/produkt\/rz-65d\/","og_locale":"de_DE","og_type":"article","og_title":"- Zamp Helmets | Helmet 28 EU - Attraktives dickes Kohlefasergewebe","og_description":"Der RZ-65D ist ein Premium-Carbonhelm mit SA2020-Homologation. Ein unglaublich dickes Carbon-Gewebe, das auf jeder Rennstrecke der Welt auff\u00e4llt.","og_url":"https:\/\/zamphelmets.co\/de\/produkt\/rz-65d\/","og_site_name":"Zamp Helmets | Helmet 28 EU","article_modified_time":"2026-02-16T15:09:47+00:00","og_image":[{"width":1500,"height":1500,"url":"https:\/\/zamphelmets.co\/wp-content\/uploads\/2020\/08\/PHVNFawhRyihuCOyCPvc_H775CA3.jpg","type":"image\/jpeg"}],"twitter_card":"summary_large_image","twitter_misc":{"Est. reading time":"2 Minuten"},"schema":{"@context":"https:\/\/schema.org","@graph":[{"@type":"WebPage","@id":"https:\/\/zamphelmets.co\/de\/produkt\/rz-65d\/","url":"https:\/\/zamphelmets.co\/de\/produkt\/rz-65d\/","name":"- Zamp Helmets | Helmet 28 EU - Attraktives dickes Kohlefasergewebe","isPartOf":{"@id":"https:\/\/zamphelmets.co\/de\/#website"},"primaryImageOfPage":{"@id":"https:\/\/zamphelmets.co\/de\/produkt\/rz-65d\/#primaryimage"},"image":{"@id":"https:\/\/zamphelmets.co\/de\/produkt\/rz-65d\/#primaryimage"},"thumbnailUrl":"https:\/\/zamphelmets.co\/wp-content\/uploads\/2020\/08\/PHVNFawhRyihuCOyCPvc_H775CA3.jpg","datePublished":"2020-08-07T12:00:41+00:00","dateModified":"2026-02-16T15:09:47+00:00","description":"Der RZ-65D ist ein Premium-Carbonhelm mit SA2020-Homologation. Ein unglaublich dickes Carbon-Gewebe, das auf jeder Rennstrecke der Welt auff\u00e4llt.","breadcrumb":{"@id":"https:\/\/zamphelmets.co\/de\/produkt\/rz-65d\/#breadcrumb"},"inLanguage":"de-DE","potentialAction":[{"@type":"ReadAction","target":["https:\/\/zamphelmets.co\/de\/produkt\/rz-65d\/"]}]},{"@type":"ImageObject","inLanguage":"de-DE","@id":"https:\/\/zamphelmets.co\/de\/produkt\/rz-65d\/#primaryimage","url":"https:\/\/zamphelmets.co\/wp-content\/uploads\/2020\/08\/PHVNFawhRyihuCOyCPvc_H775CA3.jpg","contentUrl":"https:\/\/zamphelmets.co\/wp-content\/uploads\/2020\/08\/PHVNFawhRyihuCOyCPvc_H775CA3.jpg","width":1500,"height":1500,"caption":"RZ 65D Carbon Rennhelm"},{"@type":"BreadcrumbList","@id":"https:\/\/zamphelmets.co\/de\/produkt\/rz-65d\/#breadcrumb","itemListElement":[{"@type":"ListItem","position":1,"name":"Shop","item":"https:\/\/zamphelmets.co\/de\/shop\/"},{"@type":"ListItem","position":2,"name":"RZ 65D"}]},{"@type":"WebSite","@id":"https:\/\/zamphelmets.co\/de\/#website","url":"https:\/\/zamphelmets.co\/de\/","name":"Zamp Helmets | Helmet 28 EU","description":"High Quality Motorsport Helmets","potentialAction":[{"@type":"SearchAction","target":{"@type":"EntryPoint","urlTemplate":"https:\/\/zamphelmets.co\/de\/?s={search_term_string}"},"query-input":{"@type":"PropertyValueSpecification","valueRequired":true,"valueName":"search_term_string"}}],"inLanguage":"de-DE"}]}},"_links":{"self":[{"href":"https:\/\/zamphelmets.co\/de\/wp-json\/wp\/v2\/product\/24170","targetHints":{"allow":["GET"]}}],"collection":[{"href":"https:\/\/zamphelmets.co\/de\/wp-json\/wp\/v2\/product"}],"about":[{"href":"https:\/\/zamphelmets.co\/de\/wp-json\/wp\/v2\/types\/product"}],"replies":[{"embeddable":true,"href":"https:\/\/zamphelmets.co\/de\/wp-json\/wp\/v2\/comments?post=24170"}],"wp:featuredmedia":[{"embeddable":true,"href":"https:\/\/zamphelmets.co\/de\/wp-json\/wp\/v2\/media\/11968"}],"wp:attachment":[{"href":"https:\/\/zamphelmets.co\/de\/wp-json\/wp\/v2\/media?parent=24170"}],"wp:term":[{"taxonomy":"product_brand","embeddable":true,"href":"https:\/\/zamphelmets.co\/de\/wp-json\/wp\/v2\/product_brand?post=24170"},{"taxonomy":"product_cat","embeddable":true,"href":"https:\/\/zamphelmets.co\/de\/wp-json\/wp\/v2\/product_cat?post=24170"},{"taxonomy":"product_tag","embeddable":true,"href":"https:\/\/zamphelmets.co\/de\/wp-json\/wp\/v2\/product_tag?post=24170"}],"curies":[{"name":"wp","href":"https:\/\/api.w.org\/{rel}","templated":true}]}}