{"id":24124,"date":"2020-08-07T11:58:28","date_gmt":"2020-08-07T11:58:28","guid":{"rendered":"https:\/\/zamphelmets.co\/product\/rz-62-rot-orange\/"},"modified":"2026-02-16T15:13:16","modified_gmt":"2026-02-16T15:13:16","slug":"rz-62-rot-orange","status":"publish","type":"product","link":"https:\/\/zamphelmets.co\/de\/produkt\/rz-62-rot-orange\/","title":{"rendered":"RZ 62 Rot\/Orange"},"content":{"rendered":"<p><strong>Der Zamp RZ-62 Red\/Orange bietet mehr einzigartige Renn-Setups als jeder andere Helm in seiner Preisklasse. Eine leichte Aramid-Mix-Konstruktion gepaart mit einer unglaublichen Luftzirkulation ergibt einen hervorragenden Helm zu diesem Preis. Die Fahrer haben au\u00dferdem die M\u00f6glichkeit, den RZ 62 f\u00fcr eine Vielzahl von Rennkonfigurationen anzupassen, darunter f\u00fcr Open Wheel, Closed Cockpit oder Kart Racing. Dar\u00fcber hinaus ist der RZ 62 mit einigen der atemberaubendsten Grafiken erh\u00e4ltlich, die es im Helmdesign gibt. Diese vorlackierten Helme bieten hochwertige Grafiken, die nach h\u00f6chsten Standards gefertigt werden.<\/strong><\/p>\n<p><strong>Die Ausstattung umfasst:<\/strong><\/p>\n<ul>\n<li><strong>Aramid-Mix-Schale<\/strong> f\u00fcr superleichte Helme<\/li>\n<li><strong>Aerodynamische <\/strong>Schale &amp; Kinnb\u00fcgel, Aero-Lippen in der Schale. Einfache Installation des Zubeh\u00f6rs Aero-Kinnlippe und Aero-Heckspoiler<\/li>\n<li><strong>TRI-Tech Air System <\/strong>&#8211; Erm\u00f6glicht die Verwendung von nat\u00fcrlicher Luft, forcierter Luft und Luftst\u00f6pseln in drei einstellbaren Einl\u00e4ssen oben und an beiden Seiten des Kinnb\u00fcgels f\u00fcr den am besten einstellbaren Luftstrom auf dem Markt<\/li>\n<li><strong>Pl\u00fcschiges<\/strong> <strong>, feuerhemmendes<\/strong>, herausnehmbares\/waschbares, ultraweiches Interieur mit EPS-Kinnb\u00fcgelschaum<\/li>\n<li><strong>Z-20 Serie 3mm Clear Shield<\/strong> mit Abrei\u00dfpfosten an 12,25-Zoll-Mittelpfosten unter Verwendung von Bananenabrei\u00dfpfosten<\/li>\n<li><strong>Tr\u00e4nkeloch\/\u00d6ffnung <\/strong>vorne und mittig im Kinnb\u00fcgel mit einfacher Einrichtung<\/li>\n<li><strong>Optionale Ohrmuschel <\/strong>mit Ohrentasche, in die Sie die Zamp Ohrmuschel einfach einkletten k\u00f6nnen, um dem Fahrer eine leisere Umgebung f\u00fcr die Kommunikation zu bieten<\/li>\n<li><strong>M6 Eins\u00e4tze <\/strong>f\u00fcr Kopf- und Nackenst\u00fctzen<\/li>\n<li>Snell <strong>SA-2020<\/strong><\/li>\n<li><strong>Gewicht: ca. 1420 g in Gr\u00f6\u00dfe M<\/strong><\/li>\n<\/ul>\n<p>Wie im Motorsport \u00fcblich, variieren unsere Gr\u00f6\u00dfen je nach Helmmodell. Wie Sie die Gr\u00f6\u00dfe Ihres Helms bestimmen, erfahren Sie <a href=\"https:\/\/zamphelmets.co\/de\/wie-sie-die-richtige-helmgroesse-auswaehlen\/\">hier<\/a>.<\/p>\n<p><a href=\"https:\/\/zamphelmets.co\/de\/homologation-erklaert\/\"><strong>Homologation Explained<\/strong> &#8211; finden Sie heraus, welche Homologation Sie ben\u00f6tigen<\/a><\/p>\n<p><a href=\"https:\/\/zamphelmets.co\/de\/hans-posten-hans-und-fhr-geraete\/\"><strong>FHR \/ HANS-Ger\u00e4t<\/strong> &#8211; wann ist es erforderlich?<\/a><\/p>\n<p>&nbsp;<\/p>\n<p><img decoding=\"async\" class=\"alignnone wp-image-26355 size-full lazyload\" data-src=\"https:\/\/zamphelmets.co\/wp-content\/uploads\/2024\/03\/Zamp-Helmets-sizing-guide-4166-x-4166-px-1.png\" alt=\"\" width=\"500\" height=\"500\" data-srcset=\"https:\/\/zamphelmets.co\/wp-content\/uploads\/2024\/03\/Zamp-Helmets-sizing-guide-4166-x-4166-px-1.png 500w, https:\/\/zamphelmets.co\/wp-content\/uploads\/2024\/03\/Zamp-Helmets-sizing-guide-4166-x-4166-px-1-300x300.png 300w, https:\/\/zamphelmets.co\/wp-content\/uploads\/2024\/03\/Zamp-Helmets-sizing-guide-4166-x-4166-px-1-150x150.png 150w, https:\/\/zamphelmets.co\/wp-content\/uploads\/2024\/03\/Zamp-Helmets-sizing-guide-4166-x-4166-px-1-100x100.png 100w\" data-sizes=\"(max-width: 500px) 100vw, 500px\" src=\"data:image\/svg+xml;base64,PHN2ZyB3aWR0aD0iMSIgaGVpZ2h0PSIxIiB4bWxucz0iaHR0cDovL3d3dy53My5vcmcvMjAwMC9zdmciPjwvc3ZnPg==\" style=\"--smush-placeholder-width: 500px; --smush-placeholder-aspect-ratio: 500\/500;\" \/><\/p>\n<div id=\"product-10089\" class=\"product type-product post-10089 status-publish first instock product_cat-fia product_cat-snell-2020-sa2020 product_cat-zamp has-post-thumbnail taxable shipping-taxable purchasable product-type-variable\">\n<div class=\"woocommerce-tabs wc-tabs-wrapper\">\n<div id=\"tab-description\" class=\"woocommerce-Tabs-panel woocommerce-Tabs-panel--description panel entry-content wc-tab\" role=\"tabpanel\" aria-labelledby=\"tab-title-description\">\n<p><strong>Unsicher bei der Gr\u00f6\u00dfenbestimmung? <\/strong><a href=\"https:\/\/form.jotform.com\/251263198513053\">F\u00fcllen Sie unser Gr\u00f6\u00dfenformular aus<\/a> und ein Mitglied unseres Teams wird sich mit unseren Empfehlungen bei Ihnen melden.<\/p>\n<\/div>\n<\/div>\n<\/div>\n","protected":false},"excerpt":{"rendered":"<p><strong>Der Zamp RZ-62 bietet mehr einzigartige Renn-Setups als jeder andere Helm in seiner Preisklasse. Eine leichte Aramid-Mix-Konstruktion gepaart mit einer unglaublichen Luftzirkulation ergibt einen hervorragenden Helm zu diesem Preis. Die Fahrer haben au\u00dferdem die M\u00f6glichkeit, den RZ 62 f\u00fcr eine Vielzahl von Rennkonfigurationen anzupassen, darunter f\u00fcr Open Wheel, Closed Cockpit oder Kart Racing. Dar\u00fcber hinaus ist der RZ 62 mit einigen der atemberaubendsten Grafiken erh\u00e4ltlich, die es im Helmdesign gibt. Diese vorlackierten Helme bieten Grafiken auf h\u00f6chstem Niveau, die nach h\u00f6chsten Standards gefertigt wurden.<\/strong><\/p>\n","protected":false},"featured_media":11954,"comment_status":"open","ping_status":"closed","template":"","meta":{"_acf_changed":false,"_iconic_wsb_product_page_order_bump_ids":[[]],"_sku":[],"_iconic_wsb_product_page_bump_modal_ids":[[]]},"product_brand":[],"product_cat":[199,250,202,200,124],"product_tag":[],"class_list":{"0":"post-24124","1":"product","2":"type-product","3":"status-publish","4":"has-post-thumbnail","6":"product_cat-zamp-helme","7":"product_cat-premium-de","8":"product_cat-snell-de","9":"product_cat-snell-2020-sa2020-de","10":"product_cat-zamp-de","12":"first","13":"outofstock","14":"taxable","15":"shipping-taxable","16":"product-type-variable"},"acf":[],"yoast_head":"<!-- This site is optimized with the Yoast SEO plugin v27.0 - https:\/\/yoast.com\/product\/yoast-seo-wordpress\/ -->\n<title>RZ 62 Rot\/Orange \u20ac451.67 - Zamp Helmets | Helmet 28 EU% Grafik SA2020<\/title>\n<meta name=\"description\" content=\"Der RZ 62 Red\/Orange ist der marktf\u00fchrende vorlackierte Helm in der Branche. Komplett mit SA2020 kostet das RZ 62 Rot\/Orange nur 451,67 \u20ac.\" \/>\n<meta name=\"robots\" content=\"index, follow, max-snippet:-1, max-image-preview:large, max-video-preview:-1\" \/>\n<link rel=\"canonical\" href=\"https:\/\/zamphelmets.co\/de\/produkt\/rz-62-rot-orange\/\" \/>\n<meta property=\"og:locale\" content=\"de_DE\" \/>\n<meta property=\"og:type\" content=\"article\" \/>\n<meta property=\"og:title\" content=\"RZ 62 Rot\/Orange \u20ac451.67 - Zamp Helmets | Helmet 28 EU% Grafik SA2020\" \/>\n<meta property=\"og:description\" content=\"Der RZ 62 Red\/Orange ist der marktf\u00fchrende vorlackierte Helm in der Branche. Komplett mit SA2020 kostet das RZ 62 Rot\/Orange nur 451,67 \u20ac.\" \/>\n<meta property=\"og:url\" content=\"https:\/\/zamphelmets.co\/de\/produkt\/rz-62-rot-orange\/\" \/>\n<meta property=\"og:site_name\" content=\"Zamp Helmets | Helmet 28 EU\" \/>\n<meta property=\"article:modified_time\" content=\"2026-02-16T15:13:16+00:00\" \/>\n<meta property=\"og:image\" content=\"https:\/\/zamphelmets.co\/wp-content\/uploads\/2020\/08\/G4bt7eFxT0CPyK9bB9Cl_H764C35.jpg\" \/>\n\t<meta property=\"og:image:width\" content=\"1500\" \/>\n\t<meta property=\"og:image:height\" content=\"1500\" \/>\n\t<meta property=\"og:image:type\" content=\"image\/jpeg\" \/>\n<meta name=\"twitter:card\" content=\"summary_large_image\" \/>\n<meta name=\"twitter:label1\" content=\"Est. reading time\" \/>\n\t<meta name=\"twitter:data1\" content=\"2 Minuten\" \/>\n<script type=\"application\/ld+json\" class=\"yoast-schema-graph\">{\"@context\":\"https:\/\/schema.org\",\"@graph\":[{\"@type\":\"WebPage\",\"@id\":\"https:\/\/zamphelmets.co\/de\/produkt\/rz-62-rot-orange\/\",\"url\":\"https:\/\/zamphelmets.co\/de\/produkt\/rz-62-rot-orange\/\",\"name\":\"RZ 62 Rot\/Orange \u20ac451.67 - Zamp Helmets | Helmet 28 EU% Grafik SA2020\",\"isPartOf\":{\"@id\":\"https:\/\/zamphelmets.co\/de\/#website\"},\"primaryImageOfPage\":{\"@id\":\"https:\/\/zamphelmets.co\/de\/produkt\/rz-62-rot-orange\/#primaryimage\"},\"image\":{\"@id\":\"https:\/\/zamphelmets.co\/de\/produkt\/rz-62-rot-orange\/#primaryimage\"},\"thumbnailUrl\":\"https:\/\/zamphelmets.co\/wp-content\/uploads\/2020\/08\/G4bt7eFxT0CPyK9bB9Cl_H764C35.jpg\",\"datePublished\":\"2020-08-07T11:58:28+00:00\",\"dateModified\":\"2026-02-16T15:13:16+00:00\",\"description\":\"Der RZ 62 Red\/Orange ist der marktf\u00fchrende vorlackierte Helm in der Branche. Komplett mit SA2020 kostet das RZ 62 Rot\/Orange nur 451,67 \u20ac.\",\"breadcrumb\":{\"@id\":\"https:\/\/zamphelmets.co\/de\/produkt\/rz-62-rot-orange\/#breadcrumb\"},\"inLanguage\":\"de-DE\",\"potentialAction\":[{\"@type\":\"ReadAction\",\"target\":[\"https:\/\/zamphelmets.co\/de\/produkt\/rz-62-rot-orange\/\"]}]},{\"@type\":\"ImageObject\",\"inLanguage\":\"de-DE\",\"@id\":\"https:\/\/zamphelmets.co\/de\/produkt\/rz-62-rot-orange\/#primaryimage\",\"url\":\"https:\/\/zamphelmets.co\/wp-content\/uploads\/2020\/08\/G4bt7eFxT0CPyK9bB9Cl_H764C35.jpg\",\"contentUrl\":\"https:\/\/zamphelmets.co\/wp-content\/uploads\/2020\/08\/G4bt7eFxT0CPyK9bB9Cl_H764C35.jpg\",\"width\":1500,\"height\":1500,\"caption\":\"RZ 62 Rot\/Orange Racing Helm von Zamp Helmets\"},{\"@type\":\"BreadcrumbList\",\"@id\":\"https:\/\/zamphelmets.co\/de\/produkt\/rz-62-rot-orange\/#breadcrumb\",\"itemListElement\":[{\"@type\":\"ListItem\",\"position\":1,\"name\":\"Shop\",\"item\":\"https:\/\/zamphelmets.co\/de\/shop\/\"},{\"@type\":\"ListItem\",\"position\":2,\"name\":\"RZ 62 Rot\/Orange\"}]},{\"@type\":\"WebSite\",\"@id\":\"https:\/\/zamphelmets.co\/de\/#website\",\"url\":\"https:\/\/zamphelmets.co\/de\/\",\"name\":\"Zamp Helmets | Helmet 28 EU\",\"description\":\"High Quality Motorsport Helmets\",\"potentialAction\":[{\"@type\":\"SearchAction\",\"target\":{\"@type\":\"EntryPoint\",\"urlTemplate\":\"https:\/\/zamphelmets.co\/de\/?s={search_term_string}\"},\"query-input\":{\"@type\":\"PropertyValueSpecification\",\"valueRequired\":true,\"valueName\":\"search_term_string\"}}],\"inLanguage\":\"de-DE\"}]}<\/script>\n<!-- \/ Yoast SEO plugin. -->","yoast_head_json":{"title":"RZ 62 Rot\/Orange \u20ac451.67 - Zamp Helmets | Helmet 28 EU% Grafik SA2020","description":"Der RZ 62 Red\/Orange ist der marktf\u00fchrende vorlackierte Helm in der Branche. Komplett mit SA2020 kostet das RZ 62 Rot\/Orange nur 451,67 \u20ac.","robots":{"index":"index","follow":"follow","max-snippet":"max-snippet:-1","max-image-preview":"max-image-preview:large","max-video-preview":"max-video-preview:-1"},"canonical":"https:\/\/zamphelmets.co\/de\/produkt\/rz-62-rot-orange\/","og_locale":"de_DE","og_type":"article","og_title":"RZ 62 Rot\/Orange \u20ac451.67 - Zamp Helmets | Helmet 28 EU% Grafik SA2020","og_description":"Der RZ 62 Red\/Orange ist der marktf\u00fchrende vorlackierte Helm in der Branche. Komplett mit SA2020 kostet das RZ 62 Rot\/Orange nur 451,67 \u20ac.","og_url":"https:\/\/zamphelmets.co\/de\/produkt\/rz-62-rot-orange\/","og_site_name":"Zamp Helmets | Helmet 28 EU","article_modified_time":"2026-02-16T15:13:16+00:00","og_image":[{"width":1500,"height":1500,"url":"https:\/\/zamphelmets.co\/wp-content\/uploads\/2020\/08\/G4bt7eFxT0CPyK9bB9Cl_H764C35.jpg","type":"image\/jpeg"}],"twitter_card":"summary_large_image","twitter_misc":{"Est. reading time":"2 Minuten"},"schema":{"@context":"https:\/\/schema.org","@graph":[{"@type":"WebPage","@id":"https:\/\/zamphelmets.co\/de\/produkt\/rz-62-rot-orange\/","url":"https:\/\/zamphelmets.co\/de\/produkt\/rz-62-rot-orange\/","name":"RZ 62 Rot\/Orange \u20ac451.67 - Zamp Helmets | Helmet 28 EU% Grafik SA2020","isPartOf":{"@id":"https:\/\/zamphelmets.co\/de\/#website"},"primaryImageOfPage":{"@id":"https:\/\/zamphelmets.co\/de\/produkt\/rz-62-rot-orange\/#primaryimage"},"image":{"@id":"https:\/\/zamphelmets.co\/de\/produkt\/rz-62-rot-orange\/#primaryimage"},"thumbnailUrl":"https:\/\/zamphelmets.co\/wp-content\/uploads\/2020\/08\/G4bt7eFxT0CPyK9bB9Cl_H764C35.jpg","datePublished":"2020-08-07T11:58:28+00:00","dateModified":"2026-02-16T15:13:16+00:00","description":"Der RZ 62 Red\/Orange ist der marktf\u00fchrende vorlackierte Helm in der Branche. Komplett mit SA2020 kostet das RZ 62 Rot\/Orange nur 451,67 \u20ac.","breadcrumb":{"@id":"https:\/\/zamphelmets.co\/de\/produkt\/rz-62-rot-orange\/#breadcrumb"},"inLanguage":"de-DE","potentialAction":[{"@type":"ReadAction","target":["https:\/\/zamphelmets.co\/de\/produkt\/rz-62-rot-orange\/"]}]},{"@type":"ImageObject","inLanguage":"de-DE","@id":"https:\/\/zamphelmets.co\/de\/produkt\/rz-62-rot-orange\/#primaryimage","url":"https:\/\/zamphelmets.co\/wp-content\/uploads\/2020\/08\/G4bt7eFxT0CPyK9bB9Cl_H764C35.jpg","contentUrl":"https:\/\/zamphelmets.co\/wp-content\/uploads\/2020\/08\/G4bt7eFxT0CPyK9bB9Cl_H764C35.jpg","width":1500,"height":1500,"caption":"RZ 62 Rot\/Orange Racing Helm von Zamp Helmets"},{"@type":"BreadcrumbList","@id":"https:\/\/zamphelmets.co\/de\/produkt\/rz-62-rot-orange\/#breadcrumb","itemListElement":[{"@type":"ListItem","position":1,"name":"Shop","item":"https:\/\/zamphelmets.co\/de\/shop\/"},{"@type":"ListItem","position":2,"name":"RZ 62 Rot\/Orange"}]},{"@type":"WebSite","@id":"https:\/\/zamphelmets.co\/de\/#website","url":"https:\/\/zamphelmets.co\/de\/","name":"Zamp Helmets | Helmet 28 EU","description":"High Quality Motorsport Helmets","potentialAction":[{"@type":"SearchAction","target":{"@type":"EntryPoint","urlTemplate":"https:\/\/zamphelmets.co\/de\/?s={search_term_string}"},"query-input":{"@type":"PropertyValueSpecification","valueRequired":true,"valueName":"search_term_string"}}],"inLanguage":"de-DE"}]}},"_links":{"self":[{"href":"https:\/\/zamphelmets.co\/de\/wp-json\/wp\/v2\/product\/24124","targetHints":{"allow":["GET"]}}],"collection":[{"href":"https:\/\/zamphelmets.co\/de\/wp-json\/wp\/v2\/product"}],"about":[{"href":"https:\/\/zamphelmets.co\/de\/wp-json\/wp\/v2\/types\/product"}],"replies":[{"embeddable":true,"href":"https:\/\/zamphelmets.co\/de\/wp-json\/wp\/v2\/comments?post=24124"}],"wp:featuredmedia":[{"embeddable":true,"href":"https:\/\/zamphelmets.co\/de\/wp-json\/wp\/v2\/media\/11954"}],"wp:attachment":[{"href":"https:\/\/zamphelmets.co\/de\/wp-json\/wp\/v2\/media?parent=24124"}],"wp:term":[{"taxonomy":"product_brand","embeddable":true,"href":"https:\/\/zamphelmets.co\/de\/wp-json\/wp\/v2\/product_brand?post=24124"},{"taxonomy":"product_cat","embeddable":true,"href":"https:\/\/zamphelmets.co\/de\/wp-json\/wp\/v2\/product_cat?post=24124"},{"taxonomy":"product_tag","embeddable":true,"href":"https:\/\/zamphelmets.co\/de\/wp-json\/wp\/v2\/product_tag?post=24124"}],"curies":[{"name":"wp","href":"https:\/\/api.w.org\/{rel}","templated":true}]}}