{"id":23995,"date":"2020-08-07T11:58:05","date_gmt":"2020-08-07T11:58:05","guid":{"rendered":"https:\/\/zamphelmets.co\/product\/rz-56-weiss\/"},"modified":"2026-02-16T15:57:44","modified_gmt":"2026-02-16T15:57:44","slug":"rz-56-weiss","status":"publish","type":"product","link":"https:\/\/zamphelmets.co\/de\/produkt\/rz-56-weiss\/","title":{"rendered":"RZ 56 Wei\u00df"},"content":{"rendered":"<p><strong>Der Zamp RZ-56 Helm kombiniert die neueste Snell SA2020 Helmtechnologie mit hochwertigem Design, um den absolut g\u00fcnstigsten Helm auf dem Markt anzubieten! Dieses Modell bietet eine minimale Bel\u00fcftung an der Vorderseite und ein schlankes und einfaches Design, damit Sie auch unter extremen Rennbedingungen k\u00fchl bleiben und nicht beschlagen. Der RZ-56 bietet eine hervorragende Passform, eine hochwertige Verarbeitung und den g\u00fcnstigsten Preis in der Branche. Der ultimative Einsteigerhelm f\u00fcr Track Days, Karting und andere SA2020 geregelte Rennen<\/strong><\/p>\n<p><strong>Ausstattung: Inklusive:<\/strong><\/p>\n<ul>\n<li>Leichte Schale <strong>aus Glasfaserverbundwerkstoff <\/strong><\/li>\n<li><strong>Minimale Vorw\u00e4rtsbel\u00fcftung<\/strong> mit Kopfhaut- und Auslass\u00f6ffnungen<\/li>\n<li><strong>Pl\u00fcschiges feuerhemmendes Interieur<\/strong>\n<div id=\"product-10089\" class=\"product type-product post-10089 status-publish first instock product_cat-fia product_cat-snell-2020-sa2020 product_cat-zamp has-post-thumbnail taxable shipping-taxable purchasable product-type-variable\">\n<div class=\"woocommerce-tabs wc-tabs-wrapper\"><\/div>\n<\/div>\n<section class=\"up-sells upsells products\"><\/section>\n<\/li>\n<li><strong>Z-20 Serie 3mm Schild <\/strong>mit abrei\u00dfbaren Pfosten, 12.25in Mittelpfosten<\/li>\n<li><strong>M6 Eins\u00e4tze <\/strong>f\u00fcr Kopf- und Nackenst\u00fctzen<\/li>\n<li><strong>Snell SA2020 Zugelassen<\/strong><\/li>\n<li><strong>Gewicht: 1440 g in Gr\u00f6\u00dfe M<\/strong><\/li>\n<\/ul>\n<p>Wie im Motorsport \u00fcblich, variieren unsere Gr\u00f6\u00dfen je nach Helmmodell. Wie Sie die Gr\u00f6\u00dfe Ihres Helms bestimmen, erfahren Sie <a href=\"https:\/\/zamphelmets.co\/de\/wie-sie-die-richtige-helmgroesse-auswaehlen\/\">hier<\/a>.<\/p>\n<p><strong>Unsicher bei der Gr\u00f6\u00dfenbestimmung? <\/strong><a href=\"https:\/\/form.jotform.com\/251263198513053\">F\u00fcllen Sie unser Gr\u00f6\u00dfenformular aus<\/a> und ein Mitglied unseres Teams wird sich mit unseren Empfehlungen bei Ihnen melden.<\/p>\n<p><a href=\"https:\/\/zamphelmets.co\/de\/homologation-erklaert\/\"><strong>Homologation Explained<\/strong> &#8211; finden Sie heraus, welche Homologation Sie ben\u00f6tigen<\/a><\/p>\n<p><a href=\"https:\/\/zamphelmets.co\/de\/hans-posten-hans-und-fhr-geraete\/\"><strong>FHR \/ HANS-Ger\u00e4t<\/strong> &#8211; wann ist es erforderlich?<\/a><\/p>\n<p>&nbsp;<\/p>\n<p><img decoding=\"async\" class=\"alignnone wp-image-26355 size-full lazyload\" data-src=\"https:\/\/zamphelmets.co\/wp-content\/uploads\/2024\/03\/Zamp-Helmets-sizing-guide-4166-x-4166-px-1.png\" alt=\"\" width=\"500\" height=\"500\" data-srcset=\"https:\/\/zamphelmets.co\/wp-content\/uploads\/2024\/03\/Zamp-Helmets-sizing-guide-4166-x-4166-px-1.png 500w, https:\/\/zamphelmets.co\/wp-content\/uploads\/2024\/03\/Zamp-Helmets-sizing-guide-4166-x-4166-px-1-300x300.png 300w, https:\/\/zamphelmets.co\/wp-content\/uploads\/2024\/03\/Zamp-Helmets-sizing-guide-4166-x-4166-px-1-150x150.png 150w, https:\/\/zamphelmets.co\/wp-content\/uploads\/2024\/03\/Zamp-Helmets-sizing-guide-4166-x-4166-px-1-100x100.png 100w\" data-sizes=\"(max-width: 500px) 100vw, 500px\" src=\"data:image\/svg+xml;base64,PHN2ZyB3aWR0aD0iMSIgaGVpZ2h0PSIxIiB4bWxucz0iaHR0cDovL3d3dy53My5vcmcvMjAwMC9zdmciPjwvc3ZnPg==\" style=\"--smush-placeholder-width: 500px; --smush-placeholder-aspect-ratio: 500\/500;\" \/><\/p>\n<div id=\"product-10089\" class=\"product type-product post-10089 status-publish first instock product_cat-fia product_cat-snell-2020-sa2020 product_cat-zamp has-post-thumbnail taxable shipping-taxable purchasable product-type-variable\">\n<div class=\"woocommerce-tabs wc-tabs-wrapper\">\n<div id=\"tab-description\" class=\"woocommerce-Tabs-panel woocommerce-Tabs-panel--description panel entry-content wc-tab\" role=\"tabpanel\" aria-labelledby=\"tab-title-description\">\n<p><strong>Unsicher bei der Gr\u00f6\u00dfenbestimmung? <\/strong><a href=\"https:\/\/form.jotform.com\/251263198513053\">F\u00fcllen Sie unser Gr\u00f6\u00dfenformular aus<\/a> und ein Mitglied unseres Teams wird sich mit unseren Empfehlungen bei Ihnen melden.<\/p>\n<\/div>\n<\/div>\n<\/div>\n","protected":false},"excerpt":{"rendered":"<p><strong>Der Zamp RZ-56 Helm kombiniert die neueste Snell SA2020 Helmtechnologie mit Qualit\u00e4t, um den absolut g\u00fcnstigsten Helm auf dem Markt anzubieten! Dieses Modell bietet eine minimale Bel\u00fcftung an der Vorderseite und ein schlankes und einfaches Design, damit Sie auch unter extremen Rennbedingungen k\u00fchl bleiben und nicht beschlagen. Der RZ-56 bietet eine hervorragende Passform, eine hochwertige Verarbeitung und den g\u00fcnstigsten Preis in der Branche. Der ultimative Einsteigerhelm f\u00fcr Track Days, Karting und andere SA2020 geregelte Rennen<\/strong><\/p>\n","protected":false},"featured_media":11933,"comment_status":"open","ping_status":"closed","template":"","meta":{"_acf_changed":false,"_iconic_wsb_product_page_order_bump_ids":[[]],"_sku":[],"_iconic_wsb_product_page_bump_modal_ids":[[]]},"product_brand":[],"product_cat":[199,202,200,203,124],"product_tag":[],"class_list":{"0":"post-23995","1":"product","2":"type-product","3":"status-publish","4":"has-post-thumbnail","6":"product_cat-zamp-helme","7":"product_cat-snell-de","8":"product_cat-snell-2020-sa2020-de","9":"product_cat-standard-de","10":"product_cat-zamp-de","12":"first","13":"instock","14":"taxable","15":"shipping-taxable","16":"purchasable","17":"product-type-variable"},"acf":[],"yoast_head":"<!-- This site is optimized with the Yoast SEO plugin v27.0 - https:\/\/yoast.com\/product\/yoast-seo-wordpress\/ -->\n<title>- Nur \u20ac225.83 f\u00fcr SA2020 - Zamp Helmets | Helmet 28 EU<\/title>\n<meta name=\"description\" content=\"Der RZ-56 bietet eine hervorragende Passform und den g\u00fcnstigsten Preis in der Branche. Der ultimative Einsteigerhelm f\u00fcr Track Days, Karting und SA2020-Rennen.\" \/>\n<meta name=\"robots\" content=\"index, follow, max-snippet:-1, max-image-preview:large, max-video-preview:-1\" \/>\n<link rel=\"canonical\" href=\"https:\/\/zamphelmets.co\/de\/produkt\/rz-56-weiss\/\" \/>\n<meta property=\"og:locale\" content=\"de_DE\" \/>\n<meta property=\"og:type\" content=\"article\" \/>\n<meta property=\"og:title\" content=\"- Nur \u20ac225.83 f\u00fcr SA2020 - Zamp Helmets | Helmet 28 EU\" \/>\n<meta property=\"og:description\" content=\"Der RZ-56 bietet eine hervorragende Passform und den g\u00fcnstigsten Preis in der Branche. Der ultimative Einsteigerhelm f\u00fcr Track Days, Karting und SA2020-Rennen.\" \/>\n<meta property=\"og:url\" content=\"https:\/\/zamphelmets.co\/de\/produkt\/rz-56-weiss\/\" \/>\n<meta property=\"og:site_name\" content=\"Zamp Helmets | Helmet 28 EU\" \/>\n<meta property=\"article:modified_time\" content=\"2026-02-16T15:57:44+00:00\" \/>\n<meta property=\"og:image\" content=\"https:\/\/zamphelmets.co\/wp-content\/uploads\/2020\/08\/AcqhctSxSlmXaYC7MPk2_H770001.jpg\" \/>\n\t<meta property=\"og:image:width\" content=\"1500\" \/>\n\t<meta property=\"og:image:height\" content=\"1500\" \/>\n\t<meta property=\"og:image:type\" content=\"image\/jpeg\" \/>\n<meta name=\"twitter:card\" content=\"summary_large_image\" \/>\n<meta name=\"twitter:label1\" content=\"Est. reading time\" \/>\n\t<meta name=\"twitter:data1\" content=\"1 Minute\" \/>\n<script type=\"application\/ld+json\" class=\"yoast-schema-graph\">{\"@context\":\"https:\/\/schema.org\",\"@graph\":[{\"@type\":\"WebPage\",\"@id\":\"https:\/\/zamphelmets.co\/de\/produkt\/rz-56-weiss\/\",\"url\":\"https:\/\/zamphelmets.co\/de\/produkt\/rz-56-weiss\/\",\"name\":\"- Nur \u20ac225.83 f\u00fcr SA2020 - Zamp Helmets | Helmet 28 EU\",\"isPartOf\":{\"@id\":\"https:\/\/zamphelmets.co\/de\/#website\"},\"primaryImageOfPage\":{\"@id\":\"https:\/\/zamphelmets.co\/de\/produkt\/rz-56-weiss\/#primaryimage\"},\"image\":{\"@id\":\"https:\/\/zamphelmets.co\/de\/produkt\/rz-56-weiss\/#primaryimage\"},\"thumbnailUrl\":\"https:\/\/zamphelmets.co\/wp-content\/uploads\/2020\/08\/AcqhctSxSlmXaYC7MPk2_H770001.jpg\",\"datePublished\":\"2020-08-07T11:58:05+00:00\",\"dateModified\":\"2026-02-16T15:57:44+00:00\",\"description\":\"Der RZ-56 bietet eine hervorragende Passform und den g\u00fcnstigsten Preis in der Branche. Der ultimative Einsteigerhelm f\u00fcr Track Days, Karting und SA2020-Rennen.\",\"breadcrumb\":{\"@id\":\"https:\/\/zamphelmets.co\/de\/produkt\/rz-56-weiss\/#breadcrumb\"},\"inLanguage\":\"de-DE\",\"potentialAction\":[{\"@type\":\"ReadAction\",\"target\":[\"https:\/\/zamphelmets.co\/de\/produkt\/rz-56-weiss\/\"]}]},{\"@type\":\"ImageObject\",\"inLanguage\":\"de-DE\",\"@id\":\"https:\/\/zamphelmets.co\/de\/produkt\/rz-56-weiss\/#primaryimage\",\"url\":\"https:\/\/zamphelmets.co\/wp-content\/uploads\/2020\/08\/AcqhctSxSlmXaYC7MPk2_H770001.jpg\",\"contentUrl\":\"https:\/\/zamphelmets.co\/wp-content\/uploads\/2020\/08\/AcqhctSxSlmXaYC7MPk2_H770001.jpg\",\"width\":1500,\"height\":1500,\"caption\":\"rz 56 wei\u00dfer helm zamp helme rennsport und karting\"},{\"@type\":\"BreadcrumbList\",\"@id\":\"https:\/\/zamphelmets.co\/de\/produkt\/rz-56-weiss\/#breadcrumb\",\"itemListElement\":[{\"@type\":\"ListItem\",\"position\":1,\"name\":\"Shop\",\"item\":\"https:\/\/zamphelmets.co\/de\/shop\/\"},{\"@type\":\"ListItem\",\"position\":2,\"name\":\"RZ 56 Wei\u00df\"}]},{\"@type\":\"WebSite\",\"@id\":\"https:\/\/zamphelmets.co\/de\/#website\",\"url\":\"https:\/\/zamphelmets.co\/de\/\",\"name\":\"Zamp Helmets | Helmet 28 EU\",\"description\":\"High Quality Motorsport Helmets\",\"potentialAction\":[{\"@type\":\"SearchAction\",\"target\":{\"@type\":\"EntryPoint\",\"urlTemplate\":\"https:\/\/zamphelmets.co\/de\/?s={search_term_string}\"},\"query-input\":{\"@type\":\"PropertyValueSpecification\",\"valueRequired\":true,\"valueName\":\"search_term_string\"}}],\"inLanguage\":\"de-DE\"}]}<\/script>\n<!-- \/ Yoast SEO plugin. -->","yoast_head_json":{"title":"- Nur \u20ac225.83 f\u00fcr SA2020 - Zamp Helmets | Helmet 28 EU","description":"Der RZ-56 bietet eine hervorragende Passform und den g\u00fcnstigsten Preis in der Branche. Der ultimative Einsteigerhelm f\u00fcr Track Days, Karting und SA2020-Rennen.","robots":{"index":"index","follow":"follow","max-snippet":"max-snippet:-1","max-image-preview":"max-image-preview:large","max-video-preview":"max-video-preview:-1"},"canonical":"https:\/\/zamphelmets.co\/de\/produkt\/rz-56-weiss\/","og_locale":"de_DE","og_type":"article","og_title":"- Nur \u20ac225.83 f\u00fcr SA2020 - Zamp Helmets | Helmet 28 EU","og_description":"Der RZ-56 bietet eine hervorragende Passform und den g\u00fcnstigsten Preis in der Branche. Der ultimative Einsteigerhelm f\u00fcr Track Days, Karting und SA2020-Rennen.","og_url":"https:\/\/zamphelmets.co\/de\/produkt\/rz-56-weiss\/","og_site_name":"Zamp Helmets | Helmet 28 EU","article_modified_time":"2026-02-16T15:57:44+00:00","og_image":[{"width":1500,"height":1500,"url":"https:\/\/zamphelmets.co\/wp-content\/uploads\/2020\/08\/AcqhctSxSlmXaYC7MPk2_H770001.jpg","type":"image\/jpeg"}],"twitter_card":"summary_large_image","twitter_misc":{"Est. reading time":"1 Minute"},"schema":{"@context":"https:\/\/schema.org","@graph":[{"@type":"WebPage","@id":"https:\/\/zamphelmets.co\/de\/produkt\/rz-56-weiss\/","url":"https:\/\/zamphelmets.co\/de\/produkt\/rz-56-weiss\/","name":"- Nur \u20ac225.83 f\u00fcr SA2020 - Zamp Helmets | Helmet 28 EU","isPartOf":{"@id":"https:\/\/zamphelmets.co\/de\/#website"},"primaryImageOfPage":{"@id":"https:\/\/zamphelmets.co\/de\/produkt\/rz-56-weiss\/#primaryimage"},"image":{"@id":"https:\/\/zamphelmets.co\/de\/produkt\/rz-56-weiss\/#primaryimage"},"thumbnailUrl":"https:\/\/zamphelmets.co\/wp-content\/uploads\/2020\/08\/AcqhctSxSlmXaYC7MPk2_H770001.jpg","datePublished":"2020-08-07T11:58:05+00:00","dateModified":"2026-02-16T15:57:44+00:00","description":"Der RZ-56 bietet eine hervorragende Passform und den g\u00fcnstigsten Preis in der Branche. Der ultimative Einsteigerhelm f\u00fcr Track Days, Karting und SA2020-Rennen.","breadcrumb":{"@id":"https:\/\/zamphelmets.co\/de\/produkt\/rz-56-weiss\/#breadcrumb"},"inLanguage":"de-DE","potentialAction":[{"@type":"ReadAction","target":["https:\/\/zamphelmets.co\/de\/produkt\/rz-56-weiss\/"]}]},{"@type":"ImageObject","inLanguage":"de-DE","@id":"https:\/\/zamphelmets.co\/de\/produkt\/rz-56-weiss\/#primaryimage","url":"https:\/\/zamphelmets.co\/wp-content\/uploads\/2020\/08\/AcqhctSxSlmXaYC7MPk2_H770001.jpg","contentUrl":"https:\/\/zamphelmets.co\/wp-content\/uploads\/2020\/08\/AcqhctSxSlmXaYC7MPk2_H770001.jpg","width":1500,"height":1500,"caption":"rz 56 wei\u00dfer helm zamp helme rennsport und karting"},{"@type":"BreadcrumbList","@id":"https:\/\/zamphelmets.co\/de\/produkt\/rz-56-weiss\/#breadcrumb","itemListElement":[{"@type":"ListItem","position":1,"name":"Shop","item":"https:\/\/zamphelmets.co\/de\/shop\/"},{"@type":"ListItem","position":2,"name":"RZ 56 Wei\u00df"}]},{"@type":"WebSite","@id":"https:\/\/zamphelmets.co\/de\/#website","url":"https:\/\/zamphelmets.co\/de\/","name":"Zamp Helmets | Helmet 28 EU","description":"High Quality Motorsport Helmets","potentialAction":[{"@type":"SearchAction","target":{"@type":"EntryPoint","urlTemplate":"https:\/\/zamphelmets.co\/de\/?s={search_term_string}"},"query-input":{"@type":"PropertyValueSpecification","valueRequired":true,"valueName":"search_term_string"}}],"inLanguage":"de-DE"}]}},"_links":{"self":[{"href":"https:\/\/zamphelmets.co\/de\/wp-json\/wp\/v2\/product\/23995","targetHints":{"allow":["GET"]}}],"collection":[{"href":"https:\/\/zamphelmets.co\/de\/wp-json\/wp\/v2\/product"}],"about":[{"href":"https:\/\/zamphelmets.co\/de\/wp-json\/wp\/v2\/types\/product"}],"replies":[{"embeddable":true,"href":"https:\/\/zamphelmets.co\/de\/wp-json\/wp\/v2\/comments?post=23995"}],"wp:featuredmedia":[{"embeddable":true,"href":"https:\/\/zamphelmets.co\/de\/wp-json\/wp\/v2\/media\/11933"}],"wp:attachment":[{"href":"https:\/\/zamphelmets.co\/de\/wp-json\/wp\/v2\/media?parent=23995"}],"wp:term":[{"taxonomy":"product_brand","embeddable":true,"href":"https:\/\/zamphelmets.co\/de\/wp-json\/wp\/v2\/product_brand?post=23995"},{"taxonomy":"product_cat","embeddable":true,"href":"https:\/\/zamphelmets.co\/de\/wp-json\/wp\/v2\/product_cat?post=23995"},{"taxonomy":"product_tag","embeddable":true,"href":"https:\/\/zamphelmets.co\/de\/wp-json\/wp\/v2\/product_tag?post=23995"}],"curies":[{"name":"wp","href":"https:\/\/api.w.org\/{rel}","templated":true}]}}