{"id":23768,"date":"2022-02-21T14:30:34","date_gmt":"2022-02-21T14:30:34","guid":{"rendered":"https:\/\/zamphelmets.co\/product\/helmtasche\/"},"modified":"2026-03-18T23:01:35","modified_gmt":"2026-03-18T23:01:35","slug":"helmtasche","status":"publish","type":"product","link":"https:\/\/zamphelmets.co\/de\/produkt\/helmtasche\/","title":{"rendered":"Helmtasche"},"content":{"rendered":"<p>M\u00f6chten Sie Ihren Helm zwischen den Rennen sicher und gesch\u00fctzt aufbewahren? Die Zamp Helmtasche hat ein schlichtes und attraktives Design in Schwarz und Grau. Das perfekte Zubeh\u00f6r f\u00fcr jeden Besitzer eines Zamp-Helms<\/p>\n","protected":false},"excerpt":{"rendered":"<p>M\u00f6chten Sie Ihren Helm zwischen den Rennen sicher und gesch\u00fctzt aufbewahren? Die Zamp Helmtasche hat ein schlichtes und attraktives Design in Schwarz und Grau. Das perfekte Zubeh\u00f6r f\u00fcr jeden Besitzer eines Zamp-Helms<\/p>\n","protected":false},"featured_media":10988,"comment_status":"open","ping_status":"closed","template":"","meta":{"_acf_changed":false,"_iconic_wsb_product_page_order_bump_ids":[],"_sku":["HB002003"],"_iconic_wsb_product_page_bump_modal_ids":[]},"product_brand":[],"product_cat":[219,124,125,126],"product_tag":[],"class_list":{"0":"post-23768","1":"product","2":"type-product","3":"status-publish","4":"has-post-thumbnail","6":"product_cat-andere-de","7":"product_cat-zamp-de","8":"product_cat-zubehor","9":"product_cat-zubehor-fur-helme","11":"first","12":"instock","13":"taxable","14":"shipping-taxable","15":"purchasable","16":"product-type-simple"},"acf":[],"yoast_head":"<!-- This site is optimized with the Yoast SEO plugin v27.0 - https:\/\/yoast.com\/product\/yoast-seo-wordpress\/ -->\n<title>Helmtasche f\u00fcr Zamp Racing - Zamp Helmets | Helmet 28 EU<\/title>\n<meta name=\"description\" content=\"M\u00f6chten Sie Ihren Helm zwischen den Rennen sicher und gesch\u00fctzt aufbewahren? Die Zamp Helmtasche ist ein robustes und attraktives schwarz-graues Design.\" \/>\n<meta name=\"robots\" content=\"index, follow, max-snippet:-1, max-image-preview:large, max-video-preview:-1\" \/>\n<link rel=\"canonical\" href=\"https:\/\/zamphelmets.co\/de\/produkt\/helmtasche\/\" \/>\n<meta property=\"og:locale\" content=\"de_DE\" \/>\n<meta property=\"og:type\" content=\"article\" \/>\n<meta property=\"og:title\" content=\"Helmtasche f\u00fcr Zamp Racing - Zamp Helmets | Helmet 28 EU\" \/>\n<meta property=\"og:description\" content=\"M\u00f6chten Sie Ihren Helm zwischen den Rennen sicher und gesch\u00fctzt aufbewahren? Die Zamp Helmtasche ist ein robustes und attraktives schwarz-graues Design.\" \/>\n<meta property=\"og:url\" content=\"https:\/\/zamphelmets.co\/de\/produkt\/helmtasche\/\" \/>\n<meta property=\"og:site_name\" content=\"Zamp Helmets | Helmet 28 EU\" \/>\n<meta property=\"article:modified_time\" content=\"2026-03-18T23:01:35+00:00\" \/>\n<meta property=\"og:image\" content=\"https:\/\/zamphelmets.co\/wp-content\/uploads\/2019\/11\/JLSVhaRlTJGZJA1nEpsH_HB002003.jpg\" \/>\n\t<meta property=\"og:image:width\" content=\"1000\" \/>\n\t<meta property=\"og:image:height\" content=\"1000\" \/>\n\t<meta property=\"og:image:type\" content=\"image\/jpeg\" \/>\n<meta name=\"twitter:card\" content=\"summary_large_image\" \/>\n<script type=\"application\/ld+json\" class=\"yoast-schema-graph\">{\"@context\":\"https:\/\/schema.org\",\"@graph\":[{\"@type\":\"WebPage\",\"@id\":\"https:\/\/zamphelmets.co\/de\/produkt\/helmtasche\/\",\"url\":\"https:\/\/zamphelmets.co\/de\/produkt\/helmtasche\/\",\"name\":\"Helmtasche f\u00fcr Zamp Racing - Zamp Helmets | Helmet 28 EU\",\"isPartOf\":{\"@id\":\"https:\/\/zamphelmets.co\/de\/#website\"},\"primaryImageOfPage\":{\"@id\":\"https:\/\/zamphelmets.co\/de\/produkt\/helmtasche\/#primaryimage\"},\"image\":{\"@id\":\"https:\/\/zamphelmets.co\/de\/produkt\/helmtasche\/#primaryimage\"},\"thumbnailUrl\":\"https:\/\/zamphelmets.co\/wp-content\/uploads\/2019\/11\/JLSVhaRlTJGZJA1nEpsH_HB002003.jpg\",\"datePublished\":\"2022-02-21T14:30:34+00:00\",\"dateModified\":\"2026-03-18T23:01:35+00:00\",\"description\":\"M\u00f6chten Sie Ihren Helm zwischen den Rennen sicher und gesch\u00fctzt aufbewahren? Die Zamp Helmtasche ist ein robustes und attraktives schwarz-graues Design.\",\"breadcrumb\":{\"@id\":\"https:\/\/zamphelmets.co\/de\/produkt\/helmtasche\/#breadcrumb\"},\"inLanguage\":\"de-DE\",\"potentialAction\":[{\"@type\":\"ReadAction\",\"target\":[\"https:\/\/zamphelmets.co\/de\/produkt\/helmtasche\/\"]}]},{\"@type\":\"ImageObject\",\"inLanguage\":\"de-DE\",\"@id\":\"https:\/\/zamphelmets.co\/de\/produkt\/helmtasche\/#primaryimage\",\"url\":\"https:\/\/zamphelmets.co\/wp-content\/uploads\/2019\/11\/JLSVhaRlTJGZJA1nEpsH_HB002003.jpg\",\"contentUrl\":\"https:\/\/zamphelmets.co\/wp-content\/uploads\/2019\/11\/JLSVhaRlTJGZJA1nEpsH_HB002003.jpg\",\"width\":1000,\"height\":1000,\"caption\":\"Zamp Racing Helmtasche\"},{\"@type\":\"BreadcrumbList\",\"@id\":\"https:\/\/zamphelmets.co\/de\/produkt\/helmtasche\/#breadcrumb\",\"itemListElement\":[{\"@type\":\"ListItem\",\"position\":1,\"name\":\"Shop\",\"item\":\"https:\/\/zamphelmets.co\/de\/shop\/\"},{\"@type\":\"ListItem\",\"position\":2,\"name\":\"Helmtasche\"}]},{\"@type\":\"WebSite\",\"@id\":\"https:\/\/zamphelmets.co\/de\/#website\",\"url\":\"https:\/\/zamphelmets.co\/de\/\",\"name\":\"Zamp Helmets | Helmet 28 EU\",\"description\":\"High Quality Motorsport Helmets\",\"potentialAction\":[{\"@type\":\"SearchAction\",\"target\":{\"@type\":\"EntryPoint\",\"urlTemplate\":\"https:\/\/zamphelmets.co\/de\/?s={search_term_string}\"},\"query-input\":{\"@type\":\"PropertyValueSpecification\",\"valueRequired\":true,\"valueName\":\"search_term_string\"}}],\"inLanguage\":\"de-DE\"}]}<\/script>\n<!-- \/ Yoast SEO plugin. -->","yoast_head_json":{"title":"Helmtasche f\u00fcr Zamp Racing - Zamp Helmets | Helmet 28 EU","description":"M\u00f6chten Sie Ihren Helm zwischen den Rennen sicher und gesch\u00fctzt aufbewahren? Die Zamp Helmtasche ist ein robustes und attraktives schwarz-graues Design.","robots":{"index":"index","follow":"follow","max-snippet":"max-snippet:-1","max-image-preview":"max-image-preview:large","max-video-preview":"max-video-preview:-1"},"canonical":"https:\/\/zamphelmets.co\/de\/produkt\/helmtasche\/","og_locale":"de_DE","og_type":"article","og_title":"Helmtasche f\u00fcr Zamp Racing - Zamp Helmets | Helmet 28 EU","og_description":"M\u00f6chten Sie Ihren Helm zwischen den Rennen sicher und gesch\u00fctzt aufbewahren? Die Zamp Helmtasche ist ein robustes und attraktives schwarz-graues Design.","og_url":"https:\/\/zamphelmets.co\/de\/produkt\/helmtasche\/","og_site_name":"Zamp Helmets | Helmet 28 EU","article_modified_time":"2026-03-18T23:01:35+00:00","og_image":[{"width":1000,"height":1000,"url":"https:\/\/zamphelmets.co\/wp-content\/uploads\/2019\/11\/JLSVhaRlTJGZJA1nEpsH_HB002003.jpg","type":"image\/jpeg"}],"twitter_card":"summary_large_image","schema":{"@context":"https:\/\/schema.org","@graph":[{"@type":"WebPage","@id":"https:\/\/zamphelmets.co\/de\/produkt\/helmtasche\/","url":"https:\/\/zamphelmets.co\/de\/produkt\/helmtasche\/","name":"Helmtasche f\u00fcr Zamp Racing - Zamp Helmets | Helmet 28 EU","isPartOf":{"@id":"https:\/\/zamphelmets.co\/de\/#website"},"primaryImageOfPage":{"@id":"https:\/\/zamphelmets.co\/de\/produkt\/helmtasche\/#primaryimage"},"image":{"@id":"https:\/\/zamphelmets.co\/de\/produkt\/helmtasche\/#primaryimage"},"thumbnailUrl":"https:\/\/zamphelmets.co\/wp-content\/uploads\/2019\/11\/JLSVhaRlTJGZJA1nEpsH_HB002003.jpg","datePublished":"2022-02-21T14:30:34+00:00","dateModified":"2026-03-18T23:01:35+00:00","description":"M\u00f6chten Sie Ihren Helm zwischen den Rennen sicher und gesch\u00fctzt aufbewahren? Die Zamp Helmtasche ist ein robustes und attraktives schwarz-graues Design.","breadcrumb":{"@id":"https:\/\/zamphelmets.co\/de\/produkt\/helmtasche\/#breadcrumb"},"inLanguage":"de-DE","potentialAction":[{"@type":"ReadAction","target":["https:\/\/zamphelmets.co\/de\/produkt\/helmtasche\/"]}]},{"@type":"ImageObject","inLanguage":"de-DE","@id":"https:\/\/zamphelmets.co\/de\/produkt\/helmtasche\/#primaryimage","url":"https:\/\/zamphelmets.co\/wp-content\/uploads\/2019\/11\/JLSVhaRlTJGZJA1nEpsH_HB002003.jpg","contentUrl":"https:\/\/zamphelmets.co\/wp-content\/uploads\/2019\/11\/JLSVhaRlTJGZJA1nEpsH_HB002003.jpg","width":1000,"height":1000,"caption":"Zamp Racing Helmtasche"},{"@type":"BreadcrumbList","@id":"https:\/\/zamphelmets.co\/de\/produkt\/helmtasche\/#breadcrumb","itemListElement":[{"@type":"ListItem","position":1,"name":"Shop","item":"https:\/\/zamphelmets.co\/de\/shop\/"},{"@type":"ListItem","position":2,"name":"Helmtasche"}]},{"@type":"WebSite","@id":"https:\/\/zamphelmets.co\/de\/#website","url":"https:\/\/zamphelmets.co\/de\/","name":"Zamp Helmets | Helmet 28 EU","description":"High Quality Motorsport Helmets","potentialAction":[{"@type":"SearchAction","target":{"@type":"EntryPoint","urlTemplate":"https:\/\/zamphelmets.co\/de\/?s={search_term_string}"},"query-input":{"@type":"PropertyValueSpecification","valueRequired":true,"valueName":"search_term_string"}}],"inLanguage":"de-DE"}]}},"_links":{"self":[{"href":"https:\/\/zamphelmets.co\/de\/wp-json\/wp\/v2\/product\/23768","targetHints":{"allow":["GET"]}}],"collection":[{"href":"https:\/\/zamphelmets.co\/de\/wp-json\/wp\/v2\/product"}],"about":[{"href":"https:\/\/zamphelmets.co\/de\/wp-json\/wp\/v2\/types\/product"}],"replies":[{"embeddable":true,"href":"https:\/\/zamphelmets.co\/de\/wp-json\/wp\/v2\/comments?post=23768"}],"wp:featuredmedia":[{"embeddable":true,"href":"https:\/\/zamphelmets.co\/de\/wp-json\/wp\/v2\/media\/10988"}],"wp:attachment":[{"href":"https:\/\/zamphelmets.co\/de\/wp-json\/wp\/v2\/media?parent=23768"}],"wp:term":[{"taxonomy":"product_brand","embeddable":true,"href":"https:\/\/zamphelmets.co\/de\/wp-json\/wp\/v2\/product_brand?post=23768"},{"taxonomy":"product_cat","embeddable":true,"href":"https:\/\/zamphelmets.co\/de\/wp-json\/wp\/v2\/product_cat?post=23768"},{"taxonomy":"product_tag","embeddable":true,"href":"https:\/\/zamphelmets.co\/de\/wp-json\/wp\/v2\/product_tag?post=23768"}],"curies":[{"name":"wp","href":"https:\/\/api.w.org\/{rel}","templated":true}]}}