{"id":23708,"date":"2022-02-22T09:49:05","date_gmt":"2022-02-22T09:49:05","guid":{"rendered":"https:\/\/zamphelmets.co\/product\/hans-post\/"},"modified":"2026-02-16T15:56:02","modified_gmt":"2026-02-16T15:56:02","slug":"hans-post","status":"publish","type":"product","link":"https:\/\/zamphelmets.co\/de\/produkt\/hans-post\/","title":{"rendered":"HANS Post"},"content":{"rendered":"<p>Diese Pfosten der Marke hans sind f\u00fcr alle Zamp ADULT-Helme geeignet, die alle eine M6-Innengewindeaufnahme im Helm haben. Die Pfosten erm\u00f6glichen die Anbringung eines FHR \/ HANS-Ger\u00e4ts am Helm.<\/p>\n<ul>\n<li>Passend f\u00fcr Helme mit einem M6-Gewinde<\/li>\n<li>Erm\u00f6glicht die Anbringung eines FHR\/HANS-Ger\u00e4ts an einem Helm<\/li>\n<li>Hans gebrandmarkt<\/li>\n<\/ul>\n<p>Verkauft als ein Paar Pfosten<\/p>\n<p>FIA 8858-2010 genehmigt<\/p>\n","protected":false},"excerpt":{"rendered":"<p>Diese Pfosten der Marke hans sind f\u00fcr alle Zamp ADULT-Helme geeignet, die alle eine M6-Innengewindeaufnahme im Helm haben. Die Pfosten erm\u00f6glichen die Anbringung eines FHR \/ HANS-Ger\u00e4ts am Helm. Passend f\u00fcr Helme mit einem M6-Gewinde Erm\u00f6glicht die Anbringung eines FHR\/HANS-Ger\u00e4ts an einem Helm Hans gebrandmarkt Verkauft als ein Paar Pfosten FIA 8858-2010 genehmigt<\/p>\n","protected":false},"featured_media":10974,"comment_status":"open","ping_status":"closed","template":"","meta":{"_acf_changed":false,"_iconic_wsb_product_page_order_bump_ids":[],"_sku":["RZHANS"],"_iconic_wsb_product_page_bump_modal_ids":[]},"product_brand":[],"product_cat":[219,124,125,126],"product_tag":[],"class_list":{"0":"post-23708","1":"product","2":"type-product","3":"status-publish","4":"has-post-thumbnail","6":"product_cat-andere-de","7":"product_cat-zamp-de","8":"product_cat-zubehor","9":"product_cat-zubehor-fur-helme","11":"first","12":"instock","13":"taxable","14":"shipping-taxable","15":"purchasable","16":"product-type-simple"},"acf":[],"yoast_head":"<!-- This site is optimized with the Yoast SEO plugin v27.0 - https:\/\/yoast.com\/product\/yoast-seo-wordpress\/ -->\n<title>HANS Post FIA 8858 f\u00fcr Kopf- und Nackenst\u00fctzen - Zamp Helmets | Helmet 28 EU<\/title>\n<meta name=\"description\" content=\"HANS-Posten sind f\u00fcr bestimmte Stufen des europ\u00e4ischen Rennsports erforderlich. Sie werden verwendet, um den Helm an einer Kopfst\u00fctze zu befestigen und sind einfach zu installieren. Nur \u20ac50\" \/>\n<meta name=\"robots\" content=\"index, follow, max-snippet:-1, max-image-preview:large, max-video-preview:-1\" \/>\n<link rel=\"canonical\" href=\"https:\/\/zamphelmets.co\/de\/produkt\/hans-post\/\" \/>\n<meta property=\"og:locale\" content=\"de_DE\" \/>\n<meta property=\"og:type\" content=\"article\" \/>\n<meta property=\"og:title\" content=\"HANS Post FIA 8858 f\u00fcr Kopf- und Nackenst\u00fctzen - Zamp Helmets | Helmet 28 EU\" \/>\n<meta property=\"og:description\" content=\"HANS-Posten sind f\u00fcr bestimmte Stufen des europ\u00e4ischen Rennsports erforderlich. Sie werden verwendet, um den Helm an einer Kopfst\u00fctze zu befestigen und sind einfach zu installieren. Nur \u20ac50\" \/>\n<meta property=\"og:url\" content=\"https:\/\/zamphelmets.co\/de\/produkt\/hans-post\/\" \/>\n<meta property=\"og:site_name\" content=\"Zamp Helmets | Helmet 28 EU\" \/>\n<meta property=\"article:modified_time\" content=\"2026-02-16T15:56:02+00:00\" \/>\n<meta property=\"og:image\" content=\"https:\/\/zamphelmets.co\/wp-content\/uploads\/2019\/11\/sim_ak1131-12s-1.jpg\" \/>\n\t<meta property=\"og:image:width\" content=\"560\" \/>\n\t<meta property=\"og:image:height\" content=\"560\" \/>\n\t<meta property=\"og:image:type\" content=\"image\/jpeg\" \/>\n<meta name=\"twitter:card\" content=\"summary_large_image\" \/>\n<script type=\"application\/ld+json\" class=\"yoast-schema-graph\">{\"@context\":\"https:\/\/schema.org\",\"@graph\":[{\"@type\":\"WebPage\",\"@id\":\"https:\/\/zamphelmets.co\/de\/produkt\/hans-post\/\",\"url\":\"https:\/\/zamphelmets.co\/de\/produkt\/hans-post\/\",\"name\":\"HANS Post FIA 8858 f\u00fcr Kopf- und Nackenst\u00fctzen - Zamp Helmets | Helmet 28 EU\",\"isPartOf\":{\"@id\":\"https:\/\/zamphelmets.co\/de\/#website\"},\"primaryImageOfPage\":{\"@id\":\"https:\/\/zamphelmets.co\/de\/produkt\/hans-post\/#primaryimage\"},\"image\":{\"@id\":\"https:\/\/zamphelmets.co\/de\/produkt\/hans-post\/#primaryimage\"},\"thumbnailUrl\":\"https:\/\/zamphelmets.co\/wp-content\/uploads\/2019\/11\/sim_ak1131-12s-1.jpg\",\"datePublished\":\"2022-02-22T09:49:05+00:00\",\"dateModified\":\"2026-02-16T15:56:02+00:00\",\"description\":\"HANS-Posten sind f\u00fcr bestimmte Stufen des europ\u00e4ischen Rennsports erforderlich. Sie werden verwendet, um den Helm an einer Kopfst\u00fctze zu befestigen und sind einfach zu installieren. Nur \u20ac50\",\"breadcrumb\":{\"@id\":\"https:\/\/zamphelmets.co\/de\/produkt\/hans-post\/#breadcrumb\"},\"inLanguage\":\"de-DE\",\"potentialAction\":[{\"@type\":\"ReadAction\",\"target\":[\"https:\/\/zamphelmets.co\/de\/produkt\/hans-post\/\"]}]},{\"@type\":\"ImageObject\",\"inLanguage\":\"de-DE\",\"@id\":\"https:\/\/zamphelmets.co\/de\/produkt\/hans-post\/#primaryimage\",\"url\":\"https:\/\/zamphelmets.co\/wp-content\/uploads\/2019\/11\/sim_ak1131-12s-1.jpg\",\"contentUrl\":\"https:\/\/zamphelmets.co\/wp-content\/uploads\/2019\/11\/sim_ak1131-12s-1.jpg\",\"width\":560,\"height\":560,\"caption\":\"HANS Post Kopf- und Nackenst\u00fctze f\u00fcr Zamp-Helme\"},{\"@type\":\"BreadcrumbList\",\"@id\":\"https:\/\/zamphelmets.co\/de\/produkt\/hans-post\/#breadcrumb\",\"itemListElement\":[{\"@type\":\"ListItem\",\"position\":1,\"name\":\"Shop\",\"item\":\"https:\/\/zamphelmets.co\/de\/shop\/\"},{\"@type\":\"ListItem\",\"position\":2,\"name\":\"HANS Post\"}]},{\"@type\":\"WebSite\",\"@id\":\"https:\/\/zamphelmets.co\/de\/#website\",\"url\":\"https:\/\/zamphelmets.co\/de\/\",\"name\":\"Zamp Helmets | Helmet 28 EU\",\"description\":\"High Quality Motorsport Helmets\",\"potentialAction\":[{\"@type\":\"SearchAction\",\"target\":{\"@type\":\"EntryPoint\",\"urlTemplate\":\"https:\/\/zamphelmets.co\/de\/?s={search_term_string}\"},\"query-input\":{\"@type\":\"PropertyValueSpecification\",\"valueRequired\":true,\"valueName\":\"search_term_string\"}}],\"inLanguage\":\"de-DE\"}]}<\/script>\n<!-- \/ Yoast SEO plugin. -->","yoast_head_json":{"title":"HANS Post FIA 8858 f\u00fcr Kopf- und Nackenst\u00fctzen - Zamp Helmets | Helmet 28 EU","description":"HANS-Posten sind f\u00fcr bestimmte Stufen des europ\u00e4ischen Rennsports erforderlich. Sie werden verwendet, um den Helm an einer Kopfst\u00fctze zu befestigen und sind einfach zu installieren. Nur \u20ac50","robots":{"index":"index","follow":"follow","max-snippet":"max-snippet:-1","max-image-preview":"max-image-preview:large","max-video-preview":"max-video-preview:-1"},"canonical":"https:\/\/zamphelmets.co\/de\/produkt\/hans-post\/","og_locale":"de_DE","og_type":"article","og_title":"HANS Post FIA 8858 f\u00fcr Kopf- und Nackenst\u00fctzen - Zamp Helmets | Helmet 28 EU","og_description":"HANS-Posten sind f\u00fcr bestimmte Stufen des europ\u00e4ischen Rennsports erforderlich. Sie werden verwendet, um den Helm an einer Kopfst\u00fctze zu befestigen und sind einfach zu installieren. Nur \u20ac50","og_url":"https:\/\/zamphelmets.co\/de\/produkt\/hans-post\/","og_site_name":"Zamp Helmets | Helmet 28 EU","article_modified_time":"2026-02-16T15:56:02+00:00","og_image":[{"width":560,"height":560,"url":"https:\/\/zamphelmets.co\/wp-content\/uploads\/2019\/11\/sim_ak1131-12s-1.jpg","type":"image\/jpeg"}],"twitter_card":"summary_large_image","schema":{"@context":"https:\/\/schema.org","@graph":[{"@type":"WebPage","@id":"https:\/\/zamphelmets.co\/de\/produkt\/hans-post\/","url":"https:\/\/zamphelmets.co\/de\/produkt\/hans-post\/","name":"HANS Post FIA 8858 f\u00fcr Kopf- und Nackenst\u00fctzen - Zamp Helmets | Helmet 28 EU","isPartOf":{"@id":"https:\/\/zamphelmets.co\/de\/#website"},"primaryImageOfPage":{"@id":"https:\/\/zamphelmets.co\/de\/produkt\/hans-post\/#primaryimage"},"image":{"@id":"https:\/\/zamphelmets.co\/de\/produkt\/hans-post\/#primaryimage"},"thumbnailUrl":"https:\/\/zamphelmets.co\/wp-content\/uploads\/2019\/11\/sim_ak1131-12s-1.jpg","datePublished":"2022-02-22T09:49:05+00:00","dateModified":"2026-02-16T15:56:02+00:00","description":"HANS-Posten sind f\u00fcr bestimmte Stufen des europ\u00e4ischen Rennsports erforderlich. Sie werden verwendet, um den Helm an einer Kopfst\u00fctze zu befestigen und sind einfach zu installieren. Nur \u20ac50","breadcrumb":{"@id":"https:\/\/zamphelmets.co\/de\/produkt\/hans-post\/#breadcrumb"},"inLanguage":"de-DE","potentialAction":[{"@type":"ReadAction","target":["https:\/\/zamphelmets.co\/de\/produkt\/hans-post\/"]}]},{"@type":"ImageObject","inLanguage":"de-DE","@id":"https:\/\/zamphelmets.co\/de\/produkt\/hans-post\/#primaryimage","url":"https:\/\/zamphelmets.co\/wp-content\/uploads\/2019\/11\/sim_ak1131-12s-1.jpg","contentUrl":"https:\/\/zamphelmets.co\/wp-content\/uploads\/2019\/11\/sim_ak1131-12s-1.jpg","width":560,"height":560,"caption":"HANS Post Kopf- und Nackenst\u00fctze f\u00fcr Zamp-Helme"},{"@type":"BreadcrumbList","@id":"https:\/\/zamphelmets.co\/de\/produkt\/hans-post\/#breadcrumb","itemListElement":[{"@type":"ListItem","position":1,"name":"Shop","item":"https:\/\/zamphelmets.co\/de\/shop\/"},{"@type":"ListItem","position":2,"name":"HANS Post"}]},{"@type":"WebSite","@id":"https:\/\/zamphelmets.co\/de\/#website","url":"https:\/\/zamphelmets.co\/de\/","name":"Zamp Helmets | Helmet 28 EU","description":"High Quality Motorsport Helmets","potentialAction":[{"@type":"SearchAction","target":{"@type":"EntryPoint","urlTemplate":"https:\/\/zamphelmets.co\/de\/?s={search_term_string}"},"query-input":{"@type":"PropertyValueSpecification","valueRequired":true,"valueName":"search_term_string"}}],"inLanguage":"de-DE"}]}},"_links":{"self":[{"href":"https:\/\/zamphelmets.co\/de\/wp-json\/wp\/v2\/product\/23708","targetHints":{"allow":["GET"]}}],"collection":[{"href":"https:\/\/zamphelmets.co\/de\/wp-json\/wp\/v2\/product"}],"about":[{"href":"https:\/\/zamphelmets.co\/de\/wp-json\/wp\/v2\/types\/product"}],"replies":[{"embeddable":true,"href":"https:\/\/zamphelmets.co\/de\/wp-json\/wp\/v2\/comments?post=23708"}],"wp:featuredmedia":[{"embeddable":true,"href":"https:\/\/zamphelmets.co\/de\/wp-json\/wp\/v2\/media\/10974"}],"wp:attachment":[{"href":"https:\/\/zamphelmets.co\/de\/wp-json\/wp\/v2\/media?parent=23708"}],"wp:term":[{"taxonomy":"product_brand","embeddable":true,"href":"https:\/\/zamphelmets.co\/de\/wp-json\/wp\/v2\/product_brand?post=23708"},{"taxonomy":"product_cat","embeddable":true,"href":"https:\/\/zamphelmets.co\/de\/wp-json\/wp\/v2\/product_cat?post=23708"},{"taxonomy":"product_tag","embeddable":true,"href":"https:\/\/zamphelmets.co\/de\/wp-json\/wp\/v2\/product_tag?post=23708"}],"curies":[{"name":"wp","href":"https:\/\/api.w.org\/{rel}","templated":true}]}}