{"id":23671,"date":"2022-02-13T09:49:04","date_gmt":"2022-02-13T09:49:04","guid":{"rendered":"https:\/\/zamphelmets.co\/product\/visier-peak-weiss\/"},"modified":"2026-02-16T15:55:23","modified_gmt":"2026-02-16T15:55:23","slug":"visier-peak-weiss","status":"publish","type":"product","link":"https:\/\/zamphelmets.co\/de\/produkt\/visier-peak-weiss\/","title":{"rendered":"Visier Peak Wei\u00df"},"content":{"rendered":"<p style=\"text-align: left;\">Dieser Schirm passt auf alle Z20-kompatiblen Zamp-Helme anstelle des Visiers. Wenn Sie also mit einem geschlossenen Cockpit fahren und den Tourenwagen-Look erhalten m\u00f6chten, ist dies das richtige Zubeh\u00f6r f\u00fcr Sie.<\/p>\n","protected":false},"excerpt":{"rendered":"<p>Dieser Schirm passt auf alle Z20-kompatiblen Zamp-Helme anstelle des Visiers. Wenn Sie also mit einem geschlossenen Cockpit fahren und den Tourenwagen-Look erhalten m\u00f6chten, ist dies das richtige Zubeh\u00f6r f\u00fcr Sie.<\/p>\n","protected":false},"featured_media":10953,"comment_status":"open","ping_status":"closed","template":"","meta":{"_acf_changed":false,"_iconic_wsb_product_page_order_bump_ids":[],"_sku":["HAV733001"],"_iconic_wsb_product_page_bump_modal_ids":[]},"product_brand":[],"product_cat":[298,124,125,126],"product_tag":[],"class_list":{"0":"post-23671","1":"product","2":"type-product","3":"status-publish","4":"has-post-thumbnail","6":"product_cat-visiere-de","7":"product_cat-zamp-de","8":"product_cat-zubehor","9":"product_cat-zubehor-fur-helme","11":"first","12":"instock","13":"taxable","14":"shipping-taxable","15":"product-type-variable"},"acf":[],"yoast_head":"<!-- This site is optimized with the Yoast SEO plugin v27.0 - https:\/\/yoast.com\/product\/yoast-seo-wordpress\/ -->\n<title>Visier Peak Wei\u00df - Zamp Helmets | Helmet 28 EU - Holen Sie sich den Touring Car Look<\/title>\n<meta name=\"description\" content=\"Diese Visierspitze passt auf alle Z20-kompatiblen ZAMP-Helme anstelle des Visiers. Wenn Sie mit einem geschlossenen Cockpit fahren und den Tourenwagen-Look w\u00fcnschen.\" \/>\n<meta name=\"robots\" content=\"index, follow, max-snippet:-1, max-image-preview:large, max-video-preview:-1\" \/>\n<link rel=\"canonical\" href=\"https:\/\/zamphelmets.co\/de\/produkt\/visier-peak-weiss\/\" \/>\n<meta property=\"og:locale\" content=\"de_DE\" \/>\n<meta property=\"og:type\" content=\"article\" \/>\n<meta property=\"og:title\" content=\"Visier Peak Wei\u00df - Zamp Helmets | Helmet 28 EU - Holen Sie sich den Touring Car Look\" \/>\n<meta property=\"og:description\" content=\"Diese Visierspitze passt auf alle Z20-kompatiblen ZAMP-Helme anstelle des Visiers. Wenn Sie mit einem geschlossenen Cockpit fahren und den Tourenwagen-Look w\u00fcnschen.\" \/>\n<meta property=\"og:url\" content=\"https:\/\/zamphelmets.co\/de\/produkt\/visier-peak-weiss\/\" \/>\n<meta property=\"og:site_name\" content=\"Zamp Helmets | Helmet 28 EU\" \/>\n<meta property=\"article:modified_time\" content=\"2026-02-16T15:55:23+00:00\" \/>\n<meta property=\"og:image\" content=\"https:\/\/zamphelmets.co\/wp-content\/uploads\/2019\/11\/ACiv2wtmRNK6KamFBuMc_HAV733001__2_-1.jpg\" \/>\n\t<meta property=\"og:image:width\" content=\"1000\" \/>\n\t<meta property=\"og:image:height\" content=\"1000\" \/>\n\t<meta property=\"og:image:type\" content=\"image\/jpeg\" \/>\n<meta name=\"twitter:card\" content=\"summary_large_image\" \/>\n<script type=\"application\/ld+json\" class=\"yoast-schema-graph\">{\"@context\":\"https:\/\/schema.org\",\"@graph\":[{\"@type\":\"WebPage\",\"@id\":\"https:\/\/zamphelmets.co\/de\/produkt\/visier-peak-weiss\/\",\"url\":\"https:\/\/zamphelmets.co\/de\/produkt\/visier-peak-weiss\/\",\"name\":\"Visier Peak Wei\u00df - Zamp Helmets | Helmet 28 EU - Holen Sie sich den Touring Car Look\",\"isPartOf\":{\"@id\":\"https:\/\/zamphelmets.co\/de\/#website\"},\"primaryImageOfPage\":{\"@id\":\"https:\/\/zamphelmets.co\/de\/produkt\/visier-peak-weiss\/#primaryimage\"},\"image\":{\"@id\":\"https:\/\/zamphelmets.co\/de\/produkt\/visier-peak-weiss\/#primaryimage\"},\"thumbnailUrl\":\"https:\/\/zamphelmets.co\/wp-content\/uploads\/2019\/11\/ACiv2wtmRNK6KamFBuMc_HAV733001__2_-1.jpg\",\"datePublished\":\"2022-02-13T09:49:04+00:00\",\"dateModified\":\"2026-02-16T15:55:23+00:00\",\"description\":\"Diese Visierspitze passt auf alle Z20-kompatiblen ZAMP-Helme anstelle des Visiers. Wenn Sie mit einem geschlossenen Cockpit fahren und den Tourenwagen-Look w\u00fcnschen.\",\"breadcrumb\":{\"@id\":\"https:\/\/zamphelmets.co\/de\/produkt\/visier-peak-weiss\/#breadcrumb\"},\"inLanguage\":\"de-DE\",\"potentialAction\":[{\"@type\":\"ReadAction\",\"target\":[\"https:\/\/zamphelmets.co\/de\/produkt\/visier-peak-weiss\/\"]}]},{\"@type\":\"ImageObject\",\"inLanguage\":\"de-DE\",\"@id\":\"https:\/\/zamphelmets.co\/de\/produkt\/visier-peak-weiss\/#primaryimage\",\"url\":\"https:\/\/zamphelmets.co\/wp-content\/uploads\/2019\/11\/ACiv2wtmRNK6KamFBuMc_HAV733001__2_-1.jpg\",\"contentUrl\":\"https:\/\/zamphelmets.co\/wp-content\/uploads\/2019\/11\/ACiv2wtmRNK6KamFBuMc_HAV733001__2_-1.jpg\",\"width\":1000,\"height\":1000,\"caption\":\"Visier Peak wei\u00df f\u00fcr Zamp-Helme Rennwagen Tourenwagen Peak\"},{\"@type\":\"BreadcrumbList\",\"@id\":\"https:\/\/zamphelmets.co\/de\/produkt\/visier-peak-weiss\/#breadcrumb\",\"itemListElement\":[{\"@type\":\"ListItem\",\"position\":1,\"name\":\"Shop\",\"item\":\"https:\/\/zamphelmets.co\/de\/shop\/\"},{\"@type\":\"ListItem\",\"position\":2,\"name\":\"Visier Peak Wei\u00df\"}]},{\"@type\":\"WebSite\",\"@id\":\"https:\/\/zamphelmets.co\/de\/#website\",\"url\":\"https:\/\/zamphelmets.co\/de\/\",\"name\":\"Zamp Helmets | Helmet 28 EU\",\"description\":\"High Quality Motorsport Helmets\",\"potentialAction\":[{\"@type\":\"SearchAction\",\"target\":{\"@type\":\"EntryPoint\",\"urlTemplate\":\"https:\/\/zamphelmets.co\/de\/?s={search_term_string}\"},\"query-input\":{\"@type\":\"PropertyValueSpecification\",\"valueRequired\":true,\"valueName\":\"search_term_string\"}}],\"inLanguage\":\"de-DE\"}]}<\/script>\n<!-- \/ Yoast SEO plugin. -->","yoast_head_json":{"title":"Visier Peak Wei\u00df - Zamp Helmets | Helmet 28 EU - Holen Sie sich den Touring Car Look","description":"Diese Visierspitze passt auf alle Z20-kompatiblen ZAMP-Helme anstelle des Visiers. Wenn Sie mit einem geschlossenen Cockpit fahren und den Tourenwagen-Look w\u00fcnschen.","robots":{"index":"index","follow":"follow","max-snippet":"max-snippet:-1","max-image-preview":"max-image-preview:large","max-video-preview":"max-video-preview:-1"},"canonical":"https:\/\/zamphelmets.co\/de\/produkt\/visier-peak-weiss\/","og_locale":"de_DE","og_type":"article","og_title":"Visier Peak Wei\u00df - Zamp Helmets | Helmet 28 EU - Holen Sie sich den Touring Car Look","og_description":"Diese Visierspitze passt auf alle Z20-kompatiblen ZAMP-Helme anstelle des Visiers. Wenn Sie mit einem geschlossenen Cockpit fahren und den Tourenwagen-Look w\u00fcnschen.","og_url":"https:\/\/zamphelmets.co\/de\/produkt\/visier-peak-weiss\/","og_site_name":"Zamp Helmets | Helmet 28 EU","article_modified_time":"2026-02-16T15:55:23+00:00","og_image":[{"width":1000,"height":1000,"url":"https:\/\/zamphelmets.co\/wp-content\/uploads\/2019\/11\/ACiv2wtmRNK6KamFBuMc_HAV733001__2_-1.jpg","type":"image\/jpeg"}],"twitter_card":"summary_large_image","schema":{"@context":"https:\/\/schema.org","@graph":[{"@type":"WebPage","@id":"https:\/\/zamphelmets.co\/de\/produkt\/visier-peak-weiss\/","url":"https:\/\/zamphelmets.co\/de\/produkt\/visier-peak-weiss\/","name":"Visier Peak Wei\u00df - Zamp Helmets | Helmet 28 EU - Holen Sie sich den Touring Car Look","isPartOf":{"@id":"https:\/\/zamphelmets.co\/de\/#website"},"primaryImageOfPage":{"@id":"https:\/\/zamphelmets.co\/de\/produkt\/visier-peak-weiss\/#primaryimage"},"image":{"@id":"https:\/\/zamphelmets.co\/de\/produkt\/visier-peak-weiss\/#primaryimage"},"thumbnailUrl":"https:\/\/zamphelmets.co\/wp-content\/uploads\/2019\/11\/ACiv2wtmRNK6KamFBuMc_HAV733001__2_-1.jpg","datePublished":"2022-02-13T09:49:04+00:00","dateModified":"2026-02-16T15:55:23+00:00","description":"Diese Visierspitze passt auf alle Z20-kompatiblen ZAMP-Helme anstelle des Visiers. Wenn Sie mit einem geschlossenen Cockpit fahren und den Tourenwagen-Look w\u00fcnschen.","breadcrumb":{"@id":"https:\/\/zamphelmets.co\/de\/produkt\/visier-peak-weiss\/#breadcrumb"},"inLanguage":"de-DE","potentialAction":[{"@type":"ReadAction","target":["https:\/\/zamphelmets.co\/de\/produkt\/visier-peak-weiss\/"]}]},{"@type":"ImageObject","inLanguage":"de-DE","@id":"https:\/\/zamphelmets.co\/de\/produkt\/visier-peak-weiss\/#primaryimage","url":"https:\/\/zamphelmets.co\/wp-content\/uploads\/2019\/11\/ACiv2wtmRNK6KamFBuMc_HAV733001__2_-1.jpg","contentUrl":"https:\/\/zamphelmets.co\/wp-content\/uploads\/2019\/11\/ACiv2wtmRNK6KamFBuMc_HAV733001__2_-1.jpg","width":1000,"height":1000,"caption":"Visier Peak wei\u00df f\u00fcr Zamp-Helme Rennwagen Tourenwagen Peak"},{"@type":"BreadcrumbList","@id":"https:\/\/zamphelmets.co\/de\/produkt\/visier-peak-weiss\/#breadcrumb","itemListElement":[{"@type":"ListItem","position":1,"name":"Shop","item":"https:\/\/zamphelmets.co\/de\/shop\/"},{"@type":"ListItem","position":2,"name":"Visier Peak Wei\u00df"}]},{"@type":"WebSite","@id":"https:\/\/zamphelmets.co\/de\/#website","url":"https:\/\/zamphelmets.co\/de\/","name":"Zamp Helmets | Helmet 28 EU","description":"High Quality Motorsport Helmets","potentialAction":[{"@type":"SearchAction","target":{"@type":"EntryPoint","urlTemplate":"https:\/\/zamphelmets.co\/de\/?s={search_term_string}"},"query-input":{"@type":"PropertyValueSpecification","valueRequired":true,"valueName":"search_term_string"}}],"inLanguage":"de-DE"}]}},"_links":{"self":[{"href":"https:\/\/zamphelmets.co\/de\/wp-json\/wp\/v2\/product\/23671","targetHints":{"allow":["GET"]}}],"collection":[{"href":"https:\/\/zamphelmets.co\/de\/wp-json\/wp\/v2\/product"}],"about":[{"href":"https:\/\/zamphelmets.co\/de\/wp-json\/wp\/v2\/types\/product"}],"replies":[{"embeddable":true,"href":"https:\/\/zamphelmets.co\/de\/wp-json\/wp\/v2\/comments?post=23671"}],"wp:featuredmedia":[{"embeddable":true,"href":"https:\/\/zamphelmets.co\/de\/wp-json\/wp\/v2\/media\/10953"}],"wp:attachment":[{"href":"https:\/\/zamphelmets.co\/de\/wp-json\/wp\/v2\/media?parent=23671"}],"wp:term":[{"taxonomy":"product_brand","embeddable":true,"href":"https:\/\/zamphelmets.co\/de\/wp-json\/wp\/v2\/product_brand?post=23671"},{"taxonomy":"product_cat","embeddable":true,"href":"https:\/\/zamphelmets.co\/de\/wp-json\/wp\/v2\/product_cat?post=23671"},{"taxonomy":"product_tag","embeddable":true,"href":"https:\/\/zamphelmets.co\/de\/wp-json\/wp\/v2\/product_tag?post=23671"}],"curies":[{"name":"wp","href":"https:\/\/api.w.org\/{rel}","templated":true}]}}