{"id":23654,"date":"2019-11-11T09:48:08","date_gmt":"2019-11-11T09:48:08","guid":{"rendered":"https:\/\/zamphelmets.co\/product\/rz-42-jugend-gruen-silber\/"},"modified":"2026-03-11T18:32:29","modified_gmt":"2026-03-11T18:32:29","slug":"rz-42-jugend-gruen-silber","status":"publish","type":"product","link":"https:\/\/zamphelmets.co\/de\/produkt\/rz-42-jugend-gruen-silber\/","title":{"rendered":"RZ 42 Jugend Gr\u00fcn\/Silber"},"content":{"rendered":"<p class=\"_3vFF3xH4Yd\" dir=\"ltr\">Der Zamp RZ-42Y CMR Youth Green\/Silver ist der ultimative Karting-Helm mit CMR2016. Entwickelt f\u00fcr Junior-Rennfahrer im Kartsport, die die Standard-CMR-Homologation ben\u00f6tigen. Der RZ-42Y ist <strong>kleiner<\/strong> und <strong>leichter<\/strong>, verf\u00fcgt aber dennoch \u00fcber die gleichen Merkmale und Funktionen wie der Helm f\u00fcr Erwachsene.<\/p>\n<p dir=\"ltr\"><strong>Dies ist ein Helm, der speziell f\u00fcr Kinder entwickelt wurde. Es ist nicht angebracht, diesen Helm als Erwachsener zu tragen, siehe <a href=\"https:\/\/zamphelmets.co\/faqs\/#:~:text=I%20Have%20A%20Small%20Head%2C%20Can%20I%20Wear%20A%20Youth%20Helmet%3F\">LINK HIER<\/a> f\u00fcr weitere Details.<\/strong><\/p>\n<p dir=\"ltr\">Konstruiert aus einer superleichten Fiberglas-Verbundschale mit mehreren Bel\u00fcftungs\u00f6ffnungen f\u00fcr optimale Ventilation. Der Helm wird au\u00dferdem mit herausnehmbaren Innenschuhen geliefert, damit Sie Ihren Helm einfach und effizient waschen k\u00f6nnen.<\/p>\n<p dir=\"ltr\">Dieser vorlackierte Helm in den Farben Gr\u00fcn und Silber ist hochwertig verarbeitet und hebt sich von den Helmen anderer f\u00fchrender Marken ab. Die Zamp Green\/Silver Grafik bietet eine brillante Alternative zur Nachlackierung zu einem Bruchteil der Kosten.<\/p>\n<ul>\n<li class=\"_3vFF3xH4Yd\">Kleineres und leichteres Geh\u00e4use<\/li>\n<li class=\"_3vFF3xH4Yd\">Leichte Schale aus Kevlar-Mix<\/li>\n<li class=\"_3vFF3xH4Yd\">Pl\u00fcschiges, feuerhemmendes Interieur<\/li>\n<li class=\"_3vFF3xH4Yd\">Z-20 Serie 2.5mm Klarer Schutzschild<\/li>\n<li>Inklusive Heckspoiler<\/li>\n<li class=\"_3vFF3xH4Yd\">Herausnehmbares\/waschbares Komfort-Futter<\/li>\n<li>Obere Lufteinlass\u00f6ffnung plus Kinnb\u00fcgelentl\u00fcftung. Erm\u00f6glicht den Betrieb der Zubeh\u00f6roption Forced Air<\/li>\n<li class=\"_3vFF3xH4Yd\">SNELL CMR2016 Standard<\/li>\n<li class=\"_3vFF3xH4Yd\">Verf\u00fcgbare Gr\u00f6\u00dfen: 52cm, 54cm, 56cm, 57cm<\/li>\n<\/ul>\n<p>&nbsp;<\/p>\n<p>Bitte beachten Sie: Wenn Sie zwischen zwei Gr\u00f6\u00dfen messen, empfehlen wir Ihnen, eine Gr\u00f6\u00dfe gr\u00f6\u00dfer zu w\u00e4hlen als Ihre \u00fcbliche Passform, um optimalen Komfort und den richtigen Sitz des Helms zu gew\u00e4hrleisten.<\/p>\n<p><img decoding=\"async\" class=\"alignnone wp-image-202049 lazyload\" data-src=\"https:\/\/zamphelmets.co\/wp-content\/uploads\/2025\/05\/Zamp-Helmets-sizing-guide-scaled.png\" alt=\"\" width=\"518\" height=\"518\" data-srcset=\"https:\/\/zamphelmets.co\/wp-content\/uploads\/2025\/05\/Zamp-Helmets-sizing-guide-scaled.png 2560w, https:\/\/zamphelmets.co\/wp-content\/uploads\/2025\/05\/Zamp-Helmets-sizing-guide-300x300.png 300w, https:\/\/zamphelmets.co\/wp-content\/uploads\/2025\/05\/Zamp-Helmets-sizing-guide-1024x1024.png 1024w, https:\/\/zamphelmets.co\/wp-content\/uploads\/2025\/05\/Zamp-Helmets-sizing-guide-150x150.png 150w, https:\/\/zamphelmets.co\/wp-content\/uploads\/2025\/05\/Zamp-Helmets-sizing-guide-768x768.png 768w, https:\/\/zamphelmets.co\/wp-content\/uploads\/2025\/05\/Zamp-Helmets-sizing-guide-1536x1536.png 1536w, https:\/\/zamphelmets.co\/wp-content\/uploads\/2025\/05\/Zamp-Helmets-sizing-guide-2048x2048.png 2048w, https:\/\/zamphelmets.co\/wp-content\/uploads\/2025\/05\/Zamp-Helmets-sizing-guide-600x600.png 600w, https:\/\/zamphelmets.co\/wp-content\/uploads\/2025\/05\/Zamp-Helmets-sizing-guide-100x100.png 100w\" data-sizes=\"(max-width: 518px) 100vw, 518px\" src=\"data:image\/svg+xml;base64,PHN2ZyB3aWR0aD0iMSIgaGVpZ2h0PSIxIiB4bWxucz0iaHR0cDovL3d3dy53My5vcmcvMjAwMC9zdmciPjwvc3ZnPg==\" style=\"--smush-placeholder-width: 518px; --smush-placeholder-aspect-ratio: 518\/518;\" \/><\/p>\n<div id=\"product-10089\" class=\"product type-product post-10089 status-publish first instock product_cat-fia product_cat-snell-2020-sa2020 product_cat-zamp has-post-thumbnail taxable shipping-taxable purchasable product-type-variable\">\n<div class=\"woocommerce-tabs wc-tabs-wrapper\">\n<div id=\"tab-description\" class=\"woocommerce-Tabs-panel woocommerce-Tabs-panel--description panel entry-content wc-tab\" role=\"tabpanel\" aria-labelledby=\"tab-title-description\">\n<p><strong>Unsicher bei der Gr\u00f6\u00dfenbestimmung? <\/strong><a href=\"https:\/\/form.jotform.com\/251263198513053\">F\u00fcllen Sie unser Gr\u00f6\u00dfenformular aus<\/a> und ein Mitglied unseres Teams wird sich mit unseren Empfehlungen bei Ihnen melden.<\/p>\n<\/div>\n<\/div>\n<\/div>\n","protected":false},"excerpt":{"rendered":"<p>Der Zamp RZ-42Y CMR Youth Green\/Silver ist der ultimative Karting-Helm mit CMR2016. Entwickelt f\u00fcr Junior-Rennfahrer im Kartsport, die die Standard-CMR-Homologation ben\u00f6tigen. Der RZ-42Y ist kleiner und leichter, verf\u00fcgt aber dennoch \u00fcber die gleichen Merkmale und Funktionen wie der Helm f\u00fcr Erwachsene. Dies ist ein Helm, der speziell f\u00fcr Kinder entwickelt wurde. Es ist nicht angebracht, [&hellip;]<\/p>\n","protected":false},"featured_media":19192,"comment_status":"open","ping_status":"closed","template":"","meta":{"_acf_changed":false,"_iconic_wsb_product_page_order_bump_ids":[[]],"_sku":["HE753C39"],"_iconic_wsb_product_page_bump_modal_ids":[[]]},"product_brand":[],"product_cat":[199,277,124],"product_tag":[],"class_list":{"0":"post-23654","1":"product","2":"type-product","3":"status-publish","4":"has-post-thumbnail","6":"product_cat-zamp-helme","7":"product_cat-jugend-cmr-2016","8":"product_cat-zamp-de","10":"first","11":"instock","12":"taxable","13":"shipping-taxable","14":"purchasable","15":"product-type-variable"},"acf":[],"yoast_head":"<!-- This site is optimized with the Yoast SEO plugin v27.0 - https:\/\/yoast.com\/product\/yoast-seo-wordpress\/ -->\n<title>RZ 42 Jugend Gr\u00fcn\/Silber Karting - Zamp Helmets | Helmet 28 EU - \u20ac270.83<\/title>\n<meta name=\"description\" content=\"Der Zamp RZ-42Y Green\/Silver CMR Youth Racing Helmet ist der ultimative Karting-Helm mit CMR2016. Sehr preiswert und f\u00fcr Junior-Rennfahrer im Kartsport konzipiert.\" \/>\n<meta name=\"robots\" content=\"index, follow, max-snippet:-1, max-image-preview:large, max-video-preview:-1\" \/>\n<link rel=\"canonical\" href=\"https:\/\/zamphelmets.co\/de\/produkt\/rz-42-jugend-gruen-silber\/\" \/>\n<meta property=\"og:locale\" content=\"de_DE\" \/>\n<meta property=\"og:type\" content=\"article\" \/>\n<meta property=\"og:title\" content=\"RZ 42 Jugend Gr\u00fcn\/Silber Karting - Zamp Helmets | Helmet 28 EU - \u20ac270.83\" \/>\n<meta property=\"og:description\" content=\"Der Zamp RZ-42Y Green\/Silver CMR Youth Racing Helmet ist der ultimative Karting-Helm mit CMR2016. Sehr preiswert und f\u00fcr Junior-Rennfahrer im Kartsport konzipiert.\" \/>\n<meta property=\"og:url\" content=\"https:\/\/zamphelmets.co\/de\/produkt\/rz-42-jugend-gruen-silber\/\" \/>\n<meta property=\"og:site_name\" content=\"Zamp Helmets | Helmet 28 EU\" \/>\n<meta property=\"article:modified_time\" content=\"2026-03-11T18:32:29+00:00\" \/>\n<meta property=\"og:image\" content=\"https:\/\/zamphelmets.co\/wp-content\/uploads\/2021\/08\/H753C39.jpg\" \/>\n\t<meta property=\"og:image:width\" content=\"1500\" \/>\n\t<meta property=\"og:image:height\" content=\"1500\" \/>\n\t<meta property=\"og:image:type\" content=\"image\/jpeg\" \/>\n<meta name=\"twitter:card\" content=\"summary_large_image\" \/>\n<meta name=\"twitter:label1\" content=\"Est. reading time\" \/>\n\t<meta name=\"twitter:data1\" content=\"1 Minute\" \/>\n<script type=\"application\/ld+json\" class=\"yoast-schema-graph\">{\"@context\":\"https:\/\/schema.org\",\"@graph\":[{\"@type\":\"WebPage\",\"@id\":\"https:\/\/zamphelmets.co\/de\/produkt\/rz-42-jugend-gruen-silber\/\",\"url\":\"https:\/\/zamphelmets.co\/de\/produkt\/rz-42-jugend-gruen-silber\/\",\"name\":\"RZ 42 Jugend Gr\u00fcn\/Silber Karting - Zamp Helmets | Helmet 28 EU - \u20ac270.83\",\"isPartOf\":{\"@id\":\"https:\/\/zamphelmets.co\/de\/#website\"},\"primaryImageOfPage\":{\"@id\":\"https:\/\/zamphelmets.co\/de\/produkt\/rz-42-jugend-gruen-silber\/#primaryimage\"},\"image\":{\"@id\":\"https:\/\/zamphelmets.co\/de\/produkt\/rz-42-jugend-gruen-silber\/#primaryimage\"},\"thumbnailUrl\":\"https:\/\/zamphelmets.co\/wp-content\/uploads\/2021\/08\/H753C39.jpg\",\"datePublished\":\"2019-11-11T09:48:08+00:00\",\"dateModified\":\"2026-03-11T18:32:29+00:00\",\"description\":\"Der Zamp RZ-42Y Green\/Silver CMR Youth Racing Helmet ist der ultimative Karting-Helm mit CMR2016. Sehr preiswert und f\u00fcr Junior-Rennfahrer im Kartsport konzipiert.\",\"breadcrumb\":{\"@id\":\"https:\/\/zamphelmets.co\/de\/produkt\/rz-42-jugend-gruen-silber\/#breadcrumb\"},\"inLanguage\":\"de-DE\",\"potentialAction\":[{\"@type\":\"ReadAction\",\"target\":[\"https:\/\/zamphelmets.co\/de\/produkt\/rz-42-jugend-gruen-silber\/\"]}]},{\"@type\":\"ImageObject\",\"inLanguage\":\"de-DE\",\"@id\":\"https:\/\/zamphelmets.co\/de\/produkt\/rz-42-jugend-gruen-silber\/#primaryimage\",\"url\":\"https:\/\/zamphelmets.co\/wp-content\/uploads\/2021\/08\/H753C39.jpg\",\"contentUrl\":\"https:\/\/zamphelmets.co\/wp-content\/uploads\/2021\/08\/H753C39.jpg\",\"width\":1500,\"height\":1500},{\"@type\":\"BreadcrumbList\",\"@id\":\"https:\/\/zamphelmets.co\/de\/produkt\/rz-42-jugend-gruen-silber\/#breadcrumb\",\"itemListElement\":[{\"@type\":\"ListItem\",\"position\":1,\"name\":\"Shop\",\"item\":\"https:\/\/zamphelmets.co\/de\/shop\/\"},{\"@type\":\"ListItem\",\"position\":2,\"name\":\"RZ 42 Jugend Gr\u00fcn\/Silber\"}]},{\"@type\":\"WebSite\",\"@id\":\"https:\/\/zamphelmets.co\/de\/#website\",\"url\":\"https:\/\/zamphelmets.co\/de\/\",\"name\":\"Zamp Helmets | Helmet 28 EU\",\"description\":\"High Quality Motorsport Helmets\",\"potentialAction\":[{\"@type\":\"SearchAction\",\"target\":{\"@type\":\"EntryPoint\",\"urlTemplate\":\"https:\/\/zamphelmets.co\/de\/?s={search_term_string}\"},\"query-input\":{\"@type\":\"PropertyValueSpecification\",\"valueRequired\":true,\"valueName\":\"search_term_string\"}}],\"inLanguage\":\"de-DE\"}]}<\/script>\n<!-- \/ Yoast SEO plugin. -->","yoast_head_json":{"title":"RZ 42 Jugend Gr\u00fcn\/Silber Karting - Zamp Helmets | Helmet 28 EU - \u20ac270.83","description":"Der Zamp RZ-42Y Green\/Silver CMR Youth Racing Helmet ist der ultimative Karting-Helm mit CMR2016. Sehr preiswert und f\u00fcr Junior-Rennfahrer im Kartsport konzipiert.","robots":{"index":"index","follow":"follow","max-snippet":"max-snippet:-1","max-image-preview":"max-image-preview:large","max-video-preview":"max-video-preview:-1"},"canonical":"https:\/\/zamphelmets.co\/de\/produkt\/rz-42-jugend-gruen-silber\/","og_locale":"de_DE","og_type":"article","og_title":"RZ 42 Jugend Gr\u00fcn\/Silber Karting - Zamp Helmets | Helmet 28 EU - \u20ac270.83","og_description":"Der Zamp RZ-42Y Green\/Silver CMR Youth Racing Helmet ist der ultimative Karting-Helm mit CMR2016. Sehr preiswert und f\u00fcr Junior-Rennfahrer im Kartsport konzipiert.","og_url":"https:\/\/zamphelmets.co\/de\/produkt\/rz-42-jugend-gruen-silber\/","og_site_name":"Zamp Helmets | Helmet 28 EU","article_modified_time":"2026-03-11T18:32:29+00:00","og_image":[{"width":1500,"height":1500,"url":"https:\/\/zamphelmets.co\/wp-content\/uploads\/2021\/08\/H753C39.jpg","type":"image\/jpeg"}],"twitter_card":"summary_large_image","twitter_misc":{"Est. reading time":"1 Minute"},"schema":{"@context":"https:\/\/schema.org","@graph":[{"@type":"WebPage","@id":"https:\/\/zamphelmets.co\/de\/produkt\/rz-42-jugend-gruen-silber\/","url":"https:\/\/zamphelmets.co\/de\/produkt\/rz-42-jugend-gruen-silber\/","name":"RZ 42 Jugend Gr\u00fcn\/Silber Karting - Zamp Helmets | Helmet 28 EU - \u20ac270.83","isPartOf":{"@id":"https:\/\/zamphelmets.co\/de\/#website"},"primaryImageOfPage":{"@id":"https:\/\/zamphelmets.co\/de\/produkt\/rz-42-jugend-gruen-silber\/#primaryimage"},"image":{"@id":"https:\/\/zamphelmets.co\/de\/produkt\/rz-42-jugend-gruen-silber\/#primaryimage"},"thumbnailUrl":"https:\/\/zamphelmets.co\/wp-content\/uploads\/2021\/08\/H753C39.jpg","datePublished":"2019-11-11T09:48:08+00:00","dateModified":"2026-03-11T18:32:29+00:00","description":"Der Zamp RZ-42Y Green\/Silver CMR Youth Racing Helmet ist der ultimative Karting-Helm mit CMR2016. Sehr preiswert und f\u00fcr Junior-Rennfahrer im Kartsport konzipiert.","breadcrumb":{"@id":"https:\/\/zamphelmets.co\/de\/produkt\/rz-42-jugend-gruen-silber\/#breadcrumb"},"inLanguage":"de-DE","potentialAction":[{"@type":"ReadAction","target":["https:\/\/zamphelmets.co\/de\/produkt\/rz-42-jugend-gruen-silber\/"]}]},{"@type":"ImageObject","inLanguage":"de-DE","@id":"https:\/\/zamphelmets.co\/de\/produkt\/rz-42-jugend-gruen-silber\/#primaryimage","url":"https:\/\/zamphelmets.co\/wp-content\/uploads\/2021\/08\/H753C39.jpg","contentUrl":"https:\/\/zamphelmets.co\/wp-content\/uploads\/2021\/08\/H753C39.jpg","width":1500,"height":1500},{"@type":"BreadcrumbList","@id":"https:\/\/zamphelmets.co\/de\/produkt\/rz-42-jugend-gruen-silber\/#breadcrumb","itemListElement":[{"@type":"ListItem","position":1,"name":"Shop","item":"https:\/\/zamphelmets.co\/de\/shop\/"},{"@type":"ListItem","position":2,"name":"RZ 42 Jugend Gr\u00fcn\/Silber"}]},{"@type":"WebSite","@id":"https:\/\/zamphelmets.co\/de\/#website","url":"https:\/\/zamphelmets.co\/de\/","name":"Zamp Helmets | Helmet 28 EU","description":"High Quality Motorsport Helmets","potentialAction":[{"@type":"SearchAction","target":{"@type":"EntryPoint","urlTemplate":"https:\/\/zamphelmets.co\/de\/?s={search_term_string}"},"query-input":{"@type":"PropertyValueSpecification","valueRequired":true,"valueName":"search_term_string"}}],"inLanguage":"de-DE"}]}},"_links":{"self":[{"href":"https:\/\/zamphelmets.co\/de\/wp-json\/wp\/v2\/product\/23654","targetHints":{"allow":["GET"]}}],"collection":[{"href":"https:\/\/zamphelmets.co\/de\/wp-json\/wp\/v2\/product"}],"about":[{"href":"https:\/\/zamphelmets.co\/de\/wp-json\/wp\/v2\/types\/product"}],"replies":[{"embeddable":true,"href":"https:\/\/zamphelmets.co\/de\/wp-json\/wp\/v2\/comments?post=23654"}],"wp:featuredmedia":[{"embeddable":true,"href":"https:\/\/zamphelmets.co\/de\/wp-json\/wp\/v2\/media\/19192"}],"wp:attachment":[{"href":"https:\/\/zamphelmets.co\/de\/wp-json\/wp\/v2\/media?parent=23654"}],"wp:term":[{"taxonomy":"product_brand","embeddable":true,"href":"https:\/\/zamphelmets.co\/de\/wp-json\/wp\/v2\/product_brand?post=23654"},{"taxonomy":"product_cat","embeddable":true,"href":"https:\/\/zamphelmets.co\/de\/wp-json\/wp\/v2\/product_cat?post=23654"},{"taxonomy":"product_tag","embeddable":true,"href":"https:\/\/zamphelmets.co\/de\/wp-json\/wp\/v2\/product_tag?post=23654"}],"curies":[{"name":"wp","href":"https:\/\/api.w.org\/{rel}","templated":true}]}}