{"id":23388,"date":"2023-04-04T09:33:40","date_gmt":"2023-04-04T09:33:40","guid":{"rendered":"https:\/\/zamphelmets.co\/product\/rz-70e-schalter-rot-schwarz-blau\/"},"modified":"2026-02-16T15:18:26","modified_gmt":"2026-02-16T15:18:26","slug":"rz-70e-schalter-rot-schwarz-blau","status":"publish","type":"product","link":"https:\/\/zamphelmets.co\/de\/produkt\/rz-70e-schalter-rot-schwarz-blau\/","title":{"rendered":"RZ 70E Schalter Rot \/ Schwarz \/ Blau"},"content":{"rendered":"<p>Zamp Helme sind stolz darauf, unseren revolution\u00e4ren <strong>RZ-70E SWITCH-Helm <\/strong>zu pr\u00e4sentieren. Unser einzigartiges System erm\u00f6glicht es Ihnen, Ihren Helm ganz einfach f\u00fcr eine Vielzahl von Renn-Setups zu konfigurieren.  <strong>Noch nie war es so einfach, Ihren Helm mit einer Kommunikations- oder Trinkfunktion zu versehen!  <\/strong><\/p>\n<p>&nbsp;<\/p>\n<p>Dieser Helm verf\u00fcgt \u00fcber das neue DDAIR-SYSTEM, ein neues Dual-Density-Luftintegrationssystem. Vollst\u00e4ndige 360-Grad-Luftf\u00fchrung f\u00fcr ultimativen Luftstrom. K\u00fchle Luft tritt in den Helm ein, warme Luft verl\u00e4sst den Helm.<\/p>\n<ul>\n<li>Leichte Schale <strong>aus einem Aramid-Mix<\/strong> <\/li>\n<li><strong>Das<\/strong><strong>Z-Design<\/strong> in der Schale zirkuliert die Luft in der gesamten Schale durch gro\u00dfe interne Kan\u00e4le<\/li>\n<li><strong>Kan\u00e4le im Kinnb\u00fcgel aus EPS <\/strong>erm\u00f6glichen die einfache Befestigung von Kommunikationsger\u00e4ten\/Mikrofonen und Trinkschl\u00e4uchen.<\/li>\n<li><strong>ZF-20 Serie<\/strong> 3mm Clear Shield mit Tear Off Pfosten, die 12,125 Zoll Banana Style Tear Offs verwenden<\/li>\n<li><strong>M6 Eins\u00e4tze <\/strong>f\u00fcr Kopf- und Nackenst\u00fctzen<\/li>\n<li><strong>Installation f\u00fcr Kommunikation und Hydratation verf\u00fcgbar<\/strong><\/li>\n<li><strong>FIA 8859-2015\/Snell SA-2020 Genehmigt<\/strong><\/li>\n<\/ul>\n<p><a href=\"https:\/\/zamphelmets.co\/de\/homologation-erklaert\/\"><strong>Homologation Explained<\/strong> &#8211; finden Sie heraus, welche Homologation Sie ben\u00f6tigen<\/a><\/p>\n<p><a href=\"https:\/\/zamphelmets.co\/de\/hans-posten-hans-und-fhr-geraete\/\"><strong>FHR \/ HANS-Ger\u00e4t<\/strong> &#8211; wann ist es erforderlich?<\/a><\/p>\n<p>&nbsp;<\/p>\n<p><img decoding=\"async\" class=\"alignnone wp-image-26355 size-full lazyload\" data-src=\"https:\/\/zamphelmets.co\/wp-content\/uploads\/2024\/03\/Zamp-Helmets-sizing-guide-4166-x-4166-px-1.png\" alt=\"\" width=\"500\" height=\"500\" data-srcset=\"https:\/\/zamphelmets.co\/wp-content\/uploads\/2024\/03\/Zamp-Helmets-sizing-guide-4166-x-4166-px-1.png 500w, https:\/\/zamphelmets.co\/wp-content\/uploads\/2024\/03\/Zamp-Helmets-sizing-guide-4166-x-4166-px-1-300x300.png 300w, https:\/\/zamphelmets.co\/wp-content\/uploads\/2024\/03\/Zamp-Helmets-sizing-guide-4166-x-4166-px-1-150x150.png 150w, https:\/\/zamphelmets.co\/wp-content\/uploads\/2024\/03\/Zamp-Helmets-sizing-guide-4166-x-4166-px-1-100x100.png 100w\" data-sizes=\"(max-width: 500px) 100vw, 500px\" src=\"data:image\/svg+xml;base64,PHN2ZyB3aWR0aD0iMSIgaGVpZ2h0PSIxIiB4bWxucz0iaHR0cDovL3d3dy53My5vcmcvMjAwMC9zdmciPjwvc3ZnPg==\" style=\"--smush-placeholder-width: 500px; --smush-placeholder-aspect-ratio: 500\/500;\" \/><\/p>\n<div id=\"product-10089\" class=\"product type-product post-10089 status-publish first instock product_cat-fia product_cat-snell-2020-sa2020 product_cat-zamp has-post-thumbnail taxable shipping-taxable purchasable product-type-variable\">\n<div class=\"woocommerce-tabs wc-tabs-wrapper\">\n<div id=\"tab-description\" class=\"woocommerce-Tabs-panel woocommerce-Tabs-panel--description panel entry-content wc-tab\" role=\"tabpanel\" aria-labelledby=\"tab-title-description\">\n<p><strong>Unsicher bei der Gr\u00f6\u00dfenbestimmung? <\/strong><a href=\"https:\/\/form.jotform.com\/251263198513053\">F\u00fcllen Sie unser Gr\u00f6\u00dfenformular aus<\/a> und ein Mitglied unseres Teams wird sich mit unseren Empfehlungen bei Ihnen melden.<\/p>\n<\/div>\n<\/div>\n<\/div>\n","protected":false},"excerpt":{"rendered":"<p>Zamp Helme sind stolz darauf, unseren revolution\u00e4ren RZ-70E SWITCH-Helm zu pr\u00e4sentieren. Unser einzigartiges System erm\u00f6glicht es Ihnen, Ihren Helm ganz einfach f\u00fcr eine Vielzahl von Renn-Setups zu konfigurieren. Noch nie war es so einfach, Ihren Helm mit einer Kommunikations- oder Trinkfunktion zu versehen! &nbsp; Dieser Helm verf\u00fcgt \u00fcber das neue DDAIR-SYSTEM, ein neues Dual-Density-Luftintegrationssystem. Vollst\u00e4ndige [&hellip;]<\/p>\n","protected":false},"featured_media":18611,"comment_status":"open","ping_status":"closed","template":"","meta":{"_acf_changed":false,"_iconic_wsb_product_page_order_bump_ids":[[]],"_sku":["H760C42"],"_iconic_wsb_product_page_bump_modal_ids":[[]]},"product_brand":[],"product_cat":[249,200,124],"product_tag":[],"class_list":{"0":"post-23388","1":"product","2":"type-product","3":"status-publish","4":"has-post-thumbnail","6":"product_cat-fia-8859-de","7":"product_cat-snell-2020-sa2020-de","8":"product_cat-zamp-de","10":"first","11":"instock","12":"taxable","13":"shipping-taxable","14":"purchasable","15":"product-type-variable"},"acf":[],"yoast_head":"<!-- This site is optimized with the Yoast SEO plugin v27.0 - https:\/\/yoast.com\/product\/yoast-seo-wordpress\/ -->\n<title>RZ 70E Schalter Rot \/ Schwarz \/ Blau - \u20ac515.83<\/title>\n<meta name=\"description\" content=\"Der RZ 70E ist der meistverkaufte Zamp-Helm. Mit FIA 8859 und einer atemberaubenden Grafik ist es f\u00fcr nur \u20ac515.83 au\u00dfergew\u00f6hnlich g\u00fcnstig.\" \/>\n<meta name=\"robots\" content=\"index, follow, max-snippet:-1, max-image-preview:large, max-video-preview:-1\" \/>\n<link rel=\"canonical\" href=\"https:\/\/zamphelmets.co\/de\/produkt\/rz-70e-schalter-rot-schwarz-blau\/\" \/>\n<meta property=\"og:locale\" content=\"de_DE\" \/>\n<meta property=\"og:type\" content=\"article\" \/>\n<meta property=\"og:title\" content=\"RZ 70E Schalter Rot \/ Schwarz \/ Blau - \u20ac515.83\" \/>\n<meta property=\"og:description\" content=\"Der RZ 70E ist der meistverkaufte Zamp-Helm. Mit FIA 8859 und einer atemberaubenden Grafik ist es f\u00fcr nur \u20ac515.83 au\u00dfergew\u00f6hnlich g\u00fcnstig.\" \/>\n<meta property=\"og:url\" content=\"https:\/\/zamphelmets.co\/de\/produkt\/rz-70e-schalter-rot-schwarz-blau\/\" \/>\n<meta property=\"og:site_name\" content=\"Zamp Helmets | Helmet 28 EU\" \/>\n<meta property=\"article:modified_time\" content=\"2026-02-16T15:18:26+00:00\" \/>\n<meta property=\"og:image\" content=\"https:\/\/zamphelmets.co\/wp-content\/uploads\/2023\/04\/Screenshot202023-02-0220at2014.59.54.png\" \/>\n\t<meta property=\"og:image:width\" content=\"760\" \/>\n\t<meta property=\"og:image:height\" content=\"760\" \/>\n\t<meta property=\"og:image:type\" content=\"image\/png\" \/>\n<meta name=\"twitter:card\" content=\"summary_large_image\" \/>\n<meta name=\"twitter:label1\" content=\"Est. reading time\" \/>\n\t<meta name=\"twitter:data1\" content=\"1 Minute\" \/>\n<script type=\"application\/ld+json\" class=\"yoast-schema-graph\">{\"@context\":\"https:\/\/schema.org\",\"@graph\":[{\"@type\":\"WebPage\",\"@id\":\"https:\/\/zamphelmets.co\/de\/produkt\/rz-70e-schalter-rot-schwarz-blau\/\",\"url\":\"https:\/\/zamphelmets.co\/de\/produkt\/rz-70e-schalter-rot-schwarz-blau\/\",\"name\":\"RZ 70E Schalter Rot \/ Schwarz \/ Blau - \u20ac515.83\",\"isPartOf\":{\"@id\":\"https:\/\/zamphelmets.co\/de\/#website\"},\"primaryImageOfPage\":{\"@id\":\"https:\/\/zamphelmets.co\/de\/produkt\/rz-70e-schalter-rot-schwarz-blau\/#primaryimage\"},\"image\":{\"@id\":\"https:\/\/zamphelmets.co\/de\/produkt\/rz-70e-schalter-rot-schwarz-blau\/#primaryimage\"},\"thumbnailUrl\":\"https:\/\/zamphelmets.co\/wp-content\/uploads\/2023\/04\/Screenshot202023-02-0220at2014.59.54.png\",\"datePublished\":\"2023-04-04T09:33:40+00:00\",\"dateModified\":\"2026-02-16T15:18:26+00:00\",\"description\":\"Der RZ 70E ist der meistverkaufte Zamp-Helm. Mit FIA 8859 und einer atemberaubenden Grafik ist es f\u00fcr nur \u20ac515.83 au\u00dfergew\u00f6hnlich g\u00fcnstig.\",\"breadcrumb\":{\"@id\":\"https:\/\/zamphelmets.co\/de\/produkt\/rz-70e-schalter-rot-schwarz-blau\/#breadcrumb\"},\"inLanguage\":\"de-DE\",\"potentialAction\":[{\"@type\":\"ReadAction\",\"target\":[\"https:\/\/zamphelmets.co\/de\/produkt\/rz-70e-schalter-rot-schwarz-blau\/\"]}]},{\"@type\":\"ImageObject\",\"inLanguage\":\"de-DE\",\"@id\":\"https:\/\/zamphelmets.co\/de\/produkt\/rz-70e-schalter-rot-schwarz-blau\/#primaryimage\",\"url\":\"https:\/\/zamphelmets.co\/wp-content\/uploads\/2023\/04\/Screenshot202023-02-0220at2014.59.54.png\",\"contentUrl\":\"https:\/\/zamphelmets.co\/wp-content\/uploads\/2023\/04\/Screenshot202023-02-0220at2014.59.54.png\",\"width\":760,\"height\":760},{\"@type\":\"BreadcrumbList\",\"@id\":\"https:\/\/zamphelmets.co\/de\/produkt\/rz-70e-schalter-rot-schwarz-blau\/#breadcrumb\",\"itemListElement\":[{\"@type\":\"ListItem\",\"position\":1,\"name\":\"Shop\",\"item\":\"https:\/\/zamphelmets.co\/de\/shop\/\"},{\"@type\":\"ListItem\",\"position\":2,\"name\":\"RZ 70E Schalter Rot \/ Schwarz \/ Blau\"}]},{\"@type\":\"WebSite\",\"@id\":\"https:\/\/zamphelmets.co\/de\/#website\",\"url\":\"https:\/\/zamphelmets.co\/de\/\",\"name\":\"Zamp Helmets | Helmet 28 EU\",\"description\":\"High Quality Motorsport Helmets\",\"potentialAction\":[{\"@type\":\"SearchAction\",\"target\":{\"@type\":\"EntryPoint\",\"urlTemplate\":\"https:\/\/zamphelmets.co\/de\/?s={search_term_string}\"},\"query-input\":{\"@type\":\"PropertyValueSpecification\",\"valueRequired\":true,\"valueName\":\"search_term_string\"}}],\"inLanguage\":\"de-DE\"}]}<\/script>\n<!-- \/ Yoast SEO plugin. -->","yoast_head_json":{"title":"RZ 70E Schalter Rot \/ Schwarz \/ Blau - \u20ac515.83","description":"Der RZ 70E ist der meistverkaufte Zamp-Helm. Mit FIA 8859 und einer atemberaubenden Grafik ist es f\u00fcr nur \u20ac515.83 au\u00dfergew\u00f6hnlich g\u00fcnstig.","robots":{"index":"index","follow":"follow","max-snippet":"max-snippet:-1","max-image-preview":"max-image-preview:large","max-video-preview":"max-video-preview:-1"},"canonical":"https:\/\/zamphelmets.co\/de\/produkt\/rz-70e-schalter-rot-schwarz-blau\/","og_locale":"de_DE","og_type":"article","og_title":"RZ 70E Schalter Rot \/ Schwarz \/ Blau - \u20ac515.83","og_description":"Der RZ 70E ist der meistverkaufte Zamp-Helm. Mit FIA 8859 und einer atemberaubenden Grafik ist es f\u00fcr nur \u20ac515.83 au\u00dfergew\u00f6hnlich g\u00fcnstig.","og_url":"https:\/\/zamphelmets.co\/de\/produkt\/rz-70e-schalter-rot-schwarz-blau\/","og_site_name":"Zamp Helmets | Helmet 28 EU","article_modified_time":"2026-02-16T15:18:26+00:00","og_image":[{"width":760,"height":760,"url":"https:\/\/zamphelmets.co\/wp-content\/uploads\/2023\/04\/Screenshot202023-02-0220at2014.59.54.png","type":"image\/png"}],"twitter_card":"summary_large_image","twitter_misc":{"Est. reading time":"1 Minute"},"schema":{"@context":"https:\/\/schema.org","@graph":[{"@type":"WebPage","@id":"https:\/\/zamphelmets.co\/de\/produkt\/rz-70e-schalter-rot-schwarz-blau\/","url":"https:\/\/zamphelmets.co\/de\/produkt\/rz-70e-schalter-rot-schwarz-blau\/","name":"RZ 70E Schalter Rot \/ Schwarz \/ Blau - \u20ac515.83","isPartOf":{"@id":"https:\/\/zamphelmets.co\/de\/#website"},"primaryImageOfPage":{"@id":"https:\/\/zamphelmets.co\/de\/produkt\/rz-70e-schalter-rot-schwarz-blau\/#primaryimage"},"image":{"@id":"https:\/\/zamphelmets.co\/de\/produkt\/rz-70e-schalter-rot-schwarz-blau\/#primaryimage"},"thumbnailUrl":"https:\/\/zamphelmets.co\/wp-content\/uploads\/2023\/04\/Screenshot202023-02-0220at2014.59.54.png","datePublished":"2023-04-04T09:33:40+00:00","dateModified":"2026-02-16T15:18:26+00:00","description":"Der RZ 70E ist der meistverkaufte Zamp-Helm. Mit FIA 8859 und einer atemberaubenden Grafik ist es f\u00fcr nur \u20ac515.83 au\u00dfergew\u00f6hnlich g\u00fcnstig.","breadcrumb":{"@id":"https:\/\/zamphelmets.co\/de\/produkt\/rz-70e-schalter-rot-schwarz-blau\/#breadcrumb"},"inLanguage":"de-DE","potentialAction":[{"@type":"ReadAction","target":["https:\/\/zamphelmets.co\/de\/produkt\/rz-70e-schalter-rot-schwarz-blau\/"]}]},{"@type":"ImageObject","inLanguage":"de-DE","@id":"https:\/\/zamphelmets.co\/de\/produkt\/rz-70e-schalter-rot-schwarz-blau\/#primaryimage","url":"https:\/\/zamphelmets.co\/wp-content\/uploads\/2023\/04\/Screenshot202023-02-0220at2014.59.54.png","contentUrl":"https:\/\/zamphelmets.co\/wp-content\/uploads\/2023\/04\/Screenshot202023-02-0220at2014.59.54.png","width":760,"height":760},{"@type":"BreadcrumbList","@id":"https:\/\/zamphelmets.co\/de\/produkt\/rz-70e-schalter-rot-schwarz-blau\/#breadcrumb","itemListElement":[{"@type":"ListItem","position":1,"name":"Shop","item":"https:\/\/zamphelmets.co\/de\/shop\/"},{"@type":"ListItem","position":2,"name":"RZ 70E Schalter Rot \/ Schwarz \/ Blau"}]},{"@type":"WebSite","@id":"https:\/\/zamphelmets.co\/de\/#website","url":"https:\/\/zamphelmets.co\/de\/","name":"Zamp Helmets | Helmet 28 EU","description":"High Quality Motorsport Helmets","potentialAction":[{"@type":"SearchAction","target":{"@type":"EntryPoint","urlTemplate":"https:\/\/zamphelmets.co\/de\/?s={search_term_string}"},"query-input":{"@type":"PropertyValueSpecification","valueRequired":true,"valueName":"search_term_string"}}],"inLanguage":"de-DE"}]}},"_links":{"self":[{"href":"https:\/\/zamphelmets.co\/de\/wp-json\/wp\/v2\/product\/23388","targetHints":{"allow":["GET"]}}],"collection":[{"href":"https:\/\/zamphelmets.co\/de\/wp-json\/wp\/v2\/product"}],"about":[{"href":"https:\/\/zamphelmets.co\/de\/wp-json\/wp\/v2\/types\/product"}],"replies":[{"embeddable":true,"href":"https:\/\/zamphelmets.co\/de\/wp-json\/wp\/v2\/comments?post=23388"}],"wp:featuredmedia":[{"embeddable":true,"href":"https:\/\/zamphelmets.co\/de\/wp-json\/wp\/v2\/media\/18611"}],"wp:attachment":[{"href":"https:\/\/zamphelmets.co\/de\/wp-json\/wp\/v2\/media?parent=23388"}],"wp:term":[{"taxonomy":"product_brand","embeddable":true,"href":"https:\/\/zamphelmets.co\/de\/wp-json\/wp\/v2\/product_brand?post=23388"},{"taxonomy":"product_cat","embeddable":true,"href":"https:\/\/zamphelmets.co\/de\/wp-json\/wp\/v2\/product_cat?post=23388"},{"taxonomy":"product_tag","embeddable":true,"href":"https:\/\/zamphelmets.co\/de\/wp-json\/wp\/v2\/product_tag?post=23388"}],"curies":[{"name":"wp","href":"https:\/\/api.w.org\/{rel}","templated":true}]}}