{"id":23345,"date":"2023-01-17T19:26:01","date_gmt":"2023-01-17T19:26:01","guid":{"rendered":"https:\/\/zamphelmets.co\/product\/rz-42-jugend-schwarz-rot\/"},"modified":"2026-04-03T17:49:06","modified_gmt":"2026-04-03T17:49:06","slug":"rz-42-jugend-schwarz-rot","status":"publish","type":"product","link":"https:\/\/zamphelmets.co\/de\/produkt\/rz-42-jugend-schwarz-rot\/","title":{"rendered":"RZ 42 Jugend Schwarz \/ Rot"},"content":{"rendered":"<p class=\"_3vFF3xH4Yd\" dir=\"ltr\">Brandneu f\u00fcr 2023 ist der Zamp RZ-42Y CMR Youth Black\/Red der ultimative Karting Helm mit CMR2016. Entwickelt f\u00fcr Junior-Rennfahrer im Kartsport, die die Standard-CMR-Homologation ben\u00f6tigen. Der RZ-42Y ist <strong>kleiner<\/strong> und <strong>leichter<\/strong>, verf\u00fcgt aber dennoch \u00fcber die gleichen Merkmale und Funktionen wie der Helm f\u00fcr Erwachsene.<\/p>\n<p dir=\"ltr\"><strong>Dies ist ein Helm, der speziell f\u00fcr Kinder entwickelt wurde. Es ist nicht angebracht, diesen Helm als Erwachsener zu tragen, siehe <a href=\"https:\/\/zamphelmets.co\/faqs\/#:~:text=I%20Have%20A%20Small%20Head%2C%20Can%20I%20Wear%20A%20Youth%20Helmet%3F\">LINK HIER<\/a> f\u00fcr weitere Details.<\/strong><\/p>\n<p dir=\"ltr\">Konstruiert aus einer superleichten Fiberglas-Verbundschale mit mehreren Bel\u00fcftungs\u00f6ffnungen f\u00fcr optimale Ventilation. Der Helm wird au\u00dferdem mit herausnehmbaren Innenschuhen geliefert, damit Sie Ihren Helm einfach und effizient waschen k\u00f6nnen.<\/p>\n<p dir=\"ltr\">Dieser vorlackierte, atemberaubende Helm in den Farben Schwarz und Rot ist hervorragend verarbeitet und hebt sich von anderen f\u00fchrenden Markenhelmen ab. Die Zamp-Grafik in Schwarz\/Rot ist eine hervorragende Alternative zu einer Nachlackierung, die nur einen Bruchteil der Kosten verursacht.<\/p>\n<ul>\n<li class=\"_3vFF3xH4Yd\">Kleineres und leichteres Geh\u00e4use<\/li>\n<li class=\"_3vFF3xH4Yd\">Leichte Schale aus Kevlar-Mix<\/li>\n<li class=\"_3vFF3xH4Yd\">Pl\u00fcschiges, feuerhemmendes Interieur<\/li>\n<li class=\"_3vFF3xH4Yd\">Z-20 Serie 2.5mm Klarer Schutzschild<\/li>\n<li>Inklusive Heckspoiler<\/li>\n<li class=\"_3vFF3xH4Yd\">Herausnehmbares\/waschbares Komfort-Futter<\/li>\n<li>Obere Lufteinlass\u00f6ffnung plus Kinnb\u00fcgelentl\u00fcftung. Erm\u00f6glicht den Betrieb der Zubeh\u00f6roption Forced Air<\/li>\n<li class=\"_3vFF3xH4Yd\">SNELL CMR2016 Standard<\/li>\n<li class=\"_3vFF3xH4Yd\">Verf\u00fcgbare Gr\u00f6\u00dfen: 52cm, 54cm, 56cm, 57cm, 59cm<\/li>\n<\/ul>\n<p>&nbsp;<\/p>\n<p>Bitte beachten Sie: Wenn Sie zwischen zwei Gr\u00f6\u00dfen messen, empfehlen wir Ihnen, eine Gr\u00f6\u00dfe gr\u00f6\u00dfer zu w\u00e4hlen als Ihre \u00fcbliche Passform, um optimalen Komfort und den richtigen Sitz des Helms zu gew\u00e4hrleisten.<\/p>\n<p><img decoding=\"async\" class=\"alignnone wp-image-202049 lazyload\" data-src=\"https:\/\/zamphelmets.co\/wp-content\/uploads\/2025\/05\/Zamp-Helmets-sizing-guide-scaled.png\" alt=\"\" width=\"518\" height=\"518\" data-srcset=\"https:\/\/zamphelmets.co\/wp-content\/uploads\/2025\/05\/Zamp-Helmets-sizing-guide-scaled.png 2560w, https:\/\/zamphelmets.co\/wp-content\/uploads\/2025\/05\/Zamp-Helmets-sizing-guide-300x300.png 300w, https:\/\/zamphelmets.co\/wp-content\/uploads\/2025\/05\/Zamp-Helmets-sizing-guide-1024x1024.png 1024w, https:\/\/zamphelmets.co\/wp-content\/uploads\/2025\/05\/Zamp-Helmets-sizing-guide-150x150.png 150w, https:\/\/zamphelmets.co\/wp-content\/uploads\/2025\/05\/Zamp-Helmets-sizing-guide-768x768.png 768w, https:\/\/zamphelmets.co\/wp-content\/uploads\/2025\/05\/Zamp-Helmets-sizing-guide-1536x1536.png 1536w, https:\/\/zamphelmets.co\/wp-content\/uploads\/2025\/05\/Zamp-Helmets-sizing-guide-2048x2048.png 2048w, https:\/\/zamphelmets.co\/wp-content\/uploads\/2025\/05\/Zamp-Helmets-sizing-guide-600x600.png 600w, https:\/\/zamphelmets.co\/wp-content\/uploads\/2025\/05\/Zamp-Helmets-sizing-guide-100x100.png 100w\" data-sizes=\"(max-width: 518px) 100vw, 518px\" src=\"data:image\/svg+xml;base64,PHN2ZyB3aWR0aD0iMSIgaGVpZ2h0PSIxIiB4bWxucz0iaHR0cDovL3d3dy53My5vcmcvMjAwMC9zdmciPjwvc3ZnPg==\" style=\"--smush-placeholder-width: 518px; --smush-placeholder-aspect-ratio: 518\/518;\" \/><\/p>\n<div id=\"product-10089\" class=\"product type-product post-10089 status-publish first instock product_cat-fia product_cat-snell-2020-sa2020 product_cat-zamp has-post-thumbnail taxable shipping-taxable purchasable product-type-variable\">\n<div class=\"woocommerce-tabs wc-tabs-wrapper\">\n<div id=\"tab-description\" class=\"woocommerce-Tabs-panel woocommerce-Tabs-panel--description panel entry-content wc-tab\" role=\"tabpanel\" aria-labelledby=\"tab-title-description\">\n<p><strong>Unsicher bei der Gr\u00f6\u00dfenbestimmung? <\/strong><a href=\"https:\/\/form.jotform.com\/251263198513053\">F\u00fcllen Sie unser Gr\u00f6\u00dfenformular aus<\/a> und ein Mitglied unseres Teams wird sich mit unseren Empfehlungen bei Ihnen melden.<\/p>\n<\/div>\n<\/div>\n<\/div>\n","protected":false},"excerpt":{"rendered":"<p>Brandneu f\u00fcr 2023 ist der Zamp RZ-42Y CMR Youth Black\/Red der ultimative Karting Helm mit CMR2016. Entwickelt f\u00fcr Junior-Rennfahrer im Kartsport, die die Standard-CMR-Homologation ben\u00f6tigen. Der RZ-42Y ist kleiner und leichter, verf\u00fcgt aber dennoch \u00fcber die gleichen Merkmale und Funktionen wie der Helm f\u00fcr Erwachsene. Dies ist ein Helm, der speziell f\u00fcr Kinder entwickelt wurde. [&hellip;]<\/p>\n","protected":false},"featured_media":18156,"comment_status":"open","ping_status":"closed","template":"","meta":{"_acf_changed":false,"_iconic_wsb_product_page_order_bump_ids":[[]],"_sku":["HE753C42"],"_iconic_wsb_product_page_bump_modal_ids":[[]]},"product_brand":[],"product_cat":[199,277,124],"product_tag":[],"class_list":{"0":"post-23345","1":"product","2":"type-product","3":"status-publish","4":"has-post-thumbnail","6":"product_cat-zamp-helme","7":"product_cat-jugend-cmr-2016","8":"product_cat-zamp-de","10":"first","11":"instock","12":"taxable","13":"shipping-taxable","14":"purchasable","15":"product-type-variable"},"acf":[],"yoast_head":"<!-- This site is optimized with the Yoast SEO plugin v27.0 - https:\/\/yoast.com\/product\/yoast-seo-wordpress\/ -->\n<title>RZ 42 Jugend Schwarz \/ Rot \u20ac270.83 - Zamp Helmets | Helmet 28 EU<\/title>\n<meta name=\"description\" content=\"Der Zamp RZ 42Y ist in einer brandneuen schwarz\/roten Grafik erh\u00e4ltlich. Der beliebteste Helm der CMR 2016 hat gerade einen neuen Look bekommen\" \/>\n<meta name=\"robots\" content=\"index, follow, max-snippet:-1, max-image-preview:large, max-video-preview:-1\" \/>\n<link rel=\"canonical\" href=\"https:\/\/zamphelmets.co\/de\/produkt\/rz-42-jugend-schwarz-rot\/\" \/>\n<meta property=\"og:locale\" content=\"de_DE\" \/>\n<meta property=\"og:type\" content=\"article\" \/>\n<meta property=\"og:title\" content=\"RZ 42 Jugend Schwarz \/ Rot \u20ac270.83 - Zamp Helmets | Helmet 28 EU\" \/>\n<meta property=\"og:description\" content=\"Der Zamp RZ 42Y ist in einer brandneuen schwarz\/roten Grafik erh\u00e4ltlich. Der beliebteste Helm der CMR 2016 hat gerade einen neuen Look bekommen\" \/>\n<meta property=\"og:url\" content=\"https:\/\/zamphelmets.co\/de\/produkt\/rz-42-jugend-schwarz-rot\/\" \/>\n<meta property=\"og:site_name\" content=\"Zamp Helmets | Helmet 28 EU\" \/>\n<meta property=\"article:modified_time\" content=\"2026-04-03T17:49:06+00:00\" \/>\n<meta property=\"og:image\" content=\"https:\/\/zamphelmets.co\/wp-content\/uploads\/2023\/01\/RZ-42Y-BlackRed.jpg\" \/>\n\t<meta property=\"og:image:width\" content=\"1500\" \/>\n\t<meta property=\"og:image:height\" content=\"1500\" \/>\n\t<meta property=\"og:image:type\" content=\"image\/jpeg\" \/>\n<meta name=\"twitter:card\" content=\"summary_large_image\" \/>\n<meta name=\"twitter:label1\" content=\"Est. reading time\" \/>\n\t<meta name=\"twitter:data1\" content=\"1 Minute\" \/>\n<script type=\"application\/ld+json\" class=\"yoast-schema-graph\">{\"@context\":\"https:\/\/schema.org\",\"@graph\":[{\"@type\":\"WebPage\",\"@id\":\"https:\/\/zamphelmets.co\/de\/produkt\/rz-42-jugend-schwarz-rot\/\",\"url\":\"https:\/\/zamphelmets.co\/de\/produkt\/rz-42-jugend-schwarz-rot\/\",\"name\":\"RZ 42 Jugend Schwarz \/ Rot \u20ac270.83 - Zamp Helmets | Helmet 28 EU\",\"isPartOf\":{\"@id\":\"https:\/\/zamphelmets.co\/de\/#website\"},\"primaryImageOfPage\":{\"@id\":\"https:\/\/zamphelmets.co\/de\/produkt\/rz-42-jugend-schwarz-rot\/#primaryimage\"},\"image\":{\"@id\":\"https:\/\/zamphelmets.co\/de\/produkt\/rz-42-jugend-schwarz-rot\/#primaryimage\"},\"thumbnailUrl\":\"https:\/\/zamphelmets.co\/wp-content\/uploads\/2023\/01\/RZ-42Y-BlackRed.jpg\",\"datePublished\":\"2023-01-17T19:26:01+00:00\",\"dateModified\":\"2026-04-03T17:49:06+00:00\",\"description\":\"Der Zamp RZ 42Y ist in einer brandneuen schwarz\/roten Grafik erh\u00e4ltlich. Der beliebteste Helm der CMR 2016 hat gerade einen neuen Look bekommen\",\"breadcrumb\":{\"@id\":\"https:\/\/zamphelmets.co\/de\/produkt\/rz-42-jugend-schwarz-rot\/#breadcrumb\"},\"inLanguage\":\"de-DE\",\"potentialAction\":[{\"@type\":\"ReadAction\",\"target\":[\"https:\/\/zamphelmets.co\/de\/produkt\/rz-42-jugend-schwarz-rot\/\"]}]},{\"@type\":\"ImageObject\",\"inLanguage\":\"de-DE\",\"@id\":\"https:\/\/zamphelmets.co\/de\/produkt\/rz-42-jugend-schwarz-rot\/#primaryimage\",\"url\":\"https:\/\/zamphelmets.co\/wp-content\/uploads\/2023\/01\/RZ-42Y-BlackRed.jpg\",\"contentUrl\":\"https:\/\/zamphelmets.co\/wp-content\/uploads\/2023\/01\/RZ-42Y-BlackRed.jpg\",\"width\":1500,\"height\":1500},{\"@type\":\"BreadcrumbList\",\"@id\":\"https:\/\/zamphelmets.co\/de\/produkt\/rz-42-jugend-schwarz-rot\/#breadcrumb\",\"itemListElement\":[{\"@type\":\"ListItem\",\"position\":1,\"name\":\"Shop\",\"item\":\"https:\/\/zamphelmets.co\/de\/shop\/\"},{\"@type\":\"ListItem\",\"position\":2,\"name\":\"RZ 42 Jugend Schwarz \/ Rot\"}]},{\"@type\":\"WebSite\",\"@id\":\"https:\/\/zamphelmets.co\/de\/#website\",\"url\":\"https:\/\/zamphelmets.co\/de\/\",\"name\":\"Zamp Helmets | Helmet 28 EU\",\"description\":\"High Quality Motorsport Helmets\",\"potentialAction\":[{\"@type\":\"SearchAction\",\"target\":{\"@type\":\"EntryPoint\",\"urlTemplate\":\"https:\/\/zamphelmets.co\/de\/?s={search_term_string}\"},\"query-input\":{\"@type\":\"PropertyValueSpecification\",\"valueRequired\":true,\"valueName\":\"search_term_string\"}}],\"inLanguage\":\"de-DE\"}]}<\/script>\n<!-- \/ Yoast SEO plugin. -->","yoast_head_json":{"title":"RZ 42 Jugend Schwarz \/ Rot \u20ac270.83 - Zamp Helmets | Helmet 28 EU","description":"Der Zamp RZ 42Y ist in einer brandneuen schwarz\/roten Grafik erh\u00e4ltlich. Der beliebteste Helm der CMR 2016 hat gerade einen neuen Look bekommen","robots":{"index":"index","follow":"follow","max-snippet":"max-snippet:-1","max-image-preview":"max-image-preview:large","max-video-preview":"max-video-preview:-1"},"canonical":"https:\/\/zamphelmets.co\/de\/produkt\/rz-42-jugend-schwarz-rot\/","og_locale":"de_DE","og_type":"article","og_title":"RZ 42 Jugend Schwarz \/ Rot \u20ac270.83 - Zamp Helmets | Helmet 28 EU","og_description":"Der Zamp RZ 42Y ist in einer brandneuen schwarz\/roten Grafik erh\u00e4ltlich. Der beliebteste Helm der CMR 2016 hat gerade einen neuen Look bekommen","og_url":"https:\/\/zamphelmets.co\/de\/produkt\/rz-42-jugend-schwarz-rot\/","og_site_name":"Zamp Helmets | Helmet 28 EU","article_modified_time":"2026-04-03T17:49:06+00:00","og_image":[{"width":1500,"height":1500,"url":"https:\/\/zamphelmets.co\/wp-content\/uploads\/2023\/01\/RZ-42Y-BlackRed.jpg","type":"image\/jpeg"}],"twitter_card":"summary_large_image","twitter_misc":{"Est. reading time":"1 Minute"},"schema":{"@context":"https:\/\/schema.org","@graph":[{"@type":"WebPage","@id":"https:\/\/zamphelmets.co\/de\/produkt\/rz-42-jugend-schwarz-rot\/","url":"https:\/\/zamphelmets.co\/de\/produkt\/rz-42-jugend-schwarz-rot\/","name":"RZ 42 Jugend Schwarz \/ Rot \u20ac270.83 - Zamp Helmets | Helmet 28 EU","isPartOf":{"@id":"https:\/\/zamphelmets.co\/de\/#website"},"primaryImageOfPage":{"@id":"https:\/\/zamphelmets.co\/de\/produkt\/rz-42-jugend-schwarz-rot\/#primaryimage"},"image":{"@id":"https:\/\/zamphelmets.co\/de\/produkt\/rz-42-jugend-schwarz-rot\/#primaryimage"},"thumbnailUrl":"https:\/\/zamphelmets.co\/wp-content\/uploads\/2023\/01\/RZ-42Y-BlackRed.jpg","datePublished":"2023-01-17T19:26:01+00:00","dateModified":"2026-04-03T17:49:06+00:00","description":"Der Zamp RZ 42Y ist in einer brandneuen schwarz\/roten Grafik erh\u00e4ltlich. Der beliebteste Helm der CMR 2016 hat gerade einen neuen Look bekommen","breadcrumb":{"@id":"https:\/\/zamphelmets.co\/de\/produkt\/rz-42-jugend-schwarz-rot\/#breadcrumb"},"inLanguage":"de-DE","potentialAction":[{"@type":"ReadAction","target":["https:\/\/zamphelmets.co\/de\/produkt\/rz-42-jugend-schwarz-rot\/"]}]},{"@type":"ImageObject","inLanguage":"de-DE","@id":"https:\/\/zamphelmets.co\/de\/produkt\/rz-42-jugend-schwarz-rot\/#primaryimage","url":"https:\/\/zamphelmets.co\/wp-content\/uploads\/2023\/01\/RZ-42Y-BlackRed.jpg","contentUrl":"https:\/\/zamphelmets.co\/wp-content\/uploads\/2023\/01\/RZ-42Y-BlackRed.jpg","width":1500,"height":1500},{"@type":"BreadcrumbList","@id":"https:\/\/zamphelmets.co\/de\/produkt\/rz-42-jugend-schwarz-rot\/#breadcrumb","itemListElement":[{"@type":"ListItem","position":1,"name":"Shop","item":"https:\/\/zamphelmets.co\/de\/shop\/"},{"@type":"ListItem","position":2,"name":"RZ 42 Jugend Schwarz \/ Rot"}]},{"@type":"WebSite","@id":"https:\/\/zamphelmets.co\/de\/#website","url":"https:\/\/zamphelmets.co\/de\/","name":"Zamp Helmets | Helmet 28 EU","description":"High Quality Motorsport Helmets","potentialAction":[{"@type":"SearchAction","target":{"@type":"EntryPoint","urlTemplate":"https:\/\/zamphelmets.co\/de\/?s={search_term_string}"},"query-input":{"@type":"PropertyValueSpecification","valueRequired":true,"valueName":"search_term_string"}}],"inLanguage":"de-DE"}]}},"_links":{"self":[{"href":"https:\/\/zamphelmets.co\/de\/wp-json\/wp\/v2\/product\/23345","targetHints":{"allow":["GET"]}}],"collection":[{"href":"https:\/\/zamphelmets.co\/de\/wp-json\/wp\/v2\/product"}],"about":[{"href":"https:\/\/zamphelmets.co\/de\/wp-json\/wp\/v2\/types\/product"}],"replies":[{"embeddable":true,"href":"https:\/\/zamphelmets.co\/de\/wp-json\/wp\/v2\/comments?post=23345"}],"wp:featuredmedia":[{"embeddable":true,"href":"https:\/\/zamphelmets.co\/de\/wp-json\/wp\/v2\/media\/18156"}],"wp:attachment":[{"href":"https:\/\/zamphelmets.co\/de\/wp-json\/wp\/v2\/media?parent=23345"}],"wp:term":[{"taxonomy":"product_brand","embeddable":true,"href":"https:\/\/zamphelmets.co\/de\/wp-json\/wp\/v2\/product_brand?post=23345"},{"taxonomy":"product_cat","embeddable":true,"href":"https:\/\/zamphelmets.co\/de\/wp-json\/wp\/v2\/product_cat?post=23345"},{"taxonomy":"product_tag","embeddable":true,"href":"https:\/\/zamphelmets.co\/de\/wp-json\/wp\/v2\/product_tag?post=23345"}],"curies":[{"name":"wp","href":"https:\/\/api.w.org\/{rel}","templated":true}]}}