{"id":23271,"date":"2023-11-23T12:51:58","date_gmt":"2023-11-23T12:51:58","guid":{"rendered":"https:\/\/zamphelmets.co\/product\/alpinestars-sequence-nackenprotektor-blau\/"},"modified":"2024-11-06T16:46:04","modified_gmt":"2024-11-06T16:46:04","slug":"alpinestars-sequence-nackenprotektor-blau","status":"publish","type":"product","link":"https:\/\/zamphelmets.co\/de\/produkt\/alpinestars-sequence-nackenprotektor-blau\/","title":{"rendered":"Alpinestars SEQUENCE Nackenprotektor Blau"},"content":{"rendered":"<div>Die Alpinestars Sequence Youth Neck Roll wurde speziell f\u00fcr j\u00fcngere Fahrer entworfen und entwickelt. Die Sequence Youth Neck Roll ist der Startpunkt auf der Reise eines Juniorfahrers zur Bionic Neck Support. Der Rahmen der Sequence Neck Roll ist ergonomisch auf die Bed\u00fcrfnisse des jungen Fahrers abgestimmt und leitet die Energie des Aufpralls vom oberen Nacken weg.<\/div>\n<div><\/div>\n<div><\/div>\n<div><strong>KONSTRUKTION<\/strong><\/div>\n<div>&#8211; Neuer hybrider Nackenschutz f\u00fcr Kinder mit verl\u00e4ngertem Heck f\u00fcr Stabilit\u00e4t in hoher Position.<\/div>\n<div>&#8211; Ergonomisch gestaltete Form f\u00fcr Kinder von 6 &#8211; 10 Jahren (S\/M). und von 10-14 Jahren (L\/XL)<\/div>\n<div>&#8211; Der Kern mit doppelter Dichte besteht aus einer weichen PU-Schaumbasis, in die eine harte EVA-Schicht zur Energiedissipation eingebettet ist.<\/div>\n<div>&#8211; Der untere und innere weiche Teil (Nackenseite) bietet Komfort f\u00fcr Schulter und Nacken, der harte Teil am oberen Teil sorgt f\u00fcr Stabilit\u00e4t und verteilt die Kr\u00e4fte, wenn der Helm aufprallt.<\/div>\n<div><\/div>\n<div><\/div>\n<div><strong>SCHL\u00dcSSEL-MERKMALE<\/strong><\/div>\n<div>&#8211; Einfach zu bedienender weicher Riemenverschluss an der Vorderseite.<\/div>\n<div>&#8211; \u00c4u\u00dferst kompatibel mit allen anderen Protektoren und Jacken.<\/div>\n<div>&#8211; Die \u00e4u\u00dfere Abdeckung kann zum Waschen durch eine Klettverschluss\u00f6ffnung auf der R\u00fcckseite vom Kern abgezogen werden.<\/div>\n<div><\/div>\n<div><\/div>\n<div>S\/M &#8211; 6-7 &amp; 8-10 Jahre<\/div>\n<div>L\/XL &#8211; 11-12 &amp; 13\/14 Jahre<\/div>\n","protected":false},"excerpt":{"rendered":"<p>Die Alpinestars Sequence Youth Neck Roll wurde speziell f\u00fcr j\u00fcngere Fahrer entworfen und entwickelt. Die Sequence Youth Neck Roll ist der Startpunkt auf der Reise eines Juniorfahrers zur Bionic Neck Support. Der Rahmen der Sequence Neck Roll ist ergonomisch auf die Bed\u00fcrfnisse des jungen Fahrers abgestimmt und leitet die Energie des Aufpralls vom oberen Nacken [&hellip;]<\/p>\n","protected":false},"featured_media":19339,"comment_status":"open","ping_status":"closed","template":"","meta":{"_acf_changed":false,"_iconic_wsb_product_page_order_bump_ids":[[]],"_sku":["6741018-177"],"_iconic_wsb_product_page_bump_modal_ids":[[]]},"product_brand":[],"product_cat":[219,287,125,126],"product_tag":[],"class_list":{"0":"post-23271","1":"product","2":"type-product","3":"status-publish","4":"has-post-thumbnail","6":"product_cat-andere-de","7":"product_cat-schutz","8":"product_cat-zubehor","9":"product_cat-zubehor-fur-helme","11":"first","12":"instock","13":"taxable","14":"shipping-taxable","15":"purchasable","16":"product-type-variable"},"acf":[],"yoast_head":"<!-- This site is optimized with the Yoast SEO plugin v27.0 - https:\/\/yoast.com\/product\/yoast-seo-wordpress\/ -->\n<title>Alpinestars SEQUENCE Nackenprotektor Blau - Zamp Helmets | Helmet 28 EU<\/title>\n<meta name=\"description\" content=\"Die Sequence Youth Neck Roll wurde speziell f\u00fcr j\u00fcngere Fahrer entworfen und entwickelt. Ergonomisch gestaltete Form f\u00fcr Kinder von 6 bis 14 Jahren\" \/>\n<meta name=\"robots\" content=\"index, follow, max-snippet:-1, max-image-preview:large, max-video-preview:-1\" \/>\n<link rel=\"canonical\" href=\"https:\/\/zamphelmets.co\/de\/produkt\/alpinestars-sequence-nackenprotektor-blau\/\" \/>\n<meta property=\"og:locale\" content=\"de_DE\" \/>\n<meta property=\"og:type\" content=\"article\" \/>\n<meta property=\"og:title\" content=\"Alpinestars SEQUENCE Nackenprotektor Blau - Zamp Helmets | Helmet 28 EU\" \/>\n<meta property=\"og:description\" content=\"Die Sequence Youth Neck Roll wurde speziell f\u00fcr j\u00fcngere Fahrer entworfen und entwickelt. Ergonomisch gestaltete Form f\u00fcr Kinder von 6 bis 14 Jahren\" \/>\n<meta property=\"og:url\" content=\"https:\/\/zamphelmets.co\/de\/produkt\/alpinestars-sequence-nackenprotektor-blau\/\" \/>\n<meta property=\"og:site_name\" content=\"Zamp Helmets | Helmet 28 EU\" \/>\n<meta property=\"article:modified_time\" content=\"2024-11-06T16:46:04+00:00\" \/>\n<meta property=\"og:image\" content=\"https:\/\/zamphelmets.co\/wp-content\/uploads\/2023\/11\/blue.jpeg\" \/>\n\t<meta property=\"og:image:width\" content=\"930\" \/>\n\t<meta property=\"og:image:height\" content=\"1000\" \/>\n\t<meta property=\"og:image:type\" content=\"image\/jpeg\" \/>\n<meta name=\"twitter:card\" content=\"summary_large_image\" \/>\n<meta name=\"twitter:label1\" content=\"Est. reading time\" \/>\n\t<meta name=\"twitter:data1\" content=\"1 Minute\" \/>\n<script type=\"application\/ld+json\" class=\"yoast-schema-graph\">{\"@context\":\"https:\/\/schema.org\",\"@graph\":[{\"@type\":\"WebPage\",\"@id\":\"https:\/\/zamphelmets.co\/de\/produkt\/alpinestars-sequence-nackenprotektor-blau\/\",\"url\":\"https:\/\/zamphelmets.co\/de\/produkt\/alpinestars-sequence-nackenprotektor-blau\/\",\"name\":\"Alpinestars SEQUENCE Nackenprotektor Blau - Zamp Helmets | Helmet 28 EU\",\"isPartOf\":{\"@id\":\"https:\/\/zamphelmets.co\/de\/#website\"},\"primaryImageOfPage\":{\"@id\":\"https:\/\/zamphelmets.co\/de\/produkt\/alpinestars-sequence-nackenprotektor-blau\/#primaryimage\"},\"image\":{\"@id\":\"https:\/\/zamphelmets.co\/de\/produkt\/alpinestars-sequence-nackenprotektor-blau\/#primaryimage\"},\"thumbnailUrl\":\"https:\/\/zamphelmets.co\/wp-content\/uploads\/2023\/11\/blue.jpeg\",\"datePublished\":\"2023-11-23T12:51:58+00:00\",\"dateModified\":\"2024-11-06T16:46:04+00:00\",\"description\":\"Die Sequence Youth Neck Roll wurde speziell f\u00fcr j\u00fcngere Fahrer entworfen und entwickelt. Ergonomisch gestaltete Form f\u00fcr Kinder von 6 bis 14 Jahren\",\"breadcrumb\":{\"@id\":\"https:\/\/zamphelmets.co\/de\/produkt\/alpinestars-sequence-nackenprotektor-blau\/#breadcrumb\"},\"inLanguage\":\"de-DE\",\"potentialAction\":[{\"@type\":\"ReadAction\",\"target\":[\"https:\/\/zamphelmets.co\/de\/produkt\/alpinestars-sequence-nackenprotektor-blau\/\"]}]},{\"@type\":\"ImageObject\",\"inLanguage\":\"de-DE\",\"@id\":\"https:\/\/zamphelmets.co\/de\/produkt\/alpinestars-sequence-nackenprotektor-blau\/#primaryimage\",\"url\":\"https:\/\/zamphelmets.co\/wp-content\/uploads\/2023\/11\/blue.jpeg\",\"contentUrl\":\"https:\/\/zamphelmets.co\/wp-content\/uploads\/2023\/11\/blue.jpeg\",\"width\":930,\"height\":1000},{\"@type\":\"BreadcrumbList\",\"@id\":\"https:\/\/zamphelmets.co\/de\/produkt\/alpinestars-sequence-nackenprotektor-blau\/#breadcrumb\",\"itemListElement\":[{\"@type\":\"ListItem\",\"position\":1,\"name\":\"Shop\",\"item\":\"https:\/\/zamphelmets.co\/de\/shop\/\"},{\"@type\":\"ListItem\",\"position\":2,\"name\":\"Alpinestars SEQUENCE Nackenprotektor Blau\"}]},{\"@type\":\"WebSite\",\"@id\":\"https:\/\/zamphelmets.co\/de\/#website\",\"url\":\"https:\/\/zamphelmets.co\/de\/\",\"name\":\"Zamp Helmets | Helmet 28 EU\",\"description\":\"High Quality Motorsport Helmets\",\"potentialAction\":[{\"@type\":\"SearchAction\",\"target\":{\"@type\":\"EntryPoint\",\"urlTemplate\":\"https:\/\/zamphelmets.co\/de\/?s={search_term_string}\"},\"query-input\":{\"@type\":\"PropertyValueSpecification\",\"valueRequired\":true,\"valueName\":\"search_term_string\"}}],\"inLanguage\":\"de-DE\"}]}<\/script>\n<!-- \/ Yoast SEO plugin. -->","yoast_head_json":{"title":"Alpinestars SEQUENCE Nackenprotektor Blau - Zamp Helmets | Helmet 28 EU","description":"Die Sequence Youth Neck Roll wurde speziell f\u00fcr j\u00fcngere Fahrer entworfen und entwickelt. Ergonomisch gestaltete Form f\u00fcr Kinder von 6 bis 14 Jahren","robots":{"index":"index","follow":"follow","max-snippet":"max-snippet:-1","max-image-preview":"max-image-preview:large","max-video-preview":"max-video-preview:-1"},"canonical":"https:\/\/zamphelmets.co\/de\/produkt\/alpinestars-sequence-nackenprotektor-blau\/","og_locale":"de_DE","og_type":"article","og_title":"Alpinestars SEQUENCE Nackenprotektor Blau - Zamp Helmets | Helmet 28 EU","og_description":"Die Sequence Youth Neck Roll wurde speziell f\u00fcr j\u00fcngere Fahrer entworfen und entwickelt. Ergonomisch gestaltete Form f\u00fcr Kinder von 6 bis 14 Jahren","og_url":"https:\/\/zamphelmets.co\/de\/produkt\/alpinestars-sequence-nackenprotektor-blau\/","og_site_name":"Zamp Helmets | Helmet 28 EU","article_modified_time":"2024-11-06T16:46:04+00:00","og_image":[{"width":930,"height":1000,"url":"https:\/\/zamphelmets.co\/wp-content\/uploads\/2023\/11\/blue.jpeg","type":"image\/jpeg"}],"twitter_card":"summary_large_image","twitter_misc":{"Est. reading time":"1 Minute"},"schema":{"@context":"https:\/\/schema.org","@graph":[{"@type":"WebPage","@id":"https:\/\/zamphelmets.co\/de\/produkt\/alpinestars-sequence-nackenprotektor-blau\/","url":"https:\/\/zamphelmets.co\/de\/produkt\/alpinestars-sequence-nackenprotektor-blau\/","name":"Alpinestars SEQUENCE Nackenprotektor Blau - Zamp Helmets | Helmet 28 EU","isPartOf":{"@id":"https:\/\/zamphelmets.co\/de\/#website"},"primaryImageOfPage":{"@id":"https:\/\/zamphelmets.co\/de\/produkt\/alpinestars-sequence-nackenprotektor-blau\/#primaryimage"},"image":{"@id":"https:\/\/zamphelmets.co\/de\/produkt\/alpinestars-sequence-nackenprotektor-blau\/#primaryimage"},"thumbnailUrl":"https:\/\/zamphelmets.co\/wp-content\/uploads\/2023\/11\/blue.jpeg","datePublished":"2023-11-23T12:51:58+00:00","dateModified":"2024-11-06T16:46:04+00:00","description":"Die Sequence Youth Neck Roll wurde speziell f\u00fcr j\u00fcngere Fahrer entworfen und entwickelt. Ergonomisch gestaltete Form f\u00fcr Kinder von 6 bis 14 Jahren","breadcrumb":{"@id":"https:\/\/zamphelmets.co\/de\/produkt\/alpinestars-sequence-nackenprotektor-blau\/#breadcrumb"},"inLanguage":"de-DE","potentialAction":[{"@type":"ReadAction","target":["https:\/\/zamphelmets.co\/de\/produkt\/alpinestars-sequence-nackenprotektor-blau\/"]}]},{"@type":"ImageObject","inLanguage":"de-DE","@id":"https:\/\/zamphelmets.co\/de\/produkt\/alpinestars-sequence-nackenprotektor-blau\/#primaryimage","url":"https:\/\/zamphelmets.co\/wp-content\/uploads\/2023\/11\/blue.jpeg","contentUrl":"https:\/\/zamphelmets.co\/wp-content\/uploads\/2023\/11\/blue.jpeg","width":930,"height":1000},{"@type":"BreadcrumbList","@id":"https:\/\/zamphelmets.co\/de\/produkt\/alpinestars-sequence-nackenprotektor-blau\/#breadcrumb","itemListElement":[{"@type":"ListItem","position":1,"name":"Shop","item":"https:\/\/zamphelmets.co\/de\/shop\/"},{"@type":"ListItem","position":2,"name":"Alpinestars SEQUENCE Nackenprotektor Blau"}]},{"@type":"WebSite","@id":"https:\/\/zamphelmets.co\/de\/#website","url":"https:\/\/zamphelmets.co\/de\/","name":"Zamp Helmets | Helmet 28 EU","description":"High Quality Motorsport Helmets","potentialAction":[{"@type":"SearchAction","target":{"@type":"EntryPoint","urlTemplate":"https:\/\/zamphelmets.co\/de\/?s={search_term_string}"},"query-input":{"@type":"PropertyValueSpecification","valueRequired":true,"valueName":"search_term_string"}}],"inLanguage":"de-DE"}]}},"_links":{"self":[{"href":"https:\/\/zamphelmets.co\/de\/wp-json\/wp\/v2\/product\/23271","targetHints":{"allow":["GET"]}}],"collection":[{"href":"https:\/\/zamphelmets.co\/de\/wp-json\/wp\/v2\/product"}],"about":[{"href":"https:\/\/zamphelmets.co\/de\/wp-json\/wp\/v2\/types\/product"}],"replies":[{"embeddable":true,"href":"https:\/\/zamphelmets.co\/de\/wp-json\/wp\/v2\/comments?post=23271"}],"wp:featuredmedia":[{"embeddable":true,"href":"https:\/\/zamphelmets.co\/de\/wp-json\/wp\/v2\/media\/19339"}],"wp:attachment":[{"href":"https:\/\/zamphelmets.co\/de\/wp-json\/wp\/v2\/media?parent=23271"}],"wp:term":[{"taxonomy":"product_brand","embeddable":true,"href":"https:\/\/zamphelmets.co\/de\/wp-json\/wp\/v2\/product_brand?post=23271"},{"taxonomy":"product_cat","embeddable":true,"href":"https:\/\/zamphelmets.co\/de\/wp-json\/wp\/v2\/product_cat?post=23271"},{"taxonomy":"product_tag","embeddable":true,"href":"https:\/\/zamphelmets.co\/de\/wp-json\/wp\/v2\/product_tag?post=23271"}],"curies":[{"name":"wp","href":"https:\/\/api.w.org\/{rel}","templated":true}]}}