{"id":22971,"date":"2022-11-18T13:27:38","date_gmt":"2022-11-18T13:27:38","guid":{"rendered":"https:\/\/zamphelmets.co\/product\/zamp-rz-62-wangenpads\/"},"modified":"2022-11-18T13:27:38","modified_gmt":"2022-11-18T13:27:38","slug":"zamp-rz-62-wangenpads","status":"publish","type":"product","link":"https:\/\/zamphelmets.co\/de\/produkt\/zamp-rz-62-wangenpads\/","title":{"rendered":"Zamp RZ-62 Wangenpads"},"content":{"rendered":"<p>Ersatzwangenpolster f\u00fcr die beliebten RZ 62 Helme. Wenn Sie die Innenausstattung Ihres Helms auffrischen oder die Gr\u00f6\u00dfe \u00e4ndern m\u00f6chten, sind diese Wangenpolster eine gro\u00dfartige Option.<\/p>\n<p>Erh\u00e4ltlich in 6 Gr\u00f6\u00dfen XS, S, M, L, XL, XXL.<\/p>\n<p>Bitte beachten Sie, dass diese Helme 2 Schalengr\u00f6\u00dfen haben. Die kleinere Shell kann mit den Gr\u00f6\u00dfen XS, S und M ausgestattet werden. Die gr\u00f6\u00dfere Shell kann mit den Gr\u00f6\u00dfen L, XL und XXL ausgestattet werden.<\/p>\n<p>SCHALE 1 &#8211; XS | S | M<\/p>\n<p>SCHALE 2 &#8211; L | XL | XXL<\/p>\n","protected":false},"excerpt":{"rendered":"<p>Ersatzwangenpolster f\u00fcr die beliebten RZ 62 Helme. Wenn Sie die Innenausstattung Ihres Helms auffrischen oder die Gr\u00f6\u00dfe \u00e4ndern m\u00f6chten, sind diese Wangenpolster eine gro\u00dfartige Option. Erh\u00e4ltlich in 6 Gr\u00f6\u00dfen XS, S, M, L, XL, XXL. Bitte beachten Sie, dass diese Helme 2 Schalengr\u00f6\u00dfen haben. Die kleinere Shell kann mit den Gr\u00f6\u00dfen XS, S und M [&hellip;]<\/p>\n","protected":false},"featured_media":18023,"comment_status":"open","ping_status":"closed","template":"","meta":{"_acf_changed":false,"_iconic_wsb_product_page_order_bump_ids":[],"_sku":["HALCP22"],"_iconic_wsb_product_page_bump_modal_ids":[]},"product_brand":[],"product_cat":[124,126],"product_tag":[],"class_list":{"0":"post-22971","1":"product","2":"type-product","3":"status-publish","4":"has-post-thumbnail","6":"product_cat-zamp-de","7":"product_cat-zubehor-fur-helme","9":"first","10":"instock","11":"taxable","12":"shipping-taxable","13":"purchasable","14":"product-type-variable"},"acf":[],"yoast_head":"<!-- This site is optimized with the Yoast SEO plugin v27.0 - https:\/\/yoast.com\/product\/yoast-seo-wordpress\/ -->\n<title>Zamp RZ-62 Wangenpads - Zamp Helmets | Helmet 28 EU<\/title>\n<meta name=\"description\" content=\"Ersatzwangenpolster f\u00fcr die beliebten RZ 62 Helme. Wenn Sie die Innenausstattung Ihres Helms auffrischen oder die Gr\u00f6\u00dfe \u00e4ndern m\u00f6chten.\" \/>\n<meta name=\"robots\" content=\"index, follow, max-snippet:-1, max-image-preview:large, max-video-preview:-1\" \/>\n<link rel=\"canonical\" href=\"https:\/\/zamphelmets.co\/de\/produkt\/zamp-rz-62-wangenpads\/\" \/>\n<meta property=\"og:locale\" content=\"de_DE\" \/>\n<meta property=\"og:type\" content=\"article\" \/>\n<meta property=\"og:title\" content=\"Zamp RZ-62 Wangenpads - Zamp Helmets | Helmet 28 EU\" \/>\n<meta property=\"og:description\" content=\"Ersatzwangenpolster f\u00fcr die beliebten RZ 62 Helme. Wenn Sie die Innenausstattung Ihres Helms auffrischen oder die Gr\u00f6\u00dfe \u00e4ndern m\u00f6chten.\" \/>\n<meta property=\"og:url\" content=\"https:\/\/zamphelmets.co\/de\/produkt\/zamp-rz-62-wangenpads\/\" \/>\n<meta property=\"og:site_name\" content=\"Zamp Helmets | Helmet 28 EU\" \/>\n<meta property=\"og:image\" content=\"https:\/\/zamphelmets.co\/wp-content\/uploads\/2022\/11\/HALCP22.jpeg\" \/>\n\t<meta property=\"og:image:width\" content=\"1000\" \/>\n\t<meta property=\"og:image:height\" content=\"1000\" \/>\n\t<meta property=\"og:image:type\" content=\"image\/jpeg\" \/>\n<meta name=\"twitter:card\" content=\"summary_large_image\" \/>\n<script type=\"application\/ld+json\" class=\"yoast-schema-graph\">{\"@context\":\"https:\/\/schema.org\",\"@graph\":[{\"@type\":\"WebPage\",\"@id\":\"https:\/\/zamphelmets.co\/de\/produkt\/zamp-rz-62-wangenpads\/\",\"url\":\"https:\/\/zamphelmets.co\/de\/produkt\/zamp-rz-62-wangenpads\/\",\"name\":\"Zamp RZ-62 Wangenpads - Zamp Helmets | Helmet 28 EU\",\"isPartOf\":{\"@id\":\"https:\/\/zamphelmets.co\/de\/#website\"},\"primaryImageOfPage\":{\"@id\":\"https:\/\/zamphelmets.co\/de\/produkt\/zamp-rz-62-wangenpads\/#primaryimage\"},\"image\":{\"@id\":\"https:\/\/zamphelmets.co\/de\/produkt\/zamp-rz-62-wangenpads\/#primaryimage\"},\"thumbnailUrl\":\"https:\/\/zamphelmets.co\/wp-content\/uploads\/2022\/11\/HALCP22.jpeg\",\"datePublished\":\"2022-11-18T13:27:38+00:00\",\"description\":\"Ersatzwangenpolster f\u00fcr die beliebten RZ 62 Helme. Wenn Sie die Innenausstattung Ihres Helms auffrischen oder die Gr\u00f6\u00dfe \u00e4ndern m\u00f6chten.\",\"breadcrumb\":{\"@id\":\"https:\/\/zamphelmets.co\/de\/produkt\/zamp-rz-62-wangenpads\/#breadcrumb\"},\"inLanguage\":\"de-DE\",\"potentialAction\":[{\"@type\":\"ReadAction\",\"target\":[\"https:\/\/zamphelmets.co\/de\/produkt\/zamp-rz-62-wangenpads\/\"]}]},{\"@type\":\"ImageObject\",\"inLanguage\":\"de-DE\",\"@id\":\"https:\/\/zamphelmets.co\/de\/produkt\/zamp-rz-62-wangenpads\/#primaryimage\",\"url\":\"https:\/\/zamphelmets.co\/wp-content\/uploads\/2022\/11\/HALCP22.jpeg\",\"contentUrl\":\"https:\/\/zamphelmets.co\/wp-content\/uploads\/2022\/11\/HALCP22.jpeg\",\"width\":1000,\"height\":1000},{\"@type\":\"BreadcrumbList\",\"@id\":\"https:\/\/zamphelmets.co\/de\/produkt\/zamp-rz-62-wangenpads\/#breadcrumb\",\"itemListElement\":[{\"@type\":\"ListItem\",\"position\":1,\"name\":\"Shop\",\"item\":\"https:\/\/zamphelmets.co\/de\/shop\/\"},{\"@type\":\"ListItem\",\"position\":2,\"name\":\"Zamp RZ-62 Wangenpads\"}]},{\"@type\":\"WebSite\",\"@id\":\"https:\/\/zamphelmets.co\/de\/#website\",\"url\":\"https:\/\/zamphelmets.co\/de\/\",\"name\":\"Zamp Helmets | Helmet 28 EU\",\"description\":\"High Quality Motorsport Helmets\",\"potentialAction\":[{\"@type\":\"SearchAction\",\"target\":{\"@type\":\"EntryPoint\",\"urlTemplate\":\"https:\/\/zamphelmets.co\/de\/?s={search_term_string}\"},\"query-input\":{\"@type\":\"PropertyValueSpecification\",\"valueRequired\":true,\"valueName\":\"search_term_string\"}}],\"inLanguage\":\"de-DE\"}]}<\/script>\n<!-- \/ Yoast SEO plugin. -->","yoast_head_json":{"title":"Zamp RZ-62 Wangenpads - Zamp Helmets | Helmet 28 EU","description":"Ersatzwangenpolster f\u00fcr die beliebten RZ 62 Helme. Wenn Sie die Innenausstattung Ihres Helms auffrischen oder die Gr\u00f6\u00dfe \u00e4ndern m\u00f6chten.","robots":{"index":"index","follow":"follow","max-snippet":"max-snippet:-1","max-image-preview":"max-image-preview:large","max-video-preview":"max-video-preview:-1"},"canonical":"https:\/\/zamphelmets.co\/de\/produkt\/zamp-rz-62-wangenpads\/","og_locale":"de_DE","og_type":"article","og_title":"Zamp RZ-62 Wangenpads - Zamp Helmets | Helmet 28 EU","og_description":"Ersatzwangenpolster f\u00fcr die beliebten RZ 62 Helme. Wenn Sie die Innenausstattung Ihres Helms auffrischen oder die Gr\u00f6\u00dfe \u00e4ndern m\u00f6chten.","og_url":"https:\/\/zamphelmets.co\/de\/produkt\/zamp-rz-62-wangenpads\/","og_site_name":"Zamp Helmets | Helmet 28 EU","og_image":[{"width":1000,"height":1000,"url":"https:\/\/zamphelmets.co\/wp-content\/uploads\/2022\/11\/HALCP22.jpeg","type":"image\/jpeg"}],"twitter_card":"summary_large_image","schema":{"@context":"https:\/\/schema.org","@graph":[{"@type":"WebPage","@id":"https:\/\/zamphelmets.co\/de\/produkt\/zamp-rz-62-wangenpads\/","url":"https:\/\/zamphelmets.co\/de\/produkt\/zamp-rz-62-wangenpads\/","name":"Zamp RZ-62 Wangenpads - Zamp Helmets | Helmet 28 EU","isPartOf":{"@id":"https:\/\/zamphelmets.co\/de\/#website"},"primaryImageOfPage":{"@id":"https:\/\/zamphelmets.co\/de\/produkt\/zamp-rz-62-wangenpads\/#primaryimage"},"image":{"@id":"https:\/\/zamphelmets.co\/de\/produkt\/zamp-rz-62-wangenpads\/#primaryimage"},"thumbnailUrl":"https:\/\/zamphelmets.co\/wp-content\/uploads\/2022\/11\/HALCP22.jpeg","datePublished":"2022-11-18T13:27:38+00:00","description":"Ersatzwangenpolster f\u00fcr die beliebten RZ 62 Helme. Wenn Sie die Innenausstattung Ihres Helms auffrischen oder die Gr\u00f6\u00dfe \u00e4ndern m\u00f6chten.","breadcrumb":{"@id":"https:\/\/zamphelmets.co\/de\/produkt\/zamp-rz-62-wangenpads\/#breadcrumb"},"inLanguage":"de-DE","potentialAction":[{"@type":"ReadAction","target":["https:\/\/zamphelmets.co\/de\/produkt\/zamp-rz-62-wangenpads\/"]}]},{"@type":"ImageObject","inLanguage":"de-DE","@id":"https:\/\/zamphelmets.co\/de\/produkt\/zamp-rz-62-wangenpads\/#primaryimage","url":"https:\/\/zamphelmets.co\/wp-content\/uploads\/2022\/11\/HALCP22.jpeg","contentUrl":"https:\/\/zamphelmets.co\/wp-content\/uploads\/2022\/11\/HALCP22.jpeg","width":1000,"height":1000},{"@type":"BreadcrumbList","@id":"https:\/\/zamphelmets.co\/de\/produkt\/zamp-rz-62-wangenpads\/#breadcrumb","itemListElement":[{"@type":"ListItem","position":1,"name":"Shop","item":"https:\/\/zamphelmets.co\/de\/shop\/"},{"@type":"ListItem","position":2,"name":"Zamp RZ-62 Wangenpads"}]},{"@type":"WebSite","@id":"https:\/\/zamphelmets.co\/de\/#website","url":"https:\/\/zamphelmets.co\/de\/","name":"Zamp Helmets | Helmet 28 EU","description":"High Quality Motorsport Helmets","potentialAction":[{"@type":"SearchAction","target":{"@type":"EntryPoint","urlTemplate":"https:\/\/zamphelmets.co\/de\/?s={search_term_string}"},"query-input":{"@type":"PropertyValueSpecification","valueRequired":true,"valueName":"search_term_string"}}],"inLanguage":"de-DE"}]}},"_links":{"self":[{"href":"https:\/\/zamphelmets.co\/de\/wp-json\/wp\/v2\/product\/22971","targetHints":{"allow":["GET"]}}],"collection":[{"href":"https:\/\/zamphelmets.co\/de\/wp-json\/wp\/v2\/product"}],"about":[{"href":"https:\/\/zamphelmets.co\/de\/wp-json\/wp\/v2\/types\/product"}],"replies":[{"embeddable":true,"href":"https:\/\/zamphelmets.co\/de\/wp-json\/wp\/v2\/comments?post=22971"}],"wp:featuredmedia":[{"embeddable":true,"href":"https:\/\/zamphelmets.co\/de\/wp-json\/wp\/v2\/media\/18023"}],"wp:attachment":[{"href":"https:\/\/zamphelmets.co\/de\/wp-json\/wp\/v2\/media?parent=22971"}],"wp:term":[{"taxonomy":"product_brand","embeddable":true,"href":"https:\/\/zamphelmets.co\/de\/wp-json\/wp\/v2\/product_brand?post=22971"},{"taxonomy":"product_cat","embeddable":true,"href":"https:\/\/zamphelmets.co\/de\/wp-json\/wp\/v2\/product_cat?post=22971"},{"taxonomy":"product_tag","embeddable":true,"href":"https:\/\/zamphelmets.co\/de\/wp-json\/wp\/v2\/product_tag?post=22971"}],"curies":[{"name":"wp","href":"https:\/\/api.w.org\/{rel}","templated":true}]}}