{"id":22740,"date":"2021-02-25T10:08:07","date_gmt":"2021-02-25T10:08:07","guid":{"rendered":"https:\/\/zamphelmets.co\/product\/rz-59-mattschwarz\/"},"modified":"2026-02-16T15:19:13","modified_gmt":"2026-02-16T15:19:13","slug":"rz-59-mattschwarz","status":"publish","type":"product","link":"https:\/\/zamphelmets.co\/de\/produkt\/rz-59-mattschwarz\/","title":{"rendered":"RZ 59 Mattschwarz"},"content":{"rendered":"<p><strong>Der Zamp RZ-59 Matte Black Helm kombiniert die neueste Snell SA2020 Helmtechnologie mit hochwertigem Design, um den absolut g\u00fcnstigsten Helm auf dem Markt anzubieten! Dieses Modell bietet hervorragende Bel\u00fcftung und Komfort  <\/strong><strong>mit einem schlanken und schlichten Design, um unter extremen Rennbedingungen k\u00fchl zu bleiben und ein Beschlagen zu verhindern. Der RZ-59 bietet eine hervorragende Passform, eine hochwertige Verarbeitung und den g\u00fcnstigsten Preis in der Branche. Das atemberaubende mattschwarze Finish bietet einen gro\u00dfartigen Einstiegshelm f\u00fcr Track Days, Karting und andere SA2020-gesteuerte Rennen.<\/strong><\/p>\n<p><strong>Ausstattung: Inklusive:<\/strong><\/p>\n<ul>\n<li>Leichte Schale <strong>aus Glasfaserverbundwerkstoff <\/strong><\/li>\n<li><strong>Minimale Vorw\u00e4rtsbel\u00fcftung<\/strong> mit Kopfhaut- und Auslass\u00f6ffnungen<\/li>\n<li><strong>Pl\u00fcschiges feuerhemmendes Interieur<\/strong><\/li>\n<li><strong>Z-20 Serie 3mm Schild <\/strong>mit abrei\u00dfbaren Pfosten, 12.25in Mittelpfosten<\/li>\n<li><strong>M6 Eins\u00e4tze <\/strong>f\u00fcr Kopf- und Nackenst\u00fctzen<\/li>\n<li><strong>Snell SA2020 Zugelassen<\/strong><\/li>\n<li><strong>Gewicht: 1440 g in Gr\u00f6\u00dfe M<\/strong><\/li>\n<\/ul>\n<p>Wie im Motorsport \u00fcblich, variieren unsere Gr\u00f6\u00dfen je nach Helmmodell. Wie Sie die Gr\u00f6\u00dfe Ihres Helms bestimmen, erfahren Sie <a href=\"https:\/\/zamphelmets.co\/de\/wie-sie-die-richtige-helmgroesse-auswaehlen\/\">hier<\/a>.<\/p>\n<p><a href=\"https:\/\/zamphelmets.co\/de\/homologation-erklaert\/\"><strong>Homologation Explained<\/strong> &#8211; finden Sie heraus, welche Homologation Sie ben\u00f6tigen<\/a><\/p>\n<p><a href=\"https:\/\/zamphelmets.co\/de\/hans-posten-hans-und-fhr-geraete\/\"><strong>FHR \/ HANS-Ger\u00e4t<\/strong> &#8211; wann ist es erforderlich?<\/a><\/p>\n<p>&nbsp;<\/p>\n<p><img decoding=\"async\" class=\"alignnone wp-image-26355 size-full lazyload\" data-src=\"https:\/\/zamphelmets.co\/wp-content\/uploads\/2024\/03\/Zamp-Helmets-sizing-guide-4166-x-4166-px-1.png\" alt=\"\" width=\"500\" height=\"500\" data-srcset=\"https:\/\/zamphelmets.co\/wp-content\/uploads\/2024\/03\/Zamp-Helmets-sizing-guide-4166-x-4166-px-1.png 500w, https:\/\/zamphelmets.co\/wp-content\/uploads\/2024\/03\/Zamp-Helmets-sizing-guide-4166-x-4166-px-1-300x300.png 300w, https:\/\/zamphelmets.co\/wp-content\/uploads\/2024\/03\/Zamp-Helmets-sizing-guide-4166-x-4166-px-1-150x150.png 150w, https:\/\/zamphelmets.co\/wp-content\/uploads\/2024\/03\/Zamp-Helmets-sizing-guide-4166-x-4166-px-1-100x100.png 100w\" data-sizes=\"(max-width: 500px) 100vw, 500px\" src=\"data:image\/svg+xml;base64,PHN2ZyB3aWR0aD0iMSIgaGVpZ2h0PSIxIiB4bWxucz0iaHR0cDovL3d3dy53My5vcmcvMjAwMC9zdmciPjwvc3ZnPg==\" style=\"--smush-placeholder-width: 500px; --smush-placeholder-aspect-ratio: 500\/500;\" \/><\/p>\n<div id=\"product-10089\" class=\"product type-product post-10089 status-publish first instock product_cat-fia product_cat-snell-2020-sa2020 product_cat-zamp has-post-thumbnail taxable shipping-taxable purchasable product-type-variable\">\n<div class=\"woocommerce-tabs wc-tabs-wrapper\">\n<div id=\"tab-description\" class=\"woocommerce-Tabs-panel woocommerce-Tabs-panel--description panel entry-content wc-tab\" role=\"tabpanel\" aria-labelledby=\"tab-title-description\">\n<p><strong>Unsicher bei der Gr\u00f6\u00dfenbestimmung? <\/strong><a href=\"https:\/\/form.jotform.com\/251263198513053\">F\u00fcllen Sie unser Gr\u00f6\u00dfenformular aus<\/a> und ein Mitglied unseres Teams wird sich mit unseren Empfehlungen bei Ihnen melden.<\/p>\n<\/div>\n<\/div>\n<\/div>\n","protected":false},"excerpt":{"rendered":"<p>Der Zamp RZ-59 Matte Black Helm kombiniert die neueste Snell SA2020 Helmtechnologie mit hochwertigem Design, um den absolut g\u00fcnstigsten Helm auf dem Markt anzubieten! Dieses Modell bietet hervorragende Bel\u00fcftung und Komfort mit einem schlanken und schlichten Design, um unter extremen Rennbedingungen k\u00fchl zu bleiben und ein Beschlagen zu verhindern. Der RZ-59 bietet eine hervorragende Passform, [&hellip;]<\/p>\n","protected":false},"featured_media":13781,"comment_status":"open","ping_status":"closed","template":"","meta":{"_acf_changed":false,"_iconic_wsb_product_page_order_bump_ids":[[]],"_sku":[],"_iconic_wsb_product_page_bump_modal_ids":[[]]},"product_brand":[],"product_cat":[199,202,200,203,124],"product_tag":[],"class_list":{"0":"post-22740","1":"product","2":"type-product","3":"status-publish","4":"has-post-thumbnail","6":"product_cat-zamp-helme","7":"product_cat-snell-de","8":"product_cat-snell-2020-sa2020-de","9":"product_cat-standard-de","10":"product_cat-zamp-de","12":"first","13":"outofstock","14":"taxable","15":"shipping-taxable","16":"purchasable","17":"product-type-variable"},"acf":[],"yoast_head":"<!-- This site is optimized with the Yoast SEO plugin v27.0 - https:\/\/yoast.com\/product\/yoast-seo-wordpress\/ -->\n<title>RZ 59 Mattschwarz Rennhelm - Zamp Helmets | Helmet 28 EU<\/title>\n<meta name=\"description\" content=\"Der Zamp RZ 59 Matte Black Helm kombiniert die neueste Snell-Homologationstechnologie mit hochwertigem Design und ist damit der preiswerteste Rennhelm!\" \/>\n<meta name=\"robots\" content=\"index, follow, max-snippet:-1, max-image-preview:large, max-video-preview:-1\" \/>\n<link rel=\"canonical\" href=\"https:\/\/zamphelmets.co\/de\/produkt\/rz-59-mattschwarz\/\" \/>\n<meta property=\"og:locale\" content=\"de_DE\" \/>\n<meta property=\"og:type\" content=\"article\" \/>\n<meta property=\"og:title\" content=\"RZ 59 Mattschwarz Rennhelm - Zamp Helmets | Helmet 28 EU\" \/>\n<meta property=\"og:description\" content=\"Der Zamp RZ 59 Matte Black Helm kombiniert die neueste Snell-Homologationstechnologie mit hochwertigem Design und ist damit der preiswerteste Rennhelm!\" \/>\n<meta property=\"og:url\" content=\"https:\/\/zamphelmets.co\/de\/produkt\/rz-59-mattschwarz\/\" \/>\n<meta property=\"og:site_name\" content=\"Zamp Helmets | Helmet 28 EU\" \/>\n<meta property=\"article:modified_time\" content=\"2026-02-16T15:19:13+00:00\" \/>\n<meta property=\"og:image\" content=\"https:\/\/zamphelmets.co\/wp-content\/uploads\/2021\/02\/H77203F.jpg\" \/>\n\t<meta property=\"og:image:width\" content=\"1500\" \/>\n\t<meta property=\"og:image:height\" content=\"1500\" \/>\n\t<meta property=\"og:image:type\" content=\"image\/jpeg\" \/>\n<meta name=\"twitter:card\" content=\"summary_large_image\" \/>\n<meta name=\"twitter:label1\" content=\"Est. reading time\" \/>\n\t<meta name=\"twitter:data1\" content=\"1 Minute\" \/>\n<script type=\"application\/ld+json\" class=\"yoast-schema-graph\">{\"@context\":\"https:\/\/schema.org\",\"@graph\":[{\"@type\":\"WebPage\",\"@id\":\"https:\/\/zamphelmets.co\/de\/produkt\/rz-59-mattschwarz\/\",\"url\":\"https:\/\/zamphelmets.co\/de\/produkt\/rz-59-mattschwarz\/\",\"name\":\"RZ 59 Mattschwarz Rennhelm - Zamp Helmets | Helmet 28 EU\",\"isPartOf\":{\"@id\":\"https:\/\/zamphelmets.co\/de\/#website\"},\"primaryImageOfPage\":{\"@id\":\"https:\/\/zamphelmets.co\/de\/produkt\/rz-59-mattschwarz\/#primaryimage\"},\"image\":{\"@id\":\"https:\/\/zamphelmets.co\/de\/produkt\/rz-59-mattschwarz\/#primaryimage\"},\"thumbnailUrl\":\"https:\/\/zamphelmets.co\/wp-content\/uploads\/2021\/02\/H77203F.jpg\",\"datePublished\":\"2021-02-25T10:08:07+00:00\",\"dateModified\":\"2026-02-16T15:19:13+00:00\",\"description\":\"Der Zamp RZ 59 Matte Black Helm kombiniert die neueste Snell-Homologationstechnologie mit hochwertigem Design und ist damit der preiswerteste Rennhelm!\",\"breadcrumb\":{\"@id\":\"https:\/\/zamphelmets.co\/de\/produkt\/rz-59-mattschwarz\/#breadcrumb\"},\"inLanguage\":\"de-DE\",\"potentialAction\":[{\"@type\":\"ReadAction\",\"target\":[\"https:\/\/zamphelmets.co\/de\/produkt\/rz-59-mattschwarz\/\"]}]},{\"@type\":\"ImageObject\",\"inLanguage\":\"de-DE\",\"@id\":\"https:\/\/zamphelmets.co\/de\/produkt\/rz-59-mattschwarz\/#primaryimage\",\"url\":\"https:\/\/zamphelmets.co\/wp-content\/uploads\/2021\/02\/H77203F.jpg\",\"contentUrl\":\"https:\/\/zamphelmets.co\/wp-content\/uploads\/2021\/02\/H77203F.jpg\",\"width\":1500,\"height\":1500,\"caption\":\"RZ 59 Matte Black Racing Helm von Zamp Helmets\"},{\"@type\":\"BreadcrumbList\",\"@id\":\"https:\/\/zamphelmets.co\/de\/produkt\/rz-59-mattschwarz\/#breadcrumb\",\"itemListElement\":[{\"@type\":\"ListItem\",\"position\":1,\"name\":\"Shop\",\"item\":\"https:\/\/zamphelmets.co\/de\/shop\/\"},{\"@type\":\"ListItem\",\"position\":2,\"name\":\"RZ 59 Mattschwarz\"}]},{\"@type\":\"WebSite\",\"@id\":\"https:\/\/zamphelmets.co\/de\/#website\",\"url\":\"https:\/\/zamphelmets.co\/de\/\",\"name\":\"Zamp Helmets | Helmet 28 EU\",\"description\":\"High Quality Motorsport Helmets\",\"potentialAction\":[{\"@type\":\"SearchAction\",\"target\":{\"@type\":\"EntryPoint\",\"urlTemplate\":\"https:\/\/zamphelmets.co\/de\/?s={search_term_string}\"},\"query-input\":{\"@type\":\"PropertyValueSpecification\",\"valueRequired\":true,\"valueName\":\"search_term_string\"}}],\"inLanguage\":\"de-DE\"}]}<\/script>\n<!-- \/ Yoast SEO plugin. -->","yoast_head_json":{"title":"RZ 59 Mattschwarz Rennhelm - Zamp Helmets | Helmet 28 EU","description":"Der Zamp RZ 59 Matte Black Helm kombiniert die neueste Snell-Homologationstechnologie mit hochwertigem Design und ist damit der preiswerteste Rennhelm!","robots":{"index":"index","follow":"follow","max-snippet":"max-snippet:-1","max-image-preview":"max-image-preview:large","max-video-preview":"max-video-preview:-1"},"canonical":"https:\/\/zamphelmets.co\/de\/produkt\/rz-59-mattschwarz\/","og_locale":"de_DE","og_type":"article","og_title":"RZ 59 Mattschwarz Rennhelm - Zamp Helmets | Helmet 28 EU","og_description":"Der Zamp RZ 59 Matte Black Helm kombiniert die neueste Snell-Homologationstechnologie mit hochwertigem Design und ist damit der preiswerteste Rennhelm!","og_url":"https:\/\/zamphelmets.co\/de\/produkt\/rz-59-mattschwarz\/","og_site_name":"Zamp Helmets | Helmet 28 EU","article_modified_time":"2026-02-16T15:19:13+00:00","og_image":[{"width":1500,"height":1500,"url":"https:\/\/zamphelmets.co\/wp-content\/uploads\/2021\/02\/H77203F.jpg","type":"image\/jpeg"}],"twitter_card":"summary_large_image","twitter_misc":{"Est. reading time":"1 Minute"},"schema":{"@context":"https:\/\/schema.org","@graph":[{"@type":"WebPage","@id":"https:\/\/zamphelmets.co\/de\/produkt\/rz-59-mattschwarz\/","url":"https:\/\/zamphelmets.co\/de\/produkt\/rz-59-mattschwarz\/","name":"RZ 59 Mattschwarz Rennhelm - Zamp Helmets | Helmet 28 EU","isPartOf":{"@id":"https:\/\/zamphelmets.co\/de\/#website"},"primaryImageOfPage":{"@id":"https:\/\/zamphelmets.co\/de\/produkt\/rz-59-mattschwarz\/#primaryimage"},"image":{"@id":"https:\/\/zamphelmets.co\/de\/produkt\/rz-59-mattschwarz\/#primaryimage"},"thumbnailUrl":"https:\/\/zamphelmets.co\/wp-content\/uploads\/2021\/02\/H77203F.jpg","datePublished":"2021-02-25T10:08:07+00:00","dateModified":"2026-02-16T15:19:13+00:00","description":"Der Zamp RZ 59 Matte Black Helm kombiniert die neueste Snell-Homologationstechnologie mit hochwertigem Design und ist damit der preiswerteste Rennhelm!","breadcrumb":{"@id":"https:\/\/zamphelmets.co\/de\/produkt\/rz-59-mattschwarz\/#breadcrumb"},"inLanguage":"de-DE","potentialAction":[{"@type":"ReadAction","target":["https:\/\/zamphelmets.co\/de\/produkt\/rz-59-mattschwarz\/"]}]},{"@type":"ImageObject","inLanguage":"de-DE","@id":"https:\/\/zamphelmets.co\/de\/produkt\/rz-59-mattschwarz\/#primaryimage","url":"https:\/\/zamphelmets.co\/wp-content\/uploads\/2021\/02\/H77203F.jpg","contentUrl":"https:\/\/zamphelmets.co\/wp-content\/uploads\/2021\/02\/H77203F.jpg","width":1500,"height":1500,"caption":"RZ 59 Matte Black Racing Helm von Zamp Helmets"},{"@type":"BreadcrumbList","@id":"https:\/\/zamphelmets.co\/de\/produkt\/rz-59-mattschwarz\/#breadcrumb","itemListElement":[{"@type":"ListItem","position":1,"name":"Shop","item":"https:\/\/zamphelmets.co\/de\/shop\/"},{"@type":"ListItem","position":2,"name":"RZ 59 Mattschwarz"}]},{"@type":"WebSite","@id":"https:\/\/zamphelmets.co\/de\/#website","url":"https:\/\/zamphelmets.co\/de\/","name":"Zamp Helmets | Helmet 28 EU","description":"High Quality Motorsport Helmets","potentialAction":[{"@type":"SearchAction","target":{"@type":"EntryPoint","urlTemplate":"https:\/\/zamphelmets.co\/de\/?s={search_term_string}"},"query-input":{"@type":"PropertyValueSpecification","valueRequired":true,"valueName":"search_term_string"}}],"inLanguage":"de-DE"}]}},"_links":{"self":[{"href":"https:\/\/zamphelmets.co\/de\/wp-json\/wp\/v2\/product\/22740","targetHints":{"allow":["GET"]}}],"collection":[{"href":"https:\/\/zamphelmets.co\/de\/wp-json\/wp\/v2\/product"}],"about":[{"href":"https:\/\/zamphelmets.co\/de\/wp-json\/wp\/v2\/types\/product"}],"replies":[{"embeddable":true,"href":"https:\/\/zamphelmets.co\/de\/wp-json\/wp\/v2\/comments?post=22740"}],"wp:featuredmedia":[{"embeddable":true,"href":"https:\/\/zamphelmets.co\/de\/wp-json\/wp\/v2\/media\/13781"}],"wp:attachment":[{"href":"https:\/\/zamphelmets.co\/de\/wp-json\/wp\/v2\/media?parent=22740"}],"wp:term":[{"taxonomy":"product_brand","embeddable":true,"href":"https:\/\/zamphelmets.co\/de\/wp-json\/wp\/v2\/product_brand?post=22740"},{"taxonomy":"product_cat","embeddable":true,"href":"https:\/\/zamphelmets.co\/de\/wp-json\/wp\/v2\/product_cat?post=22740"},{"taxonomy":"product_tag","embeddable":true,"href":"https:\/\/zamphelmets.co\/de\/wp-json\/wp\/v2\/product_tag?post=22740"}],"curies":[{"name":"wp","href":"https:\/\/api.w.org\/{rel}","templated":true}]}}