{"id":22658,"date":"2020-11-09T13:40:45","date_gmt":"2020-11-09T13:40:45","guid":{"rendered":"https:\/\/zamphelmets.co\/product\/zamp-zr-60-race-handschuhe-weiss\/"},"modified":"2024-12-04T07:51:26","modified_gmt":"2024-12-04T07:51:26","slug":"zamp-zr-60-race-handschuhe-weiss","status":"publish","type":"product","link":"https:\/\/zamphelmets.co\/de\/produkt\/zamp-zr-60-race-handschuhe-weiss\/","title":{"rendered":"Zamp ZR-60 Race Handschuhe Wei\u00df"},"content":{"rendered":"<p>Der brandneue Zamp ZR-60 Race Glove wird vorgestellt. Mit ihrer hochwertigen zweilagigen Konstruktion mit umgekehrten N\u00e4hten, einem elastischen Abschluss und einer d\u00fcnnen Silikonhandfl\u00e4che sind diese leichten zweilagigen Handschuhe die perfekte Wahl f\u00fcr Rennfahrer, die ihre Fahrleistung verbessern m\u00f6chten.<\/p>\n<p>FEATURES:<\/p>\n<ul>\n<li><strong>Reverse-Seam Design<\/strong> f\u00fcr ultimatives Gef\u00fchl<\/li>\n<li><strong>Vorgekr\u00fcmmte Finger<\/strong><\/li>\n<li><strong>\u00c4u\u00dfere Aramid-Liner-Konstruktion<\/strong><\/li>\n<li><strong>Aramid-Innenauskleidungskonstruktion<\/strong><\/li>\n<li><strong>Silikon mit Wabenmuster<\/strong> in Handfl\u00e4che und Fingern f\u00fcr mehr Grip<\/li>\n<li><strong>SFI 3.3\/5 Genehmigt<\/strong><\/li>\n<\/ul>\n<p><strong>Bitte beachten Sie, dass diese Produkte nachbestellt werden und daher nicht erstattet oder umgetauscht werden k\u00f6nnen.<\/strong><\/p>\n<p><img decoding=\"async\" class=\"alignnone wp-image-2649 lazyload\" data-src=\"https:\/\/zamphelmets.co\/wp-content\/uploads\/2020\/11\/Screenshot-2020-11-09-at-15.23.45-300x181.png\" alt=\"\" width=\"400\" height=\"241\" data-srcset=\"https:\/\/zamphelmets.co\/wp-content\/uploads\/2020\/11\/Screenshot-2020-11-09-at-15.23.45-300x181.png 300w, https:\/\/zamphelmets.co\/wp-content\/uploads\/2020\/11\/Screenshot-2020-11-09-at-15.23.45.png 599w\" data-sizes=\"(max-width: 400px) 100vw, 400px\" src=\"data:image\/svg+xml;base64,PHN2ZyB3aWR0aD0iMSIgaGVpZ2h0PSIxIiB4bWxucz0iaHR0cDovL3d3dy53My5vcmcvMjAwMC9zdmciPjwvc3ZnPg==\" style=\"--smush-placeholder-width: 400px; --smush-placeholder-aspect-ratio: 400\/241;\" \/><\/p>\n","protected":false},"excerpt":{"rendered":"<p>Der brandneue Zamp ZR-60 Race Glove wird vorgestellt. Mit ihrer hochwertigen zweilagigen Konstruktion mit umgekehrten N\u00e4hten, einem elastischen Abschluss und einer d\u00fcnnen Silikonhandfl\u00e4che sind diese leichten zweilagigen Handschuhe die perfekte Wahl f\u00fcr Rennfahrer, die ihre Fahrleistung verbessern m\u00f6chten. FEATURES: Reverse-Seam Design f\u00fcr ultimatives Gef\u00fchl Vorgekr\u00fcmmte Finger \u00c4u\u00dfere Aramid-Liner-Konstruktion Aramid-Innenauskleidungskonstruktion Silikon mit Wabenmuster in Handfl\u00e4che und [&hellip;]<\/p>\n","protected":false},"featured_media":12801,"comment_status":"open","ping_status":"closed","template":"","meta":{"_acf_changed":false,"_iconic_wsb_product_page_order_bump_ids":[],"_sku":[],"_iconic_wsb_product_page_bump_modal_ids":[]},"product_brand":[],"product_cat":[173,172,124],"product_tag":[],"class_list":{"0":"post-22658","1":"product","2":"type-product","3":"status-publish","4":"has-post-thumbnail","6":"product_cat-handschuhe","7":"product_cat-schutz-kleidung","8":"product_cat-zamp-de","10":"first","11":"onbackorder","12":"taxable","13":"shipping-taxable","14":"purchasable","15":"product-type-variable"},"acf":[],"yoast_head":"<!-- This site is optimized with the Yoast SEO plugin v27.0 - https:\/\/yoast.com\/product\/yoast-seo-wordpress\/ -->\n<title>Zamp ZR-60 Race Handschuhe Wei\u00df - Zamp Helmets | Helmet 28 EU<\/title>\n<meta name=\"description\" content=\"Wir stellen die brandneuen Zamp ZR-60 Race Handschuhe vor. Die perfekte Wahl f\u00fcr Rennfahrer, die ihre Fahrleistung verbessern m\u00f6chten.\" \/>\n<meta name=\"robots\" content=\"index, follow, max-snippet:-1, max-image-preview:large, max-video-preview:-1\" \/>\n<link rel=\"canonical\" href=\"https:\/\/zamphelmets.co\/de\/produkt\/zamp-zr-60-race-handschuhe-weiss\/\" \/>\n<meta property=\"og:locale\" content=\"de_DE\" \/>\n<meta property=\"og:type\" content=\"article\" \/>\n<meta property=\"og:title\" content=\"Zamp ZR-60 Race Handschuhe Wei\u00df - Zamp Helmets | Helmet 28 EU\" \/>\n<meta property=\"og:description\" content=\"Wir stellen die brandneuen Zamp ZR-60 Race Handschuhe vor. Die perfekte Wahl f\u00fcr Rennfahrer, die ihre Fahrleistung verbessern m\u00f6chten.\" \/>\n<meta property=\"og:url\" content=\"https:\/\/zamphelmets.co\/de\/produkt\/zamp-zr-60-race-handschuhe-weiss\/\" \/>\n<meta property=\"og:site_name\" content=\"Zamp Helmets | Helmet 28 EU\" \/>\n<meta property=\"article:modified_time\" content=\"2024-12-04T07:51:26+00:00\" \/>\n<meta property=\"og:image\" content=\"https:\/\/zamphelmets.co\/wp-content\/uploads\/2020\/11\/RG20001.jpg\" \/>\n\t<meta property=\"og:image:width\" content=\"1500\" \/>\n\t<meta property=\"og:image:height\" content=\"1500\" \/>\n\t<meta property=\"og:image:type\" content=\"image\/jpeg\" \/>\n<meta name=\"twitter:card\" content=\"summary_large_image\" \/>\n<script type=\"application\/ld+json\" class=\"yoast-schema-graph\">{\"@context\":\"https:\/\/schema.org\",\"@graph\":[{\"@type\":\"WebPage\",\"@id\":\"https:\/\/zamphelmets.co\/de\/produkt\/zamp-zr-60-race-handschuhe-weiss\/\",\"url\":\"https:\/\/zamphelmets.co\/de\/produkt\/zamp-zr-60-race-handschuhe-weiss\/\",\"name\":\"Zamp ZR-60 Race Handschuhe Wei\u00df - Zamp Helmets | Helmet 28 EU\",\"isPartOf\":{\"@id\":\"https:\/\/zamphelmets.co\/de\/#website\"},\"primaryImageOfPage\":{\"@id\":\"https:\/\/zamphelmets.co\/de\/produkt\/zamp-zr-60-race-handschuhe-weiss\/#primaryimage\"},\"image\":{\"@id\":\"https:\/\/zamphelmets.co\/de\/produkt\/zamp-zr-60-race-handschuhe-weiss\/#primaryimage\"},\"thumbnailUrl\":\"https:\/\/zamphelmets.co\/wp-content\/uploads\/2020\/11\/RG20001.jpg\",\"datePublished\":\"2020-11-09T13:40:45+00:00\",\"dateModified\":\"2024-12-04T07:51:26+00:00\",\"description\":\"Wir stellen die brandneuen Zamp ZR-60 Race Handschuhe vor. Die perfekte Wahl f\u00fcr Rennfahrer, die ihre Fahrleistung verbessern m\u00f6chten.\",\"breadcrumb\":{\"@id\":\"https:\/\/zamphelmets.co\/de\/produkt\/zamp-zr-60-race-handschuhe-weiss\/#breadcrumb\"},\"inLanguage\":\"de-DE\",\"potentialAction\":[{\"@type\":\"ReadAction\",\"target\":[\"https:\/\/zamphelmets.co\/de\/produkt\/zamp-zr-60-race-handschuhe-weiss\/\"]}]},{\"@type\":\"ImageObject\",\"inLanguage\":\"de-DE\",\"@id\":\"https:\/\/zamphelmets.co\/de\/produkt\/zamp-zr-60-race-handschuhe-weiss\/#primaryimage\",\"url\":\"https:\/\/zamphelmets.co\/wp-content\/uploads\/2020\/11\/RG20001.jpg\",\"contentUrl\":\"https:\/\/zamphelmets.co\/wp-content\/uploads\/2020\/11\/RG20001.jpg\",\"width\":1500,\"height\":1500,\"caption\":\"Zamp Helme Race Handschuhe in wei\u00df\"},{\"@type\":\"BreadcrumbList\",\"@id\":\"https:\/\/zamphelmets.co\/de\/produkt\/zamp-zr-60-race-handschuhe-weiss\/#breadcrumb\",\"itemListElement\":[{\"@type\":\"ListItem\",\"position\":1,\"name\":\"Shop\",\"item\":\"https:\/\/zamphelmets.co\/de\/shop\/\"},{\"@type\":\"ListItem\",\"position\":2,\"name\":\"Zamp ZR-60 Race Handschuhe Wei\u00df\"}]},{\"@type\":\"WebSite\",\"@id\":\"https:\/\/zamphelmets.co\/de\/#website\",\"url\":\"https:\/\/zamphelmets.co\/de\/\",\"name\":\"Zamp Helmets | Helmet 28 EU\",\"description\":\"High Quality Motorsport Helmets\",\"potentialAction\":[{\"@type\":\"SearchAction\",\"target\":{\"@type\":\"EntryPoint\",\"urlTemplate\":\"https:\/\/zamphelmets.co\/de\/?s={search_term_string}\"},\"query-input\":{\"@type\":\"PropertyValueSpecification\",\"valueRequired\":true,\"valueName\":\"search_term_string\"}}],\"inLanguage\":\"de-DE\"}]}<\/script>\n<!-- \/ Yoast SEO plugin. -->","yoast_head_json":{"title":"Zamp ZR-60 Race Handschuhe Wei\u00df - Zamp Helmets | Helmet 28 EU","description":"Wir stellen die brandneuen Zamp ZR-60 Race Handschuhe vor. Die perfekte Wahl f\u00fcr Rennfahrer, die ihre Fahrleistung verbessern m\u00f6chten.","robots":{"index":"index","follow":"follow","max-snippet":"max-snippet:-1","max-image-preview":"max-image-preview:large","max-video-preview":"max-video-preview:-1"},"canonical":"https:\/\/zamphelmets.co\/de\/produkt\/zamp-zr-60-race-handschuhe-weiss\/","og_locale":"de_DE","og_type":"article","og_title":"Zamp ZR-60 Race Handschuhe Wei\u00df - Zamp Helmets | Helmet 28 EU","og_description":"Wir stellen die brandneuen Zamp ZR-60 Race Handschuhe vor. Die perfekte Wahl f\u00fcr Rennfahrer, die ihre Fahrleistung verbessern m\u00f6chten.","og_url":"https:\/\/zamphelmets.co\/de\/produkt\/zamp-zr-60-race-handschuhe-weiss\/","og_site_name":"Zamp Helmets | Helmet 28 EU","article_modified_time":"2024-12-04T07:51:26+00:00","og_image":[{"width":1500,"height":1500,"url":"https:\/\/zamphelmets.co\/wp-content\/uploads\/2020\/11\/RG20001.jpg","type":"image\/jpeg"}],"twitter_card":"summary_large_image","schema":{"@context":"https:\/\/schema.org","@graph":[{"@type":"WebPage","@id":"https:\/\/zamphelmets.co\/de\/produkt\/zamp-zr-60-race-handschuhe-weiss\/","url":"https:\/\/zamphelmets.co\/de\/produkt\/zamp-zr-60-race-handschuhe-weiss\/","name":"Zamp ZR-60 Race Handschuhe Wei\u00df - Zamp Helmets | Helmet 28 EU","isPartOf":{"@id":"https:\/\/zamphelmets.co\/de\/#website"},"primaryImageOfPage":{"@id":"https:\/\/zamphelmets.co\/de\/produkt\/zamp-zr-60-race-handschuhe-weiss\/#primaryimage"},"image":{"@id":"https:\/\/zamphelmets.co\/de\/produkt\/zamp-zr-60-race-handschuhe-weiss\/#primaryimage"},"thumbnailUrl":"https:\/\/zamphelmets.co\/wp-content\/uploads\/2020\/11\/RG20001.jpg","datePublished":"2020-11-09T13:40:45+00:00","dateModified":"2024-12-04T07:51:26+00:00","description":"Wir stellen die brandneuen Zamp ZR-60 Race Handschuhe vor. Die perfekte Wahl f\u00fcr Rennfahrer, die ihre Fahrleistung verbessern m\u00f6chten.","breadcrumb":{"@id":"https:\/\/zamphelmets.co\/de\/produkt\/zamp-zr-60-race-handschuhe-weiss\/#breadcrumb"},"inLanguage":"de-DE","potentialAction":[{"@type":"ReadAction","target":["https:\/\/zamphelmets.co\/de\/produkt\/zamp-zr-60-race-handschuhe-weiss\/"]}]},{"@type":"ImageObject","inLanguage":"de-DE","@id":"https:\/\/zamphelmets.co\/de\/produkt\/zamp-zr-60-race-handschuhe-weiss\/#primaryimage","url":"https:\/\/zamphelmets.co\/wp-content\/uploads\/2020\/11\/RG20001.jpg","contentUrl":"https:\/\/zamphelmets.co\/wp-content\/uploads\/2020\/11\/RG20001.jpg","width":1500,"height":1500,"caption":"Zamp Helme Race Handschuhe in wei\u00df"},{"@type":"BreadcrumbList","@id":"https:\/\/zamphelmets.co\/de\/produkt\/zamp-zr-60-race-handschuhe-weiss\/#breadcrumb","itemListElement":[{"@type":"ListItem","position":1,"name":"Shop","item":"https:\/\/zamphelmets.co\/de\/shop\/"},{"@type":"ListItem","position":2,"name":"Zamp ZR-60 Race Handschuhe Wei\u00df"}]},{"@type":"WebSite","@id":"https:\/\/zamphelmets.co\/de\/#website","url":"https:\/\/zamphelmets.co\/de\/","name":"Zamp Helmets | Helmet 28 EU","description":"High Quality Motorsport Helmets","potentialAction":[{"@type":"SearchAction","target":{"@type":"EntryPoint","urlTemplate":"https:\/\/zamphelmets.co\/de\/?s={search_term_string}"},"query-input":{"@type":"PropertyValueSpecification","valueRequired":true,"valueName":"search_term_string"}}],"inLanguage":"de-DE"}]}},"_links":{"self":[{"href":"https:\/\/zamphelmets.co\/de\/wp-json\/wp\/v2\/product\/22658","targetHints":{"allow":["GET"]}}],"collection":[{"href":"https:\/\/zamphelmets.co\/de\/wp-json\/wp\/v2\/product"}],"about":[{"href":"https:\/\/zamphelmets.co\/de\/wp-json\/wp\/v2\/types\/product"}],"replies":[{"embeddable":true,"href":"https:\/\/zamphelmets.co\/de\/wp-json\/wp\/v2\/comments?post=22658"}],"wp:featuredmedia":[{"embeddable":true,"href":"https:\/\/zamphelmets.co\/de\/wp-json\/wp\/v2\/media\/12801"}],"wp:attachment":[{"href":"https:\/\/zamphelmets.co\/de\/wp-json\/wp\/v2\/media?parent=22658"}],"wp:term":[{"taxonomy":"product_brand","embeddable":true,"href":"https:\/\/zamphelmets.co\/de\/wp-json\/wp\/v2\/product_brand?post=22658"},{"taxonomy":"product_cat","embeddable":true,"href":"https:\/\/zamphelmets.co\/de\/wp-json\/wp\/v2\/product_cat?post=22658"},{"taxonomy":"product_tag","embeddable":true,"href":"https:\/\/zamphelmets.co\/de\/wp-json\/wp\/v2\/product_tag?post=22658"}],"curies":[{"name":"wp","href":"https:\/\/api.w.org\/{rel}","templated":true}]}}