{"id":22589,"date":"2020-08-28T09:12:31","date_gmt":"2020-08-28T09:12:31","guid":{"rendered":"https:\/\/zamphelmets.co\/product\/rz-18h-weiss\/"},"modified":"2026-02-16T15:10:54","modified_gmt":"2026-02-16T15:10:54","slug":"rz-18h-weiss","status":"publish","type":"product","link":"https:\/\/zamphelmets.co\/de\/produkt\/rz-18h-weiss\/","title":{"rendered":"RZ 18H Wei\u00df"},"content":{"rendered":"<div id=\"pageContainer2\" class=\"page\">\n<div>\n<div class=\"_1KgDGecM-D\">\n<p class=\"_3vFF3xH4Yd\" dir=\"ltr\">Der Zamp RZ-18H ist ein Open-Face-Autorennhelm der Einstiegsklasse mit SA2020-Zertifizierung, der maximalen Komfort und Qualit\u00e4t zu einem \u00e4u\u00dferst wettbewerbsf\u00e4higen Preis bietet. Der RZ-18H hat eine leichte Fiberglas-Verbundschale mit 7 Bel\u00fcftungs\u00f6ffnungen f\u00fcr eine fantastische Luftzirkulation durch den Helm. Dieser Helm verf\u00fcgt au\u00dferdem \u00fcber eine komfortable Pl\u00fcsch-Innenausstattung mit einem herausnehmbaren und waschbaren Innenfutter. Der RZ-18H verf\u00fcgt \u00fcber M6-Klemmen f\u00fcr die einfache Installation von Kopf- und Nackenst\u00fctzen.<\/p>\n<\/div>\n<\/div>\n<\/div>\n<div id=\"pageContainer3\" class=\"page\">\n<div class=\"_1KgDGecM-D\">\n<ul>\n<li class=\"_3vFF3xH4Yd\">Komposit-Glasfaser-Leichtgewicht Open Face Shell<\/li>\n<li class=\"_3vFF3xH4Yd\">7-Top Air System Bel\u00fcftung<\/li>\n<li class=\"_3vFF3xH4Yd\">Pl\u00fcschiges, feuerhemmendes Interieur<\/li>\n<li class=\"_3vFF3xH4Yd\">Visier mit Sonnenstreifen<\/li>\n<li class=\"_3vFF3xH4Yd\">Herausnehmbares\/waschbares Komfort-Futter<\/li>\n<li class=\"_3vFF3xH4Yd\">M6 Eins\u00e4tze f\u00fcr Nackenst\u00fctze<\/li>\n<li class=\"_3vFF3xH4Yd\">Snell SA 2020<\/li>\n<\/ul>\n<p>Wie im Motorsport \u00fcblich, variieren unsere Gr\u00f6\u00dfen je nach Helmmodell. Wie Sie die Gr\u00f6\u00dfe Ihres Helms bestimmen, erfahren Sie <a href=\"https:\/\/zamphelmets.co\/de\/wie-sie-die-richtige-helmgroesse-auswaehlen\/\">hier<\/a>.<\/p>\n<p><a href=\"https:\/\/zamphelmets.co\/de\/homologation-erklaert\/\"><strong>Homologation Explained<\/strong> &#8211; finden Sie heraus, welche Homologation Sie ben\u00f6tigen<\/a><\/p>\n<p><a href=\"https:\/\/zamphelmets.co\/de\/hans-posten-hans-und-fhr-geraete\/\"><strong>FHR \/ HANS-Ger\u00e4t<\/strong> &#8211; wann ist es erforderlich?<\/a><\/p>\n<\/div>\n<\/div>\n<p>&nbsp;<\/p>\n<p><img decoding=\"async\" class=\"alignnone wp-image-26355 size-full lazyload\" data-src=\"https:\/\/zamphelmets.co\/wp-content\/uploads\/2024\/03\/Zamp-Helmets-sizing-guide-4166-x-4166-px-1.png\" alt=\"\" width=\"500\" height=\"500\" data-srcset=\"https:\/\/zamphelmets.co\/wp-content\/uploads\/2024\/03\/Zamp-Helmets-sizing-guide-4166-x-4166-px-1.png 500w, https:\/\/zamphelmets.co\/wp-content\/uploads\/2024\/03\/Zamp-Helmets-sizing-guide-4166-x-4166-px-1-300x300.png 300w, https:\/\/zamphelmets.co\/wp-content\/uploads\/2024\/03\/Zamp-Helmets-sizing-guide-4166-x-4166-px-1-150x150.png 150w, https:\/\/zamphelmets.co\/wp-content\/uploads\/2024\/03\/Zamp-Helmets-sizing-guide-4166-x-4166-px-1-100x100.png 100w\" data-sizes=\"(max-width: 500px) 100vw, 500px\" src=\"data:image\/svg+xml;base64,PHN2ZyB3aWR0aD0iMSIgaGVpZ2h0PSIxIiB4bWxucz0iaHR0cDovL3d3dy53My5vcmcvMjAwMC9zdmciPjwvc3ZnPg==\" style=\"--smush-placeholder-width: 500px; --smush-placeholder-aspect-ratio: 500\/500;\" \/><\/p>\n","protected":false},"excerpt":{"rendered":"<p>Der Zamp RZ-18H ist ein Open-Face-Autorennhelm der Einstiegsklasse mit SA2020-Zertifizierung, der maximalen Komfort und Qualit\u00e4t zu einem \u00e4u\u00dferst wettbewerbsf\u00e4higen Preis bietet. Der RZ-18H hat eine leichte Fiberglas-Verbundschale mit 7 Bel\u00fcftungs\u00f6ffnungen f\u00fcr eine fantastische Luftzirkulation durch den Helm. Dieser Helm verf\u00fcgt au\u00dferdem \u00fcber eine komfortable Pl\u00fcsch-Innenausstattung mit einem herausnehmbaren und waschbaren Innenfutter. Der RZ-18H verf\u00fcgt \u00fcber [&hellip;]<\/p>\n","protected":false},"featured_media":12381,"comment_status":"open","ping_status":"closed","template":"","meta":{"_acf_changed":false,"_iconic_wsb_product_page_order_bump_ids":[[]],"_sku":[],"_iconic_wsb_product_page_bump_modal_ids":[[]]},"product_brand":[],"product_cat":[199,202,200,203,124],"product_tag":[],"class_list":{"0":"post-22589","1":"product","2":"type-product","3":"status-publish","4":"has-post-thumbnail","6":"product_cat-zamp-helme","7":"product_cat-snell-de","8":"product_cat-snell-2020-sa2020-de","9":"product_cat-standard-de","10":"product_cat-zamp-de","12":"first","13":"onbackorder","14":"taxable","15":"shipping-taxable","16":"product-type-variable"},"acf":[],"yoast_head":"<!-- This site is optimized with the Yoast SEO plugin v27.0 - https:\/\/yoast.com\/product\/yoast-seo-wordpress\/ -->\n<title>RZ 18H Wei\u00df - Open Face Nur \u20ac170<\/title>\n<meta name=\"description\" content=\"Der Zamp RZ-18H White ist ein Open-Face-Autorennhelm der Einstiegsklasse mit SA2020-Zertifizierung, der maximalen Komfort und Qualit\u00e4t bietet.\" \/>\n<meta name=\"robots\" content=\"index, follow, max-snippet:-1, max-image-preview:large, max-video-preview:-1\" \/>\n<link rel=\"canonical\" href=\"https:\/\/zamphelmets.co\/de\/produkt\/rz-18h-weiss\/\" \/>\n<meta property=\"og:locale\" content=\"de_DE\" \/>\n<meta property=\"og:type\" content=\"article\" \/>\n<meta property=\"og:title\" content=\"RZ 18H Wei\u00df - Open Face Nur \u20ac170\" \/>\n<meta property=\"og:description\" content=\"Der Zamp RZ-18H White ist ein Open-Face-Autorennhelm der Einstiegsklasse mit SA2020-Zertifizierung, der maximalen Komfort und Qualit\u00e4t bietet.\" \/>\n<meta property=\"og:url\" content=\"https:\/\/zamphelmets.co\/de\/produkt\/rz-18h-weiss\/\" \/>\n<meta property=\"og:site_name\" content=\"Zamp Helmets | Helmet 28 EU\" \/>\n<meta property=\"article:modified_time\" content=\"2026-02-16T15:10:54+00:00\" \/>\n<meta property=\"og:image\" content=\"https:\/\/zamphelmets.co\/wp-content\/uploads\/2020\/08\/WY2MoZuuRJOZ33KVZInl_H774001.jpg\" \/>\n\t<meta property=\"og:image:width\" content=\"1500\" \/>\n\t<meta property=\"og:image:height\" content=\"1500\" \/>\n\t<meta property=\"og:image:type\" content=\"image\/jpeg\" \/>\n<meta name=\"twitter:card\" content=\"summary_large_image\" \/>\n<meta name=\"twitter:label1\" content=\"Est. reading time\" \/>\n\t<meta name=\"twitter:data1\" content=\"1 Minute\" \/>\n<script type=\"application\/ld+json\" class=\"yoast-schema-graph\">{\"@context\":\"https:\/\/schema.org\",\"@graph\":[{\"@type\":\"WebPage\",\"@id\":\"https:\/\/zamphelmets.co\/de\/produkt\/rz-18h-weiss\/\",\"url\":\"https:\/\/zamphelmets.co\/de\/produkt\/rz-18h-weiss\/\",\"name\":\"RZ 18H Wei\u00df - Open Face Nur \u20ac170\",\"isPartOf\":{\"@id\":\"https:\/\/zamphelmets.co\/de\/#website\"},\"primaryImageOfPage\":{\"@id\":\"https:\/\/zamphelmets.co\/de\/produkt\/rz-18h-weiss\/#primaryimage\"},\"image\":{\"@id\":\"https:\/\/zamphelmets.co\/de\/produkt\/rz-18h-weiss\/#primaryimage\"},\"thumbnailUrl\":\"https:\/\/zamphelmets.co\/wp-content\/uploads\/2020\/08\/WY2MoZuuRJOZ33KVZInl_H774001.jpg\",\"datePublished\":\"2020-08-28T09:12:31+00:00\",\"dateModified\":\"2026-02-16T15:10:54+00:00\",\"description\":\"Der Zamp RZ-18H White ist ein Open-Face-Autorennhelm der Einstiegsklasse mit SA2020-Zertifizierung, der maximalen Komfort und Qualit\u00e4t bietet.\",\"breadcrumb\":{\"@id\":\"https:\/\/zamphelmets.co\/de\/produkt\/rz-18h-weiss\/#breadcrumb\"},\"inLanguage\":\"de-DE\",\"potentialAction\":[{\"@type\":\"ReadAction\",\"target\":[\"https:\/\/zamphelmets.co\/de\/produkt\/rz-18h-weiss\/\"]}]},{\"@type\":\"ImageObject\",\"inLanguage\":\"de-DE\",\"@id\":\"https:\/\/zamphelmets.co\/de\/produkt\/rz-18h-weiss\/#primaryimage\",\"url\":\"https:\/\/zamphelmets.co\/wp-content\/uploads\/2020\/08\/WY2MoZuuRJOZ33KVZInl_H774001.jpg\",\"contentUrl\":\"https:\/\/zamphelmets.co\/wp-content\/uploads\/2020\/08\/WY2MoZuuRJOZ33KVZInl_H774001.jpg\",\"width\":1500,\"height\":1500,\"caption\":\"Zamp RZ-18H Wei\u00dfer Rennhelm\"},{\"@type\":\"BreadcrumbList\",\"@id\":\"https:\/\/zamphelmets.co\/de\/produkt\/rz-18h-weiss\/#breadcrumb\",\"itemListElement\":[{\"@type\":\"ListItem\",\"position\":1,\"name\":\"Shop\",\"item\":\"https:\/\/zamphelmets.co\/de\/shop\/\"},{\"@type\":\"ListItem\",\"position\":2,\"name\":\"RZ 18H Wei\u00df\"}]},{\"@type\":\"WebSite\",\"@id\":\"https:\/\/zamphelmets.co\/de\/#website\",\"url\":\"https:\/\/zamphelmets.co\/de\/\",\"name\":\"Zamp Helmets | Helmet 28 EU\",\"description\":\"High Quality Motorsport Helmets\",\"potentialAction\":[{\"@type\":\"SearchAction\",\"target\":{\"@type\":\"EntryPoint\",\"urlTemplate\":\"https:\/\/zamphelmets.co\/de\/?s={search_term_string}\"},\"query-input\":{\"@type\":\"PropertyValueSpecification\",\"valueRequired\":true,\"valueName\":\"search_term_string\"}}],\"inLanguage\":\"de-DE\"}]}<\/script>\n<!-- \/ Yoast SEO plugin. -->","yoast_head_json":{"title":"RZ 18H Wei\u00df - Open Face Nur \u20ac170","description":"Der Zamp RZ-18H White ist ein Open-Face-Autorennhelm der Einstiegsklasse mit SA2020-Zertifizierung, der maximalen Komfort und Qualit\u00e4t bietet.","robots":{"index":"index","follow":"follow","max-snippet":"max-snippet:-1","max-image-preview":"max-image-preview:large","max-video-preview":"max-video-preview:-1"},"canonical":"https:\/\/zamphelmets.co\/de\/produkt\/rz-18h-weiss\/","og_locale":"de_DE","og_type":"article","og_title":"RZ 18H Wei\u00df - Open Face Nur \u20ac170","og_description":"Der Zamp RZ-18H White ist ein Open-Face-Autorennhelm der Einstiegsklasse mit SA2020-Zertifizierung, der maximalen Komfort und Qualit\u00e4t bietet.","og_url":"https:\/\/zamphelmets.co\/de\/produkt\/rz-18h-weiss\/","og_site_name":"Zamp Helmets | Helmet 28 EU","article_modified_time":"2026-02-16T15:10:54+00:00","og_image":[{"width":1500,"height":1500,"url":"https:\/\/zamphelmets.co\/wp-content\/uploads\/2020\/08\/WY2MoZuuRJOZ33KVZInl_H774001.jpg","type":"image\/jpeg"}],"twitter_card":"summary_large_image","twitter_misc":{"Est. reading time":"1 Minute"},"schema":{"@context":"https:\/\/schema.org","@graph":[{"@type":"WebPage","@id":"https:\/\/zamphelmets.co\/de\/produkt\/rz-18h-weiss\/","url":"https:\/\/zamphelmets.co\/de\/produkt\/rz-18h-weiss\/","name":"RZ 18H Wei\u00df - Open Face Nur \u20ac170","isPartOf":{"@id":"https:\/\/zamphelmets.co\/de\/#website"},"primaryImageOfPage":{"@id":"https:\/\/zamphelmets.co\/de\/produkt\/rz-18h-weiss\/#primaryimage"},"image":{"@id":"https:\/\/zamphelmets.co\/de\/produkt\/rz-18h-weiss\/#primaryimage"},"thumbnailUrl":"https:\/\/zamphelmets.co\/wp-content\/uploads\/2020\/08\/WY2MoZuuRJOZ33KVZInl_H774001.jpg","datePublished":"2020-08-28T09:12:31+00:00","dateModified":"2026-02-16T15:10:54+00:00","description":"Der Zamp RZ-18H White ist ein Open-Face-Autorennhelm der Einstiegsklasse mit SA2020-Zertifizierung, der maximalen Komfort und Qualit\u00e4t bietet.","breadcrumb":{"@id":"https:\/\/zamphelmets.co\/de\/produkt\/rz-18h-weiss\/#breadcrumb"},"inLanguage":"de-DE","potentialAction":[{"@type":"ReadAction","target":["https:\/\/zamphelmets.co\/de\/produkt\/rz-18h-weiss\/"]}]},{"@type":"ImageObject","inLanguage":"de-DE","@id":"https:\/\/zamphelmets.co\/de\/produkt\/rz-18h-weiss\/#primaryimage","url":"https:\/\/zamphelmets.co\/wp-content\/uploads\/2020\/08\/WY2MoZuuRJOZ33KVZInl_H774001.jpg","contentUrl":"https:\/\/zamphelmets.co\/wp-content\/uploads\/2020\/08\/WY2MoZuuRJOZ33KVZInl_H774001.jpg","width":1500,"height":1500,"caption":"Zamp RZ-18H Wei\u00dfer Rennhelm"},{"@type":"BreadcrumbList","@id":"https:\/\/zamphelmets.co\/de\/produkt\/rz-18h-weiss\/#breadcrumb","itemListElement":[{"@type":"ListItem","position":1,"name":"Shop","item":"https:\/\/zamphelmets.co\/de\/shop\/"},{"@type":"ListItem","position":2,"name":"RZ 18H Wei\u00df"}]},{"@type":"WebSite","@id":"https:\/\/zamphelmets.co\/de\/#website","url":"https:\/\/zamphelmets.co\/de\/","name":"Zamp Helmets | Helmet 28 EU","description":"High Quality Motorsport Helmets","potentialAction":[{"@type":"SearchAction","target":{"@type":"EntryPoint","urlTemplate":"https:\/\/zamphelmets.co\/de\/?s={search_term_string}"},"query-input":{"@type":"PropertyValueSpecification","valueRequired":true,"valueName":"search_term_string"}}],"inLanguage":"de-DE"}]}},"_links":{"self":[{"href":"https:\/\/zamphelmets.co\/de\/wp-json\/wp\/v2\/product\/22589","targetHints":{"allow":["GET"]}}],"collection":[{"href":"https:\/\/zamphelmets.co\/de\/wp-json\/wp\/v2\/product"}],"about":[{"href":"https:\/\/zamphelmets.co\/de\/wp-json\/wp\/v2\/types\/product"}],"replies":[{"embeddable":true,"href":"https:\/\/zamphelmets.co\/de\/wp-json\/wp\/v2\/comments?post=22589"}],"wp:featuredmedia":[{"embeddable":true,"href":"https:\/\/zamphelmets.co\/de\/wp-json\/wp\/v2\/media\/12381"}],"wp:attachment":[{"href":"https:\/\/zamphelmets.co\/de\/wp-json\/wp\/v2\/media?parent=22589"}],"wp:term":[{"taxonomy":"product_brand","embeddable":true,"href":"https:\/\/zamphelmets.co\/de\/wp-json\/wp\/v2\/product_brand?post=22589"},{"taxonomy":"product_cat","embeddable":true,"href":"https:\/\/zamphelmets.co\/de\/wp-json\/wp\/v2\/product_cat?post=22589"},{"taxonomy":"product_tag","embeddable":true,"href":"https:\/\/zamphelmets.co\/de\/wp-json\/wp\/v2\/product_tag?post=22589"}],"curies":[{"name":"wp","href":"https:\/\/api.w.org\/{rel}","templated":true}]}}