{"id":22433,"date":"2022-02-19T16:47:17","date_gmt":"2022-02-19T16:47:17","guid":{"rendered":"https:\/\/zamphelmets.co\/product\/heckspoiler\/"},"modified":"2026-04-29T14:47:24","modified_gmt":"2026-04-29T14:47:24","slug":"heckspoiler","status":"publish","type":"product","link":"https:\/\/zamphelmets.co\/de\/produkt\/heckspoiler\/","title":{"rendered":"Heckspoiler"},"content":{"rendered":"<p>Durch sein exzellentes Design ist dieser Heckspoiler eine gute Wahl f\u00fcr jeden Zamp-Rennfahrer, der Bewegung und Luftwiderstand bei Rennen im offenen Cockpit reduzieren m\u00f6chte. Dieser einfach zu montierende und f\u00fcr den Kartsport ideale Heckspoiler kann an den folgenden Helmen angebracht werden:<\/p>\n<ul>\n<li>RZ 44CE \/ RZ 44CE Grafiken<\/li>\n<li>RZ 70E<\/li>\n<li>RZ 42 Jugend<\/li>\n<li>RZ 65D \/ RZ 65D Grau\/Schwarz<\/li>\n<li>RZ 62<\/li>\n<\/ul>\n<p><iframe title=\"YouTube-Video-Player\" data-src=\"https:\/\/www.youtube.com\/embed\/O3_PtsyDxTA\" width=\"560\" height=\"315\" frameborder=\"0\" allowfullscreen=\"allowfullscreen\" src=\"data:image\/svg+xml;base64,PHN2ZyB3aWR0aD0iMSIgaGVpZ2h0PSIxIiB4bWxucz0iaHR0cDovL3d3dy53My5vcmcvMjAwMC9zdmciPjwvc3ZnPg==\" class=\"lazyload\" data-load-mode=\"1\"><\/iframe><\/p>\n","protected":false},"excerpt":{"rendered":"<p>Durch sein exzellentes Design ist dieser Heckspoiler eine gute Wahl f\u00fcr jeden Zamp-Rennfahrer, der Bewegung und Luftwiderstand bei Rennen im offenen Cockpit reduzieren m\u00f6chte. Dieser einfach zu montierende und f\u00fcr den Kartsport ideale Heckspoiler kann an den folgenden Helmen angebracht werden: RZ 44CE \/ RZ 44CE Grafiken RZ 70E RZ 42 Jugend RZ 65D \/ [&hellip;]<\/p>\n","protected":false},"featured_media":12374,"comment_status":"open","ping_status":"closed","template":"","meta":{"_acf_changed":false,"_iconic_wsb_product_page_order_bump_ids":[],"_sku":["HSZ220CL"],"_iconic_wsb_product_page_bump_modal_ids":[]},"product_brand":[],"product_cat":[124,125,126],"product_tag":[],"class_list":{"0":"post-22433","1":"product","2":"type-product","3":"status-publish","4":"has-post-thumbnail","6":"product_cat-zamp-de","7":"product_cat-zubehor","8":"product_cat-zubehor-fur-helme","10":"first","11":"onbackorder","12":"taxable","13":"shipping-taxable","14":"purchasable","15":"product-type-simple"},"acf":[],"yoast_head":"<!-- This site is optimized with the Yoast SEO plugin v27.0 - https:\/\/yoast.com\/product\/yoast-seo-wordpress\/ -->\n<title>Heckspoiler f\u00fcr Racing Helmets - Zamp Helmets | Helmet 28 EU<\/title>\n<meta name=\"description\" content=\"Durch sein exzellentes Design ist dieser Heckspoiler eine gute Wahl f\u00fcr jeden Zamp-Rennfahrer, der Bewegung und Luftwiderstand bei Rennen im offenen Cockpit reduzieren m\u00f6chte.\" \/>\n<meta name=\"robots\" content=\"index, follow, max-snippet:-1, max-image-preview:large, max-video-preview:-1\" \/>\n<link rel=\"canonical\" href=\"https:\/\/zamphelmets.co\/de\/produkt\/heckspoiler\/\" \/>\n<meta property=\"og:locale\" content=\"de_DE\" \/>\n<meta property=\"og:type\" content=\"article\" \/>\n<meta property=\"og:title\" content=\"Heckspoiler f\u00fcr Racing Helmets - Zamp Helmets | Helmet 28 EU\" \/>\n<meta property=\"og:description\" content=\"Durch sein exzellentes Design ist dieser Heckspoiler eine gute Wahl f\u00fcr jeden Zamp-Rennfahrer, der Bewegung und Luftwiderstand bei Rennen im offenen Cockpit reduzieren m\u00f6chte.\" \/>\n<meta property=\"og:url\" content=\"https:\/\/zamphelmets.co\/de\/produkt\/heckspoiler\/\" \/>\n<meta property=\"og:site_name\" content=\"Zamp Helmets | Helmet 28 EU\" \/>\n<meta property=\"article:modified_time\" content=\"2026-04-29T14:47:24+00:00\" \/>\n<meta property=\"og:image\" content=\"https:\/\/zamphelmets.co\/wp-content\/uploads\/2020\/08\/TgkrcRJTRCWO4eEYEJCV_HSZ220CL_66ab241d-f25e-4db8-b1be-8c3ab6129275.jpg\" \/>\n\t<meta property=\"og:image:width\" content=\"1000\" \/>\n\t<meta property=\"og:image:height\" content=\"1000\" \/>\n\t<meta property=\"og:image:type\" content=\"image\/jpeg\" \/>\n<meta name=\"twitter:card\" content=\"summary_large_image\" \/>\n<script type=\"application\/ld+json\" class=\"yoast-schema-graph\">{\"@context\":\"https:\/\/schema.org\",\"@graph\":[{\"@type\":\"WebPage\",\"@id\":\"https:\/\/zamphelmets.co\/de\/produkt\/heckspoiler\/\",\"url\":\"https:\/\/zamphelmets.co\/de\/produkt\/heckspoiler\/\",\"name\":\"Heckspoiler f\u00fcr Racing Helmets - Zamp Helmets | Helmet 28 EU\",\"isPartOf\":{\"@id\":\"https:\/\/zamphelmets.co\/de\/#website\"},\"primaryImageOfPage\":{\"@id\":\"https:\/\/zamphelmets.co\/de\/produkt\/heckspoiler\/#primaryimage\"},\"image\":{\"@id\":\"https:\/\/zamphelmets.co\/de\/produkt\/heckspoiler\/#primaryimage\"},\"thumbnailUrl\":\"https:\/\/zamphelmets.co\/wp-content\/uploads\/2020\/08\/TgkrcRJTRCWO4eEYEJCV_HSZ220CL_66ab241d-f25e-4db8-b1be-8c3ab6129275.jpg\",\"datePublished\":\"2022-02-19T16:47:17+00:00\",\"dateModified\":\"2026-04-29T14:47:24+00:00\",\"description\":\"Durch sein exzellentes Design ist dieser Heckspoiler eine gute Wahl f\u00fcr jeden Zamp-Rennfahrer, der Bewegung und Luftwiderstand bei Rennen im offenen Cockpit reduzieren m\u00f6chte.\",\"breadcrumb\":{\"@id\":\"https:\/\/zamphelmets.co\/de\/produkt\/heckspoiler\/#breadcrumb\"},\"inLanguage\":\"de-DE\",\"potentialAction\":[{\"@type\":\"ReadAction\",\"target\":[\"https:\/\/zamphelmets.co\/de\/produkt\/heckspoiler\/\"]}]},{\"@type\":\"ImageObject\",\"inLanguage\":\"de-DE\",\"@id\":\"https:\/\/zamphelmets.co\/de\/produkt\/heckspoiler\/#primaryimage\",\"url\":\"https:\/\/zamphelmets.co\/wp-content\/uploads\/2020\/08\/TgkrcRJTRCWO4eEYEJCV_HSZ220CL_66ab241d-f25e-4db8-b1be-8c3ab6129275.jpg\",\"contentUrl\":\"https:\/\/zamphelmets.co\/wp-content\/uploads\/2020\/08\/TgkrcRJTRCWO4eEYEJCV_HSZ220CL_66ab241d-f25e-4db8-b1be-8c3ab6129275.jpg\",\"width\":1000,\"height\":1000,\"caption\":\"Zamp Helme Heckspoiler f\u00fcr den Rennsport\"},{\"@type\":\"BreadcrumbList\",\"@id\":\"https:\/\/zamphelmets.co\/de\/produkt\/heckspoiler\/#breadcrumb\",\"itemListElement\":[{\"@type\":\"ListItem\",\"position\":1,\"name\":\"Shop\",\"item\":\"https:\/\/zamphelmets.co\/de\/shop\/\"},{\"@type\":\"ListItem\",\"position\":2,\"name\":\"Heckspoiler\"}]},{\"@type\":\"WebSite\",\"@id\":\"https:\/\/zamphelmets.co\/de\/#website\",\"url\":\"https:\/\/zamphelmets.co\/de\/\",\"name\":\"Zamp Helmets | Helmet 28 EU\",\"description\":\"High Quality Motorsport Helmets\",\"potentialAction\":[{\"@type\":\"SearchAction\",\"target\":{\"@type\":\"EntryPoint\",\"urlTemplate\":\"https:\/\/zamphelmets.co\/de\/?s={search_term_string}\"},\"query-input\":{\"@type\":\"PropertyValueSpecification\",\"valueRequired\":true,\"valueName\":\"search_term_string\"}}],\"inLanguage\":\"de-DE\"}]}<\/script>\n<!-- \/ Yoast SEO plugin. -->","yoast_head_json":{"title":"Heckspoiler f\u00fcr Racing Helmets - Zamp Helmets | Helmet 28 EU","description":"Durch sein exzellentes Design ist dieser Heckspoiler eine gute Wahl f\u00fcr jeden Zamp-Rennfahrer, der Bewegung und Luftwiderstand bei Rennen im offenen Cockpit reduzieren m\u00f6chte.","robots":{"index":"index","follow":"follow","max-snippet":"max-snippet:-1","max-image-preview":"max-image-preview:large","max-video-preview":"max-video-preview:-1"},"canonical":"https:\/\/zamphelmets.co\/de\/produkt\/heckspoiler\/","og_locale":"de_DE","og_type":"article","og_title":"Heckspoiler f\u00fcr Racing Helmets - Zamp Helmets | Helmet 28 EU","og_description":"Durch sein exzellentes Design ist dieser Heckspoiler eine gute Wahl f\u00fcr jeden Zamp-Rennfahrer, der Bewegung und Luftwiderstand bei Rennen im offenen Cockpit reduzieren m\u00f6chte.","og_url":"https:\/\/zamphelmets.co\/de\/produkt\/heckspoiler\/","og_site_name":"Zamp Helmets | Helmet 28 EU","article_modified_time":"2026-04-29T14:47:24+00:00","og_image":[{"width":1000,"height":1000,"url":"https:\/\/zamphelmets.co\/wp-content\/uploads\/2020\/08\/TgkrcRJTRCWO4eEYEJCV_HSZ220CL_66ab241d-f25e-4db8-b1be-8c3ab6129275.jpg","type":"image\/jpeg"}],"twitter_card":"summary_large_image","schema":{"@context":"https:\/\/schema.org","@graph":[{"@type":"WebPage","@id":"https:\/\/zamphelmets.co\/de\/produkt\/heckspoiler\/","url":"https:\/\/zamphelmets.co\/de\/produkt\/heckspoiler\/","name":"Heckspoiler f\u00fcr Racing Helmets - Zamp Helmets | Helmet 28 EU","isPartOf":{"@id":"https:\/\/zamphelmets.co\/de\/#website"},"primaryImageOfPage":{"@id":"https:\/\/zamphelmets.co\/de\/produkt\/heckspoiler\/#primaryimage"},"image":{"@id":"https:\/\/zamphelmets.co\/de\/produkt\/heckspoiler\/#primaryimage"},"thumbnailUrl":"https:\/\/zamphelmets.co\/wp-content\/uploads\/2020\/08\/TgkrcRJTRCWO4eEYEJCV_HSZ220CL_66ab241d-f25e-4db8-b1be-8c3ab6129275.jpg","datePublished":"2022-02-19T16:47:17+00:00","dateModified":"2026-04-29T14:47:24+00:00","description":"Durch sein exzellentes Design ist dieser Heckspoiler eine gute Wahl f\u00fcr jeden Zamp-Rennfahrer, der Bewegung und Luftwiderstand bei Rennen im offenen Cockpit reduzieren m\u00f6chte.","breadcrumb":{"@id":"https:\/\/zamphelmets.co\/de\/produkt\/heckspoiler\/#breadcrumb"},"inLanguage":"de-DE","potentialAction":[{"@type":"ReadAction","target":["https:\/\/zamphelmets.co\/de\/produkt\/heckspoiler\/"]}]},{"@type":"ImageObject","inLanguage":"de-DE","@id":"https:\/\/zamphelmets.co\/de\/produkt\/heckspoiler\/#primaryimage","url":"https:\/\/zamphelmets.co\/wp-content\/uploads\/2020\/08\/TgkrcRJTRCWO4eEYEJCV_HSZ220CL_66ab241d-f25e-4db8-b1be-8c3ab6129275.jpg","contentUrl":"https:\/\/zamphelmets.co\/wp-content\/uploads\/2020\/08\/TgkrcRJTRCWO4eEYEJCV_HSZ220CL_66ab241d-f25e-4db8-b1be-8c3ab6129275.jpg","width":1000,"height":1000,"caption":"Zamp Helme Heckspoiler f\u00fcr den Rennsport"},{"@type":"BreadcrumbList","@id":"https:\/\/zamphelmets.co\/de\/produkt\/heckspoiler\/#breadcrumb","itemListElement":[{"@type":"ListItem","position":1,"name":"Shop","item":"https:\/\/zamphelmets.co\/de\/shop\/"},{"@type":"ListItem","position":2,"name":"Heckspoiler"}]},{"@type":"WebSite","@id":"https:\/\/zamphelmets.co\/de\/#website","url":"https:\/\/zamphelmets.co\/de\/","name":"Zamp Helmets | Helmet 28 EU","description":"High Quality Motorsport Helmets","potentialAction":[{"@type":"SearchAction","target":{"@type":"EntryPoint","urlTemplate":"https:\/\/zamphelmets.co\/de\/?s={search_term_string}"},"query-input":{"@type":"PropertyValueSpecification","valueRequired":true,"valueName":"search_term_string"}}],"inLanguage":"de-DE"}]}},"_links":{"self":[{"href":"https:\/\/zamphelmets.co\/de\/wp-json\/wp\/v2\/product\/22433","targetHints":{"allow":["GET"]}}],"collection":[{"href":"https:\/\/zamphelmets.co\/de\/wp-json\/wp\/v2\/product"}],"about":[{"href":"https:\/\/zamphelmets.co\/de\/wp-json\/wp\/v2\/types\/product"}],"replies":[{"embeddable":true,"href":"https:\/\/zamphelmets.co\/de\/wp-json\/wp\/v2\/comments?post=22433"}],"wp:featuredmedia":[{"embeddable":true,"href":"https:\/\/zamphelmets.co\/de\/wp-json\/wp\/v2\/media\/12374"}],"wp:attachment":[{"href":"https:\/\/zamphelmets.co\/de\/wp-json\/wp\/v2\/media?parent=22433"}],"wp:term":[{"taxonomy":"product_brand","embeddable":true,"href":"https:\/\/zamphelmets.co\/de\/wp-json\/wp\/v2\/product_brand?post=22433"},{"taxonomy":"product_cat","embeddable":true,"href":"https:\/\/zamphelmets.co\/de\/wp-json\/wp\/v2\/product_cat?post=22433"},{"taxonomy":"product_tag","embeddable":true,"href":"https:\/\/zamphelmets.co\/de\/wp-json\/wp\/v2\/product_tag?post=22433"}],"curies":[{"name":"wp","href":"https:\/\/api.w.org\/{rel}","templated":true}]}}