{"id":207014,"date":"2025-08-13T13:15:36","date_gmt":"2025-08-13T13:15:36","guid":{"rendered":"https:\/\/zamphelmets.co\/product\/rz-57-weiss\/"},"modified":"2026-04-15T15:11:10","modified_gmt":"2026-04-15T15:11:10","slug":"rz-57-weiss","status":"publish","type":"product","link":"https:\/\/zamphelmets.co\/de\/produkt\/rz-57-weiss\/","title":{"rendered":"RZ 57 Wei\u00df"},"content":{"rendered":"<p data-start=\"141\" data-end=\"453\">Der <strong data-start=\"145\" data-end=\"166\">Zamp RZ-57 Helm<\/strong> bietet modernste Sicherheit zu einem unschlagbaren Preis-Leistungs-Verh\u00e4ltnis und ist damit einer der besten Allround-Motorsporthelme auf dem Markt. Ausgestattet mit der neuesten <strong data-start=\"309\" data-end=\"336\">Snell SA2025 Technologie<\/strong>, bietet er die perfekte Kombination aus Zuverl\u00e4ssigkeit, Komfort und Erschwinglichkeit \u2013 ohne Kompromisse bei der Leistung. <\/p>\n<p data-start=\"455\" data-end=\"931\">Mit einer <strong data-start=\"467\" data-end=\"509\">leichten Verbundfaser-Schale<\/strong> und einem <strong data-start=\"516\" data-end=\"549\">weichen, feuerhemmenden Innenfutter<\/strong> ist der RZ-57 f\u00fcr ganzt\u00e4gigen Komfort konzipiert, egal ob Sie Kartrennen fahren, an Club-Motorsportveranstaltungen teilnehmen oder Hochleistungs-Trackdays absolvieren.<\/p>\n<p data-start=\"933\" data-end=\"1246\">Der RZ-57 wird mit einem <strong data-start=\"956\" data-end=\"984\">Z-20 Series Klarglasvisier<\/strong> mit Abrei\u00dfvisier-Pins geliefert, das sowohl mit <strong data-start=\"1036\" data-end=\"1070\">12,125&#8243; Banana-Style Abrei\u00dfvisieren<\/strong> kompatibel ist, damit Sie immer rennbereit sind. Zudem sorgen <strong data-start=\"1140\" data-end=\"1154\">M6-Eins\u00e4tze<\/strong> f\u00fcr volle Kompatibilit\u00e4t mit Head &amp; Neck Restraint (HANS)-Systemen f\u00fcr maximalen Schutz. <\/p>\n<h3 data-start=\"1248\" data-end=\"1267\">Hauptmerkmale:<\/h3>\n<ul data-start=\"1268\" data-end=\"1649\">\n<li data-start=\"1268\" data-end=\"1343\">\n<p data-start=\"1270\" data-end=\"1343\"><strong data-start=\"1270\" data-end=\"1312\">Leichte Verbundfaser-Schale<\/strong> f\u00fcr St\u00e4rke und Leistung<\/p>\n<\/li>\n<li data-start=\"1344\" data-end=\"1404\">\n<p data-start=\"1346\" data-end=\"1404\"><strong data-start=\"1346\" data-end=\"1373\">Minimalistisches Design mit Frontbel\u00fcftung<\/strong> sowie Kopf- und Heckausl\u00e4ssen f\u00fcr verbesserte Luftzirkulation<\/p>\n<\/li>\n<li data-start=\"1405\" data-end=\"1458\">\n<p data-start=\"1407\" data-end=\"1458\"><strong data-start=\"1407\" data-end=\"1440\">Weiches, feuerhemmendes Innenfutter<\/strong> (nicht herausnehmbar)<\/p>\n<\/li>\n<li data-start=\"1459\" data-end=\"1547\">\n<p data-start=\"1461\" data-end=\"1547\"><strong data-start=\"1461\" data-end=\"1482\">Z-20 Klarglasvisier<\/strong> mit Abrei\u00dfvisier-Pins \u2013 passend f\u00fcr Banana-Style und Z Optics Abrei\u00dfvisiere<\/p>\n<\/li>\n<li data-start=\"1548\" data-end=\"1592\">\n<p data-start=\"1550\" data-end=\"1592\"><strong data-start=\"1550\" data-end=\"1564\">M6-Eins\u00e4tze<\/strong> f\u00fcr HANS \/ HNR-Systeme<\/p>\n<\/li>\n<li data-start=\"1593\" data-end=\"1649\">\n<p data-start=\"1595\" data-end=\"1649\"><strong data-start=\"1595\" data-end=\"1620\">Snell SA2025 zugelassen<\/strong> f\u00fcr Motorsportwettbewerbe<\/p>\n<\/li>\n<\/ul>\n<p data-start=\"1651\" data-end=\"1773\">F\u00fcr Rennfahrer, die zuverl\u00e4ssige Sicherheit, moderne Leistung und ein unglaubliches Preis-Leistungs-Verh\u00e4ltnis w\u00fcnschen, ist der <strong data-start=\"1736\" data-end=\"1750\">Zamp RZ-57<\/strong> die kluge Wahl.<\/p>\n","protected":false},"excerpt":{"rendered":"<p>Der Zamp RZ-57 Helm bietet modernste Sicherheit zu einem unschlagbaren Preis-Leistungs-Verh\u00e4ltnis und ist damit einer der besten Allround-Motorsporthelme auf dem Markt. Ausgestattet mit der neuesten Snell SA2025 Technologie, bietet er die perfekte Kombination aus Zuverl\u00e4ssigkeit, Komfort und Erschwinglichkeit \u2013 ohne Kompromisse bei der Leistung. Mit einer leichten Verbundfaser-Schale und einem weichen, feuerhemmenden Innenfutter ist der [&hellip;]<\/p>\n","protected":false},"featured_media":113701,"comment_status":"open","ping_status":"closed","template":"","meta":{"_acf_changed":false,"_iconic_wsb_product_page_order_bump_ids":[[]],"_sku":["H784001"],"_iconic_wsb_product_page_bump_modal_ids":[[]]},"product_brand":[],"product_cat":[199,230,468,124],"product_tag":[],"class_list":{"0":"post-207014","1":"product","2":"type-product","3":"status-publish","4":"has-post-thumbnail","6":"product_cat-zamp-helme","7":"product_cat-nicht-kategorisiert","8":"product_cat-snell-2025","9":"product_cat-zamp-de","11":"first","12":"instock","13":"taxable","14":"shipping-taxable","15":"purchasable","16":"product-type-variable"},"acf":[],"yoast_head":"<!-- This site is optimized with the Yoast SEO plugin v27.0 - https:\/\/yoast.com\/product\/yoast-seo-wordpress\/ -->\n<title>RZ 57 Wei\u00df - Zamp Helmets | Helmet 28 EU<\/title>\n<meta name=\"description\" content=\"JETZT KAUFEN \u2013 Snell SA2025 zugelassen, leicht, langlebig und preisg\u00fcnstig, mit Top Air Kompatibilit\u00e4t f\u00fcr Motorsport-Performance.\" \/>\n<meta name=\"robots\" content=\"index, follow, max-snippet:-1, max-image-preview:large, max-video-preview:-1\" \/>\n<link rel=\"canonical\" href=\"https:\/\/zamphelmets.co\/de\/produkt\/rz-57-weiss\/\" \/>\n<meta property=\"og:locale\" content=\"de_DE\" \/>\n<meta property=\"og:type\" content=\"article\" \/>\n<meta property=\"og:title\" content=\"RZ 57 Wei\u00df - Zamp Helmets | Helmet 28 EU\" \/>\n<meta property=\"og:description\" content=\"JETZT KAUFEN \u2013 Snell SA2025 zugelassen, leicht, langlebig und preisg\u00fcnstig, mit Top Air Kompatibilit\u00e4t f\u00fcr Motorsport-Performance.\" \/>\n<meta property=\"og:url\" content=\"https:\/\/zamphelmets.co\/de\/produkt\/rz-57-weiss\/\" \/>\n<meta property=\"og:site_name\" content=\"Zamp Helmets | Helmet 28 EU\" \/>\n<meta property=\"article:modified_time\" content=\"2026-04-15T15:11:10+00:00\" \/>\n<meta property=\"og:image\" content=\"https:\/\/zamphelmets.co\/wp-content\/uploads\/2025\/08\/AcqhctSxSlmXaYC7MPk2_H770001.jpg\" \/>\n\t<meta property=\"og:image:width\" content=\"1500\" \/>\n\t<meta property=\"og:image:height\" content=\"1500\" \/>\n\t<meta property=\"og:image:type\" content=\"image\/jpeg\" \/>\n<meta name=\"twitter:card\" content=\"summary_large_image\" \/>\n<meta name=\"twitter:label1\" content=\"Est. reading time\" \/>\n\t<meta name=\"twitter:data1\" content=\"1 Minute\" \/>\n<script type=\"application\/ld+json\" class=\"yoast-schema-graph\">{\"@context\":\"https:\/\/schema.org\",\"@graph\":[{\"@type\":\"WebPage\",\"@id\":\"https:\/\/zamphelmets.co\/de\/produkt\/rz-57-weiss\/\",\"url\":\"https:\/\/zamphelmets.co\/de\/produkt\/rz-57-weiss\/\",\"name\":\"RZ 57 Wei\u00df - Zamp Helmets | Helmet 28 EU\",\"isPartOf\":{\"@id\":\"https:\/\/zamphelmets.co\/de\/#website\"},\"primaryImageOfPage\":{\"@id\":\"https:\/\/zamphelmets.co\/de\/produkt\/rz-57-weiss\/#primaryimage\"},\"image\":{\"@id\":\"https:\/\/zamphelmets.co\/de\/produkt\/rz-57-weiss\/#primaryimage\"},\"thumbnailUrl\":\"https:\/\/zamphelmets.co\/wp-content\/uploads\/2025\/08\/AcqhctSxSlmXaYC7MPk2_H770001.jpg\",\"datePublished\":\"2025-08-13T13:15:36+00:00\",\"dateModified\":\"2026-04-15T15:11:10+00:00\",\"description\":\"JETZT KAUFEN \u2013 Snell SA2025 zugelassen, leicht, langlebig und preisg\u00fcnstig, mit Top Air Kompatibilit\u00e4t f\u00fcr Motorsport-Performance.\",\"breadcrumb\":{\"@id\":\"https:\/\/zamphelmets.co\/de\/produkt\/rz-57-weiss\/#breadcrumb\"},\"inLanguage\":\"de-DE\",\"potentialAction\":[{\"@type\":\"ReadAction\",\"target\":[\"https:\/\/zamphelmets.co\/de\/produkt\/rz-57-weiss\/\"]}]},{\"@type\":\"ImageObject\",\"inLanguage\":\"de-DE\",\"@id\":\"https:\/\/zamphelmets.co\/de\/produkt\/rz-57-weiss\/#primaryimage\",\"url\":\"https:\/\/zamphelmets.co\/wp-content\/uploads\/2025\/08\/AcqhctSxSlmXaYC7MPk2_H770001.jpg\",\"contentUrl\":\"https:\/\/zamphelmets.co\/wp-content\/uploads\/2025\/08\/AcqhctSxSlmXaYC7MPk2_H770001.jpg\",\"width\":1500,\"height\":1500},{\"@type\":\"BreadcrumbList\",\"@id\":\"https:\/\/zamphelmets.co\/de\/produkt\/rz-57-weiss\/#breadcrumb\",\"itemListElement\":[{\"@type\":\"ListItem\",\"position\":1,\"name\":\"Shop\",\"item\":\"https:\/\/zamphelmets.co\/de\/shop\/\"},{\"@type\":\"ListItem\",\"position\":2,\"name\":\"RZ 57 Wei\u00df\"}]},{\"@type\":\"WebSite\",\"@id\":\"https:\/\/zamphelmets.co\/de\/#website\",\"url\":\"https:\/\/zamphelmets.co\/de\/\",\"name\":\"Zamp Helmets | Helmet 28 EU\",\"description\":\"High Quality Motorsport Helmets\",\"potentialAction\":[{\"@type\":\"SearchAction\",\"target\":{\"@type\":\"EntryPoint\",\"urlTemplate\":\"https:\/\/zamphelmets.co\/de\/?s={search_term_string}\"},\"query-input\":{\"@type\":\"PropertyValueSpecification\",\"valueRequired\":true,\"valueName\":\"search_term_string\"}}],\"inLanguage\":\"de-DE\"}]}<\/script>\n<!-- \/ Yoast SEO plugin. -->","yoast_head_json":{"title":"RZ 57 Wei\u00df - Zamp Helmets | Helmet 28 EU","description":"JETZT KAUFEN \u2013 Snell SA2025 zugelassen, leicht, langlebig und preisg\u00fcnstig, mit Top Air Kompatibilit\u00e4t f\u00fcr Motorsport-Performance.","robots":{"index":"index","follow":"follow","max-snippet":"max-snippet:-1","max-image-preview":"max-image-preview:large","max-video-preview":"max-video-preview:-1"},"canonical":"https:\/\/zamphelmets.co\/de\/produkt\/rz-57-weiss\/","og_locale":"de_DE","og_type":"article","og_title":"RZ 57 Wei\u00df - Zamp Helmets | Helmet 28 EU","og_description":"JETZT KAUFEN \u2013 Snell SA2025 zugelassen, leicht, langlebig und preisg\u00fcnstig, mit Top Air Kompatibilit\u00e4t f\u00fcr Motorsport-Performance.","og_url":"https:\/\/zamphelmets.co\/de\/produkt\/rz-57-weiss\/","og_site_name":"Zamp Helmets | Helmet 28 EU","article_modified_time":"2026-04-15T15:11:10+00:00","og_image":[{"width":1500,"height":1500,"url":"https:\/\/zamphelmets.co\/wp-content\/uploads\/2025\/08\/AcqhctSxSlmXaYC7MPk2_H770001.jpg","type":"image\/jpeg"}],"twitter_card":"summary_large_image","twitter_misc":{"Est. reading time":"1 Minute"},"schema":{"@context":"https:\/\/schema.org","@graph":[{"@type":"WebPage","@id":"https:\/\/zamphelmets.co\/de\/produkt\/rz-57-weiss\/","url":"https:\/\/zamphelmets.co\/de\/produkt\/rz-57-weiss\/","name":"RZ 57 Wei\u00df - Zamp Helmets | Helmet 28 EU","isPartOf":{"@id":"https:\/\/zamphelmets.co\/de\/#website"},"primaryImageOfPage":{"@id":"https:\/\/zamphelmets.co\/de\/produkt\/rz-57-weiss\/#primaryimage"},"image":{"@id":"https:\/\/zamphelmets.co\/de\/produkt\/rz-57-weiss\/#primaryimage"},"thumbnailUrl":"https:\/\/zamphelmets.co\/wp-content\/uploads\/2025\/08\/AcqhctSxSlmXaYC7MPk2_H770001.jpg","datePublished":"2025-08-13T13:15:36+00:00","dateModified":"2026-04-15T15:11:10+00:00","description":"JETZT KAUFEN \u2013 Snell SA2025 zugelassen, leicht, langlebig und preisg\u00fcnstig, mit Top Air Kompatibilit\u00e4t f\u00fcr Motorsport-Performance.","breadcrumb":{"@id":"https:\/\/zamphelmets.co\/de\/produkt\/rz-57-weiss\/#breadcrumb"},"inLanguage":"de-DE","potentialAction":[{"@type":"ReadAction","target":["https:\/\/zamphelmets.co\/de\/produkt\/rz-57-weiss\/"]}]},{"@type":"ImageObject","inLanguage":"de-DE","@id":"https:\/\/zamphelmets.co\/de\/produkt\/rz-57-weiss\/#primaryimage","url":"https:\/\/zamphelmets.co\/wp-content\/uploads\/2025\/08\/AcqhctSxSlmXaYC7MPk2_H770001.jpg","contentUrl":"https:\/\/zamphelmets.co\/wp-content\/uploads\/2025\/08\/AcqhctSxSlmXaYC7MPk2_H770001.jpg","width":1500,"height":1500},{"@type":"BreadcrumbList","@id":"https:\/\/zamphelmets.co\/de\/produkt\/rz-57-weiss\/#breadcrumb","itemListElement":[{"@type":"ListItem","position":1,"name":"Shop","item":"https:\/\/zamphelmets.co\/de\/shop\/"},{"@type":"ListItem","position":2,"name":"RZ 57 Wei\u00df"}]},{"@type":"WebSite","@id":"https:\/\/zamphelmets.co\/de\/#website","url":"https:\/\/zamphelmets.co\/de\/","name":"Zamp Helmets | Helmet 28 EU","description":"High Quality Motorsport Helmets","potentialAction":[{"@type":"SearchAction","target":{"@type":"EntryPoint","urlTemplate":"https:\/\/zamphelmets.co\/de\/?s={search_term_string}"},"query-input":{"@type":"PropertyValueSpecification","valueRequired":true,"valueName":"search_term_string"}}],"inLanguage":"de-DE"}]}},"_links":{"self":[{"href":"https:\/\/zamphelmets.co\/de\/wp-json\/wp\/v2\/product\/207014","targetHints":{"allow":["GET"]}}],"collection":[{"href":"https:\/\/zamphelmets.co\/de\/wp-json\/wp\/v2\/product"}],"about":[{"href":"https:\/\/zamphelmets.co\/de\/wp-json\/wp\/v2\/types\/product"}],"replies":[{"embeddable":true,"href":"https:\/\/zamphelmets.co\/de\/wp-json\/wp\/v2\/comments?post=207014"}],"wp:featuredmedia":[{"embeddable":true,"href":"https:\/\/zamphelmets.co\/de\/wp-json\/wp\/v2\/media\/113701"}],"wp:attachment":[{"href":"https:\/\/zamphelmets.co\/de\/wp-json\/wp\/v2\/media?parent=207014"}],"wp:term":[{"taxonomy":"product_brand","embeddable":true,"href":"https:\/\/zamphelmets.co\/de\/wp-json\/wp\/v2\/product_brand?post=207014"},{"taxonomy":"product_cat","embeddable":true,"href":"https:\/\/zamphelmets.co\/de\/wp-json\/wp\/v2\/product_cat?post=207014"},{"taxonomy":"product_tag","embeddable":true,"href":"https:\/\/zamphelmets.co\/de\/wp-json\/wp\/v2\/product_tag?post=207014"}],"curies":[{"name":"wp","href":"https:\/\/api.w.org\/{rel}","templated":true}]}}