{"id":206975,"date":"2026-01-26T11:24:26","date_gmt":"2026-01-26T11:24:26","guid":{"rendered":"https:\/\/zamphelmets.co\/product\/unleash-blau\/"},"modified":"2026-02-27T11:17:25","modified_gmt":"2026-02-27T11:17:25","slug":"unleash-blau","status":"publish","type":"product","link":"https:\/\/zamphelmets.co\/de\/produkt\/unleash-blau\/","title":{"rendered":"UNLEASH &#8211; Blau"},"content":{"rendered":"<div class=\"container\">\n<div id=\"content\" class=\"site-content\">\n<div id=\"primary\" class=\"content-area\">\n<p><span style=\"font-weight: 400;\"><strong>Entdecken Sie die UNLEASH Kollektion von 32Five<\/strong> \u2013 entwickelt f\u00fcr Rennfahrer, die h\u00e4rter pushen, schneller fahren und sich nicht zufriedengeben. Speziell f\u00fcr professionelle und Amateur-Kartfahrer konzipiert, vereinen diese Handschuhe hochwertige Materialien, k\u00fchnes Design und rennentscheidende Performance in einem unverwechselbaren Paket. <\/span><\/p>\n<p><span style=\"font-weight: 400;\">Mit der <strong>charakteristischen roten Fingerspitze<\/strong>, Au\u00dfenn\u00e4hten und vorgekr\u00fcmmter ergonomischer Passform ist jedes Detail auf Kontrolle und Komfort ausgelegt. Das atmungsaktive Obermaterial h\u00e4lt Ihre H\u00e4nde auch unter Druck angenehm k\u00fchl, w\u00e4hrend die innovative DriveSkin-Handfl\u00e4chentechnologie f\u00fcr unvergleichlichen Grip, pr\u00e4zise Lenkung und langlebige Haltbarkeit sorgt. <\/span><\/p>\n<p><span style=\"font-weight: 400;\">Aus der Mentalit\u00e4t eines Rennfahrers geboren und im Wettbewerb perfektioniert, sind die <strong>32Five UNLEASH Handschuhe<\/strong> darauf ausgelegt, auf h\u00f6chstem Niveau zu performen \u2013 egal wie intensiv das Rennen wird.<\/span><\/p>\n<ul>\n<li><span style=\"font-weight: 400;\"><strong>Au\u00dfenn\u00e4hte<\/strong> \u2013 Reduzierte Reibung und Druckpunkte f\u00fcr \u00fcberlegenen Komfort und Ausdauer.<\/span><\/li>\n<li><span style=\"font-weight: 400;\"><strong>Atmungsaktives Obermaterial<\/strong> \u2013 Leicht, weich und bel\u00fcftet f\u00fcr einen k\u00fchlen, bequemen Sitz Runde f\u00fcr Runde.<\/span><\/li>\n<li><span style=\"font-weight: 400;\"><strong>DriveSkin-Handfl\u00e4chentechnologie<\/strong> \u2013 Maximaler Grip, Lenkgef\u00fchl und Haltbarkeit f\u00fcr volle Kontrolle am Steuer.<\/span><\/li>\n<li><span style=\"font-weight: 400;\"><strong>Vorgeformte ergonomische Passform<\/strong> \u2013 Unterst\u00fctzt Ihre nat\u00fcrliche Handhaltung f\u00fcr sch\u00e4rferen Fokus und m\u00fchelose Pr\u00e4zision.<\/span><\/li>\n<li><strong>Erh\u00e4ltlich in den Gr\u00f6\u00dfen XXXS bis XL<\/strong><\/li>\n<\/ul>\n<p><span style=\"font-weight: 400;\">Vom ikonischen roten Fingerende bis zur letzten Naht verk\u00f6rpert die <strong>UNLEASH<\/strong> Kollektion die 32Five Philosophie: hart fahren, auffallen und niemals zur\u00fcckhalten.<\/span><\/p>\n<p><strong>Folgen Sie dem Rot. Fahren Sie 32Five. <\/strong><\/p>\n<p><img decoding=\"async\" class=\"alignnone wp-image-222671 lazyload\" data-src=\"https:\/\/zamphelmets.co\/wp-content\/uploads\/2026\/01\/32F-SizeGuide-25-V1-scaled.webp\" alt=\"\" width=\"643\" height=\"346\" data-srcset=\"https:\/\/zamphelmets.co\/wp-content\/uploads\/2026\/01\/32F-SizeGuide-25-V1-scaled.webp 2560w, https:\/\/zamphelmets.co\/wp-content\/uploads\/2026\/01\/32F-SizeGuide-25-V1-300x161.webp 300w, https:\/\/zamphelmets.co\/wp-content\/uploads\/2026\/01\/32F-SizeGuide-25-V1-1024x551.webp 1024w, https:\/\/zamphelmets.co\/wp-content\/uploads\/2026\/01\/32F-SizeGuide-25-V1-768x413.webp 768w, https:\/\/zamphelmets.co\/wp-content\/uploads\/2026\/01\/32F-SizeGuide-25-V1-1536x826.webp 1536w, https:\/\/zamphelmets.co\/wp-content\/uploads\/2026\/01\/32F-SizeGuide-25-V1-2048x1101.webp 2048w, https:\/\/zamphelmets.co\/wp-content\/uploads\/2026\/01\/32F-SizeGuide-25-V1-600x323.webp 600w\" data-sizes=\"(max-width: 643px) 100vw, 643px\" src=\"data:image\/svg+xml;base64,PHN2ZyB3aWR0aD0iMSIgaGVpZ2h0PSIxIiB4bWxucz0iaHR0cDovL3d3dy53My5vcmcvMjAwMC9zdmciPjwvc3ZnPg==\" style=\"--smush-placeholder-width: 643px; --smush-placeholder-aspect-ratio: 643\/346;\" \/><\/p>\n<\/div>\n<\/div>\n<\/div>\n","protected":false},"excerpt":{"rendered":"<p>Entdecken Sie die UNLEASH Kollektion von 32Five \u2013 entwickelt f\u00fcr Rennfahrer, die h\u00e4rter pushen, schneller fahren und sich nicht zufriedengeben. Speziell f\u00fcr professionelle und Amateur-Kartfahrer konzipiert, vereinen diese Handschuhe hochwertige Materialien, k\u00fchnes Design und rennentscheidende Performance in einem unverwechselbaren Paket. Mit der charakteristischen roten Fingerspitze, Au\u00dfenn\u00e4hten und vorgekr\u00fcmmter ergonomischer Passform ist jedes Detail auf Kontrolle [&hellip;]<\/p>\n","protected":false},"featured_media":189866,"comment_status":"open","ping_status":"closed","template":"","meta":{"_acf_changed":false,"_iconic_wsb_product_page_order_bump_ids":[[]],"_sku":[],"_iconic_wsb_product_page_bump_modal_ids":[[]]},"product_brand":[],"product_cat":[478,173,172],"product_tag":[],"class_list":{"0":"post-206975","1":"product","2":"type-product","3":"status-publish","4":"has-post-thumbnail","6":"product_cat-32five","7":"product_cat-handschuhe","8":"product_cat-schutz-kleidung","10":"first","11":"instock","12":"taxable","13":"shipping-taxable","14":"purchasable","15":"product-type-variable"},"acf":[],"yoast_head":"<!-- This site is optimized with the Yoast SEO plugin v27.0 - https:\/\/yoast.com\/product\/yoast-seo-wordpress\/ -->\n<title>UNLEASH - Blau - Premium Karting-Handschuhe<\/title>\n<meta name=\"description\" content=\"32Five UNLEASH Karting-Handschuhe bieten maximalen Grip, atmungsaktiven Komfort und pr\u00e4zise Kontrolle. Entwickelt, um auf der Strecke zu \u00fcberzeugen und herauszustechen.\" \/>\n<meta name=\"robots\" content=\"index, follow, max-snippet:-1, max-image-preview:large, max-video-preview:-1\" \/>\n<link rel=\"canonical\" href=\"https:\/\/zamphelmets.co\/de\/produkt\/unleash-blau\/\" \/>\n<meta property=\"og:locale\" content=\"de_DE\" \/>\n<meta property=\"og:type\" content=\"article\" \/>\n<meta property=\"og:title\" content=\"UNLEASH - Blau - Premium Karting-Handschuhe\" \/>\n<meta property=\"og:description\" content=\"32Five UNLEASH Karting-Handschuhe bieten maximalen Grip, atmungsaktiven Komfort und pr\u00e4zise Kontrolle. Entwickelt, um auf der Strecke zu \u00fcberzeugen und herauszustechen.\" \/>\n<meta property=\"og:url\" content=\"https:\/\/zamphelmets.co\/de\/produkt\/unleash-blau\/\" \/>\n<meta property=\"og:site_name\" content=\"Zamp Helmets | Helmet 28 EU\" \/>\n<meta property=\"article:modified_time\" content=\"2026-02-27T11:17:25+00:00\" \/>\n<meta property=\"og:image\" content=\"https:\/\/zamphelmets.co\/wp-content\/uploads\/2026\/01\/unleash_blue.jpeg\" \/>\n\t<meta property=\"og:image:width\" content=\"984\" \/>\n\t<meta property=\"og:image:height\" content=\"1000\" \/>\n\t<meta property=\"og:image:type\" content=\"image\/jpeg\" \/>\n<meta name=\"twitter:card\" content=\"summary_large_image\" \/>\n<meta name=\"twitter:label1\" content=\"Est. reading time\" \/>\n\t<meta name=\"twitter:data1\" content=\"1 Minute\" \/>\n<script type=\"application\/ld+json\" class=\"yoast-schema-graph\">{\"@context\":\"https:\/\/schema.org\",\"@graph\":[{\"@type\":\"WebPage\",\"@id\":\"https:\/\/zamphelmets.co\/de\/produkt\/unleash-blau\/\",\"url\":\"https:\/\/zamphelmets.co\/de\/produkt\/unleash-blau\/\",\"name\":\"UNLEASH - Blau - Premium Karting-Handschuhe\",\"isPartOf\":{\"@id\":\"https:\/\/zamphelmets.co\/de\/#website\"},\"primaryImageOfPage\":{\"@id\":\"https:\/\/zamphelmets.co\/de\/produkt\/unleash-blau\/#primaryimage\"},\"image\":{\"@id\":\"https:\/\/zamphelmets.co\/de\/produkt\/unleash-blau\/#primaryimage\"},\"thumbnailUrl\":\"https:\/\/zamphelmets.co\/wp-content\/uploads\/2026\/01\/unleash_blue.jpeg\",\"datePublished\":\"2026-01-26T11:24:26+00:00\",\"dateModified\":\"2026-02-27T11:17:25+00:00\",\"description\":\"32Five UNLEASH Karting-Handschuhe bieten maximalen Grip, atmungsaktiven Komfort und pr\u00e4zise Kontrolle. Entwickelt, um auf der Strecke zu \u00fcberzeugen und herauszustechen.\",\"breadcrumb\":{\"@id\":\"https:\/\/zamphelmets.co\/de\/produkt\/unleash-blau\/#breadcrumb\"},\"inLanguage\":\"de-DE\",\"potentialAction\":[{\"@type\":\"ReadAction\",\"target\":[\"https:\/\/zamphelmets.co\/de\/produkt\/unleash-blau\/\"]}]},{\"@type\":\"ImageObject\",\"inLanguage\":\"de-DE\",\"@id\":\"https:\/\/zamphelmets.co\/de\/produkt\/unleash-blau\/#primaryimage\",\"url\":\"https:\/\/zamphelmets.co\/wp-content\/uploads\/2026\/01\/unleash_blue.jpeg\",\"contentUrl\":\"https:\/\/zamphelmets.co\/wp-content\/uploads\/2026\/01\/unleash_blue.jpeg\",\"width\":984,\"height\":1000},{\"@type\":\"BreadcrumbList\",\"@id\":\"https:\/\/zamphelmets.co\/de\/produkt\/unleash-blau\/#breadcrumb\",\"itemListElement\":[{\"@type\":\"ListItem\",\"position\":1,\"name\":\"Shop\",\"item\":\"https:\/\/zamphelmets.co\/de\/shop\/\"},{\"@type\":\"ListItem\",\"position\":2,\"name\":\"UNLEASH &#8211; Blau\"}]},{\"@type\":\"WebSite\",\"@id\":\"https:\/\/zamphelmets.co\/de\/#website\",\"url\":\"https:\/\/zamphelmets.co\/de\/\",\"name\":\"Zamp Helmets | Helmet 28 EU\",\"description\":\"High Quality Motorsport Helmets\",\"potentialAction\":[{\"@type\":\"SearchAction\",\"target\":{\"@type\":\"EntryPoint\",\"urlTemplate\":\"https:\/\/zamphelmets.co\/de\/?s={search_term_string}\"},\"query-input\":{\"@type\":\"PropertyValueSpecification\",\"valueRequired\":true,\"valueName\":\"search_term_string\"}}],\"inLanguage\":\"de-DE\"}]}<\/script>\n<!-- \/ Yoast SEO plugin. -->","yoast_head_json":{"title":"UNLEASH - Blau - Premium Karting-Handschuhe","description":"32Five UNLEASH Karting-Handschuhe bieten maximalen Grip, atmungsaktiven Komfort und pr\u00e4zise Kontrolle. Entwickelt, um auf der Strecke zu \u00fcberzeugen und herauszustechen.","robots":{"index":"index","follow":"follow","max-snippet":"max-snippet:-1","max-image-preview":"max-image-preview:large","max-video-preview":"max-video-preview:-1"},"canonical":"https:\/\/zamphelmets.co\/de\/produkt\/unleash-blau\/","og_locale":"de_DE","og_type":"article","og_title":"UNLEASH - Blau - Premium Karting-Handschuhe","og_description":"32Five UNLEASH Karting-Handschuhe bieten maximalen Grip, atmungsaktiven Komfort und pr\u00e4zise Kontrolle. Entwickelt, um auf der Strecke zu \u00fcberzeugen und herauszustechen.","og_url":"https:\/\/zamphelmets.co\/de\/produkt\/unleash-blau\/","og_site_name":"Zamp Helmets | Helmet 28 EU","article_modified_time":"2026-02-27T11:17:25+00:00","og_image":[{"width":984,"height":1000,"url":"https:\/\/zamphelmets.co\/wp-content\/uploads\/2026\/01\/unleash_blue.jpeg","type":"image\/jpeg"}],"twitter_card":"summary_large_image","twitter_misc":{"Est. reading time":"1 Minute"},"schema":{"@context":"https:\/\/schema.org","@graph":[{"@type":"WebPage","@id":"https:\/\/zamphelmets.co\/de\/produkt\/unleash-blau\/","url":"https:\/\/zamphelmets.co\/de\/produkt\/unleash-blau\/","name":"UNLEASH - Blau - Premium Karting-Handschuhe","isPartOf":{"@id":"https:\/\/zamphelmets.co\/de\/#website"},"primaryImageOfPage":{"@id":"https:\/\/zamphelmets.co\/de\/produkt\/unleash-blau\/#primaryimage"},"image":{"@id":"https:\/\/zamphelmets.co\/de\/produkt\/unleash-blau\/#primaryimage"},"thumbnailUrl":"https:\/\/zamphelmets.co\/wp-content\/uploads\/2026\/01\/unleash_blue.jpeg","datePublished":"2026-01-26T11:24:26+00:00","dateModified":"2026-02-27T11:17:25+00:00","description":"32Five UNLEASH Karting-Handschuhe bieten maximalen Grip, atmungsaktiven Komfort und pr\u00e4zise Kontrolle. Entwickelt, um auf der Strecke zu \u00fcberzeugen und herauszustechen.","breadcrumb":{"@id":"https:\/\/zamphelmets.co\/de\/produkt\/unleash-blau\/#breadcrumb"},"inLanguage":"de-DE","potentialAction":[{"@type":"ReadAction","target":["https:\/\/zamphelmets.co\/de\/produkt\/unleash-blau\/"]}]},{"@type":"ImageObject","inLanguage":"de-DE","@id":"https:\/\/zamphelmets.co\/de\/produkt\/unleash-blau\/#primaryimage","url":"https:\/\/zamphelmets.co\/wp-content\/uploads\/2026\/01\/unleash_blue.jpeg","contentUrl":"https:\/\/zamphelmets.co\/wp-content\/uploads\/2026\/01\/unleash_blue.jpeg","width":984,"height":1000},{"@type":"BreadcrumbList","@id":"https:\/\/zamphelmets.co\/de\/produkt\/unleash-blau\/#breadcrumb","itemListElement":[{"@type":"ListItem","position":1,"name":"Shop","item":"https:\/\/zamphelmets.co\/de\/shop\/"},{"@type":"ListItem","position":2,"name":"UNLEASH &#8211; Blau"}]},{"@type":"WebSite","@id":"https:\/\/zamphelmets.co\/de\/#website","url":"https:\/\/zamphelmets.co\/de\/","name":"Zamp Helmets | Helmet 28 EU","description":"High Quality Motorsport Helmets","potentialAction":[{"@type":"SearchAction","target":{"@type":"EntryPoint","urlTemplate":"https:\/\/zamphelmets.co\/de\/?s={search_term_string}"},"query-input":{"@type":"PropertyValueSpecification","valueRequired":true,"valueName":"search_term_string"}}],"inLanguage":"de-DE"}]}},"_links":{"self":[{"href":"https:\/\/zamphelmets.co\/de\/wp-json\/wp\/v2\/product\/206975","targetHints":{"allow":["GET"]}}],"collection":[{"href":"https:\/\/zamphelmets.co\/de\/wp-json\/wp\/v2\/product"}],"about":[{"href":"https:\/\/zamphelmets.co\/de\/wp-json\/wp\/v2\/types\/product"}],"replies":[{"embeddable":true,"href":"https:\/\/zamphelmets.co\/de\/wp-json\/wp\/v2\/comments?post=206975"}],"wp:featuredmedia":[{"embeddable":true,"href":"https:\/\/zamphelmets.co\/de\/wp-json\/wp\/v2\/media\/189866"}],"wp:attachment":[{"href":"https:\/\/zamphelmets.co\/de\/wp-json\/wp\/v2\/media?parent=206975"}],"wp:term":[{"taxonomy":"product_brand","embeddable":true,"href":"https:\/\/zamphelmets.co\/de\/wp-json\/wp\/v2\/product_brand?post=206975"},{"taxonomy":"product_cat","embeddable":true,"href":"https:\/\/zamphelmets.co\/de\/wp-json\/wp\/v2\/product_cat?post=206975"},{"taxonomy":"product_tag","embeddable":true,"href":"https:\/\/zamphelmets.co\/de\/wp-json\/wp\/v2\/product_tag?post=206975"}],"curies":[{"name":"wp","href":"https:\/\/api.w.org\/{rel}","templated":true}]}}