{"id":206807,"date":"2026-01-26T11:24:47","date_gmt":"2026-01-26T11:24:47","guid":{"rendered":"https:\/\/zamphelmets.co\/product\/no-limits-fluo-orange\/"},"modified":"2026-02-27T11:17:43","modified_gmt":"2026-02-27T11:17:43","slug":"no-limits-fluo-orange","status":"publish","type":"product","link":"https:\/\/zamphelmets.co\/de\/produkt\/no-limits-fluo-orange\/","title":{"rendered":"NO LIMITS &#8211; Fluo Orange"},"content":{"rendered":"<p><span style=\"font-weight: 400;\"><strong>Entdecken Sie die NO LIMITS Kollektion von 32Five<\/strong> \u2013 gemacht f\u00fcr Racer, die h\u00e4rter pushen, schneller fahren und sich nicht zufriedengeben. Entwickelt f\u00fcr professionelle und ambitionierte Kartfahrer vereinen diese Handschuhe Premium-Materialien, markantes Design und siegbringende Performance in einem unverwechselbaren Gesamtpaket. <\/span><\/p>\n<p><span style=\"font-weight: 400;\">Mit der <strong>charakteristischen roten Fingerspitze<\/strong>, Au\u00dfenn\u00e4hten und vorgekr\u00fcmmter ergonomischer Passform ist jedes Detail auf Kontrolle und Komfort ausgelegt. Das atmungsaktive Obermaterial h\u00e4lt Ihre H\u00e4nde auch unter Druck angenehm k\u00fchl, w\u00e4hrend die innovative DriveSkin-Handfl\u00e4chentechnologie f\u00fcr unvergleichlichen Grip, pr\u00e4zise Lenkung und langlebige Haltbarkeit sorgt. <\/span><\/p>\n<p><span style=\"font-weight: 400;\">Entstanden aus der Mentalit\u00e4t eines Rennfahrers und im Wettbewerb perfektioniert, sind die <strong>32Five NO LIMITS Handschuhe<\/strong> f\u00fcr H\u00f6chstleistungen konzipiert \u2013 egal wie intensiv das Rennen wird.<\/span><\/p>\n<ul>\n<li><span style=\"font-weight: 400;\"><strong>Au\u00dfenn\u00e4hte<\/strong> \u2013 Reduzierte Reibung und Druckpunkte f\u00fcr \u00fcberlegenen Komfort und Ausdauer.<\/span><\/li>\n<li><span style=\"font-weight: 400;\"><strong>Atmungsaktives Obermaterial<\/strong> \u2013 Leicht, weich und bel\u00fcftet f\u00fcr einen k\u00fchlen, bequemen Sitz Runde f\u00fcr Runde.<\/span><\/li>\n<li><span style=\"font-weight: 400;\"><strong>DriveSkin-Handfl\u00e4chentechnologie<\/strong> \u2013 Maximaler Grip, Lenkgef\u00fchl und Haltbarkeit f\u00fcr volle Kontrolle am Steuer.<\/span><\/li>\n<li><span style=\"font-weight: 400;\"><strong>Vorgeformte ergonomische Passform<\/strong> \u2013 Unterst\u00fctzt Ihre nat\u00fcrliche Handhaltung f\u00fcr sch\u00e4rferen Fokus und m\u00fchelose Pr\u00e4zision.<\/span><\/li>\n<li><strong>Erh\u00e4ltlich in den Gr\u00f6\u00dfen XXXS bis XL<\/strong><\/li>\n<\/ul>\n<p><span style=\"font-weight: 400;\">Von der ikonischen roten Fingerspitze bis zur letzten Naht verk\u00f6rpert die <strong>NO LIMITS<\/strong> Kollektion die 32Five-Philosophie: hart racen, auffallen und niemals zur\u00fcckhalten.<\/span><\/p>\n<p><strong>Folgen Sie dem Rot. Fahren Sie 32Five. <\/strong><\/p>\n<p><img decoding=\"async\" class=\"alignnone wp-image-222671 lazyload\" data-src=\"https:\/\/zamphelmets.co\/wp-content\/uploads\/2026\/01\/32F-SizeGuide-25-V1-scaled.webp\" alt=\"\" width=\"643\" height=\"346\" data-srcset=\"https:\/\/zamphelmets.co\/wp-content\/uploads\/2026\/01\/32F-SizeGuide-25-V1-scaled.webp 2560w, https:\/\/zamphelmets.co\/wp-content\/uploads\/2026\/01\/32F-SizeGuide-25-V1-300x161.webp 300w, https:\/\/zamphelmets.co\/wp-content\/uploads\/2026\/01\/32F-SizeGuide-25-V1-1024x551.webp 1024w, https:\/\/zamphelmets.co\/wp-content\/uploads\/2026\/01\/32F-SizeGuide-25-V1-768x413.webp 768w, https:\/\/zamphelmets.co\/wp-content\/uploads\/2026\/01\/32F-SizeGuide-25-V1-1536x826.webp 1536w, https:\/\/zamphelmets.co\/wp-content\/uploads\/2026\/01\/32F-SizeGuide-25-V1-2048x1101.webp 2048w, https:\/\/zamphelmets.co\/wp-content\/uploads\/2026\/01\/32F-SizeGuide-25-V1-600x323.webp 600w\" data-sizes=\"(max-width: 643px) 100vw, 643px\" src=\"data:image\/svg+xml;base64,PHN2ZyB3aWR0aD0iMSIgaGVpZ2h0PSIxIiB4bWxucz0iaHR0cDovL3d3dy53My5vcmcvMjAwMC9zdmciPjwvc3ZnPg==\" style=\"--smush-placeholder-width: 643px; --smush-placeholder-aspect-ratio: 643\/346;\" \/><\/p>\n","protected":false},"excerpt":{"rendered":"<p>Entdecken Sie die NO LIMITS Kollektion von 32Five \u2013 gemacht f\u00fcr Racer, die h\u00e4rter pushen, schneller fahren und sich nicht zufriedengeben. Entwickelt f\u00fcr professionelle und ambitionierte Kartfahrer vereinen diese Handschuhe Premium-Materialien, markantes Design und siegbringende Performance in einem unverwechselbaren Gesamtpaket. Mit der charakteristischen roten Fingerspitze, Au\u00dfenn\u00e4hten und vorgekr\u00fcmmter ergonomischer Passform ist jedes Detail auf Kontrolle [&hellip;]<\/p>\n","protected":false},"featured_media":189911,"comment_status":"open","ping_status":"closed","template":"","meta":{"_acf_changed":false,"_iconic_wsb_product_page_order_bump_ids":[[]],"_sku":[],"_iconic_wsb_product_page_bump_modal_ids":[[]]},"product_brand":[],"product_cat":[478,173,172],"product_tag":[],"class_list":{"0":"post-206807","1":"product","2":"type-product","3":"status-publish","4":"has-post-thumbnail","6":"product_cat-32five","7":"product_cat-handschuhe","8":"product_cat-schutz-kleidung","10":"first","11":"instock","12":"taxable","13":"shipping-taxable","14":"purchasable","15":"product-type-variable"},"acf":[],"yoast_head":"<!-- This site is optimized with the Yoast SEO plugin v27.0 - https:\/\/yoast.com\/product\/yoast-seo-wordpress\/ -->\n<title>NO LIMITS - Fluo Orange - Premium Kart-Handschuhe - 74,96 \u20ac<\/title>\n<meta name=\"description\" content=\"Entdecken Sie die 32Five NO LIMITS Kart-Handschuhe \u2013 Premium-Rennhandschuhe mit DriveSkin-Grip, ergonomischer Passform und dem charakteristischen roten Fingerspitzen-Design.\" \/>\n<meta name=\"robots\" content=\"index, follow, max-snippet:-1, max-image-preview:large, max-video-preview:-1\" \/>\n<link rel=\"canonical\" href=\"https:\/\/zamphelmets.co\/de\/produkt\/no-limits-fluo-orange\/\" \/>\n<meta property=\"og:locale\" content=\"de_DE\" \/>\n<meta property=\"og:type\" content=\"article\" \/>\n<meta property=\"og:title\" content=\"NO LIMITS - Fluo Orange - Premium Kart-Handschuhe - 74,96 \u20ac\" \/>\n<meta property=\"og:description\" content=\"Entdecken Sie die 32Five NO LIMITS Kart-Handschuhe \u2013 Premium-Rennhandschuhe mit DriveSkin-Grip, ergonomischer Passform und dem charakteristischen roten Fingerspitzen-Design.\" \/>\n<meta property=\"og:url\" content=\"https:\/\/zamphelmets.co\/de\/produkt\/no-limits-fluo-orange\/\" \/>\n<meta property=\"og:site_name\" content=\"Zamp Helmets | Helmet 28 EU\" \/>\n<meta property=\"article:modified_time\" content=\"2026-02-27T11:17:43+00:00\" \/>\n<meta property=\"og:image\" content=\"https:\/\/zamphelmets.co\/wp-content\/uploads\/2026\/01\/nolimits_orange.jpeg\" \/>\n\t<meta property=\"og:image:width\" content=\"982\" \/>\n\t<meta property=\"og:image:height\" content=\"1000\" \/>\n\t<meta property=\"og:image:type\" content=\"image\/jpeg\" \/>\n<meta name=\"twitter:card\" content=\"summary_large_image\" \/>\n<meta name=\"twitter:label1\" content=\"Est. reading time\" \/>\n\t<meta name=\"twitter:data1\" content=\"1 Minute\" \/>\n<script type=\"application\/ld+json\" class=\"yoast-schema-graph\">{\"@context\":\"https:\/\/schema.org\",\"@graph\":[{\"@type\":\"WebPage\",\"@id\":\"https:\/\/zamphelmets.co\/de\/produkt\/no-limits-fluo-orange\/\",\"url\":\"https:\/\/zamphelmets.co\/de\/produkt\/no-limits-fluo-orange\/\",\"name\":\"NO LIMITS - Fluo Orange - Premium Kart-Handschuhe - 74,96 \u20ac\",\"isPartOf\":{\"@id\":\"https:\/\/zamphelmets.co\/de\/#website\"},\"primaryImageOfPage\":{\"@id\":\"https:\/\/zamphelmets.co\/de\/produkt\/no-limits-fluo-orange\/#primaryimage\"},\"image\":{\"@id\":\"https:\/\/zamphelmets.co\/de\/produkt\/no-limits-fluo-orange\/#primaryimage\"},\"thumbnailUrl\":\"https:\/\/zamphelmets.co\/wp-content\/uploads\/2026\/01\/nolimits_orange.jpeg\",\"datePublished\":\"2026-01-26T11:24:47+00:00\",\"dateModified\":\"2026-02-27T11:17:43+00:00\",\"description\":\"Entdecken Sie die 32Five NO LIMITS Kart-Handschuhe \u2013 Premium-Rennhandschuhe mit DriveSkin-Grip, ergonomischer Passform und dem charakteristischen roten Fingerspitzen-Design.\",\"breadcrumb\":{\"@id\":\"https:\/\/zamphelmets.co\/de\/produkt\/no-limits-fluo-orange\/#breadcrumb\"},\"inLanguage\":\"de-DE\",\"potentialAction\":[{\"@type\":\"ReadAction\",\"target\":[\"https:\/\/zamphelmets.co\/de\/produkt\/no-limits-fluo-orange\/\"]}]},{\"@type\":\"ImageObject\",\"inLanguage\":\"de-DE\",\"@id\":\"https:\/\/zamphelmets.co\/de\/produkt\/no-limits-fluo-orange\/#primaryimage\",\"url\":\"https:\/\/zamphelmets.co\/wp-content\/uploads\/2026\/01\/nolimits_orange.jpeg\",\"contentUrl\":\"https:\/\/zamphelmets.co\/wp-content\/uploads\/2026\/01\/nolimits_orange.jpeg\",\"width\":982,\"height\":1000},{\"@type\":\"BreadcrumbList\",\"@id\":\"https:\/\/zamphelmets.co\/de\/produkt\/no-limits-fluo-orange\/#breadcrumb\",\"itemListElement\":[{\"@type\":\"ListItem\",\"position\":1,\"name\":\"Shop\",\"item\":\"https:\/\/zamphelmets.co\/de\/shop\/\"},{\"@type\":\"ListItem\",\"position\":2,\"name\":\"NO LIMITS &#8211; Fluo Orange\"}]},{\"@type\":\"WebSite\",\"@id\":\"https:\/\/zamphelmets.co\/de\/#website\",\"url\":\"https:\/\/zamphelmets.co\/de\/\",\"name\":\"Zamp Helmets | Helmet 28 EU\",\"description\":\"High Quality Motorsport Helmets\",\"potentialAction\":[{\"@type\":\"SearchAction\",\"target\":{\"@type\":\"EntryPoint\",\"urlTemplate\":\"https:\/\/zamphelmets.co\/de\/?s={search_term_string}\"},\"query-input\":{\"@type\":\"PropertyValueSpecification\",\"valueRequired\":true,\"valueName\":\"search_term_string\"}}],\"inLanguage\":\"de-DE\"}]}<\/script>\n<!-- \/ Yoast SEO plugin. -->","yoast_head_json":{"title":"NO LIMITS - Fluo Orange - Premium Kart-Handschuhe - 74,96 \u20ac","description":"Entdecken Sie die 32Five NO LIMITS Kart-Handschuhe \u2013 Premium-Rennhandschuhe mit DriveSkin-Grip, ergonomischer Passform und dem charakteristischen roten Fingerspitzen-Design.","robots":{"index":"index","follow":"follow","max-snippet":"max-snippet:-1","max-image-preview":"max-image-preview:large","max-video-preview":"max-video-preview:-1"},"canonical":"https:\/\/zamphelmets.co\/de\/produkt\/no-limits-fluo-orange\/","og_locale":"de_DE","og_type":"article","og_title":"NO LIMITS - Fluo Orange - Premium Kart-Handschuhe - 74,96 \u20ac","og_description":"Entdecken Sie die 32Five NO LIMITS Kart-Handschuhe \u2013 Premium-Rennhandschuhe mit DriveSkin-Grip, ergonomischer Passform und dem charakteristischen roten Fingerspitzen-Design.","og_url":"https:\/\/zamphelmets.co\/de\/produkt\/no-limits-fluo-orange\/","og_site_name":"Zamp Helmets | Helmet 28 EU","article_modified_time":"2026-02-27T11:17:43+00:00","og_image":[{"width":982,"height":1000,"url":"https:\/\/zamphelmets.co\/wp-content\/uploads\/2026\/01\/nolimits_orange.jpeg","type":"image\/jpeg"}],"twitter_card":"summary_large_image","twitter_misc":{"Est. reading time":"1 Minute"},"schema":{"@context":"https:\/\/schema.org","@graph":[{"@type":"WebPage","@id":"https:\/\/zamphelmets.co\/de\/produkt\/no-limits-fluo-orange\/","url":"https:\/\/zamphelmets.co\/de\/produkt\/no-limits-fluo-orange\/","name":"NO LIMITS - Fluo Orange - Premium Kart-Handschuhe - 74,96 \u20ac","isPartOf":{"@id":"https:\/\/zamphelmets.co\/de\/#website"},"primaryImageOfPage":{"@id":"https:\/\/zamphelmets.co\/de\/produkt\/no-limits-fluo-orange\/#primaryimage"},"image":{"@id":"https:\/\/zamphelmets.co\/de\/produkt\/no-limits-fluo-orange\/#primaryimage"},"thumbnailUrl":"https:\/\/zamphelmets.co\/wp-content\/uploads\/2026\/01\/nolimits_orange.jpeg","datePublished":"2026-01-26T11:24:47+00:00","dateModified":"2026-02-27T11:17:43+00:00","description":"Entdecken Sie die 32Five NO LIMITS Kart-Handschuhe \u2013 Premium-Rennhandschuhe mit DriveSkin-Grip, ergonomischer Passform und dem charakteristischen roten Fingerspitzen-Design.","breadcrumb":{"@id":"https:\/\/zamphelmets.co\/de\/produkt\/no-limits-fluo-orange\/#breadcrumb"},"inLanguage":"de-DE","potentialAction":[{"@type":"ReadAction","target":["https:\/\/zamphelmets.co\/de\/produkt\/no-limits-fluo-orange\/"]}]},{"@type":"ImageObject","inLanguage":"de-DE","@id":"https:\/\/zamphelmets.co\/de\/produkt\/no-limits-fluo-orange\/#primaryimage","url":"https:\/\/zamphelmets.co\/wp-content\/uploads\/2026\/01\/nolimits_orange.jpeg","contentUrl":"https:\/\/zamphelmets.co\/wp-content\/uploads\/2026\/01\/nolimits_orange.jpeg","width":982,"height":1000},{"@type":"BreadcrumbList","@id":"https:\/\/zamphelmets.co\/de\/produkt\/no-limits-fluo-orange\/#breadcrumb","itemListElement":[{"@type":"ListItem","position":1,"name":"Shop","item":"https:\/\/zamphelmets.co\/de\/shop\/"},{"@type":"ListItem","position":2,"name":"NO LIMITS &#8211; Fluo Orange"}]},{"@type":"WebSite","@id":"https:\/\/zamphelmets.co\/de\/#website","url":"https:\/\/zamphelmets.co\/de\/","name":"Zamp Helmets | Helmet 28 EU","description":"High Quality Motorsport Helmets","potentialAction":[{"@type":"SearchAction","target":{"@type":"EntryPoint","urlTemplate":"https:\/\/zamphelmets.co\/de\/?s={search_term_string}"},"query-input":{"@type":"PropertyValueSpecification","valueRequired":true,"valueName":"search_term_string"}}],"inLanguage":"de-DE"}]}},"_links":{"self":[{"href":"https:\/\/zamphelmets.co\/de\/wp-json\/wp\/v2\/product\/206807","targetHints":{"allow":["GET"]}}],"collection":[{"href":"https:\/\/zamphelmets.co\/de\/wp-json\/wp\/v2\/product"}],"about":[{"href":"https:\/\/zamphelmets.co\/de\/wp-json\/wp\/v2\/types\/product"}],"replies":[{"embeddable":true,"href":"https:\/\/zamphelmets.co\/de\/wp-json\/wp\/v2\/comments?post=206807"}],"wp:featuredmedia":[{"embeddable":true,"href":"https:\/\/zamphelmets.co\/de\/wp-json\/wp\/v2\/media\/189911"}],"wp:attachment":[{"href":"https:\/\/zamphelmets.co\/de\/wp-json\/wp\/v2\/media?parent=206807"}],"wp:term":[{"taxonomy":"product_brand","embeddable":true,"href":"https:\/\/zamphelmets.co\/de\/wp-json\/wp\/v2\/product_brand?post=206807"},{"taxonomy":"product_cat","embeddable":true,"href":"https:\/\/zamphelmets.co\/de\/wp-json\/wp\/v2\/product_cat?post=206807"},{"taxonomy":"product_tag","embeddable":true,"href":"https:\/\/zamphelmets.co\/de\/wp-json\/wp\/v2\/product_tag?post=206807"}],"curies":[{"name":"wp","href":"https:\/\/api.w.org\/{rel}","templated":true}]}}