{"id":206698,"date":"2026-01-26T11:25:24","date_gmt":"2026-01-26T11:25:24","guid":{"rendered":"https:\/\/zamphelmets.co\/product\/balaclava-unleash-rot\/"},"modified":"2026-02-27T11:16:36","modified_gmt":"2026-02-27T11:16:36","slug":"balaclava-unleash-rot","status":"publish","type":"product","link":"https:\/\/zamphelmets.co\/de\/produkt\/balaclava-unleash-rot\/","title":{"rendered":"Balaclava UNLEASH \u2013 Rot"},"content":{"rendered":"<p><span style=\"font-weight: 400;\">Vervollst\u00e4ndigen Sie Ihren Race-Look mit der <strong>32Five Balaclava<\/strong> \u2013 perfekt abgestimmt auf Ihre bevorzugten <strong>32Five Kart-Handschuhe.<\/strong> Ob auff\u00e4llige Farben oder cleaner Performance-Stil, diese Sturmhaube verleiht Ihrer Rennausr\u00fcstung den letzten Schliff an Identit\u00e4t und Funktion.<\/span><\/p>\n<p><span style=\"font-weight: 400;\">Gefertigt aus <strong>100 % Performance-Polyester<\/strong>, ist sie ultraleicht, atmungsaktiv und f\u00fcr maximalen Komfort unter dem Helm konzipiert. Sie h\u00e4lt Sie k\u00fchl, trocken und fokussiert \u2013 Runde f\u00fcr Runde. <\/span><\/p>\n<p><strong>Hauptmerkmale:<\/strong><\/p>\n<ul>\n<li><span style=\"font-weight: 400;\">Passendes Design f\u00fcr jedes Handschuhmodell (<strong>Smile to Win, UNLEASH, NO LIMITS<\/strong>)<\/span><\/li>\n<li><span style=\"font-weight: 400;\">Hergestellt aus <strong>100 % Performance-Polyester<\/strong><\/span><\/li>\n<li><span style=\"font-weight: 400;\"><strong>Atmungsaktiv<\/strong> und <strong>feuchtigkeitsableitend<\/strong> f\u00fcr ganzt\u00e4gigen Komfort<\/span><\/li>\n<li><span style=\"font-weight: 400;\"><strong>Nahtlose<\/strong> <strong>Passform<\/strong> unter jedem Helm<\/span><\/li>\n<li><span style=\"font-weight: 400;\"><strong>Langlebig<\/strong> und einsatzbereit f\u00fcr das Rennen<\/span><\/li>\n<li><strong>Unisex &amp; Einheitsgr\u00f6\u00dfe<\/strong><\/li>\n<\/ul>\n<p><strong>R\u00fcsten Sie sich von Kopf bis Fu\u00df aus \u2013 denn Details machen den Unterschied.<\/strong><\/p>\n","protected":false},"excerpt":{"rendered":"<p>Vervollst\u00e4ndigen Sie Ihren Race-Look mit der 32Five Balaclava \u2013 perfekt abgestimmt auf Ihre bevorzugten 32Five Kart-Handschuhe. Ob auff\u00e4llige Farben oder cleaner Performance-Stil, diese Sturmhaube verleiht Ihrer Rennausr\u00fcstung den letzten Schliff an Identit\u00e4t und Funktion. Gefertigt aus 100 % Performance-Polyester, ist sie ultraleicht, atmungsaktiv und f\u00fcr maximalen Komfort unter dem Helm konzipiert. Sie h\u00e4lt Sie k\u00fchl, [&hellip;]<\/p>\n","protected":false},"featured_media":189996,"comment_status":"open","ping_status":"closed","template":"","meta":{"_acf_changed":false,"_iconic_wsb_product_page_order_bump_ids":[[]],"_sku":["32F-Balaclava-Unleash-02"],"_iconic_wsb_product_page_bump_modal_ids":[[]]},"product_brand":[],"product_cat":[478,287,172],"product_tag":[],"class_list":{"0":"post-206698","1":"product","2":"type-product","3":"status-publish","4":"has-post-thumbnail","6":"product_cat-32five","7":"product_cat-schutz","8":"product_cat-schutz-kleidung","10":"first","11":"instock","12":"taxable","13":"shipping-taxable","14":"purchasable","15":"product-type-simple"},"acf":[],"yoast_head":"<!-- This site is optimized with the Yoast SEO plugin v27.0 - https:\/\/yoast.com\/product\/yoast-seo-wordpress\/ -->\n<title>Balaclava UNLEASH \u2013 Rot - Zamp Helmets | Helmet 28 EU<\/title>\n<meta name=\"description\" content=\"32Five Karting-Sturmhaube aus atmungsaktivem, leichtem Polyester f\u00fcr ganzt\u00e4gigen Komfort. Nahtloser Sitz, passend zu Ihren Rennhandschuhen.\" \/>\n<meta name=\"robots\" content=\"index, follow, max-snippet:-1, max-image-preview:large, max-video-preview:-1\" \/>\n<link rel=\"canonical\" href=\"https:\/\/zamphelmets.co\/de\/produkt\/balaclava-unleash-rot\/\" \/>\n<meta property=\"og:locale\" content=\"de_DE\" \/>\n<meta property=\"og:type\" content=\"article\" \/>\n<meta property=\"og:title\" content=\"Balaclava UNLEASH \u2013 Rot - Zamp Helmets | Helmet 28 EU\" \/>\n<meta property=\"og:description\" content=\"32Five Karting-Sturmhaube aus atmungsaktivem, leichtem Polyester f\u00fcr ganzt\u00e4gigen Komfort. Nahtloser Sitz, passend zu Ihren Rennhandschuhen.\" \/>\n<meta property=\"og:url\" content=\"https:\/\/zamphelmets.co\/de\/produkt\/balaclava-unleash-rot\/\" \/>\n<meta property=\"og:site_name\" content=\"Zamp Helmets | Helmet 28 EU\" \/>\n<meta property=\"article:modified_time\" content=\"2026-02-27T11:16:36+00:00\" \/>\n<meta property=\"og:image\" content=\"https:\/\/zamphelmets.co\/wp-content\/uploads\/2026\/01\/32Five-Balaclava-ProduktSeite-Unleash-red.jpg\" \/>\n\t<meta property=\"og:image:width\" content=\"1000\" \/>\n\t<meta property=\"og:image:height\" content=\"1000\" \/>\n\t<meta property=\"og:image:type\" content=\"image\/jpeg\" \/>\n<meta name=\"twitter:card\" content=\"summary_large_image\" \/>\n<meta name=\"twitter:label1\" content=\"Est. reading time\" \/>\n\t<meta name=\"twitter:data1\" content=\"1 Minute\" \/>\n<script type=\"application\/ld+json\" class=\"yoast-schema-graph\">{\"@context\":\"https:\/\/schema.org\",\"@graph\":[{\"@type\":\"WebPage\",\"@id\":\"https:\/\/zamphelmets.co\/de\/produkt\/balaclava-unleash-rot\/\",\"url\":\"https:\/\/zamphelmets.co\/de\/produkt\/balaclava-unleash-rot\/\",\"name\":\"Balaclava UNLEASH \u2013 Rot - Zamp Helmets | Helmet 28 EU\",\"isPartOf\":{\"@id\":\"https:\/\/zamphelmets.co\/de\/#website\"},\"primaryImageOfPage\":{\"@id\":\"https:\/\/zamphelmets.co\/de\/produkt\/balaclava-unleash-rot\/#primaryimage\"},\"image\":{\"@id\":\"https:\/\/zamphelmets.co\/de\/produkt\/balaclava-unleash-rot\/#primaryimage\"},\"thumbnailUrl\":\"https:\/\/zamphelmets.co\/wp-content\/uploads\/2026\/01\/32Five-Balaclava-ProduktSeite-Unleash-red.jpg\",\"datePublished\":\"2026-01-26T11:25:24+00:00\",\"dateModified\":\"2026-02-27T11:16:36+00:00\",\"description\":\"32Five Karting-Sturmhaube aus atmungsaktivem, leichtem Polyester f\u00fcr ganzt\u00e4gigen Komfort. Nahtloser Sitz, passend zu Ihren Rennhandschuhen.\",\"breadcrumb\":{\"@id\":\"https:\/\/zamphelmets.co\/de\/produkt\/balaclava-unleash-rot\/#breadcrumb\"},\"inLanguage\":\"de-DE\",\"potentialAction\":[{\"@type\":\"ReadAction\",\"target\":[\"https:\/\/zamphelmets.co\/de\/produkt\/balaclava-unleash-rot\/\"]}]},{\"@type\":\"ImageObject\",\"inLanguage\":\"de-DE\",\"@id\":\"https:\/\/zamphelmets.co\/de\/produkt\/balaclava-unleash-rot\/#primaryimage\",\"url\":\"https:\/\/zamphelmets.co\/wp-content\/uploads\/2026\/01\/32Five-Balaclava-ProduktSeite-Unleash-red.jpg\",\"contentUrl\":\"https:\/\/zamphelmets.co\/wp-content\/uploads\/2026\/01\/32Five-Balaclava-ProduktSeite-Unleash-red.jpg\",\"width\":1000,\"height\":1000},{\"@type\":\"BreadcrumbList\",\"@id\":\"https:\/\/zamphelmets.co\/de\/produkt\/balaclava-unleash-rot\/#breadcrumb\",\"itemListElement\":[{\"@type\":\"ListItem\",\"position\":1,\"name\":\"Shop\",\"item\":\"https:\/\/zamphelmets.co\/de\/shop\/\"},{\"@type\":\"ListItem\",\"position\":2,\"name\":\"Balaclava UNLEASH \u2013 Rot\"}]},{\"@type\":\"WebSite\",\"@id\":\"https:\/\/zamphelmets.co\/de\/#website\",\"url\":\"https:\/\/zamphelmets.co\/de\/\",\"name\":\"Zamp Helmets | Helmet 28 EU\",\"description\":\"High Quality Motorsport Helmets\",\"potentialAction\":[{\"@type\":\"SearchAction\",\"target\":{\"@type\":\"EntryPoint\",\"urlTemplate\":\"https:\/\/zamphelmets.co\/de\/?s={search_term_string}\"},\"query-input\":{\"@type\":\"PropertyValueSpecification\",\"valueRequired\":true,\"valueName\":\"search_term_string\"}}],\"inLanguage\":\"de-DE\"}]}<\/script>\n<!-- \/ Yoast SEO plugin. -->","yoast_head_json":{"title":"Balaclava UNLEASH \u2013 Rot - Zamp Helmets | Helmet 28 EU","description":"32Five Karting-Sturmhaube aus atmungsaktivem, leichtem Polyester f\u00fcr ganzt\u00e4gigen Komfort. Nahtloser Sitz, passend zu Ihren Rennhandschuhen.","robots":{"index":"index","follow":"follow","max-snippet":"max-snippet:-1","max-image-preview":"max-image-preview:large","max-video-preview":"max-video-preview:-1"},"canonical":"https:\/\/zamphelmets.co\/de\/produkt\/balaclava-unleash-rot\/","og_locale":"de_DE","og_type":"article","og_title":"Balaclava UNLEASH \u2013 Rot - Zamp Helmets | Helmet 28 EU","og_description":"32Five Karting-Sturmhaube aus atmungsaktivem, leichtem Polyester f\u00fcr ganzt\u00e4gigen Komfort. Nahtloser Sitz, passend zu Ihren Rennhandschuhen.","og_url":"https:\/\/zamphelmets.co\/de\/produkt\/balaclava-unleash-rot\/","og_site_name":"Zamp Helmets | Helmet 28 EU","article_modified_time":"2026-02-27T11:16:36+00:00","og_image":[{"width":1000,"height":1000,"url":"https:\/\/zamphelmets.co\/wp-content\/uploads\/2026\/01\/32Five-Balaclava-ProduktSeite-Unleash-red.jpg","type":"image\/jpeg"}],"twitter_card":"summary_large_image","twitter_misc":{"Est. reading time":"1 Minute"},"schema":{"@context":"https:\/\/schema.org","@graph":[{"@type":"WebPage","@id":"https:\/\/zamphelmets.co\/de\/produkt\/balaclava-unleash-rot\/","url":"https:\/\/zamphelmets.co\/de\/produkt\/balaclava-unleash-rot\/","name":"Balaclava UNLEASH \u2013 Rot - Zamp Helmets | Helmet 28 EU","isPartOf":{"@id":"https:\/\/zamphelmets.co\/de\/#website"},"primaryImageOfPage":{"@id":"https:\/\/zamphelmets.co\/de\/produkt\/balaclava-unleash-rot\/#primaryimage"},"image":{"@id":"https:\/\/zamphelmets.co\/de\/produkt\/balaclava-unleash-rot\/#primaryimage"},"thumbnailUrl":"https:\/\/zamphelmets.co\/wp-content\/uploads\/2026\/01\/32Five-Balaclava-ProduktSeite-Unleash-red.jpg","datePublished":"2026-01-26T11:25:24+00:00","dateModified":"2026-02-27T11:16:36+00:00","description":"32Five Karting-Sturmhaube aus atmungsaktivem, leichtem Polyester f\u00fcr ganzt\u00e4gigen Komfort. Nahtloser Sitz, passend zu Ihren Rennhandschuhen.","breadcrumb":{"@id":"https:\/\/zamphelmets.co\/de\/produkt\/balaclava-unleash-rot\/#breadcrumb"},"inLanguage":"de-DE","potentialAction":[{"@type":"ReadAction","target":["https:\/\/zamphelmets.co\/de\/produkt\/balaclava-unleash-rot\/"]}]},{"@type":"ImageObject","inLanguage":"de-DE","@id":"https:\/\/zamphelmets.co\/de\/produkt\/balaclava-unleash-rot\/#primaryimage","url":"https:\/\/zamphelmets.co\/wp-content\/uploads\/2026\/01\/32Five-Balaclava-ProduktSeite-Unleash-red.jpg","contentUrl":"https:\/\/zamphelmets.co\/wp-content\/uploads\/2026\/01\/32Five-Balaclava-ProduktSeite-Unleash-red.jpg","width":1000,"height":1000},{"@type":"BreadcrumbList","@id":"https:\/\/zamphelmets.co\/de\/produkt\/balaclava-unleash-rot\/#breadcrumb","itemListElement":[{"@type":"ListItem","position":1,"name":"Shop","item":"https:\/\/zamphelmets.co\/de\/shop\/"},{"@type":"ListItem","position":2,"name":"Balaclava UNLEASH \u2013 Rot"}]},{"@type":"WebSite","@id":"https:\/\/zamphelmets.co\/de\/#website","url":"https:\/\/zamphelmets.co\/de\/","name":"Zamp Helmets | Helmet 28 EU","description":"High Quality Motorsport Helmets","potentialAction":[{"@type":"SearchAction","target":{"@type":"EntryPoint","urlTemplate":"https:\/\/zamphelmets.co\/de\/?s={search_term_string}"},"query-input":{"@type":"PropertyValueSpecification","valueRequired":true,"valueName":"search_term_string"}}],"inLanguage":"de-DE"}]}},"_links":{"self":[{"href":"https:\/\/zamphelmets.co\/de\/wp-json\/wp\/v2\/product\/206698","targetHints":{"allow":["GET"]}}],"collection":[{"href":"https:\/\/zamphelmets.co\/de\/wp-json\/wp\/v2\/product"}],"about":[{"href":"https:\/\/zamphelmets.co\/de\/wp-json\/wp\/v2\/types\/product"}],"replies":[{"embeddable":true,"href":"https:\/\/zamphelmets.co\/de\/wp-json\/wp\/v2\/comments?post=206698"}],"wp:featuredmedia":[{"embeddable":true,"href":"https:\/\/zamphelmets.co\/de\/wp-json\/wp\/v2\/media\/189996"}],"wp:attachment":[{"href":"https:\/\/zamphelmets.co\/de\/wp-json\/wp\/v2\/media?parent=206698"}],"wp:term":[{"taxonomy":"product_brand","embeddable":true,"href":"https:\/\/zamphelmets.co\/de\/wp-json\/wp\/v2\/product_brand?post=206698"},{"taxonomy":"product_cat","embeddable":true,"href":"https:\/\/zamphelmets.co\/de\/wp-json\/wp\/v2\/product_cat?post=206698"},{"taxonomy":"product_tag","embeddable":true,"href":"https:\/\/zamphelmets.co\/de\/wp-json\/wp\/v2\/product_tag?post=206698"}],"curies":[{"name":"wp","href":"https:\/\/api.w.org\/{rel}","templated":true}]}}