{"id":205606,"date":"2026-01-26T11:26:37","date_gmt":"2026-01-26T11:26:37","guid":{"rendered":"https:\/\/zamphelmets.co\/product\/sturmhaube-no-limits-fluo-gelb-gruen\/"},"modified":"2026-02-27T10:42:46","modified_gmt":"2026-02-27T10:42:46","slug":"sturmhaube-no-limits-fluo-gelb-gruen","status":"publish","type":"product","link":"https:\/\/zamphelmets.co\/de\/produkt\/sturmhaube-no-limits-fluo-gelb-gruen\/","title":{"rendered":"Sturmhaube NO LIMITS &#8211; Fluo Gelb\/Gr\u00fcn"},"content":{"rendered":"<p><span style=\"font-weight: 400;\">Vervollst\u00e4ndigen Sie Ihren Race-Day-Look mit der <strong>32Five PUSH YOUR LIMIT Sturmhaube<\/strong> \u2013 eine brandneue Erg\u00e4nzung f\u00fcr das 32Five-Sortiment und die Helmet 28-Kollektion.<\/span><\/p>\n<p><span style=\"font-weight: 400;\">Diese Sturmhaube wurde als <strong>perfekte Erg\u00e4nzung zu Ihren bevorzugten 32Five-Karthandschuhen<\/strong> entwickelt und bietet die ideale Balance aus Performance, Komfort und Stil. Ob in kr\u00e4ftigen Farben oder schlichter \u00c4sthetik \u2013 sie ist das Finish, das Ihre Ausr\u00fcstung aufwertet und Sie fokussiert h\u00e4lt. <\/span><\/p>\n<p><span style=\"font-weight: 400;\">Gefertigt aus <strong>100 % Performance-Polyester<\/strong>, ist sie ultraleicht und atmungsaktiv. Sie sitzt nahtlos unter dem Helm und h\u00e4lt Sie Runde f\u00fcr Runde k\u00fchl und trocken.<\/span><\/p>\n<p><strong>Hauptmerkmale<\/strong><\/p>\n<ul>\n<li><span style=\"font-weight: 400;\">100 % Performance-Polyester \u2013 leicht, weich und einsatzbereit<\/span><\/li>\n<li><span style=\"font-weight: 400;\">Atmungsaktiv &amp; feuchtigkeitsableitend \u2013 unterst\u00fctzt die Temperaturregulierung<\/span><\/li>\n<li><span style=\"font-weight: 400;\">Nahtlose Passform unter dem Helm \u2013 f\u00fcr Komfort bei jedem Helmtyp<\/span><\/li>\n<li><span style=\"font-weight: 400;\">Robuste Konstruktion \u2013 h\u00e4lt den Anforderungen am Renntag stand<\/span><\/li>\n<li><span style=\"font-weight: 400;\">Unisex | Einheitsgr\u00f6\u00dfe (passt den meisten)<\/span><\/li>\n<\/ul>\n<p><span style=\"font-weight: 400;\">Perfekt f\u00fcr Kart- und Motorsportfahrer, die H\u00f6chstleistung von ihrer Ausr\u00fcstung erwarten \u2013 die <strong>32Five PUSH YOUR LIMIT Sturmhaube<\/strong> ist f\u00fcr die Langstrecke gemacht.<\/span><\/p>\n","protected":false},"excerpt":{"rendered":"<p>Vervollst\u00e4ndigen Sie Ihren Race-Day-Look mit der 32Five PUSH YOUR LIMIT Sturmhaube \u2013 eine brandneue Erg\u00e4nzung f\u00fcr das 32Five-Sortiment und die Helmet 28-Kollektion. Diese Sturmhaube wurde als perfekte Erg\u00e4nzung zu Ihren bevorzugten 32Five-Karthandschuhen entwickelt und bietet die ideale Balance aus Performance, Komfort und Stil. Ob in kr\u00e4ftigen Farben oder schlichter \u00c4sthetik \u2013 sie ist das Finish, [&hellip;]<\/p>\n","protected":false},"featured_media":190151,"comment_status":"open","ping_status":"closed","template":"","meta":{"_acf_changed":false,"_iconic_wsb_product_page_order_bump_ids":[[]],"_sku":["32Five-Balaclava-006-C"],"_iconic_wsb_product_page_bump_modal_ids":[[]]},"product_brand":[],"product_cat":[478,287,172],"product_tag":[],"class_list":{"0":"post-205606","1":"product","2":"type-product","3":"status-publish","4":"has-post-thumbnail","6":"product_cat-32five","7":"product_cat-schutz","8":"product_cat-schutz-kleidung","10":"first","11":"instock","12":"taxable","13":"shipping-taxable","14":"purchasable","15":"product-type-simple"},"acf":[],"yoast_head":"<!-- This site is optimized with the Yoast SEO plugin v27.0 - https:\/\/yoast.com\/product\/yoast-seo-wordpress\/ -->\n<title>Sturmhaube NO LIMITS - Fluo Gelb\/Gr\u00fcn - Zamp Helmets | Helmet 28 EU<\/title>\n<meta name=\"description\" content=\"32Five PUSH YOUR LIMIT Sturmhaube aus atmungsaktivem, leichtem Polyester f\u00fcr ganzt\u00e4gigen Komfort. Nahtlose Passform f\u00fcr Kart- und Motorsport.\" \/>\n<meta name=\"robots\" content=\"index, follow, max-snippet:-1, max-image-preview:large, max-video-preview:-1\" \/>\n<link rel=\"canonical\" href=\"https:\/\/zamphelmets.co\/de\/produkt\/sturmhaube-no-limits-fluo-gelb-gruen\/\" \/>\n<meta property=\"og:locale\" content=\"de_DE\" \/>\n<meta property=\"og:type\" content=\"article\" \/>\n<meta property=\"og:title\" content=\"Sturmhaube NO LIMITS - Fluo Gelb\/Gr\u00fcn - Zamp Helmets | Helmet 28 EU\" \/>\n<meta property=\"og:description\" content=\"32Five PUSH YOUR LIMIT Sturmhaube aus atmungsaktivem, leichtem Polyester f\u00fcr ganzt\u00e4gigen Komfort. Nahtlose Passform f\u00fcr Kart- und Motorsport.\" \/>\n<meta property=\"og:url\" content=\"https:\/\/zamphelmets.co\/de\/produkt\/sturmhaube-no-limits-fluo-gelb-gruen\/\" \/>\n<meta property=\"og:site_name\" content=\"Zamp Helmets | Helmet 28 EU\" \/>\n<meta property=\"article:modified_time\" content=\"2026-02-27T10:42:46+00:00\" \/>\n<meta property=\"og:image\" content=\"https:\/\/zamphelmets.co\/wp-content\/uploads\/2026\/01\/Unknown.jpeg\" \/>\n\t<meta property=\"og:image:width\" content=\"960\" \/>\n\t<meta property=\"og:image:height\" content=\"960\" \/>\n\t<meta property=\"og:image:type\" content=\"image\/jpeg\" \/>\n<meta name=\"twitter:card\" content=\"summary_large_image\" \/>\n<meta name=\"twitter:label1\" content=\"Est. reading time\" \/>\n\t<meta name=\"twitter:data1\" content=\"1 Minute\" \/>\n<script type=\"application\/ld+json\" class=\"yoast-schema-graph\">{\"@context\":\"https:\/\/schema.org\",\"@graph\":[{\"@type\":\"WebPage\",\"@id\":\"https:\/\/zamphelmets.co\/de\/produkt\/sturmhaube-no-limits-fluo-gelb-gruen\/\",\"url\":\"https:\/\/zamphelmets.co\/de\/produkt\/sturmhaube-no-limits-fluo-gelb-gruen\/\",\"name\":\"Sturmhaube NO LIMITS - Fluo Gelb\/Gr\u00fcn - Zamp Helmets | Helmet 28 EU\",\"isPartOf\":{\"@id\":\"https:\/\/zamphelmets.co\/de\/#website\"},\"primaryImageOfPage\":{\"@id\":\"https:\/\/zamphelmets.co\/de\/produkt\/sturmhaube-no-limits-fluo-gelb-gruen\/#primaryimage\"},\"image\":{\"@id\":\"https:\/\/zamphelmets.co\/de\/produkt\/sturmhaube-no-limits-fluo-gelb-gruen\/#primaryimage\"},\"thumbnailUrl\":\"https:\/\/zamphelmets.co\/wp-content\/uploads\/2026\/01\/Unknown.jpeg\",\"datePublished\":\"2026-01-26T11:26:37+00:00\",\"dateModified\":\"2026-02-27T10:42:46+00:00\",\"description\":\"32Five PUSH YOUR LIMIT Sturmhaube aus atmungsaktivem, leichtem Polyester f\u00fcr ganzt\u00e4gigen Komfort. Nahtlose Passform f\u00fcr Kart- und Motorsport.\",\"breadcrumb\":{\"@id\":\"https:\/\/zamphelmets.co\/de\/produkt\/sturmhaube-no-limits-fluo-gelb-gruen\/#breadcrumb\"},\"inLanguage\":\"de-DE\",\"potentialAction\":[{\"@type\":\"ReadAction\",\"target\":[\"https:\/\/zamphelmets.co\/de\/produkt\/sturmhaube-no-limits-fluo-gelb-gruen\/\"]}]},{\"@type\":\"ImageObject\",\"inLanguage\":\"de-DE\",\"@id\":\"https:\/\/zamphelmets.co\/de\/produkt\/sturmhaube-no-limits-fluo-gelb-gruen\/#primaryimage\",\"url\":\"https:\/\/zamphelmets.co\/wp-content\/uploads\/2026\/01\/Unknown.jpeg\",\"contentUrl\":\"https:\/\/zamphelmets.co\/wp-content\/uploads\/2026\/01\/Unknown.jpeg\",\"width\":960,\"height\":960},{\"@type\":\"BreadcrumbList\",\"@id\":\"https:\/\/zamphelmets.co\/de\/produkt\/sturmhaube-no-limits-fluo-gelb-gruen\/#breadcrumb\",\"itemListElement\":[{\"@type\":\"ListItem\",\"position\":1,\"name\":\"Shop\",\"item\":\"https:\/\/zamphelmets.co\/de\/shop\/\"},{\"@type\":\"ListItem\",\"position\":2,\"name\":\"Sturmhaube NO LIMITS &#8211; Fluo Gelb\/Gr\u00fcn\"}]},{\"@type\":\"WebSite\",\"@id\":\"https:\/\/zamphelmets.co\/de\/#website\",\"url\":\"https:\/\/zamphelmets.co\/de\/\",\"name\":\"Zamp Helmets | Helmet 28 EU\",\"description\":\"High Quality Motorsport Helmets\",\"potentialAction\":[{\"@type\":\"SearchAction\",\"target\":{\"@type\":\"EntryPoint\",\"urlTemplate\":\"https:\/\/zamphelmets.co\/de\/?s={search_term_string}\"},\"query-input\":{\"@type\":\"PropertyValueSpecification\",\"valueRequired\":true,\"valueName\":\"search_term_string\"}}],\"inLanguage\":\"de-DE\"}]}<\/script>\n<!-- \/ Yoast SEO plugin. -->","yoast_head_json":{"title":"Sturmhaube NO LIMITS - Fluo Gelb\/Gr\u00fcn - Zamp Helmets | Helmet 28 EU","description":"32Five PUSH YOUR LIMIT Sturmhaube aus atmungsaktivem, leichtem Polyester f\u00fcr ganzt\u00e4gigen Komfort. Nahtlose Passform f\u00fcr Kart- und Motorsport.","robots":{"index":"index","follow":"follow","max-snippet":"max-snippet:-1","max-image-preview":"max-image-preview:large","max-video-preview":"max-video-preview:-1"},"canonical":"https:\/\/zamphelmets.co\/de\/produkt\/sturmhaube-no-limits-fluo-gelb-gruen\/","og_locale":"de_DE","og_type":"article","og_title":"Sturmhaube NO LIMITS - Fluo Gelb\/Gr\u00fcn - Zamp Helmets | Helmet 28 EU","og_description":"32Five PUSH YOUR LIMIT Sturmhaube aus atmungsaktivem, leichtem Polyester f\u00fcr ganzt\u00e4gigen Komfort. Nahtlose Passform f\u00fcr Kart- und Motorsport.","og_url":"https:\/\/zamphelmets.co\/de\/produkt\/sturmhaube-no-limits-fluo-gelb-gruen\/","og_site_name":"Zamp Helmets | Helmet 28 EU","article_modified_time":"2026-02-27T10:42:46+00:00","og_image":[{"width":960,"height":960,"url":"https:\/\/zamphelmets.co\/wp-content\/uploads\/2026\/01\/Unknown.jpeg","type":"image\/jpeg"}],"twitter_card":"summary_large_image","twitter_misc":{"Est. reading time":"1 Minute"},"schema":{"@context":"https:\/\/schema.org","@graph":[{"@type":"WebPage","@id":"https:\/\/zamphelmets.co\/de\/produkt\/sturmhaube-no-limits-fluo-gelb-gruen\/","url":"https:\/\/zamphelmets.co\/de\/produkt\/sturmhaube-no-limits-fluo-gelb-gruen\/","name":"Sturmhaube NO LIMITS - Fluo Gelb\/Gr\u00fcn - Zamp Helmets | Helmet 28 EU","isPartOf":{"@id":"https:\/\/zamphelmets.co\/de\/#website"},"primaryImageOfPage":{"@id":"https:\/\/zamphelmets.co\/de\/produkt\/sturmhaube-no-limits-fluo-gelb-gruen\/#primaryimage"},"image":{"@id":"https:\/\/zamphelmets.co\/de\/produkt\/sturmhaube-no-limits-fluo-gelb-gruen\/#primaryimage"},"thumbnailUrl":"https:\/\/zamphelmets.co\/wp-content\/uploads\/2026\/01\/Unknown.jpeg","datePublished":"2026-01-26T11:26:37+00:00","dateModified":"2026-02-27T10:42:46+00:00","description":"32Five PUSH YOUR LIMIT Sturmhaube aus atmungsaktivem, leichtem Polyester f\u00fcr ganzt\u00e4gigen Komfort. Nahtlose Passform f\u00fcr Kart- und Motorsport.","breadcrumb":{"@id":"https:\/\/zamphelmets.co\/de\/produkt\/sturmhaube-no-limits-fluo-gelb-gruen\/#breadcrumb"},"inLanguage":"de-DE","potentialAction":[{"@type":"ReadAction","target":["https:\/\/zamphelmets.co\/de\/produkt\/sturmhaube-no-limits-fluo-gelb-gruen\/"]}]},{"@type":"ImageObject","inLanguage":"de-DE","@id":"https:\/\/zamphelmets.co\/de\/produkt\/sturmhaube-no-limits-fluo-gelb-gruen\/#primaryimage","url":"https:\/\/zamphelmets.co\/wp-content\/uploads\/2026\/01\/Unknown.jpeg","contentUrl":"https:\/\/zamphelmets.co\/wp-content\/uploads\/2026\/01\/Unknown.jpeg","width":960,"height":960},{"@type":"BreadcrumbList","@id":"https:\/\/zamphelmets.co\/de\/produkt\/sturmhaube-no-limits-fluo-gelb-gruen\/#breadcrumb","itemListElement":[{"@type":"ListItem","position":1,"name":"Shop","item":"https:\/\/zamphelmets.co\/de\/shop\/"},{"@type":"ListItem","position":2,"name":"Sturmhaube NO LIMITS &#8211; Fluo Gelb\/Gr\u00fcn"}]},{"@type":"WebSite","@id":"https:\/\/zamphelmets.co\/de\/#website","url":"https:\/\/zamphelmets.co\/de\/","name":"Zamp Helmets | Helmet 28 EU","description":"High Quality Motorsport Helmets","potentialAction":[{"@type":"SearchAction","target":{"@type":"EntryPoint","urlTemplate":"https:\/\/zamphelmets.co\/de\/?s={search_term_string}"},"query-input":{"@type":"PropertyValueSpecification","valueRequired":true,"valueName":"search_term_string"}}],"inLanguage":"de-DE"}]}},"_links":{"self":[{"href":"https:\/\/zamphelmets.co\/de\/wp-json\/wp\/v2\/product\/205606","targetHints":{"allow":["GET"]}}],"collection":[{"href":"https:\/\/zamphelmets.co\/de\/wp-json\/wp\/v2\/product"}],"about":[{"href":"https:\/\/zamphelmets.co\/de\/wp-json\/wp\/v2\/types\/product"}],"replies":[{"embeddable":true,"href":"https:\/\/zamphelmets.co\/de\/wp-json\/wp\/v2\/comments?post=205606"}],"wp:featuredmedia":[{"embeddable":true,"href":"https:\/\/zamphelmets.co\/de\/wp-json\/wp\/v2\/media\/190151"}],"wp:attachment":[{"href":"https:\/\/zamphelmets.co\/de\/wp-json\/wp\/v2\/media?parent=205606"}],"wp:term":[{"taxonomy":"product_brand","embeddable":true,"href":"https:\/\/zamphelmets.co\/de\/wp-json\/wp\/v2\/product_brand?post=205606"},{"taxonomy":"product_cat","embeddable":true,"href":"https:\/\/zamphelmets.co\/de\/wp-json\/wp\/v2\/product_cat?post=205606"},{"taxonomy":"product_tag","embeddable":true,"href":"https:\/\/zamphelmets.co\/de\/wp-json\/wp\/v2\/product_tag?post=205606"}],"curies":[{"name":"wp","href":"https:\/\/api.w.org\/{rel}","templated":true}]}}