{"id":205597,"date":"2026-01-26T11:26:31","date_gmt":"2026-01-26T11:26:31","guid":{"rendered":"https:\/\/zamphelmets.co\/product\/sturmhaube-unleash-schwarz-weiss-asymmetrisch\/"},"modified":"2026-03-17T19:00:16","modified_gmt":"2026-03-17T19:00:16","slug":"sturmhaube-unleash-schwarz-weiss-asymmetrisch","status":"publish","type":"product","link":"https:\/\/zamphelmets.co\/de\/produkt\/sturmhaube-unleash-schwarz-weiss-asymmetrisch\/","title":{"rendered":"Sturmhaube UNLEASH \u2013 Schwarz &amp; Wei\u00df Asymmetrisch"},"content":{"rendered":"<p><span style=\"font-weight: 400;\">Vervollst\u00e4ndigen Sie Ihren Look am Renntag mit der <strong>32Five UNLEASH Sturmhaube<\/strong> \u2013 eine brandneue Erg\u00e4nzung sowohl der 32Five-Reihe als auch des Helmet 28 Sortiments.<\/span><\/p>\n<p><span style=\"font-weight: 400;\">Entwickelt, um <strong>perfekt zu Ihren liebsten 32Five Karthandschuhen zu passen<\/strong>, bietet diese Sturmhaube die ideale Balance aus Leistung, Komfort und Stil. Ob Sie in kr\u00e4ftigen Farben fahren oder eine klare, leistungsorientierte \u00c4sthetik bevorzugen \u2013 sie ist der letzte Schliff, der Ihre Ausr\u00fcstung aufwertet und Sie fokussiert h\u00e4lt, wenn es darauf ankommt. <\/span><\/p>\n<p><span style=\"font-weight: 400;\">Gefertigt aus <strong>100 % Performance-Polyester<\/strong>, ist sie ultraleicht und atmungsaktiv und sitzt nahtlos unter Ihrem Helm, um Sie Runde f\u00fcr Runde k\u00fchl, trocken und komfortabel zu halten.<\/span><\/p>\n<p><strong>Hauptmerkmale<\/strong><\/p>\n<ul>\n<li><span style=\"font-weight: 400;\">100 % Performance-Polyester \u2013 leicht, weich und rennbereit<\/span><\/li>\n<li><span style=\"font-weight: 400;\">Atmungsaktiv &amp; feuchtigkeitsableitend \u2013 hilft bei der Temperaturregulierung und Schwei\u00dfmanagement<\/span><\/li>\n<li><span style=\"font-weight: 400;\">Nahtlose Passform unter dem Helm \u2013 f\u00fcr Komfort mit jedem Helm konzipiert<\/span><\/li>\n<li><span style=\"font-weight: 400;\">Strapazierf\u00e4hige Verarbeitung \u2013 f\u00fcr die Anforderungen am Renntag gebaut<\/span><\/li>\n<li><span style=\"font-weight: 400;\">Unisex | Einheitsgr\u00f6\u00dfe (passt den meisten)<\/span><\/li>\n<\/ul>\n<p><span style=\"font-weight: 400;\">Perfekt f\u00fcr Kart- und Motorsportfahrer, die wollen, dass ihre Rennbekleidung genauso hart arbeitet wie sie selbst \u2013 die <strong>32Five UNLEASH Sturmhaube<\/strong> ist f\u00fcr die Langstrecke gemacht.<\/span><\/p>\n","protected":false},"excerpt":{"rendered":"<p>Vervollst\u00e4ndigen Sie Ihren Look am Renntag mit der 32Five UNLEASH Sturmhaube \u2013 eine brandneue Erg\u00e4nzung sowohl der 32Five-Reihe als auch des Helmet 28 Sortiments. Entwickelt, um perfekt zu Ihren liebsten 32Five Karthandschuhen zu passen, bietet diese Sturmhaube die ideale Balance aus Leistung, Komfort und Stil. Ob Sie in kr\u00e4ftigen Farben fahren oder eine klare, leistungsorientierte [&hellip;]<\/p>\n","protected":false},"featured_media":190139,"comment_status":"open","ping_status":"closed","template":"","meta":{"_acf_changed":false,"_iconic_wsb_product_page_order_bump_ids":[[]],"_sku":["32Five-Balaclava-005-C"],"_iconic_wsb_product_page_bump_modal_ids":[[]]},"product_brand":[],"product_cat":[478,173,172],"product_tag":[],"class_list":{"0":"post-205597","1":"product","2":"type-product","3":"status-publish","4":"has-post-thumbnail","6":"product_cat-32five","7":"product_cat-handschuhe","8":"product_cat-schutz-kleidung","10":"first","11":"instock","12":"taxable","13":"shipping-taxable","14":"purchasable","15":"product-type-simple"},"acf":[],"yoast_head":"<!-- This site is optimized with the Yoast SEO plugin v27.0 - https:\/\/yoast.com\/product\/yoast-seo-wordpress\/ -->\n<title>Sturmhaube UNLEASH \u2013 Schwarz &amp; Wei\u00df Asymmetrisch - Zamp Helmets | Helmet 28 EU<\/title>\n<meta name=\"description\" content=\"32Five UNLEASH Sturmhaube aus atmungsaktivem, leichtem Polyester f\u00fcr ganzt\u00e4gigen Komfort. Nahtlose Passform f\u00fcr Kart- und Motorsport.\" \/>\n<meta name=\"robots\" content=\"index, follow, max-snippet:-1, max-image-preview:large, max-video-preview:-1\" \/>\n<link rel=\"canonical\" href=\"https:\/\/zamphelmets.co\/de\/produkt\/sturmhaube-unleash-schwarz-weiss-asymmetrisch\/\" \/>\n<meta property=\"og:locale\" content=\"de_DE\" \/>\n<meta property=\"og:type\" content=\"article\" \/>\n<meta property=\"og:title\" content=\"Sturmhaube UNLEASH \u2013 Schwarz &amp; Wei\u00df Asymmetrisch - Zamp Helmets | Helmet 28 EU\" \/>\n<meta property=\"og:description\" content=\"32Five UNLEASH Sturmhaube aus atmungsaktivem, leichtem Polyester f\u00fcr ganzt\u00e4gigen Komfort. Nahtlose Passform f\u00fcr Kart- und Motorsport.\" \/>\n<meta property=\"og:url\" content=\"https:\/\/zamphelmets.co\/de\/produkt\/sturmhaube-unleash-schwarz-weiss-asymmetrisch\/\" \/>\n<meta property=\"og:site_name\" content=\"Zamp Helmets | Helmet 28 EU\" \/>\n<meta property=\"article:modified_time\" content=\"2026-03-17T19:00:16+00:00\" \/>\n<meta property=\"og:image\" content=\"https:\/\/zamphelmets.co\/wp-content\/uploads\/2026\/01\/Unknown-1.jpeg\" \/>\n\t<meta property=\"og:image:width\" content=\"960\" \/>\n\t<meta property=\"og:image:height\" content=\"960\" \/>\n\t<meta property=\"og:image:type\" content=\"image\/jpeg\" \/>\n<meta name=\"twitter:card\" content=\"summary_large_image\" \/>\n<meta name=\"twitter:label1\" content=\"Est. reading time\" \/>\n\t<meta name=\"twitter:data1\" content=\"1 Minute\" \/>\n<script type=\"application\/ld+json\" class=\"yoast-schema-graph\">{\"@context\":\"https:\/\/schema.org\",\"@graph\":[{\"@type\":\"WebPage\",\"@id\":\"https:\/\/zamphelmets.co\/de\/produkt\/sturmhaube-unleash-schwarz-weiss-asymmetrisch\/\",\"url\":\"https:\/\/zamphelmets.co\/de\/produkt\/sturmhaube-unleash-schwarz-weiss-asymmetrisch\/\",\"name\":\"Sturmhaube UNLEASH \u2013 Schwarz &amp; Wei\u00df Asymmetrisch - Zamp Helmets | Helmet 28 EU\",\"isPartOf\":{\"@id\":\"https:\/\/zamphelmets.co\/de\/#website\"},\"primaryImageOfPage\":{\"@id\":\"https:\/\/zamphelmets.co\/de\/produkt\/sturmhaube-unleash-schwarz-weiss-asymmetrisch\/#primaryimage\"},\"image\":{\"@id\":\"https:\/\/zamphelmets.co\/de\/produkt\/sturmhaube-unleash-schwarz-weiss-asymmetrisch\/#primaryimage\"},\"thumbnailUrl\":\"https:\/\/zamphelmets.co\/wp-content\/uploads\/2026\/01\/Unknown-1.jpeg\",\"datePublished\":\"2026-01-26T11:26:31+00:00\",\"dateModified\":\"2026-03-17T19:00:16+00:00\",\"description\":\"32Five UNLEASH Sturmhaube aus atmungsaktivem, leichtem Polyester f\u00fcr ganzt\u00e4gigen Komfort. Nahtlose Passform f\u00fcr Kart- und Motorsport.\",\"breadcrumb\":{\"@id\":\"https:\/\/zamphelmets.co\/de\/produkt\/sturmhaube-unleash-schwarz-weiss-asymmetrisch\/#breadcrumb\"},\"inLanguage\":\"de-DE\",\"potentialAction\":[{\"@type\":\"ReadAction\",\"target\":[\"https:\/\/zamphelmets.co\/de\/produkt\/sturmhaube-unleash-schwarz-weiss-asymmetrisch\/\"]}]},{\"@type\":\"ImageObject\",\"inLanguage\":\"de-DE\",\"@id\":\"https:\/\/zamphelmets.co\/de\/produkt\/sturmhaube-unleash-schwarz-weiss-asymmetrisch\/#primaryimage\",\"url\":\"https:\/\/zamphelmets.co\/wp-content\/uploads\/2026\/01\/Unknown-1.jpeg\",\"contentUrl\":\"https:\/\/zamphelmets.co\/wp-content\/uploads\/2026\/01\/Unknown-1.jpeg\",\"width\":960,\"height\":960},{\"@type\":\"BreadcrumbList\",\"@id\":\"https:\/\/zamphelmets.co\/de\/produkt\/sturmhaube-unleash-schwarz-weiss-asymmetrisch\/#breadcrumb\",\"itemListElement\":[{\"@type\":\"ListItem\",\"position\":1,\"name\":\"Shop\",\"item\":\"https:\/\/zamphelmets.co\/de\/shop\/\"},{\"@type\":\"ListItem\",\"position\":2,\"name\":\"Sturmhaube UNLEASH \u2013 Schwarz &amp; Wei\u00df Asymmetrisch\"}]},{\"@type\":\"WebSite\",\"@id\":\"https:\/\/zamphelmets.co\/de\/#website\",\"url\":\"https:\/\/zamphelmets.co\/de\/\",\"name\":\"Zamp Helmets | Helmet 28 EU\",\"description\":\"High Quality Motorsport Helmets\",\"potentialAction\":[{\"@type\":\"SearchAction\",\"target\":{\"@type\":\"EntryPoint\",\"urlTemplate\":\"https:\/\/zamphelmets.co\/de\/?s={search_term_string}\"},\"query-input\":{\"@type\":\"PropertyValueSpecification\",\"valueRequired\":true,\"valueName\":\"search_term_string\"}}],\"inLanguage\":\"de-DE\"}]}<\/script>\n<!-- \/ Yoast SEO plugin. -->","yoast_head_json":{"title":"Sturmhaube UNLEASH \u2013 Schwarz &amp; Wei\u00df Asymmetrisch - Zamp Helmets | Helmet 28 EU","description":"32Five UNLEASH Sturmhaube aus atmungsaktivem, leichtem Polyester f\u00fcr ganzt\u00e4gigen Komfort. Nahtlose Passform f\u00fcr Kart- und Motorsport.","robots":{"index":"index","follow":"follow","max-snippet":"max-snippet:-1","max-image-preview":"max-image-preview:large","max-video-preview":"max-video-preview:-1"},"canonical":"https:\/\/zamphelmets.co\/de\/produkt\/sturmhaube-unleash-schwarz-weiss-asymmetrisch\/","og_locale":"de_DE","og_type":"article","og_title":"Sturmhaube UNLEASH \u2013 Schwarz &amp; Wei\u00df Asymmetrisch - Zamp Helmets | Helmet 28 EU","og_description":"32Five UNLEASH Sturmhaube aus atmungsaktivem, leichtem Polyester f\u00fcr ganzt\u00e4gigen Komfort. Nahtlose Passform f\u00fcr Kart- und Motorsport.","og_url":"https:\/\/zamphelmets.co\/de\/produkt\/sturmhaube-unleash-schwarz-weiss-asymmetrisch\/","og_site_name":"Zamp Helmets | Helmet 28 EU","article_modified_time":"2026-03-17T19:00:16+00:00","og_image":[{"width":960,"height":960,"url":"https:\/\/zamphelmets.co\/wp-content\/uploads\/2026\/01\/Unknown-1.jpeg","type":"image\/jpeg"}],"twitter_card":"summary_large_image","twitter_misc":{"Est. reading time":"1 Minute"},"schema":{"@context":"https:\/\/schema.org","@graph":[{"@type":"WebPage","@id":"https:\/\/zamphelmets.co\/de\/produkt\/sturmhaube-unleash-schwarz-weiss-asymmetrisch\/","url":"https:\/\/zamphelmets.co\/de\/produkt\/sturmhaube-unleash-schwarz-weiss-asymmetrisch\/","name":"Sturmhaube UNLEASH \u2013 Schwarz &amp; Wei\u00df Asymmetrisch - Zamp Helmets | Helmet 28 EU","isPartOf":{"@id":"https:\/\/zamphelmets.co\/de\/#website"},"primaryImageOfPage":{"@id":"https:\/\/zamphelmets.co\/de\/produkt\/sturmhaube-unleash-schwarz-weiss-asymmetrisch\/#primaryimage"},"image":{"@id":"https:\/\/zamphelmets.co\/de\/produkt\/sturmhaube-unleash-schwarz-weiss-asymmetrisch\/#primaryimage"},"thumbnailUrl":"https:\/\/zamphelmets.co\/wp-content\/uploads\/2026\/01\/Unknown-1.jpeg","datePublished":"2026-01-26T11:26:31+00:00","dateModified":"2026-03-17T19:00:16+00:00","description":"32Five UNLEASH Sturmhaube aus atmungsaktivem, leichtem Polyester f\u00fcr ganzt\u00e4gigen Komfort. Nahtlose Passform f\u00fcr Kart- und Motorsport.","breadcrumb":{"@id":"https:\/\/zamphelmets.co\/de\/produkt\/sturmhaube-unleash-schwarz-weiss-asymmetrisch\/#breadcrumb"},"inLanguage":"de-DE","potentialAction":[{"@type":"ReadAction","target":["https:\/\/zamphelmets.co\/de\/produkt\/sturmhaube-unleash-schwarz-weiss-asymmetrisch\/"]}]},{"@type":"ImageObject","inLanguage":"de-DE","@id":"https:\/\/zamphelmets.co\/de\/produkt\/sturmhaube-unleash-schwarz-weiss-asymmetrisch\/#primaryimage","url":"https:\/\/zamphelmets.co\/wp-content\/uploads\/2026\/01\/Unknown-1.jpeg","contentUrl":"https:\/\/zamphelmets.co\/wp-content\/uploads\/2026\/01\/Unknown-1.jpeg","width":960,"height":960},{"@type":"BreadcrumbList","@id":"https:\/\/zamphelmets.co\/de\/produkt\/sturmhaube-unleash-schwarz-weiss-asymmetrisch\/#breadcrumb","itemListElement":[{"@type":"ListItem","position":1,"name":"Shop","item":"https:\/\/zamphelmets.co\/de\/shop\/"},{"@type":"ListItem","position":2,"name":"Sturmhaube UNLEASH \u2013 Schwarz &amp; Wei\u00df Asymmetrisch"}]},{"@type":"WebSite","@id":"https:\/\/zamphelmets.co\/de\/#website","url":"https:\/\/zamphelmets.co\/de\/","name":"Zamp Helmets | Helmet 28 EU","description":"High Quality Motorsport Helmets","potentialAction":[{"@type":"SearchAction","target":{"@type":"EntryPoint","urlTemplate":"https:\/\/zamphelmets.co\/de\/?s={search_term_string}"},"query-input":{"@type":"PropertyValueSpecification","valueRequired":true,"valueName":"search_term_string"}}],"inLanguage":"de-DE"}]}},"_links":{"self":[{"href":"https:\/\/zamphelmets.co\/de\/wp-json\/wp\/v2\/product\/205597","targetHints":{"allow":["GET"]}}],"collection":[{"href":"https:\/\/zamphelmets.co\/de\/wp-json\/wp\/v2\/product"}],"about":[{"href":"https:\/\/zamphelmets.co\/de\/wp-json\/wp\/v2\/types\/product"}],"replies":[{"embeddable":true,"href":"https:\/\/zamphelmets.co\/de\/wp-json\/wp\/v2\/comments?post=205597"}],"wp:featuredmedia":[{"embeddable":true,"href":"https:\/\/zamphelmets.co\/de\/wp-json\/wp\/v2\/media\/190139"}],"wp:attachment":[{"href":"https:\/\/zamphelmets.co\/de\/wp-json\/wp\/v2\/media?parent=205597"}],"wp:term":[{"taxonomy":"product_brand","embeddable":true,"href":"https:\/\/zamphelmets.co\/de\/wp-json\/wp\/v2\/product_brand?post=205597"},{"taxonomy":"product_cat","embeddable":true,"href":"https:\/\/zamphelmets.co\/de\/wp-json\/wp\/v2\/product_cat?post=205597"},{"taxonomy":"product_tag","embeddable":true,"href":"https:\/\/zamphelmets.co\/de\/wp-json\/wp\/v2\/product_tag?post=205597"}],"curies":[{"name":"wp","href":"https:\/\/api.w.org\/{rel}","templated":true}]}}