{"id":205565,"date":"2026-01-26T11:26:09","date_gmt":"2026-01-26T11:26:09","guid":{"rendered":"https:\/\/zamphelmets.co\/product\/use-more-kerb-x-32five\/"},"modified":"2026-02-27T10:51:52","modified_gmt":"2026-02-27T10:51:52","slug":"use-more-kerb-x-32five","status":"publish","type":"product","link":"https:\/\/zamphelmets.co\/de\/produkt\/use-more-kerb-x-32five\/","title":{"rendered":"USE.MORE.KERB x 32Five"},"content":{"rendered":"<div class=\"container\">\n<div id=\"content\" class=\"site-content\">\n<div id=\"primary\" class=\"content-area\">\n<p><span style=\"font-weight: 400;\">F\u00fcr Fahrer, die h\u00e4rter pushen, sp\u00e4ter bremsen und am Limit der Strecke leben.<\/span><\/p>\n<p><span style=\"font-weight: 400;\">Entwickelt in Zusammenarbeit mit <strong>dem professionellen Rennfahrer und N\u00fcrburgring-Spezialisten Brad Philpot<\/strong>, \u00fcbertragen die <strong>USE MORE KERB Handschuhe<\/strong> eine aggressive Rennmentalit\u00e4t in ein Produkt, das f\u00fcr echte Performance auf der Strecke konzipiert ist. Optisch auff\u00e4llig und dort \u00fcberzeugend, wo es am wichtigsten ist, vereint diese Edition k\u00fchnes Design mit rennerprobter Konstruktion. <\/span><\/p>\n<p><strong>Hauptmerkmale &amp; Details<\/strong><\/p>\n<ul>\n<li><strong>Brad Philpot Kollaboration | \u201eUSEMOREKERB\u201c<\/strong><\/li>\n<\/ul>\n<p><span style=\"font-weight: 400;\">Entwickelt mit direktem Input eines professionellen Rennfahrers, der authentische Einblicke vom Renntag in die 32Five Designsprache einbringt.<\/span><\/p>\n<ul>\n<li><strong>K\u00fchne Farbgebung<\/strong><\/li>\n<\/ul>\n<p><span style=\"font-weight: 400;\">Fluoreszierendes Gr\u00fcn- und Pink-Design, inspiriert von Bradleys unverwechselbarem Rennstil \u2013 entwickelt, um in der Startaufstellung und an jedem Scheitelpunkt aufzufallen.<\/span><\/p>\n<ul>\n<li><strong>Au\u00dfennaht-Konstruktion<\/strong><\/li>\n<\/ul>\n<p><span style=\"font-weight: 400;\">Externe N\u00e4hte reduzieren interne Druckpunkte und Reibung und sorgen f\u00fcr verbesserten Komfort und Langlebigkeit bei langen Sessions.<\/span><\/p>\n<ul>\n<li><strong>Atmungsaktives Obermaterial<\/strong><\/li>\n<\/ul>\n<p><span style=\"font-weight: 400;\">Leicht, weich und hoch atmungsaktiv, um die H\u00e4nde k\u00fchl zu halten, w\u00e4hrend lebendige, auff\u00e4llige Farben erhalten bleiben.<\/span><\/p>\n<ul>\n<li><strong>DriveSkin\u2122 Handfl\u00e4chen-Technologie<\/strong><\/li>\n<\/ul>\n<p><span style=\"font-weight: 400;\">Griffiges Handfl\u00e4chenmaterial, entwickelt f\u00fcr pr\u00e4zises Lenkgef\u00fchl, exzellente Verschlei\u00dffestigkeit und totale Kontrolle.<\/span><\/p>\n<ul>\n<li><strong>Vorgeformte ergonomische Passform<\/strong><\/li>\n<\/ul>\n<p><span style=\"font-weight: 400;\">Die vorgeformte Passform unterst\u00fctzt eine nat\u00fcrliche Handhaltung, reduziert Erm\u00fcdung und hilft, Runde f\u00fcr Runde konzentriert zu bleiben.<\/span><\/p>\n<ul>\n<li><strong>Charakteristisches rotes Fingerspitzen-Detail<\/strong><\/li>\n<\/ul>\n<p><span style=\"font-weight: 400;\">Ein letzter Schliff, der die Premium-Designidentit\u00e4t von 32Five unterstreicht.<\/span><\/p>\n<p><strong>Gebaut, um hart gefahren zu werden, unverwechselbar im Stil und kompromisslos in der Entwicklung.<\/strong><\/p>\n<p><img decoding=\"async\" class=\"alignnone wp-image-222671 lazyload\" data-src=\"https:\/\/zamphelmets.co\/wp-content\/uploads\/2026\/01\/32F-SizeGuide-25-V1-scaled.webp\" alt=\"\" width=\"545\" height=\"293\" data-srcset=\"https:\/\/zamphelmets.co\/wp-content\/uploads\/2026\/01\/32F-SizeGuide-25-V1-scaled.webp 2560w, https:\/\/zamphelmets.co\/wp-content\/uploads\/2026\/01\/32F-SizeGuide-25-V1-300x161.webp 300w, https:\/\/zamphelmets.co\/wp-content\/uploads\/2026\/01\/32F-SizeGuide-25-V1-1024x551.webp 1024w, https:\/\/zamphelmets.co\/wp-content\/uploads\/2026\/01\/32F-SizeGuide-25-V1-768x413.webp 768w, https:\/\/zamphelmets.co\/wp-content\/uploads\/2026\/01\/32F-SizeGuide-25-V1-1536x826.webp 1536w, https:\/\/zamphelmets.co\/wp-content\/uploads\/2026\/01\/32F-SizeGuide-25-V1-2048x1101.webp 2048w, https:\/\/zamphelmets.co\/wp-content\/uploads\/2026\/01\/32F-SizeGuide-25-V1-600x323.webp 600w\" data-sizes=\"(max-width: 545px) 100vw, 545px\" src=\"data:image\/svg+xml;base64,PHN2ZyB3aWR0aD0iMSIgaGVpZ2h0PSIxIiB4bWxucz0iaHR0cDovL3d3dy53My5vcmcvMjAwMC9zdmciPjwvc3ZnPg==\" style=\"--smush-placeholder-width: 545px; --smush-placeholder-aspect-ratio: 545\/293;\" \/><\/p>\n<\/div>\n<\/div>\n<\/div>\n","protected":false},"excerpt":{"rendered":"<p>F\u00fcr Fahrer, die h\u00e4rter pushen, sp\u00e4ter bremsen und am Limit der Strecke leben. Entwickelt in Zusammenarbeit mit dem professionellen Rennfahrer und N\u00fcrburgring-Spezialisten Brad Philpot, \u00fcbertragen die USE MORE KERB Handschuhe eine aggressive Rennmentalit\u00e4t in ein Produkt, das f\u00fcr echte Performance auf der Strecke konzipiert ist. Optisch auff\u00e4llig und dort \u00fcberzeugend, wo es am wichtigsten ist, [&hellip;]<\/p>\n","protected":false},"featured_media":190089,"comment_status":"open","ping_status":"closed","template":"","meta":{"_acf_changed":false,"_iconic_wsb_product_page_order_bump_ids":[[]],"_sku":[],"_iconic_wsb_product_page_bump_modal_ids":[[]]},"product_brand":[],"product_cat":[478,287,172],"product_tag":[],"class_list":{"0":"post-205565","1":"product","2":"type-product","3":"status-publish","4":"has-post-thumbnail","6":"product_cat-32five","7":"product_cat-schutz","8":"product_cat-schutz-kleidung","10":"first","11":"instock","12":"taxable","13":"shipping-taxable","14":"purchasable","15":"product-type-variable"},"acf":[],"yoast_head":"<!-- This site is optimized with the Yoast SEO plugin v27.0 - https:\/\/yoast.com\/product\/yoast-seo-wordpress\/ -->\n<title>32Five USE.MORE.KERB x 32Five - Premium-Kartinghandschuhe<\/title>\n<meta name=\"description\" content=\"32Five x Brad Philpot USE MORE KERB Kartinghandschuhe liefern aggressiven Stil, DriveSkin-Grip und rennbew\u00e4hrten Komfort f\u00fcr Fahrer, die h\u00e4rter pushen.\" \/>\n<meta name=\"robots\" content=\"index, follow, max-snippet:-1, max-image-preview:large, max-video-preview:-1\" \/>\n<link rel=\"canonical\" href=\"https:\/\/zamphelmets.co\/de\/produkt\/use-more-kerb-x-32five\/\" \/>\n<meta property=\"og:locale\" content=\"de_DE\" \/>\n<meta property=\"og:type\" content=\"article\" \/>\n<meta property=\"og:title\" content=\"32Five USE.MORE.KERB x 32Five - Premium-Kartinghandschuhe\" \/>\n<meta property=\"og:description\" content=\"32Five x Brad Philpot USE MORE KERB Kartinghandschuhe liefern aggressiven Stil, DriveSkin-Grip und rennbew\u00e4hrten Komfort f\u00fcr Fahrer, die h\u00e4rter pushen.\" \/>\n<meta property=\"og:url\" content=\"https:\/\/zamphelmets.co\/de\/produkt\/use-more-kerb-x-32five\/\" \/>\n<meta property=\"og:site_name\" content=\"Zamp Helmets | Helmet 28 EU\" \/>\n<meta property=\"article:modified_time\" content=\"2026-02-27T10:51:52+00:00\" \/>\n<meta property=\"og:image\" content=\"https:\/\/zamphelmets.co\/wp-content\/uploads\/2026\/01\/usemorekerb.jpeg\" \/>\n\t<meta property=\"og:image:width\" content=\"943\" \/>\n\t<meta property=\"og:image:height\" content=\"1000\" \/>\n\t<meta property=\"og:image:type\" content=\"image\/jpeg\" \/>\n<meta name=\"twitter:card\" content=\"summary_large_image\" \/>\n<meta name=\"twitter:label1\" content=\"Est. reading time\" \/>\n\t<meta name=\"twitter:data1\" content=\"1 Minute\" \/>\n<script type=\"application\/ld+json\" class=\"yoast-schema-graph\">{\"@context\":\"https:\/\/schema.org\",\"@graph\":[{\"@type\":\"WebPage\",\"@id\":\"https:\/\/zamphelmets.co\/de\/produkt\/use-more-kerb-x-32five\/\",\"url\":\"https:\/\/zamphelmets.co\/de\/produkt\/use-more-kerb-x-32five\/\",\"name\":\"32Five USE.MORE.KERB x 32Five - Premium-Kartinghandschuhe\",\"isPartOf\":{\"@id\":\"https:\/\/zamphelmets.co\/de\/#website\"},\"primaryImageOfPage\":{\"@id\":\"https:\/\/zamphelmets.co\/de\/produkt\/use-more-kerb-x-32five\/#primaryimage\"},\"image\":{\"@id\":\"https:\/\/zamphelmets.co\/de\/produkt\/use-more-kerb-x-32five\/#primaryimage\"},\"thumbnailUrl\":\"https:\/\/zamphelmets.co\/wp-content\/uploads\/2026\/01\/usemorekerb.jpeg\",\"datePublished\":\"2026-01-26T11:26:09+00:00\",\"dateModified\":\"2026-02-27T10:51:52+00:00\",\"description\":\"32Five x Brad Philpot USE MORE KERB Kartinghandschuhe liefern aggressiven Stil, DriveSkin-Grip und rennbew\u00e4hrten Komfort f\u00fcr Fahrer, die h\u00e4rter pushen.\",\"breadcrumb\":{\"@id\":\"https:\/\/zamphelmets.co\/de\/produkt\/use-more-kerb-x-32five\/#breadcrumb\"},\"inLanguage\":\"de-DE\",\"potentialAction\":[{\"@type\":\"ReadAction\",\"target\":[\"https:\/\/zamphelmets.co\/de\/produkt\/use-more-kerb-x-32five\/\"]}]},{\"@type\":\"ImageObject\",\"inLanguage\":\"de-DE\",\"@id\":\"https:\/\/zamphelmets.co\/de\/produkt\/use-more-kerb-x-32five\/#primaryimage\",\"url\":\"https:\/\/zamphelmets.co\/wp-content\/uploads\/2026\/01\/usemorekerb.jpeg\",\"contentUrl\":\"https:\/\/zamphelmets.co\/wp-content\/uploads\/2026\/01\/usemorekerb.jpeg\",\"width\":943,\"height\":1000},{\"@type\":\"BreadcrumbList\",\"@id\":\"https:\/\/zamphelmets.co\/de\/produkt\/use-more-kerb-x-32five\/#breadcrumb\",\"itemListElement\":[{\"@type\":\"ListItem\",\"position\":1,\"name\":\"Shop\",\"item\":\"https:\/\/zamphelmets.co\/de\/shop\/\"},{\"@type\":\"ListItem\",\"position\":2,\"name\":\"USE.MORE.KERB x 32Five\"}]},{\"@type\":\"WebSite\",\"@id\":\"https:\/\/zamphelmets.co\/de\/#website\",\"url\":\"https:\/\/zamphelmets.co\/de\/\",\"name\":\"Zamp Helmets | Helmet 28 EU\",\"description\":\"High Quality Motorsport Helmets\",\"potentialAction\":[{\"@type\":\"SearchAction\",\"target\":{\"@type\":\"EntryPoint\",\"urlTemplate\":\"https:\/\/zamphelmets.co\/de\/?s={search_term_string}\"},\"query-input\":{\"@type\":\"PropertyValueSpecification\",\"valueRequired\":true,\"valueName\":\"search_term_string\"}}],\"inLanguage\":\"de-DE\"}]}<\/script>\n<!-- \/ Yoast SEO plugin. -->","yoast_head_json":{"title":"32Five USE.MORE.KERB x 32Five - Premium-Kartinghandschuhe","description":"32Five x Brad Philpot USE MORE KERB Kartinghandschuhe liefern aggressiven Stil, DriveSkin-Grip und rennbew\u00e4hrten Komfort f\u00fcr Fahrer, die h\u00e4rter pushen.","robots":{"index":"index","follow":"follow","max-snippet":"max-snippet:-1","max-image-preview":"max-image-preview:large","max-video-preview":"max-video-preview:-1"},"canonical":"https:\/\/zamphelmets.co\/de\/produkt\/use-more-kerb-x-32five\/","og_locale":"de_DE","og_type":"article","og_title":"32Five USE.MORE.KERB x 32Five - Premium-Kartinghandschuhe","og_description":"32Five x Brad Philpot USE MORE KERB Kartinghandschuhe liefern aggressiven Stil, DriveSkin-Grip und rennbew\u00e4hrten Komfort f\u00fcr Fahrer, die h\u00e4rter pushen.","og_url":"https:\/\/zamphelmets.co\/de\/produkt\/use-more-kerb-x-32five\/","og_site_name":"Zamp Helmets | Helmet 28 EU","article_modified_time":"2026-02-27T10:51:52+00:00","og_image":[{"width":943,"height":1000,"url":"https:\/\/zamphelmets.co\/wp-content\/uploads\/2026\/01\/usemorekerb.jpeg","type":"image\/jpeg"}],"twitter_card":"summary_large_image","twitter_misc":{"Est. reading time":"1 Minute"},"schema":{"@context":"https:\/\/schema.org","@graph":[{"@type":"WebPage","@id":"https:\/\/zamphelmets.co\/de\/produkt\/use-more-kerb-x-32five\/","url":"https:\/\/zamphelmets.co\/de\/produkt\/use-more-kerb-x-32five\/","name":"32Five USE.MORE.KERB x 32Five - Premium-Kartinghandschuhe","isPartOf":{"@id":"https:\/\/zamphelmets.co\/de\/#website"},"primaryImageOfPage":{"@id":"https:\/\/zamphelmets.co\/de\/produkt\/use-more-kerb-x-32five\/#primaryimage"},"image":{"@id":"https:\/\/zamphelmets.co\/de\/produkt\/use-more-kerb-x-32five\/#primaryimage"},"thumbnailUrl":"https:\/\/zamphelmets.co\/wp-content\/uploads\/2026\/01\/usemorekerb.jpeg","datePublished":"2026-01-26T11:26:09+00:00","dateModified":"2026-02-27T10:51:52+00:00","description":"32Five x Brad Philpot USE MORE KERB Kartinghandschuhe liefern aggressiven Stil, DriveSkin-Grip und rennbew\u00e4hrten Komfort f\u00fcr Fahrer, die h\u00e4rter pushen.","breadcrumb":{"@id":"https:\/\/zamphelmets.co\/de\/produkt\/use-more-kerb-x-32five\/#breadcrumb"},"inLanguage":"de-DE","potentialAction":[{"@type":"ReadAction","target":["https:\/\/zamphelmets.co\/de\/produkt\/use-more-kerb-x-32five\/"]}]},{"@type":"ImageObject","inLanguage":"de-DE","@id":"https:\/\/zamphelmets.co\/de\/produkt\/use-more-kerb-x-32five\/#primaryimage","url":"https:\/\/zamphelmets.co\/wp-content\/uploads\/2026\/01\/usemorekerb.jpeg","contentUrl":"https:\/\/zamphelmets.co\/wp-content\/uploads\/2026\/01\/usemorekerb.jpeg","width":943,"height":1000},{"@type":"BreadcrumbList","@id":"https:\/\/zamphelmets.co\/de\/produkt\/use-more-kerb-x-32five\/#breadcrumb","itemListElement":[{"@type":"ListItem","position":1,"name":"Shop","item":"https:\/\/zamphelmets.co\/de\/shop\/"},{"@type":"ListItem","position":2,"name":"USE.MORE.KERB x 32Five"}]},{"@type":"WebSite","@id":"https:\/\/zamphelmets.co\/de\/#website","url":"https:\/\/zamphelmets.co\/de\/","name":"Zamp Helmets | Helmet 28 EU","description":"High Quality Motorsport Helmets","potentialAction":[{"@type":"SearchAction","target":{"@type":"EntryPoint","urlTemplate":"https:\/\/zamphelmets.co\/de\/?s={search_term_string}"},"query-input":{"@type":"PropertyValueSpecification","valueRequired":true,"valueName":"search_term_string"}}],"inLanguage":"de-DE"}]}},"_links":{"self":[{"href":"https:\/\/zamphelmets.co\/de\/wp-json\/wp\/v2\/product\/205565","targetHints":{"allow":["GET"]}}],"collection":[{"href":"https:\/\/zamphelmets.co\/de\/wp-json\/wp\/v2\/product"}],"about":[{"href":"https:\/\/zamphelmets.co\/de\/wp-json\/wp\/v2\/types\/product"}],"replies":[{"embeddable":true,"href":"https:\/\/zamphelmets.co\/de\/wp-json\/wp\/v2\/comments?post=205565"}],"wp:featuredmedia":[{"embeddable":true,"href":"https:\/\/zamphelmets.co\/de\/wp-json\/wp\/v2\/media\/190089"}],"wp:attachment":[{"href":"https:\/\/zamphelmets.co\/de\/wp-json\/wp\/v2\/media?parent=205565"}],"wp:term":[{"taxonomy":"product_brand","embeddable":true,"href":"https:\/\/zamphelmets.co\/de\/wp-json\/wp\/v2\/product_brand?post=205565"},{"taxonomy":"product_cat","embeddable":true,"href":"https:\/\/zamphelmets.co\/de\/wp-json\/wp\/v2\/product_cat?post=205565"},{"taxonomy":"product_tag","embeddable":true,"href":"https:\/\/zamphelmets.co\/de\/wp-json\/wp\/v2\/product_tag?post=205565"}],"curies":[{"name":"wp","href":"https:\/\/api.w.org\/{rel}","templated":true}]}}