{"id":205183,"date":"2025-08-13T13:16:32","date_gmt":"2025-08-13T13:16:32","guid":{"rendered":"https:\/\/zamphelmets.co\/product\/rz-57v-mattgrau\/"},"modified":"2026-03-24T15:10:48","modified_gmt":"2026-03-24T15:10:48","slug":"rz-57v-mattgrau","status":"publish","type":"product","link":"https:\/\/zamphelmets.co\/de\/produkt\/rz-57v-mattgrau\/","title":{"rendered":"RZ 57V Mattgrau"},"content":{"rendered":"<p data-start=\"225\" data-end=\"589\">Der <strong data-start=\"229\" data-end=\"251\">Zamp RZ-57V Helm<\/strong> bietet die perfekte Balance aus Leistung, Sicherheit und Erschwinglichkeit \u2013 er definiert neu, was es bedeutet, echten Wert im Motorsport-Schutz zu erhalten. Entwickelt mit der neuesten <strong data-start=\"422\" data-end=\"449\">Snell SA2025 Technologie<\/strong>, ist dieser leichte Verbundhelm f\u00fcr Rennfahrer konzipiert, die Zuverl\u00e4ssigkeit, Komfort und moderne Leistung ohne \u00fcberm\u00e4\u00dfige Ausgaben fordern. <\/p>\n<p data-start=\"591\" data-end=\"1016\">Gebaut mit einer <strong data-start=\"604\" data-end=\"634\">Verbund-Fiberglasschale<\/strong> und einem weichen, feuerhemmenden Innenfutter, gew\u00e4hrleistet der RZ-57V dauerhaften Komfort bei jedem Rennen.<\/p>\n<p data-start=\"1018\" data-end=\"1384\">Mit Funktionen, die normalerweise in Helmen zum doppelten Preis zu finden sind, ist der <strong data-start=\"1078\" data-end=\"1093\">Zamp RZ-57V<\/strong> eine vielseitige Wahl f\u00fcr Kartfahren, Track Days und Wettkampfrennen. Er ist mit einem <strong data-start=\"1188\" data-end=\"1209\">Z-20 Klarglasvisier<\/strong> mit Abrei\u00dffolien-Pins ausgestattet, plus <strong data-start=\"1303\" data-end=\"1317\">M6-Eins\u00e4tzen<\/strong> f\u00fcr eine nahtlose <strong data-start=\"1331\" data-end=\"1381\">Head &amp; Neck Restraint (HANS) Ger\u00e4teintegration<\/strong>. <\/p>\n<h3 data-start=\"1386\" data-end=\"1405\">Hauptmerkmale:<\/h3>\n<ul data-start=\"1406\" data-end=\"1802\">\n<li data-start=\"1406\" data-end=\"1477\">\n<p data-start=\"1408\" data-end=\"1477\"><strong data-start=\"1408\" data-end=\"1450\">Leichte Verbund-Fiberglasschale<\/strong> f\u00fcr St\u00e4rke und Komfort<\/p>\n<\/li>\n<li data-start=\"1478\" data-end=\"1543\">\n<p data-start=\"1480\" data-end=\"1543\"><strong data-start=\"1480\" data-end=\"1507\">Minimalistisches Design mit Frontbel\u00fcftung<\/strong> mit Kopfhaut- und hinteren Auslass\u00f6ffnungen f\u00fcr verbesserte Luftzirkulation<\/p>\n<\/li>\n<li data-start=\"1544\" data-end=\"1614\">\n<p data-start=\"1546\" data-end=\"1614\"><strong data-start=\"1546\" data-end=\"1579\">Weiches, feuerhemmendes Innenfutter<\/strong> (nicht herausnehmbar) f\u00fcr zus\u00e4tzliche Sicherheit<\/p>\n<\/li>\n<li data-start=\"1615\" data-end=\"1700\">\n<p data-start=\"1617\" data-end=\"1700\"><strong data-start=\"1617\" data-end=\"1638\">Z-20 Klarglasvisier<\/strong> mit Abrei\u00dffolien-Pins, kompatibel mit Banana-Style Abrei\u00dffolien<\/p>\n<\/li>\n<li data-start=\"1701\" data-end=\"1745\">\n<p data-start=\"1703\" data-end=\"1745\"><strong data-start=\"1703\" data-end=\"1717\">M6-Eins\u00e4tze<\/strong> f\u00fcr HANS \/ HNR Ger\u00e4teverwendung<\/p>\n<\/li>\n<li data-start=\"1746\" data-end=\"1802\">\n<p data-start=\"1748\" data-end=\"1802\"><strong data-start=\"1748\" data-end=\"1773\">Snell SA2025 zugelassen<\/strong> f\u00fcr den Wettkampfsport<\/p>\n<\/li>\n<\/ul>\n<p data-start=\"1804\" data-end=\"1954\">Egal, ob Sie gerade anfangen oder aufsteigen, der <strong data-start=\"1852\" data-end=\"1867\">Zamp RZ-57V<\/strong> bietet Ihnen die Technologie, den Komfort und die Sicherheit, die Sie ben\u00f6tigen, um sich auf der Strecke zu konzentrieren.<\/p>\n","protected":false},"excerpt":{"rendered":"<p>Der Zamp RZ-57V Helm bietet die perfekte Balance aus Leistung, Sicherheit und Erschwinglichkeit \u2013 er definiert neu, was es bedeutet, echten Wert im Motorsport-Schutz zu erhalten. Entwickelt mit der neuesten Snell SA2025 Technologie, ist dieser leichte Verbundhelm f\u00fcr Rennfahrer konzipiert, die Zuverl\u00e4ssigkeit, Komfort und moderne Leistung ohne \u00fcberm\u00e4\u00dfige Ausgaben fordern. Gebaut mit einer Verbund-Fiberglasschale und [&hellip;]<\/p>\n","protected":false},"featured_media":113917,"comment_status":"open","ping_status":"closed","template":"","meta":{"_acf_changed":false,"_iconic_wsb_product_page_order_bump_ids":[[]],"_sku":["H78315F"],"_iconic_wsb_product_page_bump_modal_ids":[[]]},"product_brand":[],"product_cat":[199,230,468,124],"product_tag":[],"class_list":{"0":"post-205183","1":"product","2":"type-product","3":"status-publish","4":"has-post-thumbnail","6":"product_cat-zamp-helme","7":"product_cat-nicht-kategorisiert","8":"product_cat-snell-2025","9":"product_cat-zamp-de","11":"first","12":"instock","13":"taxable","14":"shipping-taxable","15":"purchasable","16":"product-type-variable"},"acf":[],"yoast_head":"<!-- This site is optimized with the Yoast SEO plugin v27.0 - https:\/\/yoast.com\/product\/yoast-seo-wordpress\/ -->\n<title>RZ 57V Mattgrau - Zamp Helmets | Helmet 28 EU<\/title>\n<meta name=\"description\" content=\"JETZT KAUFEN - Snell SA2025 zugelassen, leicht, langlebig und preisg\u00fcnstig, mit Top Air Kompatibilit\u00e4t f\u00fcr maximale Rennleistung.\" \/>\n<meta name=\"robots\" content=\"index, follow, max-snippet:-1, max-image-preview:large, max-video-preview:-1\" \/>\n<link rel=\"canonical\" href=\"https:\/\/zamphelmets.co\/de\/produkt\/rz-57v-mattgrau\/\" \/>\n<meta property=\"og:locale\" content=\"de_DE\" \/>\n<meta property=\"og:type\" content=\"article\" \/>\n<meta property=\"og:title\" content=\"RZ 57V Mattgrau - Zamp Helmets | Helmet 28 EU\" \/>\n<meta property=\"og:description\" content=\"JETZT KAUFEN - Snell SA2025 zugelassen, leicht, langlebig und preisg\u00fcnstig, mit Top Air Kompatibilit\u00e4t f\u00fcr maximale Rennleistung.\" \/>\n<meta property=\"og:url\" content=\"https:\/\/zamphelmets.co\/de\/produkt\/rz-57v-mattgrau\/\" \/>\n<meta property=\"og:site_name\" content=\"Zamp Helmets | Helmet 28 EU\" \/>\n<meta property=\"article:modified_time\" content=\"2026-03-24T15:10:48+00:00\" \/>\n<meta property=\"og:image\" content=\"https:\/\/zamphelmets.co\/wp-content\/uploads\/2025\/08\/H77215F.jpg\" \/>\n\t<meta property=\"og:image:width\" content=\"1500\" \/>\n\t<meta property=\"og:image:height\" content=\"1500\" \/>\n\t<meta property=\"og:image:type\" content=\"image\/jpeg\" \/>\n<meta name=\"twitter:card\" content=\"summary_large_image\" \/>\n<meta name=\"twitter:label1\" content=\"Est. reading time\" \/>\n\t<meta name=\"twitter:data1\" content=\"1 Minute\" \/>\n<script type=\"application\/ld+json\" class=\"yoast-schema-graph\">{\"@context\":\"https:\/\/schema.org\",\"@graph\":[{\"@type\":\"WebPage\",\"@id\":\"https:\/\/zamphelmets.co\/de\/produkt\/rz-57v-mattgrau\/\",\"url\":\"https:\/\/zamphelmets.co\/de\/produkt\/rz-57v-mattgrau\/\",\"name\":\"RZ 57V Mattgrau - Zamp Helmets | Helmet 28 EU\",\"isPartOf\":{\"@id\":\"https:\/\/zamphelmets.co\/de\/#website\"},\"primaryImageOfPage\":{\"@id\":\"https:\/\/zamphelmets.co\/de\/produkt\/rz-57v-mattgrau\/#primaryimage\"},\"image\":{\"@id\":\"https:\/\/zamphelmets.co\/de\/produkt\/rz-57v-mattgrau\/#primaryimage\"},\"thumbnailUrl\":\"https:\/\/zamphelmets.co\/wp-content\/uploads\/2025\/08\/H77215F.jpg\",\"datePublished\":\"2025-08-13T13:16:32+00:00\",\"dateModified\":\"2026-03-24T15:10:48+00:00\",\"description\":\"JETZT KAUFEN - Snell SA2025 zugelassen, leicht, langlebig und preisg\u00fcnstig, mit Top Air Kompatibilit\u00e4t f\u00fcr maximale Rennleistung.\",\"breadcrumb\":{\"@id\":\"https:\/\/zamphelmets.co\/de\/produkt\/rz-57v-mattgrau\/#breadcrumb\"},\"inLanguage\":\"de-DE\",\"potentialAction\":[{\"@type\":\"ReadAction\",\"target\":[\"https:\/\/zamphelmets.co\/de\/produkt\/rz-57v-mattgrau\/\"]}]},{\"@type\":\"ImageObject\",\"inLanguage\":\"de-DE\",\"@id\":\"https:\/\/zamphelmets.co\/de\/produkt\/rz-57v-mattgrau\/#primaryimage\",\"url\":\"https:\/\/zamphelmets.co\/wp-content\/uploads\/2025\/08\/H77215F.jpg\",\"contentUrl\":\"https:\/\/zamphelmets.co\/wp-content\/uploads\/2025\/08\/H77215F.jpg\",\"width\":1500,\"height\":1500},{\"@type\":\"BreadcrumbList\",\"@id\":\"https:\/\/zamphelmets.co\/de\/produkt\/rz-57v-mattgrau\/#breadcrumb\",\"itemListElement\":[{\"@type\":\"ListItem\",\"position\":1,\"name\":\"Shop\",\"item\":\"https:\/\/zamphelmets.co\/de\/shop\/\"},{\"@type\":\"ListItem\",\"position\":2,\"name\":\"RZ 57V Mattgrau\"}]},{\"@type\":\"WebSite\",\"@id\":\"https:\/\/zamphelmets.co\/de\/#website\",\"url\":\"https:\/\/zamphelmets.co\/de\/\",\"name\":\"Zamp Helmets | Helmet 28 EU\",\"description\":\"High Quality Motorsport Helmets\",\"potentialAction\":[{\"@type\":\"SearchAction\",\"target\":{\"@type\":\"EntryPoint\",\"urlTemplate\":\"https:\/\/zamphelmets.co\/de\/?s={search_term_string}\"},\"query-input\":{\"@type\":\"PropertyValueSpecification\",\"valueRequired\":true,\"valueName\":\"search_term_string\"}}],\"inLanguage\":\"de-DE\"}]}<\/script>\n<!-- \/ Yoast SEO plugin. -->","yoast_head_json":{"title":"RZ 57V Mattgrau - Zamp Helmets | Helmet 28 EU","description":"JETZT KAUFEN - Snell SA2025 zugelassen, leicht, langlebig und preisg\u00fcnstig, mit Top Air Kompatibilit\u00e4t f\u00fcr maximale Rennleistung.","robots":{"index":"index","follow":"follow","max-snippet":"max-snippet:-1","max-image-preview":"max-image-preview:large","max-video-preview":"max-video-preview:-1"},"canonical":"https:\/\/zamphelmets.co\/de\/produkt\/rz-57v-mattgrau\/","og_locale":"de_DE","og_type":"article","og_title":"RZ 57V Mattgrau - Zamp Helmets | Helmet 28 EU","og_description":"JETZT KAUFEN - Snell SA2025 zugelassen, leicht, langlebig und preisg\u00fcnstig, mit Top Air Kompatibilit\u00e4t f\u00fcr maximale Rennleistung.","og_url":"https:\/\/zamphelmets.co\/de\/produkt\/rz-57v-mattgrau\/","og_site_name":"Zamp Helmets | Helmet 28 EU","article_modified_time":"2026-03-24T15:10:48+00:00","og_image":[{"width":1500,"height":1500,"url":"https:\/\/zamphelmets.co\/wp-content\/uploads\/2025\/08\/H77215F.jpg","type":"image\/jpeg"}],"twitter_card":"summary_large_image","twitter_misc":{"Est. reading time":"1 Minute"},"schema":{"@context":"https:\/\/schema.org","@graph":[{"@type":"WebPage","@id":"https:\/\/zamphelmets.co\/de\/produkt\/rz-57v-mattgrau\/","url":"https:\/\/zamphelmets.co\/de\/produkt\/rz-57v-mattgrau\/","name":"RZ 57V Mattgrau - Zamp Helmets | Helmet 28 EU","isPartOf":{"@id":"https:\/\/zamphelmets.co\/de\/#website"},"primaryImageOfPage":{"@id":"https:\/\/zamphelmets.co\/de\/produkt\/rz-57v-mattgrau\/#primaryimage"},"image":{"@id":"https:\/\/zamphelmets.co\/de\/produkt\/rz-57v-mattgrau\/#primaryimage"},"thumbnailUrl":"https:\/\/zamphelmets.co\/wp-content\/uploads\/2025\/08\/H77215F.jpg","datePublished":"2025-08-13T13:16:32+00:00","dateModified":"2026-03-24T15:10:48+00:00","description":"JETZT KAUFEN - Snell SA2025 zugelassen, leicht, langlebig und preisg\u00fcnstig, mit Top Air Kompatibilit\u00e4t f\u00fcr maximale Rennleistung.","breadcrumb":{"@id":"https:\/\/zamphelmets.co\/de\/produkt\/rz-57v-mattgrau\/#breadcrumb"},"inLanguage":"de-DE","potentialAction":[{"@type":"ReadAction","target":["https:\/\/zamphelmets.co\/de\/produkt\/rz-57v-mattgrau\/"]}]},{"@type":"ImageObject","inLanguage":"de-DE","@id":"https:\/\/zamphelmets.co\/de\/produkt\/rz-57v-mattgrau\/#primaryimage","url":"https:\/\/zamphelmets.co\/wp-content\/uploads\/2025\/08\/H77215F.jpg","contentUrl":"https:\/\/zamphelmets.co\/wp-content\/uploads\/2025\/08\/H77215F.jpg","width":1500,"height":1500},{"@type":"BreadcrumbList","@id":"https:\/\/zamphelmets.co\/de\/produkt\/rz-57v-mattgrau\/#breadcrumb","itemListElement":[{"@type":"ListItem","position":1,"name":"Shop","item":"https:\/\/zamphelmets.co\/de\/shop\/"},{"@type":"ListItem","position":2,"name":"RZ 57V Mattgrau"}]},{"@type":"WebSite","@id":"https:\/\/zamphelmets.co\/de\/#website","url":"https:\/\/zamphelmets.co\/de\/","name":"Zamp Helmets | Helmet 28 EU","description":"High Quality Motorsport Helmets","potentialAction":[{"@type":"SearchAction","target":{"@type":"EntryPoint","urlTemplate":"https:\/\/zamphelmets.co\/de\/?s={search_term_string}"},"query-input":{"@type":"PropertyValueSpecification","valueRequired":true,"valueName":"search_term_string"}}],"inLanguage":"de-DE"}]}},"_links":{"self":[{"href":"https:\/\/zamphelmets.co\/de\/wp-json\/wp\/v2\/product\/205183","targetHints":{"allow":["GET"]}}],"collection":[{"href":"https:\/\/zamphelmets.co\/de\/wp-json\/wp\/v2\/product"}],"about":[{"href":"https:\/\/zamphelmets.co\/de\/wp-json\/wp\/v2\/types\/product"}],"replies":[{"embeddable":true,"href":"https:\/\/zamphelmets.co\/de\/wp-json\/wp\/v2\/comments?post=205183"}],"wp:featuredmedia":[{"embeddable":true,"href":"https:\/\/zamphelmets.co\/de\/wp-json\/wp\/v2\/media\/113917"}],"wp:attachment":[{"href":"https:\/\/zamphelmets.co\/de\/wp-json\/wp\/v2\/media?parent=205183"}],"wp:term":[{"taxonomy":"product_brand","embeddable":true,"href":"https:\/\/zamphelmets.co\/de\/wp-json\/wp\/v2\/product_brand?post=205183"},{"taxonomy":"product_cat","embeddable":true,"href":"https:\/\/zamphelmets.co\/de\/wp-json\/wp\/v2\/product_cat?post=205183"},{"taxonomy":"product_tag","embeddable":true,"href":"https:\/\/zamphelmets.co\/de\/wp-json\/wp\/v2\/product_tag?post=205183"}],"curies":[{"name":"wp","href":"https:\/\/api.w.org\/{rel}","templated":true}]}}