{"id":205093,"date":"2025-10-29T15:13:59","date_gmt":"2025-10-29T15:13:59","guid":{"rendered":"https:\/\/zamphelmets.co\/product\/rz-66c-carbon\/"},"modified":"2026-03-03T10:56:57","modified_gmt":"2026-03-03T10:56:57","slug":"rz-66c-carbon","status":"publish","type":"product","link":"https:\/\/zamphelmets.co\/de\/produkt\/rz-66c-carbon\/","title":{"rendered":"RZ 66C Carbon"},"content":{"rendered":"<p>Entdecken Sie den brandneuen <strong data-start=\"317\" data-end=\"332\">Zamp RZ-66C<\/strong> \u2013 den ultimativen Hochleistungshelm f\u00fcr Rennfahrer, die leichten Komfort, erstklassige Bel\u00fcftung und aerodynamische Pr\u00e4zision verlangen. Entwickelt f\u00fcr Ausdauer und Geschwindigkeit, kombiniert der RZ-66C modernste Technologie mit renntauglicher Vielseitigkeit, damit Sie k\u00fchl, fokussiert und schnell bleiben; in jeder Runde, jedes Mal. <\/p>\n<p><b>Hauptmerkmale:<\/b><\/p>\n<ul>\n<li style=\"font-weight: 400;\" aria-level=\"1\"><b>Carbon-Mix-Schale<\/b><span style=\"font-weight: 400;\"> \u2013 Superleichte Konstruktion f\u00fcr geringere Erm\u00fcdung des Fahrers<\/span><\/li>\n<li style=\"font-weight: 400;\" aria-level=\"1\"><b>DDAIR-SYSTEM<\/b><span style=\"font-weight: 400;\"> \u2013 Neues <\/span><b>360\u00b0 Dual-Density-Air-Channeling<\/b><span style=\"font-weight: 400;\"> f\u00fcr \u00fcberlegene Zwangsluftk\u00fchlung<\/span><\/li>\n<li style=\"font-weight: 400;\" aria-level=\"1\"><b>Fortschrittliche Aerodynamik<\/b><span style=\"font-weight: 400;\"> \u2013 In die Schale integrierte Aero-Lippen sowie Zubeh\u00f6r-Optionen: verstellbarer Heckspoiler und Kinnteil-Frontspoiler<\/span><\/li>\n<li style=\"font-weight: 400;\" aria-level=\"1\"><b>TRI-Tech Air System<\/b><span style=\"font-weight: 400;\"> \u2013 Verstellbare Einl\u00e4sse an der Helmoberseite und an beiden Seiten des Kinnb\u00fcgels f\u00fcr nat\u00fcrliche Luft, Frischluftzufuhr oder Luftstopfen \u2013 das vielseitigste Luftsystem auf dem Markt<\/span><\/li>\n<li style=\"font-weight: 400;\" aria-level=\"1\"><b>28 Series Plush Innenausstattung<\/b><span style=\"font-weight: 400;\"> \u2013 Herausnehmbare, waschbare, feuerhemmende und ultraweiche Wangenpolster und Kopfpolster<\/span><\/li>\n<li style=\"font-weight: 400;\" aria-level=\"1\"><b>Klares Anti-Beschlag-Visier der Z-20 Serie<\/b><span style=\"font-weight: 400;\"> \u2013 Ausgestattet mit Abrei\u00dfpfosten, kompatibel mit 12,125&#8243; Banana-Style Tear-Offs oder Z Optics P208Z Tear-Offs<\/span><\/li>\n<li style=\"font-weight: 400;\" aria-level=\"1\"><b>Trinksystem-vorbereitet<\/b><span style=\"font-weight: 400;\"> \u2013 Integrierter Trinkanschluss im Kinnb\u00fcgel mit abnehmbarem Stopfen<\/span><\/li>\n<li style=\"font-weight: 400;\" aria-level=\"1\"><b>Audio-vorbereitet<\/b><span style=\"font-weight: 400;\"> \u2013 Inklusive Ohrmuscheln und Ohrpolstern f\u00fcr Ger\u00e4uschreduzierung und einfache Integration von Kommunikationssystemen<\/span><\/li>\n<li style=\"font-weight: 400;\" aria-level=\"1\"><b>M6-Eins\u00e4tze<\/b><span style=\"font-weight: 400;\"> \u2013 kompatibel mit Head &amp; Neck Restraint<\/span><\/li>\n<li style=\"font-weight: 400;\" aria-level=\"1\"><b>Snell SA2025 zugelassen<\/b><\/li>\n<\/ul>\n<p>Wie im Motorsport \u00fcblich, variieren unsere Gr\u00f6\u00dfen je nach Helmmodell. Wie Sie die Gr\u00f6\u00dfe Ihres Helms bestimmen, erfahren Sie <a href=\"https:\/\/zamphelmets.co\/de\/wie-sie-die-richtige-helmgroesse-auswaehlen\/\">hier<\/a>.<\/p>\n<p><a href=\"https:\/\/zamphelmets.cohomologation-explained\/\"><strong>Homologation erkl\u00e4rt<\/strong> \u2013 erfahren Sie, welche Homologation Sie ben\u00f6tigen<\/a><\/p>\n<p><a href=\"https:\/\/zamphelmets.co\/de\/hans-posten-hans-und-fhr-geraete\/\"><strong>FHR \/ HANS Ger\u00e4t<\/strong> \u2013 wann ist es erforderlich?<\/a><\/p>\n<p><img decoding=\"async\" class=\"alignnone wp-image-15017 lazyload\" data-src=\"https:\/\/zamphelmets.eu\/wp-content\/uploads\/2025\/06\/Zamp-Helmets-sizing-guide-4166-x-4166-px-600x600-1.png\" alt=\"\" width=\"494\" height=\"494\" src=\"data:image\/svg+xml;base64,PHN2ZyB3aWR0aD0iMSIgaGVpZ2h0PSIxIiB4bWxucz0iaHR0cDovL3d3dy53My5vcmcvMjAwMC9zdmciPjwvc3ZnPg==\" style=\"--smush-placeholder-width: 494px; --smush-placeholder-aspect-ratio: 494\/494;\"><\/p>\n","protected":false},"excerpt":{"rendered":"<p>Entdecken Sie den brandneuen Zamp RZ-66C \u2013 den ultimativen Hochleistungshelm f\u00fcr Rennfahrer, die leichten Komfort, erstklassige Bel\u00fcftung und aerodynamische Pr\u00e4zision verlangen. Entwickelt f\u00fcr Ausdauer und Geschwindigkeit, kombiniert der RZ-66C modernste Technologie mit renntauglicher Vielseitigkeit, damit Sie k\u00fchl, fokussiert und schnell bleiben; in jeder Runde, jedes Mal. Hauptmerkmale: Carbon-Mix-Schale \u2013 Superleichte Konstruktion f\u00fcr geringere Erm\u00fcdung des [&hellip;]<\/p>\n","protected":false},"featured_media":137898,"comment_status":"open","ping_status":"closed","template":"","meta":{"_acf_changed":false,"_iconic_wsb_product_page_order_bump_ids":[[]],"_sku":[],"_iconic_wsb_product_page_bump_modal_ids":[[]]},"product_brand":[],"product_cat":[199,230,468,124],"product_tag":[],"class_list":{"0":"post-205093","1":"product","2":"type-product","3":"status-publish","4":"has-post-thumbnail","6":"product_cat-zamp-helme","7":"product_cat-nicht-kategorisiert","8":"product_cat-snell-2025","9":"product_cat-zamp-de","11":"first","12":"onbackorder","13":"taxable","14":"shipping-taxable","15":"purchasable","16":"product-type-variable"},"acf":[],"yoast_head":"<!-- This site is optimized with the Yoast SEO plugin v27.0 - https:\/\/yoast.com\/product\/yoast-seo-wordpress\/ -->\n<title>RZ 66C Carbon - Zamp Helmets | Helmet 28 EU<\/title>\n<meta name=\"description\" content=\"Zamp RZ-66C Helm \u2013 Carbon-Mix-Schale, DDAIR-SYSTEM K\u00fchlung, TRI-Tech Air System, Trinksystem-vorbereitet &amp; Snell SA2025 zertifiziert.\" \/>\n<meta name=\"robots\" content=\"index, follow, max-snippet:-1, max-image-preview:large, max-video-preview:-1\" \/>\n<link rel=\"canonical\" href=\"https:\/\/zamphelmets.co\/de\/produkt\/rz-66c-carbon\/\" \/>\n<meta property=\"og:locale\" content=\"de_DE\" \/>\n<meta property=\"og:type\" content=\"article\" \/>\n<meta property=\"og:title\" content=\"RZ 66C Carbon - Zamp Helmets | Helmet 28 EU\" \/>\n<meta property=\"og:description\" content=\"Zamp RZ-66C Helm \u2013 Carbon-Mix-Schale, DDAIR-SYSTEM K\u00fchlung, TRI-Tech Air System, Trinksystem-vorbereitet &amp; Snell SA2025 zertifiziert.\" \/>\n<meta property=\"og:url\" content=\"https:\/\/zamphelmets.co\/de\/produkt\/rz-66c-carbon\/\" \/>\n<meta property=\"og:site_name\" content=\"Zamp Helmets | Helmet 28 EU\" \/>\n<meta property=\"article:modified_time\" content=\"2026-03-03T10:56:57+00:00\" \/>\n<meta property=\"og:image\" content=\"https:\/\/zamphelmets.co\/wp-content\/uploads\/2025\/10\/123213.png\" \/>\n\t<meta property=\"og:image:width\" content=\"663\" \/>\n\t<meta property=\"og:image:height\" content=\"621\" \/>\n\t<meta property=\"og:image:type\" content=\"image\/png\" \/>\n<meta name=\"twitter:card\" content=\"summary_large_image\" \/>\n<meta name=\"twitter:label1\" content=\"Est. reading time\" \/>\n\t<meta name=\"twitter:data1\" content=\"1 Minute\" \/>\n<script type=\"application\/ld+json\" class=\"yoast-schema-graph\">{\"@context\":\"https:\/\/schema.org\",\"@graph\":[{\"@type\":\"WebPage\",\"@id\":\"https:\/\/zamphelmets.co\/de\/produkt\/rz-66c-carbon\/\",\"url\":\"https:\/\/zamphelmets.co\/de\/produkt\/rz-66c-carbon\/\",\"name\":\"RZ 66C Carbon - Zamp Helmets | Helmet 28 EU\",\"isPartOf\":{\"@id\":\"https:\/\/zamphelmets.co\/de\/#website\"},\"primaryImageOfPage\":{\"@id\":\"https:\/\/zamphelmets.co\/de\/produkt\/rz-66c-carbon\/#primaryimage\"},\"image\":{\"@id\":\"https:\/\/zamphelmets.co\/de\/produkt\/rz-66c-carbon\/#primaryimage\"},\"thumbnailUrl\":\"https:\/\/zamphelmets.co\/wp-content\/uploads\/2025\/10\/123213.png\",\"datePublished\":\"2025-10-29T15:13:59+00:00\",\"dateModified\":\"2026-03-03T10:56:57+00:00\",\"description\":\"Zamp RZ-66C Helm \u2013 Carbon-Mix-Schale, DDAIR-SYSTEM K\u00fchlung, TRI-Tech Air System, Trinksystem-vorbereitet & Snell SA2025 zertifiziert.\",\"breadcrumb\":{\"@id\":\"https:\/\/zamphelmets.co\/de\/produkt\/rz-66c-carbon\/#breadcrumb\"},\"inLanguage\":\"de-DE\",\"potentialAction\":[{\"@type\":\"ReadAction\",\"target\":[\"https:\/\/zamphelmets.co\/de\/produkt\/rz-66c-carbon\/\"]}]},{\"@type\":\"ImageObject\",\"inLanguage\":\"de-DE\",\"@id\":\"https:\/\/zamphelmets.co\/de\/produkt\/rz-66c-carbon\/#primaryimage\",\"url\":\"https:\/\/zamphelmets.co\/wp-content\/uploads\/2025\/10\/123213.png\",\"contentUrl\":\"https:\/\/zamphelmets.co\/wp-content\/uploads\/2025\/10\/123213.png\",\"width\":663,\"height\":621},{\"@type\":\"BreadcrumbList\",\"@id\":\"https:\/\/zamphelmets.co\/de\/produkt\/rz-66c-carbon\/#breadcrumb\",\"itemListElement\":[{\"@type\":\"ListItem\",\"position\":1,\"name\":\"Shop\",\"item\":\"https:\/\/zamphelmets.co\/de\/shop\/\"},{\"@type\":\"ListItem\",\"position\":2,\"name\":\"RZ 66C Carbon\"}]},{\"@type\":\"WebSite\",\"@id\":\"https:\/\/zamphelmets.co\/de\/#website\",\"url\":\"https:\/\/zamphelmets.co\/de\/\",\"name\":\"Zamp Helmets | Helmet 28 EU\",\"description\":\"High Quality Motorsport Helmets\",\"potentialAction\":[{\"@type\":\"SearchAction\",\"target\":{\"@type\":\"EntryPoint\",\"urlTemplate\":\"https:\/\/zamphelmets.co\/de\/?s={search_term_string}\"},\"query-input\":{\"@type\":\"PropertyValueSpecification\",\"valueRequired\":true,\"valueName\":\"search_term_string\"}}],\"inLanguage\":\"de-DE\"}]}<\/script>\n<!-- \/ Yoast SEO plugin. -->","yoast_head_json":{"title":"RZ 66C Carbon - Zamp Helmets | Helmet 28 EU","description":"Zamp RZ-66C Helm \u2013 Carbon-Mix-Schale, DDAIR-SYSTEM K\u00fchlung, TRI-Tech Air System, Trinksystem-vorbereitet & Snell SA2025 zertifiziert.","robots":{"index":"index","follow":"follow","max-snippet":"max-snippet:-1","max-image-preview":"max-image-preview:large","max-video-preview":"max-video-preview:-1"},"canonical":"https:\/\/zamphelmets.co\/de\/produkt\/rz-66c-carbon\/","og_locale":"de_DE","og_type":"article","og_title":"RZ 66C Carbon - Zamp Helmets | Helmet 28 EU","og_description":"Zamp RZ-66C Helm \u2013 Carbon-Mix-Schale, DDAIR-SYSTEM K\u00fchlung, TRI-Tech Air System, Trinksystem-vorbereitet & Snell SA2025 zertifiziert.","og_url":"https:\/\/zamphelmets.co\/de\/produkt\/rz-66c-carbon\/","og_site_name":"Zamp Helmets | Helmet 28 EU","article_modified_time":"2026-03-03T10:56:57+00:00","og_image":[{"width":663,"height":621,"url":"https:\/\/zamphelmets.co\/wp-content\/uploads\/2025\/10\/123213.png","type":"image\/png"}],"twitter_card":"summary_large_image","twitter_misc":{"Est. reading time":"1 Minute"},"schema":{"@context":"https:\/\/schema.org","@graph":[{"@type":"WebPage","@id":"https:\/\/zamphelmets.co\/de\/produkt\/rz-66c-carbon\/","url":"https:\/\/zamphelmets.co\/de\/produkt\/rz-66c-carbon\/","name":"RZ 66C Carbon - Zamp Helmets | Helmet 28 EU","isPartOf":{"@id":"https:\/\/zamphelmets.co\/de\/#website"},"primaryImageOfPage":{"@id":"https:\/\/zamphelmets.co\/de\/produkt\/rz-66c-carbon\/#primaryimage"},"image":{"@id":"https:\/\/zamphelmets.co\/de\/produkt\/rz-66c-carbon\/#primaryimage"},"thumbnailUrl":"https:\/\/zamphelmets.co\/wp-content\/uploads\/2025\/10\/123213.png","datePublished":"2025-10-29T15:13:59+00:00","dateModified":"2026-03-03T10:56:57+00:00","description":"Zamp RZ-66C Helm \u2013 Carbon-Mix-Schale, DDAIR-SYSTEM K\u00fchlung, TRI-Tech Air System, Trinksystem-vorbereitet & Snell SA2025 zertifiziert.","breadcrumb":{"@id":"https:\/\/zamphelmets.co\/de\/produkt\/rz-66c-carbon\/#breadcrumb"},"inLanguage":"de-DE","potentialAction":[{"@type":"ReadAction","target":["https:\/\/zamphelmets.co\/de\/produkt\/rz-66c-carbon\/"]}]},{"@type":"ImageObject","inLanguage":"de-DE","@id":"https:\/\/zamphelmets.co\/de\/produkt\/rz-66c-carbon\/#primaryimage","url":"https:\/\/zamphelmets.co\/wp-content\/uploads\/2025\/10\/123213.png","contentUrl":"https:\/\/zamphelmets.co\/wp-content\/uploads\/2025\/10\/123213.png","width":663,"height":621},{"@type":"BreadcrumbList","@id":"https:\/\/zamphelmets.co\/de\/produkt\/rz-66c-carbon\/#breadcrumb","itemListElement":[{"@type":"ListItem","position":1,"name":"Shop","item":"https:\/\/zamphelmets.co\/de\/shop\/"},{"@type":"ListItem","position":2,"name":"RZ 66C Carbon"}]},{"@type":"WebSite","@id":"https:\/\/zamphelmets.co\/de\/#website","url":"https:\/\/zamphelmets.co\/de\/","name":"Zamp Helmets | Helmet 28 EU","description":"High Quality Motorsport Helmets","potentialAction":[{"@type":"SearchAction","target":{"@type":"EntryPoint","urlTemplate":"https:\/\/zamphelmets.co\/de\/?s={search_term_string}"},"query-input":{"@type":"PropertyValueSpecification","valueRequired":true,"valueName":"search_term_string"}}],"inLanguage":"de-DE"}]}},"_links":{"self":[{"href":"https:\/\/zamphelmets.co\/de\/wp-json\/wp\/v2\/product\/205093","targetHints":{"allow":["GET"]}}],"collection":[{"href":"https:\/\/zamphelmets.co\/de\/wp-json\/wp\/v2\/product"}],"about":[{"href":"https:\/\/zamphelmets.co\/de\/wp-json\/wp\/v2\/types\/product"}],"replies":[{"embeddable":true,"href":"https:\/\/zamphelmets.co\/de\/wp-json\/wp\/v2\/comments?post=205093"}],"wp:featuredmedia":[{"embeddable":true,"href":"https:\/\/zamphelmets.co\/de\/wp-json\/wp\/v2\/media\/137898"}],"wp:attachment":[{"href":"https:\/\/zamphelmets.co\/de\/wp-json\/wp\/v2\/media?parent=205093"}],"wp:term":[{"taxonomy":"product_brand","embeddable":true,"href":"https:\/\/zamphelmets.co\/de\/wp-json\/wp\/v2\/product_brand?post=205093"},{"taxonomy":"product_cat","embeddable":true,"href":"https:\/\/zamphelmets.co\/de\/wp-json\/wp\/v2\/product_cat?post=205093"},{"taxonomy":"product_tag","embeddable":true,"href":"https:\/\/zamphelmets.co\/de\/wp-json\/wp\/v2\/product_tag?post=205093"}],"curies":[{"name":"wp","href":"https:\/\/api.w.org\/{rel}","templated":true}]}}