{"id":204945,"date":"2026-01-26T11:24:16","date_gmt":"2026-01-26T11:24:16","guid":{"rendered":"https:\/\/zamphelmets.co\/product\/unleash-rot\/"},"modified":"2026-02-27T11:17:07","modified_gmt":"2026-02-27T11:17:07","slug":"unleash-rot","status":"publish","type":"product","link":"https:\/\/zamphelmets.co\/de\/produkt\/unleash-rot\/","title":{"rendered":"UNLEASH &#8211; Rot"},"content":{"rendered":"<p data-start=\"561\" data-end=\"923\">Entwickelt mit <strong data-start=\"577\" data-end=\"595\">externen N\u00e4hten<\/strong>, einer <strong data-start=\"600\" data-end=\"628\">ergonomischen vorgeformten Passform<\/strong> und der charakteristischen <strong data-start=\"648\" data-end=\"665\">roten Fingerspitze<\/strong>, die 32Five auszeichnet, ist jedes Paar auf Leistung und Auff\u00e4lligkeit ausgelegt. Das leichte, atmungsaktive Obermaterial h\u00e4lt Ihre H\u00e4nde unter Druck k\u00fchl, w\u00e4hrend die fortschrittliche <strong data-start=\"831\" data-end=\"860\">DriveSkin-Handfl\u00e4chentechnologie<\/strong> ein unschlagbares Lenkgef\u00fchl, Pr\u00e4zision und Haltbarkeit gew\u00e4hrleistet. <\/p>\n<p data-start=\"925\" data-end=\"1081\">Aus Leidenschaft geboren und durch Leistung verfeinert, sind <strong data-start=\"976\" data-end=\"1038\">32Five Handschuhe zu einem Statement in der Karting-Welt geworden<\/strong> \u2013 und UNLEASH geht noch einen Schritt weiter.<\/p>\n<ul>\n<li data-start=\"1083\" data-end=\"1543\"><strong data-start=\"1085\" data-end=\"1103\">Externe N\u00e4hte<\/strong> \u2013 Minimieren Reibung und Druckpunkte f\u00fcr \u00fcberragenden Komfort und langanhaltende Haltbarkeit.<\/li>\n<li data-start=\"1083\" data-end=\"1543\"><strong data-start=\"1198\" data-end=\"1225\">Atmungsaktives Obermaterial<\/strong> \u2013 Leicht, weich und bel\u00fcftet f\u00fcr ganzt\u00e4gigen Komfort und lebendige, auff\u00e4llige Farben.<\/li>\n<li data-start=\"1083\" data-end=\"1543\"><strong data-start=\"1319\" data-end=\"1348\">DriveSkin-Handfl\u00e4chentechnologie<\/strong> \u2013 Fortschrittlicher Grip und taktile Kontrolle, entwickelt f\u00fcr hochintensives Karting.<\/li>\n<li data-start=\"1083\" data-end=\"1543\"><strong data-start=\"1429\" data-end=\"1457\">Vorgeformte ergonomische Passform<\/strong> \u2013 Unterst\u00fctzt die nat\u00fcrliche Handbewegung f\u00fcr verbesserte Pr\u00e4zision und Konzentration am Steuer.<\/li>\n<li data-start=\"1083\" data-end=\"1543\"><strong>Erh\u00e4ltlich in den Gr\u00f6\u00dfen XXXS bis Large<\/strong><\/li>\n<\/ul>\n<p data-start=\"1545\" data-end=\"1742\">Von der ikonischen roten Fingerspitze bis zu jedem sorgf\u00e4ltig gefertigten Detail sind die <strong data-start=\"1614\" data-end=\"1639\">32Five UNLEASH Handschuhe<\/strong> <strong data-start=\"1644\" data-end=\"1740\">Premium-Karting-Handschuhe, gebaut f\u00fcr Rennfahrer, die Kontrolle, Komfort und unverwechselbaren Stil fordern.<\/strong><\/p>\n<p data-start=\"1744\" data-end=\"1777\"><strong data-start=\"1744\" data-end=\"1777\">Folgen Sie dem Rot. Fahren Sie 32Five. <\/strong><\/p>\n<p data-start=\"1744\" data-end=\"1777\"><img decoding=\"async\" data-src=\"https:\/\/shop.32five.me\/cdn\/shop\/files\/32F-SizeGuide-25-V1.png?v=1751196689&amp;width=3840\" width=\"603\" height=\"324\" src=\"data:image\/svg+xml;base64,PHN2ZyB3aWR0aD0iMSIgaGVpZ2h0PSIxIiB4bWxucz0iaHR0cDovL3d3dy53My5vcmcvMjAwMC9zdmciPjwvc3ZnPg==\" class=\"lazyload\" style=\"--smush-placeholder-width: 603px; --smush-placeholder-aspect-ratio: 603\/324;\"><\/p>\n","protected":false},"excerpt":{"rendered":"<p>Entwickelt mit externen N\u00e4hten, einer ergonomischen vorgeformten Passform und der charakteristischen roten Fingerspitze, die 32Five auszeichnet, ist jedes Paar auf Leistung und Auff\u00e4lligkeit ausgelegt. Das leichte, atmungsaktive Obermaterial h\u00e4lt Ihre H\u00e4nde unter Druck k\u00fchl, w\u00e4hrend die fortschrittliche DriveSkin-Handfl\u00e4chentechnologie ein unschlagbares Lenkgef\u00fchl, Pr\u00e4zision und Haltbarkeit gew\u00e4hrleistet. Aus Leidenschaft geboren und durch Leistung verfeinert, sind 32Five Handschuhe [&hellip;]<\/p>\n","protected":false},"featured_media":189844,"comment_status":"open","ping_status":"closed","template":"","meta":{"_acf_changed":false,"_iconic_wsb_product_page_order_bump_ids":[[]],"_sku":[],"_iconic_wsb_product_page_bump_modal_ids":[[]]},"product_brand":[],"product_cat":[478,173,172],"product_tag":[],"class_list":{"0":"post-204945","1":"product","2":"type-product","3":"status-publish","4":"has-post-thumbnail","6":"product_cat-32five","7":"product_cat-handschuhe","8":"product_cat-schutz-kleidung","10":"first","11":"instock","12":"taxable","13":"shipping-taxable","14":"purchasable","15":"product-type-variable"},"acf":[],"yoast_head":"<!-- This site is optimized with the Yoast SEO plugin v27.0 - https:\/\/yoast.com\/product\/yoast-seo-wordpress\/ -->\n<title>UNLEASH - Rot - Premium Karting-Handschuhe<\/title>\n<meta name=\"robots\" content=\"index, follow, max-snippet:-1, max-image-preview:large, max-video-preview:-1\" \/>\n<link rel=\"canonical\" href=\"https:\/\/zamphelmets.co\/de\/produkt\/unleash-rot\/\" \/>\n<meta property=\"og:locale\" content=\"de_DE\" \/>\n<meta property=\"og:type\" content=\"article\" \/>\n<meta property=\"og:title\" content=\"UNLEASH - Rot - Premium Karting-Handschuhe\" \/>\n<meta property=\"og:description\" content=\"Entwickelt mit externen N\u00e4hten, einer ergonomischen vorgeformten Passform und der charakteristischen roten Fingerspitze, die 32Five auszeichnet, ist jedes Paar auf Leistung und Auff\u00e4lligkeit ausgelegt. Das leichte, atmungsaktive Obermaterial h\u00e4lt Ihre H\u00e4nde unter Druck k\u00fchl, w\u00e4hrend die fortschrittliche DriveSkin-Handfl\u00e4chentechnologie ein unschlagbares Lenkgef\u00fchl, Pr\u00e4zision und Haltbarkeit gew\u00e4hrleistet. Aus Leidenschaft geboren und durch Leistung verfeinert, sind 32Five Handschuhe [&hellip;]\" \/>\n<meta property=\"og:url\" content=\"https:\/\/zamphelmets.co\/de\/produkt\/unleash-rot\/\" \/>\n<meta property=\"og:site_name\" content=\"Zamp Helmets | Helmet 28 EU\" \/>\n<meta property=\"article:modified_time\" content=\"2026-02-27T11:17:07+00:00\" \/>\n<meta property=\"og:image\" content=\"https:\/\/zamphelmets.co\/wp-content\/uploads\/2026\/01\/unleash_red.jpeg\" \/>\n\t<meta property=\"og:image:width\" content=\"978\" \/>\n\t<meta property=\"og:image:height\" content=\"1000\" \/>\n\t<meta property=\"og:image:type\" content=\"image\/jpeg\" \/>\n<meta name=\"twitter:card\" content=\"summary_large_image\" \/>\n<meta name=\"twitter:label1\" content=\"Est. reading time\" \/>\n\t<meta name=\"twitter:data1\" content=\"1 Minute\" \/>\n<script type=\"application\/ld+json\" class=\"yoast-schema-graph\">{\"@context\":\"https:\/\/schema.org\",\"@graph\":[{\"@type\":\"WebPage\",\"@id\":\"https:\/\/zamphelmets.co\/de\/produkt\/unleash-rot\/\",\"url\":\"https:\/\/zamphelmets.co\/de\/produkt\/unleash-rot\/\",\"name\":\"UNLEASH - Rot - Premium Karting-Handschuhe\",\"isPartOf\":{\"@id\":\"https:\/\/zamphelmets.co\/de\/#website\"},\"primaryImageOfPage\":{\"@id\":\"https:\/\/zamphelmets.co\/de\/produkt\/unleash-rot\/#primaryimage\"},\"image\":{\"@id\":\"https:\/\/zamphelmets.co\/de\/produkt\/unleash-rot\/#primaryimage\"},\"thumbnailUrl\":\"https:\/\/zamphelmets.co\/wp-content\/uploads\/2026\/01\/unleash_red.jpeg\",\"datePublished\":\"2026-01-26T11:24:16+00:00\",\"dateModified\":\"2026-02-27T11:17:07+00:00\",\"breadcrumb\":{\"@id\":\"https:\/\/zamphelmets.co\/de\/produkt\/unleash-rot\/#breadcrumb\"},\"inLanguage\":\"de-DE\",\"potentialAction\":[{\"@type\":\"ReadAction\",\"target\":[\"https:\/\/zamphelmets.co\/de\/produkt\/unleash-rot\/\"]}]},{\"@type\":\"ImageObject\",\"inLanguage\":\"de-DE\",\"@id\":\"https:\/\/zamphelmets.co\/de\/produkt\/unleash-rot\/#primaryimage\",\"url\":\"https:\/\/zamphelmets.co\/wp-content\/uploads\/2026\/01\/unleash_red.jpeg\",\"contentUrl\":\"https:\/\/zamphelmets.co\/wp-content\/uploads\/2026\/01\/unleash_red.jpeg\",\"width\":978,\"height\":1000},{\"@type\":\"BreadcrumbList\",\"@id\":\"https:\/\/zamphelmets.co\/de\/produkt\/unleash-rot\/#breadcrumb\",\"itemListElement\":[{\"@type\":\"ListItem\",\"position\":1,\"name\":\"Shop\",\"item\":\"https:\/\/zamphelmets.co\/de\/shop\/\"},{\"@type\":\"ListItem\",\"position\":2,\"name\":\"UNLEASH &#8211; Rot\"}]},{\"@type\":\"WebSite\",\"@id\":\"https:\/\/zamphelmets.co\/de\/#website\",\"url\":\"https:\/\/zamphelmets.co\/de\/\",\"name\":\"Zamp Helmets | Helmet 28 EU\",\"description\":\"High Quality Motorsport Helmets\",\"potentialAction\":[{\"@type\":\"SearchAction\",\"target\":{\"@type\":\"EntryPoint\",\"urlTemplate\":\"https:\/\/zamphelmets.co\/de\/?s={search_term_string}\"},\"query-input\":{\"@type\":\"PropertyValueSpecification\",\"valueRequired\":true,\"valueName\":\"search_term_string\"}}],\"inLanguage\":\"de-DE\"}]}<\/script>\n<!-- \/ Yoast SEO plugin. -->","yoast_head_json":{"title":"UNLEASH - Rot - Premium Karting-Handschuhe","robots":{"index":"index","follow":"follow","max-snippet":"max-snippet:-1","max-image-preview":"max-image-preview:large","max-video-preview":"max-video-preview:-1"},"canonical":"https:\/\/zamphelmets.co\/de\/produkt\/unleash-rot\/","og_locale":"de_DE","og_type":"article","og_title":"UNLEASH - Rot - Premium Karting-Handschuhe","og_description":"Entwickelt mit externen N\u00e4hten, einer ergonomischen vorgeformten Passform und der charakteristischen roten Fingerspitze, die 32Five auszeichnet, ist jedes Paar auf Leistung und Auff\u00e4lligkeit ausgelegt. Das leichte, atmungsaktive Obermaterial h\u00e4lt Ihre H\u00e4nde unter Druck k\u00fchl, w\u00e4hrend die fortschrittliche DriveSkin-Handfl\u00e4chentechnologie ein unschlagbares Lenkgef\u00fchl, Pr\u00e4zision und Haltbarkeit gew\u00e4hrleistet. Aus Leidenschaft geboren und durch Leistung verfeinert, sind 32Five Handschuhe [&hellip;]","og_url":"https:\/\/zamphelmets.co\/de\/produkt\/unleash-rot\/","og_site_name":"Zamp Helmets | Helmet 28 EU","article_modified_time":"2026-02-27T11:17:07+00:00","og_image":[{"width":978,"height":1000,"url":"https:\/\/zamphelmets.co\/wp-content\/uploads\/2026\/01\/unleash_red.jpeg","type":"image\/jpeg"}],"twitter_card":"summary_large_image","twitter_misc":{"Est. reading time":"1 Minute"},"schema":{"@context":"https:\/\/schema.org","@graph":[{"@type":"WebPage","@id":"https:\/\/zamphelmets.co\/de\/produkt\/unleash-rot\/","url":"https:\/\/zamphelmets.co\/de\/produkt\/unleash-rot\/","name":"UNLEASH - Rot - Premium Karting-Handschuhe","isPartOf":{"@id":"https:\/\/zamphelmets.co\/de\/#website"},"primaryImageOfPage":{"@id":"https:\/\/zamphelmets.co\/de\/produkt\/unleash-rot\/#primaryimage"},"image":{"@id":"https:\/\/zamphelmets.co\/de\/produkt\/unleash-rot\/#primaryimage"},"thumbnailUrl":"https:\/\/zamphelmets.co\/wp-content\/uploads\/2026\/01\/unleash_red.jpeg","datePublished":"2026-01-26T11:24:16+00:00","dateModified":"2026-02-27T11:17:07+00:00","breadcrumb":{"@id":"https:\/\/zamphelmets.co\/de\/produkt\/unleash-rot\/#breadcrumb"},"inLanguage":"de-DE","potentialAction":[{"@type":"ReadAction","target":["https:\/\/zamphelmets.co\/de\/produkt\/unleash-rot\/"]}]},{"@type":"ImageObject","inLanguage":"de-DE","@id":"https:\/\/zamphelmets.co\/de\/produkt\/unleash-rot\/#primaryimage","url":"https:\/\/zamphelmets.co\/wp-content\/uploads\/2026\/01\/unleash_red.jpeg","contentUrl":"https:\/\/zamphelmets.co\/wp-content\/uploads\/2026\/01\/unleash_red.jpeg","width":978,"height":1000},{"@type":"BreadcrumbList","@id":"https:\/\/zamphelmets.co\/de\/produkt\/unleash-rot\/#breadcrumb","itemListElement":[{"@type":"ListItem","position":1,"name":"Shop","item":"https:\/\/zamphelmets.co\/de\/shop\/"},{"@type":"ListItem","position":2,"name":"UNLEASH &#8211; Rot"}]},{"@type":"WebSite","@id":"https:\/\/zamphelmets.co\/de\/#website","url":"https:\/\/zamphelmets.co\/de\/","name":"Zamp Helmets | Helmet 28 EU","description":"High Quality Motorsport Helmets","potentialAction":[{"@type":"SearchAction","target":{"@type":"EntryPoint","urlTemplate":"https:\/\/zamphelmets.co\/de\/?s={search_term_string}"},"query-input":{"@type":"PropertyValueSpecification","valueRequired":true,"valueName":"search_term_string"}}],"inLanguage":"de-DE"}]}},"_links":{"self":[{"href":"https:\/\/zamphelmets.co\/de\/wp-json\/wp\/v2\/product\/204945","targetHints":{"allow":["GET"]}}],"collection":[{"href":"https:\/\/zamphelmets.co\/de\/wp-json\/wp\/v2\/product"}],"about":[{"href":"https:\/\/zamphelmets.co\/de\/wp-json\/wp\/v2\/types\/product"}],"replies":[{"embeddable":true,"href":"https:\/\/zamphelmets.co\/de\/wp-json\/wp\/v2\/comments?post=204945"}],"wp:featuredmedia":[{"embeddable":true,"href":"https:\/\/zamphelmets.co\/de\/wp-json\/wp\/v2\/media\/189844"}],"wp:attachment":[{"href":"https:\/\/zamphelmets.co\/de\/wp-json\/wp\/v2\/media?parent=204945"}],"wp:term":[{"taxonomy":"product_brand","embeddable":true,"href":"https:\/\/zamphelmets.co\/de\/wp-json\/wp\/v2\/product_brand?post=204945"},{"taxonomy":"product_cat","embeddable":true,"href":"https:\/\/zamphelmets.co\/de\/wp-json\/wp\/v2\/product_cat?post=204945"},{"taxonomy":"product_tag","embeddable":true,"href":"https:\/\/zamphelmets.co\/de\/wp-json\/wp\/v2\/product_tag?post=204945"}],"curies":[{"name":"wp","href":"https:\/\/api.w.org\/{rel}","templated":true}]}}