{"id":204735,"date":"2025-05-14T11:49:47","date_gmt":"2025-05-14T11:49:47","guid":{"rendered":"https:\/\/zamphelmets.co\/product\/rz-48-youth-carbon-blau\/"},"modified":"2026-03-17T18:51:09","modified_gmt":"2026-03-17T18:51:09","slug":"rz-48-youth-carbon-blau","status":"publish","type":"product","link":"https:\/\/zamphelmets.co\/de\/produkt\/rz-48-youth-carbon-blau\/","title":{"rendered":"RZ 48 Youth Carbon Blau"},"content":{"rendered":"<p data-start=\"149\" data-end=\"248\"><strong data-start=\"149\" data-end=\"248\">Wir pr\u00e4sentieren den Zamp RZ-48Y Youth Carbon Helm \u2013 der leichteste Jugend-Karthelm auf dem Markt<\/strong><\/p>\n<p data-start=\"250\" data-end=\"516\">Der brandneue <strong data-start=\"304\" data-end=\"339\">Zamp RZ-48Y Youth Carbon Helm<\/strong> wurde f\u00fcr Leistung und Komfort entwickelt. Mit nur <strong data-start=\"407\" data-end=\"420\">1050 g +\/-<\/strong> ist er einer der leichtesten Jugend-Karthelme auf dem Markt und die ultimative Wahl f\u00fcr junge Rennfahrer, die erstklassigen Schutz ohne unn\u00f6tiges Gewicht suchen.<\/p>\n<p data-start=\"518\" data-end=\"865\">Dieser auf Geschwindigkeit, Sicherheit und markanten Stil ausgelegte Helm verf\u00fcgt \u00fcber eine <strong data-start=\"586\" data-end=\"621\">hochwertige Carbonfaser-Schale<\/strong> f\u00fcr au\u00dfergew\u00f6hnliche Festigkeit und Gewichtsreduzierung. Der RZ-48Y wurde speziell f\u00fcr Nachwuchsfahrer entwickelt, entspricht vollst\u00e4ndig der <strong data-start=\"737\" data-end=\"754\">CMR2016<\/strong>-Homologation und bringt Premium-Technologie aus dem Zamp-Erwachsenensortiment in ein kleineres, rennbereites Paket. <\/p>\n<p data-start=\"980\" data-end=\"1176\">Egal, ob Sie um das Podium k\u00e4mpfen oder Ihre Kart-Karriere starten, der RZ-48Y bietet Elite-Performance und ganzt\u00e4gigen Komfort mit Stil \u2013 wahlweise im Standard-Carbon-Design oder in zwei vorlackierten Grafiken.<\/p>\n<p data-start=\"1178\" data-end=\"1195\"><strong data-start=\"1178\" data-end=\"1195\">Hauptmerkmale:<\/strong><\/p>\n<ul>\n<li data-start=\"1198\" data-end=\"1269\"><strong data-start=\"1198\" data-end=\"1232\">Ultraleichte Carbon-Schale<\/strong> \u2013 ca. 1050 g +\/- (gr\u00f6\u00dfenabh\u00e4ngig) <\/li>\n<li data-start=\"1272\" data-end=\"1341\"><strong data-start=\"1272\" data-end=\"1314\">Speziell f\u00fcr junge Rennfahrer entwickelt<\/strong> mit CMR2016-Zertifizierung<\/li>\n<li data-start=\"1344\" data-end=\"1415\"><strong data-start=\"1344\" data-end=\"1381\">Premium-Carbonfaser-Konstruktion<\/strong> f\u00fcr ein hohes Festigkeits-Gewichts-Verh\u00e4ltnis<\/li>\n<li data-start=\"1418\" data-end=\"1480\"><strong data-start=\"1418\" data-end=\"1462\">Herausnehmbares, waschbares und feuerhemmendes Innenfutter<\/strong> f\u00fcr einfache Reinigung<\/li>\n<li data-start=\"1483\" data-end=\"1537\"><strong data-start=\"1483\" data-end=\"1517\">2,5 mm klares Visier der Z-20 Serie<\/strong> mit Abrei\u00dfvisier-Halterungen<\/li>\n<li data-start=\"1540\" data-end=\"1611\"><strong data-start=\"1540\" data-end=\"1571\">Fortschrittliches Bel\u00fcftungssystem<\/strong> mit Bel\u00fcftungs\u00f6ffnungen an Oberseite und Kinn f\u00fcr optimalen Luftstrom<\/li>\n<li data-start=\"1742\" data-end=\"1796\">Verf\u00fcgbar in Jugendgr\u00f6\u00dfen: 52 cm, 54 cm, 56 cm, 57 cm, 59 cm<\/li>\n<\/ul>\n<p>Die Schalengr\u00f6\u00dfe unserer Jugendhelme ist etwas kleiner als die unserer Standard-Erwachsenenhelme. Wir empfehlen Ihnen daher, so genau wie m\u00f6glich zu messen und im Zweifelsfall bei diesem Modell die n\u00e4chstgr\u00f6\u00dfere Nummer zu w\u00e4hlen. <\/p>\n<p><strong>Unsicher bei der Gr\u00f6\u00dfenbestimmung? <\/strong><a href=\"https:\/\/form.jotform.com\/251263198513053\">F\u00fcllen Sie unser Gr\u00f6\u00dfenformular aus<\/a> und ein Mitglied unseres Teams wird sich mit unseren Empfehlungen bei Ihnen melden.<\/p>\n<p><img decoding=\"async\" class=\"alignnone wp-image-202049 lazyload\" data-src=\"https:\/\/zamphelmets.co\/wp-content\/uploads\/2025\/05\/Zamp-Helmets-sizing-guide-scaled.png\" alt=\"\" width=\"518\" height=\"518\" data-srcset=\"https:\/\/zamphelmets.co\/wp-content\/uploads\/2025\/05\/Zamp-Helmets-sizing-guide-scaled.png 2560w, https:\/\/zamphelmets.co\/wp-content\/uploads\/2025\/05\/Zamp-Helmets-sizing-guide-300x300.png 300w, https:\/\/zamphelmets.co\/wp-content\/uploads\/2025\/05\/Zamp-Helmets-sizing-guide-1024x1024.png 1024w, https:\/\/zamphelmets.co\/wp-content\/uploads\/2025\/05\/Zamp-Helmets-sizing-guide-150x150.png 150w, https:\/\/zamphelmets.co\/wp-content\/uploads\/2025\/05\/Zamp-Helmets-sizing-guide-768x768.png 768w, https:\/\/zamphelmets.co\/wp-content\/uploads\/2025\/05\/Zamp-Helmets-sizing-guide-1536x1536.png 1536w, https:\/\/zamphelmets.co\/wp-content\/uploads\/2025\/05\/Zamp-Helmets-sizing-guide-2048x2048.png 2048w, https:\/\/zamphelmets.co\/wp-content\/uploads\/2025\/05\/Zamp-Helmets-sizing-guide-600x600.png 600w, https:\/\/zamphelmets.co\/wp-content\/uploads\/2025\/05\/Zamp-Helmets-sizing-guide-100x100.png 100w\" data-sizes=\"(max-width: 518px) 100vw, 518px\" src=\"data:image\/svg+xml;base64,PHN2ZyB3aWR0aD0iMSIgaGVpZ2h0PSIxIiB4bWxucz0iaHR0cDovL3d3dy53My5vcmcvMjAwMC9zdmciPjwvc3ZnPg==\" style=\"--smush-placeholder-width: 518px; --smush-placeholder-aspect-ratio: 518\/518;\" \/><\/p>\n","protected":false},"excerpt":{"rendered":"<p>Wir pr\u00e4sentieren den Zamp RZ-48Y Youth Carbon Helm \u2013 der leichteste Jugend-Karthelm auf dem Markt Der brandneue Zamp RZ-48Y Youth Carbon Helm wurde f\u00fcr Leistung und Komfort entwickelt. Mit nur 1050 g +\/- ist er einer der leichtesten Jugend-Karthelme auf dem Markt und die ultimative Wahl f\u00fcr junge Rennfahrer, die erstklassigen Schutz ohne unn\u00f6tiges Gewicht [&hellip;]<\/p>\n","protected":false},"featured_media":63000,"comment_status":"open","ping_status":"closed","template":"","meta":{"_acf_changed":false,"_iconic_wsb_product_page_order_bump_ids":[[]],"_sku":["HE785C04"],"_iconic_wsb_product_page_bump_modal_ids":[[]]},"product_brand":[],"product_cat":[199,277,124],"product_tag":[],"class_list":{"0":"post-204735","1":"product","2":"type-product","3":"status-publish","4":"has-post-thumbnail","6":"product_cat-zamp-helme","7":"product_cat-jugend-cmr-2016","8":"product_cat-zamp-de","10":"first","11":"instock","12":"taxable","13":"shipping-taxable","14":"purchasable","15":"product-type-variable"},"acf":[],"yoast_head":"<!-- This site is optimized with the Yoast SEO plugin v27.0 - https:\/\/yoast.com\/product\/yoast-seo-wordpress\/ -->\n<title>RZ 48 Youth Carbon Blau - Zamp Helmets | Helmet 28 EU<\/title>\n<meta name=\"description\" content=\"Entdecken Sie den brandneuen Zamp RZ-48Y Youth Carbon Helm: Mit nur 1050 g einer der leichtesten CMR2016-zugelassenen Karthelme. Carbonfaser-Schale, erstklassige Passform.\" \/>\n<meta name=\"robots\" content=\"index, follow, max-snippet:-1, max-image-preview:large, max-video-preview:-1\" \/>\n<link rel=\"canonical\" href=\"https:\/\/zamphelmets.co\/de\/produkt\/rz-48-youth-carbon-blau\/\" \/>\n<meta property=\"og:locale\" content=\"de_DE\" \/>\n<meta property=\"og:type\" content=\"article\" \/>\n<meta property=\"og:title\" content=\"RZ 48 Youth Carbon Blau - Zamp Helmets | Helmet 28 EU\" \/>\n<meta property=\"og:description\" content=\"Entdecken Sie den brandneuen Zamp RZ-48Y Youth Carbon Helm: Mit nur 1050 g einer der leichtesten CMR2016-zugelassenen Karthelme. Carbonfaser-Schale, erstklassige Passform.\" \/>\n<meta property=\"og:url\" content=\"https:\/\/zamphelmets.co\/de\/produkt\/rz-48-youth-carbon-blau\/\" \/>\n<meta property=\"og:site_name\" content=\"Zamp Helmets | Helmet 28 EU\" \/>\n<meta property=\"article:modified_time\" content=\"2026-03-17T18:51:09+00:00\" \/>\n<meta property=\"og:image\" content=\"https:\/\/zamphelmets.co\/wp-content\/uploads\/2025\/05\/48y20blue.jpg\" \/>\n\t<meta property=\"og:image:width\" content=\"1000\" \/>\n\t<meta property=\"og:image:height\" content=\"1000\" \/>\n\t<meta property=\"og:image:type\" content=\"image\/jpeg\" \/>\n<meta name=\"twitter:card\" content=\"summary_large_image\" \/>\n<meta name=\"twitter:label1\" content=\"Est. reading time\" \/>\n\t<meta name=\"twitter:data1\" content=\"1 Minute\" \/>\n<script type=\"application\/ld+json\" class=\"yoast-schema-graph\">{\"@context\":\"https:\/\/schema.org\",\"@graph\":[{\"@type\":\"WebPage\",\"@id\":\"https:\/\/zamphelmets.co\/de\/produkt\/rz-48-youth-carbon-blau\/\",\"url\":\"https:\/\/zamphelmets.co\/de\/produkt\/rz-48-youth-carbon-blau\/\",\"name\":\"RZ 48 Youth Carbon Blau - Zamp Helmets | Helmet 28 EU\",\"isPartOf\":{\"@id\":\"https:\/\/zamphelmets.co\/de\/#website\"},\"primaryImageOfPage\":{\"@id\":\"https:\/\/zamphelmets.co\/de\/produkt\/rz-48-youth-carbon-blau\/#primaryimage\"},\"image\":{\"@id\":\"https:\/\/zamphelmets.co\/de\/produkt\/rz-48-youth-carbon-blau\/#primaryimage\"},\"thumbnailUrl\":\"https:\/\/zamphelmets.co\/wp-content\/uploads\/2025\/05\/48y20blue.jpg\",\"datePublished\":\"2025-05-14T11:49:47+00:00\",\"dateModified\":\"2026-03-17T18:51:09+00:00\",\"description\":\"Entdecken Sie den brandneuen Zamp RZ-48Y Youth Carbon Helm: Mit nur 1050 g einer der leichtesten CMR2016-zugelassenen Karthelme. Carbonfaser-Schale, erstklassige Passform.\",\"breadcrumb\":{\"@id\":\"https:\/\/zamphelmets.co\/de\/produkt\/rz-48-youth-carbon-blau\/#breadcrumb\"},\"inLanguage\":\"de-DE\",\"potentialAction\":[{\"@type\":\"ReadAction\",\"target\":[\"https:\/\/zamphelmets.co\/de\/produkt\/rz-48-youth-carbon-blau\/\"]}]},{\"@type\":\"ImageObject\",\"inLanguage\":\"de-DE\",\"@id\":\"https:\/\/zamphelmets.co\/de\/produkt\/rz-48-youth-carbon-blau\/#primaryimage\",\"url\":\"https:\/\/zamphelmets.co\/wp-content\/uploads\/2025\/05\/48y20blue.jpg\",\"contentUrl\":\"https:\/\/zamphelmets.co\/wp-content\/uploads\/2025\/05\/48y20blue.jpg\",\"width\":1000,\"height\":1000},{\"@type\":\"BreadcrumbList\",\"@id\":\"https:\/\/zamphelmets.co\/de\/produkt\/rz-48-youth-carbon-blau\/#breadcrumb\",\"itemListElement\":[{\"@type\":\"ListItem\",\"position\":1,\"name\":\"Shop\",\"item\":\"https:\/\/zamphelmets.co\/de\/shop\/\"},{\"@type\":\"ListItem\",\"position\":2,\"name\":\"RZ 48 Youth Carbon Blau\"}]},{\"@type\":\"WebSite\",\"@id\":\"https:\/\/zamphelmets.co\/de\/#website\",\"url\":\"https:\/\/zamphelmets.co\/de\/\",\"name\":\"Zamp Helmets | Helmet 28 EU\",\"description\":\"High Quality Motorsport Helmets\",\"potentialAction\":[{\"@type\":\"SearchAction\",\"target\":{\"@type\":\"EntryPoint\",\"urlTemplate\":\"https:\/\/zamphelmets.co\/de\/?s={search_term_string}\"},\"query-input\":{\"@type\":\"PropertyValueSpecification\",\"valueRequired\":true,\"valueName\":\"search_term_string\"}}],\"inLanguage\":\"de-DE\"}]}<\/script>\n<!-- \/ Yoast SEO plugin. -->","yoast_head_json":{"title":"RZ 48 Youth Carbon Blau - Zamp Helmets | Helmet 28 EU","description":"Entdecken Sie den brandneuen Zamp RZ-48Y Youth Carbon Helm: Mit nur 1050 g einer der leichtesten CMR2016-zugelassenen Karthelme. Carbonfaser-Schale, erstklassige Passform.","robots":{"index":"index","follow":"follow","max-snippet":"max-snippet:-1","max-image-preview":"max-image-preview:large","max-video-preview":"max-video-preview:-1"},"canonical":"https:\/\/zamphelmets.co\/de\/produkt\/rz-48-youth-carbon-blau\/","og_locale":"de_DE","og_type":"article","og_title":"RZ 48 Youth Carbon Blau - Zamp Helmets | Helmet 28 EU","og_description":"Entdecken Sie den brandneuen Zamp RZ-48Y Youth Carbon Helm: Mit nur 1050 g einer der leichtesten CMR2016-zugelassenen Karthelme. Carbonfaser-Schale, erstklassige Passform.","og_url":"https:\/\/zamphelmets.co\/de\/produkt\/rz-48-youth-carbon-blau\/","og_site_name":"Zamp Helmets | Helmet 28 EU","article_modified_time":"2026-03-17T18:51:09+00:00","og_image":[{"width":1000,"height":1000,"url":"https:\/\/zamphelmets.co\/wp-content\/uploads\/2025\/05\/48y20blue.jpg","type":"image\/jpeg"}],"twitter_card":"summary_large_image","twitter_misc":{"Est. reading time":"1 Minute"},"schema":{"@context":"https:\/\/schema.org","@graph":[{"@type":"WebPage","@id":"https:\/\/zamphelmets.co\/de\/produkt\/rz-48-youth-carbon-blau\/","url":"https:\/\/zamphelmets.co\/de\/produkt\/rz-48-youth-carbon-blau\/","name":"RZ 48 Youth Carbon Blau - Zamp Helmets | Helmet 28 EU","isPartOf":{"@id":"https:\/\/zamphelmets.co\/de\/#website"},"primaryImageOfPage":{"@id":"https:\/\/zamphelmets.co\/de\/produkt\/rz-48-youth-carbon-blau\/#primaryimage"},"image":{"@id":"https:\/\/zamphelmets.co\/de\/produkt\/rz-48-youth-carbon-blau\/#primaryimage"},"thumbnailUrl":"https:\/\/zamphelmets.co\/wp-content\/uploads\/2025\/05\/48y20blue.jpg","datePublished":"2025-05-14T11:49:47+00:00","dateModified":"2026-03-17T18:51:09+00:00","description":"Entdecken Sie den brandneuen Zamp RZ-48Y Youth Carbon Helm: Mit nur 1050 g einer der leichtesten CMR2016-zugelassenen Karthelme. Carbonfaser-Schale, erstklassige Passform.","breadcrumb":{"@id":"https:\/\/zamphelmets.co\/de\/produkt\/rz-48-youth-carbon-blau\/#breadcrumb"},"inLanguage":"de-DE","potentialAction":[{"@type":"ReadAction","target":["https:\/\/zamphelmets.co\/de\/produkt\/rz-48-youth-carbon-blau\/"]}]},{"@type":"ImageObject","inLanguage":"de-DE","@id":"https:\/\/zamphelmets.co\/de\/produkt\/rz-48-youth-carbon-blau\/#primaryimage","url":"https:\/\/zamphelmets.co\/wp-content\/uploads\/2025\/05\/48y20blue.jpg","contentUrl":"https:\/\/zamphelmets.co\/wp-content\/uploads\/2025\/05\/48y20blue.jpg","width":1000,"height":1000},{"@type":"BreadcrumbList","@id":"https:\/\/zamphelmets.co\/de\/produkt\/rz-48-youth-carbon-blau\/#breadcrumb","itemListElement":[{"@type":"ListItem","position":1,"name":"Shop","item":"https:\/\/zamphelmets.co\/de\/shop\/"},{"@type":"ListItem","position":2,"name":"RZ 48 Youth Carbon Blau"}]},{"@type":"WebSite","@id":"https:\/\/zamphelmets.co\/de\/#website","url":"https:\/\/zamphelmets.co\/de\/","name":"Zamp Helmets | Helmet 28 EU","description":"High Quality Motorsport Helmets","potentialAction":[{"@type":"SearchAction","target":{"@type":"EntryPoint","urlTemplate":"https:\/\/zamphelmets.co\/de\/?s={search_term_string}"},"query-input":{"@type":"PropertyValueSpecification","valueRequired":true,"valueName":"search_term_string"}}],"inLanguage":"de-DE"}]}},"_links":{"self":[{"href":"https:\/\/zamphelmets.co\/de\/wp-json\/wp\/v2\/product\/204735","targetHints":{"allow":["GET"]}}],"collection":[{"href":"https:\/\/zamphelmets.co\/de\/wp-json\/wp\/v2\/product"}],"about":[{"href":"https:\/\/zamphelmets.co\/de\/wp-json\/wp\/v2\/types\/product"}],"replies":[{"embeddable":true,"href":"https:\/\/zamphelmets.co\/de\/wp-json\/wp\/v2\/comments?post=204735"}],"wp:featuredmedia":[{"embeddable":true,"href":"https:\/\/zamphelmets.co\/de\/wp-json\/wp\/v2\/media\/63000"}],"wp:attachment":[{"href":"https:\/\/zamphelmets.co\/de\/wp-json\/wp\/v2\/media?parent=204735"}],"wp:term":[{"taxonomy":"product_brand","embeddable":true,"href":"https:\/\/zamphelmets.co\/de\/wp-json\/wp\/v2\/product_brand?post=204735"},{"taxonomy":"product_cat","embeddable":true,"href":"https:\/\/zamphelmets.co\/de\/wp-json\/wp\/v2\/product_cat?post=204735"},{"taxonomy":"product_tag","embeddable":true,"href":"https:\/\/zamphelmets.co\/de\/wp-json\/wp\/v2\/product_tag?post=204735"}],"curies":[{"name":"wp","href":"https:\/\/api.w.org\/{rel}","templated":true}]}}