{"id":204324,"date":"2025-10-29T15:14:31","date_gmt":"2025-10-29T15:14:31","guid":{"rendered":"https:\/\/zamphelmets.co\/product\/rz-67d-carbon-grey\/"},"modified":"2026-03-03T10:54:54","modified_gmt":"2026-03-03T10:54:54","slug":"rz-67d-carbon-grey","status":"publish","type":"product","link":"https:\/\/zamphelmets.co\/de\/produkt\/rz-67d-carbon-grey\/","title":{"rendered":"RZ 67D Carbon Grey"},"content":{"rendered":"<p>Der brandneue <strong data-start=\"336\" data-end=\"351\">Zamp RZ-67D<\/strong> setzt einen neuen Standard f\u00fcr Premium-Dirt-Racing-Helme \u2013 entwickelt f\u00fcr Fahrer, die h\u00f6chsten Komfort, \u00fcberlegenen Luftstrom und kompromisslose Performance selbst unter h\u00e4rtesten Rennbedingungen verlangen. Mit fortschrittlicher Bel\u00fcftung, staubresistentem Schutz und Zamps bislang innovativstem Luftsystem h\u00e4lt der RZ-67D Sie von Start bis Ziel k\u00fchl, klar und fokussiert. <\/p>\n<p><b> Hauptmerkmale:<\/b><\/p>\n<ul>\n<li style=\"font-weight: 400;\" aria-level=\"1\"><b>DDAIR-SYSTEM<\/b><span style=\"font-weight: 400;\"> \u2013 Neues <\/span><b>360\u00b0 Dual-Density-Air-Channeling<\/b><span style=\"font-weight: 400;\"> f\u00fcr \u00fcberlegene Zwangsluftk\u00fchlung<\/span><\/li>\n<li style=\"font-weight: 400;\" aria-level=\"1\"><b>Large-Weave-Carbon-Mix-Schale<\/b><span style=\"font-weight: 400;\"> \u2013 Ultraleicht &amp; langlebig<\/span><\/li>\n<li style=\"font-weight: 400;\" aria-level=\"1\"><b>28er-Serie, farblich abgestimmtes Innenfutter<\/b><span style=\"font-weight: 400;\"> \u2013 Hochwertiges, farblich koordiniertes Pl\u00fcschfutter; herausnehmbarer, waschbarer, flammhemmender Kopfpolster-Einsatz und Wangenpolster<\/span><\/li>\n<li style=\"font-weight: 400;\" aria-level=\"1\"><b>Doppelte Kinnvorh\u00e4nge<\/b><span style=\"font-weight: 400;\"> \u2013 Extra Schutz, weniger Staub &amp; Beschlag<\/span><\/li>\n<li style=\"font-weight: 400;\" aria-level=\"1\"><b>Fortschrittliche Aerodynamik<\/b><span style=\"font-weight: 400;\"> \u2013 Gro\u00dfer vorderer Unterspoiler, verstellbarer Heckspoiler inklusive <\/span> <\/li>\n<li style=\"font-weight: 400;\" aria-level=\"1\"><b>Top-Air-System<\/b><span style=\"font-weight: 400;\"> \u2013 Vorinstallierte Gewinde f\u00fcr eine einfache Top-Air-Montage <\/span> <\/li>\n<li style=\"font-weight: 400;\" aria-level=\"1\"><b>Z-20 Series klares Anti-Fog-Visier<\/b><span style=\"font-weight: 400;\"> \u2013 Vorinstalliert mit Dirt-Seal und spannenden Tear-off-Pins<\/span><span style=\"font-weight: 400;\">, kompatibel mit 12.125&#8243; Tear-offs im Banana-Style oder Z Optics P208Z Tear Offs<\/span><\/li>\n<li style=\"font-weight: 400;\" aria-level=\"1\"><b>Vorbereitet f\u00fcr Trinksystem<\/b><span style=\"font-weight: 400;\"> \u2013 Integrierter Trinkanschluss in der Kinnb\u00fcgelpartie<\/span><\/li>\n<li style=\"font-weight: 400;\" aria-level=\"1\"><b>Audio Ready<\/b><span style=\"font-weight: 400;\"> \u2013 Vorinstallierte Ohrmuscheln zur Integration von Kommunikationssystemen<\/span><\/li>\n<li style=\"font-weight: 400;\" aria-level=\"1\"><b>M6-Eins\u00e4tze<\/b><span style=\"font-weight: 400;\"> \u2013 kompatibel mit Head &amp; Neck Restraint<\/span><\/li>\n<li style=\"font-weight: 400;\" aria-level=\"1\"><b>Snell SA2025 zugelassen<\/b><\/li>\n<\/ul>\n<p>Wie im Motorsport \u00fcblich, variieren unsere Gr\u00f6\u00dfen je nach Helmmodell. Wie Sie die Gr\u00f6\u00dfe Ihres Helms bestimmen, erfahren Sie <a href=\"https:\/\/zamphelmets.eu\/how-to-select-the-correct-helmet-size\/\">hier<\/a>.<\/p>\n<p><a href=\"https:\/\/zamphelmets.eu\/homologation-explained\/\"><strong>Homologation erkl\u00e4rt<\/strong> \u2013 finden Sie heraus, welche Homologation Sie ben\u00f6tigen<\/a><\/p>\n<p><a href=\"https:\/\/zamphelmets.eu\/hans-posts-hans-and-fhr-devices\/\"><strong>FHR \/ HANS Device<\/strong> \u2013 wann ist es erforderlich?<\/a><\/p>\n<p><img decoding=\"async\" class=\"alignnone wp-image-15017 lazyload\" data-src=\"https:\/\/zamphelmets.eu\/wp-content\/uploads\/2025\/06\/Zamp-Helmets-sizing-guide-4166-x-4166-px-600x600-1.png\" alt=\"\" width=\"437\" height=\"437\" src=\"data:image\/svg+xml;base64,PHN2ZyB3aWR0aD0iMSIgaGVpZ2h0PSIxIiB4bWxucz0iaHR0cDovL3d3dy53My5vcmcvMjAwMC9zdmciPjwvc3ZnPg==\" style=\"--smush-placeholder-width: 437px; --smush-placeholder-aspect-ratio: 437\/437;\"><\/p>\n","protected":false},"excerpt":{"rendered":"<p>Der brandneue Zamp RZ-67D setzt einen neuen Standard f\u00fcr Premium-Dirt-Racing-Helme \u2013 entwickelt f\u00fcr Fahrer, die h\u00f6chsten Komfort, \u00fcberlegenen Luftstrom und kompromisslose Performance selbst unter h\u00e4rtesten Rennbedingungen verlangen. Mit fortschrittlicher Bel\u00fcftung, staubresistentem Schutz und Zamps bislang innovativstem Luftsystem h\u00e4lt der RZ-67D Sie von Start bis Ziel k\u00fchl, klar und fokussiert. Hauptmerkmale: DDAIR-SYSTEM \u2013 Neues 360\u00b0 Dual-Density-Air-Channeling [&hellip;]<\/p>\n","protected":false},"featured_media":137952,"comment_status":"open","ping_status":"closed","template":"","meta":{"_acf_changed":false,"_iconic_wsb_product_page_order_bump_ids":[[]],"_sku":[],"_iconic_wsb_product_page_bump_modal_ids":[[]]},"product_brand":[],"product_cat":[199,230,468,124],"product_tag":[],"class_list":{"0":"post-204324","1":"product","2":"type-product","3":"status-publish","4":"has-post-thumbnail","6":"product_cat-zamp-helme","7":"product_cat-nicht-kategorisiert","8":"product_cat-snell-2025","9":"product_cat-zamp-de","11":"first","12":"onbackorder","13":"taxable","14":"shipping-taxable","15":"purchasable","16":"product-type-variable"},"acf":[],"yoast_head":"<!-- This site is optimized with the Yoast SEO plugin v27.0 - https:\/\/yoast.com\/product\/yoast-seo-wordpress\/ -->\n<title>RZ 67D Carbon Grey - Zamp Helmets | Helmet 28 EU<\/title>\n<meta name=\"description\" content=\"Zamp RZ-67D Helm \u2013 Carbon-Mix-Schale, DDAIR-SYSTEM-Airflow, doppelte Kinnvorh\u00e4nge, vorbereitet f\u00fcr Trinksystem und Snell SA2025-zertifiziert.\" \/>\n<meta name=\"robots\" content=\"index, follow, max-snippet:-1, max-image-preview:large, max-video-preview:-1\" \/>\n<link rel=\"canonical\" href=\"https:\/\/zamphelmets.co\/de\/produkt\/rz-67d-carbon-grey\/\" \/>\n<meta property=\"og:locale\" content=\"de_DE\" \/>\n<meta property=\"og:type\" content=\"article\" \/>\n<meta property=\"og:title\" content=\"RZ 67D Carbon Grey - Zamp Helmets | Helmet 28 EU\" \/>\n<meta property=\"og:description\" content=\"Zamp RZ-67D Helm \u2013 Carbon-Mix-Schale, DDAIR-SYSTEM-Airflow, doppelte Kinnvorh\u00e4nge, vorbereitet f\u00fcr Trinksystem und Snell SA2025-zertifiziert.\" \/>\n<meta property=\"og:url\" content=\"https:\/\/zamphelmets.co\/de\/produkt\/rz-67d-carbon-grey\/\" \/>\n<meta property=\"og:site_name\" content=\"Zamp Helmets | Helmet 28 EU\" \/>\n<meta property=\"article:modified_time\" content=\"2026-03-03T10:54:54+00:00\" \/>\n<meta property=\"og:image\" content=\"https:\/\/zamphelmets.co\/wp-content\/uploads\/2025\/10\/H781C15.jpg\" \/>\n\t<meta property=\"og:image:width\" content=\"1000\" \/>\n\t<meta property=\"og:image:height\" content=\"1000\" \/>\n\t<meta property=\"og:image:type\" content=\"image\/jpeg\" \/>\n<meta name=\"twitter:card\" content=\"summary_large_image\" \/>\n<meta name=\"twitter:label1\" content=\"Est. reading time\" \/>\n\t<meta name=\"twitter:data1\" content=\"1 Minute\" \/>\n<script type=\"application\/ld+json\" class=\"yoast-schema-graph\">{\"@context\":\"https:\/\/schema.org\",\"@graph\":[{\"@type\":\"WebPage\",\"@id\":\"https:\/\/zamphelmets.co\/de\/produkt\/rz-67d-carbon-grey\/\",\"url\":\"https:\/\/zamphelmets.co\/de\/produkt\/rz-67d-carbon-grey\/\",\"name\":\"RZ 67D Carbon Grey - Zamp Helmets | Helmet 28 EU\",\"isPartOf\":{\"@id\":\"https:\/\/zamphelmets.co\/de\/#website\"},\"primaryImageOfPage\":{\"@id\":\"https:\/\/zamphelmets.co\/de\/produkt\/rz-67d-carbon-grey\/#primaryimage\"},\"image\":{\"@id\":\"https:\/\/zamphelmets.co\/de\/produkt\/rz-67d-carbon-grey\/#primaryimage\"},\"thumbnailUrl\":\"https:\/\/zamphelmets.co\/wp-content\/uploads\/2025\/10\/H781C15.jpg\",\"datePublished\":\"2025-10-29T15:14:31+00:00\",\"dateModified\":\"2026-03-03T10:54:54+00:00\",\"description\":\"Zamp RZ-67D Helm \u2013 Carbon-Mix-Schale, DDAIR-SYSTEM-Airflow, doppelte Kinnvorh\u00e4nge, vorbereitet f\u00fcr Trinksystem und Snell SA2025-zertifiziert.\",\"breadcrumb\":{\"@id\":\"https:\/\/zamphelmets.co\/de\/produkt\/rz-67d-carbon-grey\/#breadcrumb\"},\"inLanguage\":\"de-DE\",\"potentialAction\":[{\"@type\":\"ReadAction\",\"target\":[\"https:\/\/zamphelmets.co\/de\/produkt\/rz-67d-carbon-grey\/\"]}]},{\"@type\":\"ImageObject\",\"inLanguage\":\"de-DE\",\"@id\":\"https:\/\/zamphelmets.co\/de\/produkt\/rz-67d-carbon-grey\/#primaryimage\",\"url\":\"https:\/\/zamphelmets.co\/wp-content\/uploads\/2025\/10\/H781C15.jpg\",\"contentUrl\":\"https:\/\/zamphelmets.co\/wp-content\/uploads\/2025\/10\/H781C15.jpg\",\"width\":1000,\"height\":1000},{\"@type\":\"BreadcrumbList\",\"@id\":\"https:\/\/zamphelmets.co\/de\/produkt\/rz-67d-carbon-grey\/#breadcrumb\",\"itemListElement\":[{\"@type\":\"ListItem\",\"position\":1,\"name\":\"Shop\",\"item\":\"https:\/\/zamphelmets.co\/de\/shop\/\"},{\"@type\":\"ListItem\",\"position\":2,\"name\":\"RZ 67D Carbon Grey\"}]},{\"@type\":\"WebSite\",\"@id\":\"https:\/\/zamphelmets.co\/de\/#website\",\"url\":\"https:\/\/zamphelmets.co\/de\/\",\"name\":\"Zamp Helmets | Helmet 28 EU\",\"description\":\"High Quality Motorsport Helmets\",\"potentialAction\":[{\"@type\":\"SearchAction\",\"target\":{\"@type\":\"EntryPoint\",\"urlTemplate\":\"https:\/\/zamphelmets.co\/de\/?s={search_term_string}\"},\"query-input\":{\"@type\":\"PropertyValueSpecification\",\"valueRequired\":true,\"valueName\":\"search_term_string\"}}],\"inLanguage\":\"de-DE\"}]}<\/script>\n<!-- \/ Yoast SEO plugin. -->","yoast_head_json":{"title":"RZ 67D Carbon Grey - Zamp Helmets | Helmet 28 EU","description":"Zamp RZ-67D Helm \u2013 Carbon-Mix-Schale, DDAIR-SYSTEM-Airflow, doppelte Kinnvorh\u00e4nge, vorbereitet f\u00fcr Trinksystem und Snell SA2025-zertifiziert.","robots":{"index":"index","follow":"follow","max-snippet":"max-snippet:-1","max-image-preview":"max-image-preview:large","max-video-preview":"max-video-preview:-1"},"canonical":"https:\/\/zamphelmets.co\/de\/produkt\/rz-67d-carbon-grey\/","og_locale":"de_DE","og_type":"article","og_title":"RZ 67D Carbon Grey - Zamp Helmets | Helmet 28 EU","og_description":"Zamp RZ-67D Helm \u2013 Carbon-Mix-Schale, DDAIR-SYSTEM-Airflow, doppelte Kinnvorh\u00e4nge, vorbereitet f\u00fcr Trinksystem und Snell SA2025-zertifiziert.","og_url":"https:\/\/zamphelmets.co\/de\/produkt\/rz-67d-carbon-grey\/","og_site_name":"Zamp Helmets | Helmet 28 EU","article_modified_time":"2026-03-03T10:54:54+00:00","og_image":[{"width":1000,"height":1000,"url":"https:\/\/zamphelmets.co\/wp-content\/uploads\/2025\/10\/H781C15.jpg","type":"image\/jpeg"}],"twitter_card":"summary_large_image","twitter_misc":{"Est. reading time":"1 Minute"},"schema":{"@context":"https:\/\/schema.org","@graph":[{"@type":"WebPage","@id":"https:\/\/zamphelmets.co\/de\/produkt\/rz-67d-carbon-grey\/","url":"https:\/\/zamphelmets.co\/de\/produkt\/rz-67d-carbon-grey\/","name":"RZ 67D Carbon Grey - Zamp Helmets | Helmet 28 EU","isPartOf":{"@id":"https:\/\/zamphelmets.co\/de\/#website"},"primaryImageOfPage":{"@id":"https:\/\/zamphelmets.co\/de\/produkt\/rz-67d-carbon-grey\/#primaryimage"},"image":{"@id":"https:\/\/zamphelmets.co\/de\/produkt\/rz-67d-carbon-grey\/#primaryimage"},"thumbnailUrl":"https:\/\/zamphelmets.co\/wp-content\/uploads\/2025\/10\/H781C15.jpg","datePublished":"2025-10-29T15:14:31+00:00","dateModified":"2026-03-03T10:54:54+00:00","description":"Zamp RZ-67D Helm \u2013 Carbon-Mix-Schale, DDAIR-SYSTEM-Airflow, doppelte Kinnvorh\u00e4nge, vorbereitet f\u00fcr Trinksystem und Snell SA2025-zertifiziert.","breadcrumb":{"@id":"https:\/\/zamphelmets.co\/de\/produkt\/rz-67d-carbon-grey\/#breadcrumb"},"inLanguage":"de-DE","potentialAction":[{"@type":"ReadAction","target":["https:\/\/zamphelmets.co\/de\/produkt\/rz-67d-carbon-grey\/"]}]},{"@type":"ImageObject","inLanguage":"de-DE","@id":"https:\/\/zamphelmets.co\/de\/produkt\/rz-67d-carbon-grey\/#primaryimage","url":"https:\/\/zamphelmets.co\/wp-content\/uploads\/2025\/10\/H781C15.jpg","contentUrl":"https:\/\/zamphelmets.co\/wp-content\/uploads\/2025\/10\/H781C15.jpg","width":1000,"height":1000},{"@type":"BreadcrumbList","@id":"https:\/\/zamphelmets.co\/de\/produkt\/rz-67d-carbon-grey\/#breadcrumb","itemListElement":[{"@type":"ListItem","position":1,"name":"Shop","item":"https:\/\/zamphelmets.co\/de\/shop\/"},{"@type":"ListItem","position":2,"name":"RZ 67D Carbon Grey"}]},{"@type":"WebSite","@id":"https:\/\/zamphelmets.co\/de\/#website","url":"https:\/\/zamphelmets.co\/de\/","name":"Zamp Helmets | Helmet 28 EU","description":"High Quality Motorsport Helmets","potentialAction":[{"@type":"SearchAction","target":{"@type":"EntryPoint","urlTemplate":"https:\/\/zamphelmets.co\/de\/?s={search_term_string}"},"query-input":{"@type":"PropertyValueSpecification","valueRequired":true,"valueName":"search_term_string"}}],"inLanguage":"de-DE"}]}},"_links":{"self":[{"href":"https:\/\/zamphelmets.co\/de\/wp-json\/wp\/v2\/product\/204324","targetHints":{"allow":["GET"]}}],"collection":[{"href":"https:\/\/zamphelmets.co\/de\/wp-json\/wp\/v2\/product"}],"about":[{"href":"https:\/\/zamphelmets.co\/de\/wp-json\/wp\/v2\/types\/product"}],"replies":[{"embeddable":true,"href":"https:\/\/zamphelmets.co\/de\/wp-json\/wp\/v2\/comments?post=204324"}],"wp:featuredmedia":[{"embeddable":true,"href":"https:\/\/zamphelmets.co\/de\/wp-json\/wp\/v2\/media\/137952"}],"wp:attachment":[{"href":"https:\/\/zamphelmets.co\/de\/wp-json\/wp\/v2\/media?parent=204324"}],"wp:term":[{"taxonomy":"product_brand","embeddable":true,"href":"https:\/\/zamphelmets.co\/de\/wp-json\/wp\/v2\/product_brand?post=204324"},{"taxonomy":"product_cat","embeddable":true,"href":"https:\/\/zamphelmets.co\/de\/wp-json\/wp\/v2\/product_cat?post=204324"},{"taxonomy":"product_tag","embeddable":true,"href":"https:\/\/zamphelmets.co\/de\/wp-json\/wp\/v2\/product_tag?post=204324"}],"curies":[{"name":"wp","href":"https:\/\/api.w.org\/{rel}","templated":true}]}}