{"id":203679,"date":"2025-05-14T11:50:07","date_gmt":"2025-05-14T11:50:07","guid":{"rendered":"https:\/\/zamphelmets.co\/product\/zamp-aufkleber-schwarz\/"},"modified":"2026-04-15T15:11:09","modified_gmt":"2026-04-15T15:11:09","slug":"zamp-aufkleber-schwarz","status":"publish","type":"product","link":"https:\/\/zamphelmets.co\/de\/produkt\/zamp-aufkleber-schwarz\/","title":{"rendered":"Zamp Aufkleber Schwarz"},"content":{"rendered":"<p>Verleihen Sie Ihrem Auto, Kart, Helm oder was auch immer Sie wollen mit dem offiziellen Zamp Aufkleber Decal einen Hauch von Stil. Der einfach anzubringende und \u00e4u\u00dferst haltbare Zamp-Aufkleber sieht \u00fcberall toll aus. Zeigen Sie Ihre Unterst\u00fctzung f\u00fcr das Team Zamp und holen Sie sich den vollen Race Day Look.  <\/p>\n<p style=\"margin: 0cm; font-size: 16px; font-family: Aptos, sans-serif; font-style: normal; font-weight: 400; text-align: start; text-decoration: none;\"><span style=\"font-size: 15px;\">1 x Schwarzer <span style=\"font-size: 15px;\">Aufkleber<\/span> 23,1 cm x 6,1 cm<\/span><\/p>\n<p style=\"margin: 0cm; font-size: 16px; font-family: Aptos, sans-serif; font-style: normal; font-weight: 400; text-align: start; text-decoration: none;\">\n<p>&nbsp;<\/p>\n","protected":false},"excerpt":{"rendered":"<p>Verleihen Sie Ihrem Auto, Kart, Helm oder was auch immer Sie wollen mit dem offiziellen Zamp Aufkleber Decal einen Hauch von Stil. Der einfach anzubringende und \u00e4u\u00dferst haltbare Zamp-Aufkleber sieht \u00fcberall toll aus. Zeigen Sie Ihre Unterst\u00fctzung f\u00fcr das Team Zamp und holen Sie sich den vollen Race Day Look. 1 x Schwarzer Aufkleber 23,1 [&hellip;]<\/p>\n","protected":false},"featured_media":63078,"comment_status":"open","ping_status":"closed","template":"","meta":{"_acf_changed":false,"_iconic_wsb_product_page_order_bump_ids":[[]],"_sku":["ZSB"],"_iconic_wsb_product_page_bump_modal_ids":[[]]},"product_brand":[],"product_cat":[219,125],"product_tag":[],"class_list":{"0":"post-203679","1":"product","2":"type-product","3":"status-publish","4":"has-post-thumbnail","6":"product_cat-andere-de","7":"product_cat-zubehor","9":"first","10":"instock","11":"taxable","12":"shipping-taxable","13":"purchasable","14":"product-type-simple"},"acf":[],"yoast_head":"<!-- This site is optimized with the Yoast SEO plugin v27.0 - https:\/\/yoast.com\/product\/yoast-seo-wordpress\/ -->\n<title>Zamp Aufkleber Schwarz - Zamp Helmets | Helmet 28 EU<\/title>\n<meta name=\"robots\" content=\"index, follow, max-snippet:-1, max-image-preview:large, max-video-preview:-1\" \/>\n<link rel=\"canonical\" href=\"https:\/\/zamphelmets.co\/de\/produkt\/zamp-aufkleber-schwarz\/\" \/>\n<meta property=\"og:locale\" content=\"de_DE\" \/>\n<meta property=\"og:type\" content=\"article\" \/>\n<meta property=\"og:title\" content=\"Zamp Aufkleber Schwarz - Zamp Helmets | Helmet 28 EU\" \/>\n<meta property=\"og:description\" content=\"Verleihen Sie Ihrem Auto, Kart, Helm oder was auch immer Sie wollen mit dem offiziellen Zamp Aufkleber Decal einen Hauch von Stil. Der einfach anzubringende und \u00e4u\u00dferst haltbare Zamp-Aufkleber sieht \u00fcberall toll aus. Zeigen Sie Ihre Unterst\u00fctzung f\u00fcr das Team Zamp und holen Sie sich den vollen Race Day Look. 1 x Schwarzer Aufkleber 23,1 [&hellip;]\" \/>\n<meta property=\"og:url\" content=\"https:\/\/zamphelmets.co\/de\/produkt\/zamp-aufkleber-schwarz\/\" \/>\n<meta property=\"og:site_name\" content=\"Zamp Helmets | Helmet 28 EU\" \/>\n<meta property=\"article:modified_time\" content=\"2026-04-15T15:11:09+00:00\" \/>\n<meta name=\"twitter:card\" content=\"summary_large_image\" \/>\n<script type=\"application\/ld+json\" class=\"yoast-schema-graph\">{\"@context\":\"https:\/\/schema.org\",\"@graph\":[{\"@type\":\"WebPage\",\"@id\":\"https:\/\/zamphelmets.co\/de\/produkt\/zamp-aufkleber-schwarz\/\",\"url\":\"https:\/\/zamphelmets.co\/de\/produkt\/zamp-aufkleber-schwarz\/\",\"name\":\"Zamp Aufkleber Schwarz - Zamp Helmets | Helmet 28 EU\",\"isPartOf\":{\"@id\":\"https:\/\/zamphelmets.co\/de\/#website\"},\"primaryImageOfPage\":{\"@id\":\"https:\/\/zamphelmets.co\/de\/produkt\/zamp-aufkleber-schwarz\/#primaryimage\"},\"image\":{\"@id\":\"https:\/\/zamphelmets.co\/de\/produkt\/zamp-aufkleber-schwarz\/#primaryimage\"},\"thumbnailUrl\":\"https:\/\/zamphelmets.co\/wp-content\/uploads\/2025\/05\/a8f2d17bb4a7b6940beda5a3c5ea34749e199d94-pdf.jpg\",\"datePublished\":\"2025-05-14T11:50:07+00:00\",\"dateModified\":\"2026-04-15T15:11:09+00:00\",\"breadcrumb\":{\"@id\":\"https:\/\/zamphelmets.co\/de\/produkt\/zamp-aufkleber-schwarz\/#breadcrumb\"},\"inLanguage\":\"de-DE\",\"potentialAction\":[{\"@type\":\"ReadAction\",\"target\":[\"https:\/\/zamphelmets.co\/de\/produkt\/zamp-aufkleber-schwarz\/\"]}]},{\"@type\":\"ImageObject\",\"inLanguage\":\"de-DE\",\"@id\":\"https:\/\/zamphelmets.co\/de\/produkt\/zamp-aufkleber-schwarz\/#primaryimage\",\"url\":\"https:\/\/zamphelmets.co\/wp-content\/uploads\/2025\/05\/a8f2d17bb4a7b6940beda5a3c5ea34749e199d94-pdf.jpg\",\"contentUrl\":\"https:\/\/zamphelmets.co\/wp-content\/uploads\/2025\/05\/a8f2d17bb4a7b6940beda5a3c5ea34749e199d94-pdf.jpg\"},{\"@type\":\"BreadcrumbList\",\"@id\":\"https:\/\/zamphelmets.co\/de\/produkt\/zamp-aufkleber-schwarz\/#breadcrumb\",\"itemListElement\":[{\"@type\":\"ListItem\",\"position\":1,\"name\":\"Shop\",\"item\":\"https:\/\/zamphelmets.co\/de\/shop\/\"},{\"@type\":\"ListItem\",\"position\":2,\"name\":\"Zamp Aufkleber Schwarz\"}]},{\"@type\":\"WebSite\",\"@id\":\"https:\/\/zamphelmets.co\/de\/#website\",\"url\":\"https:\/\/zamphelmets.co\/de\/\",\"name\":\"Zamp Helmets | Helmet 28 EU\",\"description\":\"High Quality Motorsport Helmets\",\"potentialAction\":[{\"@type\":\"SearchAction\",\"target\":{\"@type\":\"EntryPoint\",\"urlTemplate\":\"https:\/\/zamphelmets.co\/de\/?s={search_term_string}\"},\"query-input\":{\"@type\":\"PropertyValueSpecification\",\"valueRequired\":true,\"valueName\":\"search_term_string\"}}],\"inLanguage\":\"de-DE\"}]}<\/script>\n<!-- \/ Yoast SEO plugin. -->","yoast_head_json":{"title":"Zamp Aufkleber Schwarz - Zamp Helmets | Helmet 28 EU","robots":{"index":"index","follow":"follow","max-snippet":"max-snippet:-1","max-image-preview":"max-image-preview:large","max-video-preview":"max-video-preview:-1"},"canonical":"https:\/\/zamphelmets.co\/de\/produkt\/zamp-aufkleber-schwarz\/","og_locale":"de_DE","og_type":"article","og_title":"Zamp Aufkleber Schwarz - Zamp Helmets | Helmet 28 EU","og_description":"Verleihen Sie Ihrem Auto, Kart, Helm oder was auch immer Sie wollen mit dem offiziellen Zamp Aufkleber Decal einen Hauch von Stil. Der einfach anzubringende und \u00e4u\u00dferst haltbare Zamp-Aufkleber sieht \u00fcberall toll aus. Zeigen Sie Ihre Unterst\u00fctzung f\u00fcr das Team Zamp und holen Sie sich den vollen Race Day Look. 1 x Schwarzer Aufkleber 23,1 [&hellip;]","og_url":"https:\/\/zamphelmets.co\/de\/produkt\/zamp-aufkleber-schwarz\/","og_site_name":"Zamp Helmets | Helmet 28 EU","article_modified_time":"2026-04-15T15:11:09+00:00","twitter_card":"summary_large_image","schema":{"@context":"https:\/\/schema.org","@graph":[{"@type":"WebPage","@id":"https:\/\/zamphelmets.co\/de\/produkt\/zamp-aufkleber-schwarz\/","url":"https:\/\/zamphelmets.co\/de\/produkt\/zamp-aufkleber-schwarz\/","name":"Zamp Aufkleber Schwarz - Zamp Helmets | Helmet 28 EU","isPartOf":{"@id":"https:\/\/zamphelmets.co\/de\/#website"},"primaryImageOfPage":{"@id":"https:\/\/zamphelmets.co\/de\/produkt\/zamp-aufkleber-schwarz\/#primaryimage"},"image":{"@id":"https:\/\/zamphelmets.co\/de\/produkt\/zamp-aufkleber-schwarz\/#primaryimage"},"thumbnailUrl":"https:\/\/zamphelmets.co\/wp-content\/uploads\/2025\/05\/a8f2d17bb4a7b6940beda5a3c5ea34749e199d94-pdf.jpg","datePublished":"2025-05-14T11:50:07+00:00","dateModified":"2026-04-15T15:11:09+00:00","breadcrumb":{"@id":"https:\/\/zamphelmets.co\/de\/produkt\/zamp-aufkleber-schwarz\/#breadcrumb"},"inLanguage":"de-DE","potentialAction":[{"@type":"ReadAction","target":["https:\/\/zamphelmets.co\/de\/produkt\/zamp-aufkleber-schwarz\/"]}]},{"@type":"ImageObject","inLanguage":"de-DE","@id":"https:\/\/zamphelmets.co\/de\/produkt\/zamp-aufkleber-schwarz\/#primaryimage","url":"https:\/\/zamphelmets.co\/wp-content\/uploads\/2025\/05\/a8f2d17bb4a7b6940beda5a3c5ea34749e199d94-pdf.jpg","contentUrl":"https:\/\/zamphelmets.co\/wp-content\/uploads\/2025\/05\/a8f2d17bb4a7b6940beda5a3c5ea34749e199d94-pdf.jpg"},{"@type":"BreadcrumbList","@id":"https:\/\/zamphelmets.co\/de\/produkt\/zamp-aufkleber-schwarz\/#breadcrumb","itemListElement":[{"@type":"ListItem","position":1,"name":"Shop","item":"https:\/\/zamphelmets.co\/de\/shop\/"},{"@type":"ListItem","position":2,"name":"Zamp Aufkleber Schwarz"}]},{"@type":"WebSite","@id":"https:\/\/zamphelmets.co\/de\/#website","url":"https:\/\/zamphelmets.co\/de\/","name":"Zamp Helmets | Helmet 28 EU","description":"High Quality Motorsport Helmets","potentialAction":[{"@type":"SearchAction","target":{"@type":"EntryPoint","urlTemplate":"https:\/\/zamphelmets.co\/de\/?s={search_term_string}"},"query-input":{"@type":"PropertyValueSpecification","valueRequired":true,"valueName":"search_term_string"}}],"inLanguage":"de-DE"}]}},"_links":{"self":[{"href":"https:\/\/zamphelmets.co\/de\/wp-json\/wp\/v2\/product\/203679","targetHints":{"allow":["GET"]}}],"collection":[{"href":"https:\/\/zamphelmets.co\/de\/wp-json\/wp\/v2\/product"}],"about":[{"href":"https:\/\/zamphelmets.co\/de\/wp-json\/wp\/v2\/types\/product"}],"replies":[{"embeddable":true,"href":"https:\/\/zamphelmets.co\/de\/wp-json\/wp\/v2\/comments?post=203679"}],"wp:featuredmedia":[{"embeddable":true,"href":"https:\/\/zamphelmets.co\/de\/wp-json\/wp\/v2\/media\/63078"}],"wp:attachment":[{"href":"https:\/\/zamphelmets.co\/de\/wp-json\/wp\/v2\/media?parent=203679"}],"wp:term":[{"taxonomy":"product_brand","embeddable":true,"href":"https:\/\/zamphelmets.co\/de\/wp-json\/wp\/v2\/product_brand?post=203679"},{"taxonomy":"product_cat","embeddable":true,"href":"https:\/\/zamphelmets.co\/de\/wp-json\/wp\/v2\/product_cat?post=203679"},{"taxonomy":"product_tag","embeddable":true,"href":"https:\/\/zamphelmets.co\/de\/wp-json\/wp\/v2\/product_tag?post=203679"}],"curies":[{"name":"wp","href":"https:\/\/api.w.org\/{rel}","templated":true}]}}