{"id":28419,"date":"2024-07-16T12:57:09","date_gmt":"2024-07-16T12:57:09","guid":{"rendered":"https:\/\/zamphelmets.co\/datenschutz-cookies-richtlinie\/"},"modified":"2026-02-16T15:06:37","modified_gmt":"2026-02-16T15:06:37","slug":"datenschutz-cookies-richtlinie","status":"publish","type":"page","link":"https:\/\/zamphelmets.co\/de\/datenschutz-cookies-richtlinie\/","title":{"rendered":"Datenschutz &amp; Cookies Richtlinie"},"content":{"rendered":"<p>Wir verpflichten uns, die Privatsph\u00e4re unserer Website-Besucher und -Nutzer zu sch\u00fctzen; diese Richtlinie legt fest, wie wir mit Ihren pers\u00f6nlichen Daten umgehen.<br \/>\nDiese Richtlinie ist in drei Teile gegliedert:<br \/>\n~ Teil A enth\u00e4lt Informationen \u00fcber die Erfassung und Verwendung personenbezogener Daten durch uns;<br \/>\n~ Teil B enth\u00e4lt Informationen \u00fcber die auf dieser Website verwendeten Cookies; und<br \/>\n~ Teil C enth\u00e4lt Informationen \u00fcber uns (einschlie\u00dflich Kontaktangaben).<br \/>\nIndem Sie unsere Website nutzen und dieser Richtlinie zustimmen, erkl\u00e4ren Sie sich damit einverstanden, dass wir Cookies in \u00dcbereinstimmung mit den Bedingungen dieser Richtlinie verwenden.<br \/>\nTEIL A: IHRE PERS\u00d6NLICHEN INFORMATIONEN<br \/>\n(1) Welche Informationen sammeln wir?<br \/>\nWir k\u00f6nnen die folgenden Arten von personenbezogenen Daten erfassen, speichern und verwenden:<br \/>\n(a) Informationen \u00fcber Ihren Computer und \u00fcber Ihre Besuche auf dieser Website und deren Nutzung (einschlie\u00dflich Ihrer IP-Adresse, Ihres geografischen Standorts, des Browsertyps und der Browserversion, des Betriebssystems, der Verweisquelle, der Dauer des Besuchs, der Seitenaufrufe und der Navigation auf der Website);<br \/>\n(b) Informationen, die Sie uns zum Zweck der Registrierung bei uns zur Verf\u00fcgung stellen, einschlie\u00dflich der bei der Anmeldung angegebenen Daten (Name, E-Mail, Mobiltelefonnummer, Festnetznummer, Land, Region, Stadt, Adresse und Stra\u00dfe);<br \/>\n(d) Informationen, die Sie uns zur Verf\u00fcgung stellen, um sich f\u00fcr unsere Website-Dienste, E-Mail-Benachrichtigungen und\/oder Newsletter anzumelden;<br \/>\n(e) alle anderen Informationen, die Sie uns zukommen lassen (z.B. \u00fcber das Kontaktformular);<br \/>\nBevor Sie die pers\u00f6nlichen Daten einer anderen Person an uns weitergeben, m\u00fcssen Sie die Zustimmung dieser Person sowohl f\u00fcr die Weitergabe als auch f\u00fcr die Verarbeitung dieser pers\u00f6nlichen Daten gem\u00e4\u00df den Bedingungen dieser Richtlinie einholen.<br \/>\n(2) Verwendung Ihrer pers\u00f6nlichen Daten<br \/>\nPers\u00f6nliche Daten, die uns \u00fcber diese Website \u00fcbermittelt werden, werden f\u00fcr die in dieser Richtlinie oder in den entsprechenden Teilen der Website genannten Zwecke verwendet.<br \/>\nWir k\u00f6nnen Ihre pers\u00f6nlichen Daten verwenden, um:<br \/>\n(a) die Website zu verwalten;<br \/>\n(b) Ihr Surferlebnis durch die Personalisierung der Website zu verbessern;<br \/>\n(c) Ihre Nutzung der auf der Website verf\u00fcgbaren Dienste zu erm\u00f6glichen;<br \/>\n(d) Ihnen E-Mail-Benachrichtigungen zu senden, die Sie ausdr\u00fccklich angefordert haben;<br \/>\n(e) Ihnen unseren Newsletter und andere Marketingmitteilungen in Bezug auf unser Unternehmen, die f\u00fcr Sie von Interesse sein k\u00f6nnten, per E-Mail zuzusenden (Sie k\u00f6nnen sich \u00fcber den Abmeldelink am Ende unseres E-Mail-Newsletters abmelden);<br \/>\n(f) Bearbeitung von Anfragen und Beschwerden, die von Ihnen oder \u00fcber Sie im Zusammenhang mit der Website eingereicht werden;<br \/>\n(g) die Sicherheit der Website zu gew\u00e4hrleisten und Betrug zu verhindern;<br \/>\n(h) die Einhaltung der Bedingungen f\u00fcr die Nutzung der Website zu \u00fcberpr\u00fcfen (einschlie\u00dflich der \u00dcberwachung privater Nachrichten, die \u00fcber unseren privaten Nachrichtendienst auf der Website gesendet werden);<br \/>\nWenn Sie uns personenbezogene Daten zur Ver\u00f6ffentlichung auf unserer Website \u00fcbermitteln, werden wir diese Daten gem\u00e4\u00df der uns von Ihnen erteilten Lizenz ver\u00f6ffentlichen und anderweitig nutzen.<br \/>\nMit Ihren Datenschutzeinstellungen k\u00f6nnen Sie die Ver\u00f6ffentlichung Ihrer Informationen auf der Website einschr\u00e4nken.<br \/>\nOhne Ihre ausdr\u00fcckliche Zustimmung werden wir Ihre pers\u00f6nlichen Daten nicht an Dritte zum Zwecke des Direktmarketings weitergeben.<br \/>\nAlle finanziellen Transaktionen, die \u00fcber unsere Website get\u00e4tigt werden, werden \u00fcber unseren Zahlungsdienstleister PayPal oder Stripe abgewickelt. Sie k\u00f6nnen die Datenschutzbestimmungen von PayPal unter www.paypal.com einsehen. Wir geben Informationen an PayPal nur in dem Ma\u00dfe weiter, wie es f\u00fcr die Abwicklung von Zahlungen, die Sie \u00fcber unsere Website t\u00e4tigen, f\u00fcr die R\u00fcckerstattung solcher Zahlungen und f\u00fcr die Bearbeitung von Beschwerden und Anfragen im Zusammenhang mit solchen Zahlungen und R\u00fcckerstattungen erforderlich ist.<br \/>\n(3) Offenlegung<br \/>\nWir k\u00f6nnen Ihre personenbezogenen Daten an unsere Mitarbeiter, leitenden Angestellten, Vertreter, Lieferanten oder Unterauftragnehmer weitergeben, soweit dies f\u00fcr die in dieser Richtlinie genannten Zwecke erforderlich ist.<br \/>\nWir k\u00f6nnen Ihre pers\u00f6nlichen Daten an jedes Mitglied unserer Unternehmensgruppe (d.h. unsere Tochtergesellschaften, unsere oberste Holdinggesellschaft und alle ihre Tochtergesellschaften) weitergeben, soweit dies f\u00fcr die in dieser Richtlinie dargelegten Zwecke erforderlich ist.<br \/>\nDar\u00fcber hinaus k\u00f6nnen wir Ihre pers\u00f6nlichen Daten weitergeben:<br \/>\n(a) in dem Ma\u00dfe, in dem wir gesetzlich dazu verpflichtet sind;<br \/>\n(b) in Verbindung mit einem laufenden oder bevorstehenden Gerichtsverfahren;<br \/>\n(c) um unsere gesetzlichen Rechte zu begr\u00fcnden, auszu\u00fcben oder zu verteidigen (einschlie\u00dflich der Weitergabe von Informationen an andere zum Zwecke der Betrugsbek\u00e4mpfung und der Reduzierung des Kreditrisikos);<br \/>\n(d) an den Erwerber (oder potenziellen Erwerber) eines Gesch\u00e4fts oder Verm\u00f6genswerts, den wir verkaufen (oder zu verkaufen beabsichtigen); und<br \/>\n(e) an jede Person, von der wir vern\u00fcnftigerweise annehmen, dass sie bei einem Gericht oder einer anderen zust\u00e4ndigen Beh\u00f6rde die Offenlegung dieser personenbezogenen Daten beantragen k\u00f6nnte, wenn ein solches Gericht oder eine solche Beh\u00f6rde unserer Meinung nach vern\u00fcnftigerweise die Offenlegung dieser personenbezogenen Daten anordnen w\u00fcrde.<br \/>\nAu\u00dfer wie in dieser Richtlinie vorgesehen, werden wir Ihre Daten nicht an Dritte weitergeben.<br \/>\n(4) Internationaler Datentransfer<br \/>\nInformationen, die wir sammeln, k\u00f6nnen in einem der L\u00e4nder, in denen wir t\u00e4tig sind, gespeichert und verarbeitet werden und zwischen diesen L\u00e4ndern \u00fcbertragen werden, damit wir die Informationen in \u00dcbereinstimmung mit dieser Richtlinie verwenden k\u00f6nnen.<br \/>\nDie von Ihnen zur Verf\u00fcgung gestellten Informationen k\u00f6nnen in L\u00e4nder \u00fcbermittelt werden, in denen keine Datenschutzgesetze gelten, die denen des Europ\u00e4ischen Wirtschaftsraums entsprechen.<br \/>\nDar\u00fcber hinaus werden personenbezogene Daten, die Sie zur Ver\u00f6ffentlichung auf der Website einreichen, im Internet ver\u00f6ffentlicht und k\u00f6nnen \u00fcber das Internet auf der ganzen Welt verf\u00fcgbar sein. Wir k\u00f6nnen die Nutzung oder den Missbrauch solcher Informationen durch andere nicht verhindern.<br \/>\nSie stimmen einer solchen Weitergabe personenbezogener Daten ausdr\u00fccklich zu.<br \/>\n(5) Sicherheit Ihrer personenbezogenen Daten<br \/>\nWir treffen angemessene technische und organisatorische Vorkehrungen, um den Verlust, den Missbrauch oder die Ver\u00e4nderung Ihrer personenbezogenen Daten zu verhindern.<br \/>\nWir speichern alle von Ihnen zur Verf\u00fcgung gestellten pers\u00f6nlichen Daten auf unseren sicheren (passwort- und firewallgesch\u00fctzten) Servern.<br \/>\nSie erkennen an, dass die \u00dcbertragung von Informationen \u00fcber das Internet von Natur aus unsicher ist und wir die Sicherheit der \u00fcber das Internet gesendeten Daten nicht garantieren k\u00f6nnen.<br \/>\nSie sind daf\u00fcr verantwortlich, Ihr Passwort und andere Anmeldedaten geheim zu halten. Wir werden Sie nicht nach Ihrem Passwort fragen (es sei denn, Sie melden sich auf der Website an).<x id=\"gid_6\"><\/x>(6) \u00c4nderungen der Richtlinie<x id=\"gid_7\"><\/x>Wir k\u00f6nnen diese Richtlinie von Zeit zu Zeit aktualisieren, indem wir eine neue Version auf unserer Website ver\u00f6ffentlichen. Sie sollten diese Seite gelegentlich \u00fcberpr\u00fcfen, um sicherzustellen, dass Sie mit den \u00c4nderungen einverstanden sind.<x id=\"gid_8\"><\/x>(7) Ihre Rechte<x id=\"gid_9\"><\/x>Sie k\u00f6nnen uns anweisen, Ihnen alle pers\u00f6nlichen Daten, die wir \u00fcber Sie besitzen, zur Verf\u00fcgung zu stellen. Die Bereitstellung solcher Informationen ist an folgende Bedingungen gekn\u00fcpft:<x id=\"gid_10\"><\/x>(a) die Zahlung einer Geb\u00fchr (derzeit 10 GBP) und<x id=\"gid_11\"><\/x>(b) die Vorlage eines angemessenen Nachweises Ihrer Identit\u00e4t (zu diesem Zweck akzeptieren wir in der Regel eine von einem Anwalt oder einer Bank beglaubigte Fotokopie Ihres Reisepasses sowie das Original einer Rechnung eines Versorgungsunternehmens, aus der Ihre aktuelle Adresse hervorgeht).<x id=\"gid_12\"><\/x>Wir k\u00f6nnen solche pers\u00f6nlichen Informationen zur\u00fcckhalten, soweit dies gesetzlich zul\u00e4ssig ist.<x id=\"gid_13\"><\/x>Sie k\u00f6nnen uns anweisen, Ihre pers\u00f6nlichen Daten nicht f\u00fcr Marketingzwecke zu verarbeiten.    In der Praxis werden Sie in der Regel entweder im Voraus ausdr\u00fccklich zustimmen, dass wir Ihre personenbezogenen Daten f\u00fcr Marketingzwecke verwenden, oder wir werden Ihnen die M\u00f6glichkeit geben, die Verwendung Ihrer personenbezogenen Daten f\u00fcr Marketingzwecke abzulehnen.<br \/>\n(8) Websites Dritter<br \/>\nDie Website enth\u00e4lt Links zu anderen Websites. Wir sind nicht f\u00fcr die Datenschutzrichtlinien oder -praktiken von Websites Dritter verantwortlich.<x id=\"gid_2\"><\/x>(9) Aktualisierung von Informationen<x id=\"gid_3\"><\/x>Bitte teilen Sie uns mit, wenn die pers\u00f6nlichen Daten, die wir \u00fcber Sie gespeichert haben, korrigiert oder aktualisiert werden m\u00fcssen (diese Informationen k\u00f6nnen \u00fcber Ihr Login-Dashboard aktualisiert werden).<x id=\"gid_4\"><\/x>TEIL B: COOKIES<x id=\"gid_5\"><\/x>(10) \u00dcber Cookies<x id=\"gid_6\"><\/x>Ein Cookie ist eine Datei, die eine Kennung (eine Zeichenfolge aus Buchstaben und Zahlen) enth\u00e4lt, die von einem Webserver an einen Webbrowser gesendet und vom Browser gespeichert wird.  Die Kennung wird dann jedes Mal an den Server zur\u00fcckgeschickt, wenn der Browser eine Seite vom Server anfordert.<br \/>\nCookies k\u00f6nnen von Webservern verwendet werden, um Benutzer zu identifizieren und zu verfolgen, w\u00e4hrend sie auf verschiedenen Seiten einer Website navigieren, und um Benutzer zu identifizieren, die eine Website erneut besuchen.<br \/>\nCookies k\u00f6nnen entweder &#8222;dauerhafte&#8220; Cookies oder &#8222;Sitzungscookies&#8220; sein.<br \/>\nEin dauerhafter Cookie besteht aus einer Textdatei, die von einem Webserver an einen Webbrowser gesendet wird. Sie wird vom Browser gespeichert und bleibt bis zu ihrem festgelegten Ablaufdatum g\u00fcltig (es sei denn, sie wird vom Benutzer vor dem Ablaufdatum gel\u00f6scht).<br \/>\nEin Sitzungs-Cookie hingegen verf\u00e4llt am Ende der Benutzersitzung, wenn der Webbrowser geschlossen wird.<br \/>\n(11) Unsere Cookies<br \/>\nWir verwenden auf dieser Website sowohl Sitzungscookies als auch dauerhafte Cookies.<br \/>\n(12) Cookies von Drittanbietern und Analyse-Cookies<br \/>\nWenn Sie unsere Website nutzen, k\u00f6nnen auch Cookies von Drittanbietern an Sie gesendet werden.<br \/>\nUnsere Werbekunden k\u00f6nnen Ihnen Cookies senden. Sie k\u00f6nnen die Informationen, die sie aus Ihrer Nutzung ihrer Cookies erhalten, verwenden:<br \/>\n(a) um ein Profil Ihres Surfverhaltens zu erstellen; und<br \/>\n(b) um gezielt Werbung zu schalten, die f\u00fcr Sie von besonderem Interesse sein k\u00f6nnte.<br \/>\nDar\u00fcber hinaus verwenden wir Google Analytics, um die Nutzung dieser Website zu analysieren. Google Analytics generiert statistische und andere Informationen \u00fcber die Nutzung der Website mit Hilfe von Cookies, die auf den Computern der Benutzer gespeichert werden. Die im Zusammenhang mit unserer Website generierten Informationen werden verwendet, um Berichte \u00fcber die Nutzung der Website zu erstellen. Google wird diese Informationen speichern. Die Datenschutzbestimmungen von Google finden Sie unter: http:\/\/www.google.com\/privacypolicy.html.<br \/>\nWir k\u00f6nnen auf unserer Website interessenbezogene Werbung von Google AdSense ver\u00f6ffentlichen. Diese werden von Google auf Ihre Interessen zugeschnitten. Um Ihre Interessen zu ermitteln, wird Google Ihr Verhalten auf unserer Website und auf anderen Websites im Internet mithilfe des DART-Cookies verfolgen. Sie k\u00f6nnen die mit Ihrem Browser verkn\u00fcpften Interessenkategorien \u00fcber den Google Ads Preference Manager einsehen, l\u00f6schen oder hinzuf\u00fcgen, der unter folgender Adresse verf\u00fcgbar ist: http:\/\/www.google.com\/ads\/preferences\/. Sie k\u00f6nnen das Cookie des AdSense-Partnernetzwerks deaktivieren unter: http:\/\/www.google.com\/privacy\/ads\/ oder mit dem Multi-Cookie-Opt-out-Mechanismus der Network Advertising Initiative der NAI unter: http:\/\/www.networkadvertising.org\/managing\/opt_out.asp. Diese Opt-Out-Mechanismen verwenden jedoch Cookies, und wenn Sie die Cookies in Ihrem Browser l\u00f6schen, wird Ihr Opt-Out nicht beibehalten. Um sicherzustellen, dass ein Opt-Out f\u00fcr einen bestimmten Browser beibehalten wird, sollten Sie das Google-Browser-Plugin verwenden, das Sie unter folgender Adresse finden: http:\/\/www.google.com\/ads\/preferences\/plugin.<br \/>\n(13) Cookies und pers\u00f6nliche Daten<br \/>\nCookies enthalten keine Informationen, die Sie pers\u00f6nlich identifizieren, aber pers\u00f6nliche Daten, die wir \u00fcber Sie speichern, k\u00f6nnen von uns mit den in Cookies gespeicherten und von ihnen erhaltenen Informationen verkn\u00fcpft werden.<br \/>\n(14) Blockieren von Cookies<br \/>\nDie meisten Browser erm\u00f6glichen es Ihnen, die Annahme von Cookies zu verweigern. Zum Beispiel:<br \/>\n(a) Im Internet Explorer (Version 9) k\u00f6nnen Sie Cookies blockieren, indem Sie auf &#8222;Extras&#8220;, &#8222;Internetoptionen&#8220;, &#8222;Datenschutz&#8220; und dann auf &#8222;Erweitert&#8220; klicken, um die Einstellungen f\u00fcr die Cookie-Behandlung zu \u00fcberschreiben;<br \/>\n(b) in Firefox (Version 16) k\u00f6nnen Sie alle Cookies blockieren, indem Sie auf &#8222;Extras&#8220;, &#8222;Optionen&#8220;, &#8222;Datenschutz&#8220; klicken, im Dropdown-Men\u00fc &#8222;Benutzerdefinierte Einstellungen f\u00fcr den Verlauf verwenden&#8220; ausw\u00e4hlen und das H\u00e4kchen bei &#8222;Cookies von Websites akzeptieren&#8220; entfernen; und<br \/>\n(c) In Chrome (Version 23) k\u00f6nnen Sie alle Cookies blockieren, indem Sie das Men\u00fc &#8222;Anpassen und Kontrollieren&#8220; aufrufen und auf &#8222;Einstellungen&#8220;, &#8222;Erweiterte Einstellungen anzeigen&#8220; und &#8222;Inhaltseinstellungen&#8220; klicken und dann unter der \u00dcberschrift &#8222;Cookies&#8220; die Option &#8222;Websites am Setzen von Daten hindern&#8220; ausw\u00e4hlen.<br \/>\nDas Blockieren aller Cookies wird sich jedoch negativ auf die Benutzerfreundlichkeit vieler Websites auswirken.<br \/>\nWenn Sie Cookies blockieren, k\u00f6nnen Sie m\u00f6glicherweise nicht alle Funktionen auf dieser Website nutzen.<br \/>\n(15) L\u00f6schen von Cookies<br \/>\nSie k\u00f6nnen auch bereits auf Ihrem Computer gespeicherte Cookies l\u00f6schen. Zum Beispiel:<br \/>\n(a) im Internet Explorer (Version 9) m\u00fcssen Sie Cookie-Dateien manuell l\u00f6schen (eine Anleitung dazu finden Sie unter http:\/\/support.microsoft.com\/kb\/278835);<br \/>\n(b) in Firefox (Version 16) k\u00f6nnen Sie Cookies l\u00f6schen, indem Sie auf &#8222;Extras&#8220;, &#8222;Optionen&#8220;, &#8222;Datenschutz&#8220; und dann auf &#8222;Cookies anzeigen&#8220; und anschlie\u00dfend auf &#8222;Alle Cookies entfernen&#8220; klicken; und<br \/>\n(c) In Chrome (Version 23) k\u00f6nnen Sie alle Cookies l\u00f6schen, indem Sie das Men\u00fc &#8222;Anpassen und Steuern&#8220; aufrufen und auf &#8222;Einstellungen&#8220;, &#8222;Erweiterte Einstellungen anzeigen&#8220; und &#8222;Browserdaten l\u00f6schen&#8220; klicken und dann &#8222;Cookies und andere Website- und Plugin-Daten l\u00f6schen&#8220; ausw\u00e4hlen, bevor Sie auf &#8222;Browserdaten l\u00f6schen&#8220; klicken.<br \/>\nAuch dies kann sich negativ auf die Benutzerfreundlichkeit vieler Websites auswirken.<br \/>\nTEIL C: UNSERE DETAILS<br \/>\n(16) Kontaktieren Sie uns<br \/>\nDiese Website ist Eigentum und wird betrieben von Helm 28 LTD<br \/>\nWenn Sie Fragen zu unseren Cookies oder dieser Richtlinie haben, kontaktieren Sie uns bitte:<br \/>\n(a) per E-Mail an support@helmet28.com:<br \/>\n(b) per Post an Helmet 28 LTD Clifton Square, Alderley Edge, Cheshire, SK9 7NW<\/p>\n","protected":false},"excerpt":{"rendered":"<p>Wir verpflichten uns, die Privatsph\u00e4re unserer Website-Besucher und -Nutzer zu sch\u00fctzen; diese Richtlinie legt fest, wie wir mit Ihren pers\u00f6nlichen Daten umgehen. Diese Richtlinie ist in drei Teile gegliedert: ~ Teil A enth\u00e4lt Informationen \u00fcber die Erfassung und Verwendung personenbezogener Daten durch uns; ~ Teil B enth\u00e4lt Informationen \u00fcber die auf dieser Website verwendeten Cookies; [&hellip;]<\/p>\n","protected":false},"author":1,"featured_media":0,"parent":0,"menu_order":0,"comment_status":"closed","ping_status":"closed","template":"templates\/fullwidth.php","meta":{"_acf_changed":false,"footnotes":""},"class_list":["post-28419","page","type-page","status-publish","hentry"],"acf":[],"yoast_head":"<!-- This site is optimized with the Yoast SEO plugin v27.0 - https:\/\/yoast.com\/product\/yoast-seo-wordpress\/ -->\n<title>Datenschutz &amp; Cookies Richtlinie - Zamp Helmets | Helmet 28 EU<\/title>\n<meta name=\"robots\" content=\"index, follow, max-snippet:-1, max-image-preview:large, max-video-preview:-1\" \/>\n<link rel=\"canonical\" href=\"https:\/\/zamphelmets.co\/de\/datenschutz-cookies-richtlinie\/\" \/>\n<meta property=\"og:locale\" content=\"de_DE\" \/>\n<meta property=\"og:type\" content=\"article\" \/>\n<meta property=\"og:title\" content=\"Datenschutz &amp; Cookies Richtlinie - Zamp Helmets | Helmet 28 EU\" \/>\n<meta property=\"og:description\" content=\"Wir verpflichten uns, die Privatsph\u00e4re unserer Website-Besucher und -Nutzer zu sch\u00fctzen; diese Richtlinie legt fest, wie wir mit Ihren pers\u00f6nlichen Daten umgehen. Diese Richtlinie ist in drei Teile gegliedert: ~ Teil A enth\u00e4lt Informationen \u00fcber die Erfassung und Verwendung personenbezogener Daten durch uns; ~ Teil B enth\u00e4lt Informationen \u00fcber die auf dieser Website verwendeten Cookies; [&hellip;]\" \/>\n<meta property=\"og:url\" content=\"https:\/\/zamphelmets.co\/de\/datenschutz-cookies-richtlinie\/\" \/>\n<meta property=\"og:site_name\" content=\"Zamp Helmets | Helmet 28 EU\" \/>\n<meta property=\"article:modified_time\" content=\"2026-02-16T15:06:37+00:00\" \/>\n<meta name=\"twitter:card\" content=\"summary_large_image\" \/>\n<meta name=\"twitter:label1\" content=\"Est. reading time\" \/>\n\t<meta name=\"twitter:data1\" content=\"11 Minuten\" \/>\n<script type=\"application\/ld+json\" class=\"yoast-schema-graph\">{\"@context\":\"https:\/\/schema.org\",\"@graph\":[{\"@type\":\"WebPage\",\"@id\":\"https:\/\/zamphelmets.co\/de\/datenschutz-cookies-richtlinie\/\",\"url\":\"https:\/\/zamphelmets.co\/de\/datenschutz-cookies-richtlinie\/\",\"name\":\"Datenschutz &amp; Cookies Richtlinie - Zamp Helmets | Helmet 28 EU\",\"isPartOf\":{\"@id\":\"https:\/\/zamphelmets.co\/de\/#website\"},\"datePublished\":\"2024-07-16T12:57:09+00:00\",\"dateModified\":\"2026-02-16T15:06:37+00:00\",\"inLanguage\":\"de-DE\",\"potentialAction\":[{\"@type\":\"ReadAction\",\"target\":[\"https:\/\/zamphelmets.co\/de\/datenschutz-cookies-richtlinie\/\"]}]},{\"@type\":\"WebSite\",\"@id\":\"https:\/\/zamphelmets.co\/de\/#website\",\"url\":\"https:\/\/zamphelmets.co\/de\/\",\"name\":\"Zamp Helmets | Helmet 28 EU\",\"description\":\"High Quality Motorsport Helmets\",\"potentialAction\":[{\"@type\":\"SearchAction\",\"target\":{\"@type\":\"EntryPoint\",\"urlTemplate\":\"https:\/\/zamphelmets.co\/de\/?s={search_term_string}\"},\"query-input\":{\"@type\":\"PropertyValueSpecification\",\"valueRequired\":true,\"valueName\":\"search_term_string\"}}],\"inLanguage\":\"de-DE\"}]}<\/script>\n<!-- \/ Yoast SEO plugin. -->","yoast_head_json":{"title":"Datenschutz &amp; Cookies Richtlinie - Zamp Helmets | Helmet 28 EU","robots":{"index":"index","follow":"follow","max-snippet":"max-snippet:-1","max-image-preview":"max-image-preview:large","max-video-preview":"max-video-preview:-1"},"canonical":"https:\/\/zamphelmets.co\/de\/datenschutz-cookies-richtlinie\/","og_locale":"de_DE","og_type":"article","og_title":"Datenschutz &amp; Cookies Richtlinie - Zamp Helmets | Helmet 28 EU","og_description":"Wir verpflichten uns, die Privatsph\u00e4re unserer Website-Besucher und -Nutzer zu sch\u00fctzen; diese Richtlinie legt fest, wie wir mit Ihren pers\u00f6nlichen Daten umgehen. Diese Richtlinie ist in drei Teile gegliedert: ~ Teil A enth\u00e4lt Informationen \u00fcber die Erfassung und Verwendung personenbezogener Daten durch uns; ~ Teil B enth\u00e4lt Informationen \u00fcber die auf dieser Website verwendeten Cookies; [&hellip;]","og_url":"https:\/\/zamphelmets.co\/de\/datenschutz-cookies-richtlinie\/","og_site_name":"Zamp Helmets | Helmet 28 EU","article_modified_time":"2026-02-16T15:06:37+00:00","twitter_card":"summary_large_image","twitter_misc":{"Est. reading time":"11 Minuten"},"schema":{"@context":"https:\/\/schema.org","@graph":[{"@type":"WebPage","@id":"https:\/\/zamphelmets.co\/de\/datenschutz-cookies-richtlinie\/","url":"https:\/\/zamphelmets.co\/de\/datenschutz-cookies-richtlinie\/","name":"Datenschutz &amp; Cookies Richtlinie - Zamp Helmets | Helmet 28 EU","isPartOf":{"@id":"https:\/\/zamphelmets.co\/de\/#website"},"datePublished":"2024-07-16T12:57:09+00:00","dateModified":"2026-02-16T15:06:37+00:00","inLanguage":"de-DE","potentialAction":[{"@type":"ReadAction","target":["https:\/\/zamphelmets.co\/de\/datenschutz-cookies-richtlinie\/"]}]},{"@type":"WebSite","@id":"https:\/\/zamphelmets.co\/de\/#website","url":"https:\/\/zamphelmets.co\/de\/","name":"Zamp Helmets | Helmet 28 EU","description":"High Quality Motorsport Helmets","potentialAction":[{"@type":"SearchAction","target":{"@type":"EntryPoint","urlTemplate":"https:\/\/zamphelmets.co\/de\/?s={search_term_string}"},"query-input":{"@type":"PropertyValueSpecification","valueRequired":true,"valueName":"search_term_string"}}],"inLanguage":"de-DE"}]}},"_links":{"self":[{"href":"https:\/\/zamphelmets.co\/de\/wp-json\/wp\/v2\/pages\/28419","targetHints":{"allow":["GET"]}}],"collection":[{"href":"https:\/\/zamphelmets.co\/de\/wp-json\/wp\/v2\/pages"}],"about":[{"href":"https:\/\/zamphelmets.co\/de\/wp-json\/wp\/v2\/types\/page"}],"author":[{"embeddable":true,"href":"https:\/\/zamphelmets.co\/de\/wp-json\/wp\/v2\/users\/1"}],"replies":[{"embeddable":true,"href":"https:\/\/zamphelmets.co\/de\/wp-json\/wp\/v2\/comments?post=28419"}],"version-history":[{"count":1,"href":"https:\/\/zamphelmets.co\/de\/wp-json\/wp\/v2\/pages\/28419\/revisions"}],"predecessor-version":[{"id":203605,"href":"https:\/\/zamphelmets.co\/de\/wp-json\/wp\/v2\/pages\/28419\/revisions\/203605"}],"wp:attachment":[{"href":"https:\/\/zamphelmets.co\/de\/wp-json\/wp\/v2\/media?parent=28419"}],"curies":[{"name":"wp","href":"https:\/\/api.w.org\/{rel}","templated":true}]}}