{"id":22175,"date":"2023-12-21T10:17:19","date_gmt":"2023-12-21T10:17:19","guid":{"rendered":"https:\/\/zamphelmets.co\/zahlungsarten\/"},"modified":"2023-12-21T10:17:19","modified_gmt":"2023-12-21T10:17:19","slug":"zahlungsarten","status":"publish","type":"page","link":"https:\/\/zamphelmets.co\/de\/zahlungsarten\/","title":{"rendered":"Zahlungsarten"},"content":{"rendered":"<p>Wir haben mehrere M\u00f6glichkeiten, wie Sie Ihre Bestellung bei Zamp Helmets EU bezahlen k\u00f6nnen. Unten finden Sie weitere Informationen zu Ihren Zahlungsm\u00f6glichkeiten:<\/p>\n<h2>Mit Karte bezahlen  <img decoding=\"async\" class=\"alignnone wp-image-8747 lazyload\" style=\"--smush-placeholder-width: 68px; --smush-placeholder-aspect-ratio: 68\/38;font-size: 16px;\" data-src=\"https:\/\/zamphelmets.co\/wp-content\/uploads\/2023\/12\/visa-logo-800x450-1-300x169.jpg\" alt=\"\" width=\"68\" height=\"38\" data-srcset=\"https:\/\/zamphelmets.co\/wp-content\/uploads\/2023\/12\/visa-logo-800x450-1-300x169.jpg 300w, https:\/\/zamphelmets.co\/wp-content\/uploads\/2023\/12\/visa-logo-800x450-1-768x432.jpg 768w, https:\/\/zamphelmets.co\/wp-content\/uploads\/2023\/12\/visa-logo-800x450-1-600x338.jpg 600w, https:\/\/zamphelmets.co\/wp-content\/uploads\/2023\/12\/visa-logo-800x450-1.jpg 800w\" data-sizes=\"(max-width: 68px) 100vw, 68px\" src=\"data:image\/svg+xml;base64,PHN2ZyB3aWR0aD0iMSIgaGVpZ2h0PSIxIiB4bWxucz0iaHR0cDovL3d3dy53My5vcmcvMjAwMC9zdmciPjwvc3ZnPg==\" \/><img decoding=\"async\" class=\"alignnone wp-image-8749 lazyload\" data-src=\"https:\/\/zamphelmets.co\/wp-content\/uploads\/2023\/12\/mastercard-og-image-e1703153294945-300x193.png\" alt=\"\" width=\"44\" height=\"28\" data-srcset=\"https:\/\/zamphelmets.co\/wp-content\/uploads\/2023\/12\/mastercard-og-image-e1703153294945-300x193.png 300w, https:\/\/zamphelmets.co\/wp-content\/uploads\/2023\/12\/mastercard-og-image-e1703153294945-1024x659.png 1024w, https:\/\/zamphelmets.co\/wp-content\/uploads\/2023\/12\/mastercard-og-image-e1703153294945-768x494.png 768w, https:\/\/zamphelmets.co\/wp-content\/uploads\/2023\/12\/mastercard-og-image-e1703153294945-1536x989.png 1536w, https:\/\/zamphelmets.co\/wp-content\/uploads\/2023\/12\/mastercard-og-image-e1703153294945-2048x1318.png 2048w, https:\/\/zamphelmets.co\/wp-content\/uploads\/2023\/12\/mastercard-og-image-e1703153294945-600x386.png 600w\" data-sizes=\"(max-width: 44px) 100vw, 44px\" src=\"data:image\/svg+xml;base64,PHN2ZyB3aWR0aD0iMSIgaGVpZ2h0PSIxIiB4bWxucz0iaHR0cDovL3d3dy53My5vcmcvMjAwMC9zdmciPjwvc3ZnPg==\" style=\"--smush-placeholder-width: 44px; --smush-placeholder-aspect-ratio: 44\/28;\" \/><\/h2>\n<p>Geben Sie einfach Ihre Kartendaten an der Kasse ein und Ihre Transaktion wird sicher mit Stripe abgewickelt.<\/p>\n<h2>Revolut Pay  <img decoding=\"async\" class=\"alignnone wp-image-8750 lazyload\" data-src=\"https:\/\/zamphelmets.co\/wp-content\/uploads\/2023\/12\/Revolut-Symbol-e1703153388116-255x300.png\" alt=\"\" width=\"25\" height=\"29\" data-srcset=\"https:\/\/zamphelmets.co\/wp-content\/uploads\/2023\/12\/Revolut-Symbol-e1703153388116-255x300.png 255w, https:\/\/zamphelmets.co\/wp-content\/uploads\/2023\/12\/Revolut-Symbol-e1703153388116.png 382w\" data-sizes=\"(max-width: 25px) 100vw, 25px\" src=\"data:image\/svg+xml;base64,PHN2ZyB3aWR0aD0iMSIgaGVpZ2h0PSIxIiB4bWxucz0iaHR0cDovL3d3dy53My5vcmcvMjAwMC9zdmciPjwvc3ZnPg==\" style=\"--smush-placeholder-width: 25px; --smush-placeholder-aspect-ratio: 25\/29;\" \/><\/h2>\n<p>Eine beliebte Zahlungsmethode f\u00fcr diejenigen, die Cashback erhalten und zus\u00e4tzliche Geb\u00fchren mit einer Revolut-Karte und einem Revolut-Konto vermeiden m\u00f6chten.<\/p>\n<h2>SOFORT  <img decoding=\"async\" class=\"alignnone wp-image-8751 lazyload\" data-src=\"https:\/\/zamphelmets.co\/wp-content\/uploads\/2023\/12\/sofort-logo1-300x120.webp\" alt=\"\" width=\"90\" height=\"36\" data-srcset=\"https:\/\/zamphelmets.co\/wp-content\/uploads\/2023\/12\/sofort-logo1-300x120.webp 300w, https:\/\/zamphelmets.co\/wp-content\/uploads\/2023\/12\/sofort-logo1.webp 400w\" data-sizes=\"(max-width: 90px) 100vw, 90px\" src=\"data:image\/svg+xml;base64,PHN2ZyB3aWR0aD0iMSIgaGVpZ2h0PSIxIiB4bWxucz0iaHR0cDovL3d3dy53My5vcmcvMjAwMC9zdmciPjwvc3ZnPg==\" style=\"--smush-placeholder-width: 90px; --smush-placeholder-aspect-ratio: 90\/36;\" \/><\/h2>\n<p>Sofort, auch bekannt als Pay Now, erm\u00f6glicht Ihnen eine schnelle und einfache Bezahlung Ihrer Online-Eink\u00e4ufe mit Ihren Online-Banking-Daten.<\/p>\n<h2>iDeal  <img decoding=\"async\" class=\"alignnone wp-image-8752 lazyload\" data-src=\"https:\/\/zamphelmets.co\/wp-content\/uploads\/2023\/12\/1687139-300x300.png\" alt=\"\" width=\"47\" height=\"47\" data-srcset=\"https:\/\/zamphelmets.co\/wp-content\/uploads\/2023\/12\/1687139-300x300.png 300w, https:\/\/zamphelmets.co\/wp-content\/uploads\/2023\/12\/1687139-150x150.png 150w, https:\/\/zamphelmets.co\/wp-content\/uploads\/2023\/12\/1687139-100x100.png 100w, https:\/\/zamphelmets.co\/wp-content\/uploads\/2023\/12\/1687139.png 512w\" data-sizes=\"(max-width: 47px) 100vw, 47px\" src=\"data:image\/svg+xml;base64,PHN2ZyB3aWR0aD0iMSIgaGVpZ2h0PSIxIiB4bWxucz0iaHR0cDovL3d3dy53My5vcmcvMjAwMC9zdmciPjwvc3ZnPg==\" style=\"--smush-placeholder-width: 47px; --smush-placeholder-aspect-ratio: 47\/47;\" \/><\/h2>\n<p>iDEAL ist eine in den Niederlanden ans\u00e4ssige Zahlungsmethode, die es Kunden erm\u00f6glicht, Transaktionen online unter Verwendung ihrer Bankdaten durchzuf\u00fchren. Alle gro\u00dfen niederl\u00e4ndischen Banken sind Mitglieder von Currence, dem Betreiber von iDEAL, und machen es damit zur beliebtesten Online-Zahlungsmethode in den Niederlanden.<\/p>\n<h2>Klarna &#8211; Jetzt kaufen, sp\u00e4ter bezahlen  <img decoding=\"async\" class=\"alignnone wp-image-8753 lazyload\" data-src=\"https:\/\/zamphelmets.co\/wp-content\/uploads\/2023\/12\/1280px-Klarna_Payment_Badge.svg_-300x167.png\" alt=\"\" width=\"60\" height=\"33\" data-srcset=\"https:\/\/zamphelmets.co\/wp-content\/uploads\/2023\/12\/1280px-Klarna_Payment_Badge.svg_-300x167.png 300w, https:\/\/zamphelmets.co\/wp-content\/uploads\/2023\/12\/1280px-Klarna_Payment_Badge.svg_-1024x570.png 1024w, https:\/\/zamphelmets.co\/wp-content\/uploads\/2023\/12\/1280px-Klarna_Payment_Badge.svg_-768x427.png 768w, https:\/\/zamphelmets.co\/wp-content\/uploads\/2023\/12\/1280px-Klarna_Payment_Badge.svg_-600x334.png 600w, https:\/\/zamphelmets.co\/wp-content\/uploads\/2023\/12\/1280px-Klarna_Payment_Badge.svg_.png 1280w\" data-sizes=\"(max-width: 60px) 100vw, 60px\" src=\"data:image\/svg+xml;base64,PHN2ZyB3aWR0aD0iMSIgaGVpZ2h0PSIxIiB4bWxucz0iaHR0cDovL3d3dy53My5vcmcvMjAwMC9zdmciPjwvc3ZnPg==\" style=\"--smush-placeholder-width: 60px; --smush-placeholder-aspect-ratio: 60\/33;\" \/><\/h2>\n<p>Mit Klarna k\u00f6nnen Sie bei all Ihren Lieblingsh\u00e4ndlern jetzt einkaufen und sp\u00e4ter bezahlen. Teilen Sie den Kauf in 3 einfache und \u00fcberschaubare Raten auf.<\/p>\n<h2>PayPal  <img decoding=\"async\" class=\"alignnone wp-image-8754 lazyload\" data-src=\"https:\/\/zamphelmets.co\/wp-content\/uploads\/2023\/12\/PayPal_Logo_Icon_2014.svg_-244x300.png\" alt=\"\" width=\"26\" height=\"32\" data-srcset=\"https:\/\/zamphelmets.co\/wp-content\/uploads\/2023\/12\/PayPal_Logo_Icon_2014.svg_-244x300.png 244w, https:\/\/zamphelmets.co\/wp-content\/uploads\/2023\/12\/PayPal_Logo_Icon_2014.svg_-832x1024.png 832w, https:\/\/zamphelmets.co\/wp-content\/uploads\/2023\/12\/PayPal_Logo_Icon_2014.svg_-768x945.png 768w, https:\/\/zamphelmets.co\/wp-content\/uploads\/2023\/12\/PayPal_Logo_Icon_2014.svg_-1248x1536.png 1248w, https:\/\/zamphelmets.co\/wp-content\/uploads\/2023\/12\/PayPal_Logo_Icon_2014.svg_-600x738.png 600w, https:\/\/zamphelmets.co\/wp-content\/uploads\/2023\/12\/PayPal_Logo_Icon_2014.svg_.png 1664w\" data-sizes=\"(max-width: 26px) 100vw, 26px\" src=\"data:image\/svg+xml;base64,PHN2ZyB3aWR0aD0iMSIgaGVpZ2h0PSIxIiB4bWxucz0iaHR0cDovL3d3dy53My5vcmcvMjAwMC9zdmciPjwvc3ZnPg==\" style=\"--smush-placeholder-width: 26px; --smush-placeholder-aspect-ratio: 26\/32;\" \/><\/h2>\n<p>Mit PayPal k\u00f6nnen Sie weltweit sicher Zahlungen an Privatpersonen oder Unternehmen t\u00e4tigen. Sie brauchen Ihre Bankdaten nicht einzugeben. Melden Sie sich einfach an der Kasse bei Ihrem PayPal-Konto an und kaufen Sie mit einem Mausklick.<\/p>\n<h2>SEPA-Lastschriftverfahren  <img decoding=\"async\" class=\"alignnone wp-image-8755 lazyload\" data-src=\"https:\/\/zamphelmets.co\/wp-content\/uploads\/2023\/12\/sepa1593-e1703153654243-300x298.jpg\" alt=\"\" width=\"45\" height=\"45\" data-srcset=\"https:\/\/zamphelmets.co\/wp-content\/uploads\/2023\/12\/sepa1593-e1703153654243-300x300.jpg 300w, https:\/\/zamphelmets.co\/wp-content\/uploads\/2023\/12\/sepa1593-e1703153654243-150x150.jpg 150w, https:\/\/zamphelmets.co\/wp-content\/uploads\/2023\/12\/sepa1593-e1703153654243-100x100.jpg 100w, https:\/\/zamphelmets.co\/wp-content\/uploads\/2023\/12\/sepa1593-e1703153654243.jpg 499w\" data-sizes=\"(max-width: 45px) 100vw, 45px\" src=\"data:image\/svg+xml;base64,PHN2ZyB3aWR0aD0iMSIgaGVpZ2h0PSIxIiB4bWxucz0iaHR0cDovL3d3dy53My5vcmcvMjAwMC9zdmciPjwvc3ZnPg==\" style=\"--smush-placeholder-width: 45px; --smush-placeholder-aspect-ratio: 45\/45;\" \/><\/h2>\n<p>SEPA Direct Debit ist ein europaweites Lastschriftverfahren, das es H\u00e4ndlern erm\u00f6glicht, Zahlungen in Euro von Konten in den 34 SEPA-L\u00e4ndern einzuziehen.<\/p>\n<h2>Bancontact  <img decoding=\"async\" class=\"alignnone wp-image-8756 lazyload\" data-src=\"https:\/\/zamphelmets.co\/wp-content\/uploads\/2023\/12\/1280px-Bancontact_logo.svg_-300x213.png\" alt=\"\" width=\"61\" height=\"43\" data-srcset=\"https:\/\/zamphelmets.co\/wp-content\/uploads\/2023\/12\/1280px-Bancontact_logo.svg_-300x213.png 300w, https:\/\/zamphelmets.co\/wp-content\/uploads\/2023\/12\/1280px-Bancontact_logo.svg_-1024x726.png 1024w, https:\/\/zamphelmets.co\/wp-content\/uploads\/2023\/12\/1280px-Bancontact_logo.svg_-768x544.png 768w, https:\/\/zamphelmets.co\/wp-content\/uploads\/2023\/12\/1280px-Bancontact_logo.svg_-600x425.png 600w, https:\/\/zamphelmets.co\/wp-content\/uploads\/2023\/12\/1280px-Bancontact_logo.svg_.png 1280w\" data-sizes=\"(max-width: 61px) 100vw, 61px\" src=\"data:image\/svg+xml;base64,PHN2ZyB3aWR0aD0iMSIgaGVpZ2h0PSIxIiB4bWxucz0iaHR0cDovL3d3dy53My5vcmcvMjAwMC9zdmciPjwvc3ZnPg==\" style=\"--smush-placeholder-width: 61px; --smush-placeholder-aspect-ratio: 61\/43;\" \/><\/h2>\n<p>Kunden verwenden eine Bancontact-Karte oder eine mobile App, die mit einem belgischen Bankkonto verbunden ist, um Online-Zahlungen vorzunehmen, die sicher und garantiert sind und sofort best\u00e4tigt werden.<\/p>\n<h2>Giropay  <img decoding=\"async\" class=\"alignnone wp-image-8757 lazyload\" data-src=\"https:\/\/zamphelmets.co\/wp-content\/uploads\/2023\/12\/1200px-Giropay.svg_-300x139.png\" alt=\"\" width=\"52\" height=\"24\" data-srcset=\"https:\/\/zamphelmets.co\/wp-content\/uploads\/2023\/12\/1200px-Giropay.svg_-300x139.png 300w, https:\/\/zamphelmets.co\/wp-content\/uploads\/2023\/12\/1200px-Giropay.svg_-1024x473.png 1024w, https:\/\/zamphelmets.co\/wp-content\/uploads\/2023\/12\/1200px-Giropay.svg_-768x355.png 768w, https:\/\/zamphelmets.co\/wp-content\/uploads\/2023\/12\/1200px-Giropay.svg_-600x277.png 600w, https:\/\/zamphelmets.co\/wp-content\/uploads\/2023\/12\/1200px-Giropay.svg_.png 1200w\" data-sizes=\"(max-width: 52px) 100vw, 52px\" src=\"data:image\/svg+xml;base64,PHN2ZyB3aWR0aD0iMSIgaGVpZ2h0PSIxIiB4bWxucz0iaHR0cDovL3d3dy53My5vcmcvMjAwMC9zdmciPjwvc3ZnPg==\" style=\"--smush-placeholder-width: 52px; --smush-placeholder-aspect-ratio: 52\/24;\" \/><\/h2>\n<p>Giropay ist eine deutsche Zahlungsmethode, die auf Online-Banking basiert und 2006 eingef\u00fchrt wurde. Es erm\u00f6glicht den Kunden, Transaktionen online \u00fcber ihre Online-Banking-Umgebung durchzuf\u00fchren, wobei der Betrag von ihrem Bankkonto abgebucht wird.<\/p>\n<h2>Multibanco  <img decoding=\"async\" class=\"alignnone wp-image-8758 lazyload\" data-src=\"https:\/\/zamphelmets.co\/wp-content\/uploads\/2023\/12\/multibanco-logo-vector-e1703153790341-260x300.png\" alt=\"\" width=\"39\" height=\"45\" data-srcset=\"https:\/\/zamphelmets.co\/wp-content\/uploads\/2023\/12\/multibanco-logo-vector-e1703153790341-260x300.png 260w, https:\/\/zamphelmets.co\/wp-content\/uploads\/2023\/12\/multibanco-logo-vector-e1703153790341.png 432w\" data-sizes=\"(max-width: 39px) 100vw, 39px\" src=\"data:image\/svg+xml;base64,PHN2ZyB3aWR0aD0iMSIgaGVpZ2h0PSIxIiB4bWxucz0iaHR0cDovL3d3dy53My5vcmcvMjAwMC9zdmciPjwvc3ZnPg==\" style=\"--smush-placeholder-width: 39px; --smush-placeholder-aspect-ratio: 39\/45;\" \/><\/h2>\n<p>Multibanco ist die Marke des inl\u00e4ndischen Zahlungssystems, das es portugiesischen K\u00e4ufern erm\u00f6glicht, online gekaufte Waren oder Dienstleistungen \u00fcber Geldautomaten oder Online-Banking zu bezahlen.<\/p>\n","protected":false},"excerpt":{"rendered":"<p>Wir haben mehrere M\u00f6glichkeiten, wie Sie Ihre Bestellung bei Zamp Helmets EU bezahlen k\u00f6nnen. Unten finden Sie weitere Informationen zu Ihren Zahlungsm\u00f6glichkeiten: Mit Karte bezahlen Geben Sie einfach Ihre Kartendaten an der Kasse ein und Ihre Transaktion wird sicher mit Stripe abgewickelt. Revolut Pay Eine beliebte Zahlungsmethode f\u00fcr diejenigen, die Cashback erhalten und zus\u00e4tzliche Geb\u00fchren [&hellip;]<\/p>\n","protected":false},"author":2,"featured_media":0,"parent":0,"menu_order":0,"comment_status":"closed","ping_status":"closed","template":"","meta":{"_acf_changed":false,"footnotes":""},"class_list":["post-22175","page","type-page","status-publish","hentry"],"acf":[],"yoast_head":"<!-- This site is optimized with the Yoast SEO plugin v27.0 - https:\/\/yoast.com\/product\/yoast-seo-wordpress\/ -->\n<title>Zahlungsarten - Zamp Helmets | Helmet 28 EU<\/title>\n<meta name=\"robots\" content=\"index, follow, max-snippet:-1, max-image-preview:large, max-video-preview:-1\" \/>\n<link rel=\"canonical\" href=\"https:\/\/zamphelmets.co\/de\/zahlungsarten\/\" \/>\n<meta property=\"og:locale\" content=\"de_DE\" \/>\n<meta property=\"og:type\" content=\"article\" \/>\n<meta property=\"og:title\" content=\"Zahlungsarten - Zamp Helmets | Helmet 28 EU\" \/>\n<meta property=\"og:description\" content=\"Wir haben mehrere M\u00f6glichkeiten, wie Sie Ihre Bestellung bei Zamp Helmets EU bezahlen k\u00f6nnen. Unten finden Sie weitere Informationen zu Ihren Zahlungsm\u00f6glichkeiten: Mit Karte bezahlen Geben Sie einfach Ihre Kartendaten an der Kasse ein und Ihre Transaktion wird sicher mit Stripe abgewickelt. Revolut Pay Eine beliebte Zahlungsmethode f\u00fcr diejenigen, die Cashback erhalten und zus\u00e4tzliche Geb\u00fchren [&hellip;]\" \/>\n<meta property=\"og:url\" content=\"https:\/\/zamphelmets.co\/de\/zahlungsarten\/\" \/>\n<meta property=\"og:site_name\" content=\"Zamp Helmets | Helmet 28 EU\" \/>\n<meta property=\"og:image\" content=\"https:\/\/zamphelmets.co\/wp-content\/uploads\/2023\/12\/visa-logo-800x450-1-300x169.jpg\" \/>\n<meta name=\"twitter:card\" content=\"summary_large_image\" \/>\n<meta name=\"twitter:label1\" content=\"Est. reading time\" \/>\n\t<meta name=\"twitter:data1\" content=\"2 Minuten\" \/>\n<script type=\"application\/ld+json\" class=\"yoast-schema-graph\">{\"@context\":\"https:\/\/schema.org\",\"@graph\":[{\"@type\":\"WebPage\",\"@id\":\"https:\/\/zamphelmets.co\/de\/zahlungsarten\/\",\"url\":\"https:\/\/zamphelmets.co\/de\/zahlungsarten\/\",\"name\":\"Zahlungsarten - Zamp Helmets | Helmet 28 EU\",\"isPartOf\":{\"@id\":\"https:\/\/zamphelmets.co\/de\/#website\"},\"primaryImageOfPage\":{\"@id\":\"https:\/\/zamphelmets.co\/de\/zahlungsarten\/#primaryimage\"},\"image\":{\"@id\":\"https:\/\/zamphelmets.co\/de\/zahlungsarten\/#primaryimage\"},\"thumbnailUrl\":\"https:\/\/zamphelmets.co\/wp-content\/uploads\/2023\/12\/visa-logo-800x450-1-300x169.jpg\",\"datePublished\":\"2023-12-21T10:17:19+00:00\",\"inLanguage\":\"de-DE\",\"potentialAction\":[{\"@type\":\"ReadAction\",\"target\":[\"https:\/\/zamphelmets.co\/de\/zahlungsarten\/\"]}]},{\"@type\":\"ImageObject\",\"inLanguage\":\"de-DE\",\"@id\":\"https:\/\/zamphelmets.co\/de\/zahlungsarten\/#primaryimage\",\"url\":\"https:\/\/zamphelmets.co\/wp-content\/uploads\/2023\/12\/visa-logo-800x450-1-300x169.jpg\",\"contentUrl\":\"https:\/\/zamphelmets.co\/wp-content\/uploads\/2023\/12\/visa-logo-800x450-1-300x169.jpg\"},{\"@type\":\"WebSite\",\"@id\":\"https:\/\/zamphelmets.co\/de\/#website\",\"url\":\"https:\/\/zamphelmets.co\/de\/\",\"name\":\"Zamp Helmets | Helmet 28 EU\",\"description\":\"High Quality Motorsport Helmets\",\"potentialAction\":[{\"@type\":\"SearchAction\",\"target\":{\"@type\":\"EntryPoint\",\"urlTemplate\":\"https:\/\/zamphelmets.co\/de\/?s={search_term_string}\"},\"query-input\":{\"@type\":\"PropertyValueSpecification\",\"valueRequired\":true,\"valueName\":\"search_term_string\"}}],\"inLanguage\":\"de-DE\"}]}<\/script>\n<!-- \/ Yoast SEO plugin. -->","yoast_head_json":{"title":"Zahlungsarten - Zamp Helmets | Helmet 28 EU","robots":{"index":"index","follow":"follow","max-snippet":"max-snippet:-1","max-image-preview":"max-image-preview:large","max-video-preview":"max-video-preview:-1"},"canonical":"https:\/\/zamphelmets.co\/de\/zahlungsarten\/","og_locale":"de_DE","og_type":"article","og_title":"Zahlungsarten - Zamp Helmets | Helmet 28 EU","og_description":"Wir haben mehrere M\u00f6glichkeiten, wie Sie Ihre Bestellung bei Zamp Helmets EU bezahlen k\u00f6nnen. Unten finden Sie weitere Informationen zu Ihren Zahlungsm\u00f6glichkeiten: Mit Karte bezahlen Geben Sie einfach Ihre Kartendaten an der Kasse ein und Ihre Transaktion wird sicher mit Stripe abgewickelt. Revolut Pay Eine beliebte Zahlungsmethode f\u00fcr diejenigen, die Cashback erhalten und zus\u00e4tzliche Geb\u00fchren [&hellip;]","og_url":"https:\/\/zamphelmets.co\/de\/zahlungsarten\/","og_site_name":"Zamp Helmets | Helmet 28 EU","og_image":[{"url":"https:\/\/zamphelmets.co\/wp-content\/uploads\/2023\/12\/visa-logo-800x450-1-300x169.jpg","type":"","width":"","height":""}],"twitter_card":"summary_large_image","twitter_misc":{"Est. reading time":"2 Minuten"},"schema":{"@context":"https:\/\/schema.org","@graph":[{"@type":"WebPage","@id":"https:\/\/zamphelmets.co\/de\/zahlungsarten\/","url":"https:\/\/zamphelmets.co\/de\/zahlungsarten\/","name":"Zahlungsarten - Zamp Helmets | Helmet 28 EU","isPartOf":{"@id":"https:\/\/zamphelmets.co\/de\/#website"},"primaryImageOfPage":{"@id":"https:\/\/zamphelmets.co\/de\/zahlungsarten\/#primaryimage"},"image":{"@id":"https:\/\/zamphelmets.co\/de\/zahlungsarten\/#primaryimage"},"thumbnailUrl":"https:\/\/zamphelmets.co\/wp-content\/uploads\/2023\/12\/visa-logo-800x450-1-300x169.jpg","datePublished":"2023-12-21T10:17:19+00:00","inLanguage":"de-DE","potentialAction":[{"@type":"ReadAction","target":["https:\/\/zamphelmets.co\/de\/zahlungsarten\/"]}]},{"@type":"ImageObject","inLanguage":"de-DE","@id":"https:\/\/zamphelmets.co\/de\/zahlungsarten\/#primaryimage","url":"https:\/\/zamphelmets.co\/wp-content\/uploads\/2023\/12\/visa-logo-800x450-1-300x169.jpg","contentUrl":"https:\/\/zamphelmets.co\/wp-content\/uploads\/2023\/12\/visa-logo-800x450-1-300x169.jpg"},{"@type":"WebSite","@id":"https:\/\/zamphelmets.co\/de\/#website","url":"https:\/\/zamphelmets.co\/de\/","name":"Zamp Helmets | Helmet 28 EU","description":"High Quality Motorsport Helmets","potentialAction":[{"@type":"SearchAction","target":{"@type":"EntryPoint","urlTemplate":"https:\/\/zamphelmets.co\/de\/?s={search_term_string}"},"query-input":{"@type":"PropertyValueSpecification","valueRequired":true,"valueName":"search_term_string"}}],"inLanguage":"de-DE"}]}},"_links":{"self":[{"href":"https:\/\/zamphelmets.co\/de\/wp-json\/wp\/v2\/pages\/22175","targetHints":{"allow":["GET"]}}],"collection":[{"href":"https:\/\/zamphelmets.co\/de\/wp-json\/wp\/v2\/pages"}],"about":[{"href":"https:\/\/zamphelmets.co\/de\/wp-json\/wp\/v2\/types\/page"}],"author":[{"embeddable":true,"href":"https:\/\/zamphelmets.co\/de\/wp-json\/wp\/v2\/users\/2"}],"replies":[{"embeddable":true,"href":"https:\/\/zamphelmets.co\/de\/wp-json\/wp\/v2\/comments?post=22175"}],"version-history":[{"count":0,"href":"https:\/\/zamphelmets.co\/de\/wp-json\/wp\/v2\/pages\/22175\/revisions"}],"wp:attachment":[{"href":"https:\/\/zamphelmets.co\/de\/wp-json\/wp\/v2\/media?parent=22175"}],"curies":[{"name":"wp","href":"https:\/\/api.w.org\/{rel}","templated":true}]}}