{"id":22134,"date":"2022-10-27T10:45:12","date_gmt":"2022-10-27T10:45:12","guid":{"rendered":"https:\/\/zamphelmets.co\/liefert\/"},"modified":"2026-02-16T15:06:33","modified_gmt":"2026-02-16T15:06:33","slug":"liefert","status":"publish","type":"page","link":"https:\/\/zamphelmets.co\/de\/liefert\/","title":{"rendered":"Liefert"},"content":{"rendered":"<p>Wir sind stets bestrebt, qualitativ hochwertige Produkte zu liefern, die fehlerfrei sind. Gelegentlich kann es vorkommen, dass Sie Ihre Produkte an uns zur\u00fcckschicken m\u00fcssen, wenn sie nicht ganz in Ordnung sind. Solange Ihr Produkt im Originalzustand und in der Originalverpackung zur\u00fcckgegeben wird <a href=\"https:\/\/zamphelmets.co\/de\/bedingungen-und-konditionen\/\"><br \/>\n  <strong>Originalzustand und -verpackung<\/strong><br \/>\n<\/a> mit Kaufnachweis zur\u00fcckgegeben wird, tauschen wir es gerne um oder erstatten Ihnen den Kaufpreis. Um eine R\u00fccksendung zu beantragen, folgen Sie bitte den nachstehenden Schritten.<\/p>\n<h1><img decoding=\"async\" class=\"size-medium wp-image-6622 alignleft lazyload\" data-src=\"https:\/\/zamphelmets.co\/wp-content\/uploads\/2019\/11\/4-2-300x300.png\" alt=\"\" width=\"300\" height=\"300\" src=\"data:image\/svg+xml;base64,PHN2ZyB3aWR0aD0iMSIgaGVpZ2h0PSIxIiB4bWxucz0iaHR0cDovL3d3dy53My5vcmcvMjAwMC9zdmciPjwvc3ZnPg==\" style=\"--smush-placeholder-width: 300px; --smush-placeholder-aspect-ratio: 300\/300;\">1. Senden Sie Ihre Retourenanfrage<\/h1>\n<p>Bevor wir mit der Bearbeitung Ihrer R\u00fcckgabe beginnen k\u00f6nnen, m\u00fcssen Sie <strong><a href=\"https:\/\/form.jotform.com\/222003849309352\">HIER ein R\u00fcckgabe- und Umtauschformular ausf\u00fcllen<\/a>. <\/strong>Dieser Antrag muss sp\u00e4testens 14 Tage nach Erhalt Ihrer Bestellung eingereicht werden.<\/p>\n<h1>2. Warten Sie auf die Best\u00e4tigung der Retourenanfrage<\/h1>\n<p>Wir bem\u00fchen uns, R\u00fcckgabeanfragen innerhalb von 1-2 Werktagen zu beantworten. Wenn Ihre <a href=\"https:\/\/form.jotform.com\/222003849309352\">Anfrage<\/a> von unserem Kundendienstteam genehmigt wurde, erhalten Sie eine Best\u00e4tigung per E-Mail. Wenn Ihre <a href=\"https:\/\/form.jotform.com\/222003849309352\">Anfrage<\/a> abgelehnt wurde und Sie den Grund daf\u00fcr erfahren m\u00f6chten, <g id=\"gid_2\">wenden Sie sich<\/g> bitte direkt <g id=\"gid_2\">an unseren Kundendienst<\/g> und geben Sie dabei Ihre Bestellnummer an. <\/p>\n<h1><img decoding=\"async\" class=\"size-medium wp-image-6597 alignright lazyload\" data-src=\"https:\/\/zamphelmets.co\/wp-content\/uploads\/2020\/01\/3-1-300x300.png\" alt=\"\" width=\"300\" height=\"300\" src=\"data:image\/svg+xml;base64,PHN2ZyB3aWR0aD0iMSIgaGVpZ2h0PSIxIiB4bWxucz0iaHR0cDovL3d3dy53My5vcmcvMjAwMC9zdmciPjwvc3ZnPg==\" style=\"--smush-placeholder-width: 300px; --smush-placeholder-aspect-ratio: 300\/300;\">3. Verpacken und versenden Sie Ihre Artikel<\/h1>\n<p>Sobald Sie Ihre R\u00fccksendebest\u00e4tigung erhalten haben, <strong>sollten Sie die Artikel sicher in der Originalverpackung zur\u00fcckschicken, um Transportsch\u00e4den zu vermeiden, und alle Originalpapiere <\/strong>(Rechnung und Lieferschein) beilegen. Diese muss innerhalb von 14 Tagen nach Erhalt Ihrer R\u00fcckgabegenehmigung zur\u00fcckgegeben werden.<\/p>\n<p>Die Artikel m\u00fcssen in einem verkaufsf\u00e4higen Zustand zur\u00fcckgegeben werden. Helm 28 beh\u00e4lt sich das Recht vor, R\u00fccksendeantr\u00e4ge abzulehnen, wenn die Waren in einer &#8218;ungeeigneten Weise&#8216; zur\u00fcckgesendet werden. Bitte beachten Sie, dass dies das Hinzuf\u00fcgen von Zubeh\u00f6r zum Helm einschlie\u00dft. Wenn Sie f\u00fcr unseren Zubeh\u00f6ranpassungsservice bezahlt haben, sind diese Artikel von der R\u00fcckgabe ausgeschlossen, wie in unseren Allgemeinen Gesch\u00e4ftsbedingungen angegeben.<\/p>\n<p><strong>Adresse f\u00fcr R\u00fccksendungen: Helm 28 Retouren, AteaLaan 36, Herentals, Belgien 2200<\/strong><\/p>\n<p>Wenn eine der oben genannten Bedingungen bei der R\u00fcckgabe von Artikeln nicht erf\u00fcllt wird, wird Ihnen als Kunde eine R\u00fccknahmegeb\u00fchr von 25 \u20ac berechnet.<\/p>\n<h1>4. Erhalten Sie Ihre R\u00fcckerstattung\/Ihren Umtausch<\/h1>\n<p>Sobald wir Ihren Artikel sicher erhalten haben und uns vergewissert haben, dass er in gutem Zustand ist, werden wir Ihnen den Kaufpreis zur\u00fcckerstatten oder Ihre Ersatzartikel versenden.<\/p>\n<p>&nbsp;<\/p>\n<p>Alle Einzelheiten finden Sie auf unserer <a href=\"https:\/\/zamphelmets.co\/de\/bedingungen-und-konditionen\/\">Seite Allgemeine Gesch\u00e4ftsbedingungen hier<\/a>.<\/p>\n","protected":false},"excerpt":{"rendered":"<p>Wir sind stets bestrebt, qualitativ hochwertige Produkte zu liefern, die fehlerfrei sind. Gelegentlich kann es vorkommen, dass Sie Ihre Produkte an uns zur\u00fcckschicken m\u00fcssen, wenn sie nicht ganz in Ordnung sind. Solange Ihr Produkt im Originalzustand und in der Originalverpackung zur\u00fcckgegeben wird Originalzustand und -verpackung mit Kaufnachweis zur\u00fcckgegeben wird, tauschen wir es gerne um oder [&hellip;]<\/p>\n","protected":false},"author":2,"featured_media":17897,"parent":0,"menu_order":0,"comment_status":"closed","ping_status":"closed","template":"","meta":{"_acf_changed":false,"footnotes":""},"class_list":["post-22134","page","type-page","status-publish","has-post-thumbnail","hentry"],"acf":[],"yoast_head":"<!-- This site is optimized with the Yoast SEO plugin v27.0 - https:\/\/yoast.com\/product\/yoast-seo-wordpress\/ -->\n<title>Liefert - Zamp Helmets | Helmet 28 EU<\/title>\n<meta name=\"description\" content=\"Gelegentlich kann es vorkommen, dass von uns gelieferte Waren zur\u00fcckgegeben werden m\u00fcssen, und solche R\u00fcckgaben unterliegen diesen Allgemeinen Gesch\u00e4ftsbedingungen.\" \/>\n<meta name=\"robots\" content=\"index, follow, max-snippet:-1, max-image-preview:large, max-video-preview:-1\" \/>\n<link rel=\"canonical\" href=\"https:\/\/zamphelmets.co\/de\/liefert\/\" \/>\n<meta property=\"og:locale\" content=\"de_DE\" \/>\n<meta property=\"og:type\" content=\"article\" \/>\n<meta property=\"og:title\" content=\"Liefert - Zamp Helmets | Helmet 28 EU\" \/>\n<meta property=\"og:description\" content=\"Gelegentlich kann es vorkommen, dass von uns gelieferte Waren zur\u00fcckgegeben werden m\u00fcssen, und solche R\u00fcckgaben unterliegen diesen Allgemeinen Gesch\u00e4ftsbedingungen.\" \/>\n<meta property=\"og:url\" content=\"https:\/\/zamphelmets.co\/de\/liefert\/\" \/>\n<meta property=\"og:site_name\" content=\"Zamp Helmets | Helmet 28 EU\" \/>\n<meta property=\"article:modified_time\" content=\"2026-02-16T15:06:33+00:00\" \/>\n<meta property=\"og:image\" content=\"https:\/\/zamphelmets.co\/wp-content\/uploads\/2022\/07\/IMG_6159-2.jpg\" \/>\n\t<meta property=\"og:image:width\" content=\"828\" \/>\n\t<meta property=\"og:image:height\" content=\"573\" \/>\n\t<meta property=\"og:image:type\" content=\"image\/jpeg\" \/>\n<meta name=\"twitter:card\" content=\"summary_large_image\" \/>\n<meta name=\"twitter:label1\" content=\"Est. reading time\" \/>\n\t<meta name=\"twitter:data1\" content=\"2 Minuten\" \/>\n<script type=\"application\/ld+json\" class=\"yoast-schema-graph\">{\"@context\":\"https:\/\/schema.org\",\"@graph\":[{\"@type\":\"WebPage\",\"@id\":\"https:\/\/zamphelmets.co\/de\/liefert\/\",\"url\":\"https:\/\/zamphelmets.co\/de\/liefert\/\",\"name\":\"Liefert - Zamp Helmets | Helmet 28 EU\",\"isPartOf\":{\"@id\":\"https:\/\/zamphelmets.co\/de\/#website\"},\"primaryImageOfPage\":{\"@id\":\"https:\/\/zamphelmets.co\/de\/liefert\/#primaryimage\"},\"image\":{\"@id\":\"https:\/\/zamphelmets.co\/de\/liefert\/#primaryimage\"},\"thumbnailUrl\":\"https:\/\/zamphelmets.co\/wp-content\/uploads\/2022\/07\/IMG_6159-2.jpg\",\"datePublished\":\"2022-10-27T10:45:12+00:00\",\"dateModified\":\"2026-02-16T15:06:33+00:00\",\"description\":\"Gelegentlich kann es vorkommen, dass von uns gelieferte Waren zur\u00fcckgegeben werden m\u00fcssen, und solche R\u00fcckgaben unterliegen diesen Allgemeinen Gesch\u00e4ftsbedingungen.\",\"inLanguage\":\"de-DE\",\"potentialAction\":[{\"@type\":\"ReadAction\",\"target\":[\"https:\/\/zamphelmets.co\/de\/liefert\/\"]}]},{\"@type\":\"ImageObject\",\"inLanguage\":\"de-DE\",\"@id\":\"https:\/\/zamphelmets.co\/de\/liefert\/#primaryimage\",\"url\":\"https:\/\/zamphelmets.co\/wp-content\/uploads\/2022\/07\/IMG_6159-2.jpg\",\"contentUrl\":\"https:\/\/zamphelmets.co\/wp-content\/uploads\/2022\/07\/IMG_6159-2.jpg\",\"width\":828,\"height\":573},{\"@type\":\"WebSite\",\"@id\":\"https:\/\/zamphelmets.co\/de\/#website\",\"url\":\"https:\/\/zamphelmets.co\/de\/\",\"name\":\"Zamp Helmets | Helmet 28 EU\",\"description\":\"High Quality Motorsport Helmets\",\"potentialAction\":[{\"@type\":\"SearchAction\",\"target\":{\"@type\":\"EntryPoint\",\"urlTemplate\":\"https:\/\/zamphelmets.co\/de\/?s={search_term_string}\"},\"query-input\":{\"@type\":\"PropertyValueSpecification\",\"valueRequired\":true,\"valueName\":\"search_term_string\"}}],\"inLanguage\":\"de-DE\"}]}<\/script>\n<!-- \/ Yoast SEO plugin. -->","yoast_head_json":{"title":"Liefert - Zamp Helmets | Helmet 28 EU","description":"Gelegentlich kann es vorkommen, dass von uns gelieferte Waren zur\u00fcckgegeben werden m\u00fcssen, und solche R\u00fcckgaben unterliegen diesen Allgemeinen Gesch\u00e4ftsbedingungen.","robots":{"index":"index","follow":"follow","max-snippet":"max-snippet:-1","max-image-preview":"max-image-preview:large","max-video-preview":"max-video-preview:-1"},"canonical":"https:\/\/zamphelmets.co\/de\/liefert\/","og_locale":"de_DE","og_type":"article","og_title":"Liefert - Zamp Helmets | Helmet 28 EU","og_description":"Gelegentlich kann es vorkommen, dass von uns gelieferte Waren zur\u00fcckgegeben werden m\u00fcssen, und solche R\u00fcckgaben unterliegen diesen Allgemeinen Gesch\u00e4ftsbedingungen.","og_url":"https:\/\/zamphelmets.co\/de\/liefert\/","og_site_name":"Zamp Helmets | Helmet 28 EU","article_modified_time":"2026-02-16T15:06:33+00:00","og_image":[{"width":828,"height":573,"url":"https:\/\/zamphelmets.co\/wp-content\/uploads\/2022\/07\/IMG_6159-2.jpg","type":"image\/jpeg"}],"twitter_card":"summary_large_image","twitter_misc":{"Est. reading time":"2 Minuten"},"schema":{"@context":"https:\/\/schema.org","@graph":[{"@type":"WebPage","@id":"https:\/\/zamphelmets.co\/de\/liefert\/","url":"https:\/\/zamphelmets.co\/de\/liefert\/","name":"Liefert - Zamp Helmets | Helmet 28 EU","isPartOf":{"@id":"https:\/\/zamphelmets.co\/de\/#website"},"primaryImageOfPage":{"@id":"https:\/\/zamphelmets.co\/de\/liefert\/#primaryimage"},"image":{"@id":"https:\/\/zamphelmets.co\/de\/liefert\/#primaryimage"},"thumbnailUrl":"https:\/\/zamphelmets.co\/wp-content\/uploads\/2022\/07\/IMG_6159-2.jpg","datePublished":"2022-10-27T10:45:12+00:00","dateModified":"2026-02-16T15:06:33+00:00","description":"Gelegentlich kann es vorkommen, dass von uns gelieferte Waren zur\u00fcckgegeben werden m\u00fcssen, und solche R\u00fcckgaben unterliegen diesen Allgemeinen Gesch\u00e4ftsbedingungen.","inLanguage":"de-DE","potentialAction":[{"@type":"ReadAction","target":["https:\/\/zamphelmets.co\/de\/liefert\/"]}]},{"@type":"ImageObject","inLanguage":"de-DE","@id":"https:\/\/zamphelmets.co\/de\/liefert\/#primaryimage","url":"https:\/\/zamphelmets.co\/wp-content\/uploads\/2022\/07\/IMG_6159-2.jpg","contentUrl":"https:\/\/zamphelmets.co\/wp-content\/uploads\/2022\/07\/IMG_6159-2.jpg","width":828,"height":573},{"@type":"WebSite","@id":"https:\/\/zamphelmets.co\/de\/#website","url":"https:\/\/zamphelmets.co\/de\/","name":"Zamp Helmets | Helmet 28 EU","description":"High Quality Motorsport Helmets","potentialAction":[{"@type":"SearchAction","target":{"@type":"EntryPoint","urlTemplate":"https:\/\/zamphelmets.co\/de\/?s={search_term_string}"},"query-input":{"@type":"PropertyValueSpecification","valueRequired":true,"valueName":"search_term_string"}}],"inLanguage":"de-DE"}]}},"_links":{"self":[{"href":"https:\/\/zamphelmets.co\/de\/wp-json\/wp\/v2\/pages\/22134","targetHints":{"allow":["GET"]}}],"collection":[{"href":"https:\/\/zamphelmets.co\/de\/wp-json\/wp\/v2\/pages"}],"about":[{"href":"https:\/\/zamphelmets.co\/de\/wp-json\/wp\/v2\/types\/page"}],"author":[{"embeddable":true,"href":"https:\/\/zamphelmets.co\/de\/wp-json\/wp\/v2\/users\/2"}],"replies":[{"embeddable":true,"href":"https:\/\/zamphelmets.co\/de\/wp-json\/wp\/v2\/comments?post=22134"}],"version-history":[{"count":1,"href":"https:\/\/zamphelmets.co\/de\/wp-json\/wp\/v2\/pages\/22134\/revisions"}],"predecessor-version":[{"id":203601,"href":"https:\/\/zamphelmets.co\/de\/wp-json\/wp\/v2\/pages\/22134\/revisions\/203601"}],"wp:featuredmedia":[{"embeddable":true,"href":"https:\/\/zamphelmets.co\/de\/wp-json\/wp\/v2\/media\/17897"}],"wp:attachment":[{"href":"https:\/\/zamphelmets.co\/de\/wp-json\/wp\/v2\/media?parent=22134"}],"curies":[{"name":"wp","href":"https:\/\/api.w.org\/{rel}","templated":true}]}}