{"id":22105,"date":"2021-11-26T13:43:24","date_gmt":"2021-11-26T13:43:24","guid":{"rendered":"https:\/\/zamphelmets.co\/gewinnen-sie-einen-rz-59-mattschwarzen-helm-plus-eine-zamp-kappe-2\/"},"modified":"2024-06-15T07:35:22","modified_gmt":"2024-06-15T07:35:22","slug":"gewinnen-sie-einen-rz-59-mattschwarzen-helm-plus-eine-zamp-kappe-2","status":"publish","type":"page","link":"https:\/\/zamphelmets.co\/de\/gewinnen-sie-einen-rz-59-mattschwarzen-helm-plus-eine-zamp-kappe-2\/","title":{"rendered":"Gewinnen Sie einen RZ-59 Mattschwarzen Helm PLUS eine Zamp-Kappe!"},"content":{"rendered":"<p><img decoding=\"async\" class=\"wp-image-4803 aligncenter lazyload\" data-src=\"https:\/\/zamphelmets.co\/wp-content\/uploads\/sites\/3\/2021\/11\/Untitled-design-300x50.png\" alt=\"\" width=\"762\" height=\"127\" data-srcset=\"https:\/\/zamphelmets.co\/wp-content\/uploads\/2021\/11\/Untitled-design-300x50.png 300w, https:\/\/zamphelmets.co\/wp-content\/uploads\/2021\/11\/Untitled-design-1024x171.png 1024w, https:\/\/zamphelmets.co\/wp-content\/uploads\/2021\/11\/Untitled-design-768x128.png 768w, https:\/\/zamphelmets.co\/wp-content\/uploads\/2021\/11\/Untitled-design-1536x256.png 1536w, https:\/\/zamphelmets.co\/wp-content\/uploads\/2021\/11\/Untitled-design-600x100.png 600w, https:\/\/zamphelmets.co\/wp-content\/uploads\/2021\/11\/Untitled-design.png 1800w\" data-sizes=\"(max-width: 762px) 100vw, 762px\" src=\"data:image\/svg+xml;base64,PHN2ZyB3aWR0aD0iMSIgaGVpZ2h0PSIxIiB4bWxucz0iaHR0cDovL3d3dy53My5vcmcvMjAwMC9zdmciPjwvc3ZnPg==\" style=\"--smush-placeholder-width: 762px; --smush-placeholder-aspect-ratio: 762\/127;\" \/><\/p>\n<div class=\"klaviyo-form-YanjCr\"><\/div>\n<p>&nbsp;<\/p>\n<p><strong>Wir haben uns mit <a href=\"https:\/\/www.youtube.com\/channel\/UCLFEKc27sxYTT89hp3sehYg\" target=\"_blank\" rel=\"noopener\">VadoAlMax<\/a> zusammengetan, um Ihnen die Chance zu geben, einen <a href=\"https:\/\/zamphelmets.co\/de\/produkt\/rz-59-mattschwarz\/\">RZ-59 Mattschwarzen Helm<\/a> UND eine kostenlose Zamp-Kappe zu gewinnen!  <\/strong><\/p>\n<p><img decoding=\"async\" class=\"size-medium wp-image-4704 alignleft lazyload\" data-src=\"https:\/\/zamphelmets.co\/wp-content\/uploads\/sites\/3\/2021\/11\/H77203F-300x300.jpg\" alt=\"RZ 59 mattschwarzer Zamp-Helm\" width=\"300\" height=\"300\" data-srcset=\"https:\/\/zamphelmets.co\/wp-content\/uploads\/2021\/11\/H77203F-300x300.jpg 300w, https:\/\/zamphelmets.co\/wp-content\/uploads\/2021\/11\/H77203F-1024x1024.jpg 1024w, https:\/\/zamphelmets.co\/wp-content\/uploads\/2021\/11\/H77203F-150x150.jpg 150w, https:\/\/zamphelmets.co\/wp-content\/uploads\/2021\/11\/H77203F-768x768.jpg 768w, https:\/\/zamphelmets.co\/wp-content\/uploads\/2021\/11\/H77203F-600x600.jpg 600w, https:\/\/zamphelmets.co\/wp-content\/uploads\/2021\/11\/H77203F-100x100.jpg 100w, https:\/\/zamphelmets.co\/wp-content\/uploads\/2021\/11\/H77203F.jpg 1500w\" data-sizes=\"(max-width: 300px) 100vw, 300px\" src=\"data:image\/svg+xml;base64,PHN2ZyB3aWR0aD0iMSIgaGVpZ2h0PSIxIiB4bWxucz0iaHR0cDovL3d3dy53My5vcmcvMjAwMC9zdmciPjwvc3ZnPg==\" style=\"--smush-placeholder-width: 300px; --smush-placeholder-aspect-ratio: 300\/300;\" \/>Der Zamp <a href=\"https:\/\/zamphelmets.co\/de\/produkt\/rz-59-mattschwarz\/#description\">RZ-59 Matte Black <\/a> kombiniert die neueste <a href=\"https:\/\/zamphelmets.co\/de\/homologation-erklaert\/\">Snell SA2020<\/a> Helmtechnologie mit hochwertigem Design, um den <em>absolut g\u00fcnstigsten Helm auf dem Markt<\/em> anzubieten <em>!<\/em><\/p>\n<p>Dieses Modell bietet gro\u00dfartige Bel\u00fcftung und Komfort mit einem schlanken und einfachen Design, um unter extremen Rennbedingungen einen k\u00fchlen Kopf zu bewahren und ein Beschlagen zu verhindern. Der <a href=\"https:\/\/zamphelmets.co\/de\/produkt\/rz-59-mattschwarz\/#description\">RZ-59<\/a> bietet eine hervorragende Passform, eine hochwertige Verarbeitung und den g\u00fcnstigsten Preis in der Branche.<\/p>\n<div><\/div>\n<p>&nbsp;<\/p>\n<p><em>Um teilzunehmen, f\u00fcllen Sie einfach das obige Formular aus und halten Sie Ihre E-Mails im Auge, um zu erfahren, ob Sie als gl\u00fccklicher Gewinner ausgew\u00e4hlt wurden! Das Gewinnspiel endet am Montag, den 7. Februar 2022 und der Gewinner wird am 8. Februar 2022 bekannt gegeben und kontaktiert.<\/em><\/p>\n<p>&nbsp;<\/p>\n<figure id=\"attachment_4723\" aria-describedby=\"caption-attachment-4723\" style=\"width: 400px\" class=\"wp-caption aligncenter\"><img decoding=\"async\" class=\"wp-image-4723 lazyload\" data-src=\"https:\/\/zamphelmets.co\/wp-content\/uploads\/sites\/3\/2021\/11\/IMG_3354-300x294.jpg\" alt=\"\" width=\"400\" height=\"392\" data-srcset=\"https:\/\/zamphelmets.co\/wp-content\/uploads\/2021\/11\/IMG_3354-300x294.jpg 300w, https:\/\/zamphelmets.co\/wp-content\/uploads\/2021\/11\/IMG_3354-1024x1005.jpg 1024w, https:\/\/zamphelmets.co\/wp-content\/uploads\/2021\/11\/IMG_3354-768x754.jpg 768w, https:\/\/zamphelmets.co\/wp-content\/uploads\/2021\/11\/IMG_3354-600x589.jpg 600w, https:\/\/zamphelmets.co\/wp-content\/uploads\/2021\/11\/IMG_3354.jpg 1242w\" data-sizes=\"(max-width: 400px) 100vw, 400px\" src=\"data:image\/svg+xml;base64,PHN2ZyB3aWR0aD0iMSIgaGVpZ2h0PSIxIiB4bWxucz0iaHR0cDovL3d3dy53My5vcmcvMjAwMC9zdmciPjwvc3ZnPg==\" style=\"--smush-placeholder-width: 400px; --smush-placeholder-aspect-ratio: 400\/392;\" \/><figcaption id=\"caption-attachment-4723\" class=\"wp-caption-text\">(Kredit) SnappyRacers.com<\/figcaption><\/figure>\n<div class=\"klaviyo-form-YanjCr\"><\/div>\n","protected":false},"excerpt":{"rendered":"<p>&nbsp; Wir haben uns mit VadoAlMax zusammengetan, um Ihnen die Chance zu geben, einen RZ-59 Mattschwarzen Helm UND eine kostenlose Zamp-Kappe zu gewinnen! Der Zamp RZ-59 Matte Black kombiniert die neueste Snell SA2020 Helmtechnologie mit hochwertigem Design, um den absolut g\u00fcnstigsten Helm auf dem Markt anzubieten ! Dieses Modell bietet gro\u00dfartige Bel\u00fcftung und Komfort mit [&hellip;]<\/p>\n","protected":false},"author":2,"featured_media":0,"parent":0,"menu_order":0,"comment_status":"closed","ping_status":"closed","template":"","meta":{"_acf_changed":false,"footnotes":""},"class_list":["post-22105","page","type-page","status-publish","hentry"],"acf":[],"yoast_head":"<!-- This site is optimized with the Yoast SEO plugin v27.0 - https:\/\/yoast.com\/product\/yoast-seo-wordpress\/ -->\n<title>Gewinnen Sie einen RZ-59 Mattschwarzen Helm PLUS eine Zamp-Kappe! - Zamp Helmets | Helmet 28 EU<\/title>\n<meta name=\"robots\" content=\"index, follow, max-snippet:-1, max-image-preview:large, max-video-preview:-1\" \/>\n<link rel=\"canonical\" href=\"https:\/\/zamphelmets.co\/de\/gewinnen-sie-einen-rz-59-mattschwarzen-helm-plus-eine-zamp-kappe-2\/\" \/>\n<meta property=\"og:locale\" content=\"de_DE\" \/>\n<meta property=\"og:type\" content=\"article\" \/>\n<meta property=\"og:title\" content=\"Gewinnen Sie einen RZ-59 Mattschwarzen Helm PLUS eine Zamp-Kappe! - Zamp Helmets | Helmet 28 EU\" \/>\n<meta property=\"og:description\" content=\"&nbsp; Wir haben uns mit VadoAlMax zusammengetan, um Ihnen die Chance zu geben, einen RZ-59 Mattschwarzen Helm UND eine kostenlose Zamp-Kappe zu gewinnen! Der Zamp RZ-59 Matte Black kombiniert die neueste Snell SA2020 Helmtechnologie mit hochwertigem Design, um den absolut g\u00fcnstigsten Helm auf dem Markt anzubieten ! Dieses Modell bietet gro\u00dfartige Bel\u00fcftung und Komfort mit [&hellip;]\" \/>\n<meta property=\"og:url\" content=\"https:\/\/zamphelmets.co\/de\/gewinnen-sie-einen-rz-59-mattschwarzen-helm-plus-eine-zamp-kappe-2\/\" \/>\n<meta property=\"og:site_name\" content=\"Zamp Helmets | Helmet 28 EU\" \/>\n<meta property=\"article:modified_time\" content=\"2024-06-15T07:35:22+00:00\" \/>\n<meta property=\"og:image\" content=\"https:\/\/zamphelmets.co\/wp-content\/uploads\/sites\/3\/2021\/11\/Untitled-design-300x50.png\" \/>\n<meta name=\"twitter:card\" content=\"summary_large_image\" \/>\n<meta name=\"twitter:label1\" content=\"Est. reading time\" \/>\n\t<meta name=\"twitter:data1\" content=\"1 Minute\" \/>\n<script type=\"application\/ld+json\" class=\"yoast-schema-graph\">{\"@context\":\"https:\/\/schema.org\",\"@graph\":[{\"@type\":\"WebPage\",\"@id\":\"https:\/\/zamphelmets.co\/de\/gewinnen-sie-einen-rz-59-mattschwarzen-helm-plus-eine-zamp-kappe-2\/\",\"url\":\"https:\/\/zamphelmets.co\/de\/gewinnen-sie-einen-rz-59-mattschwarzen-helm-plus-eine-zamp-kappe-2\/\",\"name\":\"Gewinnen Sie einen RZ-59 Mattschwarzen Helm PLUS eine Zamp-Kappe! - Zamp Helmets | Helmet 28 EU\",\"isPartOf\":{\"@id\":\"https:\/\/zamphelmets.co\/de\/#website\"},\"primaryImageOfPage\":{\"@id\":\"https:\/\/zamphelmets.co\/de\/gewinnen-sie-einen-rz-59-mattschwarzen-helm-plus-eine-zamp-kappe-2\/#primaryimage\"},\"image\":{\"@id\":\"https:\/\/zamphelmets.co\/de\/gewinnen-sie-einen-rz-59-mattschwarzen-helm-plus-eine-zamp-kappe-2\/#primaryimage\"},\"thumbnailUrl\":\"https:\/\/zamphelmets.co\/wp-content\/uploads\/sites\/3\/2021\/11\/Untitled-design-300x50.png\",\"datePublished\":\"2021-11-26T13:43:24+00:00\",\"dateModified\":\"2024-06-15T07:35:22+00:00\",\"inLanguage\":\"de-DE\",\"potentialAction\":[{\"@type\":\"ReadAction\",\"target\":[\"https:\/\/zamphelmets.co\/de\/gewinnen-sie-einen-rz-59-mattschwarzen-helm-plus-eine-zamp-kappe-2\/\"]}]},{\"@type\":\"ImageObject\",\"inLanguage\":\"de-DE\",\"@id\":\"https:\/\/zamphelmets.co\/de\/gewinnen-sie-einen-rz-59-mattschwarzen-helm-plus-eine-zamp-kappe-2\/#primaryimage\",\"url\":\"https:\/\/zamphelmets.co\/wp-content\/uploads\/sites\/3\/2021\/11\/Untitled-design-300x50.png\",\"contentUrl\":\"https:\/\/zamphelmets.co\/wp-content\/uploads\/sites\/3\/2021\/11\/Untitled-design-300x50.png\"},{\"@type\":\"WebSite\",\"@id\":\"https:\/\/zamphelmets.co\/de\/#website\",\"url\":\"https:\/\/zamphelmets.co\/de\/\",\"name\":\"Zamp Helmets | Helmet 28 EU\",\"description\":\"High Quality Motorsport Helmets\",\"potentialAction\":[{\"@type\":\"SearchAction\",\"target\":{\"@type\":\"EntryPoint\",\"urlTemplate\":\"https:\/\/zamphelmets.co\/de\/?s={search_term_string}\"},\"query-input\":{\"@type\":\"PropertyValueSpecification\",\"valueRequired\":true,\"valueName\":\"search_term_string\"}}],\"inLanguage\":\"de-DE\"}]}<\/script>\n<!-- \/ Yoast SEO plugin. -->","yoast_head_json":{"title":"Gewinnen Sie einen RZ-59 Mattschwarzen Helm PLUS eine Zamp-Kappe! - Zamp Helmets | Helmet 28 EU","robots":{"index":"index","follow":"follow","max-snippet":"max-snippet:-1","max-image-preview":"max-image-preview:large","max-video-preview":"max-video-preview:-1"},"canonical":"https:\/\/zamphelmets.co\/de\/gewinnen-sie-einen-rz-59-mattschwarzen-helm-plus-eine-zamp-kappe-2\/","og_locale":"de_DE","og_type":"article","og_title":"Gewinnen Sie einen RZ-59 Mattschwarzen Helm PLUS eine Zamp-Kappe! - Zamp Helmets | Helmet 28 EU","og_description":"&nbsp; Wir haben uns mit VadoAlMax zusammengetan, um Ihnen die Chance zu geben, einen RZ-59 Mattschwarzen Helm UND eine kostenlose Zamp-Kappe zu gewinnen! Der Zamp RZ-59 Matte Black kombiniert die neueste Snell SA2020 Helmtechnologie mit hochwertigem Design, um den absolut g\u00fcnstigsten Helm auf dem Markt anzubieten ! Dieses Modell bietet gro\u00dfartige Bel\u00fcftung und Komfort mit [&hellip;]","og_url":"https:\/\/zamphelmets.co\/de\/gewinnen-sie-einen-rz-59-mattschwarzen-helm-plus-eine-zamp-kappe-2\/","og_site_name":"Zamp Helmets | Helmet 28 EU","article_modified_time":"2024-06-15T07:35:22+00:00","og_image":[{"url":"https:\/\/zamphelmets.co\/wp-content\/uploads\/sites\/3\/2021\/11\/Untitled-design-300x50.png","type":"","width":"","height":""}],"twitter_card":"summary_large_image","twitter_misc":{"Est. reading time":"1 Minute"},"schema":{"@context":"https:\/\/schema.org","@graph":[{"@type":"WebPage","@id":"https:\/\/zamphelmets.co\/de\/gewinnen-sie-einen-rz-59-mattschwarzen-helm-plus-eine-zamp-kappe-2\/","url":"https:\/\/zamphelmets.co\/de\/gewinnen-sie-einen-rz-59-mattschwarzen-helm-plus-eine-zamp-kappe-2\/","name":"Gewinnen Sie einen RZ-59 Mattschwarzen Helm PLUS eine Zamp-Kappe! - Zamp Helmets | Helmet 28 EU","isPartOf":{"@id":"https:\/\/zamphelmets.co\/de\/#website"},"primaryImageOfPage":{"@id":"https:\/\/zamphelmets.co\/de\/gewinnen-sie-einen-rz-59-mattschwarzen-helm-plus-eine-zamp-kappe-2\/#primaryimage"},"image":{"@id":"https:\/\/zamphelmets.co\/de\/gewinnen-sie-einen-rz-59-mattschwarzen-helm-plus-eine-zamp-kappe-2\/#primaryimage"},"thumbnailUrl":"https:\/\/zamphelmets.co\/wp-content\/uploads\/sites\/3\/2021\/11\/Untitled-design-300x50.png","datePublished":"2021-11-26T13:43:24+00:00","dateModified":"2024-06-15T07:35:22+00:00","inLanguage":"de-DE","potentialAction":[{"@type":"ReadAction","target":["https:\/\/zamphelmets.co\/de\/gewinnen-sie-einen-rz-59-mattschwarzen-helm-plus-eine-zamp-kappe-2\/"]}]},{"@type":"ImageObject","inLanguage":"de-DE","@id":"https:\/\/zamphelmets.co\/de\/gewinnen-sie-einen-rz-59-mattschwarzen-helm-plus-eine-zamp-kappe-2\/#primaryimage","url":"https:\/\/zamphelmets.co\/wp-content\/uploads\/sites\/3\/2021\/11\/Untitled-design-300x50.png","contentUrl":"https:\/\/zamphelmets.co\/wp-content\/uploads\/sites\/3\/2021\/11\/Untitled-design-300x50.png"},{"@type":"WebSite","@id":"https:\/\/zamphelmets.co\/de\/#website","url":"https:\/\/zamphelmets.co\/de\/","name":"Zamp Helmets | Helmet 28 EU","description":"High Quality Motorsport Helmets","potentialAction":[{"@type":"SearchAction","target":{"@type":"EntryPoint","urlTemplate":"https:\/\/zamphelmets.co\/de\/?s={search_term_string}"},"query-input":{"@type":"PropertyValueSpecification","valueRequired":true,"valueName":"search_term_string"}}],"inLanguage":"de-DE"}]}},"_links":{"self":[{"href":"https:\/\/zamphelmets.co\/de\/wp-json\/wp\/v2\/pages\/22105","targetHints":{"allow":["GET"]}}],"collection":[{"href":"https:\/\/zamphelmets.co\/de\/wp-json\/wp\/v2\/pages"}],"about":[{"href":"https:\/\/zamphelmets.co\/de\/wp-json\/wp\/v2\/types\/page"}],"author":[{"embeddable":true,"href":"https:\/\/zamphelmets.co\/de\/wp-json\/wp\/v2\/users\/2"}],"replies":[{"embeddable":true,"href":"https:\/\/zamphelmets.co\/de\/wp-json\/wp\/v2\/comments?post=22105"}],"version-history":[{"count":1,"href":"https:\/\/zamphelmets.co\/de\/wp-json\/wp\/v2\/pages\/22105\/revisions"}],"predecessor-version":[{"id":22129,"href":"https:\/\/zamphelmets.co\/de\/wp-json\/wp\/v2\/pages\/22105\/revisions\/22129"}],"wp:attachment":[{"href":"https:\/\/zamphelmets.co\/de\/wp-json\/wp\/v2\/media?parent=22105"}],"curies":[{"name":"wp","href":"https:\/\/api.w.org\/{rel}","templated":true}]}}