{"id":22062,"date":"2020-12-02T15:45:54","date_gmt":"2020-12-02T15:45:54","guid":{"rendered":"https:\/\/zamphelmets.co\/versandzeiten\/"},"modified":"2026-02-16T15:01:55","modified_gmt":"2026-02-16T15:01:55","slug":"versandzeiten","status":"publish","type":"page","link":"https:\/\/zamphelmets.co\/de\/versandzeiten\/","title":{"rendered":"Versandzeiten"},"content":{"rendered":"<p>Wir bei <a href=\"https:\/\/zamphelmets.co\/de\/product-category\/zamp-de\/zamp-helme\/\">Zamp Helmets<\/a> bem\u00fchen uns, alle Bestellungen so schnell wie m\u00f6glich auszuliefern. Wir verf\u00fcgen \u00fcber ein ausgekl\u00fcgeltes Lager- und Versandnetzwerk, das sicherstellt, dass wir die Sendungen so schnell wie m\u00f6glich zu Ihnen bringen k\u00f6nnen. Alle Bestellungen werden verschickt <span style=\"text-decoration: underline;\"><br \/>\n  <strong>DPD Verfolgt<\/strong><br \/>\n<\/span>.<\/p>\n<p>Die meisten Sendungen sind f\u00fcr KOSTENLOSEN VERSAND qualifiziert, alle anderen Bestellungen sind f\u00fcr den Standardversand qualifiziert. Dies h\u00e4ngt von dem jeweiligen Land ab.<strong> <\/strong><\/p>\n<table width=\"624\">\n<tbody>\n<tr>\n<td width=\"264\"><\/td>\n<td width=\"88\"><strong>ZONE 1<\/strong><\/td>\n<td width=\"88\"><strong>ZONE 2<\/strong><\/td>\n<td width=\"88\"><strong>ZONE 3<\/strong><\/td>\n<td width=\"96\"><strong>ZONE 4<\/strong><\/td>\n<\/tr>\n<tr>\n<td>Kostenloser Versand (wenn \u00fcber)<\/td>\n<td> \u20ac 250.00<\/td>\n<td> \u20ac 300.00<\/td>\n<td> \u20ac 500.00<\/td>\n<td> \u20ac 1,500.00<\/td>\n<\/tr>\n<tr>\n<td>Versandkosten (wenn unter)<\/td>\n<td> \u20ac 7.50<\/td>\n<td> \u20ac 12.50<\/td>\n<td> \u20ac 25.00<\/td>\n<td> \u20ac 40.00<\/td>\n<\/tr>\n<\/tbody>\n<\/table>\n<p><strong>Bitte beachten Sie: unser EU-Lager ist montags geschlossen und daher werden KEINE Bestellungen montags versandt.<\/strong><\/p>\n<table width=\"221\">\n<tbody>\n<tr>\n<td width=\"128\">LAND<\/td>\n<td width=\"93\">TRANSITZEIT (Tage)<\/td>\n<\/tr>\n<tr>\n<td>ZONE 1<\/td>\n<td><\/td>\n<\/tr>\n<tr>\n<td>Belgien<\/td>\n<td>1-2<\/td>\n<\/tr>\n<tr>\n<td>Niederlande<\/td>\n<td>1-2<\/td>\n<\/tr>\n<tr>\n<td>Luxemburg<\/td>\n<td>1-2<\/td>\n<\/tr>\n<tr>\n<td>Deutschland<\/td>\n<td>1-3<\/td>\n<\/tr>\n<tr>\n<td>Frankreich<\/td>\n<td>2-4<\/td>\n<\/tr>\n<tr>\n<td><\/td>\n<td><\/td>\n<\/tr>\n<tr>\n<td>ZONE 2<\/td>\n<td><\/td>\n<\/tr>\n<tr>\n<td>UK<\/td>\n<td>3-4<\/td>\n<\/tr>\n<tr>\n<td>D\u00e4nemark<\/td>\n<td>2-3<\/td>\n<\/tr>\n<tr>\n<td>Spanien<\/td>\n<td>3-5<\/td>\n<\/tr>\n<tr>\n<td>Portugal<\/td>\n<td>4-5<\/td>\n<\/tr>\n<tr>\n<td>Italien<\/td>\n<td>2-5<\/td>\n<\/tr>\n<tr>\n<td>Schweden<\/td>\n<td>3-4<\/td>\n<\/tr>\n<tr>\n<td>\u00d6sterreich<\/td>\n<td>2-3<\/td>\n<\/tr>\n<tr>\n<td><\/td>\n<td><\/td>\n<\/tr>\n<tr>\n<td>ZONE 3<\/td>\n<td><\/td>\n<\/tr>\n<tr>\n<td>Finnland<\/td>\n<td>5-6<\/td>\n<\/tr>\n<tr>\n<td>Slowenien<\/td>\n<td>2-3<\/td>\n<\/tr>\n<tr>\n<td>Slowakei<\/td>\n<td>3-4<\/td>\n<\/tr>\n<tr>\n<td>Ungarn<\/td>\n<td>2-4<\/td>\n<\/tr>\n<tr>\n<td>Irland<\/td>\n<td>3-4<\/td>\n<\/tr>\n<tr>\n<td>Tschechische Republik<\/td>\n<td>2-4<\/td>\n<\/tr>\n<tr>\n<td>Polen<\/td>\n<td>2-3<\/td>\n<\/tr>\n<tr>\n<td>Estland<\/td>\n<td>4-5<\/td>\n<\/tr>\n<tr>\n<td>Litauen<\/td>\n<td>3-5<\/td>\n<\/tr>\n<tr>\n<td>Lettland<\/td>\n<td>3-5<\/td>\n<\/tr>\n<tr>\n<td><\/td>\n<td><\/td>\n<\/tr>\n<tr>\n<td>ZONE 4 + Alle anderen<\/td>\n<td><\/td>\n<\/tr>\n<tr>\n<td>Kroatien<\/td>\n<td>3-4<\/td>\n<\/tr>\n<tr>\n<td>Bulgarien<\/td>\n<td>4-5<\/td>\n<\/tr>\n<tr>\n<td>Griechenland<\/td>\n<td>5-7<\/td>\n<\/tr>\n<tr>\n<td>Rum\u00e4nien<\/td>\n<td>3-4<\/td>\n<\/tr>\n<\/tbody>\n<\/table>\n<p>Alle Bestellungen werden mit dem f\u00fchrenden Versanddienstleister <a href=\"https:\/\/www.dpd.co.uk\/\">DPD \u00fcber einen TRACKED SHIPPING SERVICE<\/a> versandt. Sobald Ihre Bestellung von unseren Lagermitarbeitern bearbeitet wird, erhalten Sie eine E-Mail, die Sie dar\u00fcber informiert, dass sie auf dem Weg ist. In dieser E-Mail ist eine Tracking-Nummer enthalten, mit der Sie den gesamten Weg des Pakets verfolgen k\u00f6nnen.<\/p>\n","protected":false},"excerpt":{"rendered":"<p>Wir bei Zamp Helmets bem\u00fchen uns, alle Bestellungen so schnell wie m\u00f6glich auszuliefern. Wir verf\u00fcgen \u00fcber ein ausgekl\u00fcgeltes Lager- und Versandnetzwerk, das sicherstellt, dass wir die Sendungen so schnell wie m\u00f6glich zu Ihnen bringen k\u00f6nnen. Alle Bestellungen werden verschickt DPD Verfolgt . Die meisten Sendungen sind f\u00fcr KOSTENLOSEN VERSAND qualifiziert, alle anderen Bestellungen sind f\u00fcr [&hellip;]<\/p>\n","protected":false},"author":2,"featured_media":0,"parent":0,"menu_order":0,"comment_status":"closed","ping_status":"closed","template":"","meta":{"_acf_changed":false,"footnotes":""},"class_list":["post-22062","page","type-page","status-publish","hentry"],"acf":[],"yoast_head":"<!-- This site is optimized with the Yoast SEO plugin v27.0 - https:\/\/yoast.com\/product\/yoast-seo-wordpress\/ -->\n<title>Versandzeiten - Zamp Helmets | Helmet 28 EU<\/title>\n<meta name=\"description\" content=\"Wir bei Zamp Helmets bem\u00fchen uns, alle Bestellungen so schnell wie m\u00f6glich auszuliefern. Werfen Sie einen Blick auf unsere Versandzeiten f\u00fcr Ihr Land\/Gebiet.\" \/>\n<meta name=\"robots\" content=\"index, follow, max-snippet:-1, max-image-preview:large, max-video-preview:-1\" \/>\n<link rel=\"canonical\" href=\"https:\/\/zamphelmets.co\/de\/versandzeiten\/\" \/>\n<meta property=\"og:locale\" content=\"de_DE\" \/>\n<meta property=\"og:type\" content=\"article\" \/>\n<meta property=\"og:title\" content=\"Versandzeiten - Zamp Helmets | Helmet 28 EU\" \/>\n<meta property=\"og:description\" content=\"Wir bei Zamp Helmets bem\u00fchen uns, alle Bestellungen so schnell wie m\u00f6glich auszuliefern. Werfen Sie einen Blick auf unsere Versandzeiten f\u00fcr Ihr Land\/Gebiet.\" \/>\n<meta property=\"og:url\" content=\"https:\/\/zamphelmets.co\/de\/versandzeiten\/\" \/>\n<meta property=\"og:site_name\" content=\"Zamp Helmets | Helmet 28 EU\" \/>\n<meta property=\"article:modified_time\" content=\"2026-02-16T15:01:55+00:00\" \/>\n<meta name=\"twitter:card\" content=\"summary_large_image\" \/>\n<meta name=\"twitter:label1\" content=\"Est. reading time\" \/>\n\t<meta name=\"twitter:data1\" content=\"1 Minute\" \/>\n<script type=\"application\/ld+json\" class=\"yoast-schema-graph\">{\"@context\":\"https:\/\/schema.org\",\"@graph\":[{\"@type\":\"WebPage\",\"@id\":\"https:\/\/zamphelmets.co\/de\/versandzeiten\/\",\"url\":\"https:\/\/zamphelmets.co\/de\/versandzeiten\/\",\"name\":\"Versandzeiten - Zamp Helmets | Helmet 28 EU\",\"isPartOf\":{\"@id\":\"https:\/\/zamphelmets.co\/de\/#website\"},\"datePublished\":\"2020-12-02T15:45:54+00:00\",\"dateModified\":\"2026-02-16T15:01:55+00:00\",\"description\":\"Wir bei Zamp Helmets bem\u00fchen uns, alle Bestellungen so schnell wie m\u00f6glich auszuliefern. Werfen Sie einen Blick auf unsere Versandzeiten f\u00fcr Ihr Land\/Gebiet.\",\"inLanguage\":\"de-DE\",\"potentialAction\":[{\"@type\":\"ReadAction\",\"target\":[\"https:\/\/zamphelmets.co\/de\/versandzeiten\/\"]}]},{\"@type\":\"WebSite\",\"@id\":\"https:\/\/zamphelmets.co\/de\/#website\",\"url\":\"https:\/\/zamphelmets.co\/de\/\",\"name\":\"Zamp Helmets | Helmet 28 EU\",\"description\":\"High Quality Motorsport Helmets\",\"potentialAction\":[{\"@type\":\"SearchAction\",\"target\":{\"@type\":\"EntryPoint\",\"urlTemplate\":\"https:\/\/zamphelmets.co\/de\/?s={search_term_string}\"},\"query-input\":{\"@type\":\"PropertyValueSpecification\",\"valueRequired\":true,\"valueName\":\"search_term_string\"}}],\"inLanguage\":\"de-DE\"}]}<\/script>\n<!-- \/ Yoast SEO plugin. -->","yoast_head_json":{"title":"Versandzeiten - Zamp Helmets | Helmet 28 EU","description":"Wir bei Zamp Helmets bem\u00fchen uns, alle Bestellungen so schnell wie m\u00f6glich auszuliefern. Werfen Sie einen Blick auf unsere Versandzeiten f\u00fcr Ihr Land\/Gebiet.","robots":{"index":"index","follow":"follow","max-snippet":"max-snippet:-1","max-image-preview":"max-image-preview:large","max-video-preview":"max-video-preview:-1"},"canonical":"https:\/\/zamphelmets.co\/de\/versandzeiten\/","og_locale":"de_DE","og_type":"article","og_title":"Versandzeiten - Zamp Helmets | Helmet 28 EU","og_description":"Wir bei Zamp Helmets bem\u00fchen uns, alle Bestellungen so schnell wie m\u00f6glich auszuliefern. Werfen Sie einen Blick auf unsere Versandzeiten f\u00fcr Ihr Land\/Gebiet.","og_url":"https:\/\/zamphelmets.co\/de\/versandzeiten\/","og_site_name":"Zamp Helmets | Helmet 28 EU","article_modified_time":"2026-02-16T15:01:55+00:00","twitter_card":"summary_large_image","twitter_misc":{"Est. reading time":"1 Minute"},"schema":{"@context":"https:\/\/schema.org","@graph":[{"@type":"WebPage","@id":"https:\/\/zamphelmets.co\/de\/versandzeiten\/","url":"https:\/\/zamphelmets.co\/de\/versandzeiten\/","name":"Versandzeiten - Zamp Helmets | Helmet 28 EU","isPartOf":{"@id":"https:\/\/zamphelmets.co\/de\/#website"},"datePublished":"2020-12-02T15:45:54+00:00","dateModified":"2026-02-16T15:01:55+00:00","description":"Wir bei Zamp Helmets bem\u00fchen uns, alle Bestellungen so schnell wie m\u00f6glich auszuliefern. Werfen Sie einen Blick auf unsere Versandzeiten f\u00fcr Ihr Land\/Gebiet.","inLanguage":"de-DE","potentialAction":[{"@type":"ReadAction","target":["https:\/\/zamphelmets.co\/de\/versandzeiten\/"]}]},{"@type":"WebSite","@id":"https:\/\/zamphelmets.co\/de\/#website","url":"https:\/\/zamphelmets.co\/de\/","name":"Zamp Helmets | Helmet 28 EU","description":"High Quality Motorsport Helmets","potentialAction":[{"@type":"SearchAction","target":{"@type":"EntryPoint","urlTemplate":"https:\/\/zamphelmets.co\/de\/?s={search_term_string}"},"query-input":{"@type":"PropertyValueSpecification","valueRequired":true,"valueName":"search_term_string"}}],"inLanguage":"de-DE"}]}},"_links":{"self":[{"href":"https:\/\/zamphelmets.co\/de\/wp-json\/wp\/v2\/pages\/22062","targetHints":{"allow":["GET"]}}],"collection":[{"href":"https:\/\/zamphelmets.co\/de\/wp-json\/wp\/v2\/pages"}],"about":[{"href":"https:\/\/zamphelmets.co\/de\/wp-json\/wp\/v2\/types\/page"}],"author":[{"embeddable":true,"href":"https:\/\/zamphelmets.co\/de\/wp-json\/wp\/v2\/users\/2"}],"replies":[{"embeddable":true,"href":"https:\/\/zamphelmets.co\/de\/wp-json\/wp\/v2\/comments?post=22062"}],"version-history":[{"count":1,"href":"https:\/\/zamphelmets.co\/de\/wp-json\/wp\/v2\/pages\/22062\/revisions"}],"predecessor-version":[{"id":203497,"href":"https:\/\/zamphelmets.co\/de\/wp-json\/wp\/v2\/pages\/22062\/revisions\/203497"}],"wp:attachment":[{"href":"https:\/\/zamphelmets.co\/de\/wp-json\/wp\/v2\/media?parent=22062"}],"curies":[{"name":"wp","href":"https:\/\/api.w.org\/{rel}","templated":true}]}}