{"id":22048,"date":"2020-11-24T12:30:52","date_gmt":"2020-11-24T12:30:52","guid":{"rendered":"https:\/\/zamphelmets.co\/kontakt\/anmeldeformular-fuer-botschafter\/"},"modified":"2020-11-24T12:30:52","modified_gmt":"2020-11-24T12:30:52","slug":"anmeldeformular-fuer-botschafter","status":"publish","type":"page","link":"https:\/\/zamphelmets.co\/de\/kontakt\/anmeldeformular-fuer-botschafter\/","title":{"rendered":"Anmeldeformular f\u00fcr Botschafter"},"content":{"rendered":"<p><strong>Sind Sie an einer Zusammenarbeit mit <a href=\"https:\/\/zamphelmets.co\/product-category\/zamp-helmets\/\">Zamp Helmets<\/a> als Botschafter interessiert? Bitte f\u00fcllen Sie unser Formular aus und ein Mitglied unseres Teams wird sich mit Ihnen in Verbindung setzen, um Ihre Bewerbung als Botschafter zu pr\u00fcfen.<\/strong><\/p>\n<p>Zamp Helmets bietet <a href=\"https:\/\/zamphelmets.co\/product-category\/zamp-helmets\/\">hochwertige Helme<\/a> mit Spitzentechnologie zu einem erschwinglichen Preis.<\/p>\n<p>Das in den USA gegr\u00fcndete Unternehmen Zamp ist daf\u00fcr bekannt, unglaubliche Qualit\u00e4t zu einem <a href=\"https:\/\/zamphelmets.co\/product-category\/zamp-helmets\/\">\u00e4u\u00dferst wettbewerbsf\u00e4higen Preis<\/a> anzubieten. Im Vergleich zu anderen Marken auf dem Markt werden Sie feststellen, dass unsere Produkte das beste Preis-Leistungs-Verh\u00e4ltnis, die besten Funktionen und das beste Design bieten. Wir sind der Meinung, dass der Rennsport nicht restriktiv sein und die Teilnahme aufgrund des Preises verbieten muss. Wir m\u00f6chten die Teilnahme f\u00fcr eine m\u00f6glichst gro\u00dfe Gruppe von Menschen so einfach wie m\u00f6glich gestalten.<\/p>\n<p>Ob Sie nun im Club-Motorsport, im Kartsport oder in den prestigetr\u00e4chtigsten Rennserien der Welt unterwegs sind, Zamp hat den richtigen Helm f\u00fcr Sie.<\/p>\n<p>Vom Markteinsteiger <a href=\"https:\/\/zamphelmets.co\/product\/rz-56\/\">Full Face RZ 56<\/a>, perfekt f\u00fcr Track Days und geschlossene Cockpit-Rennen. Zu unserem revolution\u00e4ren <a href=\"https:\/\/zamphelmets.co\/de\/produkt\/rz-70e-schalter-orange-gelb\/#description\">RZ 70E Switch-Helm<\/a>, mit dem Sie Ihren Helm ganz einfach f\u00fcr eine Vielzahl von Renn-Setups konfigurieren k\u00f6nnen. Das Zamp-Sortiment umfasst wei\u00dfe und schwarze Standardhelme sowie eine beeindruckende Auswahl an bemalten, grafischen Helmen.<\/p>\n<h5><\/h5>\n<p><div class=\"afwc_reg_form_wrapper\"><form action=\"#\" id=\"afwc_registration_form\"><div class=\"afwc_reg_field_wrapper afwc_reg_email \"><label for=\"afwc_reg_email\" class=\"afwc_required\">Email<\/label><input type=\"email\" id=\"afwc_reg_email\" name=\"afwc_reg_email\" required class=\"afwc_reg_form_field\"\/><\/div><div class=\"afwc_reg_field_wrapper afwc_reg_first_name afwc_is_half\"><label for=\"afwc_reg_first_name\" class=\"afwc_\">First Name<\/label><input type=\"text\" id=\"afwc_reg_first_name\" name=\"afwc_reg_first_name\"  class=\"afwc_reg_form_field\"\/><\/div><div class=\"afwc_reg_field_wrapper afwc_reg_last_name afwc_is_half\"><label for=\"afwc_reg_last_name\" class=\"afwc_\">Last Name<\/label><input type=\"text\" id=\"afwc_reg_last_name\" name=\"afwc_reg_last_name\"  class=\"afwc_reg_form_field\"\/><\/div><div class=\"afwc_reg_field_wrapper afwc_reg_phone_no afwc_is_half\"><label for=\"afwc_reg_phone_no\" class=\"afwc_\">Phone Number<\/label><input type=\"tel\" id=\"afwc_reg_phone_no\" name=\"afwc_reg_phone_no\"  class=\"afwc_reg_form_field\"\/><\/div><div class=\"afwc_reg_field_wrapper afwc_reg_skype afwc_is_half\"><label for=\"afwc_reg_skype\" class=\"afwc_\">Skype ID<\/label><input type=\"text\" id=\"afwc_reg_skype\" name=\"afwc_reg_skype\"  class=\"afwc_reg_form_field\"\/><\/div><div class=\"afwc_reg_field_wrapper afwc_reg_website \"><label for=\"afwc_reg_website\" class=\"afwc_\">Website<\/label><input type=\"text\" id=\"afwc_reg_website\" name=\"afwc_reg_website\"  class=\"afwc_reg_form_field\"\/><\/div><div class=\"afwc_reg_field_wrapper afwc_reg_password afwc_is_half\"><label for=\"afwc_reg_password\" class=\"afwc_required\">Password<\/label><input type=\"password\" id=\"afwc_reg_password\" name=\"afwc_reg_password\" required class=\"afwc_reg_form_field\"\/><\/div><div class=\"afwc_reg_field_wrapper afwc_reg_confirm_password afwc_is_half\"><label for=\"afwc_reg_confirm_password\" class=\"afwc_required\">Confirm Password<\/label><input type=\"password\" id=\"afwc_reg_confirm_password\" name=\"afwc_reg_confirm_password\" required class=\"afwc_reg_form_field\"\/><\/div><div class=\"afwc_reg_field_wrapper afwc_reg_desc \"><label for=\"afwc_reg_desc\" class=\"afwc_required\">Tell us more about yourself and why you'd like to partner with us (please include your social media handles, experience promoting others, tell us about your audience etc)<\/label><textarea name=\"afwc_reg_desc\" id=\"afwc_reg_desc\" required size=\"100\" rows=\"5\" cols=\"58\" class=\"afwc_reg_form_field\"><\/textarea><\/div><div class=\"afwc_reg_field_wrapper afwc_reg_terms \"><label for=\"afwc_reg_terms\" class=\"afwc_required\"><input type=\"checkbox\" id=\"afwc_reg_terms\" name=\"afwc_reg_terms\" required class=\"afwc_reg_form_field\"\/> I accept all the terms of this program<\/label><\/div><input type=\"hidden\" name=\"afwc_registration\" id=\"afwc_registration\" value=\"e133e3c358\"\/><label style=\"position:absolute;top:-99999px;left:-99999px;z-index:-99;\"><input type=\"text\" name=\"afwc_hp_email\"  tabindex=\"-1\" autocomplete=\"-1\" value=\"\"\/><\/label><div class=\"afwc_reg_field_wrapper\"><input type=\"submit\" name=\"submit\" class=\"afwc_registration_form_submit\" id=\"afwc_registration_form_submit\" value=\"Submit\"\/><div class=\"afwc_reg_loader\"><img decoding=\"async\" data-src=\"https:\/\/zamphelmets.co\/wp-content\/plugins\/woocommerce\/assets\/images\/wpspin-2x.gif\" src=\"data:image\/svg+xml;base64,PHN2ZyB3aWR0aD0iMSIgaGVpZ2h0PSIxIiB4bWxucz0iaHR0cDovL3d3dy53My5vcmcvMjAwMC9zdmciPjwvc3ZnPg==\" class=\"lazyload\" style=\"--smush-placeholder-width: 32px; --smush-placeholder-aspect-ratio: 32\/32;\" \/><\/div><\/div><div class=\"afwc_reg_message\"><\/div><\/form><\/div><img decoding=\"async\" class=\"alignnone wp-image-2748 size-medium lazyload\" data-src=\"https:\/\/zamphelmets.co\/wp-content\/uploads\/2020\/11\/a9c4171a-b48e-419a-96b8-c046b8b23d2c-238x300.png\" alt=\"zamp helme Botschafter\" width=\"238\" height=\"300\" data-srcset=\"https:\/\/zamphelmets.co\/wp-content\/uploads\/2020\/11\/a9c4171a-b48e-419a-96b8-c046b8b23d2c-238x300.png 238w, https:\/\/zamphelmets.co\/wp-content\/uploads\/2020\/11\/a9c4171a-b48e-419a-96b8-c046b8b23d2c.png 535w\" data-sizes=\"(max-width: 238px) 100vw, 238px\" src=\"data:image\/svg+xml;base64,PHN2ZyB3aWR0aD0iMSIgaGVpZ2h0PSIxIiB4bWxucz0iaHR0cDovL3d3dy53My5vcmcvMjAwMC9zdmciPjwvc3ZnPg==\" style=\"--smush-placeholder-width: 238px; --smush-placeholder-aspect-ratio: 238\/300;\" \/><\/p>\n","protected":false},"excerpt":{"rendered":"<p>Sind Sie an einer Zusammenarbeit mit Zamp Helmets als Botschafter interessiert? Bitte f\u00fcllen Sie unser Formular aus und ein Mitglied unseres Teams wird sich mit Ihnen in Verbindung setzen, um Ihre Bewerbung als Botschafter zu pr\u00fcfen. Zamp Helmets bietet hochwertige Helme mit Spitzentechnologie zu einem erschwinglichen Preis. Das in den USA gegr\u00fcndete Unternehmen Zamp ist [&hellip;]<\/p>\n","protected":false},"author":2,"featured_media":13592,"parent":21974,"menu_order":0,"comment_status":"closed","ping_status":"closed","template":"","meta":{"_acf_changed":false,"footnotes":""},"class_list":["post-22048","page","type-page","status-publish","has-post-thumbnail","hentry"],"acf":[],"yoast_head":"<!-- This site is optimized with the Yoast SEO plugin v27.0 - https:\/\/yoast.com\/product\/yoast-seo-wordpress\/ -->\n<title>Anmeldeformular f\u00fcr Botschafter - Zamp Helmets | Helmet 28 EU<\/title>\n<meta name=\"description\" content=\"Sind Sie an einer Zusammenarbeit mit Zamp Helmets als Botschafter interessiert? Bitte f\u00fcllen Sie unser Formular aus und ein Mitglied unseres Teams wird sich mit Ihnen in Verbindung setzen.\" \/>\n<meta name=\"robots\" content=\"index, follow, max-snippet:-1, max-image-preview:large, max-video-preview:-1\" \/>\n<link rel=\"canonical\" href=\"https:\/\/zamphelmets.co\/de\/kontakt\/anmeldeformular-fuer-botschafter\/\" \/>\n<meta property=\"og:locale\" content=\"de_DE\" \/>\n<meta property=\"og:type\" content=\"article\" \/>\n<meta property=\"og:title\" content=\"Anmeldeformular f\u00fcr Botschafter - Zamp Helmets | Helmet 28 EU\" \/>\n<meta property=\"og:description\" content=\"Sind Sie an einer Zusammenarbeit mit Zamp Helmets als Botschafter interessiert? Bitte f\u00fcllen Sie unser Formular aus und ein Mitglied unseres Teams wird sich mit Ihnen in Verbindung setzen.\" \/>\n<meta property=\"og:url\" content=\"https:\/\/zamphelmets.co\/de\/kontakt\/anmeldeformular-fuer-botschafter\/\" \/>\n<meta property=\"og:site_name\" content=\"Zamp Helmets | Helmet 28 EU\" \/>\n<meta property=\"og:image\" content=\"https:\/\/zamphelmets.co\/wp-content\/uploads\/2020\/11\/a9c4171a-b48e-419a-96b8-c046b8b23d2c.png\" \/>\n\t<meta property=\"og:image:width\" content=\"535\" \/>\n\t<meta property=\"og:image:height\" content=\"674\" \/>\n\t<meta property=\"og:image:type\" content=\"image\/png\" \/>\n<meta name=\"twitter:card\" content=\"summary_large_image\" \/>\n<meta name=\"twitter:label1\" content=\"Est. reading time\" \/>\n\t<meta name=\"twitter:data1\" content=\"1 Minute\" \/>\n<script type=\"application\/ld+json\" class=\"yoast-schema-graph\">{\"@context\":\"https:\/\/schema.org\",\"@graph\":[{\"@type\":\"WebPage\",\"@id\":\"https:\/\/zamphelmets.co\/de\/kontakt\/anmeldeformular-fuer-botschafter\/\",\"url\":\"https:\/\/zamphelmets.co\/de\/kontakt\/anmeldeformular-fuer-botschafter\/\",\"name\":\"Anmeldeformular f\u00fcr Botschafter - Zamp Helmets | Helmet 28 EU\",\"isPartOf\":{\"@id\":\"https:\/\/zamphelmets.co\/de\/#website\"},\"primaryImageOfPage\":{\"@id\":\"https:\/\/zamphelmets.co\/de\/kontakt\/anmeldeformular-fuer-botschafter\/#primaryimage\"},\"image\":{\"@id\":\"https:\/\/zamphelmets.co\/de\/kontakt\/anmeldeformular-fuer-botschafter\/#primaryimage\"},\"thumbnailUrl\":\"https:\/\/zamphelmets.co\/wp-content\/uploads\/2020\/11\/a9c4171a-b48e-419a-96b8-c046b8b23d2c.png\",\"datePublished\":\"2020-11-24T12:30:52+00:00\",\"description\":\"Sind Sie an einer Zusammenarbeit mit Zamp Helmets als Botschafter interessiert? Bitte f\u00fcllen Sie unser Formular aus und ein Mitglied unseres Teams wird sich mit Ihnen in Verbindung setzen.\",\"breadcrumb\":{\"@id\":\"https:\/\/zamphelmets.co\/de\/kontakt\/anmeldeformular-fuer-botschafter\/#breadcrumb\"},\"inLanguage\":\"de-DE\",\"potentialAction\":[{\"@type\":\"ReadAction\",\"target\":[\"https:\/\/zamphelmets.co\/de\/kontakt\/anmeldeformular-fuer-botschafter\/\"]}]},{\"@type\":\"ImageObject\",\"inLanguage\":\"de-DE\",\"@id\":\"https:\/\/zamphelmets.co\/de\/kontakt\/anmeldeformular-fuer-botschafter\/#primaryimage\",\"url\":\"https:\/\/zamphelmets.co\/wp-content\/uploads\/2020\/11\/a9c4171a-b48e-419a-96b8-c046b8b23d2c.png\",\"contentUrl\":\"https:\/\/zamphelmets.co\/wp-content\/uploads\/2020\/11\/a9c4171a-b48e-419a-96b8-c046b8b23d2c.png\",\"width\":535,\"height\":674},{\"@type\":\"BreadcrumbList\",\"@id\":\"https:\/\/zamphelmets.co\/de\/kontakt\/anmeldeformular-fuer-botschafter\/#breadcrumb\",\"itemListElement\":[{\"@type\":\"ListItem\",\"position\":1,\"name\":\"Kontakt\",\"item\":\"https:\/\/zamphelmets.co\/de\/kontakt\/\"},{\"@type\":\"ListItem\",\"position\":2,\"name\":\"Anmeldeformular f\u00fcr Botschafter\"}]},{\"@type\":\"WebSite\",\"@id\":\"https:\/\/zamphelmets.co\/de\/#website\",\"url\":\"https:\/\/zamphelmets.co\/de\/\",\"name\":\"Zamp Helmets | Helmet 28 EU\",\"description\":\"High Quality Motorsport Helmets\",\"potentialAction\":[{\"@type\":\"SearchAction\",\"target\":{\"@type\":\"EntryPoint\",\"urlTemplate\":\"https:\/\/zamphelmets.co\/de\/?s={search_term_string}\"},\"query-input\":{\"@type\":\"PropertyValueSpecification\",\"valueRequired\":true,\"valueName\":\"search_term_string\"}}],\"inLanguage\":\"de-DE\"}]}<\/script>\n<!-- \/ Yoast SEO plugin. -->","yoast_head_json":{"title":"Anmeldeformular f\u00fcr Botschafter - Zamp Helmets | Helmet 28 EU","description":"Sind Sie an einer Zusammenarbeit mit Zamp Helmets als Botschafter interessiert? Bitte f\u00fcllen Sie unser Formular aus und ein Mitglied unseres Teams wird sich mit Ihnen in Verbindung setzen.","robots":{"index":"index","follow":"follow","max-snippet":"max-snippet:-1","max-image-preview":"max-image-preview:large","max-video-preview":"max-video-preview:-1"},"canonical":"https:\/\/zamphelmets.co\/de\/kontakt\/anmeldeformular-fuer-botschafter\/","og_locale":"de_DE","og_type":"article","og_title":"Anmeldeformular f\u00fcr Botschafter - Zamp Helmets | Helmet 28 EU","og_description":"Sind Sie an einer Zusammenarbeit mit Zamp Helmets als Botschafter interessiert? Bitte f\u00fcllen Sie unser Formular aus und ein Mitglied unseres Teams wird sich mit Ihnen in Verbindung setzen.","og_url":"https:\/\/zamphelmets.co\/de\/kontakt\/anmeldeformular-fuer-botschafter\/","og_site_name":"Zamp Helmets | Helmet 28 EU","og_image":[{"width":535,"height":674,"url":"https:\/\/zamphelmets.co\/wp-content\/uploads\/2020\/11\/a9c4171a-b48e-419a-96b8-c046b8b23d2c.png","type":"image\/png"}],"twitter_card":"summary_large_image","twitter_misc":{"Est. reading time":"1 Minute"},"schema":{"@context":"https:\/\/schema.org","@graph":[{"@type":"WebPage","@id":"https:\/\/zamphelmets.co\/de\/kontakt\/anmeldeformular-fuer-botschafter\/","url":"https:\/\/zamphelmets.co\/de\/kontakt\/anmeldeformular-fuer-botschafter\/","name":"Anmeldeformular f\u00fcr Botschafter - Zamp Helmets | Helmet 28 EU","isPartOf":{"@id":"https:\/\/zamphelmets.co\/de\/#website"},"primaryImageOfPage":{"@id":"https:\/\/zamphelmets.co\/de\/kontakt\/anmeldeformular-fuer-botschafter\/#primaryimage"},"image":{"@id":"https:\/\/zamphelmets.co\/de\/kontakt\/anmeldeformular-fuer-botschafter\/#primaryimage"},"thumbnailUrl":"https:\/\/zamphelmets.co\/wp-content\/uploads\/2020\/11\/a9c4171a-b48e-419a-96b8-c046b8b23d2c.png","datePublished":"2020-11-24T12:30:52+00:00","description":"Sind Sie an einer Zusammenarbeit mit Zamp Helmets als Botschafter interessiert? Bitte f\u00fcllen Sie unser Formular aus und ein Mitglied unseres Teams wird sich mit Ihnen in Verbindung setzen.","breadcrumb":{"@id":"https:\/\/zamphelmets.co\/de\/kontakt\/anmeldeformular-fuer-botschafter\/#breadcrumb"},"inLanguage":"de-DE","potentialAction":[{"@type":"ReadAction","target":["https:\/\/zamphelmets.co\/de\/kontakt\/anmeldeformular-fuer-botschafter\/"]}]},{"@type":"ImageObject","inLanguage":"de-DE","@id":"https:\/\/zamphelmets.co\/de\/kontakt\/anmeldeformular-fuer-botschafter\/#primaryimage","url":"https:\/\/zamphelmets.co\/wp-content\/uploads\/2020\/11\/a9c4171a-b48e-419a-96b8-c046b8b23d2c.png","contentUrl":"https:\/\/zamphelmets.co\/wp-content\/uploads\/2020\/11\/a9c4171a-b48e-419a-96b8-c046b8b23d2c.png","width":535,"height":674},{"@type":"BreadcrumbList","@id":"https:\/\/zamphelmets.co\/de\/kontakt\/anmeldeformular-fuer-botschafter\/#breadcrumb","itemListElement":[{"@type":"ListItem","position":1,"name":"Kontakt","item":"https:\/\/zamphelmets.co\/de\/kontakt\/"},{"@type":"ListItem","position":2,"name":"Anmeldeformular f\u00fcr Botschafter"}]},{"@type":"WebSite","@id":"https:\/\/zamphelmets.co\/de\/#website","url":"https:\/\/zamphelmets.co\/de\/","name":"Zamp Helmets | Helmet 28 EU","description":"High Quality Motorsport Helmets","potentialAction":[{"@type":"SearchAction","target":{"@type":"EntryPoint","urlTemplate":"https:\/\/zamphelmets.co\/de\/?s={search_term_string}"},"query-input":{"@type":"PropertyValueSpecification","valueRequired":true,"valueName":"search_term_string"}}],"inLanguage":"de-DE"}]}},"_links":{"self":[{"href":"https:\/\/zamphelmets.co\/de\/wp-json\/wp\/v2\/pages\/22048","targetHints":{"allow":["GET"]}}],"collection":[{"href":"https:\/\/zamphelmets.co\/de\/wp-json\/wp\/v2\/pages"}],"about":[{"href":"https:\/\/zamphelmets.co\/de\/wp-json\/wp\/v2\/types\/page"}],"author":[{"embeddable":true,"href":"https:\/\/zamphelmets.co\/de\/wp-json\/wp\/v2\/users\/2"}],"replies":[{"embeddable":true,"href":"https:\/\/zamphelmets.co\/de\/wp-json\/wp\/v2\/comments?post=22048"}],"version-history":[{"count":0,"href":"https:\/\/zamphelmets.co\/de\/wp-json\/wp\/v2\/pages\/22048\/revisions"}],"up":[{"embeddable":true,"href":"https:\/\/zamphelmets.co\/de\/wp-json\/wp\/v2\/pages\/21974"}],"wp:featuredmedia":[{"embeddable":true,"href":"https:\/\/zamphelmets.co\/de\/wp-json\/wp\/v2\/media\/13592"}],"wp:attachment":[{"href":"https:\/\/zamphelmets.co\/de\/wp-json\/wp\/v2\/media?parent=22048"}],"curies":[{"name":"wp","href":"https:\/\/api.w.org\/{rel}","templated":true}]}}