{"id":22043,"date":"2020-08-19T15:24:11","date_gmt":"2020-08-19T15:24:11","guid":{"rendered":"https:\/\/zamphelmets.co\/bedingungen-und-konditionen\/"},"modified":"2024-07-15T16:28:33","modified_gmt":"2024-07-15T16:28:33","slug":"bedingungen-und-konditionen","status":"publish","type":"page","link":"https:\/\/zamphelmets.co\/de\/bedingungen-und-konditionen\/","title":{"rendered":"Bedingungen und Konditionen"},"content":{"rendered":"<p>Wir \u00e4ndern diese Bedingungen von Zeit zu Zeit. Jedes Mal, wenn Sie Produkte bestellen m\u00f6chten, \u00fcberpr\u00fcfen Sie bitte diese Bedingungen, um sicherzustellen, dass Sie die Bedingungen verstehen, die zum Zeitpunkt des Kaufs gelten.<\/p>\n<p>Urspr\u00fcnglich ver\u00f6ffentlicht am Jun 21, 2017<\/p>\n<p>Vertrag \u00fcber die Lieferung von Produkten oder Dienstleistungen<\/p>\n<p>1.1. Die auf unserer Website dargestellten Produkte, Preise und Dienstleistungen stellen kein rechtsverbindliches Angebot dar. Zwischen Ihnen und Helm 28 Ltd. wird kein Vertrag \u00fcber die Lieferung von Produkten oder Waren geschlossen, solange nicht die vollst\u00e4ndige Zahlung erfolgt ist und die Bestellung angenommen wurde.<\/p>\n<p>1.2. Helmet 28 Ltd schickt Ihnen eine Best\u00e4tigungs-E-Mail, in der best\u00e4tigt wird, dass Ihre Bestellung angenommen wurde und die Zahlung erfolgreich durchgef\u00fchrt wurde. Mit dieser Best\u00e4tigungs-E-Mail nimmt Helm 28 Ltd. Ihr Angebot an, Waren oder Dienstleistungen von Helm 28 Ltd. zu kaufen, und diese Annahme ist wirksam, unabh\u00e4ngig davon, ob Sie die E-Mail erhalten oder nicht.<\/p>\n<p>1.3. Helm 28 Ltd beh\u00e4lt sich das Recht vor, jederzeit vor oder nach der Annahme von einem m\u00f6glichen Vertrag zur\u00fcckzutreten. Dies gilt auch nach dem Versand einer Best\u00e4tigungs-E-Mail im Falle eines Fehlers oder einer Ungenauigkeit in Bezug auf die Waren oder Dienstleistungen, eine Beschreibung der Waren oder Dienstleistungen, die Verf\u00fcgbarkeit der Waren oder Dienstleistungen oder die Bestellung selbst. Unter diesen Umst\u00e4nden wird Helm 28 Ltd Sie so schnell wie m\u00f6glich benachrichtigen und Ihnen die M\u00f6glichkeit bieten, auf den Bestand zu warten, eine Alternative zu w\u00e4hlen oder den vollen Kaufpreis zu erstatten. Helm 28 Ltd kann die Annahme einer Bestellung verweigern, eine Bestellung zur\u00fcckerstatten oder eine Bestellung jederzeit ohne Vorank\u00fcndigung stornieren.<\/p>\n<p>1.4. Preis- und Verf\u00fcgbarkeitsinformationen k\u00f6nnen ohne vorherige Ank\u00fcndigung ge\u00e4ndert werden. Kreditkarten werden belastet, bevor Artikel versandt werden oder bevor Dienstleistungen von Helm 28 Ltd. aktiviert werden.<\/p>\n<p>Einschr\u00e4nkung der Haftung<\/p>\n<p>2.1. Sofern nicht ausdr\u00fccklich auf dieser Website angegeben, haften weder Helm 28 Ltd noch seine Direktoren, Mitarbeiter oder sonstigen Vertreter f\u00fcr Sch\u00e4den, die sich aus der Nutzung dieser Website ergeben. Dies ist eine umfassende Haftungsbeschr\u00e4nkung, die sich auf alle Sch\u00e4den jeglicher Art bezieht, einschlie\u00dflich (ohne Einschr\u00e4nkung) Schadenersatz, direkte, indirekte oder Folgesch\u00e4den, Verlust von Daten, Einkommen oder Gewinn, Verlust oder Besch\u00e4digung von Eigentum und Anspr\u00fcche Dritter.<\/p>\n<p>2.2. Obwohl Helm 28 Ltd. versucht, die richtigen Bilder f\u00fcr jeden Artikel zu verwenden, k\u00f6nnen manchmal Fehler passieren und das falsche Bild hochgeladen werden. Es obliegt dem Kunden, sich im Voraus zu vergewissern, ob es Abweichungen zwischen Bildern und Beschreibungen gibt. Helmet 28 Ltd ist nicht verantwortlich, wenn das verwendete Bild nicht mit der angegebenen Beschreibung \u00fcbereinstimmt. Aufgrund von Hersteller-Updates, Unterschieden in der Bildschirmaufl\u00f6sung usw. k\u00f6nnen die Bilder von dem tats\u00e4chlich gelieferten Artikel abweichen. Helmet 28 Ltd ist in diesem Fall nicht f\u00fcr die Kosten verantwortlich.<\/p>\n<p>2.3. Helmet 28 Ltd ist NICHT daf\u00fcr verantwortlich, zu pr\u00fcfen, ob ein Helm f\u00fcr das Land oder die Rennserie, in die wir liefern, zugelassen ist. Es liegt in der Verantwortung des Kunden, sich zu vergewissern, dass der von ihm gekaufte Helm f\u00fcr die von ihm gew\u00fcnschte Verwendung zugelassen ist.<\/p>\n<p>2.4. Helm 28 Ltd ist NICHT verantwortlich f\u00fcr Wechselkurs\u00e4nderungen (zum Zeitpunkt der Bestellung oder zum Zeitpunkt der R\u00fcckerstattung), Einfuhrz\u00f6lle oder Einfuhrsteuern in Ihr Land. Es obliegt dem Kunden, sich vor der Bestellung \u00fcber eventuell anfallende Abgaben zu informieren.<\/p>\n<h2>Ihr Recht auf R\u00fcckgabe und R\u00fcckerstattung<\/h2>\n<p>3.1Helmet 28 LTD ist bestrebt, stets qualitativ hochwertige Waren zu liefern, die fehlerfrei und unbesch\u00e4digt sind. Gelegentlich kann es jedoch vorkommen, dass von uns gelieferte Waren zur\u00fcckgegeben werden m\u00fcssen, und solche R\u00fcckgaben unterliegen diesen Allgemeinen Gesch\u00e4ftsbedingungen. Als Verbraucher haben Sie immer gesetzliche Rechte in Bezug auf Waren, die fehlerhaft sind oder nicht der Beschreibung entsprechen. Diese gesetzlichen Rechte werden durch die R\u00fcckgabebestimmungen in dieser Klausel 3 nicht ber\u00fchrt. Beratung \u00fcber Ihre gesetzlichen Rechte erhalten Sie bei Ihrem \u00f6rtlichen Citizens&#8216; Advice Bureau oder Trading Standards Office.<\/p>\n<p><span class=\"num\">3.2<\/span> Die von uns an Sie gelieferten Waren werden mit einer Herstellergarantie geliefert (Einzelheiten entnehmen Sie bitte der Herstellergarantie, die den Waren beigef\u00fcgt ist). Wenn eine von uns gelieferte Ware innerhalb der Garantiezeit einen Fehler aufweist, haben Sie Anspruch auf Reparatur oder Ersatz dieser Ware im Rahmen der Garantiebedingungen.<\/p>\n<p><span class=\"num\">3.3<\/span> Die in Klausel 3.2 beschriebene Herstellergarantie und die in Klausel 3.9 dargelegten R\u00fcckgaberegeln gelten zus\u00e4tzlich zu Ihren gesetzlichen Rechten in Bezug auf Waren, die Sie bei uns gekauft haben und die fehlerhaft sind oder nicht der Beschreibung entsprechen.<\/p>\n<p><span class=\"num\">3.4<\/span> Wenn Sie von uns gekaufte Waren erhalten, die nicht mit denen \u00fcbereinstimmen, die Sie bestellt haben, und Sie diese Waren nicht annehmen m\u00f6chten, werden wir vorbehaltlich Klausel 3.6 entweder die Waren durch die bestellten Waren ersetzen (sofern verf\u00fcgbar) oder Ihnen den Preis zur\u00fcckerstatten, den Sie f\u00fcr diese Waren \u00fcber die von Ihnen beim Kauf der Waren verwendete Zahlungsmethode bezahlt haben.<\/p>\n<p><span class=\"num\">3.5 <\/span>Wenn Waren, die Sie bei uns gekauft haben, fehlerhaft sind und Sie diese Waren nicht annehmen m\u00f6chten, werden wir vorbehaltlich der Klauseln 3.6 und 3.7 die fehlerhaften Waren entweder reparieren, sie ersetzen (sofern Ersatz verf\u00fcgbar ist) oder Ihnen den Preis erstatten, den Sie f\u00fcr die fehlerhaften Waren \u00fcber die von Ihnen beim Kauf der Waren verwendete Zahlungsmethode bezahlt haben.<\/p>\n<p><span class=\"num\">3.6<\/span> Der Ersatz oder die Erstattung von Waren gem\u00e4\u00df den Klauseln 3.4 oder 3.5 unterliegt Ihnen:<\/p>\n<p><span class=\"num\">(a)<\/span> uns unverz\u00fcglich zu informieren, wenn Sie feststellen, dass die betreffenden Waren falsch beschrieben oder fehlerhaft sind;<\/p>\n<p><span class=\"num\">(b)<\/span> uns in angemessener Weise Gelegenheit zu geben, diese Waren zu pr\u00fcfen; und<\/p>\n<p><span class=\"num\">(c) die<\/span> R\u00fccksendung dieser Waren und aller mit ihnen gelieferten Verpackungen und Unterlagen an uns auf unsere Kosten oder die Erlaubnis f\u00fcr uns, diese Waren bei Ihnen abzuholen.<\/p>\n<p><span class=\"num\">3.7<\/span> Wir haften in dem gesetzlich zul\u00e4ssigen Umfang nicht f\u00fcr M\u00e4ngel an Waren, die auf folgende Ursachen zur\u00fcckzuf\u00fchren sind:<\/p>\n<p><span class=\"num\">(a)<\/span> f\u00fcr normale Abnutzung, die sich aus der Nutzung der Waren ergibt, oder f\u00fcr vors\u00e4tzliche Besch\u00e4digung der Waren nach deren Lieferung an Sie oder f\u00fcr Sch\u00e4den, die durch Ihre Fahrl\u00e4ssigkeit verursacht wurden;<\/p>\n<p><span class=\"num\">(b)<\/span> Ihre Nichteinhaltung der von uns oder dem Hersteller der Waren gelieferten oder den Waren beigef\u00fcgten angemessenen Anweisungen zur Lagerung, Installation, Inbetriebnahme, Verwendung oder Wartung; oder<\/p>\n<p><span class=\"num\">(c)<\/span> Sie reparieren oder ver\u00e4ndern die Waren ohne unsere vorherige schriftliche Zustimmung,<\/p>\n<p>oder wenn Sie diese Waren verwenden, nachdem Sie uns \u00fcber den Mangel an diesen Waren informiert haben.<\/p>\n<p><span class=\"num\">3.8<\/span> Es liegt in Ihrer Verantwortung, zu \u00fcberpr\u00fcfen, ob die Waren, die Sie von uns erhalten, korrekt sind:<\/p>\n<p><span class=\"num\">(a)<\/span> den\/die Artikel, die Sie bestellt haben, und<\/p>\n<p><span class=\"num\">(b)<\/span> dass es keinen offensichtlichen Fehler an den Waren gibt,<\/p>\n<p>und als solche sind wir nicht f\u00fcr Kosten verantwortlich, die Ihnen in Bezug auf die Anpassung oder den Einbau von Waren in irgendetwas nach der Lieferung an Sie entstehen, wenn Sie Ihre Verpflichtungen gem\u00e4\u00df dieser Klausel in Bezug auf diese Waren nicht erf\u00fcllen. Nichts in dieser Klausel 3.8 schr\u00e4nkt jedoch Ihre gesetzlichen Rechte in Bezug auf Waren ein, die wir Ihnen geliefert haben und die fehlerhaft sind oder falsch beschrieben wurden.<\/p>\n<p><span class=\"num\">3.9<\/span> Zus\u00e4tzlich zu Ihren Rechten gem\u00e4\u00df den Klauseln 3.1, 3.4 und 3.5 und mit Ausnahme der in Klausel 3.10 genannten Umst\u00e4nde k\u00f6nnen Sie die von uns gekauften Waren innerhalb von 14 Kalendertagen nach Lieferung auf eigene Kosten an uns zur\u00fccksenden, wenn Sie aus irgendeinem Grund unzufrieden sind oder Sie Ihre Meinung \u00e4ndern. Wir erstatten Ihnen dann den Preis, den Sie f\u00fcr diese Waren bezahlt haben, oder bieten Ihnen auf Wunsch den Umtausch dieser Waren an.<\/p>\n<p><span class=\"num\">3.10<\/span> Wir behalten uns das Recht vor, die R\u00fcckgabe von Waren gem\u00e4\u00df Klausel 3.9 nach eigenem Ermessen zu behandeln und k\u00f6nnen die Annahme von R\u00fcckgaben gem\u00e4\u00df dieser Klausel verweigern oder, falls wir uns daf\u00fcr entscheiden, den Preis, den wir Ihnen gem\u00e4\u00df dieser Klausel erstatten, reduzieren, wenn:<\/p>\n<p><span class=\"num\">(a)<\/span> die Waren nach der Lieferung an Sie besch\u00e4digt wurden oder abgenutzt sind;<\/p>\n<p><span class=\"num\">(b)<\/span> Sie haben die Waren in einen anderen Gegenstand eingebaut oder eingebaut;<\/p>\n<p><span class=\"num\">(c)<\/span> diese Waren aus Audio- oder Videoaufzeichnungen oder Computersoftware bestehen, die in einer versiegelten Verpackung geliefert wurden, und die Verpackung dieser Waren bei oder nach der Lieferung an Sie ge\u00f6ffnet wurde;<\/p>\n<p><span class=\"num\">(d)<\/span> diese Waren zu einem reduzierten Preis gekauft wurden, um Sch\u00e4den oder Qualit\u00e4tsm\u00e4ngel an diesen Waren zu ber\u00fccksichtigen;<\/p>\n<p><span class=\"num\">(e)<\/span> Sie haben diese Waren ohne unsere vorherige schriftliche Zustimmung f\u00fcr gesch\u00e4ftliche oder kommerzielle Zwecke verwendet;<\/p>\n<p><span class=\"num\">(f)<\/span> Sie ohne unsere schriftliche Zustimmung \u00c4nderungen oder Reparaturen an diesen Waren vornehmen; oder<\/p>\n<p><span class=\"num\">(g)<\/span> wir glauben, dass Sie versuchen, unser System zur R\u00fccksendung von Waren zu missbrauchen,<\/p>\n<p>(h) Waren, die speziell auf Ihren Wunsch hin bestellt wurden, k\u00f6nnen nicht zur Gutschrift an uns zur\u00fcckgegeben werden:<\/p>\n<p>(i) Waren, die im Rahmen einer Werbeaktion\/eines Pakets gekauft wurden, werden gutgeschrieben, jedoch mit einer R\u00fccknahmegeb\u00fchr von 10 % belegt.<\/p>\n<p>(j) F\u00fcr alle Produkte mit Installation\/Zubeh\u00f6r wird eine R\u00fccknahmegeb\u00fchr von 15% erhoben.<\/p>\n<p>obwohl nichts in dieser Klausel Ihre gesetzlichen Rechte in Bezug auf an Sie gelieferte Waren, die fehlerhaft sind oder nicht der Beschreibung entsprechen, einschr\u00e4nkt.<\/p>\n<p><span class=\"num\">3.11<\/span> Wenn die R\u00fccksendung von Waren durch Sie gem\u00e4\u00df Klausel 3.9 erfolgt:<\/p>\n<p><span class=\"num\">(a)<\/span> behalten wir uns das Recht vor, Ihnen die Kosten in Rechnung zu stellen, die uns im Zusammenhang mit der Lieferung der Waren an Sie und der R\u00fccksendung dieser Waren an uns entstanden sind; und<\/p>\n<p><span class=\"num\">(b)<\/span> und die Waren von Ihnen mit einer Finanzierung erworben wurden, behalten wir uns das Recht vor, entweder:<\/p>\n<p><span class=\"num\">(i)<\/span> die Kosten in Rechnung stellen, die uns im Zusammenhang mit der Vermittlung und Verwaltung dieser Finanzierung entstanden sind. Diese Kosten variieren je nach H\u00f6he und Dauer des Finanzierungsvertrags; oder<\/p>\n<p><span class=\"num\">(ii)<\/span> Ihnen anstelle einer R\u00fcckerstattung eine Ladengutschrift im Wert der zur\u00fcckgegebenen Waren ausstellen, die innerhalb von 12 Monaten nach Ausstellung der Gutschrift verwendet werden muss.<\/p>\n<p><span class=\"num\">3.12<\/span> Gem\u00e4\u00df den Consumer Regulations 2013 haben Sie das Recht, Ihre Bestellung zu stornieren, sofern Sie dies nicht sp\u00e4ter als 14 Tage nach dem Tag tun, an dem Sie die Waren oder Dienstleistungen erhalten haben. Dieses Recht, Ihre Bestellung zu stornieren, gilt jedoch nicht f\u00fcr Waren, die:<\/p>\n<p><span class=\"num\">(a)<\/span> nach Ma\u00df oder auf Bestellung oder anderweitig nach Ihren Angaben hergestellt oder eindeutig personalisiert;<\/p>\n<p><span class=\"num\">(b)<\/span> Zeitungen, Zeitschriften oder Magazine;<\/p>\n<p><span class=\"num\">(c)<\/span> verderbliche Waren, wie Lebensmittel oder Getr\u00e4nke, oder<\/p>\n<p><span class=\"num\">(d)<\/span> Software, DVDs oder CDs, die ein Sicherheitssiegel haben, das Sie ge\u00f6ffnet oder entsiegelt haben.<\/p>\n<p><span class=\"num\">3.13<\/span> Nach der Stornierung einer Bestellung gem\u00e4\u00df Klausel 3.12 erstatten wir Ihnen alle Betr\u00e4ge, die Sie f\u00fcr die betreffenden Waren gezahlt haben, so schnell wie m\u00f6glich und in jedem Fall innerhalb von 30 Kalendertagen nach dem Tag, an dem Sie uns die Stornierung schriftlich mitgeteilt haben, abz\u00fcglich unserer angemessenen Kosten f\u00fcr die R\u00fcckholung der Waren, wenn Sie die Kosten f\u00fcr die R\u00fccksendung dieser Waren an uns nicht tragen, und unter der Voraussetzung, dass Sie die Waren bis zu ihrer R\u00fccksendung an uns angemessen behandeln. Wenn Sie eine Bestellung f\u00fcr Waren stornieren, die wir bereits zur Auslieferung bearbeitet haben, d\u00fcrfen Sie die Waren nicht auspacken, wenn sie bei Ihnen eintreffen.<\/p>\n<p><span class=\"num\">3.14<\/span> Wenn Sie Ihre Bestellung gem\u00e4\u00df Klausel 3.12 storniert haben und die Waren an Sie geliefert wurden:<\/p>\n<p><span class=\"num\">(a)<\/span> Sie m\u00fcssen die betreffenden Waren so bald wie m\u00f6glich an uns zur\u00fcckgeben. Wenn die Waren abgeholt werden m\u00fcssen, holen wir sie an der Adresse ab, an die sie geliefert wurden. Wir werden uns mit Ihnen in Verbindung setzen, um einen geeigneten Zeitpunkt f\u00fcr die Abholung zu vereinbaren;<\/p>\n<p><span class=\"num\">(b)<\/span> Sie tragen die Kosten f\u00fcr die R\u00fccksendung der Waren an uns oder gegebenenfalls die Kosten f\u00fcr die Abholung der Waren bei Ihnen durch uns; und<\/p>\n<p><span class=\"num\">(c)<\/span> Sie sind gesetzlich verpflichtet, die Waren in Ihrem Besitz zu behalten und mit angemessener Sorgfalt zu behandeln, bis sie an uns zur\u00fcckgegeben oder von uns abgeholt werden.<\/p>\n<p><span class=\"num\">3.15<\/span> Einzelheiten zu Ihrem gesetzlichen Widerrufsrecht und eine Erkl\u00e4rung, wie Sie es aus\u00fcben k\u00f6nnen, finden Sie in der Auftragsbest\u00e4tigung.<\/p>\n<p>3.16. https:\/\/helmet28.com\/ is an Online business, your item cannot be returned to us in person. Wir haben keinen Schalter f\u00fcr H\u00e4ndler\/Kunden und Ihr Kauf kann NICHT in unserem B\u00fcro zur\u00fcckgegeben werden. Ihr Artikel muss an Helmet 28 Returns, AteaLaan 36, 2200, Herentals, Belgien zur\u00fcckgeschickt werden.<\/p>\n<p>Lieferung<\/p>\n<p>4.1. Ihre Bestellung wird zu dem in der Auftragsbest\u00e4tigung angegebenen voraussichtlichen Liefertermin ausgef\u00fchrt, es sei denn, es liegt ein Ereignis au\u00dferhalb unserer Kontrolle vor. Wir k\u00f6nnen die Lieferung von Waren innerhalb der angegebenen Fristen nicht garantieren. Alle Versandzeiten sind Sch\u00e4tzungen. F\u00fcr Sch\u00e4den, die durch versp\u00e4tete Lieferung entstehen, ist Helm 28 nicht verantwortlich.<\/p>\n<p>4.2. Die Lieferung ist abgeschlossen, wenn wir die Produkte an die Adresse liefern, die Sie uns angegeben haben.<\/p>\n<p>4.3. Wenn niemand an Ihrer Adresse erreichbar ist, um die Lieferung entgegenzunehmen, sollte der Kurier-\/Postdienst Ihnen normalerweise eine Nachricht hinterlassen, dass er versucht hat, die Produkte zuzustellen. Es liegt in Ihrer Verantwortung, die Lieferung neu zu vereinbaren oder die Produkte anderweitig bei dem entsprechenden Kurier\/Postdienst abzuholen.<\/p>\n<p>4.4. Sie tragen die Verantwortung f\u00fcr die Produkte ab dem Zeitpunkt der Auslieferung.<\/p>\n<p>4.5. Die Produkte gehen in Ihr Eigentum \u00fcber, sobald wir die vollst\u00e4ndige Zahlung, einschlie\u00dflich aller anfallenden Versandkosten, erhalten haben.<\/p>\n<p>Kommunikation<\/p>\n<p>5.1. Um einen Vertrag gem\u00e4\u00df Ihrem gesetzlichen Recht zu k\u00fcndigen, m\u00fcssen Sie uns \u00fcber Sales@helmet28.com kontaktieren oder einen Brief an Helmet 28 Ltd, Clifton Square, Alderley Edge, SK9 7NW senden. Vielleicht m\u00f6chten Sie eine Kopie Ihrer Stornierungsmitteilung f\u00fcr Ihre eigenen Unterlagen aufbewahren. Wenn Sie uns Ihre K\u00fcndigung per E-Mail oder per Post zukommen lassen, wird Ihre K\u00fcndigung ab dem Datum wirksam, an dem Sie uns die E-Mail geschickt oder den Brief abgeschickt haben.<\/p>\n<p>5.2. Wenn Sie uns aus einem anderen Grund schriftlich kontaktieren m\u00f6chten, k\u00f6nnen Sie dies \u00fcber Help@helmet28.com oder per vorausbezahlter Post an Helm 28 Ltd, Clifton Square, Alderley Edge, SK9 7NW tun.<\/p>\n<p>5.3. Wenn wir uns mit Ihnen in Verbindung setzen oder Sie schriftlich benachrichtigen m\u00fcssen, tun wir dies per E-Mail oder per vorausbezahlter Post an die Adresse, die Sie uns bei Ihrer Bestellung angegeben haben.<\/p>\n<p>Datenschutzbestimmungen<\/p>\n<p>6.1. Helmet 28 Ltd. verpflichtet sich, die Privatsph\u00e4re seiner Kunden zu sch\u00fctzen. Wir sammeln nur Informationen \u00fcber Sie, die f\u00fcr die Bearbeitung Ihrer Bestellung erforderlich sind, um Ihnen den bestm\u00f6glichen Service zu bieten. Alle gesammelten Informationen werden nur in \u00dcbereinstimmung mit dem Data Protection Act 1998 verwendet. Wir geben keine Ihrer Daten an Dritte weiter, ohne zuvor Ihre ausdr\u00fcckliche Zustimmung eingeholt zu haben.<\/p>\n<p>6.2. Die folgenden Informationen ben\u00f6tigen wir, um Ihre Bestellung zu bearbeiten und Sie \u00fcber den Status Ihrer Bestellung zu informieren.<\/p>\n<p>Ihr Name<br \/>\nFirmenname (falls zutreffend)<br \/>\nAdresse<br \/>\nE-Mail Adresse<br \/>\nKontakt-Telefonnummern<br \/>\nAngaben zur Kredit- oder Debitkarte<\/p>\n<p>6.3. Wir speichern keine Kreditkartendaten, die bei einem Bestellvorgang erhoben werden, z.B. bei Online- oder Telefonbestellungen.<\/p>\n<p>6.4. Das Datenschutzgesetz von 1998 verpflichtet uns, offen \u00fcber den Besitz und die Verwendung personenbezogener Daten zu sprechen. Helm 28 Ltd. verpflichtet sich zur Einhaltung der acht Datenschutzgrunds\u00e4tze f\u00fcr einen guten Umgang mit Informationen und wird Ihre Rechte jederzeit sch\u00fctzen und wahren.<\/p>\n<p>6.5. M\u00f6glicherweise werden Sie von Zeit zu Zeit mit Angeboten in Ihrem besten Interesse kontaktiert.<\/p>\n","protected":false},"excerpt":{"rendered":"<p>Wir \u00e4ndern diese Bedingungen von Zeit zu Zeit. Jedes Mal, wenn Sie Produkte bestellen m\u00f6chten, \u00fcberpr\u00fcfen Sie bitte diese Bedingungen, um sicherzustellen, dass Sie die Bedingungen verstehen, die zum Zeitpunkt des Kaufs gelten. Urspr\u00fcnglich ver\u00f6ffentlicht am Jun 21, 2017 Vertrag \u00fcber die Lieferung von Produkten oder Dienstleistungen 1.1. Die auf unserer Website dargestellten Produkte, Preise [&hellip;]<\/p>\n","protected":false},"author":1,"featured_media":0,"parent":0,"menu_order":0,"comment_status":"closed","ping_status":"closed","template":"templates\/fullwidth.php","meta":{"_acf_changed":false,"footnotes":""},"class_list":["post-22043","page","type-page","status-publish","hentry"],"acf":[],"yoast_head":"<!-- This site is optimized with the Yoast SEO plugin v27.0 - https:\/\/yoast.com\/product\/yoast-seo-wordpress\/ -->\n<title>Bedingungen und Konditionen - Zamp Helmets | Helmet 28 EU<\/title>\n<meta name=\"robots\" content=\"index, follow, max-snippet:-1, max-image-preview:large, max-video-preview:-1\" \/>\n<link rel=\"canonical\" href=\"https:\/\/zamphelmets.co\/de\/bedingungen-und-konditionen\/\" \/>\n<meta property=\"og:locale\" content=\"de_DE\" \/>\n<meta property=\"og:type\" content=\"article\" \/>\n<meta property=\"og:title\" content=\"Bedingungen und Konditionen - Zamp Helmets | Helmet 28 EU\" \/>\n<meta property=\"og:description\" content=\"Wir \u00e4ndern diese Bedingungen von Zeit zu Zeit. Jedes Mal, wenn Sie Produkte bestellen m\u00f6chten, \u00fcberpr\u00fcfen Sie bitte diese Bedingungen, um sicherzustellen, dass Sie die Bedingungen verstehen, die zum Zeitpunkt des Kaufs gelten. Urspr\u00fcnglich ver\u00f6ffentlicht am Jun 21, 2017 Vertrag \u00fcber die Lieferung von Produkten oder Dienstleistungen 1.1. Die auf unserer Website dargestellten Produkte, Preise [&hellip;]\" \/>\n<meta property=\"og:url\" content=\"https:\/\/zamphelmets.co\/de\/bedingungen-und-konditionen\/\" \/>\n<meta property=\"og:site_name\" content=\"Zamp Helmets | Helmet 28 EU\" \/>\n<meta property=\"article:modified_time\" content=\"2024-07-15T16:28:33+00:00\" \/>\n<meta name=\"twitter:card\" content=\"summary_large_image\" \/>\n<meta name=\"twitter:label1\" content=\"Est. reading time\" \/>\n\t<meta name=\"twitter:data1\" content=\"12 Minuten\" \/>\n<script type=\"application\/ld+json\" class=\"yoast-schema-graph\">{\"@context\":\"https:\/\/schema.org\",\"@graph\":[{\"@type\":\"WebPage\",\"@id\":\"https:\/\/zamphelmets.co\/de\/bedingungen-und-konditionen\/\",\"url\":\"https:\/\/zamphelmets.co\/de\/bedingungen-und-konditionen\/\",\"name\":\"Bedingungen und Konditionen - Zamp Helmets | Helmet 28 EU\",\"isPartOf\":{\"@id\":\"https:\/\/zamphelmets.co\/de\/#website\"},\"datePublished\":\"2020-08-19T15:24:11+00:00\",\"dateModified\":\"2024-07-15T16:28:33+00:00\",\"inLanguage\":\"de-DE\",\"potentialAction\":[{\"@type\":\"ReadAction\",\"target\":[\"https:\/\/zamphelmets.co\/de\/bedingungen-und-konditionen\/\"]}]},{\"@type\":\"WebSite\",\"@id\":\"https:\/\/zamphelmets.co\/de\/#website\",\"url\":\"https:\/\/zamphelmets.co\/de\/\",\"name\":\"Zamp Helmets | Helmet 28 EU\",\"description\":\"High Quality Motorsport Helmets\",\"potentialAction\":[{\"@type\":\"SearchAction\",\"target\":{\"@type\":\"EntryPoint\",\"urlTemplate\":\"https:\/\/zamphelmets.co\/de\/?s={search_term_string}\"},\"query-input\":{\"@type\":\"PropertyValueSpecification\",\"valueRequired\":true,\"valueName\":\"search_term_string\"}}],\"inLanguage\":\"de-DE\"}]}<\/script>\n<!-- \/ Yoast SEO plugin. -->","yoast_head_json":{"title":"Bedingungen und Konditionen - Zamp Helmets | Helmet 28 EU","robots":{"index":"index","follow":"follow","max-snippet":"max-snippet:-1","max-image-preview":"max-image-preview:large","max-video-preview":"max-video-preview:-1"},"canonical":"https:\/\/zamphelmets.co\/de\/bedingungen-und-konditionen\/","og_locale":"de_DE","og_type":"article","og_title":"Bedingungen und Konditionen - Zamp Helmets | Helmet 28 EU","og_description":"Wir \u00e4ndern diese Bedingungen von Zeit zu Zeit. Jedes Mal, wenn Sie Produkte bestellen m\u00f6chten, \u00fcberpr\u00fcfen Sie bitte diese Bedingungen, um sicherzustellen, dass Sie die Bedingungen verstehen, die zum Zeitpunkt des Kaufs gelten. Urspr\u00fcnglich ver\u00f6ffentlicht am Jun 21, 2017 Vertrag \u00fcber die Lieferung von Produkten oder Dienstleistungen 1.1. Die auf unserer Website dargestellten Produkte, Preise [&hellip;]","og_url":"https:\/\/zamphelmets.co\/de\/bedingungen-und-konditionen\/","og_site_name":"Zamp Helmets | Helmet 28 EU","article_modified_time":"2024-07-15T16:28:33+00:00","twitter_card":"summary_large_image","twitter_misc":{"Est. reading time":"12 Minuten"},"schema":{"@context":"https:\/\/schema.org","@graph":[{"@type":"WebPage","@id":"https:\/\/zamphelmets.co\/de\/bedingungen-und-konditionen\/","url":"https:\/\/zamphelmets.co\/de\/bedingungen-und-konditionen\/","name":"Bedingungen und Konditionen - Zamp Helmets | Helmet 28 EU","isPartOf":{"@id":"https:\/\/zamphelmets.co\/de\/#website"},"datePublished":"2020-08-19T15:24:11+00:00","dateModified":"2024-07-15T16:28:33+00:00","inLanguage":"de-DE","potentialAction":[{"@type":"ReadAction","target":["https:\/\/zamphelmets.co\/de\/bedingungen-und-konditionen\/"]}]},{"@type":"WebSite","@id":"https:\/\/zamphelmets.co\/de\/#website","url":"https:\/\/zamphelmets.co\/de\/","name":"Zamp Helmets | Helmet 28 EU","description":"High Quality Motorsport Helmets","potentialAction":[{"@type":"SearchAction","target":{"@type":"EntryPoint","urlTemplate":"https:\/\/zamphelmets.co\/de\/?s={search_term_string}"},"query-input":{"@type":"PropertyValueSpecification","valueRequired":true,"valueName":"search_term_string"}}],"inLanguage":"de-DE"}]}},"_links":{"self":[{"href":"https:\/\/zamphelmets.co\/de\/wp-json\/wp\/v2\/pages\/22043","targetHints":{"allow":["GET"]}}],"collection":[{"href":"https:\/\/zamphelmets.co\/de\/wp-json\/wp\/v2\/pages"}],"about":[{"href":"https:\/\/zamphelmets.co\/de\/wp-json\/wp\/v2\/types\/page"}],"author":[{"embeddable":true,"href":"https:\/\/zamphelmets.co\/de\/wp-json\/wp\/v2\/users\/1"}],"replies":[{"embeddable":true,"href":"https:\/\/zamphelmets.co\/de\/wp-json\/wp\/v2\/comments?post=22043"}],"version-history":[{"count":2,"href":"https:\/\/zamphelmets.co\/de\/wp-json\/wp\/v2\/pages\/22043\/revisions"}],"predecessor-version":[{"id":28402,"href":"https:\/\/zamphelmets.co\/de\/wp-json\/wp\/v2\/pages\/22043\/revisions\/28402"}],"wp:attachment":[{"href":"https:\/\/zamphelmets.co\/de\/wp-json\/wp\/v2\/media?parent=22043"}],"curies":[{"name":"wp","href":"https:\/\/api.w.org\/{rel}","templated":true}]}}