{"id":22013,"date":"2019-01-08T14:25:04","date_gmt":"2019-01-08T14:25:04","guid":{"rendered":"https:\/\/zamphelmets.co\/ueber\/"},"modified":"2026-02-16T15:02:58","modified_gmt":"2026-02-16T15:02:58","slug":"ueber","status":"publish","type":"page","link":"https:\/\/zamphelmets.co\/de\/ueber\/","title":{"rendered":"\u00dcber"},"content":{"rendered":"<p><img decoding=\"async\" class=\"size-medium wp-image-7967 alignleft lazyload\" data-src=\"https:\/\/zamphelmets.co\/wp-content\/uploads\/2023\/04\/ZAMP-additional-product-images-Aug-23-800x800px-3-300x300.png\" alt=\"\" width=\"300\" height=\"300\" data-srcset=\"https:\/\/zamphelmets.co\/wp-content\/uploads\/2023\/04\/ZAMP-additional-product-images-Aug-23-800x800px-3-300x300.png 300w, https:\/\/zamphelmets.co\/wp-content\/uploads\/2023\/04\/ZAMP-additional-product-images-Aug-23-800x800px-3-150x150.png 150w, https:\/\/zamphelmets.co\/wp-content\/uploads\/2023\/04\/ZAMP-additional-product-images-Aug-23-800x800px-3-768x768.png 768w, https:\/\/zamphelmets.co\/wp-content\/uploads\/2023\/04\/ZAMP-additional-product-images-Aug-23-800x800px-3-600x600.png 600w, https:\/\/zamphelmets.co\/wp-content\/uploads\/2023\/04\/ZAMP-additional-product-images-Aug-23-800x800px-3-100x100.png 100w, https:\/\/zamphelmets.co\/wp-content\/uploads\/2023\/04\/ZAMP-additional-product-images-Aug-23-800x800px-3.png 800w\" data-sizes=\"(max-width: 300px) 100vw, 300px\" src=\"data:image\/svg+xml;base64,PHN2ZyB3aWR0aD0iMSIgaGVpZ2h0PSIxIiB4bWxucz0iaHR0cDovL3d3dy53My5vcmcvMjAwMC9zdmciPjwvc3ZnPg==\" style=\"--smush-placeholder-width: 300px; --smush-placeholder-aspect-ratio: 300\/300;\" \/>Zamp Helmets bietet <a href=\"https:\/\/zamphelmets.co\/de\/product-category\/zamp-de\/zamp-helme\/\">hochwertige Helme<\/a> mit Spitzentechnologie zu einem erschwinglichen Preis.<\/p>\n<p>Helmet 28 vertreibt Zamp Helme von seinem Lager in Belgien aus.<\/p>\n<p>Das in den USA gegr\u00fcndete Unternehmen Zamp ist daf\u00fcr bekannt, unglaubliche Qualit\u00e4t zu einem <a href=\"https:\/\/zamphelmets.co\/de\/product-category\/zamp-de\/zamp-helme\/\">\u00e4u\u00dferst wettbewerbsf\u00e4higen Preis<\/a> anzubieten. Im Vergleich zu anderen Marken auf dem Markt werden Sie feststellen, dass unsere Produkte das beste Preis-Leistungs-Verh\u00e4ltnis, die besten Funktionen und das beste Design bieten. Wir sind der Meinung, dass der Rennsport nicht restriktiv sein und die Teilnahme aufgrund des Preises verbieten muss. Wir m\u00f6chten die Teilnahme f\u00fcr eine m\u00f6glichst gro\u00dfe Gruppe von Menschen so einfach wie m\u00f6glich gestalten.<\/p>\n<h5>Was unsere Produkte auszeichnet<\/h5>\n<p>Unser  <a href=\"https:\/\/zamphelmets.co\/de\/product-category\/zamp-de\/zamp-helme\/\">Helme<\/a>,  <a href=\"https:\/\/zamphelmets.co\/de\/product-category\/zamp-de\/schutz-kleidung\/anzuge\/\">Anz\u00fcge<\/a>,  <a href=\"https:\/\/zamphelmets.co\/de\/product-category\/zamp-de\/schutz-kleidung\/handschuhe\/\">Handschuhe<\/a> und  alle <a href=\"https:\/\/zamphelmets.co\/de\/product-category\/zamp-de\/zubehor\/\">anderen Zubeh\u00f6rteile<\/a> erf\u00fcllen eine ganze Reihe von <a href=\"https:\/\/www.motorsportuk.org\/the-sport\/regulations\/\">Sicherheitsstandards<\/a>, wie <a href=\"https:\/\/zamphelmets.co\/de\/product-category\/fia-8859-de\/\">FIA 8859-2015<\/a>, <a href=\"https:\/\/zamphelmets.co\/de\/product-category\/zamp-de\/zamp-helme\/snell-de\/\">Snell SA 2020<\/a> und <a href=\"https:\/\/zamphelmets.co\/de\/product-category\/zamp-de\/zamp-helme\/jugend-cmr-2016\/\">CMR 2016<\/a>. Ganz gleich, ob Sie gerade erst mit dem Kartsport beginnen oder an internationalen Meisterschaften auf h\u00f6chstem Niveau teilnehmen, es gibt ein Produkt, das Ihren Bed\u00fcrfnissen entspricht.<\/p>\n<p>Ob Sie nun im Club-Motorsport, im Kartsport oder in den prestigetr\u00e4chtigsten Rennserien der Welt unterwegs sind, Zamp hat den richtigen Helm f\u00fcr Sie.<\/p>\n<p>Vom Markteinsteiger <a href=\"https:\/\/zamphelmets.co\/product\/rz-56\/\">Full Face RZ 56<\/a>, perfekt f\u00fcr Track Days und geschlossene Cockpit-Rennen. Zu unserem revolution\u00e4ren <a href=\"https:\/\/zamphelmets.co\/de\/produkt\/rz-70e-schalter-orange-gelb\/#description\">RZ 70E Switch-Helm<\/a>, mit dem Sie Ihren Helm ganz einfach f\u00fcr eine Vielzahl von Renn-Setups konfigurieren k\u00f6nnen. Das Zamp-Sortiment umfasst wei\u00dfe und schwarze Standardhelme sowie eine beeindruckende Auswahl an bemalten, grafischen Helmen.<\/p>\n<h5>Machen Sie es zu Ihrem eigenen<\/h5>\n<p>Es war noch nie so einfach, Ihren Helm f\u00fcr den Renntag optimal einzustellen. Mit unserem umfangreichen <a href=\"https:\/\/zamphelmets.co\/de\/product-category\/zamp-de\/zubehor\/\">Zubeh\u00f6rsortiment<\/a> kann jeder Zamp-Helm mit einem <a href=\"https:\/\/zamphelmets.co\/de\/produkt\/z20-visiere\/\">Z20-Visier nachger\u00fcstet werden .<\/a> Von auff\u00e4lligen Iridium- und Prismenvisieren bis hin zum Amber-Visier (perfekt f\u00fcr den Einsatz bei schlechten Lichtverh\u00e4ltnissen). Zamp bietet auch eine Reihe von <a href=\"https:\/\/zamphelmets.co\/product\/zamp-shield-retention-kit\/\">eloxierten Visierschrauben<\/a> sowie <a href=\"https:\/\/zamphelmets.co\/product\/visor-tear-off\/\">Visierabrei\u00dfschrauben<\/a> an.<\/p>\n<p>Ganz gleich, ob Sie nach einem g\u00fcnstigen und erschwinglichen Einstieg in den Rennsport oder nach Ihrem n\u00e4chsten Wettbewerbsvorteil suchen, Zamp hat alles f\u00fcr Sie!<\/p>\n<p>Wenn Sie Fragen haben, z\u00f6gern Sie bitte nicht, sich mit uns in Verbindung zu setzen <a href=\"mailto:support@helmet28.com\">.<\/a><\/p>\n<p>(Zamp Helme werden von Helmet 28 Ltd importiert)<\/p>\n","protected":false},"excerpt":{"rendered":"<p>Zamp Helmets bietet hochwertige Helme mit Spitzentechnologie zu einem erschwinglichen Preis. Helmet 28 vertreibt Zamp Helme von seinem Lager in Belgien aus. Das in den USA gegr\u00fcndete Unternehmen Zamp ist daf\u00fcr bekannt, unglaubliche Qualit\u00e4t zu einem \u00e4u\u00dferst wettbewerbsf\u00e4higen Preis anzubieten. Im Vergleich zu anderen Marken auf dem Markt werden Sie feststellen, dass unsere Produkte das [&hellip;]<\/p>\n","protected":false},"author":1,"featured_media":0,"parent":0,"menu_order":0,"comment_status":"closed","ping_status":"closed","template":"templates\/fullwidth.php","meta":{"_acf_changed":false,"footnotes":""},"class_list":["post-22013","page","type-page","status-publish","hentry"],"acf":[],"yoast_head":"<!-- This site is optimized with the Yoast SEO plugin v27.0 - https:\/\/yoast.com\/product\/yoast-seo-wordpress\/ -->\n<title>\u00dcber - Zamp Helmets | Helmet 28 EU<\/title>\n<meta name=\"description\" content=\"Zamp Helme bieten unglaubliche Qualit\u00e4tshelme mit Spitzentechnologie zu einem \u00e4u\u00dferst wettbewerbsf\u00e4higen Preispunkt.\" \/>\n<meta name=\"robots\" content=\"index, follow, max-snippet:-1, max-image-preview:large, max-video-preview:-1\" \/>\n<link rel=\"canonical\" href=\"https:\/\/zamphelmets.co\/de\/ueber\/\" \/>\n<meta property=\"og:locale\" content=\"de_DE\" \/>\n<meta property=\"og:type\" content=\"article\" \/>\n<meta property=\"og:title\" content=\"\u00dcber - Zamp Helmets | Helmet 28 EU\" \/>\n<meta property=\"og:description\" content=\"Zamp Helme bieten unglaubliche Qualit\u00e4tshelme mit Spitzentechnologie zu einem \u00e4u\u00dferst wettbewerbsf\u00e4higen Preispunkt.\" \/>\n<meta property=\"og:url\" content=\"https:\/\/zamphelmets.co\/de\/ueber\/\" \/>\n<meta property=\"og:site_name\" content=\"Zamp Helmets | Helmet 28 EU\" \/>\n<meta property=\"article:modified_time\" content=\"2026-02-16T15:02:58+00:00\" \/>\n<meta property=\"og:image\" content=\"https:\/\/zamphelmets.co\/wp-content\/uploads\/2023\/04\/ZAMP-additional-product-images-Aug-23-800x800px-3.png\" \/>\n\t<meta property=\"og:image:width\" content=\"800\" \/>\n\t<meta property=\"og:image:height\" content=\"800\" \/>\n\t<meta property=\"og:image:type\" content=\"image\/png\" \/>\n<meta name=\"twitter:card\" content=\"summary_large_image\" \/>\n<meta name=\"twitter:label1\" content=\"Est. reading time\" \/>\n\t<meta name=\"twitter:data1\" content=\"2 Minuten\" \/>\n<script type=\"application\/ld+json\" class=\"yoast-schema-graph\">{\"@context\":\"https:\/\/schema.org\",\"@graph\":[{\"@type\":\"WebPage\",\"@id\":\"https:\/\/zamphelmets.co\/de\/ueber\/\",\"url\":\"https:\/\/zamphelmets.co\/de\/ueber\/\",\"name\":\"\u00dcber - Zamp Helmets | Helmet 28 EU\",\"isPartOf\":{\"@id\":\"https:\/\/zamphelmets.co\/de\/#website\"},\"primaryImageOfPage\":{\"@id\":\"https:\/\/zamphelmets.co\/de\/ueber\/#primaryimage\"},\"image\":{\"@id\":\"https:\/\/zamphelmets.co\/de\/ueber\/#primaryimage\"},\"thumbnailUrl\":\"https:\/\/zamphelmets.co\/wp-content\/uploads\/2023\/04\/ZAMP-additional-product-images-Aug-23-800x800px-3-300x300.png\",\"datePublished\":\"2019-01-08T14:25:04+00:00\",\"dateModified\":\"2026-02-16T15:02:58+00:00\",\"description\":\"Zamp Helme bieten unglaubliche Qualit\u00e4tshelme mit Spitzentechnologie zu einem \u00e4u\u00dferst wettbewerbsf\u00e4higen Preispunkt.\",\"inLanguage\":\"de-DE\",\"potentialAction\":[{\"@type\":\"ReadAction\",\"target\":[\"https:\/\/zamphelmets.co\/de\/ueber\/\"]}]},{\"@type\":\"ImageObject\",\"inLanguage\":\"de-DE\",\"@id\":\"https:\/\/zamphelmets.co\/de\/ueber\/#primaryimage\",\"url\":\"https:\/\/zamphelmets.co\/wp-content\/uploads\/2023\/04\/ZAMP-additional-product-images-Aug-23-800x800px-3-300x300.png\",\"contentUrl\":\"https:\/\/zamphelmets.co\/wp-content\/uploads\/2023\/04\/ZAMP-additional-product-images-Aug-23-800x800px-3-300x300.png\"},{\"@type\":\"WebSite\",\"@id\":\"https:\/\/zamphelmets.co\/de\/#website\",\"url\":\"https:\/\/zamphelmets.co\/de\/\",\"name\":\"Zamp Helmets | Helmet 28 EU\",\"description\":\"High Quality Motorsport Helmets\",\"potentialAction\":[{\"@type\":\"SearchAction\",\"target\":{\"@type\":\"EntryPoint\",\"urlTemplate\":\"https:\/\/zamphelmets.co\/de\/?s={search_term_string}\"},\"query-input\":{\"@type\":\"PropertyValueSpecification\",\"valueRequired\":true,\"valueName\":\"search_term_string\"}}],\"inLanguage\":\"de-DE\"}]}<\/script>\n<!-- \/ Yoast SEO plugin. -->","yoast_head_json":{"title":"\u00dcber - Zamp Helmets | Helmet 28 EU","description":"Zamp Helme bieten unglaubliche Qualit\u00e4tshelme mit Spitzentechnologie zu einem \u00e4u\u00dferst wettbewerbsf\u00e4higen Preispunkt.","robots":{"index":"index","follow":"follow","max-snippet":"max-snippet:-1","max-image-preview":"max-image-preview:large","max-video-preview":"max-video-preview:-1"},"canonical":"https:\/\/zamphelmets.co\/de\/ueber\/","og_locale":"de_DE","og_type":"article","og_title":"\u00dcber - Zamp Helmets | Helmet 28 EU","og_description":"Zamp Helme bieten unglaubliche Qualit\u00e4tshelme mit Spitzentechnologie zu einem \u00e4u\u00dferst wettbewerbsf\u00e4higen Preispunkt.","og_url":"https:\/\/zamphelmets.co\/de\/ueber\/","og_site_name":"Zamp Helmets | Helmet 28 EU","article_modified_time":"2026-02-16T15:02:58+00:00","og_image":[{"width":800,"height":800,"url":"https:\/\/zamphelmets.co\/wp-content\/uploads\/2023\/04\/ZAMP-additional-product-images-Aug-23-800x800px-3.png","type":"image\/png"}],"twitter_card":"summary_large_image","twitter_misc":{"Est. reading time":"2 Minuten"},"schema":{"@context":"https:\/\/schema.org","@graph":[{"@type":"WebPage","@id":"https:\/\/zamphelmets.co\/de\/ueber\/","url":"https:\/\/zamphelmets.co\/de\/ueber\/","name":"\u00dcber - Zamp Helmets | Helmet 28 EU","isPartOf":{"@id":"https:\/\/zamphelmets.co\/de\/#website"},"primaryImageOfPage":{"@id":"https:\/\/zamphelmets.co\/de\/ueber\/#primaryimage"},"image":{"@id":"https:\/\/zamphelmets.co\/de\/ueber\/#primaryimage"},"thumbnailUrl":"https:\/\/zamphelmets.co\/wp-content\/uploads\/2023\/04\/ZAMP-additional-product-images-Aug-23-800x800px-3-300x300.png","datePublished":"2019-01-08T14:25:04+00:00","dateModified":"2026-02-16T15:02:58+00:00","description":"Zamp Helme bieten unglaubliche Qualit\u00e4tshelme mit Spitzentechnologie zu einem \u00e4u\u00dferst wettbewerbsf\u00e4higen Preispunkt.","inLanguage":"de-DE","potentialAction":[{"@type":"ReadAction","target":["https:\/\/zamphelmets.co\/de\/ueber\/"]}]},{"@type":"ImageObject","inLanguage":"de-DE","@id":"https:\/\/zamphelmets.co\/de\/ueber\/#primaryimage","url":"https:\/\/zamphelmets.co\/wp-content\/uploads\/2023\/04\/ZAMP-additional-product-images-Aug-23-800x800px-3-300x300.png","contentUrl":"https:\/\/zamphelmets.co\/wp-content\/uploads\/2023\/04\/ZAMP-additional-product-images-Aug-23-800x800px-3-300x300.png"},{"@type":"WebSite","@id":"https:\/\/zamphelmets.co\/de\/#website","url":"https:\/\/zamphelmets.co\/de\/","name":"Zamp Helmets | Helmet 28 EU","description":"High Quality Motorsport Helmets","potentialAction":[{"@type":"SearchAction","target":{"@type":"EntryPoint","urlTemplate":"https:\/\/zamphelmets.co\/de\/?s={search_term_string}"},"query-input":{"@type":"PropertyValueSpecification","valueRequired":true,"valueName":"search_term_string"}}],"inLanguage":"de-DE"}]}},"_links":{"self":[{"href":"https:\/\/zamphelmets.co\/de\/wp-json\/wp\/v2\/pages\/22013","targetHints":{"allow":["GET"]}}],"collection":[{"href":"https:\/\/zamphelmets.co\/de\/wp-json\/wp\/v2\/pages"}],"about":[{"href":"https:\/\/zamphelmets.co\/de\/wp-json\/wp\/v2\/types\/page"}],"author":[{"embeddable":true,"href":"https:\/\/zamphelmets.co\/de\/wp-json\/wp\/v2\/users\/1"}],"replies":[{"embeddable":true,"href":"https:\/\/zamphelmets.co\/de\/wp-json\/wp\/v2\/comments?post=22013"}],"version-history":[{"count":2,"href":"https:\/\/zamphelmets.co\/de\/wp-json\/wp\/v2\/pages\/22013\/revisions"}],"predecessor-version":[{"id":203544,"href":"https:\/\/zamphelmets.co\/de\/wp-json\/wp\/v2\/pages\/22013\/revisions\/203544"}],"wp:attachment":[{"href":"https:\/\/zamphelmets.co\/de\/wp-json\/wp\/v2\/media?parent=22013"}],"curies":[{"name":"wp","href":"https:\/\/api.w.org\/{rel}","templated":true}]}}