{"id":22006,"date":"2020-02-06T11:04:13","date_gmt":"2020-02-06T11:04:13","guid":{"rendered":"https:\/\/zamphelmets.co\/homologation-erklaert\/"},"modified":"2026-02-16T15:06:49","modified_gmt":"2026-02-16T15:06:49","slug":"homologation-erklaert","status":"publish","type":"page","link":"https:\/\/zamphelmets.co\/de\/homologation-erklaert\/","title":{"rendered":"Homologation Erkl\u00e4rt"},"content":{"rendered":"<section class=\"elementor-element elementor-element-49c97e0 elementor-section-boxed elementor-section-height-default elementor-section-height-default elementor-section elementor-top-section\" data-id=\"49c97e0\" data-element_type=\"section\">\n<div class=\"elementor-container elementor-column-gap-default\">\n<div class=\"elementor-row\">\n<div class=\"elementor-element elementor-element-a04f786 elementor-column elementor-col-100 elementor-top-column\" data-id=\"a04f786\" data-element_type=\"column\">\n<div class=\"elementor-column-wrap elementor-element-populated\">\n<div class=\"elementor-widget-wrap\">\n<div class=\"elementor-element elementor-element-d7779a7 elementor-widget elementor-widget-heading\" data-id=\"d7779a7\" data-element_type=\"widget\" data-widget_type=\"heading.default\">\n<div class=\"elementor-widget-container\">\n<section class=\"elementor-element elementor-element-49c97e0 elementor-section-boxed elementor-section-height-default elementor-section-height-default elementor-section elementor-top-section\" data-id=\"49c97e0\" data-element_type=\"section\">\n<div class=\"elementor-container elementor-column-gap-default\">\n<div class=\"elementor-row\">\n<div class=\"elementor-element elementor-element-a04f786 elementor-column elementor-col-100 elementor-top-column\" data-id=\"a04f786\" data-element_type=\"column\">\n<div class=\"elementor-column-wrap elementor-element-populated\">\n<div class=\"elementor-widget-wrap\">\n<div class=\"elementor-element elementor-element-d7779a7 elementor-widget elementor-widget-heading\" data-id=\"d7779a7\" data-element_type=\"widget\" data-widget_type=\"heading.default\">\n<div class=\"elementor-widget-container\">\n<h3 class=\"elementor-heading-title elementor-size-xxl\">Welche Homologation ben\u00f6tige ich?<\/h3>\n<\/div>\n<\/div>\n<\/div>\n<\/div>\n<\/div>\n<\/div>\n<\/div>\n<\/section>\n<section class=\"elementor-element elementor-element-049f318 elementor-section-boxed elementor-section-height-default elementor-section-height-default elementor-section elementor-top-section\" data-id=\"049f318\" data-element_type=\"section\">\n<div class=\"elementor-container elementor-column-gap-default\">\n<div class=\"elementor-row\">\n<div class=\"elementor-element elementor-element-1083611 elementor-column elementor-col-100 elementor-top-column\" data-id=\"1083611\" data-element_type=\"column\">\n<div class=\"elementor-column-wrap elementor-element-populated\">\n<div class=\"elementor-widget-wrap\">\n<div class=\"elementor-element elementor-element-7c9e7ad elementor-widget elementor-widget-spacer\" data-id=\"7c9e7ad\" data-element_type=\"widget\" data-widget_type=\"spacer.default\">\n<div class=\"elementor-widget-container\">\n<div class=\"elementor-spacer\">\n<div class=\"elementor-spacer-inner\">Das Letzte, was Sie tun m\u00f6chten, ist, zu Ihrer n\u00e4chsten Motorsportveranstaltung zu erscheinen und festzustellen, dass Ihre Ausr\u00fcstung veraltet ist. Wir wissen, dass es sich manchmal wie ein Minenfeld anf\u00fchlt, zu wissen, welche Homologation Sie ben\u00f6tigen (FIA \/ SNELL \/ CMR). Als Erstes w\u00fcrden wir vorschlagen, dass Sie sich an die Organisatoren Ihrer Rennmeisterschaft wenden und sie fragen, welche Homologation Sie genau ben\u00f6tigen. Sollte dies nicht der Fall sein, k\u00f6nnen Sie uns gerne <a href=\"https:\/\/zamphelmets.co\/de\/kontakt\/\">kontaktieren<\/a> und wir werden unser Bestes tun, um Ihnen zu helfen.<\/div>\n<\/div>\n<\/div>\n<\/div>\n<\/div>\n<\/div>\n<\/div>\n<div class=\"elementor-element elementor-element-1083611 elementor-column elementor-col-100 elementor-top-column\" data-id=\"1083611\" data-element_type=\"column\">\n<div class=\"elementor-column-wrap elementor-element-populated\">\n<div class=\"elementor-widget-wrap\">\n<div class=\"elementor-element elementor-element-7c9e7ad elementor-widget elementor-widget-spacer\" data-id=\"7c9e7ad\" data-element_type=\"widget\" data-widget_type=\"spacer.default\">\n<div class=\"elementor-widget-container\">\n<div>\n<h3 class=\"elementor-heading-title elementor-size-xxl\">Ist Ihr Helm noch aktuell?<\/h3>\n<\/div>\n<div class=\"elementor-spacer\">\n<div class=\"elementor-spacer-inner\">Wenn Sie bereits einen Helm besitzen, aber \u00fcberpr\u00fcfen m\u00f6chten, ob Ihre Homologation noch aktuell ist und Sie damit Rennen fahren k\u00f6nnen, haben wir unten einen Leitfaden mit allen aktuellen Homologationen und dem Zeitpunkt, bis zu dem sie g\u00fcltig sind, aufgef\u00fchrt:<\/div>\n<\/div>\n<\/div>\n<div>\n<h3 class=\"elementor-heading-title elementor-size-xxl\"><a href=\"https:\/\/www.fia.com\/\">FIA<\/a><\/h3>\n<p>Die FIA-Standards sind bei britischen und europ\u00e4ischen Motorsportveranstaltungen weithin anerkannt und f\u00fcr ihre hohen Sicherheitsstandards bekannt, die oft die SNELL-Standards \u00fcbertreffen.<\/p>\n<ul>\n<li><strong>FIA 8860-2004<\/strong> | Abgelaufen 31\/12\/2020<\/li>\n<li><strong>FIA 8858-2010<\/strong> | G\u00fcltig bis 31\/12\/2023<\/li>\n<li><strong>FIA 8860-2010<\/strong> | G\u00fcltig bis 31\/12\/2028<\/li>\n<li><strong>FIA 8859-2015<\/strong> | Derzeit g\u00fcltig (kein Verfallsdatum)<\/li>\n<li><strong>FIA 8859-2024<\/strong> | Derzeit g\u00fcltig (kein Verfallsdatum)<\/li>\n<li><strong>FIA 8859-2024 ABP<\/strong> | Derzeit g\u00fcltig (kein Verfallsdatum)<\/li>\n<li><strong>FIA 8860-2018<\/strong> | Derzeit g\u00fcltig (kein Verfallsdatum)<\/li>\n<li><strong>FIA 8860-2018 ABP<\/strong> | Derzeit g\u00fcltig (kein Verfallsdatum)<\/li>\n<\/ul>\n<h3 class=\"elementor-heading-title elementor-size-xxl\"><a href=\"https:\/\/smf.org\/cert\">SNELL<\/a><\/h3>\n<p>Die SNELL-Normen sind weltweit anerkannt und werden oft als Alternative zu den FIA-Normen verwendet. Diese Helme sind weithin verf\u00fcgbar und werden von vielen Rennsportorganisationen anerkannt. <\/p>\n<ul>\n<li><strong>SA2005<\/strong> | Abgelaufen 31\/12\/2018<\/li>\n<li><strong>SA2010<\/strong> | Verfall 31\/12\/2023<\/li>\n<li><strong>SAH2010<\/strong> | Verfall 31\/12\/2023<\/li>\n<li><strong>SA2015<\/strong> | Verfall 31\/12\/2023<\/li>\n<li><strong>SA2020<\/strong> | Derzeit g\u00fcltig (kein Verfallsdatum)<\/li>\n<\/ul>\n<p><em>Hinweis: Die SA2020 Standardhelme wurden im Oktober 2020 eingef\u00fchrt und sind nun weithin verf\u00fcgbar. Die meisten Sanktionsbeh\u00f6rden f\u00fchren \u00e4ltere Standards wie SA2010 schrittweise aus. <\/em><\/p>\n<h3 class=\"elementor-heading-title elementor-size-xxl\">CMR<\/h3>\n<p>Die CMR-Standards wurden speziell f\u00fcr Junior-Kartrennen (unter 16 Jahren) entwickelt und legen Wert auf ein geringes Gewicht, um die Rotationskr\u00e4fte bei Unf\u00e4llen zu minimieren.<\/p>\n<ul>\n<li><strong>Snell-FIA CMR 2007<\/strong> | G\u00fcltig bis 31\/12\/2024<\/li>\n<li><strong>Snell-FIA CMR 2016<\/strong> | Derzeit g\u00fcltig (kein Verfallsdatum)<\/li>\n<\/ul>\n<p>Der <strong>Snell-FIA CMR 2016<\/strong> bleibt der neueste Standard f\u00fcr Junior-Karthelme und gew\u00e4hrleistet den bestm\u00f6glichen Schutz f\u00fcr junge Fahrer.<\/p>\n<p>&nbsp;<\/p>\n<hr>\n<\/div>\n<p>&nbsp;<\/p>\n<p><strong>Gewicht &#8211; <\/strong>Das zul\u00e4ssige Helmgewicht h\u00e4ngt vom kleinsten Kopfumfang ab, f\u00fcr den der Helm bestimmt ist, und davon, ob der Helm f\u00fcr die Aufnahme eines Gesichtsschutzes konfiguriert ist. Die Kopfbedeckung wird in einer m\u00f6glichst massiven Konfiguration mit den dazugeh\u00f6rigen Helm-Utensilien gewogen.<\/p>\n<p><img decoding=\"async\" class=\"alignnone wp-image-1441 size-full lazyload\" data-src=\"https:\/\/zamphelmets.co\/wp-content\/uploads\/2020\/03\/Screenshot-2020-03-10-at-11.14.14.png\" alt=\"Helm-Homologations-Gewichtstabelle\" width=\"687\" height=\"202\" data-srcset=\"https:\/\/zamphelmets.co\/wp-content\/uploads\/2020\/03\/Screenshot-2020-03-10-at-11.14.14.png 687w, https:\/\/zamphelmets.co\/wp-content\/uploads\/2020\/03\/Screenshot-2020-03-10-at-11.14.14-300x88.png 300w, https:\/\/zamphelmets.co\/wp-content\/uploads\/2020\/03\/Screenshot-2020-03-10-at-11.14.14-600x176.png 600w\" data-sizes=\"(max-width: 687px) 100vw, 687px\" src=\"data:image\/svg+xml;base64,PHN2ZyB3aWR0aD0iMSIgaGVpZ2h0PSIxIiB4bWxucz0iaHR0cDovL3d3dy53My5vcmcvMjAwMC9zdmciPjwvc3ZnPg==\" style=\"--smush-placeholder-width: 687px; --smush-placeholder-aspect-ratio: 687\/202;\" \/><\/p>\n<\/div>\n<p><em>Bitte beachten Sie, dass alle Informationen auf dieser Seite auf dem Stand von Januar 2025 sind.  <\/em><\/p>\n<\/div>\n<\/div>\n<\/div>\n<\/div>\n<\/div>\n<\/section>\n<\/div>\n<\/div>\n<\/div>\n<\/div>\n<\/div>\n<\/div>\n<\/div>\n<\/section>\n","protected":false},"excerpt":{"rendered":"<p>Welche Homologation ben\u00f6tige ich? Das Letzte, was Sie tun m\u00f6chten, ist, zu Ihrer n\u00e4chsten Motorsportveranstaltung zu erscheinen und festzustellen, dass Ihre Ausr\u00fcstung veraltet ist. Wir wissen, dass es sich manchmal wie ein Minenfeld anf\u00fchlt, zu wissen, welche Homologation Sie ben\u00f6tigen (FIA \/ SNELL \/ CMR). Als Erstes w\u00fcrden wir vorschlagen, dass Sie sich an die [&hellip;]<\/p>\n","protected":false},"author":2,"featured_media":0,"parent":0,"menu_order":0,"comment_status":"closed","ping_status":"closed","template":"templates\/fullwidth.php","meta":{"_acf_changed":false,"footnotes":""},"class_list":["post-22006","page","type-page","status-publish","hentry"],"acf":[],"yoast_head":"<!-- This site is optimized with the Yoast SEO plugin v27.0 - https:\/\/yoast.com\/product\/yoast-seo-wordpress\/ -->\n<title>Helm - Zamp Helmets | Helmet 28 EU Guide<\/title>\n<meta name=\"description\" content=\"Vergewissern Sie sich, dass Sie die korrekte Homologation f\u00fcr das Rennen haben, an dem Sie teilnehmen. Dieser Leitfaden erkl\u00e4rt Ihnen alles, was Sie wissen m\u00fcssen.\" \/>\n<meta name=\"robots\" content=\"index, follow, max-snippet:-1, max-image-preview:large, max-video-preview:-1\" \/>\n<link rel=\"canonical\" href=\"https:\/\/zamphelmets.co\/de\/homologation-erklaert\/\" \/>\n<meta property=\"og:locale\" content=\"de_DE\" \/>\n<meta property=\"og:type\" content=\"article\" \/>\n<meta property=\"og:title\" content=\"Helm - Zamp Helmets | Helmet 28 EU Guide\" \/>\n<meta property=\"og:description\" content=\"Vergewissern Sie sich, dass Sie die korrekte Homologation f\u00fcr das Rennen haben, an dem Sie teilnehmen. Dieser Leitfaden erkl\u00e4rt Ihnen alles, was Sie wissen m\u00fcssen.\" \/>\n<meta property=\"og:url\" content=\"https:\/\/zamphelmets.co\/de\/homologation-erklaert\/\" \/>\n<meta property=\"og:site_name\" content=\"Zamp Helmets | Helmet 28 EU\" \/>\n<meta property=\"article:modified_time\" content=\"2026-02-16T15:06:49+00:00\" \/>\n<meta property=\"og:image\" content=\"https:\/\/zamphelmets.co\/wp-content\/uploads\/2020\/03\/Screenshot-2020-03-10-at-11.14.14.png\" \/>\n\t<meta property=\"og:image:width\" content=\"687\" \/>\n\t<meta property=\"og:image:height\" content=\"202\" \/>\n\t<meta property=\"og:image:type\" content=\"image\/png\" \/>\n<meta name=\"twitter:card\" content=\"summary_large_image\" \/>\n<meta name=\"twitter:label1\" content=\"Est. reading time\" \/>\n\t<meta name=\"twitter:data1\" content=\"2 Minuten\" \/>\n<script type=\"application\/ld+json\" class=\"yoast-schema-graph\">{\"@context\":\"https:\/\/schema.org\",\"@graph\":[{\"@type\":\"WebPage\",\"@id\":\"https:\/\/zamphelmets.co\/de\/homologation-erklaert\/\",\"url\":\"https:\/\/zamphelmets.co\/de\/homologation-erklaert\/\",\"name\":\"Helm - Zamp Helmets | Helmet 28 EU Guide\",\"isPartOf\":{\"@id\":\"https:\/\/zamphelmets.co\/de\/#website\"},\"primaryImageOfPage\":{\"@id\":\"https:\/\/zamphelmets.co\/de\/homologation-erklaert\/#primaryimage\"},\"image\":{\"@id\":\"https:\/\/zamphelmets.co\/de\/homologation-erklaert\/#primaryimage\"},\"thumbnailUrl\":\"https:\/\/zamphelmets.co\/wp-content\/uploads\/2020\/03\/Screenshot-2020-03-10-at-11.14.14.png\",\"datePublished\":\"2020-02-06T11:04:13+00:00\",\"dateModified\":\"2026-02-16T15:06:49+00:00\",\"description\":\"Vergewissern Sie sich, dass Sie die korrekte Homologation f\u00fcr das Rennen haben, an dem Sie teilnehmen. Dieser Leitfaden erkl\u00e4rt Ihnen alles, was Sie wissen m\u00fcssen.\",\"inLanguage\":\"de-DE\",\"potentialAction\":[{\"@type\":\"ReadAction\",\"target\":[\"https:\/\/zamphelmets.co\/de\/homologation-erklaert\/\"]}]},{\"@type\":\"ImageObject\",\"inLanguage\":\"de-DE\",\"@id\":\"https:\/\/zamphelmets.co\/de\/homologation-erklaert\/#primaryimage\",\"url\":\"https:\/\/zamphelmets.co\/wp-content\/uploads\/2020\/03\/Screenshot-2020-03-10-at-11.14.14.png\",\"contentUrl\":\"https:\/\/zamphelmets.co\/wp-content\/uploads\/2020\/03\/Screenshot-2020-03-10-at-11.14.14.png\"},{\"@type\":\"WebSite\",\"@id\":\"https:\/\/zamphelmets.co\/de\/#website\",\"url\":\"https:\/\/zamphelmets.co\/de\/\",\"name\":\"Zamp Helmets | Helmet 28 EU\",\"description\":\"High Quality Motorsport Helmets\",\"potentialAction\":[{\"@type\":\"SearchAction\",\"target\":{\"@type\":\"EntryPoint\",\"urlTemplate\":\"https:\/\/zamphelmets.co\/de\/?s={search_term_string}\"},\"query-input\":{\"@type\":\"PropertyValueSpecification\",\"valueRequired\":true,\"valueName\":\"search_term_string\"}}],\"inLanguage\":\"de-DE\"}]}<\/script>\n<!-- \/ Yoast SEO plugin. -->","yoast_head_json":{"title":"Helm - Zamp Helmets | Helmet 28 EU Guide","description":"Vergewissern Sie sich, dass Sie die korrekte Homologation f\u00fcr das Rennen haben, an dem Sie teilnehmen. Dieser Leitfaden erkl\u00e4rt Ihnen alles, was Sie wissen m\u00fcssen.","robots":{"index":"index","follow":"follow","max-snippet":"max-snippet:-1","max-image-preview":"max-image-preview:large","max-video-preview":"max-video-preview:-1"},"canonical":"https:\/\/zamphelmets.co\/de\/homologation-erklaert\/","og_locale":"de_DE","og_type":"article","og_title":"Helm - Zamp Helmets | Helmet 28 EU Guide","og_description":"Vergewissern Sie sich, dass Sie die korrekte Homologation f\u00fcr das Rennen haben, an dem Sie teilnehmen. Dieser Leitfaden erkl\u00e4rt Ihnen alles, was Sie wissen m\u00fcssen.","og_url":"https:\/\/zamphelmets.co\/de\/homologation-erklaert\/","og_site_name":"Zamp Helmets | Helmet 28 EU","article_modified_time":"2026-02-16T15:06:49+00:00","og_image":[{"width":687,"height":202,"url":"https:\/\/zamphelmets.co\/wp-content\/uploads\/2020\/03\/Screenshot-2020-03-10-at-11.14.14.png","type":"image\/png"}],"twitter_card":"summary_large_image","twitter_misc":{"Est. reading time":"2 Minuten"},"schema":{"@context":"https:\/\/schema.org","@graph":[{"@type":"WebPage","@id":"https:\/\/zamphelmets.co\/de\/homologation-erklaert\/","url":"https:\/\/zamphelmets.co\/de\/homologation-erklaert\/","name":"Helm - Zamp Helmets | Helmet 28 EU Guide","isPartOf":{"@id":"https:\/\/zamphelmets.co\/de\/#website"},"primaryImageOfPage":{"@id":"https:\/\/zamphelmets.co\/de\/homologation-erklaert\/#primaryimage"},"image":{"@id":"https:\/\/zamphelmets.co\/de\/homologation-erklaert\/#primaryimage"},"thumbnailUrl":"https:\/\/zamphelmets.co\/wp-content\/uploads\/2020\/03\/Screenshot-2020-03-10-at-11.14.14.png","datePublished":"2020-02-06T11:04:13+00:00","dateModified":"2026-02-16T15:06:49+00:00","description":"Vergewissern Sie sich, dass Sie die korrekte Homologation f\u00fcr das Rennen haben, an dem Sie teilnehmen. Dieser Leitfaden erkl\u00e4rt Ihnen alles, was Sie wissen m\u00fcssen.","inLanguage":"de-DE","potentialAction":[{"@type":"ReadAction","target":["https:\/\/zamphelmets.co\/de\/homologation-erklaert\/"]}]},{"@type":"ImageObject","inLanguage":"de-DE","@id":"https:\/\/zamphelmets.co\/de\/homologation-erklaert\/#primaryimage","url":"https:\/\/zamphelmets.co\/wp-content\/uploads\/2020\/03\/Screenshot-2020-03-10-at-11.14.14.png","contentUrl":"https:\/\/zamphelmets.co\/wp-content\/uploads\/2020\/03\/Screenshot-2020-03-10-at-11.14.14.png"},{"@type":"WebSite","@id":"https:\/\/zamphelmets.co\/de\/#website","url":"https:\/\/zamphelmets.co\/de\/","name":"Zamp Helmets | Helmet 28 EU","description":"High Quality Motorsport Helmets","potentialAction":[{"@type":"SearchAction","target":{"@type":"EntryPoint","urlTemplate":"https:\/\/zamphelmets.co\/de\/?s={search_term_string}"},"query-input":{"@type":"PropertyValueSpecification","valueRequired":true,"valueName":"search_term_string"}}],"inLanguage":"de-DE"}]}},"_links":{"self":[{"href":"https:\/\/zamphelmets.co\/de\/wp-json\/wp\/v2\/pages\/22006","targetHints":{"allow":["GET"]}}],"collection":[{"href":"https:\/\/zamphelmets.co\/de\/wp-json\/wp\/v2\/pages"}],"about":[{"href":"https:\/\/zamphelmets.co\/de\/wp-json\/wp\/v2\/types\/page"}],"author":[{"embeddable":true,"href":"https:\/\/zamphelmets.co\/de\/wp-json\/wp\/v2\/users\/2"}],"replies":[{"embeddable":true,"href":"https:\/\/zamphelmets.co\/de\/wp-json\/wp\/v2\/comments?post=22006"}],"version-history":[{"count":1,"href":"https:\/\/zamphelmets.co\/de\/wp-json\/wp\/v2\/pages\/22006\/revisions"}],"predecessor-version":[{"id":203622,"href":"https:\/\/zamphelmets.co\/de\/wp-json\/wp\/v2\/pages\/22006\/revisions\/203622"}],"wp:attachment":[{"href":"https:\/\/zamphelmets.co\/de\/wp-json\/wp\/v2\/media?parent=22006"}],"curies":[{"name":"wp","href":"https:\/\/api.w.org\/{rel}","templated":true}]}}