{"id":21996,"date":"2020-03-11T15:48:13","date_gmt":"2020-03-11T15:48:13","guid":{"rendered":"https:\/\/zamphelmets.co\/zamp-visor-anleitung\/"},"modified":"2020-03-11T15:48:13","modified_gmt":"2020-03-11T15:48:13","slug":"zamp-visor-anleitung","status":"publish","type":"page","link":"https:\/\/zamphelmets.co\/de\/zamp-visor-anleitung\/","title":{"rendered":"Zamp Visor Anleitung"},"content":{"rendered":"<p>Mit 10 Aftermarket-Zamp-Visieren, aus denen Sie w\u00e4hlen k\u00f6nnen, gibt es keinen Mangel an Helmaufbauten.<\/p>\n<p><img decoding=\"async\" class=\"alignnone size-medium wp-image-1448 lazyload\" data-src=\"https:\/\/zamphelmets.co\/wp-content\/uploads\/sites\/3\/2020\/03\/Z20-Prism-Gold-300x300.jpg\" alt=\"\" width=\"300\" height=\"300\" data-srcset=\"https:\/\/zamphelmets.co\/wp-content\/uploads\/2020\/03\/Z20-Prism-Gold-300x300.jpg 300w, https:\/\/zamphelmets.co\/wp-content\/uploads\/2020\/03\/Z20-Prism-Gold-150x150.jpg 150w, https:\/\/zamphelmets.co\/wp-content\/uploads\/2020\/03\/Z20-Prism-Gold-768x768.jpg 768w, https:\/\/zamphelmets.co\/wp-content\/uploads\/2020\/03\/Z20-Prism-Gold-600x600.jpg 600w, https:\/\/zamphelmets.co\/wp-content\/uploads\/2020\/03\/Z20-Prism-Gold-100x100.jpg 100w, https:\/\/zamphelmets.co\/wp-content\/uploads\/2020\/03\/Z20-Prism-Gold.jpg 1000w\" data-sizes=\"(max-width: 300px) 100vw, 300px\" src=\"data:image\/svg+xml;base64,PHN2ZyB3aWR0aD0iMSIgaGVpZ2h0PSIxIiB4bWxucz0iaHR0cDovL3d3dy53My5vcmcvMjAwMC9zdmciPjwvc3ZnPg==\" style=\"--smush-placeholder-width: 300px; --smush-placeholder-aspect-ratio: 300\/300;\" \/><img decoding=\"async\" class=\"alignnone size-medium wp-image-1450 lazyload\" data-src=\"https:\/\/zamphelmets.co\/wp-content\/uploads\/sites\/3\/2020\/03\/HASZ20RP-1-300x300.jpg\" alt=\"\" width=\"300\" height=\"300\" data-srcset=\"https:\/\/zamphelmets.co\/wp-content\/uploads\/2020\/03\/HASZ20RP-1-300x300.jpg 300w, https:\/\/zamphelmets.co\/wp-content\/uploads\/2020\/03\/HASZ20RP-1-150x150.jpg 150w, https:\/\/zamphelmets.co\/wp-content\/uploads\/2020\/03\/HASZ20RP-1-768x768.jpg 768w, https:\/\/zamphelmets.co\/wp-content\/uploads\/2020\/03\/HASZ20RP-1-600x600.jpg 600w, https:\/\/zamphelmets.co\/wp-content\/uploads\/2020\/03\/HASZ20RP-1-100x100.jpg 100w, https:\/\/zamphelmets.co\/wp-content\/uploads\/2020\/03\/HASZ20RP-1.jpg 1000w\" data-sizes=\"(max-width: 300px) 100vw, 300px\" src=\"data:image\/svg+xml;base64,PHN2ZyB3aWR0aD0iMSIgaGVpZ2h0PSIxIiB4bWxucz0iaHR0cDovL3d3dy53My5vcmcvMjAwMC9zdmciPjwvc3ZnPg==\" style=\"--smush-placeholder-width: 300px; --smush-placeholder-aspect-ratio: 300\/300;\" \/><\/p>\n<p>Zuallererst ist es wichtig zu wissen, dass die <a href=\"https:\/\/zamphelmets.co\/de\/produkt\/z20-visiere\/\">Z20 Visierserie<\/a> mit allen aufgef\u00fchrten Helmen kompatibel ist:<\/p>\n<p>-RZ 44CE (Grafik)<\/p>\n<p>-RZ 70E<\/p>\n<p>-RZ 42<\/p>\n<p>-RZ 35E<\/p>\n<p>-RZ 58<\/p>\n<p>-RZ 42Y<\/p>\n<p>Die <a href=\"https:\/\/zamphelmets.co\/de\/produkt\/z20-visiere\/\">Z20 Visiere<\/a> sind 3 mm dick, FIA-homologiert und werden mit vormontierten Abrisshalterungen geliefert. Die Preise reichen von nur \u00a334.99 bis \u00a359.99. Zamp bietet auch <a href=\"https:\/\/zamphelmets.co\/de\/produkt\/z20-visiere-antifog-serie\/\">Premium-Antibeschlag-Visiere<\/a> in den Ausf\u00fchrungen Clear und Dark Smoke an. Diese hochwertige Anti-Beschlag-Beschichtung sorgt daf\u00fcr, dass das Visier auch bei hoher Luftfeuchtigkeit klar bleibt, damit Sie Ihre Augen auf die Stra\u00dfe richten k\u00f6nnen.<\/p>\n<p>Ein Aftermarket-Visier kann dazu beitragen, unter allen m\u00f6glichen Rennbedingungen Spitzenleistungen zu erbringen. Nachfolgend haben wir einige Bedingungen und die Visiere aufgef\u00fchrt, die wir empfehlen w\u00fcrden.<\/p>\n<p><strong>Schwaches Licht\/Nebel: <\/strong>Wenn Sie bei schlechten Lichtverh\u00e4ltnissen fahren, ist das Z20 AMBER Visier die beste Wahl. Dieses Visier wurde speziell entwickelt, um Ihre Sicht zu sch\u00e4rfen und klarer zu machen.<\/p>\n<p><img decoding=\"async\" class=\"alignnone size-medium wp-image-1451 lazyload\" data-src=\"https:\/\/zamphelmets.co\/wp-content\/uploads\/sites\/3\/2020\/03\/Z20-amber-300x300.jpg\" alt=\"\" width=\"300\" height=\"300\" data-srcset=\"https:\/\/zamphelmets.co\/wp-content\/uploads\/2020\/03\/Z20-amber-300x300.jpg 300w, https:\/\/zamphelmets.co\/wp-content\/uploads\/2020\/03\/Z20-amber-1024x1024.jpg 1024w, https:\/\/zamphelmets.co\/wp-content\/uploads\/2020\/03\/Z20-amber-150x150.jpg 150w, https:\/\/zamphelmets.co\/wp-content\/uploads\/2020\/03\/Z20-amber-768x768.jpg 768w, https:\/\/zamphelmets.co\/wp-content\/uploads\/2020\/03\/Z20-amber-600x600.jpg 600w, https:\/\/zamphelmets.co\/wp-content\/uploads\/2020\/03\/Z20-amber-100x100.jpg 100w, https:\/\/zamphelmets.co\/wp-content\/uploads\/2020\/03\/Z20-amber.jpg 1450w\" data-sizes=\"(max-width: 300px) 100vw, 300px\" src=\"data:image\/svg+xml;base64,PHN2ZyB3aWR0aD0iMSIgaGVpZ2h0PSIxIiB4bWxucz0iaHR0cDovL3d3dy53My5vcmcvMjAwMC9zdmciPjwvc3ZnPg==\" style=\"--smush-placeholder-width: 300px; --smush-placeholder-aspect-ratio: 300\/300;\" \/><\/p>\n<p><strong>Nass<\/strong>: Auch das oben beschriebene Z20 AMBER Visier ist eine gro\u00dfartige Option f\u00fcr nasse Rennbedingungen. Eine weitere Option, die Sie in Betracht ziehen sollten, ist die ANTI-FOG-Serie, entweder in CLEAR oder DARK SMOKE.<\/p>\n<p><strong>Sonne \/ Helligkeit<\/strong>: Zamp bietet eine Reihe von Visieren f\u00fcr diese Bedingungen an, die sich sowohl im Aussehen als auch im Grad der T\u00f6nung unterscheiden. Nachfolgend sind sie von der niedrigsten bis zur h\u00f6chsten T\u00f6nungsstufe aufgef\u00fchrt:<\/p>\n<p>-Rauch<\/p>\n<p>-Iridium<\/p>\n<p>-Silberner Spiegel<\/p>\n<p>-Prisma (Rot\/Gold\/Blau)<\/p>\n<p>-Dark Smoke<\/p>\n<p>Ein <a href=\"https:\/\/zamphelmets.co\/de\/produkt\/z20-visiere\/\">Z20 Visor<\/a> kann auch eine hervorragende M\u00f6glichkeit sein, das Aussehen Ihres Visiers zu verbessern. Ganz gleich, ob Sie die Farbgrafik Ihres Helms anpassen oder die Farben Ihres Rennanzugs erg\u00e4nzen m\u00f6chten, bei der gro\u00dfen Auswahl an Optionen wird es Ihnen an nichts fehlen.<\/p>\n<p>Die letzte \u00dcberlegung, wenn es um die Anpassung geht, ist das Hinzuf\u00fcgen einiger <a href=\"https:\/\/zamphelmets.co\/product\/zamp-shield-retention-kit\/\">Zamp eloxierter Visierschrauben<\/a>. Diese in 7 Farben erh\u00e4ltlichen Schrauben sind eine brillante und preiswerte Option f\u00fcr nur 14,95 \u20ac, um noch mehr Farbe und Aufregung in Ihren Helm zu bringen.<\/p>\n<p><img decoding=\"async\" class=\"alignnone size-medium wp-image-1386 lazyload\" data-src=\"https:\/\/zamphelmets.co\/wp-content\/uploads\/sites\/3\/2019\/11\/Zamp-Shield-Retention-Kit_0003-300x200.jpg\" alt=\"\" width=\"300\" height=\"200\" data-srcset=\"https:\/\/zamphelmets.co\/wp-content\/uploads\/2019\/11\/Zamp-Shield-Retention-Kit_0003-300x200.jpg 300w, https:\/\/zamphelmets.co\/wp-content\/uploads\/2019\/11\/Zamp-Shield-Retention-Kit_0003-1024x683.jpg 1024w, https:\/\/zamphelmets.co\/wp-content\/uploads\/2019\/11\/Zamp-Shield-Retention-Kit_0003-768x512.jpg 768w, https:\/\/zamphelmets.co\/wp-content\/uploads\/2019\/11\/Zamp-Shield-Retention-Kit_0003-1536x1024.jpg 1536w, https:\/\/zamphelmets.co\/wp-content\/uploads\/2019\/11\/Zamp-Shield-Retention-Kit_0003-600x400.jpg 600w, https:\/\/zamphelmets.co\/wp-content\/uploads\/2019\/11\/Zamp-Shield-Retention-Kit_0003.jpg 2048w\" data-sizes=\"(max-width: 300px) 100vw, 300px\" src=\"data:image\/svg+xml;base64,PHN2ZyB3aWR0aD0iMSIgaGVpZ2h0PSIxIiB4bWxucz0iaHR0cDovL3d3dy53My5vcmcvMjAwMC9zdmciPjwvc3ZnPg==\" style=\"--smush-placeholder-width: 300px; --smush-placeholder-aspect-ratio: 300\/200;\" \/> <img decoding=\"async\" class=\"alignnone size-medium wp-image-1387 lazyload\" data-src=\"https:\/\/zamphelmets.co\/wp-content\/uploads\/sites\/3\/2019\/11\/Zamp-Shield-Retention-Kit_0004-300x200.jpg\" alt=\"\" width=\"300\" height=\"200\" data-srcset=\"https:\/\/zamphelmets.co\/wp-content\/uploads\/2019\/11\/Zamp-Shield-Retention-Kit_0004-300x200.jpg 300w, https:\/\/zamphelmets.co\/wp-content\/uploads\/2019\/11\/Zamp-Shield-Retention-Kit_0004-1024x683.jpg 1024w, https:\/\/zamphelmets.co\/wp-content\/uploads\/2019\/11\/Zamp-Shield-Retention-Kit_0004-768x512.jpg 768w, https:\/\/zamphelmets.co\/wp-content\/uploads\/2019\/11\/Zamp-Shield-Retention-Kit_0004-1536x1024.jpg 1536w, https:\/\/zamphelmets.co\/wp-content\/uploads\/2019\/11\/Zamp-Shield-Retention-Kit_0004-600x400.jpg 600w, https:\/\/zamphelmets.co\/wp-content\/uploads\/2019\/11\/Zamp-Shield-Retention-Kit_0004.jpg 2048w\" data-sizes=\"(max-width: 300px) 100vw, 300px\" src=\"data:image\/svg+xml;base64,PHN2ZyB3aWR0aD0iMSIgaGVpZ2h0PSIxIiB4bWxucz0iaHR0cDovL3d3dy53My5vcmcvMjAwMC9zdmciPjwvc3ZnPg==\" style=\"--smush-placeholder-width: 300px; --smush-placeholder-aspect-ratio: 300\/200;\" \/> <img decoding=\"async\" class=\"alignnone size-medium wp-image-1388 lazyload\" data-src=\"https:\/\/zamphelmets.co\/wp-content\/uploads\/sites\/3\/2019\/11\/Zamp-Shield-Retention-Kit_0005-300x200.jpg\" alt=\"\" width=\"300\" height=\"200\" data-srcset=\"https:\/\/zamphelmets.co\/wp-content\/uploads\/2019\/11\/Zamp-Shield-Retention-Kit_0005-300x200.jpg 300w, https:\/\/zamphelmets.co\/wp-content\/uploads\/2019\/11\/Zamp-Shield-Retention-Kit_0005-1024x683.jpg 1024w, https:\/\/zamphelmets.co\/wp-content\/uploads\/2019\/11\/Zamp-Shield-Retention-Kit_0005-768x512.jpg 768w, https:\/\/zamphelmets.co\/wp-content\/uploads\/2019\/11\/Zamp-Shield-Retention-Kit_0005-1536x1024.jpg 1536w, https:\/\/zamphelmets.co\/wp-content\/uploads\/2019\/11\/Zamp-Shield-Retention-Kit_0005-600x400.jpg 600w, https:\/\/zamphelmets.co\/wp-content\/uploads\/2019\/11\/Zamp-Shield-Retention-Kit_0005.jpg 2048w\" data-sizes=\"(max-width: 300px) 100vw, 300px\" src=\"data:image\/svg+xml;base64,PHN2ZyB3aWR0aD0iMSIgaGVpZ2h0PSIxIiB4bWxucz0iaHR0cDovL3d3dy53My5vcmcvMjAwMC9zdmciPjwvc3ZnPg==\" style=\"--smush-placeholder-width: 300px; --smush-placeholder-aspect-ratio: 300\/200;\" \/><img decoding=\"async\" class=\"alignnone size-medium wp-image-1389 lazyload\" data-src=\"https:\/\/zamphelmets.co\/wp-content\/uploads\/sites\/3\/2019\/11\/Zamp-Shield-Retention-Kit_0006-300x200.jpg\" alt=\"\" width=\"300\" height=\"200\" data-srcset=\"https:\/\/zamphelmets.co\/wp-content\/uploads\/2019\/11\/Zamp-Shield-Retention-Kit_0006-300x200.jpg 300w, https:\/\/zamphelmets.co\/wp-content\/uploads\/2019\/11\/Zamp-Shield-Retention-Kit_0006-1024x683.jpg 1024w, https:\/\/zamphelmets.co\/wp-content\/uploads\/2019\/11\/Zamp-Shield-Retention-Kit_0006-768x512.jpg 768w, https:\/\/zamphelmets.co\/wp-content\/uploads\/2019\/11\/Zamp-Shield-Retention-Kit_0006-1536x1024.jpg 1536w, https:\/\/zamphelmets.co\/wp-content\/uploads\/2019\/11\/Zamp-Shield-Retention-Kit_0006-600x400.jpg 600w, https:\/\/zamphelmets.co\/wp-content\/uploads\/2019\/11\/Zamp-Shield-Retention-Kit_0006.jpg 2048w\" data-sizes=\"(max-width: 300px) 100vw, 300px\" src=\"data:image\/svg+xml;base64,PHN2ZyB3aWR0aD0iMSIgaGVpZ2h0PSIxIiB4bWxucz0iaHR0cDovL3d3dy53My5vcmcvMjAwMC9zdmciPjwvc3ZnPg==\" style=\"--smush-placeholder-width: 300px; --smush-placeholder-aspect-ratio: 300\/200;\" \/><\/p>\n<p>Wenn Sie weitere Fragen zu den Visieren haben, z\u00f6gern Sie nicht, uns zu <a href=\"https:\/\/zamphelmets.co\/de\/kontakt\/\">kontaktieren<\/a>!<\/p>\n","protected":false},"excerpt":{"rendered":"<p>Mit 10 Aftermarket-Zamp-Visieren, aus denen Sie w\u00e4hlen k\u00f6nnen, gibt es keinen Mangel an Helmaufbauten. Zuallererst ist es wichtig zu wissen, dass die Z20 Visierserie mit allen aufgef\u00fchrten Helmen kompatibel ist: -RZ 44CE (Grafik) -RZ 70E -RZ 42 -RZ 35E -RZ 58 -RZ 42Y Die Z20 Visiere sind 3 mm dick, FIA-homologiert und werden mit vormontierten [&hellip;]<\/p>\n","protected":false},"author":2,"featured_media":0,"parent":0,"menu_order":0,"comment_status":"closed","ping_status":"closed","template":"templates\/fullwidth.php","meta":{"_acf_changed":false,"footnotes":""},"class_list":["post-21996","page","type-page","status-publish","hentry"],"acf":[],"yoast_head":"<!-- This site is optimized with the Yoast SEO plugin v27.0 - https:\/\/yoast.com\/product\/yoast-seo-wordpress\/ -->\n<title>Zamp Visor Anleitung - Z20 Visors - Zamp Helmets | Helmet 28 EU<\/title>\n<meta name=\"description\" content=\"Die Zamp Z20 Visor-Serie ist mit allen auf unserer Website aufgef\u00fchrten Helmen kompatibel. Ein Aftermarket-Visier ist eine gro\u00dfartige M\u00f6glichkeit, Ihren Helm f\u00fcr den Renntag zu personalisieren.\" \/>\n<meta name=\"robots\" content=\"index, follow, max-snippet:-1, max-image-preview:large, max-video-preview:-1\" \/>\n<link rel=\"canonical\" href=\"https:\/\/zamphelmets.co\/de\/zamp-visor-anleitung\/\" \/>\n<meta property=\"og:locale\" content=\"de_DE\" \/>\n<meta property=\"og:type\" content=\"article\" \/>\n<meta property=\"og:title\" content=\"Zamp Visor Anleitung - Z20 Visors - Zamp Helmets | Helmet 28 EU\" \/>\n<meta property=\"og:description\" content=\"Die Zamp Z20 Visor-Serie ist mit allen auf unserer Website aufgef\u00fchrten Helmen kompatibel. Ein Aftermarket-Visier ist eine gro\u00dfartige M\u00f6glichkeit, Ihren Helm f\u00fcr den Renntag zu personalisieren.\" \/>\n<meta property=\"og:url\" content=\"https:\/\/zamphelmets.co\/de\/zamp-visor-anleitung\/\" \/>\n<meta property=\"og:site_name\" content=\"Zamp Helmets | Helmet 28 EU\" \/>\n<meta property=\"og:image\" content=\"https:\/\/zamphelmets.co\/wp-content\/uploads\/sites\/3\/2020\/03\/Z20-Prism-Gold-300x300.jpg\" \/>\n<meta name=\"twitter:card\" content=\"summary_large_image\" \/>\n<meta name=\"twitter:label1\" content=\"Est. reading time\" \/>\n\t<meta name=\"twitter:data1\" content=\"2 Minuten\" \/>\n<script type=\"application\/ld+json\" class=\"yoast-schema-graph\">{\"@context\":\"https:\/\/schema.org\",\"@graph\":[{\"@type\":\"WebPage\",\"@id\":\"https:\/\/zamphelmets.co\/de\/zamp-visor-anleitung\/\",\"url\":\"https:\/\/zamphelmets.co\/de\/zamp-visor-anleitung\/\",\"name\":\"Zamp Visor Anleitung - Z20 Visors - Zamp Helmets | Helmet 28 EU\",\"isPartOf\":{\"@id\":\"https:\/\/zamphelmets.co\/de\/#website\"},\"primaryImageOfPage\":{\"@id\":\"https:\/\/zamphelmets.co\/de\/zamp-visor-anleitung\/#primaryimage\"},\"image\":{\"@id\":\"https:\/\/zamphelmets.co\/de\/zamp-visor-anleitung\/#primaryimage\"},\"thumbnailUrl\":\"https:\/\/zamphelmets.co\/wp-content\/uploads\/sites\/3\/2020\/03\/Z20-Prism-Gold-300x300.jpg\",\"datePublished\":\"2020-03-11T15:48:13+00:00\",\"description\":\"Die Zamp Z20 Visor-Serie ist mit allen auf unserer Website aufgef\u00fchrten Helmen kompatibel. Ein Aftermarket-Visier ist eine gro\u00dfartige M\u00f6glichkeit, Ihren Helm f\u00fcr den Renntag zu personalisieren.\",\"inLanguage\":\"de-DE\",\"potentialAction\":[{\"@type\":\"ReadAction\",\"target\":[\"https:\/\/zamphelmets.co\/de\/zamp-visor-anleitung\/\"]}]},{\"@type\":\"ImageObject\",\"inLanguage\":\"de-DE\",\"@id\":\"https:\/\/zamphelmets.co\/de\/zamp-visor-anleitung\/#primaryimage\",\"url\":\"https:\/\/zamphelmets.co\/wp-content\/uploads\/sites\/3\/2020\/03\/Z20-Prism-Gold-300x300.jpg\",\"contentUrl\":\"https:\/\/zamphelmets.co\/wp-content\/uploads\/sites\/3\/2020\/03\/Z20-Prism-Gold-300x300.jpg\"},{\"@type\":\"WebSite\",\"@id\":\"https:\/\/zamphelmets.co\/de\/#website\",\"url\":\"https:\/\/zamphelmets.co\/de\/\",\"name\":\"Zamp Helmets | Helmet 28 EU\",\"description\":\"High Quality Motorsport Helmets\",\"potentialAction\":[{\"@type\":\"SearchAction\",\"target\":{\"@type\":\"EntryPoint\",\"urlTemplate\":\"https:\/\/zamphelmets.co\/de\/?s={search_term_string}\"},\"query-input\":{\"@type\":\"PropertyValueSpecification\",\"valueRequired\":true,\"valueName\":\"search_term_string\"}}],\"inLanguage\":\"de-DE\"}]}<\/script>\n<!-- \/ Yoast SEO plugin. -->","yoast_head_json":{"title":"Zamp Visor Anleitung - Z20 Visors - Zamp Helmets | Helmet 28 EU","description":"Die Zamp Z20 Visor-Serie ist mit allen auf unserer Website aufgef\u00fchrten Helmen kompatibel. Ein Aftermarket-Visier ist eine gro\u00dfartige M\u00f6glichkeit, Ihren Helm f\u00fcr den Renntag zu personalisieren.","robots":{"index":"index","follow":"follow","max-snippet":"max-snippet:-1","max-image-preview":"max-image-preview:large","max-video-preview":"max-video-preview:-1"},"canonical":"https:\/\/zamphelmets.co\/de\/zamp-visor-anleitung\/","og_locale":"de_DE","og_type":"article","og_title":"Zamp Visor Anleitung - Z20 Visors - Zamp Helmets | Helmet 28 EU","og_description":"Die Zamp Z20 Visor-Serie ist mit allen auf unserer Website aufgef\u00fchrten Helmen kompatibel. Ein Aftermarket-Visier ist eine gro\u00dfartige M\u00f6glichkeit, Ihren Helm f\u00fcr den Renntag zu personalisieren.","og_url":"https:\/\/zamphelmets.co\/de\/zamp-visor-anleitung\/","og_site_name":"Zamp Helmets | Helmet 28 EU","og_image":[{"url":"https:\/\/zamphelmets.co\/wp-content\/uploads\/sites\/3\/2020\/03\/Z20-Prism-Gold-300x300.jpg","type":"","width":"","height":""}],"twitter_card":"summary_large_image","twitter_misc":{"Est. reading time":"2 Minuten"},"schema":{"@context":"https:\/\/schema.org","@graph":[{"@type":"WebPage","@id":"https:\/\/zamphelmets.co\/de\/zamp-visor-anleitung\/","url":"https:\/\/zamphelmets.co\/de\/zamp-visor-anleitung\/","name":"Zamp Visor Anleitung - Z20 Visors - Zamp Helmets | Helmet 28 EU","isPartOf":{"@id":"https:\/\/zamphelmets.co\/de\/#website"},"primaryImageOfPage":{"@id":"https:\/\/zamphelmets.co\/de\/zamp-visor-anleitung\/#primaryimage"},"image":{"@id":"https:\/\/zamphelmets.co\/de\/zamp-visor-anleitung\/#primaryimage"},"thumbnailUrl":"https:\/\/zamphelmets.co\/wp-content\/uploads\/sites\/3\/2020\/03\/Z20-Prism-Gold-300x300.jpg","datePublished":"2020-03-11T15:48:13+00:00","description":"Die Zamp Z20 Visor-Serie ist mit allen auf unserer Website aufgef\u00fchrten Helmen kompatibel. Ein Aftermarket-Visier ist eine gro\u00dfartige M\u00f6glichkeit, Ihren Helm f\u00fcr den Renntag zu personalisieren.","inLanguage":"de-DE","potentialAction":[{"@type":"ReadAction","target":["https:\/\/zamphelmets.co\/de\/zamp-visor-anleitung\/"]}]},{"@type":"ImageObject","inLanguage":"de-DE","@id":"https:\/\/zamphelmets.co\/de\/zamp-visor-anleitung\/#primaryimage","url":"https:\/\/zamphelmets.co\/wp-content\/uploads\/sites\/3\/2020\/03\/Z20-Prism-Gold-300x300.jpg","contentUrl":"https:\/\/zamphelmets.co\/wp-content\/uploads\/sites\/3\/2020\/03\/Z20-Prism-Gold-300x300.jpg"},{"@type":"WebSite","@id":"https:\/\/zamphelmets.co\/de\/#website","url":"https:\/\/zamphelmets.co\/de\/","name":"Zamp Helmets | Helmet 28 EU","description":"High Quality Motorsport Helmets","potentialAction":[{"@type":"SearchAction","target":{"@type":"EntryPoint","urlTemplate":"https:\/\/zamphelmets.co\/de\/?s={search_term_string}"},"query-input":{"@type":"PropertyValueSpecification","valueRequired":true,"valueName":"search_term_string"}}],"inLanguage":"de-DE"}]}},"_links":{"self":[{"href":"https:\/\/zamphelmets.co\/de\/wp-json\/wp\/v2\/pages\/21996","targetHints":{"allow":["GET"]}}],"collection":[{"href":"https:\/\/zamphelmets.co\/de\/wp-json\/wp\/v2\/pages"}],"about":[{"href":"https:\/\/zamphelmets.co\/de\/wp-json\/wp\/v2\/types\/page"}],"author":[{"embeddable":true,"href":"https:\/\/zamphelmets.co\/de\/wp-json\/wp\/v2\/users\/2"}],"replies":[{"embeddable":true,"href":"https:\/\/zamphelmets.co\/de\/wp-json\/wp\/v2\/comments?post=21996"}],"version-history":[{"count":0,"href":"https:\/\/zamphelmets.co\/de\/wp-json\/wp\/v2\/pages\/21996\/revisions"}],"wp:attachment":[{"href":"https:\/\/zamphelmets.co\/de\/wp-json\/wp\/v2\/media?parent=21996"}],"curies":[{"name":"wp","href":"https:\/\/api.w.org\/{rel}","templated":true}]}}