{"id":21981,"date":"2020-02-06T11:37:14","date_gmt":"2020-02-06T11:37:14","guid":{"rendered":"https:\/\/zamphelmets.co\/hans-posten-hans-und-fhr-geraete\/"},"modified":"2026-02-16T15:02:11","modified_gmt":"2026-02-16T15:02:11","slug":"hans-posten-hans-und-fhr-geraete","status":"publish","type":"page","link":"https:\/\/zamphelmets.co\/de\/hans-posten-hans-und-fhr-geraete\/","title":{"rendered":"HANS-Posten, HANS- und FHR-Ger\u00e4te"},"content":{"rendered":"<h2><strong>Was sind Hans Posts, HANS und FHR-Ger\u00e4te?<\/strong><\/h2>\n<ol>\n<li>Ein FHR ist ein <strong>Frontal Head Restraint<\/strong>: Es ist der allgemeine Begriff f\u00fcr das, was oft als HANS-Ger\u00e4t bezeichnet wird.<\/li>\n<li>HANS ist eigentlich ein gesch\u00fctzter Name &#8211; ein Akronym f\u00fcr <strong>Head and Neck Support <\/strong>-, den nur bestimmte Hersteller verwenden d\u00fcrfen. Das ist die gebr\u00e4uchlichste Bezeichnung f\u00fcr diese Ger\u00e4te.<\/li>\n<li>HANS-Pfosten &#8211; das sind die Pfosten\/Schrauben, die mit dem sogenannten m6-Anschluss an Ihrem Helm befestigt werden, damit das Ger\u00e4t sicher angebracht werden kann.<\/li>\n<\/ol>\n<h2>Was bewirkt ein HANS-Ger\u00e4t?<\/h2>\n<p>Die HANS- und FHR-Vorrichtungen sind so konzipiert, dass sie den Kopf des Fahrers &#8211; im Vergleich zum K\u00f6rper &#8211; bei einem Frontal- und Schr\u00e4gfrontcrash zur\u00fcckhalten. Durch die Einschr\u00e4nkung des Kopfes wird der Aufprall auf den Nacken stark reduziert und somit das Verletzungsrisiko verringert.<\/p>\n<p>Alle hier aufgef\u00fchrten Zamp-Helme werden mit dem vorgebohrten M6-Anschluss geliefert. Wenn Sie also ein HANS-Ger\u00e4t verwenden m\u00fcssen, sind Sie daf\u00fcr ger\u00fcstet; es dauert nur ein paar Minuten, um Ihre HANS-St\u00fctzen anzubringen. Sie k\u00f6nnen einen Satz <a href=\"https:\/\/zamphelmets.co\/de\/produkt\/hans-post\/\">HANS-Pfosten hier<\/a> kaufen.<\/p>\n<p><img decoding=\"async\" class=\"alignnone wp-image-333 size-medium lazyload\" data-src=\"https:\/\/zamphelmets.co\/wp-content\/uploads\/2019\/11\/sim_ak1131-12s-1-300x300.jpg\" alt=\"silberne hans pfosten\" width=\"300\" height=\"300\" data-srcset=\"https:\/\/zamphelmets.co\/wp-content\/uploads\/2019\/11\/sim_ak1131-12s-1-300x300.jpg 300w, https:\/\/zamphelmets.co\/wp-content\/uploads\/2019\/11\/sim_ak1131-12s-1-100x100.jpg 100w, https:\/\/zamphelmets.co\/wp-content\/uploads\/2019\/11\/sim_ak1131-12s-1-150x150.jpg 150w, https:\/\/zamphelmets.co\/wp-content\/uploads\/2019\/11\/sim_ak1131-12s-1.jpg 560w\" data-sizes=\"(max-width: 300px) 100vw, 300px\" src=\"data:image\/svg+xml;base64,PHN2ZyB3aWR0aD0iMSIgaGVpZ2h0PSIxIiB4bWxucz0iaHR0cDovL3d3dy53My5vcmcvMjAwMC9zdmciPjwvc3ZnPg==\" style=\"--smush-placeholder-width: 300px; --smush-placeholder-aspect-ratio: 300\/300;\" \/><\/p>\n<p>Jeder Erwachsenenhelm aus dem Zamp-Sortiment ist mit HANS-Posts kompatibel. Jeder Helm ist mit einer M6-Klemme vorgebohrt, so dass die HANS-Posts einfach angebracht werden k\u00f6nnen.<\/p>\n<div class=\"container\">\n<div id=\"content\" class=\"site-content\">\n<div id=\"primary\" class=\"content-area\">\n<p>&nbsp;<\/p>\n<div id=\"product-308\" class=\"product type-product post-308 status-publish first instock product_cat-accessories product_cat-helmet-accessories product_cat-other product_cat-zamp has-post-thumbnail taxable shipping-taxable purchasable product-type-simple\">\n<div class=\"woocommerce-tabs wc-tabs-wrapper\">\n<div id=\"tab-description\" class=\"woocommerce-Tabs-panel woocommerce-Tabs-panel--description panel entry-content wc-tab\" role=\"tabpanel\" aria-labelledby=\"tab-title-description\">\n<p>F\u00fcr weitere Informationen \u00fcber HANS\/FHR-Ger\u00e4te und wer sie ben\u00f6tigt, <a href=\"https:\/\/www.motorsportuk.org\/assets\/fhrguidance.pdf\">folgen Sie bitte diesem Link<\/a>, um mehr \u00fcber <a href=\"https:\/\/zamphelmets.co\/de\/produkt\/hans-post\/#description\">HANS<\/a> zu erfahren und wie man sie installiert.<\/p>\n<\/div>\n<\/div>\n<\/div>\n<\/div>\n<\/div>\n<\/div>\n","protected":false},"excerpt":{"rendered":"<p>Was sind Hans Posts, HANS und FHR-Ger\u00e4te? Ein FHR ist ein Frontal Head Restraint: Es ist der allgemeine Begriff f\u00fcr das, was oft als HANS-Ger\u00e4t bezeichnet wird. HANS ist eigentlich ein gesch\u00fctzter Name &#8211; ein Akronym f\u00fcr Head and Neck Support -, den nur bestimmte Hersteller verwenden d\u00fcrfen. Das ist die gebr\u00e4uchlichste Bezeichnung f\u00fcr diese [&hellip;]<\/p>\n","protected":false},"author":2,"featured_media":0,"parent":0,"menu_order":0,"comment_status":"closed","ping_status":"closed","template":"templates\/fullwidth.php","meta":{"_acf_changed":false,"footnotes":""},"class_list":["post-21981","page","type-page","status-publish","hentry"],"acf":[],"yoast_head":"<!-- This site is optimized with the Yoast SEO plugin v27.0 - https:\/\/yoast.com\/product\/yoast-seo-wordpress\/ -->\n<title>HANS-Posten, HANS- und FHR-Ger\u00e4te Erkl\u00e4rte - Zamp Helmets | Helmet 28 EU<\/title>\n<meta name=\"description\" content=\"Was sind HANS-Posten und HANS-Ger\u00e4te und f\u00fcr wen sind sie erforderlich? Dieser Artikel erkl\u00e4rt Ihnen alles, was Sie \u00fcber HANS Posts wissen m\u00fcssen.\" \/>\n<meta name=\"robots\" content=\"index, follow, max-snippet:-1, max-image-preview:large, max-video-preview:-1\" \/>\n<link rel=\"canonical\" href=\"https:\/\/zamphelmets.co\/de\/hans-posten-hans-und-fhr-geraete\/\" \/>\n<meta property=\"og:locale\" content=\"de_DE\" \/>\n<meta property=\"og:type\" content=\"article\" \/>\n<meta property=\"og:title\" content=\"HANS-Posten, HANS- und FHR-Ger\u00e4te Erkl\u00e4rte - Zamp Helmets | Helmet 28 EU\" \/>\n<meta property=\"og:description\" content=\"Was sind HANS-Posten und HANS-Ger\u00e4te und f\u00fcr wen sind sie erforderlich? Dieser Artikel erkl\u00e4rt Ihnen alles, was Sie \u00fcber HANS Posts wissen m\u00fcssen.\" \/>\n<meta property=\"og:url\" content=\"https:\/\/zamphelmets.co\/de\/hans-posten-hans-und-fhr-geraete\/\" \/>\n<meta property=\"og:site_name\" content=\"Zamp Helmets | Helmet 28 EU\" \/>\n<meta property=\"article:modified_time\" content=\"2026-02-16T15:02:11+00:00\" \/>\n<meta property=\"og:image\" content=\"https:\/\/zamphelmets.co\/wp-content\/uploads\/2019\/11\/sim_ak1131-12s-1.jpg\" \/>\n\t<meta property=\"og:image:width\" content=\"560\" \/>\n\t<meta property=\"og:image:height\" content=\"560\" \/>\n\t<meta property=\"og:image:type\" content=\"image\/jpeg\" \/>\n<meta name=\"twitter:card\" content=\"summary_large_image\" \/>\n<meta name=\"twitter:label1\" content=\"Est. reading time\" \/>\n\t<meta name=\"twitter:data1\" content=\"1 Minute\" \/>\n<script type=\"application\/ld+json\" class=\"yoast-schema-graph\">{\"@context\":\"https:\/\/schema.org\",\"@graph\":[{\"@type\":\"WebPage\",\"@id\":\"https:\/\/zamphelmets.co\/de\/hans-posten-hans-und-fhr-geraete\/\",\"url\":\"https:\/\/zamphelmets.co\/de\/hans-posten-hans-und-fhr-geraete\/\",\"name\":\"HANS-Posten, HANS- und FHR-Ger\u00e4te Erkl\u00e4rte - Zamp Helmets | Helmet 28 EU\",\"isPartOf\":{\"@id\":\"https:\/\/zamphelmets.co\/de\/#website\"},\"primaryImageOfPage\":{\"@id\":\"https:\/\/zamphelmets.co\/de\/hans-posten-hans-und-fhr-geraete\/#primaryimage\"},\"image\":{\"@id\":\"https:\/\/zamphelmets.co\/de\/hans-posten-hans-und-fhr-geraete\/#primaryimage\"},\"thumbnailUrl\":\"https:\/\/zamphelmets.co\/wp-content\/uploads\/2019\/11\/sim_ak1131-12s-1-300x300.jpg\",\"datePublished\":\"2020-02-06T11:37:14+00:00\",\"dateModified\":\"2026-02-16T15:02:11+00:00\",\"description\":\"Was sind HANS-Posten und HANS-Ger\u00e4te und f\u00fcr wen sind sie erforderlich? Dieser Artikel erkl\u00e4rt Ihnen alles, was Sie \u00fcber HANS Posts wissen m\u00fcssen.\",\"inLanguage\":\"de-DE\",\"potentialAction\":[{\"@type\":\"ReadAction\",\"target\":[\"https:\/\/zamphelmets.co\/de\/hans-posten-hans-und-fhr-geraete\/\"]}]},{\"@type\":\"ImageObject\",\"inLanguage\":\"de-DE\",\"@id\":\"https:\/\/zamphelmets.co\/de\/hans-posten-hans-und-fhr-geraete\/#primaryimage\",\"url\":\"https:\/\/zamphelmets.co\/wp-content\/uploads\/2019\/11\/sim_ak1131-12s-1-300x300.jpg\",\"contentUrl\":\"https:\/\/zamphelmets.co\/wp-content\/uploads\/2019\/11\/sim_ak1131-12s-1-300x300.jpg\"},{\"@type\":\"WebSite\",\"@id\":\"https:\/\/zamphelmets.co\/de\/#website\",\"url\":\"https:\/\/zamphelmets.co\/de\/\",\"name\":\"Zamp Helmets | Helmet 28 EU\",\"description\":\"High Quality Motorsport Helmets\",\"potentialAction\":[{\"@type\":\"SearchAction\",\"target\":{\"@type\":\"EntryPoint\",\"urlTemplate\":\"https:\/\/zamphelmets.co\/de\/?s={search_term_string}\"},\"query-input\":{\"@type\":\"PropertyValueSpecification\",\"valueRequired\":true,\"valueName\":\"search_term_string\"}}],\"inLanguage\":\"de-DE\"}]}<\/script>\n<!-- \/ Yoast SEO plugin. -->","yoast_head_json":{"title":"HANS-Posten, HANS- und FHR-Ger\u00e4te Erkl\u00e4rte - Zamp Helmets | Helmet 28 EU","description":"Was sind HANS-Posten und HANS-Ger\u00e4te und f\u00fcr wen sind sie erforderlich? Dieser Artikel erkl\u00e4rt Ihnen alles, was Sie \u00fcber HANS Posts wissen m\u00fcssen.","robots":{"index":"index","follow":"follow","max-snippet":"max-snippet:-1","max-image-preview":"max-image-preview:large","max-video-preview":"max-video-preview:-1"},"canonical":"https:\/\/zamphelmets.co\/de\/hans-posten-hans-und-fhr-geraete\/","og_locale":"de_DE","og_type":"article","og_title":"HANS-Posten, HANS- und FHR-Ger\u00e4te Erkl\u00e4rte - Zamp Helmets | Helmet 28 EU","og_description":"Was sind HANS-Posten und HANS-Ger\u00e4te und f\u00fcr wen sind sie erforderlich? Dieser Artikel erkl\u00e4rt Ihnen alles, was Sie \u00fcber HANS Posts wissen m\u00fcssen.","og_url":"https:\/\/zamphelmets.co\/de\/hans-posten-hans-und-fhr-geraete\/","og_site_name":"Zamp Helmets | Helmet 28 EU","article_modified_time":"2026-02-16T15:02:11+00:00","og_image":[{"width":560,"height":560,"url":"https:\/\/zamphelmets.co\/wp-content\/uploads\/2019\/11\/sim_ak1131-12s-1.jpg","type":"image\/jpeg"}],"twitter_card":"summary_large_image","twitter_misc":{"Est. reading time":"1 Minute"},"schema":{"@context":"https:\/\/schema.org","@graph":[{"@type":"WebPage","@id":"https:\/\/zamphelmets.co\/de\/hans-posten-hans-und-fhr-geraete\/","url":"https:\/\/zamphelmets.co\/de\/hans-posten-hans-und-fhr-geraete\/","name":"HANS-Posten, HANS- und FHR-Ger\u00e4te Erkl\u00e4rte - Zamp Helmets | Helmet 28 EU","isPartOf":{"@id":"https:\/\/zamphelmets.co\/de\/#website"},"primaryImageOfPage":{"@id":"https:\/\/zamphelmets.co\/de\/hans-posten-hans-und-fhr-geraete\/#primaryimage"},"image":{"@id":"https:\/\/zamphelmets.co\/de\/hans-posten-hans-und-fhr-geraete\/#primaryimage"},"thumbnailUrl":"https:\/\/zamphelmets.co\/wp-content\/uploads\/2019\/11\/sim_ak1131-12s-1-300x300.jpg","datePublished":"2020-02-06T11:37:14+00:00","dateModified":"2026-02-16T15:02:11+00:00","description":"Was sind HANS-Posten und HANS-Ger\u00e4te und f\u00fcr wen sind sie erforderlich? Dieser Artikel erkl\u00e4rt Ihnen alles, was Sie \u00fcber HANS Posts wissen m\u00fcssen.","inLanguage":"de-DE","potentialAction":[{"@type":"ReadAction","target":["https:\/\/zamphelmets.co\/de\/hans-posten-hans-und-fhr-geraete\/"]}]},{"@type":"ImageObject","inLanguage":"de-DE","@id":"https:\/\/zamphelmets.co\/de\/hans-posten-hans-und-fhr-geraete\/#primaryimage","url":"https:\/\/zamphelmets.co\/wp-content\/uploads\/2019\/11\/sim_ak1131-12s-1-300x300.jpg","contentUrl":"https:\/\/zamphelmets.co\/wp-content\/uploads\/2019\/11\/sim_ak1131-12s-1-300x300.jpg"},{"@type":"WebSite","@id":"https:\/\/zamphelmets.co\/de\/#website","url":"https:\/\/zamphelmets.co\/de\/","name":"Zamp Helmets | Helmet 28 EU","description":"High Quality Motorsport Helmets","potentialAction":[{"@type":"SearchAction","target":{"@type":"EntryPoint","urlTemplate":"https:\/\/zamphelmets.co\/de\/?s={search_term_string}"},"query-input":{"@type":"PropertyValueSpecification","valueRequired":true,"valueName":"search_term_string"}}],"inLanguage":"de-DE"}]}},"_links":{"self":[{"href":"https:\/\/zamphelmets.co\/de\/wp-json\/wp\/v2\/pages\/21981","targetHints":{"allow":["GET"]}}],"collection":[{"href":"https:\/\/zamphelmets.co\/de\/wp-json\/wp\/v2\/pages"}],"about":[{"href":"https:\/\/zamphelmets.co\/de\/wp-json\/wp\/v2\/types\/page"}],"author":[{"embeddable":true,"href":"https:\/\/zamphelmets.co\/de\/wp-json\/wp\/v2\/users\/2"}],"replies":[{"embeddable":true,"href":"https:\/\/zamphelmets.co\/de\/wp-json\/wp\/v2\/comments?post=21981"}],"version-history":[{"count":1,"href":"https:\/\/zamphelmets.co\/de\/wp-json\/wp\/v2\/pages\/21981\/revisions"}],"predecessor-version":[{"id":203523,"href":"https:\/\/zamphelmets.co\/de\/wp-json\/wp\/v2\/pages\/21981\/revisions\/203523"}],"wp:attachment":[{"href":"https:\/\/zamphelmets.co\/de\/wp-json\/wp\/v2\/media?parent=21981"}],"curies":[{"name":"wp","href":"https:\/\/api.w.org\/{rel}","templated":true}]}}