{"id":28683,"date":"2024-09-10T14:08:48","date_gmt":"2024-09-10T14:08:48","guid":{"rendered":"https:\/\/zamphelmets.co\/product\/hans-stolper-sort\/"},"modified":"2026-02-16T15:55:33","modified_gmt":"2026-02-16T15:55:33","slug":"hans-stolper-sort","status":"publish","type":"product","link":"https:\/\/zamphelmets.co\/da\/vare\/hans-stolper-sort\/","title":{"rendered":"HANS stolper sort"},"content":{"rendered":"<p>Disse stilfulde r\u00f8de HANS-m\u00e6rkede stolper er designet til at passe til alle Zamp ADULT-hjelme, som alle har et M6-indvendigt gevind i hjelmen. Stolperne g\u00f8r det muligt at montere en FHR\/HANS-enhed p\u00e5 hjelmen.<\/p>\n<ul>\n<li>Designet til at passe til hjelme med M6-gevind.<\/li>\n<li>Giver mulighed for at montere en FHR\/HANS-enhed p\u00e5 en hjelm<\/li>\n<li>HANS-m\u00e6rket<\/li>\n<\/ul>\n<p>S\u00e6lges som et par stolper<\/p>\n<p>FIA 8858-2010 godkendt<\/p>\n","protected":false},"excerpt":{"rendered":"<p>Disse stilfulde r\u00f8de HANS-m\u00e6rkede stolper er designet til at passe til alle Zamp ADULT-hjelme, som alle har et M6-indvendigt gevind i hjelmen. Stolperne g\u00f8r det muligt at montere en FHR\/HANS-enhed p\u00e5 hjelmen. Designet til at passe til hjelme med M6-gevind. Giver mulighed for at montere en FHR\/HANS-enhed p\u00e5 en hjelm HANS-m\u00e6rket S\u00e6lges som et par [&hellip;]<\/p>\n","protected":false},"featured_media":28675,"comment_status":"open","ping_status":"closed","template":"","meta":{"_acf_changed":false,"_iconic_wsb_product_page_order_bump_ids":[[]],"_sku":["RZHANSBLACK"],"_iconic_wsb_product_page_bump_modal_ids":[[]]},"product_brand":[],"product_cat":[215,156,157,155],"product_tag":[],"class_list":{"0":"post-28683","1":"product","2":"type-product","3":"status-publish","4":"has-post-thumbnail","6":"product_cat-andet","7":"product_cat-tilbehor","8":"product_cat-tilbehor-til-hjelme","9":"product_cat-zamp-da","11":"first","12":"outofstock","13":"taxable","14":"shipping-taxable","15":"purchasable","16":"product-type-simple"},"acf":[],"yoast_head":"<!-- This site is optimized with the Yoast SEO plugin v27.0 - https:\/\/yoast.com\/product\/yoast-seo-wordpress\/ -->\n<title>HANS stolper sort - Zamp Helmets | Helmet 28 EU<\/title>\n<meta name=\"robots\" content=\"index, follow, max-snippet:-1, max-image-preview:large, max-video-preview:-1\" \/>\n<link rel=\"canonical\" href=\"https:\/\/zamphelmets.co\/da\/vare\/hans-stolper-sort\/\" \/>\n<meta property=\"og:locale\" content=\"da_DK\" \/>\n<meta property=\"og:type\" content=\"article\" \/>\n<meta property=\"og:title\" content=\"HANS stolper sort - Zamp Helmets | Helmet 28 EU\" \/>\n<meta property=\"og:description\" content=\"Disse stilfulde r\u00f8de HANS-m\u00e6rkede stolper er designet til at passe til alle Zamp ADULT-hjelme, som alle har et M6-indvendigt gevind i hjelmen. Stolperne g\u00f8r det muligt at montere en FHR\/HANS-enhed p\u00e5 hjelmen. Designet til at passe til hjelme med M6-gevind. Giver mulighed for at montere en FHR\/HANS-enhed p\u00e5 en hjelm HANS-m\u00e6rket S\u00e6lges som et par [&hellip;]\" \/>\n<meta property=\"og:url\" content=\"https:\/\/zamphelmets.co\/da\/vare\/hans-stolper-sort\/\" \/>\n<meta property=\"og:site_name\" content=\"Zamp Helmets | Helmet 28 EU\" \/>\n<meta property=\"article:modified_time\" content=\"2026-02-16T15:55:33+00:00\" \/>\n<meta property=\"og:image\" content=\"https:\/\/zamphelmets.co\/wp-content\/uploads\/2024\/09\/HANS_POST_SIMPSON_CK201.jpg\" \/>\n\t<meta property=\"og:image:width\" content=\"425\" \/>\n\t<meta property=\"og:image:height\" content=\"457\" \/>\n\t<meta property=\"og:image:type\" content=\"image\/jpeg\" \/>\n<meta name=\"twitter:card\" content=\"summary_large_image\" \/>\n<script type=\"application\/ld+json\" class=\"yoast-schema-graph\">{\"@context\":\"https:\/\/schema.org\",\"@graph\":[{\"@type\":\"WebPage\",\"@id\":\"https:\/\/zamphelmets.co\/da\/vare\/hans-stolper-sort\/\",\"url\":\"https:\/\/zamphelmets.co\/da\/vare\/hans-stolper-sort\/\",\"name\":\"HANS stolper sort - Zamp Helmets | Helmet 28 EU\",\"isPartOf\":{\"@id\":\"https:\/\/zamphelmets.co\/da\/#website\"},\"primaryImageOfPage\":{\"@id\":\"https:\/\/zamphelmets.co\/da\/vare\/hans-stolper-sort\/#primaryimage\"},\"image\":{\"@id\":\"https:\/\/zamphelmets.co\/da\/vare\/hans-stolper-sort\/#primaryimage\"},\"thumbnailUrl\":\"https:\/\/zamphelmets.co\/wp-content\/uploads\/2024\/09\/HANS_POST_SIMPSON_CK201.jpg\",\"datePublished\":\"2024-09-10T14:08:48+00:00\",\"dateModified\":\"2026-02-16T15:55:33+00:00\",\"breadcrumb\":{\"@id\":\"https:\/\/zamphelmets.co\/da\/vare\/hans-stolper-sort\/#breadcrumb\"},\"inLanguage\":\"da-DK\",\"potentialAction\":[{\"@type\":\"ReadAction\",\"target\":[\"https:\/\/zamphelmets.co\/da\/vare\/hans-stolper-sort\/\"]}]},{\"@type\":\"ImageObject\",\"inLanguage\":\"da-DK\",\"@id\":\"https:\/\/zamphelmets.co\/da\/vare\/hans-stolper-sort\/#primaryimage\",\"url\":\"https:\/\/zamphelmets.co\/wp-content\/uploads\/2024\/09\/HANS_POST_SIMPSON_CK201.jpg\",\"contentUrl\":\"https:\/\/zamphelmets.co\/wp-content\/uploads\/2024\/09\/HANS_POST_SIMPSON_CK201.jpg\",\"width\":425,\"height\":457},{\"@type\":\"BreadcrumbList\",\"@id\":\"https:\/\/zamphelmets.co\/da\/vare\/hans-stolper-sort\/#breadcrumb\",\"itemListElement\":[{\"@type\":\"ListItem\",\"position\":1,\"name\":\"Shop\",\"item\":\"https:\/\/zamphelmets.co\/da\/shop\/\"},{\"@type\":\"ListItem\",\"position\":2,\"name\":\"HANS stolper sort\"}]},{\"@type\":\"WebSite\",\"@id\":\"https:\/\/zamphelmets.co\/da\/#website\",\"url\":\"https:\/\/zamphelmets.co\/da\/\",\"name\":\"Zamp Helmets | Helmet 28 EU\",\"description\":\"High Quality Motorsport Helmets\",\"potentialAction\":[{\"@type\":\"SearchAction\",\"target\":{\"@type\":\"EntryPoint\",\"urlTemplate\":\"https:\/\/zamphelmets.co\/da\/?s={search_term_string}\"},\"query-input\":{\"@type\":\"PropertyValueSpecification\",\"valueRequired\":true,\"valueName\":\"search_term_string\"}}],\"inLanguage\":\"da-DK\"}]}<\/script>\n<!-- \/ Yoast SEO plugin. -->","yoast_head_json":{"title":"HANS stolper sort - Zamp Helmets | Helmet 28 EU","robots":{"index":"index","follow":"follow","max-snippet":"max-snippet:-1","max-image-preview":"max-image-preview:large","max-video-preview":"max-video-preview:-1"},"canonical":"https:\/\/zamphelmets.co\/da\/vare\/hans-stolper-sort\/","og_locale":"da_DK","og_type":"article","og_title":"HANS stolper sort - Zamp Helmets | Helmet 28 EU","og_description":"Disse stilfulde r\u00f8de HANS-m\u00e6rkede stolper er designet til at passe til alle Zamp ADULT-hjelme, som alle har et M6-indvendigt gevind i hjelmen. Stolperne g\u00f8r det muligt at montere en FHR\/HANS-enhed p\u00e5 hjelmen. Designet til at passe til hjelme med M6-gevind. Giver mulighed for at montere en FHR\/HANS-enhed p\u00e5 en hjelm HANS-m\u00e6rket S\u00e6lges som et par [&hellip;]","og_url":"https:\/\/zamphelmets.co\/da\/vare\/hans-stolper-sort\/","og_site_name":"Zamp Helmets | Helmet 28 EU","article_modified_time":"2026-02-16T15:55:33+00:00","og_image":[{"width":425,"height":457,"url":"https:\/\/zamphelmets.co\/wp-content\/uploads\/2024\/09\/HANS_POST_SIMPSON_CK201.jpg","type":"image\/jpeg"}],"twitter_card":"summary_large_image","schema":{"@context":"https:\/\/schema.org","@graph":[{"@type":"WebPage","@id":"https:\/\/zamphelmets.co\/da\/vare\/hans-stolper-sort\/","url":"https:\/\/zamphelmets.co\/da\/vare\/hans-stolper-sort\/","name":"HANS stolper sort - Zamp Helmets | Helmet 28 EU","isPartOf":{"@id":"https:\/\/zamphelmets.co\/da\/#website"},"primaryImageOfPage":{"@id":"https:\/\/zamphelmets.co\/da\/vare\/hans-stolper-sort\/#primaryimage"},"image":{"@id":"https:\/\/zamphelmets.co\/da\/vare\/hans-stolper-sort\/#primaryimage"},"thumbnailUrl":"https:\/\/zamphelmets.co\/wp-content\/uploads\/2024\/09\/HANS_POST_SIMPSON_CK201.jpg","datePublished":"2024-09-10T14:08:48+00:00","dateModified":"2026-02-16T15:55:33+00:00","breadcrumb":{"@id":"https:\/\/zamphelmets.co\/da\/vare\/hans-stolper-sort\/#breadcrumb"},"inLanguage":"da-DK","potentialAction":[{"@type":"ReadAction","target":["https:\/\/zamphelmets.co\/da\/vare\/hans-stolper-sort\/"]}]},{"@type":"ImageObject","inLanguage":"da-DK","@id":"https:\/\/zamphelmets.co\/da\/vare\/hans-stolper-sort\/#primaryimage","url":"https:\/\/zamphelmets.co\/wp-content\/uploads\/2024\/09\/HANS_POST_SIMPSON_CK201.jpg","contentUrl":"https:\/\/zamphelmets.co\/wp-content\/uploads\/2024\/09\/HANS_POST_SIMPSON_CK201.jpg","width":425,"height":457},{"@type":"BreadcrumbList","@id":"https:\/\/zamphelmets.co\/da\/vare\/hans-stolper-sort\/#breadcrumb","itemListElement":[{"@type":"ListItem","position":1,"name":"Shop","item":"https:\/\/zamphelmets.co\/da\/shop\/"},{"@type":"ListItem","position":2,"name":"HANS stolper sort"}]},{"@type":"WebSite","@id":"https:\/\/zamphelmets.co\/da\/#website","url":"https:\/\/zamphelmets.co\/da\/","name":"Zamp Helmets | Helmet 28 EU","description":"High Quality Motorsport Helmets","potentialAction":[{"@type":"SearchAction","target":{"@type":"EntryPoint","urlTemplate":"https:\/\/zamphelmets.co\/da\/?s={search_term_string}"},"query-input":{"@type":"PropertyValueSpecification","valueRequired":true,"valueName":"search_term_string"}}],"inLanguage":"da-DK"}]}},"_links":{"self":[{"href":"https:\/\/zamphelmets.co\/da\/wp-json\/wp\/v2\/product\/28683","targetHints":{"allow":["GET"]}}],"collection":[{"href":"https:\/\/zamphelmets.co\/da\/wp-json\/wp\/v2\/product"}],"about":[{"href":"https:\/\/zamphelmets.co\/da\/wp-json\/wp\/v2\/types\/product"}],"replies":[{"embeddable":true,"href":"https:\/\/zamphelmets.co\/da\/wp-json\/wp\/v2\/comments?post=28683"}],"wp:featuredmedia":[{"embeddable":true,"href":"https:\/\/zamphelmets.co\/da\/wp-json\/wp\/v2\/media\/28675"}],"wp:attachment":[{"href":"https:\/\/zamphelmets.co\/da\/wp-json\/wp\/v2\/media?parent=28683"}],"wp:term":[{"taxonomy":"product_brand","embeddable":true,"href":"https:\/\/zamphelmets.co\/da\/wp-json\/wp\/v2\/product_brand?post=28683"},{"taxonomy":"product_cat","embeddable":true,"href":"https:\/\/zamphelmets.co\/da\/wp-json\/wp\/v2\/product_cat?post=28683"},{"taxonomy":"product_tag","embeddable":true,"href":"https:\/\/zamphelmets.co\/da\/wp-json\/wp\/v2\/product_tag?post=28683"}],"curies":[{"name":"wp","href":"https:\/\/api.w.org\/{rel}","templated":true}]}}