{"id":25911,"date":"2024-05-31T11:47:11","date_gmt":"2024-05-31T11:47:11","guid":{"rendered":"https:\/\/zamphelmets.co\/product\/sparco-rush-kart-handsker-fluo-green-black\/"},"modified":"2024-11-06T16:14:23","modified_gmt":"2024-11-06T16:14:23","slug":"sparco-rush-kart-handsker-fluo-green-black","status":"publish","type":"product","link":"https:\/\/zamphelmets.co\/da\/vare\/sparco-rush-kart-handsker-fluo-green-black\/","title":{"rendered":"Sparco Rush Kart-handsker Fluo Green\/Black"},"content":{"rendered":"<p>Sparco Rush er en gokarthandske p\u00e5 indgangsniveau, som indeholder funktioner, der normalt kun findes i dyrere alternativer. Disse egenskaber g\u00f8r, at man f\u00e5r meget for pengene, og at den er velegnet til karting p\u00e5 alle niveauer.<\/p>\n<ul>\n<li>Det forkr\u00f8ppede design reducerer materialeophobning, n\u00e5r man griber fat i hjulet<\/li>\n<li>Silikoneprint i h\u00e5ndfladen og p\u00e5 fingrene giver et godt greb<\/li>\n<li>Slidst\u00e6rk yderside med h\u00e5ndflade i syntetisk l\u00e6der for at beskytte dine h\u00e6nder<\/li>\n<li>Elastisk h\u00e5ndled med silikonetr\u00e6k for nem adgang og sikker pasform<\/li>\n<\/ul>\n<p><img decoding=\"async\" class=\"alignnone wp-image-10061 lazyload\" data-src=\"https:\/\/zamphelmets.co\/wp-content\/uploads\/2024\/05\/sparco-racekartwear-gloves-combined-nov23-159x300.webp\" alt=\"\" width=\"441\" height=\"832\" data-srcset=\"https:\/\/zamphelmets.co\/wp-content\/uploads\/2024\/05\/sparco-racekartwear-gloves-combined-nov23-159x300.webp 159w, https:\/\/zamphelmets.co\/wp-content\/uploads\/2024\/05\/sparco-racekartwear-gloves-combined-nov23-543x1024.webp 543w, https:\/\/zamphelmets.co\/wp-content\/uploads\/2024\/05\/sparco-racekartwear-gloves-combined-nov23-768x1449.webp 768w, https:\/\/zamphelmets.co\/wp-content\/uploads\/2024\/05\/sparco-racekartwear-gloves-combined-nov23-814x1536.webp 814w, https:\/\/zamphelmets.co\/wp-content\/uploads\/2024\/05\/sparco-racekartwear-gloves-combined-nov23-1085x2048.webp 1085w, https:\/\/zamphelmets.co\/wp-content\/uploads\/2024\/05\/sparco-racekartwear-gloves-combined-nov23-600x1132.webp 600w, https:\/\/zamphelmets.co\/wp-content\/uploads\/2024\/05\/sparco-racekartwear-gloves-combined-nov23-scaled.webp 1357w\" data-sizes=\"(max-width: 441px) 100vw, 441px\" src=\"data:image\/svg+xml;base64,PHN2ZyB3aWR0aD0iMSIgaGVpZ2h0PSIxIiB4bWxucz0iaHR0cDovL3d3dy53My5vcmcvMjAwMC9zdmciPjwvc3ZnPg==\" style=\"--smush-placeholder-width: 441px; --smush-placeholder-aspect-ratio: 441\/832;\" \/><\/p>\n","protected":false},"excerpt":{"rendered":"<p>Sparco Rush er en gokarthandske p\u00e5 indgangsniveau, som indeholder funktioner, der normalt kun findes i dyrere alternativer. Disse egenskaber g\u00f8r, at man f\u00e5r meget for pengene, og at den er velegnet til karting p\u00e5 alle niveauer. Det forkr\u00f8ppede design reducerer materialeophobning, n\u00e5r man griber fat i hjulet Silikoneprint i h\u00e5ndfladen og p\u00e5 fingrene giver et [&hellip;]<\/p>\n","protected":false},"featured_media":21835,"comment_status":"open","ping_status":"closed","template":"","meta":{"_acf_changed":false,"_iconic_wsb_product_page_order_bump_ids":[[]],"_sku":["SKW002556VFNR"],"_iconic_wsb_product_page_bump_modal_ids":[[]]},"product_brand":[],"product_cat":[195,196],"product_tag":[],"class_list":{"0":"post-25911","1":"product","2":"type-product","3":"status-publish","4":"has-post-thumbnail","6":"product_cat-beskyttelse-beklaedning","7":"product_cat-handsker","9":"first","10":"outofstock","11":"taxable","12":"shipping-taxable","13":"purchasable","14":"product-type-variable"},"acf":[],"yoast_head":"<!-- This site is optimized with the Yoast SEO plugin v27.0 - https:\/\/yoast.com\/product\/yoast-seo-wordpress\/ -->\n<title>Sparco Rush Kart-handsker Fluo Green\/Black - Zamp Helmets | Helmet 28 EU<\/title>\n<meta name=\"description\" content=\"Sparco Rush er en gokarthandske p\u00e5 indgangsniveau, som indeholder funktioner fra dyrere alternativer. Fremragende v\u00e6rdi og velegnet til karting p\u00e5 alle niveauer.\" \/>\n<meta name=\"robots\" content=\"index, follow, max-snippet:-1, max-image-preview:large, max-video-preview:-1\" \/>\n<link rel=\"canonical\" href=\"https:\/\/zamphelmets.co\/da\/vare\/sparco-rush-kart-handsker-fluo-green-black\/\" \/>\n<meta property=\"og:locale\" content=\"da_DK\" \/>\n<meta property=\"og:type\" content=\"article\" \/>\n<meta property=\"og:title\" content=\"Sparco Rush Kart-handsker Fluo Green\/Black - Zamp Helmets | Helmet 28 EU\" \/>\n<meta property=\"og:description\" content=\"Sparco Rush er en gokarthandske p\u00e5 indgangsniveau, som indeholder funktioner fra dyrere alternativer. Fremragende v\u00e6rdi og velegnet til karting p\u00e5 alle niveauer.\" \/>\n<meta property=\"og:url\" content=\"https:\/\/zamphelmets.co\/da\/vare\/sparco-rush-kart-handsker-fluo-green-black\/\" \/>\n<meta property=\"og:site_name\" content=\"Zamp Helmets | Helmet 28 EU\" \/>\n<meta property=\"article:modified_time\" content=\"2024-11-06T16:14:23+00:00\" \/>\n<meta property=\"og:image\" content=\"https:\/\/zamphelmets.co\/wp-content\/uploads\/2024\/05\/green20black.png\" \/>\n\t<meta property=\"og:image:width\" content=\"869\" \/>\n\t<meta property=\"og:image:height\" content=\"1000\" \/>\n\t<meta property=\"og:image:type\" content=\"image\/png\" \/>\n<meta name=\"twitter:card\" content=\"summary_large_image\" \/>\n<script type=\"application\/ld+json\" class=\"yoast-schema-graph\">{\"@context\":\"https:\/\/schema.org\",\"@graph\":[{\"@type\":\"WebPage\",\"@id\":\"https:\/\/zamphelmets.co\/da\/vare\/sparco-rush-kart-handsker-fluo-green-black\/\",\"url\":\"https:\/\/zamphelmets.co\/da\/vare\/sparco-rush-kart-handsker-fluo-green-black\/\",\"name\":\"Sparco Rush Kart-handsker Fluo Green\/Black - Zamp Helmets | Helmet 28 EU\",\"isPartOf\":{\"@id\":\"https:\/\/zamphelmets.co\/da\/#website\"},\"primaryImageOfPage\":{\"@id\":\"https:\/\/zamphelmets.co\/da\/vare\/sparco-rush-kart-handsker-fluo-green-black\/#primaryimage\"},\"image\":{\"@id\":\"https:\/\/zamphelmets.co\/da\/vare\/sparco-rush-kart-handsker-fluo-green-black\/#primaryimage\"},\"thumbnailUrl\":\"https:\/\/zamphelmets.co\/wp-content\/uploads\/2024\/05\/green20black.png\",\"datePublished\":\"2024-05-31T11:47:11+00:00\",\"dateModified\":\"2024-11-06T16:14:23+00:00\",\"description\":\"Sparco Rush er en gokarthandske p\u00e5 indgangsniveau, som indeholder funktioner fra dyrere alternativer. Fremragende v\u00e6rdi og velegnet til karting p\u00e5 alle niveauer.\",\"breadcrumb\":{\"@id\":\"https:\/\/zamphelmets.co\/da\/vare\/sparco-rush-kart-handsker-fluo-green-black\/#breadcrumb\"},\"inLanguage\":\"da-DK\",\"potentialAction\":[{\"@type\":\"ReadAction\",\"target\":[\"https:\/\/zamphelmets.co\/da\/vare\/sparco-rush-kart-handsker-fluo-green-black\/\"]}]},{\"@type\":\"ImageObject\",\"inLanguage\":\"da-DK\",\"@id\":\"https:\/\/zamphelmets.co\/da\/vare\/sparco-rush-kart-handsker-fluo-green-black\/#primaryimage\",\"url\":\"https:\/\/zamphelmets.co\/wp-content\/uploads\/2024\/05\/green20black.png\",\"contentUrl\":\"https:\/\/zamphelmets.co\/wp-content\/uploads\/2024\/05\/green20black.png\",\"width\":869,\"height\":1000},{\"@type\":\"BreadcrumbList\",\"@id\":\"https:\/\/zamphelmets.co\/da\/vare\/sparco-rush-kart-handsker-fluo-green-black\/#breadcrumb\",\"itemListElement\":[{\"@type\":\"ListItem\",\"position\":1,\"name\":\"Shop\",\"item\":\"https:\/\/zamphelmets.co\/da\/shop\/\"},{\"@type\":\"ListItem\",\"position\":2,\"name\":\"Sparco Rush Kart-handsker Fluo Green\/Black\"}]},{\"@type\":\"WebSite\",\"@id\":\"https:\/\/zamphelmets.co\/da\/#website\",\"url\":\"https:\/\/zamphelmets.co\/da\/\",\"name\":\"Zamp Helmets | Helmet 28 EU\",\"description\":\"High Quality Motorsport Helmets\",\"potentialAction\":[{\"@type\":\"SearchAction\",\"target\":{\"@type\":\"EntryPoint\",\"urlTemplate\":\"https:\/\/zamphelmets.co\/da\/?s={search_term_string}\"},\"query-input\":{\"@type\":\"PropertyValueSpecification\",\"valueRequired\":true,\"valueName\":\"search_term_string\"}}],\"inLanguage\":\"da-DK\"}]}<\/script>\n<!-- \/ Yoast SEO plugin. -->","yoast_head_json":{"title":"Sparco Rush Kart-handsker Fluo Green\/Black - Zamp Helmets | Helmet 28 EU","description":"Sparco Rush er en gokarthandske p\u00e5 indgangsniveau, som indeholder funktioner fra dyrere alternativer. Fremragende v\u00e6rdi og velegnet til karting p\u00e5 alle niveauer.","robots":{"index":"index","follow":"follow","max-snippet":"max-snippet:-1","max-image-preview":"max-image-preview:large","max-video-preview":"max-video-preview:-1"},"canonical":"https:\/\/zamphelmets.co\/da\/vare\/sparco-rush-kart-handsker-fluo-green-black\/","og_locale":"da_DK","og_type":"article","og_title":"Sparco Rush Kart-handsker Fluo Green\/Black - Zamp Helmets | Helmet 28 EU","og_description":"Sparco Rush er en gokarthandske p\u00e5 indgangsniveau, som indeholder funktioner fra dyrere alternativer. Fremragende v\u00e6rdi og velegnet til karting p\u00e5 alle niveauer.","og_url":"https:\/\/zamphelmets.co\/da\/vare\/sparco-rush-kart-handsker-fluo-green-black\/","og_site_name":"Zamp Helmets | Helmet 28 EU","article_modified_time":"2024-11-06T16:14:23+00:00","og_image":[{"width":869,"height":1000,"url":"https:\/\/zamphelmets.co\/wp-content\/uploads\/2024\/05\/green20black.png","type":"image\/png"}],"twitter_card":"summary_large_image","schema":{"@context":"https:\/\/schema.org","@graph":[{"@type":"WebPage","@id":"https:\/\/zamphelmets.co\/da\/vare\/sparco-rush-kart-handsker-fluo-green-black\/","url":"https:\/\/zamphelmets.co\/da\/vare\/sparco-rush-kart-handsker-fluo-green-black\/","name":"Sparco Rush Kart-handsker Fluo Green\/Black - Zamp Helmets | Helmet 28 EU","isPartOf":{"@id":"https:\/\/zamphelmets.co\/da\/#website"},"primaryImageOfPage":{"@id":"https:\/\/zamphelmets.co\/da\/vare\/sparco-rush-kart-handsker-fluo-green-black\/#primaryimage"},"image":{"@id":"https:\/\/zamphelmets.co\/da\/vare\/sparco-rush-kart-handsker-fluo-green-black\/#primaryimage"},"thumbnailUrl":"https:\/\/zamphelmets.co\/wp-content\/uploads\/2024\/05\/green20black.png","datePublished":"2024-05-31T11:47:11+00:00","dateModified":"2024-11-06T16:14:23+00:00","description":"Sparco Rush er en gokarthandske p\u00e5 indgangsniveau, som indeholder funktioner fra dyrere alternativer. Fremragende v\u00e6rdi og velegnet til karting p\u00e5 alle niveauer.","breadcrumb":{"@id":"https:\/\/zamphelmets.co\/da\/vare\/sparco-rush-kart-handsker-fluo-green-black\/#breadcrumb"},"inLanguage":"da-DK","potentialAction":[{"@type":"ReadAction","target":["https:\/\/zamphelmets.co\/da\/vare\/sparco-rush-kart-handsker-fluo-green-black\/"]}]},{"@type":"ImageObject","inLanguage":"da-DK","@id":"https:\/\/zamphelmets.co\/da\/vare\/sparco-rush-kart-handsker-fluo-green-black\/#primaryimage","url":"https:\/\/zamphelmets.co\/wp-content\/uploads\/2024\/05\/green20black.png","contentUrl":"https:\/\/zamphelmets.co\/wp-content\/uploads\/2024\/05\/green20black.png","width":869,"height":1000},{"@type":"BreadcrumbList","@id":"https:\/\/zamphelmets.co\/da\/vare\/sparco-rush-kart-handsker-fluo-green-black\/#breadcrumb","itemListElement":[{"@type":"ListItem","position":1,"name":"Shop","item":"https:\/\/zamphelmets.co\/da\/shop\/"},{"@type":"ListItem","position":2,"name":"Sparco Rush Kart-handsker Fluo Green\/Black"}]},{"@type":"WebSite","@id":"https:\/\/zamphelmets.co\/da\/#website","url":"https:\/\/zamphelmets.co\/da\/","name":"Zamp Helmets | Helmet 28 EU","description":"High Quality Motorsport Helmets","potentialAction":[{"@type":"SearchAction","target":{"@type":"EntryPoint","urlTemplate":"https:\/\/zamphelmets.co\/da\/?s={search_term_string}"},"query-input":{"@type":"PropertyValueSpecification","valueRequired":true,"valueName":"search_term_string"}}],"inLanguage":"da-DK"}]}},"_links":{"self":[{"href":"https:\/\/zamphelmets.co\/da\/wp-json\/wp\/v2\/product\/25911","targetHints":{"allow":["GET"]}}],"collection":[{"href":"https:\/\/zamphelmets.co\/da\/wp-json\/wp\/v2\/product"}],"about":[{"href":"https:\/\/zamphelmets.co\/da\/wp-json\/wp\/v2\/types\/product"}],"replies":[{"embeddable":true,"href":"https:\/\/zamphelmets.co\/da\/wp-json\/wp\/v2\/comments?post=25911"}],"wp:featuredmedia":[{"embeddable":true,"href":"https:\/\/zamphelmets.co\/da\/wp-json\/wp\/v2\/media\/21835"}],"wp:attachment":[{"href":"https:\/\/zamphelmets.co\/da\/wp-json\/wp\/v2\/media?parent=25911"}],"wp:term":[{"taxonomy":"product_brand","embeddable":true,"href":"https:\/\/zamphelmets.co\/da\/wp-json\/wp\/v2\/product_brand?post=25911"},{"taxonomy":"product_cat","embeddable":true,"href":"https:\/\/zamphelmets.co\/da\/wp-json\/wp\/v2\/product_cat?post=25911"},{"taxonomy":"product_tag","embeddable":true,"href":"https:\/\/zamphelmets.co\/da\/wp-json\/wp\/v2\/product_tag?post=25911"}],"curies":[{"name":"wp","href":"https:\/\/api.w.org\/{rel}","templated":true}]}}