{"id":25515,"date":"2024-05-31T11:45:19","date_gmt":"2024-05-31T11:45:19","guid":{"rendered":"https:\/\/zamphelmets.co\/product\/sparco-k-pole-kart-boots-sort\/"},"modified":"2024-11-06T16:05:03","modified_gmt":"2024-11-06T16:05:03","slug":"sparco-k-pole-kart-boots-sort","status":"publish","type":"product","link":"https:\/\/zamphelmets.co\/da\/vare\/sparco-k-pole-kart-boots-sort\/","title":{"rendered":"Sparco K-Pole Kart Boots Sort"},"content":{"rendered":"<p>Sparco K-Pole kartst\u00f8vler tilbyder b\u00e5de stil og komfort til en god pris. Det midtsk\u00e5rne design har en overdel i perforeret mikrofiberl\u00e6der, som giver luftgennemstr\u00f8mning og holder dine f\u00f8dder k\u00f8ligere og mere komfortable.<\/p>\n<ul>\n<li>Giver et niveau af pasform og komfort, der normalt kun findes i dyrere st\u00f8vler<\/li>\n<li>Perforeret overdel giver mulighed for at \u00e5nde, s\u00e5 f\u00f8dderne holdes k\u00f8ligere og sveden reduceres<\/li>\n<li>Nydesignet h\u00e6l for at reducere tr\u00e6thed og forbedre st\u00f8tten<\/li>\n<li>H\u00f8jteknologisk gummis\u00e5l giver optimalt greb og fornemmelse i pedalerne<\/li>\n<\/ul>\n<p>K-Pole kartst\u00f8vler f\u00e5s i en r\u00e6kke flotte farver og i et moderne design. Ud over de egenskaber, der er n\u00e6vnt ovenfor, har disse st\u00f8vler ogs\u00e5 en h\u00e6lb\u00e6lg, der hj\u00e6lper med at tilpasse dem og forbedrer komforten. Det udvendige sn\u00f8resystem giver en t\u00e6t og sikker pasform.<\/p>\n<p><img decoding=\"async\" class=\"alignnone wp-image-10051 lazyload\" data-src=\"https:\/\/zamphelmets.co\/wp-content\/uploads\/2024\/05\/Screenshot-2024-05-31-at-14.39.05-247x300.png\" alt=\"\" width=\"445\" height=\"540\" data-srcset=\"https:\/\/zamphelmets.co\/wp-content\/uploads\/2024\/05\/Screenshot-2024-05-31-at-14.39.05-247x300.png 247w, https:\/\/zamphelmets.co\/wp-content\/uploads\/2024\/05\/Screenshot-2024-05-31-at-14.39.05-844x1024.png 844w, https:\/\/zamphelmets.co\/wp-content\/uploads\/2024\/05\/Screenshot-2024-05-31-at-14.39.05-768x932.png 768w, https:\/\/zamphelmets.co\/wp-content\/uploads\/2024\/05\/Screenshot-2024-05-31-at-14.39.05-600x728.png 600w, https:\/\/zamphelmets.co\/wp-content\/uploads\/2024\/05\/Screenshot-2024-05-31-at-14.39.05.png 982w\" data-sizes=\"(max-width: 445px) 100vw, 445px\" src=\"data:image\/svg+xml;base64,PHN2ZyB3aWR0aD0iMSIgaGVpZ2h0PSIxIiB4bWxucz0iaHR0cDovL3d3dy53My5vcmcvMjAwMC9zdmciPjwvc3ZnPg==\" style=\"--smush-placeholder-width: 445px; --smush-placeholder-aspect-ratio: 445\/540;\" \/><\/p>\n","protected":false},"excerpt":{"rendered":"<p>Sparco K-Pole kartst\u00f8vler tilbyder b\u00e5de stil og komfort til en god pris. Det midtsk\u00e5rne design har en overdel i perforeret mikrofiberl\u00e6der, som giver luftgennemstr\u00f8mning og holder dine f\u00f8dder k\u00f8ligere og mere komfortable. Giver et niveau af pasform og komfort, der normalt kun findes i dyrere st\u00f8vler Perforeret overdel giver mulighed for at \u00e5nde, s\u00e5 f\u00f8dderne [&hellip;]<\/p>\n","protected":false},"featured_media":21786,"comment_status":"open","ping_status":"closed","template":"","meta":{"_acf_changed":false,"_iconic_wsb_product_page_order_bump_ids":[[]],"_sku":["SKW001269NRNR"],"_iconic_wsb_product_page_bump_modal_ids":[[]]},"product_brand":[],"product_cat":[195,207],"product_tag":[],"class_list":{"0":"post-25515","1":"product","2":"type-product","3":"status-publish","4":"has-post-thumbnail","6":"product_cat-beskyttelse-beklaedning","7":"product_cat-stovler","9":"first","10":"instock","11":"taxable","12":"shipping-taxable","13":"purchasable","14":"product-type-variable"},"acf":[],"yoast_head":"<!-- This site is optimized with the Yoast SEO plugin v27.0 - https:\/\/yoast.com\/product\/yoast-seo-wordpress\/ -->\n<title>Sparco K-Pole Kart Boots Sort - Zamp Helmets | Helmet 28 EU<\/title>\n<meta name=\"description\" content=\"Sparco K-Pole kartst\u00f8vler tilbyder b\u00e5de stil og komfort og holder dine f\u00f8dder k\u00f8ligere og mere komfortable til en god pris.\" \/>\n<meta name=\"robots\" content=\"index, follow, max-snippet:-1, max-image-preview:large, max-video-preview:-1\" \/>\n<link rel=\"canonical\" href=\"https:\/\/zamphelmets.co\/da\/vare\/sparco-k-pole-kart-boots-sort\/\" \/>\n<meta property=\"og:locale\" content=\"da_DK\" \/>\n<meta property=\"og:type\" content=\"article\" \/>\n<meta property=\"og:title\" content=\"Sparco K-Pole Kart Boots Sort - Zamp Helmets | Helmet 28 EU\" \/>\n<meta property=\"og:description\" content=\"Sparco K-Pole kartst\u00f8vler tilbyder b\u00e5de stil og komfort og holder dine f\u00f8dder k\u00f8ligere og mere komfortable til en god pris.\" \/>\n<meta property=\"og:url\" content=\"https:\/\/zamphelmets.co\/da\/vare\/sparco-k-pole-kart-boots-sort\/\" \/>\n<meta property=\"og:site_name\" content=\"Zamp Helmets | Helmet 28 EU\" \/>\n<meta property=\"article:modified_time\" content=\"2024-11-06T16:05:03+00:00\" \/>\n<meta property=\"og:image\" content=\"https:\/\/zamphelmets.co\/wp-content\/uploads\/2024\/05\/black.png\" \/>\n\t<meta property=\"og:image:width\" content=\"869\" \/>\n\t<meta property=\"og:image:height\" content=\"1000\" \/>\n\t<meta property=\"og:image:type\" content=\"image\/png\" \/>\n<meta name=\"twitter:card\" content=\"summary_large_image\" \/>\n<meta name=\"twitter:label1\" content=\"Est. reading time\" \/>\n\t<meta name=\"twitter:data1\" content=\"1 minut\" \/>\n<script type=\"application\/ld+json\" class=\"yoast-schema-graph\">{\"@context\":\"https:\/\/schema.org\",\"@graph\":[{\"@type\":\"WebPage\",\"@id\":\"https:\/\/zamphelmets.co\/da\/vare\/sparco-k-pole-kart-boots-sort\/\",\"url\":\"https:\/\/zamphelmets.co\/da\/vare\/sparco-k-pole-kart-boots-sort\/\",\"name\":\"Sparco K-Pole Kart Boots Sort - Zamp Helmets | Helmet 28 EU\",\"isPartOf\":{\"@id\":\"https:\/\/zamphelmets.co\/da\/#website\"},\"primaryImageOfPage\":{\"@id\":\"https:\/\/zamphelmets.co\/da\/vare\/sparco-k-pole-kart-boots-sort\/#primaryimage\"},\"image\":{\"@id\":\"https:\/\/zamphelmets.co\/da\/vare\/sparco-k-pole-kart-boots-sort\/#primaryimage\"},\"thumbnailUrl\":\"https:\/\/zamphelmets.co\/wp-content\/uploads\/2024\/05\/black.png\",\"datePublished\":\"2024-05-31T11:45:19+00:00\",\"dateModified\":\"2024-11-06T16:05:03+00:00\",\"description\":\"Sparco K-Pole kartst\u00f8vler tilbyder b\u00e5de stil og komfort og holder dine f\u00f8dder k\u00f8ligere og mere komfortable til en god pris.\",\"breadcrumb\":{\"@id\":\"https:\/\/zamphelmets.co\/da\/vare\/sparco-k-pole-kart-boots-sort\/#breadcrumb\"},\"inLanguage\":\"da-DK\",\"potentialAction\":[{\"@type\":\"ReadAction\",\"target\":[\"https:\/\/zamphelmets.co\/da\/vare\/sparco-k-pole-kart-boots-sort\/\"]}]},{\"@type\":\"ImageObject\",\"inLanguage\":\"da-DK\",\"@id\":\"https:\/\/zamphelmets.co\/da\/vare\/sparco-k-pole-kart-boots-sort\/#primaryimage\",\"url\":\"https:\/\/zamphelmets.co\/wp-content\/uploads\/2024\/05\/black.png\",\"contentUrl\":\"https:\/\/zamphelmets.co\/wp-content\/uploads\/2024\/05\/black.png\",\"width\":869,\"height\":1000},{\"@type\":\"BreadcrumbList\",\"@id\":\"https:\/\/zamphelmets.co\/da\/vare\/sparco-k-pole-kart-boots-sort\/#breadcrumb\",\"itemListElement\":[{\"@type\":\"ListItem\",\"position\":1,\"name\":\"Shop\",\"item\":\"https:\/\/zamphelmets.co\/da\/shop\/\"},{\"@type\":\"ListItem\",\"position\":2,\"name\":\"Sparco K-Pole Kart Boots Sort\"}]},{\"@type\":\"WebSite\",\"@id\":\"https:\/\/zamphelmets.co\/da\/#website\",\"url\":\"https:\/\/zamphelmets.co\/da\/\",\"name\":\"Zamp Helmets | Helmet 28 EU\",\"description\":\"High Quality Motorsport Helmets\",\"potentialAction\":[{\"@type\":\"SearchAction\",\"target\":{\"@type\":\"EntryPoint\",\"urlTemplate\":\"https:\/\/zamphelmets.co\/da\/?s={search_term_string}\"},\"query-input\":{\"@type\":\"PropertyValueSpecification\",\"valueRequired\":true,\"valueName\":\"search_term_string\"}}],\"inLanguage\":\"da-DK\"}]}<\/script>\n<!-- \/ Yoast SEO plugin. -->","yoast_head_json":{"title":"Sparco K-Pole Kart Boots Sort - Zamp Helmets | Helmet 28 EU","description":"Sparco K-Pole kartst\u00f8vler tilbyder b\u00e5de stil og komfort og holder dine f\u00f8dder k\u00f8ligere og mere komfortable til en god pris.","robots":{"index":"index","follow":"follow","max-snippet":"max-snippet:-1","max-image-preview":"max-image-preview:large","max-video-preview":"max-video-preview:-1"},"canonical":"https:\/\/zamphelmets.co\/da\/vare\/sparco-k-pole-kart-boots-sort\/","og_locale":"da_DK","og_type":"article","og_title":"Sparco K-Pole Kart Boots Sort - Zamp Helmets | Helmet 28 EU","og_description":"Sparco K-Pole kartst\u00f8vler tilbyder b\u00e5de stil og komfort og holder dine f\u00f8dder k\u00f8ligere og mere komfortable til en god pris.","og_url":"https:\/\/zamphelmets.co\/da\/vare\/sparco-k-pole-kart-boots-sort\/","og_site_name":"Zamp Helmets | Helmet 28 EU","article_modified_time":"2024-11-06T16:05:03+00:00","og_image":[{"width":869,"height":1000,"url":"https:\/\/zamphelmets.co\/wp-content\/uploads\/2024\/05\/black.png","type":"image\/png"}],"twitter_card":"summary_large_image","twitter_misc":{"Est. reading time":"1 minut"},"schema":{"@context":"https:\/\/schema.org","@graph":[{"@type":"WebPage","@id":"https:\/\/zamphelmets.co\/da\/vare\/sparco-k-pole-kart-boots-sort\/","url":"https:\/\/zamphelmets.co\/da\/vare\/sparco-k-pole-kart-boots-sort\/","name":"Sparco K-Pole Kart Boots Sort - Zamp Helmets | Helmet 28 EU","isPartOf":{"@id":"https:\/\/zamphelmets.co\/da\/#website"},"primaryImageOfPage":{"@id":"https:\/\/zamphelmets.co\/da\/vare\/sparco-k-pole-kart-boots-sort\/#primaryimage"},"image":{"@id":"https:\/\/zamphelmets.co\/da\/vare\/sparco-k-pole-kart-boots-sort\/#primaryimage"},"thumbnailUrl":"https:\/\/zamphelmets.co\/wp-content\/uploads\/2024\/05\/black.png","datePublished":"2024-05-31T11:45:19+00:00","dateModified":"2024-11-06T16:05:03+00:00","description":"Sparco K-Pole kartst\u00f8vler tilbyder b\u00e5de stil og komfort og holder dine f\u00f8dder k\u00f8ligere og mere komfortable til en god pris.","breadcrumb":{"@id":"https:\/\/zamphelmets.co\/da\/vare\/sparco-k-pole-kart-boots-sort\/#breadcrumb"},"inLanguage":"da-DK","potentialAction":[{"@type":"ReadAction","target":["https:\/\/zamphelmets.co\/da\/vare\/sparco-k-pole-kart-boots-sort\/"]}]},{"@type":"ImageObject","inLanguage":"da-DK","@id":"https:\/\/zamphelmets.co\/da\/vare\/sparco-k-pole-kart-boots-sort\/#primaryimage","url":"https:\/\/zamphelmets.co\/wp-content\/uploads\/2024\/05\/black.png","contentUrl":"https:\/\/zamphelmets.co\/wp-content\/uploads\/2024\/05\/black.png","width":869,"height":1000},{"@type":"BreadcrumbList","@id":"https:\/\/zamphelmets.co\/da\/vare\/sparco-k-pole-kart-boots-sort\/#breadcrumb","itemListElement":[{"@type":"ListItem","position":1,"name":"Shop","item":"https:\/\/zamphelmets.co\/da\/shop\/"},{"@type":"ListItem","position":2,"name":"Sparco K-Pole Kart Boots Sort"}]},{"@type":"WebSite","@id":"https:\/\/zamphelmets.co\/da\/#website","url":"https:\/\/zamphelmets.co\/da\/","name":"Zamp Helmets | Helmet 28 EU","description":"High Quality Motorsport Helmets","potentialAction":[{"@type":"SearchAction","target":{"@type":"EntryPoint","urlTemplate":"https:\/\/zamphelmets.co\/da\/?s={search_term_string}"},"query-input":{"@type":"PropertyValueSpecification","valueRequired":true,"valueName":"search_term_string"}}],"inLanguage":"da-DK"}]}},"_links":{"self":[{"href":"https:\/\/zamphelmets.co\/da\/wp-json\/wp\/v2\/product\/25515","targetHints":{"allow":["GET"]}}],"collection":[{"href":"https:\/\/zamphelmets.co\/da\/wp-json\/wp\/v2\/product"}],"about":[{"href":"https:\/\/zamphelmets.co\/da\/wp-json\/wp\/v2\/types\/product"}],"replies":[{"embeddable":true,"href":"https:\/\/zamphelmets.co\/da\/wp-json\/wp\/v2\/comments?post=25515"}],"wp:featuredmedia":[{"embeddable":true,"href":"https:\/\/zamphelmets.co\/da\/wp-json\/wp\/v2\/media\/21786"}],"wp:attachment":[{"href":"https:\/\/zamphelmets.co\/da\/wp-json\/wp\/v2\/media?parent=25515"}],"wp:term":[{"taxonomy":"product_brand","embeddable":true,"href":"https:\/\/zamphelmets.co\/da\/wp-json\/wp\/v2\/product_brand?post=25515"},{"taxonomy":"product_cat","embeddable":true,"href":"https:\/\/zamphelmets.co\/da\/wp-json\/wp\/v2\/product_cat?post=25515"},{"taxonomy":"product_tag","embeddable":true,"href":"https:\/\/zamphelmets.co\/da\/wp-json\/wp\/v2\/product_tag?post=25515"}],"curies":[{"name":"wp","href":"https:\/\/api.w.org\/{rel}","templated":true}]}}