{"id":25324,"date":"2024-05-31T11:44:40","date_gmt":"2024-05-31T11:44:40","guid":{"rendered":"https:\/\/zamphelmets.co\/product\/sparco-thunder-kart-dragt-roed-sort\/"},"modified":"2024-11-06T16:02:14","modified_gmt":"2024-11-06T16:02:14","slug":"sparco-thunder-kart-dragt-roed-sort","status":"publish","type":"product","link":"https:\/\/zamphelmets.co\/da\/vare\/sparco-thunder-kart-dragt-roed-sort\/","title":{"rendered":"Sparco Thunder Kart-dragt r\u00f8d\/sort"},"content":{"rendered":"<p>Sparco Thunder er en gokartdragt p\u00e5 indgangsniveau med funktioner, der normalt kun findes p\u00e5 dyrere alternativer. Det giver fremragende v\u00e6rdi for pengene og er ideelt for alle, der begynder at k\u00f8re gokart.<\/p>\n<ul>\n<li>Perforerede stretchpaneler giver luftgennemstr\u00f8mning og hj\u00e6lper med at regulere kropstemperaturen<\/li>\n<li>Forb\u00f8jede arme reducerer materialeophobning i k\u00f8restillingen<\/li>\n<li>Semi-flydende \u00e6rmer giver bev\u00e6gelsesfrihed<\/li>\n<\/ul>\n<p>Thunder-kartdragten tilbyder ydeevne og komfort til en overkommelig pris. 2-lagskonstruktionen har et stort stretchpanel i den nederste del af ryggen for at give maksimal mobilitet, n\u00e5r man sidder i gokarten. Perforerede stretchpaneler i armhulerne og p\u00e5 indersiden af benene giver \u00e5ndbarhed, s\u00e5 du kan holde dig k\u00f8ligere og mere komfortabel. Skjulte lommer og et traditionelt taljeb\u00e6lte er med til at fuldende udseendet p\u00e5 denne stilfulde gokartdragt.<\/p>\n<p>CIK FIA Level 2 godkendt<\/p>\n<p><img decoding=\"async\" class=\"alignnone wp-image-10046 lazyload\" data-src=\"https:\/\/zamphelmets.co\/wp-content\/uploads\/2024\/05\/sparco-racekartwear-kartsuits-nov23-176x300.webp\" alt=\"\" width=\"394\" height=\"672\" data-srcset=\"https:\/\/zamphelmets.co\/wp-content\/uploads\/2024\/05\/sparco-racekartwear-kartsuits-nov23-176x300.webp 176w, https:\/\/zamphelmets.co\/wp-content\/uploads\/2024\/05\/sparco-racekartwear-kartsuits-nov23-600x1025.webp 600w, https:\/\/zamphelmets.co\/wp-content\/uploads\/2024\/05\/sparco-racekartwear-kartsuits-nov23-768x1311.webp 768w, https:\/\/zamphelmets.co\/wp-content\/uploads\/2024\/05\/sparco-racekartwear-kartsuits-nov23-899x1536.webp 899w, https:\/\/zamphelmets.co\/wp-content\/uploads\/2024\/05\/sparco-racekartwear-kartsuits-nov23-1199x2048.webp 1199w, https:\/\/zamphelmets.co\/wp-content\/uploads\/2024\/05\/sparco-racekartwear-kartsuits-nov23-scaled.webp 1499w\" data-sizes=\"(max-width: 394px) 100vw, 394px\" src=\"data:image\/svg+xml;base64,PHN2ZyB3aWR0aD0iMSIgaGVpZ2h0PSIxIiB4bWxucz0iaHR0cDovL3d3dy53My5vcmcvMjAwMC9zdmciPjwvc3ZnPg==\" style=\"--smush-placeholder-width: 394px; --smush-placeholder-aspect-ratio: 394\/672;\" \/><\/p>\n","protected":false},"excerpt":{"rendered":"<p>Sparco Thunder er en gokartdragt p\u00e5 indgangsniveau med funktioner, der normalt kun findes p\u00e5 dyrere alternativer. Det giver fremragende v\u00e6rdi for pengene og er ideelt for alle, der begynder at k\u00f8re gokart. Perforerede stretchpaneler giver luftgennemstr\u00f8mning og hj\u00e6lper med at regulere kropstemperaturen Forb\u00f8jede arme reducerer materialeophobning i k\u00f8restillingen Semi-flydende \u00e6rmer giver bev\u00e6gelsesfrihed Thunder-kartdragten tilbyder ydeevne [&hellip;]<\/p>\n","protected":false},"featured_media":21765,"comment_status":"open","ping_status":"closed","template":"","meta":{"_acf_changed":false,"_iconic_wsb_product_page_order_bump_ids":[[]],"_sku":["SKW002342BRSNR"],"_iconic_wsb_product_page_bump_modal_ids":[[]]},"product_brand":[],"product_cat":[195,329],"product_tag":[],"class_list":{"0":"post-25324","1":"product","2":"type-product","3":"status-publish","4":"has-post-thumbnail","6":"product_cat-beskyttelse-beklaedning","7":"product_cat-jakkesaet","9":"first","10":"outofstock","11":"taxable","12":"shipping-taxable","13":"purchasable","14":"product-type-variable"},"acf":[],"yoast_head":"<!-- This site is optimized with the Yoast SEO plugin v27.0 - https:\/\/yoast.com\/product\/yoast-seo-wordpress\/ -->\n<title>Sparco Thunder Kart-dragt r\u00f8d\/sort - Zamp Helmets | Helmet 28 EU<\/title>\n<meta name=\"description\" content=\"Sparco Thunder er en gokartdragt p\u00e5 indgangsniveau, som giver fremragende v\u00e6rdi for pengene og er ideel til alle, der begynder at k\u00f8re gokart.\" \/>\n<meta name=\"robots\" content=\"index, follow, max-snippet:-1, max-image-preview:large, max-video-preview:-1\" \/>\n<link rel=\"canonical\" href=\"https:\/\/zamphelmets.co\/da\/vare\/sparco-thunder-kart-dragt-roed-sort\/\" \/>\n<meta property=\"og:locale\" content=\"da_DK\" \/>\n<meta property=\"og:type\" content=\"article\" \/>\n<meta property=\"og:title\" content=\"Sparco Thunder Kart-dragt r\u00f8d\/sort - Zamp Helmets | Helmet 28 EU\" \/>\n<meta property=\"og:description\" content=\"Sparco Thunder er en gokartdragt p\u00e5 indgangsniveau, som giver fremragende v\u00e6rdi for pengene og er ideel til alle, der begynder at k\u00f8re gokart.\" \/>\n<meta property=\"og:url\" content=\"https:\/\/zamphelmets.co\/da\/vare\/sparco-thunder-kart-dragt-roed-sort\/\" \/>\n<meta property=\"og:site_name\" content=\"Zamp Helmets | Helmet 28 EU\" \/>\n<meta property=\"article:modified_time\" content=\"2024-11-06T16:02:14+00:00\" \/>\n<meta property=\"og:image\" content=\"https:\/\/zamphelmets.co\/wp-content\/uploads\/2024\/05\/red.png\" \/>\n\t<meta property=\"og:image:width\" content=\"1000\" \/>\n\t<meta property=\"og:image:height\" content=\"997\" \/>\n\t<meta property=\"og:image:type\" content=\"image\/png\" \/>\n<meta name=\"twitter:card\" content=\"summary_large_image\" \/>\n<meta name=\"twitter:label1\" content=\"Est. reading time\" \/>\n\t<meta name=\"twitter:data1\" content=\"1 minut\" \/>\n<script type=\"application\/ld+json\" class=\"yoast-schema-graph\">{\"@context\":\"https:\/\/schema.org\",\"@graph\":[{\"@type\":\"WebPage\",\"@id\":\"https:\/\/zamphelmets.co\/da\/vare\/sparco-thunder-kart-dragt-roed-sort\/\",\"url\":\"https:\/\/zamphelmets.co\/da\/vare\/sparco-thunder-kart-dragt-roed-sort\/\",\"name\":\"Sparco Thunder Kart-dragt r\u00f8d\/sort - Zamp Helmets | Helmet 28 EU\",\"isPartOf\":{\"@id\":\"https:\/\/zamphelmets.co\/da\/#website\"},\"primaryImageOfPage\":{\"@id\":\"https:\/\/zamphelmets.co\/da\/vare\/sparco-thunder-kart-dragt-roed-sort\/#primaryimage\"},\"image\":{\"@id\":\"https:\/\/zamphelmets.co\/da\/vare\/sparco-thunder-kart-dragt-roed-sort\/#primaryimage\"},\"thumbnailUrl\":\"https:\/\/zamphelmets.co\/wp-content\/uploads\/2024\/05\/red.png\",\"datePublished\":\"2024-05-31T11:44:40+00:00\",\"dateModified\":\"2024-11-06T16:02:14+00:00\",\"description\":\"Sparco Thunder er en gokartdragt p\u00e5 indgangsniveau, som giver fremragende v\u00e6rdi for pengene og er ideel til alle, der begynder at k\u00f8re gokart.\",\"breadcrumb\":{\"@id\":\"https:\/\/zamphelmets.co\/da\/vare\/sparco-thunder-kart-dragt-roed-sort\/#breadcrumb\"},\"inLanguage\":\"da-DK\",\"potentialAction\":[{\"@type\":\"ReadAction\",\"target\":[\"https:\/\/zamphelmets.co\/da\/vare\/sparco-thunder-kart-dragt-roed-sort\/\"]}]},{\"@type\":\"ImageObject\",\"inLanguage\":\"da-DK\",\"@id\":\"https:\/\/zamphelmets.co\/da\/vare\/sparco-thunder-kart-dragt-roed-sort\/#primaryimage\",\"url\":\"https:\/\/zamphelmets.co\/wp-content\/uploads\/2024\/05\/red.png\",\"contentUrl\":\"https:\/\/zamphelmets.co\/wp-content\/uploads\/2024\/05\/red.png\",\"width\":1000,\"height\":997},{\"@type\":\"BreadcrumbList\",\"@id\":\"https:\/\/zamphelmets.co\/da\/vare\/sparco-thunder-kart-dragt-roed-sort\/#breadcrumb\",\"itemListElement\":[{\"@type\":\"ListItem\",\"position\":1,\"name\":\"Shop\",\"item\":\"https:\/\/zamphelmets.co\/da\/shop\/\"},{\"@type\":\"ListItem\",\"position\":2,\"name\":\"Sparco Thunder Kart-dragt r\u00f8d\/sort\"}]},{\"@type\":\"WebSite\",\"@id\":\"https:\/\/zamphelmets.co\/da\/#website\",\"url\":\"https:\/\/zamphelmets.co\/da\/\",\"name\":\"Zamp Helmets | Helmet 28 EU\",\"description\":\"High Quality Motorsport Helmets\",\"potentialAction\":[{\"@type\":\"SearchAction\",\"target\":{\"@type\":\"EntryPoint\",\"urlTemplate\":\"https:\/\/zamphelmets.co\/da\/?s={search_term_string}\"},\"query-input\":{\"@type\":\"PropertyValueSpecification\",\"valueRequired\":true,\"valueName\":\"search_term_string\"}}],\"inLanguage\":\"da-DK\"}]}<\/script>\n<!-- \/ Yoast SEO plugin. -->","yoast_head_json":{"title":"Sparco Thunder Kart-dragt r\u00f8d\/sort - Zamp Helmets | Helmet 28 EU","description":"Sparco Thunder er en gokartdragt p\u00e5 indgangsniveau, som giver fremragende v\u00e6rdi for pengene og er ideel til alle, der begynder at k\u00f8re gokart.","robots":{"index":"index","follow":"follow","max-snippet":"max-snippet:-1","max-image-preview":"max-image-preview:large","max-video-preview":"max-video-preview:-1"},"canonical":"https:\/\/zamphelmets.co\/da\/vare\/sparco-thunder-kart-dragt-roed-sort\/","og_locale":"da_DK","og_type":"article","og_title":"Sparco Thunder Kart-dragt r\u00f8d\/sort - Zamp Helmets | Helmet 28 EU","og_description":"Sparco Thunder er en gokartdragt p\u00e5 indgangsniveau, som giver fremragende v\u00e6rdi for pengene og er ideel til alle, der begynder at k\u00f8re gokart.","og_url":"https:\/\/zamphelmets.co\/da\/vare\/sparco-thunder-kart-dragt-roed-sort\/","og_site_name":"Zamp Helmets | Helmet 28 EU","article_modified_time":"2024-11-06T16:02:14+00:00","og_image":[{"width":1000,"height":997,"url":"https:\/\/zamphelmets.co\/wp-content\/uploads\/2024\/05\/red.png","type":"image\/png"}],"twitter_card":"summary_large_image","twitter_misc":{"Est. reading time":"1 minut"},"schema":{"@context":"https:\/\/schema.org","@graph":[{"@type":"WebPage","@id":"https:\/\/zamphelmets.co\/da\/vare\/sparco-thunder-kart-dragt-roed-sort\/","url":"https:\/\/zamphelmets.co\/da\/vare\/sparco-thunder-kart-dragt-roed-sort\/","name":"Sparco Thunder Kart-dragt r\u00f8d\/sort - Zamp Helmets | Helmet 28 EU","isPartOf":{"@id":"https:\/\/zamphelmets.co\/da\/#website"},"primaryImageOfPage":{"@id":"https:\/\/zamphelmets.co\/da\/vare\/sparco-thunder-kart-dragt-roed-sort\/#primaryimage"},"image":{"@id":"https:\/\/zamphelmets.co\/da\/vare\/sparco-thunder-kart-dragt-roed-sort\/#primaryimage"},"thumbnailUrl":"https:\/\/zamphelmets.co\/wp-content\/uploads\/2024\/05\/red.png","datePublished":"2024-05-31T11:44:40+00:00","dateModified":"2024-11-06T16:02:14+00:00","description":"Sparco Thunder er en gokartdragt p\u00e5 indgangsniveau, som giver fremragende v\u00e6rdi for pengene og er ideel til alle, der begynder at k\u00f8re gokart.","breadcrumb":{"@id":"https:\/\/zamphelmets.co\/da\/vare\/sparco-thunder-kart-dragt-roed-sort\/#breadcrumb"},"inLanguage":"da-DK","potentialAction":[{"@type":"ReadAction","target":["https:\/\/zamphelmets.co\/da\/vare\/sparco-thunder-kart-dragt-roed-sort\/"]}]},{"@type":"ImageObject","inLanguage":"da-DK","@id":"https:\/\/zamphelmets.co\/da\/vare\/sparco-thunder-kart-dragt-roed-sort\/#primaryimage","url":"https:\/\/zamphelmets.co\/wp-content\/uploads\/2024\/05\/red.png","contentUrl":"https:\/\/zamphelmets.co\/wp-content\/uploads\/2024\/05\/red.png","width":1000,"height":997},{"@type":"BreadcrumbList","@id":"https:\/\/zamphelmets.co\/da\/vare\/sparco-thunder-kart-dragt-roed-sort\/#breadcrumb","itemListElement":[{"@type":"ListItem","position":1,"name":"Shop","item":"https:\/\/zamphelmets.co\/da\/shop\/"},{"@type":"ListItem","position":2,"name":"Sparco Thunder Kart-dragt r\u00f8d\/sort"}]},{"@type":"WebSite","@id":"https:\/\/zamphelmets.co\/da\/#website","url":"https:\/\/zamphelmets.co\/da\/","name":"Zamp Helmets | Helmet 28 EU","description":"High Quality Motorsport Helmets","potentialAction":[{"@type":"SearchAction","target":{"@type":"EntryPoint","urlTemplate":"https:\/\/zamphelmets.co\/da\/?s={search_term_string}"},"query-input":{"@type":"PropertyValueSpecification","valueRequired":true,"valueName":"search_term_string"}}],"inLanguage":"da-DK"}]}},"_links":{"self":[{"href":"https:\/\/zamphelmets.co\/da\/wp-json\/wp\/v2\/product\/25324","targetHints":{"allow":["GET"]}}],"collection":[{"href":"https:\/\/zamphelmets.co\/da\/wp-json\/wp\/v2\/product"}],"about":[{"href":"https:\/\/zamphelmets.co\/da\/wp-json\/wp\/v2\/types\/product"}],"replies":[{"embeddable":true,"href":"https:\/\/zamphelmets.co\/da\/wp-json\/wp\/v2\/comments?post=25324"}],"wp:featuredmedia":[{"embeddable":true,"href":"https:\/\/zamphelmets.co\/da\/wp-json\/wp\/v2\/media\/21765"}],"wp:attachment":[{"href":"https:\/\/zamphelmets.co\/da\/wp-json\/wp\/v2\/media?parent=25324"}],"wp:term":[{"taxonomy":"product_brand","embeddable":true,"href":"https:\/\/zamphelmets.co\/da\/wp-json\/wp\/v2\/product_brand?post=25324"},{"taxonomy":"product_cat","embeddable":true,"href":"https:\/\/zamphelmets.co\/da\/wp-json\/wp\/v2\/product_cat?post=25324"},{"taxonomy":"product_tag","embeddable":true,"href":"https:\/\/zamphelmets.co\/da\/wp-json\/wp\/v2\/product_tag?post=25324"}],"curies":[{"name":"wp","href":"https:\/\/api.w.org\/{rel}","templated":true}]}}