{"id":25086,"date":"2023-12-05T11:51:10","date_gmt":"2023-12-05T11:51:10","guid":{"rendered":"https:\/\/zamphelmets.co\/product\/zr-72-klar-bagspoiler\/"},"modified":"2023-12-05T11:51:10","modified_gmt":"2023-12-05T11:51:10","slug":"zr-72-klar-bagspoiler","status":"publish","type":"product","link":"https:\/\/zamphelmets.co\/da\/vare\/zr-72-klar-bagspoiler\/","title":{"rendered":"ZR 72 klar bagspoiler"},"content":{"rendered":"<p>Den stilfulde og str\u00f8mlinede ZR 72-bagspoiler passer til <a href=\"https:\/\/zamphelmets.co\/?s=zr+72&amp;post_type=product\">ZR 72-hjelmserien<\/a> for at skabe en endnu mere aerodynamisk k\u00f8reoplevelse og give en mere stabil hjelm ved h\u00f8je hastigheder.<\/p>\n<p>ZR 72 Rear Spoiler leveres med en ekstra st\u00e6rk dobbeltkl\u00e6bende tape for at sikre, at spoileren kan monteres sikkert p\u00e5 hjelmen.<\/p>\n","protected":false},"excerpt":{"rendered":"<p>Den stilfulde og str\u00f8mlinede ZR 72-bagspoiler passer til ZR 72-hjelmserien for at skabe en endnu mere aerodynamisk k\u00f8reoplevelse og give en mere stabil hjelm ved h\u00f8je hastigheder. ZR 72 Rear Spoiler leveres med en ekstra st\u00e6rk dobbeltkl\u00e6bende tape for at sikre, at spoileren kan monteres sikkert p\u00e5 hjelmen.<\/p>\n","protected":false},"featured_media":19630,"comment_status":"open","ping_status":"closed","template":"","meta":{"_acf_changed":false,"_iconic_wsb_product_page_order_bump_ids":[[]],"_sku":["HSZ301CL"],"_iconic_wsb_product_page_bump_modal_ids":[[]]},"product_brand":[],"product_cat":[156,157,155],"product_tag":[],"class_list":{"0":"post-25086","1":"product","2":"type-product","3":"status-publish","4":"has-post-thumbnail","6":"product_cat-tilbehor","7":"product_cat-tilbehor-til-hjelme","8":"product_cat-zamp-da","10":"first","11":"onbackorder","12":"taxable","13":"shipping-taxable","14":"purchasable","15":"product-type-simple"},"acf":[],"yoast_head":"<!-- This site is optimized with the Yoast SEO plugin v27.0 - https:\/\/yoast.com\/product\/yoast-seo-wordpress\/ -->\n<title>ZR 72 klar bagspoiler - Zamp Helmets | Helmet 28 EU<\/title>\n<meta name=\"description\" content=\"Den stilfulde og str\u00f8mlinede ZR 72-bagspoiler passer til ZR 72-hjelmserien for at skabe en endnu mere aerodynamisk k\u00f8reoplevelse.\" \/>\n<meta name=\"robots\" content=\"index, follow, max-snippet:-1, max-image-preview:large, max-video-preview:-1\" \/>\n<link rel=\"canonical\" href=\"https:\/\/zamphelmets.co\/da\/vare\/zr-72-klar-bagspoiler\/\" \/>\n<meta property=\"og:locale\" content=\"da_DK\" \/>\n<meta property=\"og:type\" content=\"article\" \/>\n<meta property=\"og:title\" content=\"ZR 72 klar bagspoiler - Zamp Helmets | Helmet 28 EU\" \/>\n<meta property=\"og:description\" content=\"Den stilfulde og str\u00f8mlinede ZR 72-bagspoiler passer til ZR 72-hjelmserien for at skabe en endnu mere aerodynamisk k\u00f8reoplevelse.\" \/>\n<meta property=\"og:url\" content=\"https:\/\/zamphelmets.co\/da\/vare\/zr-72-klar-bagspoiler\/\" \/>\n<meta property=\"og:site_name\" content=\"Zamp Helmets | Helmet 28 EU\" \/>\n<meta property=\"og:image\" content=\"https:\/\/zamphelmets.co\/wp-content\/uploads\/2023\/12\/HSZ301CL.jpeg\" \/>\n\t<meta property=\"og:image:width\" content=\"1000\" \/>\n\t<meta property=\"og:image:height\" content=\"1000\" \/>\n\t<meta property=\"og:image:type\" content=\"image\/jpeg\" \/>\n<meta name=\"twitter:card\" content=\"summary_large_image\" \/>\n<script type=\"application\/ld+json\" class=\"yoast-schema-graph\">{\"@context\":\"https:\/\/schema.org\",\"@graph\":[{\"@type\":\"WebPage\",\"@id\":\"https:\/\/zamphelmets.co\/da\/vare\/zr-72-klar-bagspoiler\/\",\"url\":\"https:\/\/zamphelmets.co\/da\/vare\/zr-72-klar-bagspoiler\/\",\"name\":\"ZR 72 klar bagspoiler - Zamp Helmets | Helmet 28 EU\",\"isPartOf\":{\"@id\":\"https:\/\/zamphelmets.co\/da\/#website\"},\"primaryImageOfPage\":{\"@id\":\"https:\/\/zamphelmets.co\/da\/vare\/zr-72-klar-bagspoiler\/#primaryimage\"},\"image\":{\"@id\":\"https:\/\/zamphelmets.co\/da\/vare\/zr-72-klar-bagspoiler\/#primaryimage\"},\"thumbnailUrl\":\"https:\/\/zamphelmets.co\/wp-content\/uploads\/2023\/12\/HSZ301CL.jpeg\",\"datePublished\":\"2023-12-05T11:51:10+00:00\",\"description\":\"Den stilfulde og str\u00f8mlinede ZR 72-bagspoiler passer til ZR 72-hjelmserien for at skabe en endnu mere aerodynamisk k\u00f8reoplevelse.\",\"breadcrumb\":{\"@id\":\"https:\/\/zamphelmets.co\/da\/vare\/zr-72-klar-bagspoiler\/#breadcrumb\"},\"inLanguage\":\"da-DK\",\"potentialAction\":[{\"@type\":\"ReadAction\",\"target\":[\"https:\/\/zamphelmets.co\/da\/vare\/zr-72-klar-bagspoiler\/\"]}]},{\"@type\":\"ImageObject\",\"inLanguage\":\"da-DK\",\"@id\":\"https:\/\/zamphelmets.co\/da\/vare\/zr-72-klar-bagspoiler\/#primaryimage\",\"url\":\"https:\/\/zamphelmets.co\/wp-content\/uploads\/2023\/12\/HSZ301CL.jpeg\",\"contentUrl\":\"https:\/\/zamphelmets.co\/wp-content\/uploads\/2023\/12\/HSZ301CL.jpeg\",\"width\":1000,\"height\":1000},{\"@type\":\"BreadcrumbList\",\"@id\":\"https:\/\/zamphelmets.co\/da\/vare\/zr-72-klar-bagspoiler\/#breadcrumb\",\"itemListElement\":[{\"@type\":\"ListItem\",\"position\":1,\"name\":\"Shop\",\"item\":\"https:\/\/zamphelmets.co\/da\/shop\/\"},{\"@type\":\"ListItem\",\"position\":2,\"name\":\"ZR 72 klar bagspoiler\"}]},{\"@type\":\"WebSite\",\"@id\":\"https:\/\/zamphelmets.co\/da\/#website\",\"url\":\"https:\/\/zamphelmets.co\/da\/\",\"name\":\"Zamp Helmets | Helmet 28 EU\",\"description\":\"High Quality Motorsport Helmets\",\"potentialAction\":[{\"@type\":\"SearchAction\",\"target\":{\"@type\":\"EntryPoint\",\"urlTemplate\":\"https:\/\/zamphelmets.co\/da\/?s={search_term_string}\"},\"query-input\":{\"@type\":\"PropertyValueSpecification\",\"valueRequired\":true,\"valueName\":\"search_term_string\"}}],\"inLanguage\":\"da-DK\"}]}<\/script>\n<!-- \/ Yoast SEO plugin. -->","yoast_head_json":{"title":"ZR 72 klar bagspoiler - Zamp Helmets | Helmet 28 EU","description":"Den stilfulde og str\u00f8mlinede ZR 72-bagspoiler passer til ZR 72-hjelmserien for at skabe en endnu mere aerodynamisk k\u00f8reoplevelse.","robots":{"index":"index","follow":"follow","max-snippet":"max-snippet:-1","max-image-preview":"max-image-preview:large","max-video-preview":"max-video-preview:-1"},"canonical":"https:\/\/zamphelmets.co\/da\/vare\/zr-72-klar-bagspoiler\/","og_locale":"da_DK","og_type":"article","og_title":"ZR 72 klar bagspoiler - Zamp Helmets | Helmet 28 EU","og_description":"Den stilfulde og str\u00f8mlinede ZR 72-bagspoiler passer til ZR 72-hjelmserien for at skabe en endnu mere aerodynamisk k\u00f8reoplevelse.","og_url":"https:\/\/zamphelmets.co\/da\/vare\/zr-72-klar-bagspoiler\/","og_site_name":"Zamp Helmets | Helmet 28 EU","og_image":[{"width":1000,"height":1000,"url":"https:\/\/zamphelmets.co\/wp-content\/uploads\/2023\/12\/HSZ301CL.jpeg","type":"image\/jpeg"}],"twitter_card":"summary_large_image","schema":{"@context":"https:\/\/schema.org","@graph":[{"@type":"WebPage","@id":"https:\/\/zamphelmets.co\/da\/vare\/zr-72-klar-bagspoiler\/","url":"https:\/\/zamphelmets.co\/da\/vare\/zr-72-klar-bagspoiler\/","name":"ZR 72 klar bagspoiler - Zamp Helmets | Helmet 28 EU","isPartOf":{"@id":"https:\/\/zamphelmets.co\/da\/#website"},"primaryImageOfPage":{"@id":"https:\/\/zamphelmets.co\/da\/vare\/zr-72-klar-bagspoiler\/#primaryimage"},"image":{"@id":"https:\/\/zamphelmets.co\/da\/vare\/zr-72-klar-bagspoiler\/#primaryimage"},"thumbnailUrl":"https:\/\/zamphelmets.co\/wp-content\/uploads\/2023\/12\/HSZ301CL.jpeg","datePublished":"2023-12-05T11:51:10+00:00","description":"Den stilfulde og str\u00f8mlinede ZR 72-bagspoiler passer til ZR 72-hjelmserien for at skabe en endnu mere aerodynamisk k\u00f8reoplevelse.","breadcrumb":{"@id":"https:\/\/zamphelmets.co\/da\/vare\/zr-72-klar-bagspoiler\/#breadcrumb"},"inLanguage":"da-DK","potentialAction":[{"@type":"ReadAction","target":["https:\/\/zamphelmets.co\/da\/vare\/zr-72-klar-bagspoiler\/"]}]},{"@type":"ImageObject","inLanguage":"da-DK","@id":"https:\/\/zamphelmets.co\/da\/vare\/zr-72-klar-bagspoiler\/#primaryimage","url":"https:\/\/zamphelmets.co\/wp-content\/uploads\/2023\/12\/HSZ301CL.jpeg","contentUrl":"https:\/\/zamphelmets.co\/wp-content\/uploads\/2023\/12\/HSZ301CL.jpeg","width":1000,"height":1000},{"@type":"BreadcrumbList","@id":"https:\/\/zamphelmets.co\/da\/vare\/zr-72-klar-bagspoiler\/#breadcrumb","itemListElement":[{"@type":"ListItem","position":1,"name":"Shop","item":"https:\/\/zamphelmets.co\/da\/shop\/"},{"@type":"ListItem","position":2,"name":"ZR 72 klar bagspoiler"}]},{"@type":"WebSite","@id":"https:\/\/zamphelmets.co\/da\/#website","url":"https:\/\/zamphelmets.co\/da\/","name":"Zamp Helmets | Helmet 28 EU","description":"High Quality Motorsport Helmets","potentialAction":[{"@type":"SearchAction","target":{"@type":"EntryPoint","urlTemplate":"https:\/\/zamphelmets.co\/da\/?s={search_term_string}"},"query-input":{"@type":"PropertyValueSpecification","valueRequired":true,"valueName":"search_term_string"}}],"inLanguage":"da-DK"}]}},"_links":{"self":[{"href":"https:\/\/zamphelmets.co\/da\/wp-json\/wp\/v2\/product\/25086","targetHints":{"allow":["GET"]}}],"collection":[{"href":"https:\/\/zamphelmets.co\/da\/wp-json\/wp\/v2\/product"}],"about":[{"href":"https:\/\/zamphelmets.co\/da\/wp-json\/wp\/v2\/types\/product"}],"replies":[{"embeddable":true,"href":"https:\/\/zamphelmets.co\/da\/wp-json\/wp\/v2\/comments?post=25086"}],"wp:featuredmedia":[{"embeddable":true,"href":"https:\/\/zamphelmets.co\/da\/wp-json\/wp\/v2\/media\/19630"}],"wp:attachment":[{"href":"https:\/\/zamphelmets.co\/da\/wp-json\/wp\/v2\/media?parent=25086"}],"wp:term":[{"taxonomy":"product_brand","embeddable":true,"href":"https:\/\/zamphelmets.co\/da\/wp-json\/wp\/v2\/product_brand?post=25086"},{"taxonomy":"product_cat","embeddable":true,"href":"https:\/\/zamphelmets.co\/da\/wp-json\/wp\/v2\/product_cat?post=25086"},{"taxonomy":"product_tag","embeddable":true,"href":"https:\/\/zamphelmets.co\/da\/wp-json\/wp\/v2\/product_tag?post=25086"}],"curies":[{"name":"wp","href":"https:\/\/api.w.org\/{rel}","templated":true}]}}