{"id":24997,"date":"2023-12-04T15:57:31","date_gmt":"2023-12-04T15:57:31","guid":{"rendered":"https:\/\/zamphelmets.co\/product\/zr-72-hvid-blaa\/"},"modified":"2024-07-17T16:06:44","modified_gmt":"2024-07-17T16:06:44","slug":"zr-72-hvid-blaa","status":"publish","type":"product","link":"https:\/\/zamphelmets.co\/da\/vare\/zr-72-hvid-blaa\/","title":{"rendered":"ZR-72 Hvid\/bl\u00e5"},"content":{"rendered":"<p>Zamp er stolte af at kunne pr\u00e6sentere den fantastiske, helt nye ZR-72-hjelm, der er <strong>fremstillet i Italien<\/strong>. Med et unikt og utroligt aerodynamisk design, avancerede FIA 8859-2015 og Snell SA2020 sikkerhedsstandarder og med en super letv\u00e6gtsskal. ZR 72-hjelmen har stor luftgennemstr\u00f8mning og inkluderer et klart anti-dug-skjold.<\/p>\n<p>Funktioner inkluderer:<\/p>\n<ul>\n<li>Avanceret design giver en <strong>utrolig let skal<\/strong><\/li>\n<li><strong>Aerodynamisk skal<\/strong> &#8211; plus en r\u00e6kke ekstraudstyr, herunder justerbar bagspoiler<\/li>\n<li>Luftindtaget i toppen giver dig mulighed for at k\u00f8re naturlig luft, tvungen luft eller luftstik. Der medf\u00f8lger to udluftningsdele i midten, s\u00e5 du kan f\u00e5 luftstr\u00f8mmen udluftet eller lukket.<\/li>\n<li>Plys, <strong>aftagelig\/vaskbar<\/strong>, brandh\u00e6mmende, ultrabl\u00f8d inderside med EPS-skum til hageskinne<\/li>\n<li><strong>Klart antidugskjold<\/strong> med afrivningsp\u00e6le p\u00e5 12,125 tommer i midten ved hj\u00e6lp af afrivningsp\u00e6le i bananstil<\/li>\n<li>Kompatibel med alle sk\u00e6rme i Z20-serien.<\/li>\n<li><strong>M6-indsatser<\/strong> til hoved- og nakkest\u00f8tter<\/li>\n<li>Fremstillet i Italien<\/li>\n<li><strong>FIA 8859-2015<\/strong> &amp; <strong>Snell SA2020<\/strong><\/li>\n<li><strong>Inkluderer nu ZR 72 bagspoiler<\/strong><\/li>\n<\/ul>\n<p><a href=\"https:\/\/zamphelmets.co\/homologation-explained\/\"><strong>Homologering forklaret<\/strong> &#8211; find ud af, hvilken homologering du har brug for<\/a><\/p>\n<p><a href=\"https:\/\/zamphelmets.co\/hans-posts-hans-and-fhr-devices\/\"><strong>FHR \/ HANS-udstyr<\/strong> &#8211; hvorn\u00e5r er det p\u00e5kr\u00e6vet?<\/a><\/p>\n<p>Bem\u00e6rk, at denne hjelm har en mere oval ydre skal og derfor passer lidt mindre end vores s\u00e6dvanlige hjelmst\u00f8rrelsesguide kan indikere.<\/p>\n<p>&nbsp;<\/p>\n<p><img decoding=\"async\" class=\"alignnone wp-image-26355 size-full lazyload\" data-src=\"https:\/\/zamphelmets.co\/wp-content\/uploads\/2024\/03\/Zamp-Helmets-sizing-guide-4166-x-4166-px-1.png\" alt=\"\" width=\"500\" height=\"500\" data-srcset=\"https:\/\/zamphelmets.co\/wp-content\/uploads\/2024\/03\/Zamp-Helmets-sizing-guide-4166-x-4166-px-1.png 500w, https:\/\/zamphelmets.co\/wp-content\/uploads\/2024\/03\/Zamp-Helmets-sizing-guide-4166-x-4166-px-1-300x300.png 300w, https:\/\/zamphelmets.co\/wp-content\/uploads\/2024\/03\/Zamp-Helmets-sizing-guide-4166-x-4166-px-1-150x150.png 150w, https:\/\/zamphelmets.co\/wp-content\/uploads\/2024\/03\/Zamp-Helmets-sizing-guide-4166-x-4166-px-1-100x100.png 100w\" data-sizes=\"(max-width: 500px) 100vw, 500px\" src=\"data:image\/svg+xml;base64,PHN2ZyB3aWR0aD0iMSIgaGVpZ2h0PSIxIiB4bWxucz0iaHR0cDovL3d3dy53My5vcmcvMjAwMC9zdmciPjwvc3ZnPg==\" style=\"--smush-placeholder-width: 500px; --smush-placeholder-aspect-ratio: 500\/500;\" \/><\/p>\n","protected":false},"excerpt":{"rendered":"<p>Zamp er stolte af at kunne pr\u00e6sentere den fantastiske, helt nye ZR-72-hjelm, der er fremstillet i Italien. Med et unikt og utroligt aerodynamisk design, avancerede FIA 8859-2015 og Snell SA2020 sikkerhedsstandarder og med en super letv\u00e6gtsskal. ZR 72-hjelmen har stor luftgennemstr\u00f8mning og inkluderer et klart anti-dug-skjold. Funktioner inkluderer: Avanceret design giver en utrolig let skal [&hellip;]<\/p>\n","protected":false},"featured_media":19609,"comment_status":"open","ping_status":"closed","template":"","meta":{"_acf_changed":false,"_iconic_wsb_product_page_order_bump_ids":[[]],"_sku":["H778C31"],"_iconic_wsb_product_page_bump_modal_ids":[[]]},"product_brand":[],"product_cat":[239,183,155],"product_tag":[],"class_list":{"0":"post-24997","1":"product","2":"type-product","3":"status-publish","4":"has-post-thumbnail","6":"product_cat-fia-8859-da","7":"product_cat-snell-2020-sa2020-da","8":"product_cat-zamp-da","10":"first","11":"outofstock","12":"taxable","13":"shipping-taxable","14":"product-type-variable"},"acf":[],"yoast_head":"<!-- This site is optimized with the Yoast SEO plugin v27.0 - https:\/\/yoast.com\/product\/yoast-seo-wordpress\/ -->\n<title>\u20ac549 - Zamp Helmets | Helmet 28 EU<\/title>\n<meta name=\"description\" content=\"Zamps helt nye avancerede FIA 8859-2015- og Snell SA2020-hjelm har en superlet skal og et klart antidugskjold.\" \/>\n<meta name=\"robots\" content=\"index, follow, max-snippet:-1, max-image-preview:large, max-video-preview:-1\" \/>\n<link rel=\"canonical\" href=\"https:\/\/zamphelmets.co\/da\/vare\/zr-72-hvid-blaa\/\" \/>\n<meta property=\"og:locale\" content=\"da_DK\" \/>\n<meta property=\"og:type\" content=\"article\" \/>\n<meta property=\"og:title\" content=\"\u20ac549 - Zamp Helmets | Helmet 28 EU\" \/>\n<meta property=\"og:description\" content=\"Zamps helt nye avancerede FIA 8859-2015- og Snell SA2020-hjelm har en superlet skal og et klart antidugskjold.\" \/>\n<meta property=\"og:url\" content=\"https:\/\/zamphelmets.co\/da\/vare\/zr-72-hvid-blaa\/\" \/>\n<meta property=\"og:site_name\" content=\"Zamp Helmets | Helmet 28 EU\" \/>\n<meta property=\"article:modified_time\" content=\"2024-07-17T16:06:44+00:00\" \/>\n<meta property=\"og:image\" content=\"https:\/\/zamphelmets.co\/wp-content\/uploads\/2023\/12\/H778C31.jpg\" \/>\n\t<meta property=\"og:image:width\" content=\"1000\" \/>\n\t<meta property=\"og:image:height\" content=\"1000\" \/>\n\t<meta property=\"og:image:type\" content=\"image\/jpeg\" \/>\n<meta name=\"twitter:card\" content=\"summary_large_image\" \/>\n<meta name=\"twitter:label1\" content=\"Est. reading time\" \/>\n\t<meta name=\"twitter:data1\" content=\"1 minut\" \/>\n<script type=\"application\/ld+json\" class=\"yoast-schema-graph\">{\"@context\":\"https:\/\/schema.org\",\"@graph\":[{\"@type\":\"WebPage\",\"@id\":\"https:\/\/zamphelmets.co\/da\/vare\/zr-72-hvid-blaa\/\",\"url\":\"https:\/\/zamphelmets.co\/da\/vare\/zr-72-hvid-blaa\/\",\"name\":\"\u20ac549 - Zamp Helmets | Helmet 28 EU\",\"isPartOf\":{\"@id\":\"https:\/\/zamphelmets.co\/da\/#website\"},\"primaryImageOfPage\":{\"@id\":\"https:\/\/zamphelmets.co\/da\/vare\/zr-72-hvid-blaa\/#primaryimage\"},\"image\":{\"@id\":\"https:\/\/zamphelmets.co\/da\/vare\/zr-72-hvid-blaa\/#primaryimage\"},\"thumbnailUrl\":\"https:\/\/zamphelmets.co\/wp-content\/uploads\/2023\/12\/H778C31.jpg\",\"datePublished\":\"2023-12-04T15:57:31+00:00\",\"dateModified\":\"2024-07-17T16:06:44+00:00\",\"description\":\"Zamps helt nye avancerede FIA 8859-2015- og Snell SA2020-hjelm har en superlet skal og et klart antidugskjold.\",\"breadcrumb\":{\"@id\":\"https:\/\/zamphelmets.co\/da\/vare\/zr-72-hvid-blaa\/#breadcrumb\"},\"inLanguage\":\"da-DK\",\"potentialAction\":[{\"@type\":\"ReadAction\",\"target\":[\"https:\/\/zamphelmets.co\/da\/vare\/zr-72-hvid-blaa\/\"]}]},{\"@type\":\"ImageObject\",\"inLanguage\":\"da-DK\",\"@id\":\"https:\/\/zamphelmets.co\/da\/vare\/zr-72-hvid-blaa\/#primaryimage\",\"url\":\"https:\/\/zamphelmets.co\/wp-content\/uploads\/2023\/12\/H778C31.jpg\",\"contentUrl\":\"https:\/\/zamphelmets.co\/wp-content\/uploads\/2023\/12\/H778C31.jpg\",\"width\":1000,\"height\":1000},{\"@type\":\"BreadcrumbList\",\"@id\":\"https:\/\/zamphelmets.co\/da\/vare\/zr-72-hvid-blaa\/#breadcrumb\",\"itemListElement\":[{\"@type\":\"ListItem\",\"position\":1,\"name\":\"Shop\",\"item\":\"https:\/\/zamphelmets.co\/da\/shop\/\"},{\"@type\":\"ListItem\",\"position\":2,\"name\":\"ZR-72 Hvid\/bl\u00e5\"}]},{\"@type\":\"WebSite\",\"@id\":\"https:\/\/zamphelmets.co\/da\/#website\",\"url\":\"https:\/\/zamphelmets.co\/da\/\",\"name\":\"Zamp Helmets | Helmet 28 EU\",\"description\":\"High Quality Motorsport Helmets\",\"potentialAction\":[{\"@type\":\"SearchAction\",\"target\":{\"@type\":\"EntryPoint\",\"urlTemplate\":\"https:\/\/zamphelmets.co\/da\/?s={search_term_string}\"},\"query-input\":{\"@type\":\"PropertyValueSpecification\",\"valueRequired\":true,\"valueName\":\"search_term_string\"}}],\"inLanguage\":\"da-DK\"}]}<\/script>\n<!-- \/ Yoast SEO plugin. -->","yoast_head_json":{"title":"\u20ac549 - Zamp Helmets | Helmet 28 EU","description":"Zamps helt nye avancerede FIA 8859-2015- og Snell SA2020-hjelm har en superlet skal og et klart antidugskjold.","robots":{"index":"index","follow":"follow","max-snippet":"max-snippet:-1","max-image-preview":"max-image-preview:large","max-video-preview":"max-video-preview:-1"},"canonical":"https:\/\/zamphelmets.co\/da\/vare\/zr-72-hvid-blaa\/","og_locale":"da_DK","og_type":"article","og_title":"\u20ac549 - Zamp Helmets | Helmet 28 EU","og_description":"Zamps helt nye avancerede FIA 8859-2015- og Snell SA2020-hjelm har en superlet skal og et klart antidugskjold.","og_url":"https:\/\/zamphelmets.co\/da\/vare\/zr-72-hvid-blaa\/","og_site_name":"Zamp Helmets | Helmet 28 EU","article_modified_time":"2024-07-17T16:06:44+00:00","og_image":[{"width":1000,"height":1000,"url":"https:\/\/zamphelmets.co\/wp-content\/uploads\/2023\/12\/H778C31.jpg","type":"image\/jpeg"}],"twitter_card":"summary_large_image","twitter_misc":{"Est. reading time":"1 minut"},"schema":{"@context":"https:\/\/schema.org","@graph":[{"@type":"WebPage","@id":"https:\/\/zamphelmets.co\/da\/vare\/zr-72-hvid-blaa\/","url":"https:\/\/zamphelmets.co\/da\/vare\/zr-72-hvid-blaa\/","name":"\u20ac549 - Zamp Helmets | Helmet 28 EU","isPartOf":{"@id":"https:\/\/zamphelmets.co\/da\/#website"},"primaryImageOfPage":{"@id":"https:\/\/zamphelmets.co\/da\/vare\/zr-72-hvid-blaa\/#primaryimage"},"image":{"@id":"https:\/\/zamphelmets.co\/da\/vare\/zr-72-hvid-blaa\/#primaryimage"},"thumbnailUrl":"https:\/\/zamphelmets.co\/wp-content\/uploads\/2023\/12\/H778C31.jpg","datePublished":"2023-12-04T15:57:31+00:00","dateModified":"2024-07-17T16:06:44+00:00","description":"Zamps helt nye avancerede FIA 8859-2015- og Snell SA2020-hjelm har en superlet skal og et klart antidugskjold.","breadcrumb":{"@id":"https:\/\/zamphelmets.co\/da\/vare\/zr-72-hvid-blaa\/#breadcrumb"},"inLanguage":"da-DK","potentialAction":[{"@type":"ReadAction","target":["https:\/\/zamphelmets.co\/da\/vare\/zr-72-hvid-blaa\/"]}]},{"@type":"ImageObject","inLanguage":"da-DK","@id":"https:\/\/zamphelmets.co\/da\/vare\/zr-72-hvid-blaa\/#primaryimage","url":"https:\/\/zamphelmets.co\/wp-content\/uploads\/2023\/12\/H778C31.jpg","contentUrl":"https:\/\/zamphelmets.co\/wp-content\/uploads\/2023\/12\/H778C31.jpg","width":1000,"height":1000},{"@type":"BreadcrumbList","@id":"https:\/\/zamphelmets.co\/da\/vare\/zr-72-hvid-blaa\/#breadcrumb","itemListElement":[{"@type":"ListItem","position":1,"name":"Shop","item":"https:\/\/zamphelmets.co\/da\/shop\/"},{"@type":"ListItem","position":2,"name":"ZR-72 Hvid\/bl\u00e5"}]},{"@type":"WebSite","@id":"https:\/\/zamphelmets.co\/da\/#website","url":"https:\/\/zamphelmets.co\/da\/","name":"Zamp Helmets | Helmet 28 EU","description":"High Quality Motorsport Helmets","potentialAction":[{"@type":"SearchAction","target":{"@type":"EntryPoint","urlTemplate":"https:\/\/zamphelmets.co\/da\/?s={search_term_string}"},"query-input":{"@type":"PropertyValueSpecification","valueRequired":true,"valueName":"search_term_string"}}],"inLanguage":"da-DK"}]}},"_links":{"self":[{"href":"https:\/\/zamphelmets.co\/da\/wp-json\/wp\/v2\/product\/24997","targetHints":{"allow":["GET"]}}],"collection":[{"href":"https:\/\/zamphelmets.co\/da\/wp-json\/wp\/v2\/product"}],"about":[{"href":"https:\/\/zamphelmets.co\/da\/wp-json\/wp\/v2\/types\/product"}],"replies":[{"embeddable":true,"href":"https:\/\/zamphelmets.co\/da\/wp-json\/wp\/v2\/comments?post=24997"}],"wp:featuredmedia":[{"embeddable":true,"href":"https:\/\/zamphelmets.co\/da\/wp-json\/wp\/v2\/media\/19609"}],"wp:attachment":[{"href":"https:\/\/zamphelmets.co\/da\/wp-json\/wp\/v2\/media?parent=24997"}],"wp:term":[{"taxonomy":"product_brand","embeddable":true,"href":"https:\/\/zamphelmets.co\/da\/wp-json\/wp\/v2\/product_brand?post=24997"},{"taxonomy":"product_cat","embeddable":true,"href":"https:\/\/zamphelmets.co\/da\/wp-json\/wp\/v2\/product_cat?post=24997"},{"taxonomy":"product_tag","embeddable":true,"href":"https:\/\/zamphelmets.co\/da\/wp-json\/wp\/v2\/product_tag?post=24997"}],"curies":[{"name":"wp","href":"https:\/\/api.w.org\/{rel}","templated":true}]}}