{"id":24726,"date":"2023-11-30T12:29:37","date_gmt":"2023-11-30T12:29:37","guid":{"rendered":"https:\/\/zamphelmets.co\/product\/rz-70e-bagspoiler\/"},"modified":"2026-02-16T15:54:39","modified_gmt":"2026-02-16T15:54:39","slug":"rz-70e-bagspoiler","status":"publish","type":"product","link":"https:\/\/zamphelmets.co\/da\/vare\/rz-70e-bagspoiler\/","title":{"rendered":"RZ 70E Bagspoiler"},"content":{"rendered":"<p>Den stilrene og str\u00f8mlinede RZ 70E-bagspoiler passer p\u00e5 <a href=\"https:\/\/zamphelmets.co\/?min_price=250&amp;max_price=660&amp;s=70e&amp;post_type=product\">RZ 70E-hjelmserien<\/a> og giver bedre aerodynamik, s\u00e5 hjelmen bliver mere stabil ved h\u00f8je hastigheder.<\/p>\n<p>RZ 70E-bagspoiler leveres med ekstra kraftig dobbeltkl\u00e6bende tape, s\u00e5 spoileren kan monteres sikkert p\u00e5 hjelmen.<\/p>\n<p><iframe title=\"How to Install the Chin and Rear Spoilers on Zamp Helmet\" width=\"500\" height=\"281\" data-src=\"https:\/\/www.youtube.com\/embed\/O3_PtsyDxTA?feature=oembed\" frameborder=\"0\" allow=\"accelerometer; autoplay; clipboard-write; encrypted-media; gyroscope; picture-in-picture; web-share\" referrerpolicy=\"strict-origin-when-cross-origin\" allowfullscreen src=\"data:image\/svg+xml;base64,PHN2ZyB3aWR0aD0iMSIgaGVpZ2h0PSIxIiB4bWxucz0iaHR0cDovL3d3dy53My5vcmcvMjAwMC9zdmciPjwvc3ZnPg==\" class=\"lazyload\" data-load-mode=\"1\"><\/iframe><\/p>\n","protected":false},"excerpt":{"rendered":"<p>Den stilrene og str\u00f8mlinede RZ 70E-bagspoiler passer p\u00e5 RZ 70E-hjelmserien og giver bedre aerodynamik, s\u00e5 hjelmen bliver mere stabil ved h\u00f8je hastigheder. RZ 70E-bagspoiler leveres med ekstra kraftig dobbeltkl\u00e6bende tape, s\u00e5 spoileren kan monteres sikkert p\u00e5 hjelmen.<\/p>\n","protected":false},"featured_media":19560,"comment_status":"open","ping_status":"closed","template":"","meta":{"_acf_changed":false,"_iconic_wsb_product_page_order_bump_ids":[[]],"_sku":["HSZ240CL"],"_iconic_wsb_product_page_bump_modal_ids":[[]]},"product_brand":[],"product_cat":[215,156,157,155],"product_tag":[],"class_list":{"0":"post-24726","1":"product","2":"type-product","3":"status-publish","4":"has-post-thumbnail","6":"product_cat-andet","7":"product_cat-tilbehor","8":"product_cat-tilbehor-til-hjelme","9":"product_cat-zamp-da","11":"first","12":"onbackorder","13":"taxable","14":"shipping-taxable","15":"purchasable","16":"product-type-simple"},"acf":[],"yoast_head":"<!-- This site is optimized with the Yoast SEO plugin v27.0 - https:\/\/yoast.com\/product\/yoast-seo-wordpress\/ -->\n<title>RZ 70E Bagspoiler - Zamp Helmets | Helmet 28 EU<\/title>\n<meta name=\"robots\" content=\"index, follow, max-snippet:-1, max-image-preview:large, max-video-preview:-1\" \/>\n<link rel=\"canonical\" href=\"https:\/\/zamphelmets.co\/da\/vare\/rz-70e-bagspoiler\/\" \/>\n<meta property=\"og:locale\" content=\"da_DK\" \/>\n<meta property=\"og:type\" content=\"article\" \/>\n<meta property=\"og:title\" content=\"RZ 70E Bagspoiler - Zamp Helmets | Helmet 28 EU\" \/>\n<meta property=\"og:description\" content=\"Den stilrene og str\u00f8mlinede RZ 70E-bagspoiler passer p\u00e5 RZ 70E-hjelmserien og giver bedre aerodynamik, s\u00e5 hjelmen bliver mere stabil ved h\u00f8je hastigheder. RZ 70E-bagspoiler leveres med ekstra kraftig dobbeltkl\u00e6bende tape, s\u00e5 spoileren kan monteres sikkert p\u00e5 hjelmen.\" \/>\n<meta property=\"og:url\" content=\"https:\/\/zamphelmets.co\/da\/vare\/rz-70e-bagspoiler\/\" \/>\n<meta property=\"og:site_name\" content=\"Zamp Helmets | Helmet 28 EU\" \/>\n<meta property=\"article:modified_time\" content=\"2026-02-16T15:54:39+00:00\" \/>\n<meta property=\"og:image\" content=\"https:\/\/zamphelmets.co\/wp-content\/uploads\/2023\/11\/HSZ240CL.jpeg\" \/>\n\t<meta property=\"og:image:width\" content=\"1000\" \/>\n\t<meta property=\"og:image:height\" content=\"1000\" \/>\n\t<meta property=\"og:image:type\" content=\"image\/jpeg\" \/>\n<meta name=\"twitter:card\" content=\"summary_large_image\" \/>\n<script type=\"application\/ld+json\" class=\"yoast-schema-graph\">{\"@context\":\"https:\/\/schema.org\",\"@graph\":[{\"@type\":\"WebPage\",\"@id\":\"https:\/\/zamphelmets.co\/da\/vare\/rz-70e-bagspoiler\/\",\"url\":\"https:\/\/zamphelmets.co\/da\/vare\/rz-70e-bagspoiler\/\",\"name\":\"RZ 70E Bagspoiler - Zamp Helmets | Helmet 28 EU\",\"isPartOf\":{\"@id\":\"https:\/\/zamphelmets.co\/da\/#website\"},\"primaryImageOfPage\":{\"@id\":\"https:\/\/zamphelmets.co\/da\/vare\/rz-70e-bagspoiler\/#primaryimage\"},\"image\":{\"@id\":\"https:\/\/zamphelmets.co\/da\/vare\/rz-70e-bagspoiler\/#primaryimage\"},\"thumbnailUrl\":\"https:\/\/zamphelmets.co\/wp-content\/uploads\/2023\/11\/HSZ240CL.jpeg\",\"datePublished\":\"2023-11-30T12:29:37+00:00\",\"dateModified\":\"2026-02-16T15:54:39+00:00\",\"breadcrumb\":{\"@id\":\"https:\/\/zamphelmets.co\/da\/vare\/rz-70e-bagspoiler\/#breadcrumb\"},\"inLanguage\":\"da-DK\",\"potentialAction\":[{\"@type\":\"ReadAction\",\"target\":[\"https:\/\/zamphelmets.co\/da\/vare\/rz-70e-bagspoiler\/\"]}]},{\"@type\":\"ImageObject\",\"inLanguage\":\"da-DK\",\"@id\":\"https:\/\/zamphelmets.co\/da\/vare\/rz-70e-bagspoiler\/#primaryimage\",\"url\":\"https:\/\/zamphelmets.co\/wp-content\/uploads\/2023\/11\/HSZ240CL.jpeg\",\"contentUrl\":\"https:\/\/zamphelmets.co\/wp-content\/uploads\/2023\/11\/HSZ240CL.jpeg\",\"width\":1000,\"height\":1000},{\"@type\":\"BreadcrumbList\",\"@id\":\"https:\/\/zamphelmets.co\/da\/vare\/rz-70e-bagspoiler\/#breadcrumb\",\"itemListElement\":[{\"@type\":\"ListItem\",\"position\":1,\"name\":\"Shop\",\"item\":\"https:\/\/zamphelmets.co\/da\/shop\/\"},{\"@type\":\"ListItem\",\"position\":2,\"name\":\"RZ 70E Bagspoiler\"}]},{\"@type\":\"WebSite\",\"@id\":\"https:\/\/zamphelmets.co\/da\/#website\",\"url\":\"https:\/\/zamphelmets.co\/da\/\",\"name\":\"Zamp Helmets | Helmet 28 EU\",\"description\":\"High Quality Motorsport Helmets\",\"potentialAction\":[{\"@type\":\"SearchAction\",\"target\":{\"@type\":\"EntryPoint\",\"urlTemplate\":\"https:\/\/zamphelmets.co\/da\/?s={search_term_string}\"},\"query-input\":{\"@type\":\"PropertyValueSpecification\",\"valueRequired\":true,\"valueName\":\"search_term_string\"}}],\"inLanguage\":\"da-DK\"}]}<\/script>\n<!-- \/ Yoast SEO plugin. -->","yoast_head_json":{"title":"RZ 70E Bagspoiler - Zamp Helmets | Helmet 28 EU","robots":{"index":"index","follow":"follow","max-snippet":"max-snippet:-1","max-image-preview":"max-image-preview:large","max-video-preview":"max-video-preview:-1"},"canonical":"https:\/\/zamphelmets.co\/da\/vare\/rz-70e-bagspoiler\/","og_locale":"da_DK","og_type":"article","og_title":"RZ 70E Bagspoiler - Zamp Helmets | Helmet 28 EU","og_description":"Den stilrene og str\u00f8mlinede RZ 70E-bagspoiler passer p\u00e5 RZ 70E-hjelmserien og giver bedre aerodynamik, s\u00e5 hjelmen bliver mere stabil ved h\u00f8je hastigheder. RZ 70E-bagspoiler leveres med ekstra kraftig dobbeltkl\u00e6bende tape, s\u00e5 spoileren kan monteres sikkert p\u00e5 hjelmen.","og_url":"https:\/\/zamphelmets.co\/da\/vare\/rz-70e-bagspoiler\/","og_site_name":"Zamp Helmets | Helmet 28 EU","article_modified_time":"2026-02-16T15:54:39+00:00","og_image":[{"width":1000,"height":1000,"url":"https:\/\/zamphelmets.co\/wp-content\/uploads\/2023\/11\/HSZ240CL.jpeg","type":"image\/jpeg"}],"twitter_card":"summary_large_image","schema":{"@context":"https:\/\/schema.org","@graph":[{"@type":"WebPage","@id":"https:\/\/zamphelmets.co\/da\/vare\/rz-70e-bagspoiler\/","url":"https:\/\/zamphelmets.co\/da\/vare\/rz-70e-bagspoiler\/","name":"RZ 70E Bagspoiler - Zamp Helmets | Helmet 28 EU","isPartOf":{"@id":"https:\/\/zamphelmets.co\/da\/#website"},"primaryImageOfPage":{"@id":"https:\/\/zamphelmets.co\/da\/vare\/rz-70e-bagspoiler\/#primaryimage"},"image":{"@id":"https:\/\/zamphelmets.co\/da\/vare\/rz-70e-bagspoiler\/#primaryimage"},"thumbnailUrl":"https:\/\/zamphelmets.co\/wp-content\/uploads\/2023\/11\/HSZ240CL.jpeg","datePublished":"2023-11-30T12:29:37+00:00","dateModified":"2026-02-16T15:54:39+00:00","breadcrumb":{"@id":"https:\/\/zamphelmets.co\/da\/vare\/rz-70e-bagspoiler\/#breadcrumb"},"inLanguage":"da-DK","potentialAction":[{"@type":"ReadAction","target":["https:\/\/zamphelmets.co\/da\/vare\/rz-70e-bagspoiler\/"]}]},{"@type":"ImageObject","inLanguage":"da-DK","@id":"https:\/\/zamphelmets.co\/da\/vare\/rz-70e-bagspoiler\/#primaryimage","url":"https:\/\/zamphelmets.co\/wp-content\/uploads\/2023\/11\/HSZ240CL.jpeg","contentUrl":"https:\/\/zamphelmets.co\/wp-content\/uploads\/2023\/11\/HSZ240CL.jpeg","width":1000,"height":1000},{"@type":"BreadcrumbList","@id":"https:\/\/zamphelmets.co\/da\/vare\/rz-70e-bagspoiler\/#breadcrumb","itemListElement":[{"@type":"ListItem","position":1,"name":"Shop","item":"https:\/\/zamphelmets.co\/da\/shop\/"},{"@type":"ListItem","position":2,"name":"RZ 70E Bagspoiler"}]},{"@type":"WebSite","@id":"https:\/\/zamphelmets.co\/da\/#website","url":"https:\/\/zamphelmets.co\/da\/","name":"Zamp Helmets | Helmet 28 EU","description":"High Quality Motorsport Helmets","potentialAction":[{"@type":"SearchAction","target":{"@type":"EntryPoint","urlTemplate":"https:\/\/zamphelmets.co\/da\/?s={search_term_string}"},"query-input":{"@type":"PropertyValueSpecification","valueRequired":true,"valueName":"search_term_string"}}],"inLanguage":"da-DK"}]}},"_links":{"self":[{"href":"https:\/\/zamphelmets.co\/da\/wp-json\/wp\/v2\/product\/24726","targetHints":{"allow":["GET"]}}],"collection":[{"href":"https:\/\/zamphelmets.co\/da\/wp-json\/wp\/v2\/product"}],"about":[{"href":"https:\/\/zamphelmets.co\/da\/wp-json\/wp\/v2\/types\/product"}],"replies":[{"embeddable":true,"href":"https:\/\/zamphelmets.co\/da\/wp-json\/wp\/v2\/comments?post=24726"}],"wp:featuredmedia":[{"embeddable":true,"href":"https:\/\/zamphelmets.co\/da\/wp-json\/wp\/v2\/media\/19560"}],"wp:attachment":[{"href":"https:\/\/zamphelmets.co\/da\/wp-json\/wp\/v2\/media?parent=24726"}],"wp:term":[{"taxonomy":"product_brand","embeddable":true,"href":"https:\/\/zamphelmets.co\/da\/wp-json\/wp\/v2\/product_brand?post=24726"},{"taxonomy":"product_cat","embeddable":true,"href":"https:\/\/zamphelmets.co\/da\/wp-json\/wp\/v2\/product_cat?post=24726"},{"taxonomy":"product_tag","embeddable":true,"href":"https:\/\/zamphelmets.co\/da\/wp-json\/wp\/v2\/product_tag?post=24726"}],"curies":[{"name":"wp","href":"https:\/\/api.w.org\/{rel}","templated":true}]}}