{"id":24658,"date":"2023-11-23T12:52:14","date_gmt":"2023-11-23T12:52:14","guid":{"rendered":"https:\/\/zamphelmets.co\/product\/alpinestars-bionic-rib-protector-boern\/"},"modified":"2024-11-06T16:19:29","modified_gmt":"2024-11-06T16:19:29","slug":"alpinestars-bionic-rib-protector-boern","status":"publish","type":"product","link":"https:\/\/zamphelmets.co\/da\/vare\/alpinestars-bionic-rib-protector-boern\/","title":{"rendered":"Alpinestars BIONIC Rib Protector (b\u00f8rn)"},"content":{"rendered":"<p>Alpinestars BIONIC Rib guard KIDS er ergonomisk designet til at give ekstra komfort og st\u00f8tte, n\u00e5r du k\u00f8rer.<\/p>\n<p>Den er lavet af dobbeltlamineret polstring og indeholder en 3 mm polstring, der passer til kroppen for komfort, en 4 mm st\u00f8dabsorberende beskyttelse lavet af EVA-skum for forbedret beskyttelse og effektiv st\u00f8dreduktion og derefter en glasfiberplade, der absorberer st\u00f8det og fordeler det over hele overfladen for at reducere trykket. Takket v\u00e6re den praktiske velcro bagp\u00e5 kan ribbensbeskyttelsen stadig justeres i st\u00f8rrelsen.<\/p>\n<p>Alpinestars Bionic-beskyttelse til ribben f\u00e5s i 3 st\u00f8rrelser, og hver st\u00f8rrelse har 3 velcrojusteringer for at sikre den bedst mulige pasform.<\/p>\n<p>Denne st\u00f8rrelse er til <strong>b\u00f8rn<\/strong> i 1 st\u00f8rrelse, justerbar bagp\u00e5.<\/p>\n<p><strong>TILPASNING<\/strong><\/p>\n<p>Tr\u00e6k i Bionic Rib Support, fastg\u00f8r og stram brystsp\u00e6ndet. S\u00f8rg for, at Bionic Rib Support sidder behageligt, at brystkassen er godt d\u00e6kket, og at bryst- og armbev\u00e6gelser samt vejrtr\u00e6kning ikke hindres. For at finde den rigtige st\u00f8rrelse skal Bionic Rib Support tilpasses med det t\u00f8j, der normalt b\u00e6res indenunder.<\/p>\n<p><strong>VEDLIGEHOLDELSE OG OPBEVARING<\/strong><\/p>\n<p>Hvis Bionic Rib Support bliver snavset, kan den reng\u00f8res med en fugtig klud og s\u00e6bevand. Opbevar den h\u00e6ngende eller liggende p\u00e5 et t\u00f8rt og godt ventileret sted, v\u00e6k fra varmekilder og direkte sollys.<\/p>\n","protected":false},"excerpt":{"rendered":"<p>Alpinestars BIONIC Rib guard KIDS er ergonomisk designet til at give ekstra komfort og st\u00f8tte, n\u00e5r du k\u00f8rer. Den er lavet af dobbeltlamineret polstring og indeholder en 3 mm polstring, der passer til kroppen for komfort, en 4 mm st\u00f8dabsorberende beskyttelse lavet af EVA-skum for forbedret beskyttelse og effektiv st\u00f8dreduktion og derefter en glasfiberplade, der [&hellip;]<\/p>\n","protected":false},"featured_media":19350,"comment_status":"open","ping_status":"closed","template":"","meta":{"_acf_changed":false,"_iconic_wsb_product_page_order_bump_ids":[[]],"_sku":["6547013"],"_iconic_wsb_product_page_bump_modal_ids":[[]]},"product_brand":[],"product_cat":[215,283,195,156],"product_tag":[],"class_list":{"0":"post-24658","1":"product","2":"type-product","3":"status-publish","4":"has-post-thumbnail","6":"product_cat-andet","7":"product_cat-beskyttelse","8":"product_cat-beskyttelse-beklaedning","9":"product_cat-tilbehor","11":"first","12":"instock","13":"taxable","14":"shipping-taxable","15":"purchasable","16":"product-type-variable"},"acf":[],"yoast_head":"<!-- This site is optimized with the Yoast SEO plugin v27.0 - https:\/\/yoast.com\/product\/yoast-seo-wordpress\/ -->\n<title>Alpinestars BIONIC Rib Protector (b\u00f8rn) - Zamp Helmets | Helmet 28 EU<\/title>\n<meta name=\"description\" content=\"Alpinestars BIONIC Rib guard KIDS er ergonomisk designet til at give ekstra komfort og st\u00f8tte, n\u00e5r du k\u00f8rer. En behagelig k\u00f8retur er garanteret.\" \/>\n<meta name=\"robots\" content=\"index, follow, max-snippet:-1, max-image-preview:large, max-video-preview:-1\" \/>\n<link rel=\"canonical\" href=\"https:\/\/zamphelmets.co\/da\/vare\/alpinestars-bionic-rib-protector-boern\/\" \/>\n<meta property=\"og:locale\" content=\"da_DK\" \/>\n<meta property=\"og:type\" content=\"article\" \/>\n<meta property=\"og:title\" content=\"Alpinestars BIONIC Rib Protector (b\u00f8rn) - Zamp Helmets | Helmet 28 EU\" \/>\n<meta property=\"og:description\" content=\"Alpinestars BIONIC Rib guard KIDS er ergonomisk designet til at give ekstra komfort og st\u00f8tte, n\u00e5r du k\u00f8rer. En behagelig k\u00f8retur er garanteret.\" \/>\n<meta property=\"og:url\" content=\"https:\/\/zamphelmets.co\/da\/vare\/alpinestars-bionic-rib-protector-boern\/\" \/>\n<meta property=\"og:site_name\" content=\"Zamp Helmets | Helmet 28 EU\" \/>\n<meta property=\"article:modified_time\" content=\"2024-11-06T16:19:29+00:00\" \/>\n<meta property=\"og:image\" content=\"https:\/\/zamphelmets.co\/wp-content\/uploads\/2023\/11\/6537013-155-FR_Bionic-Rib-Support-web_2000x2000.jpeg\" \/>\n\t<meta property=\"og:image:width\" content=\"1000\" \/>\n\t<meta property=\"og:image:height\" content=\"1000\" \/>\n\t<meta property=\"og:image:type\" content=\"image\/jpeg\" \/>\n<meta name=\"twitter:card\" content=\"summary_large_image\" \/>\n<meta name=\"twitter:label1\" content=\"Est. reading time\" \/>\n\t<meta name=\"twitter:data1\" content=\"1 minut\" \/>\n<script type=\"application\/ld+json\" class=\"yoast-schema-graph\">{\"@context\":\"https:\/\/schema.org\",\"@graph\":[{\"@type\":\"WebPage\",\"@id\":\"https:\/\/zamphelmets.co\/da\/vare\/alpinestars-bionic-rib-protector-boern\/\",\"url\":\"https:\/\/zamphelmets.co\/da\/vare\/alpinestars-bionic-rib-protector-boern\/\",\"name\":\"Alpinestars BIONIC Rib Protector (b\u00f8rn) - Zamp Helmets | Helmet 28 EU\",\"isPartOf\":{\"@id\":\"https:\/\/zamphelmets.co\/da\/#website\"},\"primaryImageOfPage\":{\"@id\":\"https:\/\/zamphelmets.co\/da\/vare\/alpinestars-bionic-rib-protector-boern\/#primaryimage\"},\"image\":{\"@id\":\"https:\/\/zamphelmets.co\/da\/vare\/alpinestars-bionic-rib-protector-boern\/#primaryimage\"},\"thumbnailUrl\":\"https:\/\/zamphelmets.co\/wp-content\/uploads\/2023\/11\/6537013-155-FR_Bionic-Rib-Support-web_2000x2000.jpeg\",\"datePublished\":\"2023-11-23T12:52:14+00:00\",\"dateModified\":\"2024-11-06T16:19:29+00:00\",\"description\":\"Alpinestars BIONIC Rib guard KIDS er ergonomisk designet til at give ekstra komfort og st\u00f8tte, n\u00e5r du k\u00f8rer. En behagelig k\u00f8retur er garanteret.\",\"breadcrumb\":{\"@id\":\"https:\/\/zamphelmets.co\/da\/vare\/alpinestars-bionic-rib-protector-boern\/#breadcrumb\"},\"inLanguage\":\"da-DK\",\"potentialAction\":[{\"@type\":\"ReadAction\",\"target\":[\"https:\/\/zamphelmets.co\/da\/vare\/alpinestars-bionic-rib-protector-boern\/\"]}]},{\"@type\":\"ImageObject\",\"inLanguage\":\"da-DK\",\"@id\":\"https:\/\/zamphelmets.co\/da\/vare\/alpinestars-bionic-rib-protector-boern\/#primaryimage\",\"url\":\"https:\/\/zamphelmets.co\/wp-content\/uploads\/2023\/11\/6537013-155-FR_Bionic-Rib-Support-web_2000x2000.jpeg\",\"contentUrl\":\"https:\/\/zamphelmets.co\/wp-content\/uploads\/2023\/11\/6537013-155-FR_Bionic-Rib-Support-web_2000x2000.jpeg\",\"width\":1000,\"height\":1000},{\"@type\":\"BreadcrumbList\",\"@id\":\"https:\/\/zamphelmets.co\/da\/vare\/alpinestars-bionic-rib-protector-boern\/#breadcrumb\",\"itemListElement\":[{\"@type\":\"ListItem\",\"position\":1,\"name\":\"Shop\",\"item\":\"https:\/\/zamphelmets.co\/da\/shop\/\"},{\"@type\":\"ListItem\",\"position\":2,\"name\":\"Alpinestars BIONIC Rib Protector (b\u00f8rn)\"}]},{\"@type\":\"WebSite\",\"@id\":\"https:\/\/zamphelmets.co\/da\/#website\",\"url\":\"https:\/\/zamphelmets.co\/da\/\",\"name\":\"Zamp Helmets | Helmet 28 EU\",\"description\":\"High Quality Motorsport Helmets\",\"potentialAction\":[{\"@type\":\"SearchAction\",\"target\":{\"@type\":\"EntryPoint\",\"urlTemplate\":\"https:\/\/zamphelmets.co\/da\/?s={search_term_string}\"},\"query-input\":{\"@type\":\"PropertyValueSpecification\",\"valueRequired\":true,\"valueName\":\"search_term_string\"}}],\"inLanguage\":\"da-DK\"}]}<\/script>\n<!-- \/ Yoast SEO plugin. -->","yoast_head_json":{"title":"Alpinestars BIONIC Rib Protector (b\u00f8rn) - Zamp Helmets | Helmet 28 EU","description":"Alpinestars BIONIC Rib guard KIDS er ergonomisk designet til at give ekstra komfort og st\u00f8tte, n\u00e5r du k\u00f8rer. En behagelig k\u00f8retur er garanteret.","robots":{"index":"index","follow":"follow","max-snippet":"max-snippet:-1","max-image-preview":"max-image-preview:large","max-video-preview":"max-video-preview:-1"},"canonical":"https:\/\/zamphelmets.co\/da\/vare\/alpinestars-bionic-rib-protector-boern\/","og_locale":"da_DK","og_type":"article","og_title":"Alpinestars BIONIC Rib Protector (b\u00f8rn) - Zamp Helmets | Helmet 28 EU","og_description":"Alpinestars BIONIC Rib guard KIDS er ergonomisk designet til at give ekstra komfort og st\u00f8tte, n\u00e5r du k\u00f8rer. En behagelig k\u00f8retur er garanteret.","og_url":"https:\/\/zamphelmets.co\/da\/vare\/alpinestars-bionic-rib-protector-boern\/","og_site_name":"Zamp Helmets | Helmet 28 EU","article_modified_time":"2024-11-06T16:19:29+00:00","og_image":[{"width":1000,"height":1000,"url":"https:\/\/zamphelmets.co\/wp-content\/uploads\/2023\/11\/6537013-155-FR_Bionic-Rib-Support-web_2000x2000.jpeg","type":"image\/jpeg"}],"twitter_card":"summary_large_image","twitter_misc":{"Est. reading time":"1 minut"},"schema":{"@context":"https:\/\/schema.org","@graph":[{"@type":"WebPage","@id":"https:\/\/zamphelmets.co\/da\/vare\/alpinestars-bionic-rib-protector-boern\/","url":"https:\/\/zamphelmets.co\/da\/vare\/alpinestars-bionic-rib-protector-boern\/","name":"Alpinestars BIONIC Rib Protector (b\u00f8rn) - Zamp Helmets | Helmet 28 EU","isPartOf":{"@id":"https:\/\/zamphelmets.co\/da\/#website"},"primaryImageOfPage":{"@id":"https:\/\/zamphelmets.co\/da\/vare\/alpinestars-bionic-rib-protector-boern\/#primaryimage"},"image":{"@id":"https:\/\/zamphelmets.co\/da\/vare\/alpinestars-bionic-rib-protector-boern\/#primaryimage"},"thumbnailUrl":"https:\/\/zamphelmets.co\/wp-content\/uploads\/2023\/11\/6537013-155-FR_Bionic-Rib-Support-web_2000x2000.jpeg","datePublished":"2023-11-23T12:52:14+00:00","dateModified":"2024-11-06T16:19:29+00:00","description":"Alpinestars BIONIC Rib guard KIDS er ergonomisk designet til at give ekstra komfort og st\u00f8tte, n\u00e5r du k\u00f8rer. En behagelig k\u00f8retur er garanteret.","breadcrumb":{"@id":"https:\/\/zamphelmets.co\/da\/vare\/alpinestars-bionic-rib-protector-boern\/#breadcrumb"},"inLanguage":"da-DK","potentialAction":[{"@type":"ReadAction","target":["https:\/\/zamphelmets.co\/da\/vare\/alpinestars-bionic-rib-protector-boern\/"]}]},{"@type":"ImageObject","inLanguage":"da-DK","@id":"https:\/\/zamphelmets.co\/da\/vare\/alpinestars-bionic-rib-protector-boern\/#primaryimage","url":"https:\/\/zamphelmets.co\/wp-content\/uploads\/2023\/11\/6537013-155-FR_Bionic-Rib-Support-web_2000x2000.jpeg","contentUrl":"https:\/\/zamphelmets.co\/wp-content\/uploads\/2023\/11\/6537013-155-FR_Bionic-Rib-Support-web_2000x2000.jpeg","width":1000,"height":1000},{"@type":"BreadcrumbList","@id":"https:\/\/zamphelmets.co\/da\/vare\/alpinestars-bionic-rib-protector-boern\/#breadcrumb","itemListElement":[{"@type":"ListItem","position":1,"name":"Shop","item":"https:\/\/zamphelmets.co\/da\/shop\/"},{"@type":"ListItem","position":2,"name":"Alpinestars BIONIC Rib Protector (b\u00f8rn)"}]},{"@type":"WebSite","@id":"https:\/\/zamphelmets.co\/da\/#website","url":"https:\/\/zamphelmets.co\/da\/","name":"Zamp Helmets | Helmet 28 EU","description":"High Quality Motorsport Helmets","potentialAction":[{"@type":"SearchAction","target":{"@type":"EntryPoint","urlTemplate":"https:\/\/zamphelmets.co\/da\/?s={search_term_string}"},"query-input":{"@type":"PropertyValueSpecification","valueRequired":true,"valueName":"search_term_string"}}],"inLanguage":"da-DK"}]}},"_links":{"self":[{"href":"https:\/\/zamphelmets.co\/da\/wp-json\/wp\/v2\/product\/24658","targetHints":{"allow":["GET"]}}],"collection":[{"href":"https:\/\/zamphelmets.co\/da\/wp-json\/wp\/v2\/product"}],"about":[{"href":"https:\/\/zamphelmets.co\/da\/wp-json\/wp\/v2\/types\/product"}],"replies":[{"embeddable":true,"href":"https:\/\/zamphelmets.co\/da\/wp-json\/wp\/v2\/comments?post=24658"}],"wp:featuredmedia":[{"embeddable":true,"href":"https:\/\/zamphelmets.co\/da\/wp-json\/wp\/v2\/media\/19350"}],"wp:attachment":[{"href":"https:\/\/zamphelmets.co\/da\/wp-json\/wp\/v2\/media?parent=24658"}],"wp:term":[{"taxonomy":"product_brand","embeddable":true,"href":"https:\/\/zamphelmets.co\/da\/wp-json\/wp\/v2\/product_brand?post=24658"},{"taxonomy":"product_cat","embeddable":true,"href":"https:\/\/zamphelmets.co\/da\/wp-json\/wp\/v2\/product_cat?post=24658"},{"taxonomy":"product_tag","embeddable":true,"href":"https:\/\/zamphelmets.co\/da\/wp-json\/wp\/v2\/product_tag?post=24658"}],"curies":[{"name":"wp","href":"https:\/\/api.w.org\/{rel}","templated":true}]}}