{"id":24544,"date":"2022-02-15T13:14:19","date_gmt":"2022-02-15T13:14:19","guid":{"rendered":"https:\/\/zamphelmets.co\/product\/taagefri-skaermfilmindsats\/"},"modified":"2026-02-16T15:07:25","modified_gmt":"2026-02-16T15:07:25","slug":"taagefri-skaermfilmindsats","status":"publish","type":"product","link":"https:\/\/zamphelmets.co\/da\/vare\/taagefri-skaermfilmindsats\/","title":{"rendered":"T\u00e5gefri sk\u00e6rmfilmindsats"},"content":{"rendered":"<p>Vores <strong>Fog Free Shield Insert<\/strong> hj\u00e6lper med at forhindre begr\u00e6nset dug p\u00e5 din hjelmsk\u00e6rm. Let at installere i et par trin: <\/p>\n<ol>\n<li>Tr\u00e6k beskyttelsesfilmen foran af<\/li>\n<li>Juster og centrer indsatsen ved hj\u00e6lp af det hvide kryds<\/li>\n<li>Tryk rundt om den kl\u00e6bende kant, n\u00e5r den er justeret<\/li>\n<li>Tr\u00e6k beskyttelsesfilmen af p\u00e5 bagsiden<\/li>\n<\/ol>\n<p>P\u00e5s\u00e6tningen skal sikre, at filmen s\u00e6ttes korrekt p\u00e5 med den rigtige side placeret p\u00e5 indersiden af visiret. Under p\u00e5f\u00f8ringen skal brugerne s\u00f8rge for at undg\u00e5 at skabe luftbobler for at opn\u00e5 de bedste resultater.<\/p>\n<p>&nbsp;<\/p>\n<div style=\"width: 640px;\" class=\"wp-video\"><video class=\"wp-video-shortcode\" id=\"video-24544-1\" width=\"640\" height=\"360\" preload=\"metadata\" controls=\"controls\"><source type=\"video\/mp4\" src=\"https:\/\/www.zamp-racing.com\/videos\/fogfreeinstall-2.mp4?_=1\" \/><a href=\"https:\/\/www.zamp-racing.com\/videos\/fogfreeinstall-2.mp4\">https:\/\/www.zamp-racing.com\/videos\/fogfreeinstall-2.mp4<\/a><\/video><\/div>\n","protected":false},"excerpt":{"rendered":"<p>Vores Fog Free Shield Insert hj\u00e6lper med at forhindre begr\u00e6nset dug p\u00e5 din hjelmsk\u00e6rm. Let at installere i et par trin: Tr\u00e6k beskyttelsesfilmen foran af Juster og centrer indsatsen ved hj\u00e6lp af det hvide kryds Tryk rundt om den kl\u00e6bende kant, n\u00e5r den er justeret Tr\u00e6k beskyttelsesfilmen af p\u00e5 bagsiden P\u00e5s\u00e6tningen skal sikre, at filmen [&hellip;]<\/p>\n","protected":false},"featured_media":19553,"comment_status":"open","ping_status":"closed","template":"","meta":{"_acf_changed":false,"_iconic_wsb_product_page_order_bump_ids":[[]],"_sku":["P0100012"],"_iconic_wsb_product_page_bump_modal_ids":[[]]},"product_brand":[],"product_cat":[156,297,155],"product_tag":[],"class_list":{"0":"post-24544","1":"product","2":"type-product","3":"status-publish","4":"has-post-thumbnail","6":"product_cat-tilbehor","7":"product_cat-visirer","8":"product_cat-zamp-da","10":"first","11":"onbackorder","12":"taxable","13":"shipping-taxable","14":"purchasable","15":"product-type-simple"},"acf":[],"yoast_head":"<!-- This site is optimized with the Yoast SEO plugin v27.0 - https:\/\/yoast.com\/product\/yoast-seo-wordpress\/ -->\n<title>T\u00e5gefri sk\u00e6rmfilmindsats - Zamp Helmets | Helmet 28 EU<\/title>\n<meta name=\"robots\" content=\"index, follow, max-snippet:-1, max-image-preview:large, max-video-preview:-1\" \/>\n<link rel=\"canonical\" href=\"https:\/\/zamphelmets.co\/da\/vare\/taagefri-skaermfilmindsats\/\" \/>\n<meta property=\"og:locale\" content=\"da_DK\" \/>\n<meta property=\"og:type\" content=\"article\" \/>\n<meta property=\"og:title\" content=\"T\u00e5gefri sk\u00e6rmfilmindsats - Zamp Helmets | Helmet 28 EU\" \/>\n<meta property=\"og:description\" content=\"Vores Fog Free Shield Insert hj\u00e6lper med at forhindre begr\u00e6nset dug p\u00e5 din hjelmsk\u00e6rm. Let at installere i et par trin: Tr\u00e6k beskyttelsesfilmen foran af Juster og centrer indsatsen ved hj\u00e6lp af det hvide kryds Tryk rundt om den kl\u00e6bende kant, n\u00e5r den er justeret Tr\u00e6k beskyttelsesfilmen af p\u00e5 bagsiden P\u00e5s\u00e6tningen skal sikre, at filmen [&hellip;]\" \/>\n<meta property=\"og:url\" content=\"https:\/\/zamphelmets.co\/da\/vare\/taagefri-skaermfilmindsats\/\" \/>\n<meta property=\"og:site_name\" content=\"Zamp Helmets | Helmet 28 EU\" \/>\n<meta property=\"article:modified_time\" content=\"2026-02-16T15:07:25+00:00\" \/>\n<meta property=\"og:image\" content=\"https:\/\/zamphelmets.co\/wp-content\/uploads\/2022\/02\/P0100012a.jpeg\" \/>\n\t<meta property=\"og:image:width\" content=\"1500\" \/>\n\t<meta property=\"og:image:height\" content=\"1500\" \/>\n\t<meta property=\"og:image:type\" content=\"image\/jpeg\" \/>\n<meta name=\"twitter:card\" content=\"summary_large_image\" \/>\n<meta name=\"twitter:label1\" content=\"Est. reading time\" \/>\n\t<meta name=\"twitter:data1\" content=\"1 minut\" \/>\n<script type=\"application\/ld+json\" class=\"yoast-schema-graph\">{\"@context\":\"https:\/\/schema.org\",\"@graph\":[{\"@type\":\"WebPage\",\"@id\":\"https:\/\/zamphelmets.co\/da\/vare\/taagefri-skaermfilmindsats\/\",\"url\":\"https:\/\/zamphelmets.co\/da\/vare\/taagefri-skaermfilmindsats\/\",\"name\":\"T\u00e5gefri sk\u00e6rmfilmindsats - Zamp Helmets | Helmet 28 EU\",\"isPartOf\":{\"@id\":\"https:\/\/zamphelmets.co\/da\/#website\"},\"primaryImageOfPage\":{\"@id\":\"https:\/\/zamphelmets.co\/da\/vare\/taagefri-skaermfilmindsats\/#primaryimage\"},\"image\":{\"@id\":\"https:\/\/zamphelmets.co\/da\/vare\/taagefri-skaermfilmindsats\/#primaryimage\"},\"thumbnailUrl\":\"https:\/\/zamphelmets.co\/wp-content\/uploads\/2022\/02\/P0100012a.jpeg\",\"datePublished\":\"2022-02-15T13:14:19+00:00\",\"dateModified\":\"2026-02-16T15:07:25+00:00\",\"breadcrumb\":{\"@id\":\"https:\/\/zamphelmets.co\/da\/vare\/taagefri-skaermfilmindsats\/#breadcrumb\"},\"inLanguage\":\"da-DK\",\"potentialAction\":[{\"@type\":\"ReadAction\",\"target\":[\"https:\/\/zamphelmets.co\/da\/vare\/taagefri-skaermfilmindsats\/\"]}]},{\"@type\":\"ImageObject\",\"inLanguage\":\"da-DK\",\"@id\":\"https:\/\/zamphelmets.co\/da\/vare\/taagefri-skaermfilmindsats\/#primaryimage\",\"url\":\"https:\/\/zamphelmets.co\/wp-content\/uploads\/2022\/02\/P0100012a.jpeg\",\"contentUrl\":\"https:\/\/zamphelmets.co\/wp-content\/uploads\/2022\/02\/P0100012a.jpeg\",\"width\":1500,\"height\":1500},{\"@type\":\"BreadcrumbList\",\"@id\":\"https:\/\/zamphelmets.co\/da\/vare\/taagefri-skaermfilmindsats\/#breadcrumb\",\"itemListElement\":[{\"@type\":\"ListItem\",\"position\":1,\"name\":\"Shop\",\"item\":\"https:\/\/zamphelmets.co\/da\/shop\/\"},{\"@type\":\"ListItem\",\"position\":2,\"name\":\"T\u00e5gefri sk\u00e6rmfilmindsats\"}]},{\"@type\":\"WebSite\",\"@id\":\"https:\/\/zamphelmets.co\/da\/#website\",\"url\":\"https:\/\/zamphelmets.co\/da\/\",\"name\":\"Zamp Helmets | Helmet 28 EU\",\"description\":\"High Quality Motorsport Helmets\",\"potentialAction\":[{\"@type\":\"SearchAction\",\"target\":{\"@type\":\"EntryPoint\",\"urlTemplate\":\"https:\/\/zamphelmets.co\/da\/?s={search_term_string}\"},\"query-input\":{\"@type\":\"PropertyValueSpecification\",\"valueRequired\":true,\"valueName\":\"search_term_string\"}}],\"inLanguage\":\"da-DK\"}]}<\/script>\n<!-- \/ Yoast SEO plugin. -->","yoast_head_json":{"title":"T\u00e5gefri sk\u00e6rmfilmindsats - Zamp Helmets | Helmet 28 EU","robots":{"index":"index","follow":"follow","max-snippet":"max-snippet:-1","max-image-preview":"max-image-preview:large","max-video-preview":"max-video-preview:-1"},"canonical":"https:\/\/zamphelmets.co\/da\/vare\/taagefri-skaermfilmindsats\/","og_locale":"da_DK","og_type":"article","og_title":"T\u00e5gefri sk\u00e6rmfilmindsats - Zamp Helmets | Helmet 28 EU","og_description":"Vores Fog Free Shield Insert hj\u00e6lper med at forhindre begr\u00e6nset dug p\u00e5 din hjelmsk\u00e6rm. Let at installere i et par trin: Tr\u00e6k beskyttelsesfilmen foran af Juster og centrer indsatsen ved hj\u00e6lp af det hvide kryds Tryk rundt om den kl\u00e6bende kant, n\u00e5r den er justeret Tr\u00e6k beskyttelsesfilmen af p\u00e5 bagsiden P\u00e5s\u00e6tningen skal sikre, at filmen [&hellip;]","og_url":"https:\/\/zamphelmets.co\/da\/vare\/taagefri-skaermfilmindsats\/","og_site_name":"Zamp Helmets | Helmet 28 EU","article_modified_time":"2026-02-16T15:07:25+00:00","og_image":[{"width":1500,"height":1500,"url":"https:\/\/zamphelmets.co\/wp-content\/uploads\/2022\/02\/P0100012a.jpeg","type":"image\/jpeg"}],"twitter_card":"summary_large_image","twitter_misc":{"Est. reading time":"1 minut"},"schema":{"@context":"https:\/\/schema.org","@graph":[{"@type":"WebPage","@id":"https:\/\/zamphelmets.co\/da\/vare\/taagefri-skaermfilmindsats\/","url":"https:\/\/zamphelmets.co\/da\/vare\/taagefri-skaermfilmindsats\/","name":"T\u00e5gefri sk\u00e6rmfilmindsats - Zamp Helmets | Helmet 28 EU","isPartOf":{"@id":"https:\/\/zamphelmets.co\/da\/#website"},"primaryImageOfPage":{"@id":"https:\/\/zamphelmets.co\/da\/vare\/taagefri-skaermfilmindsats\/#primaryimage"},"image":{"@id":"https:\/\/zamphelmets.co\/da\/vare\/taagefri-skaermfilmindsats\/#primaryimage"},"thumbnailUrl":"https:\/\/zamphelmets.co\/wp-content\/uploads\/2022\/02\/P0100012a.jpeg","datePublished":"2022-02-15T13:14:19+00:00","dateModified":"2026-02-16T15:07:25+00:00","breadcrumb":{"@id":"https:\/\/zamphelmets.co\/da\/vare\/taagefri-skaermfilmindsats\/#breadcrumb"},"inLanguage":"da-DK","potentialAction":[{"@type":"ReadAction","target":["https:\/\/zamphelmets.co\/da\/vare\/taagefri-skaermfilmindsats\/"]}]},{"@type":"ImageObject","inLanguage":"da-DK","@id":"https:\/\/zamphelmets.co\/da\/vare\/taagefri-skaermfilmindsats\/#primaryimage","url":"https:\/\/zamphelmets.co\/wp-content\/uploads\/2022\/02\/P0100012a.jpeg","contentUrl":"https:\/\/zamphelmets.co\/wp-content\/uploads\/2022\/02\/P0100012a.jpeg","width":1500,"height":1500},{"@type":"BreadcrumbList","@id":"https:\/\/zamphelmets.co\/da\/vare\/taagefri-skaermfilmindsats\/#breadcrumb","itemListElement":[{"@type":"ListItem","position":1,"name":"Shop","item":"https:\/\/zamphelmets.co\/da\/shop\/"},{"@type":"ListItem","position":2,"name":"T\u00e5gefri sk\u00e6rmfilmindsats"}]},{"@type":"WebSite","@id":"https:\/\/zamphelmets.co\/da\/#website","url":"https:\/\/zamphelmets.co\/da\/","name":"Zamp Helmets | Helmet 28 EU","description":"High Quality Motorsport Helmets","potentialAction":[{"@type":"SearchAction","target":{"@type":"EntryPoint","urlTemplate":"https:\/\/zamphelmets.co\/da\/?s={search_term_string}"},"query-input":{"@type":"PropertyValueSpecification","valueRequired":true,"valueName":"search_term_string"}}],"inLanguage":"da-DK"}]}},"_links":{"self":[{"href":"https:\/\/zamphelmets.co\/da\/wp-json\/wp\/v2\/product\/24544","targetHints":{"allow":["GET"]}}],"collection":[{"href":"https:\/\/zamphelmets.co\/da\/wp-json\/wp\/v2\/product"}],"about":[{"href":"https:\/\/zamphelmets.co\/da\/wp-json\/wp\/v2\/types\/product"}],"replies":[{"embeddable":true,"href":"https:\/\/zamphelmets.co\/da\/wp-json\/wp\/v2\/comments?post=24544"}],"wp:featuredmedia":[{"embeddable":true,"href":"https:\/\/zamphelmets.co\/da\/wp-json\/wp\/v2\/media\/19553"}],"wp:attachment":[{"href":"https:\/\/zamphelmets.co\/da\/wp-json\/wp\/v2\/media?parent=24544"}],"wp:term":[{"taxonomy":"product_brand","embeddable":true,"href":"https:\/\/zamphelmets.co\/da\/wp-json\/wp\/v2\/product_brand?post=24544"},{"taxonomy":"product_cat","embeddable":true,"href":"https:\/\/zamphelmets.co\/da\/wp-json\/wp\/v2\/product_cat?post=24544"},{"taxonomy":"product_tag","embeddable":true,"href":"https:\/\/zamphelmets.co\/da\/wp-json\/wp\/v2\/product_tag?post=24544"}],"curies":[{"name":"wp","href":"https:\/\/api.w.org\/{rel}","templated":true}]}}