{"id":24487,"date":"2023-10-23T15:04:04","date_gmt":"2023-10-23T15:04:04","guid":{"rendered":"https:\/\/zamphelmets.co\/product\/z-20-saet-til-fastholdelse-af-skjold\/"},"modified":"2026-02-16T15:56:06","modified_gmt":"2026-02-16T15:56:06","slug":"z-20-saet-til-fastholdelse-af-skjold","status":"publish","type":"product","link":"https:\/\/zamphelmets.co\/da\/vare\/z-20-saet-til-fastholdelse-af-skjold\/","title":{"rendered":"Z-20 s\u00e6t til fastholdelse af skjold"},"content":{"rendered":"<p data-start=\"216\" data-end=\"562\">Hold din hjelm i topform med Zamp Z20 Visor Retention Kit, designet til alle ZAMP-hjelme i RZ-serien. Uanset om du udskifter slidte dele eller tilpasser din hjelm med farvede skruer, er dette kit en uundv\u00e6rlig del af dit race-day-udstyr. <\/p>\n<p data-start=\"564\" data-end=\"736\">Med et ekstra fastholdelsess\u00e6t i tasken er du altid forberedt p\u00e5 hurtige reparationer eller justeringer p\u00e5 banen &#8211; for n\u00e5r du k\u00f8rer l\u00f8b, er hver eneste detalje vigtig.<\/p>\n<p data-start=\"738\" data-end=\"758\"><strong data-start=\"738\" data-end=\"758\">Hvad der er inkluderet:<\/strong><\/p>\n<ul data-start=\"759\" data-end=\"857\">\n<li data-start=\"759\" data-end=\"788\">\n<p data-start=\"761\" data-end=\"788\">2 x skruer til montering af visir<\/p>\n<\/li>\n<li data-start=\"789\" data-end=\"857\">\n<p data-start=\"791\" data-end=\"857\"><em>(kun mulighed for s\u00f8lv)<\/em> 2 x ekstra stolpeskruer + 2 x stolpeskiver<\/p>\n<\/li>\n<\/ul>\n<p data-start=\"859\" data-end=\"1006\">Dette s\u00e6t f\u00e5s i en r\u00e6kke farver og er ogs\u00e5 perfekt til at give din hjelm et personligt look, samtidig med at det holder visiret sikkert p\u00e5 plads.<\/p>\n","protected":false},"excerpt":{"rendered":"<p>Hold din hjelm i topform med Zamp Z20 Visor Retention Kit, designet til alle ZAMP-hjelme i RZ-serien. Uanset om du udskifter slidte dele eller tilpasser din hjelm med farvede skruer, er dette kit en uundv\u00e6rlig del af dit race-day-udstyr. Med et ekstra fastholdelsess\u00e6t i tasken er du altid forberedt p\u00e5 hurtige reparationer eller justeringer p\u00e5 [&hellip;]<\/p>\n","protected":false},"featured_media":13925,"comment_status":"open","ping_status":"closed","template":"","meta":{"_acf_changed":false,"_iconic_wsb_product_page_order_bump_ids":[[]],"_sku":["HARZ20"],"_iconic_wsb_product_page_bump_modal_ids":[[]]},"product_brand":[],"product_cat":[225,156,157,297],"product_tag":[],"class_list":{"0":"post-24487","1":"product","2":"type-product","3":"status-publish","4":"has-post-thumbnail","6":"product_cat-ikke-kategoriseret","7":"product_cat-tilbehor","8":"product_cat-tilbehor-til-hjelme","9":"product_cat-visirer","11":"first","12":"instock","13":"taxable","14":"shipping-taxable","15":"purchasable","16":"product-type-variable"},"acf":[],"yoast_head":"<!-- This site is optimized with the Yoast SEO plugin v27.0 - https:\/\/yoast.com\/product\/yoast-seo-wordpress\/ -->\n<title>Z-20 s\u00e6t til fastholdelse af skjold - Zamp Helmets | Helmet 28 EU<\/title>\n<meta name=\"description\" content=\"Originalt ZAMP Z20 Visor Retention Kit til alle RZ-hjelme. Udskift slidte dele, eller tilpas din hjelm med farvede skruer. Inkluderer monteringsbeslag.\" \/>\n<meta name=\"robots\" content=\"index, follow, max-snippet:-1, max-image-preview:large, max-video-preview:-1\" \/>\n<link rel=\"canonical\" href=\"https:\/\/zamphelmets.co\/da\/vare\/z-20-saet-til-fastholdelse-af-skjold\/\" \/>\n<meta property=\"og:locale\" content=\"da_DK\" \/>\n<meta property=\"og:type\" content=\"article\" \/>\n<meta property=\"og:title\" content=\"Z-20 s\u00e6t til fastholdelse af skjold - Zamp Helmets | Helmet 28 EU\" \/>\n<meta property=\"og:description\" content=\"Originalt ZAMP Z20 Visor Retention Kit til alle RZ-hjelme. Udskift slidte dele, eller tilpas din hjelm med farvede skruer. Inkluderer monteringsbeslag.\" \/>\n<meta property=\"og:url\" content=\"https:\/\/zamphelmets.co\/da\/vare\/z-20-saet-til-fastholdelse-af-skjold\/\" \/>\n<meta property=\"og:site_name\" content=\"Zamp Helmets | Helmet 28 EU\" \/>\n<meta property=\"article:modified_time\" content=\"2026-02-16T15:56:06+00:00\" \/>\n<meta property=\"og:image\" content=\"https:\/\/zamphelmets.co\/wp-content\/uploads\/2021\/03\/Zamp-Shield-Retention-Kit_0003.jpg\" \/>\n\t<meta property=\"og:image:width\" content=\"2048\" \/>\n\t<meta property=\"og:image:height\" content=\"1365\" \/>\n\t<meta property=\"og:image:type\" content=\"image\/jpeg\" \/>\n<meta name=\"twitter:card\" content=\"summary_large_image\" \/>\n<meta name=\"twitter:label1\" content=\"Est. reading time\" \/>\n\t<meta name=\"twitter:data1\" content=\"1 minut\" \/>\n<script type=\"application\/ld+json\" class=\"yoast-schema-graph\">{\"@context\":\"https:\/\/schema.org\",\"@graph\":[{\"@type\":\"WebPage\",\"@id\":\"https:\/\/zamphelmets.co\/da\/vare\/z-20-saet-til-fastholdelse-af-skjold\/\",\"url\":\"https:\/\/zamphelmets.co\/da\/vare\/z-20-saet-til-fastholdelse-af-skjold\/\",\"name\":\"Z-20 s\u00e6t til fastholdelse af skjold - Zamp Helmets | Helmet 28 EU\",\"isPartOf\":{\"@id\":\"https:\/\/zamphelmets.co\/da\/#website\"},\"primaryImageOfPage\":{\"@id\":\"https:\/\/zamphelmets.co\/da\/vare\/z-20-saet-til-fastholdelse-af-skjold\/#primaryimage\"},\"image\":{\"@id\":\"https:\/\/zamphelmets.co\/da\/vare\/z-20-saet-til-fastholdelse-af-skjold\/#primaryimage\"},\"thumbnailUrl\":\"https:\/\/zamphelmets.co\/wp-content\/uploads\/2021\/03\/Zamp-Shield-Retention-Kit_0003.jpg\",\"datePublished\":\"2023-10-23T15:04:04+00:00\",\"dateModified\":\"2026-02-16T15:56:06+00:00\",\"description\":\"Originalt ZAMP Z20 Visor Retention Kit til alle RZ-hjelme. Udskift slidte dele, eller tilpas din hjelm med farvede skruer. Inkluderer monteringsbeslag.\",\"breadcrumb\":{\"@id\":\"https:\/\/zamphelmets.co\/da\/vare\/z-20-saet-til-fastholdelse-af-skjold\/#breadcrumb\"},\"inLanguage\":\"da-DK\",\"potentialAction\":[{\"@type\":\"ReadAction\",\"target\":[\"https:\/\/zamphelmets.co\/da\/vare\/z-20-saet-til-fastholdelse-af-skjold\/\"]}]},{\"@type\":\"ImageObject\",\"inLanguage\":\"da-DK\",\"@id\":\"https:\/\/zamphelmets.co\/da\/vare\/z-20-saet-til-fastholdelse-af-skjold\/#primaryimage\",\"url\":\"https:\/\/zamphelmets.co\/wp-content\/uploads\/2021\/03\/Zamp-Shield-Retention-Kit_0003.jpg\",\"contentUrl\":\"https:\/\/zamphelmets.co\/wp-content\/uploads\/2021\/03\/Zamp-Shield-Retention-Kit_0003.jpg\",\"width\":2048,\"height\":1365},{\"@type\":\"BreadcrumbList\",\"@id\":\"https:\/\/zamphelmets.co\/da\/vare\/z-20-saet-til-fastholdelse-af-skjold\/#breadcrumb\",\"itemListElement\":[{\"@type\":\"ListItem\",\"position\":1,\"name\":\"Shop\",\"item\":\"https:\/\/zamphelmets.co\/da\/shop\/\"},{\"@type\":\"ListItem\",\"position\":2,\"name\":\"Z-20 s\u00e6t til fastholdelse af skjold\"}]},{\"@type\":\"WebSite\",\"@id\":\"https:\/\/zamphelmets.co\/da\/#website\",\"url\":\"https:\/\/zamphelmets.co\/da\/\",\"name\":\"Zamp Helmets | Helmet 28 EU\",\"description\":\"High Quality Motorsport Helmets\",\"potentialAction\":[{\"@type\":\"SearchAction\",\"target\":{\"@type\":\"EntryPoint\",\"urlTemplate\":\"https:\/\/zamphelmets.co\/da\/?s={search_term_string}\"},\"query-input\":{\"@type\":\"PropertyValueSpecification\",\"valueRequired\":true,\"valueName\":\"search_term_string\"}}],\"inLanguage\":\"da-DK\"}]}<\/script>\n<!-- \/ Yoast SEO plugin. -->","yoast_head_json":{"title":"Z-20 s\u00e6t til fastholdelse af skjold - Zamp Helmets | Helmet 28 EU","description":"Originalt ZAMP Z20 Visor Retention Kit til alle RZ-hjelme. Udskift slidte dele, eller tilpas din hjelm med farvede skruer. Inkluderer monteringsbeslag.","robots":{"index":"index","follow":"follow","max-snippet":"max-snippet:-1","max-image-preview":"max-image-preview:large","max-video-preview":"max-video-preview:-1"},"canonical":"https:\/\/zamphelmets.co\/da\/vare\/z-20-saet-til-fastholdelse-af-skjold\/","og_locale":"da_DK","og_type":"article","og_title":"Z-20 s\u00e6t til fastholdelse af skjold - Zamp Helmets | Helmet 28 EU","og_description":"Originalt ZAMP Z20 Visor Retention Kit til alle RZ-hjelme. Udskift slidte dele, eller tilpas din hjelm med farvede skruer. Inkluderer monteringsbeslag.","og_url":"https:\/\/zamphelmets.co\/da\/vare\/z-20-saet-til-fastholdelse-af-skjold\/","og_site_name":"Zamp Helmets | Helmet 28 EU","article_modified_time":"2026-02-16T15:56:06+00:00","og_image":[{"width":2048,"height":1365,"url":"https:\/\/zamphelmets.co\/wp-content\/uploads\/2021\/03\/Zamp-Shield-Retention-Kit_0003.jpg","type":"image\/jpeg"}],"twitter_card":"summary_large_image","twitter_misc":{"Est. reading time":"1 minut"},"schema":{"@context":"https:\/\/schema.org","@graph":[{"@type":"WebPage","@id":"https:\/\/zamphelmets.co\/da\/vare\/z-20-saet-til-fastholdelse-af-skjold\/","url":"https:\/\/zamphelmets.co\/da\/vare\/z-20-saet-til-fastholdelse-af-skjold\/","name":"Z-20 s\u00e6t til fastholdelse af skjold - Zamp Helmets | Helmet 28 EU","isPartOf":{"@id":"https:\/\/zamphelmets.co\/da\/#website"},"primaryImageOfPage":{"@id":"https:\/\/zamphelmets.co\/da\/vare\/z-20-saet-til-fastholdelse-af-skjold\/#primaryimage"},"image":{"@id":"https:\/\/zamphelmets.co\/da\/vare\/z-20-saet-til-fastholdelse-af-skjold\/#primaryimage"},"thumbnailUrl":"https:\/\/zamphelmets.co\/wp-content\/uploads\/2021\/03\/Zamp-Shield-Retention-Kit_0003.jpg","datePublished":"2023-10-23T15:04:04+00:00","dateModified":"2026-02-16T15:56:06+00:00","description":"Originalt ZAMP Z20 Visor Retention Kit til alle RZ-hjelme. Udskift slidte dele, eller tilpas din hjelm med farvede skruer. Inkluderer monteringsbeslag.","breadcrumb":{"@id":"https:\/\/zamphelmets.co\/da\/vare\/z-20-saet-til-fastholdelse-af-skjold\/#breadcrumb"},"inLanguage":"da-DK","potentialAction":[{"@type":"ReadAction","target":["https:\/\/zamphelmets.co\/da\/vare\/z-20-saet-til-fastholdelse-af-skjold\/"]}]},{"@type":"ImageObject","inLanguage":"da-DK","@id":"https:\/\/zamphelmets.co\/da\/vare\/z-20-saet-til-fastholdelse-af-skjold\/#primaryimage","url":"https:\/\/zamphelmets.co\/wp-content\/uploads\/2021\/03\/Zamp-Shield-Retention-Kit_0003.jpg","contentUrl":"https:\/\/zamphelmets.co\/wp-content\/uploads\/2021\/03\/Zamp-Shield-Retention-Kit_0003.jpg","width":2048,"height":1365},{"@type":"BreadcrumbList","@id":"https:\/\/zamphelmets.co\/da\/vare\/z-20-saet-til-fastholdelse-af-skjold\/#breadcrumb","itemListElement":[{"@type":"ListItem","position":1,"name":"Shop","item":"https:\/\/zamphelmets.co\/da\/shop\/"},{"@type":"ListItem","position":2,"name":"Z-20 s\u00e6t til fastholdelse af skjold"}]},{"@type":"WebSite","@id":"https:\/\/zamphelmets.co\/da\/#website","url":"https:\/\/zamphelmets.co\/da\/","name":"Zamp Helmets | Helmet 28 EU","description":"High Quality Motorsport Helmets","potentialAction":[{"@type":"SearchAction","target":{"@type":"EntryPoint","urlTemplate":"https:\/\/zamphelmets.co\/da\/?s={search_term_string}"},"query-input":{"@type":"PropertyValueSpecification","valueRequired":true,"valueName":"search_term_string"}}],"inLanguage":"da-DK"}]}},"_links":{"self":[{"href":"https:\/\/zamphelmets.co\/da\/wp-json\/wp\/v2\/product\/24487","targetHints":{"allow":["GET"]}}],"collection":[{"href":"https:\/\/zamphelmets.co\/da\/wp-json\/wp\/v2\/product"}],"about":[{"href":"https:\/\/zamphelmets.co\/da\/wp-json\/wp\/v2\/types\/product"}],"replies":[{"embeddable":true,"href":"https:\/\/zamphelmets.co\/da\/wp-json\/wp\/v2\/comments?post=24487"}],"wp:featuredmedia":[{"embeddable":true,"href":"https:\/\/zamphelmets.co\/da\/wp-json\/wp\/v2\/media\/13925"}],"wp:attachment":[{"href":"https:\/\/zamphelmets.co\/da\/wp-json\/wp\/v2\/media?parent=24487"}],"wp:term":[{"taxonomy":"product_brand","embeddable":true,"href":"https:\/\/zamphelmets.co\/da\/wp-json\/wp\/v2\/product_brand?post=24487"},{"taxonomy":"product_cat","embeddable":true,"href":"https:\/\/zamphelmets.co\/da\/wp-json\/wp\/v2\/product_cat?post=24487"},{"taxonomy":"product_tag","embeddable":true,"href":"https:\/\/zamphelmets.co\/da\/wp-json\/wp\/v2\/product_tag?post=24487"}],"curies":[{"name":"wp","href":"https:\/\/api.w.org\/{rel}","templated":true}]}}